





{"id":28873,"date":"2020-03-13T13:54:11","date_gmt":"2020-03-13T12:54:11","guid":{"rendered":"https:\/\/repliquemangacine.fr\/?post_type=product&#038;p=28873"},"modified":"2026-04-12T23:41:26","modified_gmt":"2026-04-12T21:41:26","slug":"wikingeraxt-axt-des-konigs-ragnar","status":"publish","type":"product","link":"https:\/\/repliquemangacine.fr\/de\/haches-serie-vikings\/hache-viking-hache-du-roi-ragnar\/","title":{"rendered":"Wikingeraxt Axt des K\u00f6nigs Ragnar"},"content":{"rendered":"<h2>Wikingeraxt von Ragnar<\/h2>\n<p>Zun\u00e4chst einmal wird die Wikingeraxt des Wikingerk\u00f6nigs von der Firma Denix hergestellt.<\/p>\n<p>\u00dcber 100 Jahre lang f\u00fchrten die Wikinger zahlreiche m\u00f6rderische Raubz\u00fcge in Frankreich durch. Diese aus Norwegen stammenden Krieger errangen zahlreiche Siege. Sie konnten sich sogar dauerhaft in der Normandie niederlassen.<\/p>\n<p>Die Wikinger sind hervorragende Seefahrer und dringen im Jahr 844 auch bis zur Iberischen Halbinsel vor. Die Wikinger dringen \u00fcber die Stra\u00dfe von Gibraltar in das Mittelmeer ein.<\/p>\n<p>Die Wikinger, die als furchterregende Krieger bekannt sind, haben es nie geschafft, eine richtige Armee zu bilden. Ihre r\u00e4uberische Taktik kann nicht auf eine milit\u00e4rische Kunst zur\u00fcckgef\u00fchrt werden, die sie nicht beherrschten.<\/p>\n<h2>Ihre Viking-Axt zum besten Preis.<\/h2>\n<p>Wir bieten Ihnen eine gro\u00dfe Auswahl an Schwertern sowie Helmen und Schilden aus der Wikingerzeit.<\/p>\n<p>Zun\u00e4chst einmal,<\/p>\n<ul>\n<li>Diese <a href=\"https:\/\/repliquemangacine.fr\/de\/viking\/lagerthas-schwert-wikinger\/\">Lagerthas Schwert<\/a> Ehefrau von Ragnar Lothbrok aus der Serie \"Viking\".<\/li>\n<li>Es gibt nat\u00fcrlich auch das Schwert<a href=\"https:\/\/repliquemangacine.fr\/de\/wikingerwaffen\/replik-des-schwertes-von-konig-ragnar-lothbrok-aus-der-tv-serie-vikings\/\"> des ber\u00fchmten K\u00f6nigs Ragnar Lothbrok<\/a>Die Requisite wurde aus der Fernsehserie \"Vikings\" nachgebildet.<\/li>\n<li>Und viele andere mehr!<\/li>\n<li>Wenn Sie ein Armband, einen Ring oder sogar ein Tattoo suchen, gehen Sie auf Entdeckungsreise im Partnershop <a href=\"https:\/\/www.viking-clan.com\/\" target=\"_blank\" rel=\"noopener noreferrer\">Viking Clan<\/a>.<\/li>\n<\/ul>\n<p>Deshalb ist dies eine tolle Geschenkidee f\u00fcr Fans der Wikingerzeit, aber auch f\u00fcr Fans der ber\u00fchmten Serie.<\/p>\n<p>Sie k\u00f6nnen diese Wikingeraxt auch f\u00fcr Ihre Cosplay-Paraden oder Ihre Themenabende und historischen Reenactments verwenden. Vor allem aber ist die <strong>Wikinger-Axt<\/strong>Das Buch ist ein Sammlerst\u00fcck und dient als Dekoration.<\/p>\n<h2>Wie pflegt man die Klinge seiner Axt?<\/h2>\n<p>Sammlungs- und Dekorations\u00e4xte werden in vereinfachter Form hergestellt und zusammengebaut. Da sie zu Dekorationszwecken verwendet werden, fehlen ihnen die Sicherheitsmerkmale, die ein japanisches Schwert f\u00fcr Trainingszwecke aufweisen muss.<\/p>\n<p>Allerdings ist Ihr <strong>Wikinger-Axt<\/strong> zu einer Stahlklinge, die gepflegt werden muss, damit sie nicht mit der Zeit abgenutzt wird. Denn wenn du dein Katana ausstellst, werden deine Freunde neugierig sein, die Klinge zu sehen und sie zu ber\u00fchren. Hier ist Vorsicht geboten, denn Sie sollten wissen, dass die S\u00e4ure der Finger dem Stahl unabh\u00e4ngig von seiner Qualit\u00e4t sehr schadet.<\/p>\n<p>Wenn dies jedoch passiert, keine Panik, Sie brauchen nur ein Tuch, das mit etwas \u00d6l befeuchtet ist, und wischen die Fingerabdr\u00fccke ab. Wenn Sie dies tun, werden Sie Ihr Schwert sehr lange behalten.<\/p>","protected":false},"excerpt":{"rendered":"<p>Wikingeraxt von K\u00f6nig Ragnar Lodbrok.<\/p>\n<ul>\n<li>Kopf aus Stahl mit beidseitiger Gravur.<\/li>\n<li>Nicht scharfe Klinge.<\/li>\n<li>Holzgriff mit einem Geflecht aus braunem Kunstleder.<\/li>\n<li>Gesamtl\u00e4nge: 60 cm - Breite des Kopfes: 14 cm<\/li>\n<li>Gewicht 710 grs<\/li>\n<\/ul>\n<p><strong>\u00a0<\/strong><\/p>","protected":false},"featured_media":28874,"template":"","meta":[],"product_brand":[896],"product_cat":[25,24,92,111,43,103,57],"product_tag":[],"class_list":{"0":"post-28873","1":"product","2":"type-product","3":"status-publish","4":"has-post-thumbnail","6":"product_brand-replique-manga-cine","7":"product_cat-armes-historiques","8":"product_cat-films-series-tv-vente-de-katana-epee-et-produits-derives","9":"product_cat-haches-de-guerre-medievale-et-accessoire-medievaux","10":"product_cat-haches-serie-vikings","11":"product_cat-reproductions-d-armes-et-accessoires-medievales","12":"product_cat-armes-et-accessoires-vikings","13":"product_cat-armes-vikings","15":"first","16":"instock","17":"taxable","18":"shipping-taxable","19":"purchasable","20":"product-type-simple"},"yoast_head":"<!-- This site is optimized with the Yoast SEO plugin v27.5 - https:\/\/yoast.com\/product\/yoast-seo-wordpress\/ -->\n<title>Hache Viking de Ragnar Lothbrok - Vente en ligne de hache | RMC<\/title>\n<meta name=\"description\" content=\"Offrez-vous la Hache Viking au meilleur prix - T\u00eate enti\u00e8rement en acier avec gravures - Manche en bois et lani\u00e8re cuir - Longueur totale : 60 cm\" \/>\n<meta name=\"robots\" content=\"index, follow, max-snippet:-1, max-image-preview:large, max-video-preview:-1\" \/>\n<link rel=\"canonical\" href=\"https:\/\/repliquemangacine.fr\/de\/axt-serie-wikinger\/wikingeraxt-axt-des-konigs-ragnar\/\" \/>\n<meta property=\"og:locale\" content=\"de_DE\" \/>\n<meta property=\"og:type\" content=\"article\" \/>\n<meta property=\"og:title\" content=\"Hache Viking de Ragnar Lothbrok - Vente en ligne de hache | RMC\" \/>\n<meta property=\"og:description\" content=\"Offrez-vous la Hache Viking au meilleur prix - T\u00eate enti\u00e8rement en acier avec gravures - Manche en bois et lani\u00e8re cuir - Longueur totale : 60 cm\" \/>\n<meta property=\"og:url\" content=\"https:\/\/repliquemangacine.fr\/de\/axt-serie-wikinger\/wikingeraxt-axt-des-konigs-ragnar\/\" \/>\n<meta property=\"og:site_name\" content=\"R\u00e9plique Manga Cin\u00e9\" \/>\n<meta property=\"article:publisher\" content=\"https:\/\/www.facebook.com\/RepliqueMangaCine\" \/>\n<meta property=\"article:modified_time\" content=\"2026-04-12T21:41:26+00:00\" \/>\n<meta property=\"og:image\" content=\"https:\/\/repliquemangacine.fr\/wp-content\/uploads\/2023\/10\/3562-Hache-Viking-Roi-Ragnar.jpg\" \/>\n\t<meta property=\"og:image:width\" content=\"800\" \/>\n\t<meta property=\"og:image:height\" content=\"800\" \/>\n\t<meta property=\"og:image:type\" content=\"image\/jpeg\" \/>\n<meta name=\"twitter:card\" content=\"summary_large_image\" \/>\n<meta name=\"twitter:label1\" content=\"Gesch\u00e4tzte Lesezeit\" \/>\n\t<meta name=\"twitter:data1\" content=\"1\u00a0Minute\" \/>\n<script type=\"application\/ld+json\" class=\"yoast-schema-graph\">{\"@context\":\"https:\\\/\\\/schema.org\",\"@graph\":[{\"@type\":\"WebPage\",\"@id\":\"https:\\\/\\\/repliquemangacine.fr\\\/haches-serie-vikings\\\/hache-viking-hache-du-roi-ragnar\\\/\",\"url\":\"https:\\\/\\\/repliquemangacine.fr\\\/haches-serie-vikings\\\/hache-viking-hache-du-roi-ragnar\\\/\",\"name\":\"Hache Viking de Ragnar Lothbrok - Vente en ligne de hache | RMC\",\"isPartOf\":{\"@id\":\"https:\\\/\\\/repliquemangacine.fr\\\/#website\"},\"primaryImageOfPage\":{\"@id\":\"https:\\\/\\\/repliquemangacine.fr\\\/haches-serie-vikings\\\/hache-viking-hache-du-roi-ragnar\\\/#primaryimage\"},\"image\":{\"@id\":\"https:\\\/\\\/repliquemangacine.fr\\\/haches-serie-vikings\\\/hache-viking-hache-du-roi-ragnar\\\/#primaryimage\"},\"thumbnailUrl\":\"https:\\\/\\\/repliquemangacine.fr\\\/wp-content\\\/uploads\\\/2023\\\/10\\\/3562-Hache-Viking-Roi-Ragnar.jpg\",\"datePublished\":\"2020-03-13T12:54:11+00:00\",\"dateModified\":\"2026-04-12T21:41:26+00:00\",\"description\":\"Offrez-vous la Hache Viking au meilleur prix - T\u00eate enti\u00e8rement en acier avec gravures - Manche en bois et lani\u00e8re cuir - Longueur totale : 60 cm\",\"breadcrumb\":{\"@id\":\"https:\\\/\\\/repliquemangacine.fr\\\/haches-serie-vikings\\\/hache-viking-hache-du-roi-ragnar\\\/#breadcrumb\"},\"inLanguage\":\"de\",\"potentialAction\":[{\"@type\":\"ReadAction\",\"target\":[\"https:\\\/\\\/repliquemangacine.fr\\\/haches-serie-vikings\\\/hache-viking-hache-du-roi-ragnar\\\/\"]}]},{\"@type\":\"ImageObject\",\"inLanguage\":\"de\",\"@id\":\"https:\\\/\\\/repliquemangacine.fr\\\/haches-serie-vikings\\\/hache-viking-hache-du-roi-ragnar\\\/#primaryimage\",\"url\":\"https:\\\/\\\/repliquemangacine.fr\\\/wp-content\\\/uploads\\\/2023\\\/10\\\/3562-Hache-Viking-Roi-Ragnar.jpg\",\"contentUrl\":\"https:\\\/\\\/repliquemangacine.fr\\\/wp-content\\\/uploads\\\/2023\\\/10\\\/3562-Hache-Viking-Roi-Ragnar.jpg\",\"width\":800,\"height\":800,\"caption\":\"Hache Viking Roi Ragnar\"},{\"@type\":\"BreadcrumbList\",\"@id\":\"https:\\\/\\\/repliquemangacine.fr\\\/haches-serie-vikings\\\/hache-viking-hache-du-roi-ragnar\\\/#breadcrumb\",\"itemListElement\":[{\"@type\":\"ListItem\",\"position\":1,\"name\":\"Accueil\",\"item\":\"https:\\\/\\\/repliquemangacine.fr\\\/\"},{\"@type\":\"ListItem\",\"position\":2,\"name\":\"Produits\",\"item\":\"https:\\\/\\\/repliquemangacine.fr\\\/boutique\\\/\"},{\"@type\":\"ListItem\",\"position\":3,\"name\":\"Hache Viking Hache du roi Ragnar\"}]},{\"@type\":\"WebSite\",\"@id\":\"https:\\\/\\\/repliquemangacine.fr\\\/#website\",\"url\":\"https:\\\/\\\/repliquemangacine.fr\\\/\",\"name\":\"R\u00e9plique Manga Cin\u00e9\",\"description\":\"\",\"publisher\":{\"@id\":\"https:\\\/\\\/repliquemangacine.fr\\\/#organization\"},\"potentialAction\":[{\"@type\":\"SearchAction\",\"target\":{\"@type\":\"EntryPoint\",\"urlTemplate\":\"https:\\\/\\\/repliquemangacine.fr\\\/?s={search_term_string}\"},\"query-input\":{\"@type\":\"PropertyValueSpecification\",\"valueRequired\":true,\"valueName\":\"search_term_string\"}}],\"inLanguage\":\"de\"},{\"@type\":\"Organization\",\"@id\":\"https:\\\/\\\/repliquemangacine.fr\\\/#organization\",\"name\":\"R\u00e9plique Manga Cin\u00e9\",\"url\":\"https:\\\/\\\/repliquemangacine.fr\\\/\",\"logo\":{\"@type\":\"ImageObject\",\"inLanguage\":\"de\",\"@id\":\"https:\\\/\\\/repliquemangacine.fr\\\/#\\\/schema\\\/logo\\\/image\\\/\",\"url\":\"https:\\\/\\\/repliquemangacine.fr\\\/wp-content\\\/uploads\\\/2023\\\/10\\\/RMC-500250.png\",\"contentUrl\":\"https:\\\/\\\/repliquemangacine.fr\\\/wp-content\\\/uploads\\\/2023\\\/10\\\/RMC-500250.png\",\"width\":500,\"height\":250,\"caption\":\"R\u00e9plique Manga Cin\u00e9\"},\"image\":{\"@id\":\"https:\\\/\\\/repliquemangacine.fr\\\/#\\\/schema\\\/logo\\\/image\\\/\"},\"sameAs\":[\"https:\\\/\\\/www.facebook.com\\\/RepliqueMangaCine\",\"https:\\\/\\\/www.instagram.com\\\/repliquemangacine.fr\\\/\"]}]}<\/script>\n<!-- \/ Yoast SEO plugin. -->","yoast_head_json":{"title":"Wikinger Axt von Ragnar Lothbrok - Online Axtverkauf | RMC","description":"Bieten Sie die Wikingeraxt zum besten Preis an - Kopf komplett aus Stahl mit Gravuren - Holzstiel und Lederriemen - Gesamtl\u00e4nge: 60 cm","robots":{"index":"index","follow":"follow","max-snippet":"max-snippet:-1","max-image-preview":"max-image-preview:large","max-video-preview":"max-video-preview:-1"},"canonical":"https:\/\/repliquemangacine.fr\/de\/axt-serie-wikinger\/wikingeraxt-axt-des-konigs-ragnar\/","og_locale":"de_DE","og_type":"article","og_title":"Hache Viking de Ragnar Lothbrok - Vente en ligne de hache | RMC","og_description":"Offrez-vous la Hache Viking au meilleur prix - T\u00eate enti\u00e8rement en acier avec gravures - Manche en bois et lani\u00e8re cuir - Longueur totale : 60 cm","og_url":"https:\/\/repliquemangacine.fr\/de\/axt-serie-wikinger\/wikingeraxt-axt-des-konigs-ragnar\/","og_site_name":"R\u00e9plique Manga Cin\u00e9","article_publisher":"https:\/\/www.facebook.com\/RepliqueMangaCine","article_modified_time":"2026-04-12T21:41:26+00:00","og_image":[{"width":800,"height":800,"url":"https:\/\/repliquemangacine.fr\/wp-content\/uploads\/2023\/10\/3562-Hache-Viking-Roi-Ragnar.jpg","type":"image\/jpeg"}],"twitter_card":"summary_large_image","twitter_misc":{"Gesch\u00e4tzte Lesezeit":"1\u00a0Minute"},"schema":{"@context":"https:\/\/schema.org","@graph":[{"@type":"WebPage","@id":"https:\/\/repliquemangacine.fr\/haches-serie-vikings\/hache-viking-hache-du-roi-ragnar\/","url":"https:\/\/repliquemangacine.fr\/haches-serie-vikings\/hache-viking-hache-du-roi-ragnar\/","name":"Wikinger Axt von Ragnar Lothbrok - Online Axtverkauf | RMC","isPartOf":{"@id":"https:\/\/repliquemangacine.fr\/#website"},"primaryImageOfPage":{"@id":"https:\/\/repliquemangacine.fr\/haches-serie-vikings\/hache-viking-hache-du-roi-ragnar\/#primaryimage"},"image":{"@id":"https:\/\/repliquemangacine.fr\/haches-serie-vikings\/hache-viking-hache-du-roi-ragnar\/#primaryimage"},"thumbnailUrl":"https:\/\/repliquemangacine.fr\/wp-content\/uploads\/2023\/10\/3562-Hache-Viking-Roi-Ragnar.jpg","datePublished":"2020-03-13T12:54:11+00:00","dateModified":"2026-04-12T21:41:26+00:00","description":"Bieten Sie die Wikingeraxt zum besten Preis an - Kopf komplett aus Stahl mit Gravuren - Holzstiel und Lederriemen - Gesamtl\u00e4nge: 60 cm","breadcrumb":{"@id":"https:\/\/repliquemangacine.fr\/haches-serie-vikings\/hache-viking-hache-du-roi-ragnar\/#breadcrumb"},"inLanguage":"de","potentialAction":[{"@type":"ReadAction","target":["https:\/\/repliquemangacine.fr\/haches-serie-vikings\/hache-viking-hache-du-roi-ragnar\/"]}]},{"@type":"ImageObject","inLanguage":"de","@id":"https:\/\/repliquemangacine.fr\/haches-serie-vikings\/hache-viking-hache-du-roi-ragnar\/#primaryimage","url":"https:\/\/repliquemangacine.fr\/wp-content\/uploads\/2023\/10\/3562-Hache-Viking-Roi-Ragnar.jpg","contentUrl":"https:\/\/repliquemangacine.fr\/wp-content\/uploads\/2023\/10\/3562-Hache-Viking-Roi-Ragnar.jpg","width":800,"height":800,"caption":"Hache Viking Roi Ragnar"},{"@type":"BreadcrumbList","@id":"https:\/\/repliquemangacine.fr\/haches-serie-vikings\/hache-viking-hache-du-roi-ragnar\/#breadcrumb","itemListElement":[{"@type":"ListItem","position":1,"name":"Accueil","item":"https:\/\/repliquemangacine.fr\/"},{"@type":"ListItem","position":2,"name":"Produits","item":"https:\/\/repliquemangacine.fr\/boutique\/"},{"@type":"ListItem","position":3,"name":"Hache Viking Hache du roi Ragnar"}]},{"@type":"WebSite","@id":"https:\/\/repliquemangacine.fr\/#website","url":"https:\/\/repliquemangacine.fr\/","name":"R\u00e9plique Manga Cin\u00e9","description":"","publisher":{"@id":"https:\/\/repliquemangacine.fr\/#organization"},"potentialAction":[{"@type":"SearchAction","target":{"@type":"EntryPoint","urlTemplate":"https:\/\/repliquemangacine.fr\/?s={search_term_string}"},"query-input":{"@type":"PropertyValueSpecification","valueRequired":true,"valueName":"search_term_string"}}],"inLanguage":"de"},{"@type":"Organization","@id":"https:\/\/repliquemangacine.fr\/#organization","name":"R\u00e9plique Manga Cin\u00e9","url":"https:\/\/repliquemangacine.fr\/","logo":{"@type":"ImageObject","inLanguage":"de","@id":"https:\/\/repliquemangacine.fr\/#\/schema\/logo\/image\/","url":"https:\/\/repliquemangacine.fr\/wp-content\/uploads\/2023\/10\/RMC-500250.png","contentUrl":"https:\/\/repliquemangacine.fr\/wp-content\/uploads\/2023\/10\/RMC-500250.png","width":500,"height":250,"caption":"R\u00e9plique Manga Cin\u00e9"},"image":{"@id":"https:\/\/repliquemangacine.fr\/#\/schema\/logo\/image\/"},"sameAs":["https:\/\/www.facebook.com\/RepliqueMangaCine","https:\/\/www.instagram.com\/repliquemangacine.fr\/"]}]}},"_links":{"self":[{"href":"https:\/\/repliquemangacine.fr\/de\/wp-json\/wp\/v2\/product\/28873","targetHints":{"allow":["GET"]}}],"collection":[{"href":"https:\/\/repliquemangacine.fr\/de\/wp-json\/wp\/v2\/product"}],"about":[{"href":"https:\/\/repliquemangacine.fr\/de\/wp-json\/wp\/v2\/types\/product"}],"wp:featuredmedia":[{"embeddable":true,"href":"https:\/\/repliquemangacine.fr\/de\/wp-json\/wp\/v2\/media\/28874"}],"wp:attachment":[{"href":"https:\/\/repliquemangacine.fr\/de\/wp-json\/wp\/v2\/media?parent=28873"}],"wp:term":[{"taxonomy":"product_brand","embeddable":true,"href":"https:\/\/repliquemangacine.fr\/de\/wp-json\/wp\/v2\/product_brand?post=28873"},{"taxonomy":"product_cat","embeddable":true,"href":"https:\/\/repliquemangacine.fr\/de\/wp-json\/wp\/v2\/product_cat?post=28873"},{"taxonomy":"product_tag","embeddable":true,"href":"https:\/\/repliquemangacine.fr\/de\/wp-json\/wp\/v2\/product_tag?post=28873"}],"curies":[{"name":"wp","href":"https:\/\/api.w.org\/{rel}","templated":true}]}}