





{"id":28866,"date":"2020-03-12T17:30:14","date_gmt":"2020-03-12T16:30:14","guid":{"rendered":"https:\/\/repliquemangacine.fr\/?post_type=product&#038;p=28866"},"modified":"2026-02-20T17:15:46","modified_gmt":"2026-02-20T16:15:46","slug":"stahlschwert-geralt-de-riv-the-witcher3","status":"publish","type":"product","link":"https:\/\/repliquemangacine.fr\/de\/epee-the-witcher\/epee-d-acier-geralt-de-riv-the-witcher3\/","title":{"rendered":"Stahlschwert Geralt de Riv The Witcher 3"},"content":{"rendered":"<h2>Replik des Stahlschwerts Geralt de RivThe Witcher 3<\/h2>\n<p>Zu Beginn wird die<strong>Stahlschwert Geralt de Riv<\/strong> Gesehen in The Witcher 3.<\/p>\n<p>Von Fachleuten der Branche als au\u00dfergew\u00f6hnliches Spiel anerkannt, das seine Ambitionen erfolgreich erf\u00fcllt. Alle sind sich einig \u00fcber die narrative und immersive Qualit\u00e4t des Titels, und viele bezeichnen The Witcher 3 als Meisterwerk.<\/p>\n<p><a href=\"https:\/\/witcher-archive.fandom.com\/fr\/wiki\/Geralt_de_Riv\" target=\"_blank\" rel=\"noopener noreferrer\">Geralt de Riv<\/a>Er ist ein Zauberer mit au\u00dfergew\u00f6hnlichen F\u00e4higkeiten, der durch intensives Training seit seiner Kindheit genetisch ver\u00e4ndert wurde. Er bietet seine Dienste als Monsterj\u00e4ger an und verl\u00e4sst sich dabei auf seine F\u00e4higkeiten im Aufsp\u00fcren, K\u00e4mpfen und Zaubern. Auf seinem R\u00fccken tr\u00e4gt er zwei Schwerter, die zur Ausr\u00fcstung der Meisterwolf-Schule geh\u00f6ren. Eines der Schwerter dient insbesondere zum T\u00f6ten von Monstern und das andere zum T\u00f6ten von Menschen.<\/p>\n<h2>Ihr Geralt de Riv Stahlschwert zum besten Preis.<\/h2>\n<p>Wir bieten Ihnen alle Repliken aus dem Spiel The Witcher 3, aber auch aus der Netflix-Serie The Witcher.<\/p>\n<p>Zun\u00e4chst einmal,<\/p>\n<ul>\n<li>L'<a href=\"https:\/\/repliquemangacine.fr\/de\/the-witcher\/twin-wolf-schwert-geralt-de-riv-the-witcher-3-gravierte-klinge\/\">Twin Wolf-Schwert<\/a> der zum T\u00f6ten von Monstern verwendet wird.<\/li>\n<li>Sowie das <a href=\"https:\/\/repliquemangacine.fr\/de\/the-witcher\/medaillon-the-witcher\/\">Medaillon<\/a> den Geralt tr\u00e4gt.<\/li>\n<li>Und viele andere, die es in unserem Online-Shop zu entdecken gibt!<\/li>\n<\/ul>\n<p>Deshalb gibt es hier tolle Geschenkideen f\u00fcr Fans von The Witcher<\/p>\n<p>Abschlie\u00dfend k\u00f6nnen Sie auch diesen <strong>Stahlschwert Geralt de Riv<\/strong> f\u00fcr Ihre Cosplay-Paraden oder Ihre Themenpartys. Vor allem aber ist das Schwert The Witcher3 auch ein Sammler- und Dekorationsst\u00fcck.<\/p>\n<p>R\u00e9plique Manga Cin\u00e9 ist ein franz\u00f6sisches Unternehmen<\/p>\n<h2>Wie pflegt man die Klinge seines The Witcher-Schwerts?<\/h2>\n<p>Sammlungs- und Dekorationsschwerter werden in vereinfachter Form hergestellt und zusammengebaut. Da sie zu Dekorationszwecken verwendet werden, fehlen ihnen die Sicherheitselemente, die ein japanisches Schwert f\u00fcr Trainingszwecke aufweisen muss.<\/p>\n<p>Allerdings ist Ihr <strong>Stahlschwert Geralt de Riv<\/strong> zu einer Stahlklinge, die gepflegt werden muss, damit sie nicht mit der Zeit abgenutzt wird. Denn wenn du dein Katana ausstellst, werden deine Freunde neugierig sein, die Klinge zu sehen und sie zu ber\u00fchren. Hier ist Vorsicht geboten, denn Sie sollten wissen, dass die S\u00e4ure der Finger dem Stahl unabh\u00e4ngig von seiner Qualit\u00e4t sehr schadet.<\/p>\n<p>Wenn dies jedoch passiert, keine Panik, Sie brauchen nur ein Tuch, das mit etwas \u00d6l befeuchtet ist, und wischen die Fingerabdr\u00fccke ab. Wenn Sie dies tun, werden Sie Ihr Schwert sehr lange behalten.<\/p>\n<p><strong>\u00a0<\/strong><\/p>","protected":false},"excerpt":{"rendered":"<p>Wundersch\u00f6ne Nachbildung des Zweihandschwerts von Gerald de Riv aus dem Spiel The Witcher.<\/p>\n<ul>\n<li>Klinge aus rostfreiem Stahl mit zwei zentralen Hohlkehlen.<\/li>\n<li>Garde und Knauf aus Vollstahl.<\/li>\n<li>Stahlgriff mit schwarzem Baumwollfaden \u00fcberzogen.<\/li>\n<li>Mit schwarzem Kunstleder \u00fcberzogene Scheide.<\/li>\n<li>Schulterriemen an der Scheide.<\/li>\n<li>Klingenl\u00e4nge: 90.5cm - Gesamtl\u00e4nge: 127cm - Gesamtgewicht: 1950 Grs<\/li>\n<\/ul>\n<p><strong><strong><span style=\"color: #d0121a;\">Der Anh\u00e4nger mit den roten Augen wird dir mit diesem Schwert geschenkt.<\/span> <\/strong><\/strong><\/p>","protected":false},"featured_media":28867,"template":"","meta":[],"product_brand":[896],"product_cat":[23,58],"product_tag":[],"class_list":{"0":"post-28866","1":"product","2":"type-product","3":"status-publish","4":"has-post-thumbnail","6":"product_brand-replique-manga-cine","7":"product_cat-repliques-manga-jeux-video","8":"product_cat-epee-the-witcher","10":"first","11":"instock","12":"sale","13":"taxable","14":"shipping-taxable","15":"purchasable","16":"product-type-simple"},"yoast_head":"<!-- This site is optimized with the Yoast SEO plugin v27.5 - https:\/\/yoast.com\/product\/yoast-seo-wordpress\/ -->\n<title>Ep\u00e9e acier Geralt de Riv - The Witcher - Boutique en ligne | RMC<\/title>\n<meta name=\"description\" content=\"Offrez-vous vite ! Cette Ep\u00e9e acier Geralt de Riv dans The Witcher3 au meilleur prix - Lame en acier - Echelle 1\/1 - Longueur : 127cm - Envoi 24\/48h\" \/>\n<meta name=\"robots\" content=\"index, follow, max-snippet:-1, max-image-preview:large, max-video-preview:-1\" \/>\n<link rel=\"canonical\" href=\"https:\/\/repliquemangacine.fr\/de\/schwert-the-witcher\/stahlschwert-geralt-de-riv-the-witcher3\/\" \/>\n<meta property=\"og:locale\" content=\"de_DE\" \/>\n<meta property=\"og:type\" content=\"article\" \/>\n<meta property=\"og:title\" content=\"Ep\u00e9e acier Geralt de Riv - The Witcher - Boutique en ligne | RMC\" \/>\n<meta property=\"og:description\" content=\"Offrez-vous vite ! Cette Ep\u00e9e acier Geralt de Riv dans The Witcher3 au meilleur prix - Lame en acier - Echelle 1\/1 - Longueur : 127cm - Envoi 24\/48h\" \/>\n<meta property=\"og:url\" content=\"https:\/\/repliquemangacine.fr\/de\/schwert-the-witcher\/stahlschwert-geralt-de-riv-the-witcher3\/\" \/>\n<meta property=\"og:site_name\" content=\"R\u00e9plique Manga Cin\u00e9\" \/>\n<meta property=\"article:publisher\" content=\"https:\/\/www.facebook.com\/RepliqueMangaCine\" \/>\n<meta property=\"article:modified_time\" content=\"2026-02-20T16:15:46+00:00\" \/>\n<meta property=\"og:image\" content=\"https:\/\/repliquemangacine.fr\/wp-content\/uploads\/2023\/10\/3556-Epee-The-Witcher.png\" \/>\n\t<meta property=\"og:image:width\" content=\"500\" \/>\n\t<meta property=\"og:image:height\" content=\"500\" \/>\n\t<meta property=\"og:image:type\" content=\"image\/png\" \/>\n<meta name=\"twitter:card\" content=\"summary_large_image\" \/>\n<meta name=\"twitter:label1\" content=\"Gesch\u00e4tzte Lesezeit\" \/>\n\t<meta name=\"twitter:data1\" content=\"1\u00a0Minute\" \/>\n<script type=\"application\/ld+json\" class=\"yoast-schema-graph\">{\"@context\":\"https:\\\/\\\/schema.org\",\"@graph\":[{\"@type\":\"WebPage\",\"@id\":\"https:\\\/\\\/repliquemangacine.fr\\\/epee-the-witcher\\\/epee-d-acier-geralt-de-riv-the-witcher3\\\/\",\"url\":\"https:\\\/\\\/repliquemangacine.fr\\\/epee-the-witcher\\\/epee-d-acier-geralt-de-riv-the-witcher3\\\/\",\"name\":\"Ep\u00e9e acier Geralt de Riv - The Witcher - Boutique en ligne | RMC\",\"isPartOf\":{\"@id\":\"https:\\\/\\\/repliquemangacine.fr\\\/#website\"},\"primaryImageOfPage\":{\"@id\":\"https:\\\/\\\/repliquemangacine.fr\\\/epee-the-witcher\\\/epee-d-acier-geralt-de-riv-the-witcher3\\\/#primaryimage\"},\"image\":{\"@id\":\"https:\\\/\\\/repliquemangacine.fr\\\/epee-the-witcher\\\/epee-d-acier-geralt-de-riv-the-witcher3\\\/#primaryimage\"},\"thumbnailUrl\":\"https:\\\/\\\/repliquemangacine.fr\\\/wp-content\\\/uploads\\\/2023\\\/10\\\/3556-Epee-The-Witcher.png\",\"datePublished\":\"2020-03-12T16:30:14+00:00\",\"dateModified\":\"2026-02-20T16:15:46+00:00\",\"description\":\"Offrez-vous vite ! Cette Ep\u00e9e acier Geralt de Riv dans The Witcher3 au meilleur prix - Lame en acier - Echelle 1\\\/1 - Longueur : 127cm - Envoi 24\\\/48h\",\"breadcrumb\":{\"@id\":\"https:\\\/\\\/repliquemangacine.fr\\\/epee-the-witcher\\\/epee-d-acier-geralt-de-riv-the-witcher3\\\/#breadcrumb\"},\"inLanguage\":\"de\",\"potentialAction\":[{\"@type\":\"ReadAction\",\"target\":[\"https:\\\/\\\/repliquemangacine.fr\\\/epee-the-witcher\\\/epee-d-acier-geralt-de-riv-the-witcher3\\\/\"]}]},{\"@type\":\"ImageObject\",\"inLanguage\":\"de\",\"@id\":\"https:\\\/\\\/repliquemangacine.fr\\\/epee-the-witcher\\\/epee-d-acier-geralt-de-riv-the-witcher3\\\/#primaryimage\",\"url\":\"https:\\\/\\\/repliquemangacine.fr\\\/wp-content\\\/uploads\\\/2023\\\/10\\\/3556-Epee-The-Witcher.png\",\"contentUrl\":\"https:\\\/\\\/repliquemangacine.fr\\\/wp-content\\\/uploads\\\/2023\\\/10\\\/3556-Epee-The-Witcher.png\",\"width\":500,\"height\":500,\"caption\":\"Ep\u00e9e d' acier The Witcher3\"},{\"@type\":\"BreadcrumbList\",\"@id\":\"https:\\\/\\\/repliquemangacine.fr\\\/epee-the-witcher\\\/epee-d-acier-geralt-de-riv-the-witcher3\\\/#breadcrumb\",\"itemListElement\":[{\"@type\":\"ListItem\",\"position\":1,\"name\":\"Accueil\",\"item\":\"https:\\\/\\\/repliquemangacine.fr\\\/\"},{\"@type\":\"ListItem\",\"position\":2,\"name\":\"Produits\",\"item\":\"https:\\\/\\\/repliquemangacine.fr\\\/boutique\\\/\"},{\"@type\":\"ListItem\",\"position\":3,\"name\":\"Ep\u00e9e acier Geralt de Riv The Witcher 3\"}]},{\"@type\":\"WebSite\",\"@id\":\"https:\\\/\\\/repliquemangacine.fr\\\/#website\",\"url\":\"https:\\\/\\\/repliquemangacine.fr\\\/\",\"name\":\"R\u00e9plique Manga Cin\u00e9\",\"description\":\"\",\"publisher\":{\"@id\":\"https:\\\/\\\/repliquemangacine.fr\\\/#organization\"},\"potentialAction\":[{\"@type\":\"SearchAction\",\"target\":{\"@type\":\"EntryPoint\",\"urlTemplate\":\"https:\\\/\\\/repliquemangacine.fr\\\/?s={search_term_string}\"},\"query-input\":{\"@type\":\"PropertyValueSpecification\",\"valueRequired\":true,\"valueName\":\"search_term_string\"}}],\"inLanguage\":\"de\"},{\"@type\":\"Organization\",\"@id\":\"https:\\\/\\\/repliquemangacine.fr\\\/#organization\",\"name\":\"R\u00e9plique Manga Cin\u00e9\",\"url\":\"https:\\\/\\\/repliquemangacine.fr\\\/\",\"logo\":{\"@type\":\"ImageObject\",\"inLanguage\":\"de\",\"@id\":\"https:\\\/\\\/repliquemangacine.fr\\\/#\\\/schema\\\/logo\\\/image\\\/\",\"url\":\"https:\\\/\\\/repliquemangacine.fr\\\/wp-content\\\/uploads\\\/2023\\\/10\\\/RMC-500250.png\",\"contentUrl\":\"https:\\\/\\\/repliquemangacine.fr\\\/wp-content\\\/uploads\\\/2023\\\/10\\\/RMC-500250.png\",\"width\":500,\"height\":250,\"caption\":\"R\u00e9plique Manga Cin\u00e9\"},\"image\":{\"@id\":\"https:\\\/\\\/repliquemangacine.fr\\\/#\\\/schema\\\/logo\\\/image\\\/\"},\"sameAs\":[\"https:\\\/\\\/www.facebook.com\\\/RepliqueMangaCine\",\"https:\\\/\\\/www.instagram.com\\\/repliquemangacine.fr\\\/\"]}]}<\/script>\n<!-- \/ Yoast SEO plugin. -->","yoast_head_json":{"title":"Stahlschwert Geralt de Riv - The Witcher - Online Shop | RMC","description":"Bieten Sie sich schnell an! Dieses Stahlschwert Geralt de Riv in The Witcher3 zum besten Preis - Stahlklinge - Ma\u00dfstab 1\/1 - L\u00e4nge: 127cm - Versand 24\/48h","robots":{"index":"index","follow":"follow","max-snippet":"max-snippet:-1","max-image-preview":"max-image-preview:large","max-video-preview":"max-video-preview:-1"},"canonical":"https:\/\/repliquemangacine.fr\/de\/schwert-the-witcher\/stahlschwert-geralt-de-riv-the-witcher3\/","og_locale":"de_DE","og_type":"article","og_title":"Ep\u00e9e acier Geralt de Riv - The Witcher - Boutique en ligne | RMC","og_description":"Offrez-vous vite ! Cette Ep\u00e9e acier Geralt de Riv dans The Witcher3 au meilleur prix - Lame en acier - Echelle 1\/1 - Longueur : 127cm - Envoi 24\/48h","og_url":"https:\/\/repliquemangacine.fr\/de\/schwert-the-witcher\/stahlschwert-geralt-de-riv-the-witcher3\/","og_site_name":"R\u00e9plique Manga Cin\u00e9","article_publisher":"https:\/\/www.facebook.com\/RepliqueMangaCine","article_modified_time":"2026-02-20T16:15:46+00:00","og_image":[{"width":500,"height":500,"url":"https:\/\/repliquemangacine.fr\/wp-content\/uploads\/2023\/10\/3556-Epee-The-Witcher.png","type":"image\/png"}],"twitter_card":"summary_large_image","twitter_misc":{"Gesch\u00e4tzte Lesezeit":"1\u00a0Minute"},"schema":{"@context":"https:\/\/schema.org","@graph":[{"@type":"WebPage","@id":"https:\/\/repliquemangacine.fr\/epee-the-witcher\/epee-d-acier-geralt-de-riv-the-witcher3\/","url":"https:\/\/repliquemangacine.fr\/epee-the-witcher\/epee-d-acier-geralt-de-riv-the-witcher3\/","name":"Stahlschwert Geralt de Riv - The Witcher - Online Shop | RMC","isPartOf":{"@id":"https:\/\/repliquemangacine.fr\/#website"},"primaryImageOfPage":{"@id":"https:\/\/repliquemangacine.fr\/epee-the-witcher\/epee-d-acier-geralt-de-riv-the-witcher3\/#primaryimage"},"image":{"@id":"https:\/\/repliquemangacine.fr\/epee-the-witcher\/epee-d-acier-geralt-de-riv-the-witcher3\/#primaryimage"},"thumbnailUrl":"https:\/\/repliquemangacine.fr\/wp-content\/uploads\/2023\/10\/3556-Epee-The-Witcher.png","datePublished":"2020-03-12T16:30:14+00:00","dateModified":"2026-02-20T16:15:46+00:00","description":"Bieten Sie sich schnell an! Dieses Stahlschwert Geralt de Riv in The Witcher3 zum besten Preis - Stahlklinge - Ma\u00dfstab 1\/1 - L\u00e4nge: 127cm - Versand 24\/48h","breadcrumb":{"@id":"https:\/\/repliquemangacine.fr\/epee-the-witcher\/epee-d-acier-geralt-de-riv-the-witcher3\/#breadcrumb"},"inLanguage":"de","potentialAction":[{"@type":"ReadAction","target":["https:\/\/repliquemangacine.fr\/epee-the-witcher\/epee-d-acier-geralt-de-riv-the-witcher3\/"]}]},{"@type":"ImageObject","inLanguage":"de","@id":"https:\/\/repliquemangacine.fr\/epee-the-witcher\/epee-d-acier-geralt-de-riv-the-witcher3\/#primaryimage","url":"https:\/\/repliquemangacine.fr\/wp-content\/uploads\/2023\/10\/3556-Epee-The-Witcher.png","contentUrl":"https:\/\/repliquemangacine.fr\/wp-content\/uploads\/2023\/10\/3556-Epee-The-Witcher.png","width":500,"height":500,"caption":"Ep\u00e9e d' acier The Witcher3"},{"@type":"BreadcrumbList","@id":"https:\/\/repliquemangacine.fr\/epee-the-witcher\/epee-d-acier-geralt-de-riv-the-witcher3\/#breadcrumb","itemListElement":[{"@type":"ListItem","position":1,"name":"Accueil","item":"https:\/\/repliquemangacine.fr\/"},{"@type":"ListItem","position":2,"name":"Produits","item":"https:\/\/repliquemangacine.fr\/boutique\/"},{"@type":"ListItem","position":3,"name":"Ep\u00e9e acier Geralt de Riv The Witcher 3"}]},{"@type":"WebSite","@id":"https:\/\/repliquemangacine.fr\/#website","url":"https:\/\/repliquemangacine.fr\/","name":"R\u00e9plique Manga Cin\u00e9","description":"","publisher":{"@id":"https:\/\/repliquemangacine.fr\/#organization"},"potentialAction":[{"@type":"SearchAction","target":{"@type":"EntryPoint","urlTemplate":"https:\/\/repliquemangacine.fr\/?s={search_term_string}"},"query-input":{"@type":"PropertyValueSpecification","valueRequired":true,"valueName":"search_term_string"}}],"inLanguage":"de"},{"@type":"Organization","@id":"https:\/\/repliquemangacine.fr\/#organization","name":"R\u00e9plique Manga Cin\u00e9","url":"https:\/\/repliquemangacine.fr\/","logo":{"@type":"ImageObject","inLanguage":"de","@id":"https:\/\/repliquemangacine.fr\/#\/schema\/logo\/image\/","url":"https:\/\/repliquemangacine.fr\/wp-content\/uploads\/2023\/10\/RMC-500250.png","contentUrl":"https:\/\/repliquemangacine.fr\/wp-content\/uploads\/2023\/10\/RMC-500250.png","width":500,"height":250,"caption":"R\u00e9plique Manga Cin\u00e9"},"image":{"@id":"https:\/\/repliquemangacine.fr\/#\/schema\/logo\/image\/"},"sameAs":["https:\/\/www.facebook.com\/RepliqueMangaCine","https:\/\/www.instagram.com\/repliquemangacine.fr\/"]}]}},"_links":{"self":[{"href":"https:\/\/repliquemangacine.fr\/de\/wp-json\/wp\/v2\/product\/28866","targetHints":{"allow":["GET"]}}],"collection":[{"href":"https:\/\/repliquemangacine.fr\/de\/wp-json\/wp\/v2\/product"}],"about":[{"href":"https:\/\/repliquemangacine.fr\/de\/wp-json\/wp\/v2\/types\/product"}],"wp:featuredmedia":[{"embeddable":true,"href":"https:\/\/repliquemangacine.fr\/de\/wp-json\/wp\/v2\/media\/28867"}],"wp:attachment":[{"href":"https:\/\/repliquemangacine.fr\/de\/wp-json\/wp\/v2\/media?parent=28866"}],"wp:term":[{"taxonomy":"product_brand","embeddable":true,"href":"https:\/\/repliquemangacine.fr\/de\/wp-json\/wp\/v2\/product_brand?post=28866"},{"taxonomy":"product_cat","embeddable":true,"href":"https:\/\/repliquemangacine.fr\/de\/wp-json\/wp\/v2\/product_cat?post=28866"},{"taxonomy":"product_tag","embeddable":true,"href":"https:\/\/repliquemangacine.fr\/de\/wp-json\/wp\/v2\/product_tag?post=28866"}],"curies":[{"name":"wp","href":"https:\/\/api.w.org\/{rel}","templated":true}]}}