





{"id":28859,"date":"2020-03-12T17:11:24","date_gmt":"2020-03-12T16:11:24","guid":{"rendered":"https:\/\/repliquemangacine.fr\/?post_type=product&#038;p=28859"},"modified":"2026-05-01T13:50:16","modified_gmt":"2026-05-01T11:50:16","slug":"sabel-eines-kavallerieoffiziers-1822","status":"publish","type":"product","link":"https:\/\/repliquemangacine.fr\/de\/sabres-1er-empire\/sabre-d-officier-de-cavalerie-1822\/","title":{"rendered":"Offizierss\u00e4bel der Kavallerie"},"content":{"rendered":"<h2>Replik des S\u00e4bels eines Kavallerieoffiziers Modell 1822.<\/h2>\n<p>Zu Beginn wird der <strong>S\u00e4bel Offizier Kavallerie 1822<\/strong> ist ein franz\u00f6sischer Kavalleries\u00e4bel f\u00fcr die Truppe und die Offiziere. Er wurde am 18. Januar 1822 vom Kavalleriekomitee eingef\u00fchrt, um alle vorherigen Modelle zu ersetzen.<\/p>\n<p>Die <a href=\"https:\/\/www.sabres-militaires.fr\/Sabre-de-Cavalerie-1822-ccoaaaaaa.asp\" target=\"_blank\" rel=\"noopener noreferrer\">Kavalleries\u00e4bel<\/a> Modell 1822 r\u00fcstete die J\u00e4ger zu Pferd, die Lanciers, die Artillerie zu Pferd und die Husaren aus. W\u00e4hrend des Zweiten Kaiserreichs wurde damit die kaiserliche Garde ausger\u00fcstet, die rekonstruiert wurde. Wird auch bei Duellen zwischen Soldaten verwendet.<\/p>\n<p>Dieser Degen hat eine gebogene Klinge, die sogenannte \"Montmorency\"-Klinge. Dieser Degen begleitete die franz\u00f6sische Armee fast 150 Jahre lang: Krimkrieg, Kriege in Afrika, Krieg von 1870, Krieg von 14-18 etc. Er ist immer noch in Gebrauch und r\u00fcstet u. a. das Kavallerieregiment der Republikanischen Garde in Paris und die Sch\u00fcler des 2. Jahres der Milit\u00e4rsonderschule Saint-Cyr aus.<\/p>\n<h2>Ihr Kavallerie-Offiziers\u00e4bel 1822 zum besten Preis.<\/h2>\n<p>Wir bieten Ihnen eine gro\u00dfe Auswahl an Reproduktionen historischer Waffen.<\/p>\n<p>Zun\u00e4chst einmal,<\/p>\n<ul>\n<li>Die Reproduktion des Marine-Zeremonienschwerts <a href=\"https:\/\/repliquemangacine.fr\/de\/sabel-1-empire\/sabre-marine-m1859-nco-usa-united-cutlery\/\">M1859<\/a> unter offizieller USMC-Lizenz.<\/li>\n<li>Sowie die Replik des <a href=\"https:\/\/repliquemangacine.fr\/de\/historische-waffen\/sabel-feuerzeug-modell-an-xi-der-napoleonischen-infanterie\/\">S\u00e4bel Feuerzeug<\/a> der napoleonischen Infanterie Modell AN XI.<\/li>\n<li>Es gibt auch den <a href=\"https:\/\/repliquemangacine.fr\/de\/sabel-1-empire\/sabel-mameluke-us-marines\/\">Mamelucken-S\u00e4bel<\/a> von Us Marines.<\/li>\n<li>Und noch viel mehr gibt es in unserem Online-Shop zu entdecken!<\/li>\n<\/ul>\n<p>Deshalb ist dies eine tolle Geschenkidee f\u00fcr alle Geschichtsinteressierten.<\/p>\n<p>Abschlie\u00dfend k\u00f6nnen Sie diesen <strong>S\u00e4bel Offizier Kavallerie 1822<\/strong> f\u00fcr Ihre historischen Nachstellungen. Vor allem aber ist diese Waffe ein Sammler- und Dekorationsst\u00fcck.<\/p>\n<h2>Wie pflegt man die Klinge seines historischen Schwertes?<\/h2>\n<p>Sammlungs- und Dekorationsschwerter werden in vereinfachter Form hergestellt und zusammengebaut. Da sie zu Dekorationszwecken verwendet werden, fehlen ihnen die Sicherheitselemente, die ein japanisches Schwert f\u00fcr Trainingszwecke aufweisen muss.<\/p>\n<p>Allerdings ist Ihr <strong>S\u00e4bel Offizier Kavallerie 1822<\/strong> zu einer Stahlklinge, die gepflegt werden muss, damit sie nicht mit der Zeit abgenutzt wird. Denn wenn du dein Katana ausstellst, werden deine Freunde neugierig sein, die Klinge zu sehen und sie zu ber\u00fchren. Hier ist Vorsicht geboten, denn Sie sollten wissen, dass die S\u00e4ure der Finger dem Stahl unabh\u00e4ngig von seiner Qualit\u00e4t sehr schadet.<\/p>\n<p>Wenn dies jedoch passiert, keine Panik, Sie brauchen nur ein Tuch, das mit etwas \u00d6l befeuchtet ist, und wischen die Fingerabdr\u00fccke ab. Wenn Sie dies tun, werden Sie Ihr Schwert sehr lange behalten.<\/p>","protected":false},"excerpt":{"rendered":"<p>Replik des Offizierss\u00e4bels der Kavallerie Modell 1822.<\/p>\n<ul>\n<li>Klinge aus 440er Stahl.<\/li>\n<li>Vergoldeter Metallb\u00fcgel mit drei Armen.<\/li>\n<li>Metallgriff mit Stahldraht.<\/li>\n<li>Scheide aus rostfreiem Stahl.<\/li>\n<li>Klingenl\u00e4nge: 76 cm - Gesamtl\u00e4nge: 94 cm - Gewicht: 1000 Grs<\/li>\n<\/ul>","protected":false},"featured_media":28860,"template":"","meta":[],"product_brand":[896],"product_cat":[25,37,74],"product_tag":[],"class_list":{"0":"post-28859","1":"product","2":"type-product","3":"status-publish","4":"has-post-thumbnail","6":"product_brand-replique-manga-cine","7":"product_cat-armes-historiques","8":"product_cat-premier-empire","9":"product_cat-sabres-1er-empire","11":"first","12":"outofstock","13":"taxable","14":"shipping-taxable","15":"purchasable","16":"product-type-simple"},"yoast_head":"<!-- This site is optimized with the Yoast SEO plugin v27.5 - https:\/\/yoast.com\/product\/yoast-seo-wordpress\/ -->\n<title>Sabre Officier Cavalerie 1822 - Vente en ligne sabre militaire | RMC<\/title>\n<meta name=\"description\" content=\"Commandez vite ! Cette r\u00e9plique du Sabre Officier Cavalerie 1822 au meilleur prix - Lame en acier 440 - Fourreau acier inox - Longueur totale : 94 cm\" \/>\n<meta name=\"robots\" content=\"index, follow, max-snippet:-1, max-image-preview:large, max-video-preview:-1\" \/>\n<link rel=\"canonical\" href=\"https:\/\/repliquemangacine.fr\/de\/sabel-1-empire\/sabel-eines-kavallerieoffiziers-1822\/\" \/>\n<meta property=\"og:locale\" content=\"de_DE\" \/>\n<meta property=\"og:type\" content=\"article\" \/>\n<meta property=\"og:title\" content=\"Sabre Officier Cavalerie 1822 - Vente en ligne sabre militaire | RMC\" \/>\n<meta property=\"og:description\" content=\"Commandez vite ! Cette r\u00e9plique du Sabre Officier Cavalerie 1822 au meilleur prix - Lame en acier 440 - Fourreau acier inox - Longueur totale : 94 cm\" \/>\n<meta property=\"og:url\" content=\"https:\/\/repliquemangacine.fr\/de\/sabel-1-empire\/sabel-eines-kavallerieoffiziers-1822\/\" \/>\n<meta property=\"og:site_name\" content=\"R\u00e9plique Manga Cin\u00e9\" \/>\n<meta property=\"article:publisher\" content=\"https:\/\/www.facebook.com\/RepliqueMangaCine\" \/>\n<meta property=\"article:modified_time\" content=\"2026-05-01T11:50:16+00:00\" \/>\n<meta property=\"og:image\" content=\"https:\/\/repliquemangacine.fr\/wp-content\/uploads\/2023\/10\/3551-Sabre-dofficier-de-cavalerie.jpg\" \/>\n\t<meta property=\"og:image:width\" content=\"800\" \/>\n\t<meta property=\"og:image:height\" content=\"800\" \/>\n\t<meta property=\"og:image:type\" content=\"image\/jpeg\" \/>\n<meta name=\"twitter:card\" content=\"summary_large_image\" \/>\n<meta name=\"twitter:label1\" content=\"Gesch\u00e4tzte Lesezeit\" \/>\n\t<meta name=\"twitter:data1\" content=\"1\u00a0Minute\" \/>\n<script type=\"application\/ld+json\" class=\"yoast-schema-graph\">{\"@context\":\"https:\\\/\\\/schema.org\",\"@graph\":[{\"@type\":\"WebPage\",\"@id\":\"https:\\\/\\\/repliquemangacine.fr\\\/sabres-1er-empire\\\/sabre-d-officier-de-cavalerie-1822\\\/\",\"url\":\"https:\\\/\\\/repliquemangacine.fr\\\/sabres-1er-empire\\\/sabre-d-officier-de-cavalerie-1822\\\/\",\"name\":\"Sabre Officier Cavalerie 1822 - Vente en ligne sabre militaire | RMC\",\"isPartOf\":{\"@id\":\"https:\\\/\\\/repliquemangacine.fr\\\/#website\"},\"primaryImageOfPage\":{\"@id\":\"https:\\\/\\\/repliquemangacine.fr\\\/sabres-1er-empire\\\/sabre-d-officier-de-cavalerie-1822\\\/#primaryimage\"},\"image\":{\"@id\":\"https:\\\/\\\/repliquemangacine.fr\\\/sabres-1er-empire\\\/sabre-d-officier-de-cavalerie-1822\\\/#primaryimage\"},\"thumbnailUrl\":\"https:\\\/\\\/repliquemangacine.fr\\\/wp-content\\\/uploads\\\/2023\\\/10\\\/3551-Sabre-dofficier-de-cavalerie.jpg\",\"datePublished\":\"2020-03-12T16:11:24+00:00\",\"dateModified\":\"2026-05-01T11:50:16+00:00\",\"description\":\"Commandez vite ! Cette r\u00e9plique du Sabre Officier Cavalerie 1822 au meilleur prix - Lame en acier 440 - Fourreau acier inox - Longueur totale : 94 cm\",\"breadcrumb\":{\"@id\":\"https:\\\/\\\/repliquemangacine.fr\\\/sabres-1er-empire\\\/sabre-d-officier-de-cavalerie-1822\\\/#breadcrumb\"},\"inLanguage\":\"de\",\"potentialAction\":[{\"@type\":\"ReadAction\",\"target\":[\"https:\\\/\\\/repliquemangacine.fr\\\/sabres-1er-empire\\\/sabre-d-officier-de-cavalerie-1822\\\/\"]}]},{\"@type\":\"ImageObject\",\"inLanguage\":\"de\",\"@id\":\"https:\\\/\\\/repliquemangacine.fr\\\/sabres-1er-empire\\\/sabre-d-officier-de-cavalerie-1822\\\/#primaryimage\",\"url\":\"https:\\\/\\\/repliquemangacine.fr\\\/wp-content\\\/uploads\\\/2023\\\/10\\\/3551-Sabre-dofficier-de-cavalerie.jpg\",\"contentUrl\":\"https:\\\/\\\/repliquemangacine.fr\\\/wp-content\\\/uploads\\\/2023\\\/10\\\/3551-Sabre-dofficier-de-cavalerie.jpg\",\"width\":800,\"height\":800,\"caption\":\"Sabre Officier Cavalerie 1822\"},{\"@type\":\"BreadcrumbList\",\"@id\":\"https:\\\/\\\/repliquemangacine.fr\\\/sabres-1er-empire\\\/sabre-d-officier-de-cavalerie-1822\\\/#breadcrumb\",\"itemListElement\":[{\"@type\":\"ListItem\",\"position\":1,\"name\":\"Accueil\",\"item\":\"https:\\\/\\\/repliquemangacine.fr\\\/\"},{\"@type\":\"ListItem\",\"position\":2,\"name\":\"Produits\",\"item\":\"https:\\\/\\\/repliquemangacine.fr\\\/boutique\\\/\"},{\"@type\":\"ListItem\",\"position\":3,\"name\":\"Sabre Officier de Cavalerie\"}]},{\"@type\":\"WebSite\",\"@id\":\"https:\\\/\\\/repliquemangacine.fr\\\/#website\",\"url\":\"https:\\\/\\\/repliquemangacine.fr\\\/\",\"name\":\"R\u00e9plique Manga Cin\u00e9\",\"description\":\"\",\"publisher\":{\"@id\":\"https:\\\/\\\/repliquemangacine.fr\\\/#organization\"},\"potentialAction\":[{\"@type\":\"SearchAction\",\"target\":{\"@type\":\"EntryPoint\",\"urlTemplate\":\"https:\\\/\\\/repliquemangacine.fr\\\/?s={search_term_string}\"},\"query-input\":{\"@type\":\"PropertyValueSpecification\",\"valueRequired\":true,\"valueName\":\"search_term_string\"}}],\"inLanguage\":\"de\"},{\"@type\":\"Organization\",\"@id\":\"https:\\\/\\\/repliquemangacine.fr\\\/#organization\",\"name\":\"R\u00e9plique Manga Cin\u00e9\",\"url\":\"https:\\\/\\\/repliquemangacine.fr\\\/\",\"logo\":{\"@type\":\"ImageObject\",\"inLanguage\":\"de\",\"@id\":\"https:\\\/\\\/repliquemangacine.fr\\\/#\\\/schema\\\/logo\\\/image\\\/\",\"url\":\"https:\\\/\\\/repliquemangacine.fr\\\/wp-content\\\/uploads\\\/2023\\\/10\\\/RMC-500250.png\",\"contentUrl\":\"https:\\\/\\\/repliquemangacine.fr\\\/wp-content\\\/uploads\\\/2023\\\/10\\\/RMC-500250.png\",\"width\":500,\"height\":250,\"caption\":\"R\u00e9plique Manga Cin\u00e9\"},\"image\":{\"@id\":\"https:\\\/\\\/repliquemangacine.fr\\\/#\\\/schema\\\/logo\\\/image\\\/\"},\"sameAs\":[\"https:\\\/\\\/www.facebook.com\\\/RepliqueMangaCine\",\"https:\\\/\\\/www.instagram.com\\\/repliquemangacine.fr\\\/\"]}]}<\/script>\n<!-- \/ Yoast SEO plugin. -->","yoast_head_json":{"title":"Sabre Officier Cavalerie 1822 - Online-Verkauf Milit\u00e4rs\u00e4bel | RMC","description":"Bestellen Sie schnell! Diese Replik des Sabre Officier Cavalerie 1822 zum besten Preis - Klinge aus 440er Stahl - Scheide aus rostfreiem Stahl - Gesamtl\u00e4nge: 94 cm","robots":{"index":"index","follow":"follow","max-snippet":"max-snippet:-1","max-image-preview":"max-image-preview:large","max-video-preview":"max-video-preview:-1"},"canonical":"https:\/\/repliquemangacine.fr\/de\/sabel-1-empire\/sabel-eines-kavallerieoffiziers-1822\/","og_locale":"de_DE","og_type":"article","og_title":"Sabre Officier Cavalerie 1822 - Vente en ligne sabre militaire | RMC","og_description":"Commandez vite ! Cette r\u00e9plique du Sabre Officier Cavalerie 1822 au meilleur prix - Lame en acier 440 - Fourreau acier inox - Longueur totale : 94 cm","og_url":"https:\/\/repliquemangacine.fr\/de\/sabel-1-empire\/sabel-eines-kavallerieoffiziers-1822\/","og_site_name":"R\u00e9plique Manga Cin\u00e9","article_publisher":"https:\/\/www.facebook.com\/RepliqueMangaCine","article_modified_time":"2026-05-01T11:50:16+00:00","og_image":[{"width":800,"height":800,"url":"https:\/\/repliquemangacine.fr\/wp-content\/uploads\/2023\/10\/3551-Sabre-dofficier-de-cavalerie.jpg","type":"image\/jpeg"}],"twitter_card":"summary_large_image","twitter_misc":{"Gesch\u00e4tzte Lesezeit":"1\u00a0Minute"},"schema":{"@context":"https:\/\/schema.org","@graph":[{"@type":"WebPage","@id":"https:\/\/repliquemangacine.fr\/sabres-1er-empire\/sabre-d-officier-de-cavalerie-1822\/","url":"https:\/\/repliquemangacine.fr\/sabres-1er-empire\/sabre-d-officier-de-cavalerie-1822\/","name":"Sabre Officier Cavalerie 1822 - Online-Verkauf Milit\u00e4rs\u00e4bel | RMC","isPartOf":{"@id":"https:\/\/repliquemangacine.fr\/#website"},"primaryImageOfPage":{"@id":"https:\/\/repliquemangacine.fr\/sabres-1er-empire\/sabre-d-officier-de-cavalerie-1822\/#primaryimage"},"image":{"@id":"https:\/\/repliquemangacine.fr\/sabres-1er-empire\/sabre-d-officier-de-cavalerie-1822\/#primaryimage"},"thumbnailUrl":"https:\/\/repliquemangacine.fr\/wp-content\/uploads\/2023\/10\/3551-Sabre-dofficier-de-cavalerie.jpg","datePublished":"2020-03-12T16:11:24+00:00","dateModified":"2026-05-01T11:50:16+00:00","description":"Bestellen Sie schnell! Diese Replik des Sabre Officier Cavalerie 1822 zum besten Preis - Klinge aus 440er Stahl - Scheide aus rostfreiem Stahl - Gesamtl\u00e4nge: 94 cm","breadcrumb":{"@id":"https:\/\/repliquemangacine.fr\/sabres-1er-empire\/sabre-d-officier-de-cavalerie-1822\/#breadcrumb"},"inLanguage":"de","potentialAction":[{"@type":"ReadAction","target":["https:\/\/repliquemangacine.fr\/sabres-1er-empire\/sabre-d-officier-de-cavalerie-1822\/"]}]},{"@type":"ImageObject","inLanguage":"de","@id":"https:\/\/repliquemangacine.fr\/sabres-1er-empire\/sabre-d-officier-de-cavalerie-1822\/#primaryimage","url":"https:\/\/repliquemangacine.fr\/wp-content\/uploads\/2023\/10\/3551-Sabre-dofficier-de-cavalerie.jpg","contentUrl":"https:\/\/repliquemangacine.fr\/wp-content\/uploads\/2023\/10\/3551-Sabre-dofficier-de-cavalerie.jpg","width":800,"height":800,"caption":"Sabre Officier Cavalerie 1822"},{"@type":"BreadcrumbList","@id":"https:\/\/repliquemangacine.fr\/sabres-1er-empire\/sabre-d-officier-de-cavalerie-1822\/#breadcrumb","itemListElement":[{"@type":"ListItem","position":1,"name":"Accueil","item":"https:\/\/repliquemangacine.fr\/"},{"@type":"ListItem","position":2,"name":"Produits","item":"https:\/\/repliquemangacine.fr\/boutique\/"},{"@type":"ListItem","position":3,"name":"Sabre Officier de Cavalerie"}]},{"@type":"WebSite","@id":"https:\/\/repliquemangacine.fr\/#website","url":"https:\/\/repliquemangacine.fr\/","name":"R\u00e9plique Manga Cin\u00e9","description":"","publisher":{"@id":"https:\/\/repliquemangacine.fr\/#organization"},"potentialAction":[{"@type":"SearchAction","target":{"@type":"EntryPoint","urlTemplate":"https:\/\/repliquemangacine.fr\/?s={search_term_string}"},"query-input":{"@type":"PropertyValueSpecification","valueRequired":true,"valueName":"search_term_string"}}],"inLanguage":"de"},{"@type":"Organization","@id":"https:\/\/repliquemangacine.fr\/#organization","name":"R\u00e9plique Manga Cin\u00e9","url":"https:\/\/repliquemangacine.fr\/","logo":{"@type":"ImageObject","inLanguage":"de","@id":"https:\/\/repliquemangacine.fr\/#\/schema\/logo\/image\/","url":"https:\/\/repliquemangacine.fr\/wp-content\/uploads\/2023\/10\/RMC-500250.png","contentUrl":"https:\/\/repliquemangacine.fr\/wp-content\/uploads\/2023\/10\/RMC-500250.png","width":500,"height":250,"caption":"R\u00e9plique Manga Cin\u00e9"},"image":{"@id":"https:\/\/repliquemangacine.fr\/#\/schema\/logo\/image\/"},"sameAs":["https:\/\/www.facebook.com\/RepliqueMangaCine","https:\/\/www.instagram.com\/repliquemangacine.fr\/"]}]}},"_links":{"self":[{"href":"https:\/\/repliquemangacine.fr\/de\/wp-json\/wp\/v2\/product\/28859","targetHints":{"allow":["GET"]}}],"collection":[{"href":"https:\/\/repliquemangacine.fr\/de\/wp-json\/wp\/v2\/product"}],"about":[{"href":"https:\/\/repliquemangacine.fr\/de\/wp-json\/wp\/v2\/types\/product"}],"wp:featuredmedia":[{"embeddable":true,"href":"https:\/\/repliquemangacine.fr\/de\/wp-json\/wp\/v2\/media\/28860"}],"wp:attachment":[{"href":"https:\/\/repliquemangacine.fr\/de\/wp-json\/wp\/v2\/media?parent=28859"}],"wp:term":[{"taxonomy":"product_brand","embeddable":true,"href":"https:\/\/repliquemangacine.fr\/de\/wp-json\/wp\/v2\/product_brand?post=28859"},{"taxonomy":"product_cat","embeddable":true,"href":"https:\/\/repliquemangacine.fr\/de\/wp-json\/wp\/v2\/product_cat?post=28859"},{"taxonomy":"product_tag","embeddable":true,"href":"https:\/\/repliquemangacine.fr\/de\/wp-json\/wp\/v2\/product_tag?post=28859"}],"curies":[{"name":"wp","href":"https:\/\/api.w.org\/{rel}","templated":true}]}}