





{"id":28854,"date":"2020-03-07T16:25:09","date_gmt":"2020-03-07T15:25:09","guid":{"rendered":"https:\/\/repliquemangacine.fr\/?post_type=product&#038;p=28854"},"modified":"2025-12-02T10:32:33","modified_gmt":"2025-12-02T09:32:33","slug":"katana-ulquiorra-zanpakuto-murcielago","status":"publish","type":"product","link":"https:\/\/repliquemangacine.fr\/de\/katana-bleach\/katana-ulquiorra-zanpakuto-murcielago\/","title":{"rendered":"Katana Ulquiorra Murcielago"},"content":{"rendered":"<h2>Replik des Ulquiorra Murci\u00e9lago Katana in Bleach.<\/h2>\n<p>Zu Beginn ist das Ulquiorra Murci\u00e9lago Katana sein Zanpakuto. Sein Befehl zur Befreiung lautet \"Umschlingen\" (im Anime \"Umschlie\u00dfen\"). Murci\u00e9lago entfesselt einen Strom aus gr\u00fcner und schwarzer spiritueller Energie, die in einem gr\u00fcnen Regen um Ulquiorra herum niedergeht. Au\u00dferdem nimmt er in dieser Form eher das Aussehen einer Fledermaus an.<\/p>\n<p><a href=\"https:\/\/bleach.fandom.com\/fr\/wiki\/Ulquiorra_Cifer#Zanpakut\u014d\" target=\"_blank\" rel=\"noopener noreferrer\">Ulquiorra<\/a> ist die Verk\u00f6rperung des perfekten Soldaten von Aizen. Ruhig, bed\u00e4chtig und aufmerksam ist er das genaue Gegenteil von Arrancars wie Yammy oder Grimmjow, die sich direkt ins Get\u00fcmmel st\u00fcrzen.<\/p>\n<p>Die m\u00e4chtigsten Antagonisten des Arrancar-Bogens. Als Teil der Top 4 der Espadas steht seine St\u00e4rke au\u00dfer Frage. Es muss betont werden, dass Ulquiorra so m\u00e4chtig ist, dass Ichigo ihn f\u00fcr den st\u00e4rksten der Espadas h\u00e4lt und \u00fcberw\u00e4ltigt ist, als er entdeckt, dass er nur zwei R\u00e4nge \u00fcber Grimmjow steht.<\/p>\n<h2>Ihr Katana Ulquiorra Murci\u00e9lago zum besten Preis<\/h2>\n<p>Wir bieten Ihnen eine gro\u00dfe Auswahl an Katanas aus dem Anime-Manga Bleach.<\/p>\n<p>Zun\u00e4chst einmal,<\/p>\n<ul>\n<li>Das Unverzichtbare und das Erste <a href=\"https:\/\/repliquemangacine.fr\/de\/katana-bleach\/bankai-tensa-zangetsu\/\">ichigo bankai<\/a> die Tensa Zangetsu in verschiedenen Versionen.<\/li>\n<li>Es gibt auch das Katana von <a href=\"https:\/\/repliquemangacine.fr\/de\/katana-bleach\/shikai-benihime-katana-urahara-kisuke\/\">Kisuk\u00e9 le Shikai Benihime<\/a> sowie seinen Gehstock.<\/li>\n<li>Sowie das <a href=\"https:\/\/repliquemangacine.fr\/de\/katana-bleach\/zanpakuto-shirayuki-shikai-rukia-kuchiki\/\">Rukias Katana<\/a> das sch\u00f6nste Zanpakut\u00f4, das es in der Soul Society gibt.<\/li>\n<li>Und noch viel mehr gibt es in unserem Online-Shop zu entdecken!<\/li>\n<\/ul>\n<p>Deshalb ist dies eine tolle Geschenkidee f\u00fcr alle Fans von Bleach.<\/p>\n<p>Abschlie\u00dfend k\u00f6nnen Sie den <strong>Katana Ulquiorra Murci\u00e9lago<\/strong> f\u00fcr seine Cosplay-Modenschauen oder seine Katana-Sammlung.<\/p>\n<p>Vor allem aber ist dieses Bleach-Katana ein Sammler- und Dekorationsst\u00fcck.<\/p>\n<h2>Wie pflegt man die Klinge seines Katanas aus Bleach?<\/h2>\n<p>Katanas f\u00fcr Sammlungen und Dekorationen werden auf vereinfachte Weise hergestellt und zusammengebaut. Da sie zu Dekorationszwecken verwendet werden, fehlen ihnen die Sicherheitsmerkmale, die ein japanisches Schwert f\u00fcr Trainingszwecke aufweisen muss.<\/p>\n<p>Allerdings ist Ihr <strong>katana Ulquiorra Murci\u00e9lago<\/strong> zu einer Stahlklinge, die gepflegt werden muss, damit sie nicht mit der Zeit abgenutzt wird. Denn wenn Sie Ihr Katana ausstellen, werden Ihre Freunde neugierig sein, die Klinge zu sehen und sie zu ber\u00fchren. Hier ist Vorsicht geboten. Es sei darauf hingewiesen, dass die S\u00e4ure der Finger dem Stahl unabh\u00e4ngig von seiner Qualit\u00e4t sehr schadet.<\/p>\n<p>Wenn dies jedoch passiert, keine Panik, Sie brauchen nur ein Tuch, das mit etwas \u00d6l befeuchtet ist, und wischen die Fingerabdr\u00fccke ab. Wenn Sie dies tun, werden Sie Ihr Schwert sehr lange behalten.<\/p>\n<p><strong>\u00a0<\/strong><\/p>","protected":false},"excerpt":{"rendered":"<p>Zanpakuto von Ulquiorra Murcielago aus dem ber\u00fchmten Manga Bleach.<\/p>\n<ul>\n<li>Nicht scharfe Klinge aus rostfreiem Stahl.<\/li>\n<li>Spezielle Formbewahrung.<\/li>\n<li>Griff mit beigem Baumwollgeflecht \u00fcberzogen.<\/li>\n<li>Scheide aus schwarz lackiertem Holz.<\/li>\n<li>L\u00e4nge der Klinge: 70cm - Gesamtl\u00e4nge: 103cm - Gewicht: 950grs<\/li>\n<\/ul>","protected":false},"featured_media":28855,"template":"","meta":[],"product_brand":[896],"product_cat":[30,23],"product_tag":[],"class_list":{"0":"post-28854","1":"product","2":"type-product","3":"status-publish","4":"has-post-thumbnail","6":"product_brand-replique-manga-cine","7":"product_cat-katana-bleach","8":"product_cat-repliques-manga-jeux-video","10":"first","11":"instock","12":"taxable","13":"shipping-taxable","14":"purchasable","15":"product-type-simple"},"yoast_head":"<!-- This site is optimized with the Yoast SEO plugin v27.5 - https:\/\/yoast.com\/product\/yoast-seo-wordpress\/ -->\n<title>Katana Ulquiorra Murci\u00e9lago - Bleach - Boutique en ligne | RMC<\/title>\n<meta name=\"description\" content=\"Commandez cette superbe r\u00e9plique du Katana Ulquiorra Murci\u00e9lago au meilleur prix. Lame en acier - Longueur totale\u00a0: 103 cm - Envoi 24\/48h\" \/>\n<meta name=\"robots\" content=\"index, follow, max-snippet:-1, max-image-preview:large, max-video-preview:-1\" \/>\n<link rel=\"canonical\" href=\"https:\/\/repliquemangacine.fr\/de\/katana-bleach\/katana-ulquiorra-zanpakuto-murcielago\/\" \/>\n<meta property=\"og:locale\" content=\"de_DE\" \/>\n<meta property=\"og:type\" content=\"article\" \/>\n<meta property=\"og:title\" content=\"Katana Ulquiorra Murci\u00e9lago - Bleach - Boutique en ligne | RMC\" \/>\n<meta property=\"og:description\" content=\"Commandez cette superbe r\u00e9plique du Katana Ulquiorra Murci\u00e9lago au meilleur prix. Lame en acier - Longueur totale\u00a0: 103 cm - Envoi 24\/48h\" \/>\n<meta property=\"og:url\" content=\"https:\/\/repliquemangacine.fr\/de\/katana-bleach\/katana-ulquiorra-zanpakuto-murcielago\/\" \/>\n<meta property=\"og:site_name\" content=\"R\u00e9plique Manga Cin\u00e9\" \/>\n<meta property=\"article:publisher\" content=\"https:\/\/www.facebook.com\/RepliqueMangaCine\" \/>\n<meta property=\"article:modified_time\" content=\"2025-12-02T09:32:33+00:00\" \/>\n<meta property=\"og:image\" content=\"https:\/\/repliquemangacine.fr\/wp-content\/uploads\/2023\/10\/Katana-Ulquiorra-Murcielago.jpg\" \/>\n\t<meta property=\"og:image:width\" content=\"500\" \/>\n\t<meta property=\"og:image:height\" content=\"500\" \/>\n\t<meta property=\"og:image:type\" content=\"image\/jpeg\" \/>\n<meta name=\"twitter:card\" content=\"summary_large_image\" \/>\n<meta name=\"twitter:label1\" content=\"Gesch\u00e4tzte Lesezeit\" \/>\n\t<meta name=\"twitter:data1\" content=\"1\u00a0Minute\" \/>\n<script type=\"application\/ld+json\" class=\"yoast-schema-graph\">{\"@context\":\"https:\\\/\\\/schema.org\",\"@graph\":[{\"@type\":\"WebPage\",\"@id\":\"https:\\\/\\\/repliquemangacine.fr\\\/katana-bleach\\\/katana-ulquiorra-zanpakuto-murcielago\\\/\",\"url\":\"https:\\\/\\\/repliquemangacine.fr\\\/katana-bleach\\\/katana-ulquiorra-zanpakuto-murcielago\\\/\",\"name\":\"Katana Ulquiorra Murci\u00e9lago - Bleach - Boutique en ligne | RMC\",\"isPartOf\":{\"@id\":\"https:\\\/\\\/repliquemangacine.fr\\\/#website\"},\"primaryImageOfPage\":{\"@id\":\"https:\\\/\\\/repliquemangacine.fr\\\/katana-bleach\\\/katana-ulquiorra-zanpakuto-murcielago\\\/#primaryimage\"},\"image\":{\"@id\":\"https:\\\/\\\/repliquemangacine.fr\\\/katana-bleach\\\/katana-ulquiorra-zanpakuto-murcielago\\\/#primaryimage\"},\"thumbnailUrl\":\"https:\\\/\\\/repliquemangacine.fr\\\/wp-content\\\/uploads\\\/2023\\\/10\\\/Katana-Ulquiorra-Murcielago.jpg\",\"datePublished\":\"2020-03-07T15:25:09+00:00\",\"dateModified\":\"2025-12-02T09:32:33+00:00\",\"description\":\"Commandez cette superbe r\u00e9plique du Katana Ulquiorra Murci\u00e9lago au meilleur prix. Lame en acier - Longueur totale\u00a0: 103 cm - Envoi 24\\\/48h\",\"breadcrumb\":{\"@id\":\"https:\\\/\\\/repliquemangacine.fr\\\/katana-bleach\\\/katana-ulquiorra-zanpakuto-murcielago\\\/#breadcrumb\"},\"inLanguage\":\"de\",\"potentialAction\":[{\"@type\":\"ReadAction\",\"target\":[\"https:\\\/\\\/repliquemangacine.fr\\\/katana-bleach\\\/katana-ulquiorra-zanpakuto-murcielago\\\/\"]}]},{\"@type\":\"ImageObject\",\"inLanguage\":\"de\",\"@id\":\"https:\\\/\\\/repliquemangacine.fr\\\/katana-bleach\\\/katana-ulquiorra-zanpakuto-murcielago\\\/#primaryimage\",\"url\":\"https:\\\/\\\/repliquemangacine.fr\\\/wp-content\\\/uploads\\\/2023\\\/10\\\/Katana-Ulquiorra-Murcielago.jpg\",\"contentUrl\":\"https:\\\/\\\/repliquemangacine.fr\\\/wp-content\\\/uploads\\\/2023\\\/10\\\/Katana-Ulquiorra-Murcielago.jpg\",\"width\":500,\"height\":500,\"caption\":\"Katana Ulquiorra Murcielago bleach\"},{\"@type\":\"BreadcrumbList\",\"@id\":\"https:\\\/\\\/repliquemangacine.fr\\\/katana-bleach\\\/katana-ulquiorra-zanpakuto-murcielago\\\/#breadcrumb\",\"itemListElement\":[{\"@type\":\"ListItem\",\"position\":1,\"name\":\"Accueil\",\"item\":\"https:\\\/\\\/repliquemangacine.fr\\\/\"},{\"@type\":\"ListItem\",\"position\":2,\"name\":\"Produits\",\"item\":\"https:\\\/\\\/repliquemangacine.fr\\\/boutique\\\/\"},{\"@type\":\"ListItem\",\"position\":3,\"name\":\"Katana Ulquiorra Murcielago\"}]},{\"@type\":\"WebSite\",\"@id\":\"https:\\\/\\\/repliquemangacine.fr\\\/#website\",\"url\":\"https:\\\/\\\/repliquemangacine.fr\\\/\",\"name\":\"R\u00e9plique Manga Cin\u00e9\",\"description\":\"\",\"publisher\":{\"@id\":\"https:\\\/\\\/repliquemangacine.fr\\\/#organization\"},\"potentialAction\":[{\"@type\":\"SearchAction\",\"target\":{\"@type\":\"EntryPoint\",\"urlTemplate\":\"https:\\\/\\\/repliquemangacine.fr\\\/?s={search_term_string}\"},\"query-input\":{\"@type\":\"PropertyValueSpecification\",\"valueRequired\":true,\"valueName\":\"search_term_string\"}}],\"inLanguage\":\"de\"},{\"@type\":\"Organization\",\"@id\":\"https:\\\/\\\/repliquemangacine.fr\\\/#organization\",\"name\":\"R\u00e9plique Manga Cin\u00e9\",\"url\":\"https:\\\/\\\/repliquemangacine.fr\\\/\",\"logo\":{\"@type\":\"ImageObject\",\"inLanguage\":\"de\",\"@id\":\"https:\\\/\\\/repliquemangacine.fr\\\/#\\\/schema\\\/logo\\\/image\\\/\",\"url\":\"https:\\\/\\\/repliquemangacine.fr\\\/wp-content\\\/uploads\\\/2023\\\/10\\\/RMC-500250.png\",\"contentUrl\":\"https:\\\/\\\/repliquemangacine.fr\\\/wp-content\\\/uploads\\\/2023\\\/10\\\/RMC-500250.png\",\"width\":500,\"height\":250,\"caption\":\"R\u00e9plique Manga Cin\u00e9\"},\"image\":{\"@id\":\"https:\\\/\\\/repliquemangacine.fr\\\/#\\\/schema\\\/logo\\\/image\\\/\"},\"sameAs\":[\"https:\\\/\\\/www.facebook.com\\\/RepliqueMangaCine\",\"https:\\\/\\\/www.instagram.com\\\/repliquemangacine.fr\\\/\"]}]}<\/script>\n<!-- \/ Yoast SEO plugin. -->","yoast_head_json":{"title":"Katana Ulquiorra Murci\u00e9lago - Bleach - Online-Shop | RMC","description":"Bestellen Sie diese gro\u00dfartige Replik des Katana Ulquiorra Murci\u00e9lago zum besten Preis. Klinge aus Stahl - Gesamtl\u00e4nge: 103 cm - Versand 24\/48h","robots":{"index":"index","follow":"follow","max-snippet":"max-snippet:-1","max-image-preview":"max-image-preview:large","max-video-preview":"max-video-preview:-1"},"canonical":"https:\/\/repliquemangacine.fr\/de\/katana-bleach\/katana-ulquiorra-zanpakuto-murcielago\/","og_locale":"de_DE","og_type":"article","og_title":"Katana Ulquiorra Murci\u00e9lago - Bleach - Boutique en ligne | RMC","og_description":"Commandez cette superbe r\u00e9plique du Katana Ulquiorra Murci\u00e9lago au meilleur prix. Lame en acier - Longueur totale\u00a0: 103 cm - Envoi 24\/48h","og_url":"https:\/\/repliquemangacine.fr\/de\/katana-bleach\/katana-ulquiorra-zanpakuto-murcielago\/","og_site_name":"R\u00e9plique Manga Cin\u00e9","article_publisher":"https:\/\/www.facebook.com\/RepliqueMangaCine","article_modified_time":"2025-12-02T09:32:33+00:00","og_image":[{"width":500,"height":500,"url":"https:\/\/repliquemangacine.fr\/wp-content\/uploads\/2023\/10\/Katana-Ulquiorra-Murcielago.jpg","type":"image\/jpeg"}],"twitter_card":"summary_large_image","twitter_misc":{"Gesch\u00e4tzte Lesezeit":"1\u00a0Minute"},"schema":{"@context":"https:\/\/schema.org","@graph":[{"@type":"WebPage","@id":"https:\/\/repliquemangacine.fr\/katana-bleach\/katana-ulquiorra-zanpakuto-murcielago\/","url":"https:\/\/repliquemangacine.fr\/katana-bleach\/katana-ulquiorra-zanpakuto-murcielago\/","name":"Katana Ulquiorra Murci\u00e9lago - Bleach - Online-Shop | RMC","isPartOf":{"@id":"https:\/\/repliquemangacine.fr\/#website"},"primaryImageOfPage":{"@id":"https:\/\/repliquemangacine.fr\/katana-bleach\/katana-ulquiorra-zanpakuto-murcielago\/#primaryimage"},"image":{"@id":"https:\/\/repliquemangacine.fr\/katana-bleach\/katana-ulquiorra-zanpakuto-murcielago\/#primaryimage"},"thumbnailUrl":"https:\/\/repliquemangacine.fr\/wp-content\/uploads\/2023\/10\/Katana-Ulquiorra-Murcielago.jpg","datePublished":"2020-03-07T15:25:09+00:00","dateModified":"2025-12-02T09:32:33+00:00","description":"Bestellen Sie diese gro\u00dfartige Replik des Katana Ulquiorra Murci\u00e9lago zum besten Preis. Klinge aus Stahl - Gesamtl\u00e4nge: 103 cm - Versand 24\/48h","breadcrumb":{"@id":"https:\/\/repliquemangacine.fr\/katana-bleach\/katana-ulquiorra-zanpakuto-murcielago\/#breadcrumb"},"inLanguage":"de","potentialAction":[{"@type":"ReadAction","target":["https:\/\/repliquemangacine.fr\/katana-bleach\/katana-ulquiorra-zanpakuto-murcielago\/"]}]},{"@type":"ImageObject","inLanguage":"de","@id":"https:\/\/repliquemangacine.fr\/katana-bleach\/katana-ulquiorra-zanpakuto-murcielago\/#primaryimage","url":"https:\/\/repliquemangacine.fr\/wp-content\/uploads\/2023\/10\/Katana-Ulquiorra-Murcielago.jpg","contentUrl":"https:\/\/repliquemangacine.fr\/wp-content\/uploads\/2023\/10\/Katana-Ulquiorra-Murcielago.jpg","width":500,"height":500,"caption":"Katana Ulquiorra Murcielago bleach"},{"@type":"BreadcrumbList","@id":"https:\/\/repliquemangacine.fr\/katana-bleach\/katana-ulquiorra-zanpakuto-murcielago\/#breadcrumb","itemListElement":[{"@type":"ListItem","position":1,"name":"Accueil","item":"https:\/\/repliquemangacine.fr\/"},{"@type":"ListItem","position":2,"name":"Produits","item":"https:\/\/repliquemangacine.fr\/boutique\/"},{"@type":"ListItem","position":3,"name":"Katana Ulquiorra Murcielago"}]},{"@type":"WebSite","@id":"https:\/\/repliquemangacine.fr\/#website","url":"https:\/\/repliquemangacine.fr\/","name":"R\u00e9plique Manga Cin\u00e9","description":"","publisher":{"@id":"https:\/\/repliquemangacine.fr\/#organization"},"potentialAction":[{"@type":"SearchAction","target":{"@type":"EntryPoint","urlTemplate":"https:\/\/repliquemangacine.fr\/?s={search_term_string}"},"query-input":{"@type":"PropertyValueSpecification","valueRequired":true,"valueName":"search_term_string"}}],"inLanguage":"de"},{"@type":"Organization","@id":"https:\/\/repliquemangacine.fr\/#organization","name":"R\u00e9plique Manga Cin\u00e9","url":"https:\/\/repliquemangacine.fr\/","logo":{"@type":"ImageObject","inLanguage":"de","@id":"https:\/\/repliquemangacine.fr\/#\/schema\/logo\/image\/","url":"https:\/\/repliquemangacine.fr\/wp-content\/uploads\/2023\/10\/RMC-500250.png","contentUrl":"https:\/\/repliquemangacine.fr\/wp-content\/uploads\/2023\/10\/RMC-500250.png","width":500,"height":250,"caption":"R\u00e9plique Manga Cin\u00e9"},"image":{"@id":"https:\/\/repliquemangacine.fr\/#\/schema\/logo\/image\/"},"sameAs":["https:\/\/www.facebook.com\/RepliqueMangaCine","https:\/\/www.instagram.com\/repliquemangacine.fr\/"]}]}},"_links":{"self":[{"href":"https:\/\/repliquemangacine.fr\/de\/wp-json\/wp\/v2\/product\/28854","targetHints":{"allow":["GET"]}}],"collection":[{"href":"https:\/\/repliquemangacine.fr\/de\/wp-json\/wp\/v2\/product"}],"about":[{"href":"https:\/\/repliquemangacine.fr\/de\/wp-json\/wp\/v2\/types\/product"}],"wp:featuredmedia":[{"embeddable":true,"href":"https:\/\/repliquemangacine.fr\/de\/wp-json\/wp\/v2\/media\/28855"}],"wp:attachment":[{"href":"https:\/\/repliquemangacine.fr\/de\/wp-json\/wp\/v2\/media?parent=28854"}],"wp:term":[{"taxonomy":"product_brand","embeddable":true,"href":"https:\/\/repliquemangacine.fr\/de\/wp-json\/wp\/v2\/product_brand?post=28854"},{"taxonomy":"product_cat","embeddable":true,"href":"https:\/\/repliquemangacine.fr\/de\/wp-json\/wp\/v2\/product_cat?post=28854"},{"taxonomy":"product_tag","embeddable":true,"href":"https:\/\/repliquemangacine.fr\/de\/wp-json\/wp\/v2\/product_tag?post=28854"}],"curies":[{"name":"wp","href":"https:\/\/api.w.org\/{rel}","templated":true}]}}