





{"id":28776,"date":"2020-02-22T16:30:36","date_gmt":"2020-02-22T15:30:36","guid":{"rendered":"https:\/\/repliquemangacine.fr\/?post_type=product&#038;p=28776"},"modified":"2025-11-03T15:21:16","modified_gmt":"2025-11-03T14:21:16","slug":"schwert-athena-wonder-woman-justice-league","status":"publish","type":"product","link":"https:\/\/repliquemangacine.fr\/de\/super-heros-marvel\/epee-athena-wonder-woman-justice-league\/","title":{"rendered":"Schwert Athena Wonder Woman"},"content":{"rendered":"<h2>Schwert Athena Wonder Woman in Justice League.<\/h2>\n<p>Zu Beginn wird die<strong>Schwert Athena Wonder Woman<\/strong> verf\u00fcgt \u00fcber magische Kr\u00e4fte, die Wonder Woman im Kampf einsetzt und die das Schwert God Killer ersetzen, nachdem dieses von Ares zerst\u00f6rt wurde.<\/p>\n<p>Unglaublich scharf und langlebig, weist nach intensivem Gebrauch durch Diana keine sichtbaren Sch\u00e4den auf. Wahrscheinlich ist es ebenso wie viele andere Waffen aus Themysciran magischer Natur, da es in der Lage ist, ansonsten unverwundbare Wesen wie Superman und Doomsday zu verletzen.<\/p>\n<p>Zu einem bestimmten Zeitpunkt wurde das Schwert vermutlich von Athene, der olympischen G\u00f6ttin der Weisheit, des Handwerks und der Strategie, geschaffen und gef\u00fchrt. Einige Zeit nach dem Ersten Weltkrieg, <a href=\"https:\/\/dc.fandom.com\/fr\/wiki\/Wonder_Woman_(Diana_Prince)\" target=\"_blank\" rel=\"noopener noreferrer\">Wonder Woman<\/a> irgendwie einen Ersatz f\u00fcr God Killer, das Schwert, das Ares zerst\u00f6rt hatte, erworben hat.<\/p>\n<h2>Ihr Athena Wonder Woman Schwert zum besten Preis.<\/h2>\n<p>Wir bieten Ihnen eine gro\u00dfe Auswahl an Repliken Ihrer liebsten Superhelden.<\/p>\n<p>Zun\u00e4chst<\/p>\n<ul>\n<li>L'<a href=\"https:\/\/repliquemangacine.fr\/de\/superheld\/replique-epee-god-killer-wonder-woman\/\">Schwert God Killer<\/a> Wonder Womans erstes Schwert, das von Ares zerst\u00f6rt wurde.<\/li>\n<li>Anschlie\u00dfend die <a href=\"https:\/\/repliquemangacine.fr\/de\/superheld\/dolch-des-loki\/\">Dolch von Loki<\/a> mit seiner eingravierten Klinge.<\/li>\n<li>Es gibt auch den <a href=\"https:\/\/repliquemangacine.fr\/de\/superheld\/justice-league-replica-aquamans-dreizack-186-cm\/\">Aquamans Dreizack<\/a> unter offizieller Lizenz vertrieben von Noble Collection.<\/li>\n<li>Und viele andere, die es in unserem Online-Shop zu entdecken gibt!<\/li>\n<\/ul>\n<p>Deshalb gibt es hier tolle Geschenkideen f\u00fcr alle, die das Marvel-Universum lieben.<\/p>\n<p>Abschlie\u00dfend k\u00f6nnen Sie den<strong>Schwert Athena Wonder Woman<\/strong> bei Ihren Cosplay-Paraden. Vor allem aber ist dieses Schwert ein Sammler- und Dekorationsobjekt.<\/p>\n<h2>Wie pflegt man die Klinge seines Schwertes?<\/h2>\n<p>Sammlungs- und Dekorationsschwerter werden auf vereinfachte Weise hergestellt und zusammengebaut. Da sie zu Dekorationszwecken verwendet werden, verf\u00fcgen sie nicht \u00fcber die Sicherheitsmerkmale, die ein japanisches Schwert f\u00fcr das Training aufweisen muss.<\/p>\n<p>Allerdings ist Ihr <strong>Schwert Athena Wonder Woman<\/strong> zu einer Stahlklinge, die gepflegt werden muss, damit sie nicht mit der Zeit abgenutzt wird. Denn wenn du dein Katana ausstellst, werden deine Freunde neugierig sein, die Klinge zu sehen und sie zu ber\u00fchren. Hier ist Vorsicht geboten, denn Sie sollten wissen, dass die S\u00e4ure der Finger dem Stahl unabh\u00e4ngig von seiner Qualit\u00e4t sehr schadet.<\/p>\n<p>Wenn dies jedoch passiert, keine Panik, Sie brauchen nur ein Tuch, das mit etwas \u00d6l befeuchtet ist, und wischen die Fingerabdr\u00fccke ab. Wenn Sie dies tun, werden Sie Ihr Schwert sehr lange behalten.<\/p>","protected":false},"excerpt":{"rendered":"<p>Replik des Schwerts von Wonder Woman in Justice League.<\/p>\n<ul>\n<li>Klinge aus rostfreiem Stahl mit Siebdruck eines Adlers.<\/li>\n<li>Elfenrunen und drei Symbole.<\/li>\n<li>Garde und Knauf aus Stahl.<\/li>\n<li>Griff aus lackiertem Metall mit Verzierungen.<\/li>\n<li>Scheide aus Kunstleder.<\/li>\n<li>Klingenl\u00e4nge: 79 cm -Gesamtl\u00e4nge: 105.5 cm - Gewicht:1460 grs<\/li>\n<\/ul>","protected":false},"featured_media":28777,"template":"","meta":[],"product_brand":[896],"product_cat":[24,59],"product_tag":[],"class_list":{"0":"post-28776","1":"product","2":"type-product","3":"status-publish","4":"has-post-thumbnail","6":"product_brand-replique-manga-cine","7":"product_cat-films-series-tv-vente-de-katana-epee-et-produits-derives","8":"product_cat-super-heros-marvel","10":"first","11":"instock","12":"taxable","13":"shipping-taxable","14":"purchasable","15":"product-type-simple"},"yoast_head":"<!-- This site is optimized with the Yoast SEO plugin v27.4 - https:\/\/yoast.com\/product\/yoast-seo-wordpress\/ -->\n<title>Ep\u00e9e Ath\u00e9na Wonder Woman - Produits d\u00e9riv\u00e9s Marvel | RMC<\/title>\n<meta name=\"description\" content=\"Offrez-lui l&#039;Ep\u00e9e Ath\u00e9na Wonder Woman dans Justice League au meilleur prix - Lame en acier 440 - Runes Elfiques - Fourreau - Longueur totale : 105.5 cm\" \/>\n<meta name=\"robots\" content=\"index, follow, max-snippet:-1, max-image-preview:large, max-video-preview:-1\" \/>\n<link rel=\"canonical\" href=\"https:\/\/repliquemangacine.fr\/de\/marvel-super-heros\/schwert-athena-wonder-woman-justice-league\/\" \/>\n<meta property=\"og:locale\" content=\"de_DE\" \/>\n<meta property=\"og:type\" content=\"article\" \/>\n<meta property=\"og:title\" content=\"Ep\u00e9e Ath\u00e9na Wonder Woman - Produits d\u00e9riv\u00e9s Marvel | RMC\" \/>\n<meta property=\"og:description\" content=\"Offrez-lui l&#039;Ep\u00e9e Ath\u00e9na Wonder Woman dans Justice League au meilleur prix - Lame en acier 440 - Runes Elfiques - Fourreau - Longueur totale : 105.5 cm\" \/>\n<meta property=\"og:url\" content=\"https:\/\/repliquemangacine.fr\/de\/marvel-super-heros\/schwert-athena-wonder-woman-justice-league\/\" \/>\n<meta property=\"og:site_name\" content=\"R\u00e9plique Manga Cin\u00e9\" \/>\n<meta property=\"article:publisher\" content=\"https:\/\/www.facebook.com\/RepliqueMangaCine\" \/>\n<meta property=\"article:modified_time\" content=\"2025-11-03T14:21:16+00:00\" \/>\n<meta property=\"og:image\" content=\"https:\/\/repliquemangacine.fr\/wp-content\/uploads\/2023\/10\/3476-Epee-Wonder-Woman-fourreau.jpg\" \/>\n\t<meta property=\"og:image:width\" content=\"800\" \/>\n\t<meta property=\"og:image:height\" content=\"800\" \/>\n\t<meta property=\"og:image:type\" content=\"image\/jpeg\" \/>\n<meta name=\"twitter:card\" content=\"summary_large_image\" \/>\n<meta name=\"twitter:label1\" content=\"Gesch\u00e4tzte Lesezeit\" \/>\n\t<meta name=\"twitter:data1\" content=\"1\u00a0Minute\" \/>\n<script type=\"application\/ld+json\" class=\"yoast-schema-graph\">{\"@context\":\"https:\\\/\\\/schema.org\",\"@graph\":[{\"@type\":\"WebPage\",\"@id\":\"https:\\\/\\\/repliquemangacine.fr\\\/super-heros-marvel\\\/epee-athena-wonder-woman-justice-league\\\/\",\"url\":\"https:\\\/\\\/repliquemangacine.fr\\\/super-heros-marvel\\\/epee-athena-wonder-woman-justice-league\\\/\",\"name\":\"Ep\u00e9e Ath\u00e9na Wonder Woman - Produits d\u00e9riv\u00e9s Marvel | RMC\",\"isPartOf\":{\"@id\":\"https:\\\/\\\/repliquemangacine.fr\\\/#website\"},\"primaryImageOfPage\":{\"@id\":\"https:\\\/\\\/repliquemangacine.fr\\\/super-heros-marvel\\\/epee-athena-wonder-woman-justice-league\\\/#primaryimage\"},\"image\":{\"@id\":\"https:\\\/\\\/repliquemangacine.fr\\\/super-heros-marvel\\\/epee-athena-wonder-woman-justice-league\\\/#primaryimage\"},\"thumbnailUrl\":\"https:\\\/\\\/repliquemangacine.fr\\\/wp-content\\\/uploads\\\/2023\\\/10\\\/3476-Epee-Wonder-Woman-fourreau.jpg\",\"datePublished\":\"2020-02-22T15:30:36+00:00\",\"dateModified\":\"2025-11-03T14:21:16+00:00\",\"description\":\"Offrez-lui l'Ep\u00e9e Ath\u00e9na Wonder Woman dans Justice League au meilleur prix - Lame en acier 440 - Runes Elfiques - Fourreau - Longueur totale : 105.5 cm\",\"breadcrumb\":{\"@id\":\"https:\\\/\\\/repliquemangacine.fr\\\/super-heros-marvel\\\/epee-athena-wonder-woman-justice-league\\\/#breadcrumb\"},\"inLanguage\":\"de\",\"potentialAction\":[{\"@type\":\"ReadAction\",\"target\":[\"https:\\\/\\\/repliquemangacine.fr\\\/super-heros-marvel\\\/epee-athena-wonder-woman-justice-league\\\/\"]}]},{\"@type\":\"ImageObject\",\"inLanguage\":\"de\",\"@id\":\"https:\\\/\\\/repliquemangacine.fr\\\/super-heros-marvel\\\/epee-athena-wonder-woman-justice-league\\\/#primaryimage\",\"url\":\"https:\\\/\\\/repliquemangacine.fr\\\/wp-content\\\/uploads\\\/2023\\\/10\\\/3476-Epee-Wonder-Woman-fourreau.jpg\",\"contentUrl\":\"https:\\\/\\\/repliquemangacine.fr\\\/wp-content\\\/uploads\\\/2023\\\/10\\\/3476-Epee-Wonder-Woman-fourreau.jpg\",\"width\":800,\"height\":800,\"caption\":\"Ep\u00e9e Wonder Woman + fourreau\"},{\"@type\":\"BreadcrumbList\",\"@id\":\"https:\\\/\\\/repliquemangacine.fr\\\/super-heros-marvel\\\/epee-athena-wonder-woman-justice-league\\\/#breadcrumb\",\"itemListElement\":[{\"@type\":\"ListItem\",\"position\":1,\"name\":\"Accueil\",\"item\":\"https:\\\/\\\/repliquemangacine.fr\\\/\"},{\"@type\":\"ListItem\",\"position\":2,\"name\":\"Produits\",\"item\":\"https:\\\/\\\/repliquemangacine.fr\\\/boutique\\\/\"},{\"@type\":\"ListItem\",\"position\":3,\"name\":\"Ep\u00e9e Ath\u00e9na Wonder Woman\"}]},{\"@type\":\"WebSite\",\"@id\":\"https:\\\/\\\/repliquemangacine.fr\\\/#website\",\"url\":\"https:\\\/\\\/repliquemangacine.fr\\\/\",\"name\":\"R\u00e9plique Manga Cin\u00e9\",\"description\":\"\",\"publisher\":{\"@id\":\"https:\\\/\\\/repliquemangacine.fr\\\/#organization\"},\"potentialAction\":[{\"@type\":\"SearchAction\",\"target\":{\"@type\":\"EntryPoint\",\"urlTemplate\":\"https:\\\/\\\/repliquemangacine.fr\\\/?s={search_term_string}\"},\"query-input\":{\"@type\":\"PropertyValueSpecification\",\"valueRequired\":true,\"valueName\":\"search_term_string\"}}],\"inLanguage\":\"de\"},{\"@type\":\"Organization\",\"@id\":\"https:\\\/\\\/repliquemangacine.fr\\\/#organization\",\"name\":\"R\u00e9plique Manga Cin\u00e9\",\"url\":\"https:\\\/\\\/repliquemangacine.fr\\\/\",\"logo\":{\"@type\":\"ImageObject\",\"inLanguage\":\"de\",\"@id\":\"https:\\\/\\\/repliquemangacine.fr\\\/#\\\/schema\\\/logo\\\/image\\\/\",\"url\":\"https:\\\/\\\/repliquemangacine.fr\\\/wp-content\\\/uploads\\\/2023\\\/10\\\/RMC-500250.png\",\"contentUrl\":\"https:\\\/\\\/repliquemangacine.fr\\\/wp-content\\\/uploads\\\/2023\\\/10\\\/RMC-500250.png\",\"width\":500,\"height\":250,\"caption\":\"R\u00e9plique Manga Cin\u00e9\"},\"image\":{\"@id\":\"https:\\\/\\\/repliquemangacine.fr\\\/#\\\/schema\\\/logo\\\/image\\\/\"},\"sameAs\":[\"https:\\\/\\\/www.facebook.com\\\/RepliqueMangaCine\",\"https:\\\/\\\/www.instagram.com\\\/repliquemangacine.fr\\\/\"]}]}<\/script>\n<!-- \/ Yoast SEO plugin. -->","yoast_head_json":{"title":"Schwert Athena Wonder Woman - Marvel Merchandise | RMC","description":"Schenken Sie ihr das Schwert Athena Wonder Woman in Justice League zum besten Preis - Klinge aus 440er Stahl - Elbische Runen - Scheide - Gesamtl\u00e4nge: 105.5 cm","robots":{"index":"index","follow":"follow","max-snippet":"max-snippet:-1","max-image-preview":"max-image-preview:large","max-video-preview":"max-video-preview:-1"},"canonical":"https:\/\/repliquemangacine.fr\/de\/marvel-super-heros\/schwert-athena-wonder-woman-justice-league\/","og_locale":"de_DE","og_type":"article","og_title":"Ep\u00e9e Ath\u00e9na Wonder Woman - Produits d\u00e9riv\u00e9s Marvel | RMC","og_description":"Offrez-lui l'Ep\u00e9e Ath\u00e9na Wonder Woman dans Justice League au meilleur prix - Lame en acier 440 - Runes Elfiques - Fourreau - Longueur totale : 105.5 cm","og_url":"https:\/\/repliquemangacine.fr\/de\/marvel-super-heros\/schwert-athena-wonder-woman-justice-league\/","og_site_name":"R\u00e9plique Manga Cin\u00e9","article_publisher":"https:\/\/www.facebook.com\/RepliqueMangaCine","article_modified_time":"2025-11-03T14:21:16+00:00","og_image":[{"width":800,"height":800,"url":"https:\/\/repliquemangacine.fr\/wp-content\/uploads\/2023\/10\/3476-Epee-Wonder-Woman-fourreau.jpg","type":"image\/jpeg"}],"twitter_card":"summary_large_image","twitter_misc":{"Gesch\u00e4tzte Lesezeit":"1\u00a0Minute"},"schema":{"@context":"https:\/\/schema.org","@graph":[{"@type":"WebPage","@id":"https:\/\/repliquemangacine.fr\/super-heros-marvel\/epee-athena-wonder-woman-justice-league\/","url":"https:\/\/repliquemangacine.fr\/super-heros-marvel\/epee-athena-wonder-woman-justice-league\/","name":"Schwert Athena Wonder Woman - Marvel Merchandise | RMC","isPartOf":{"@id":"https:\/\/repliquemangacine.fr\/#website"},"primaryImageOfPage":{"@id":"https:\/\/repliquemangacine.fr\/super-heros-marvel\/epee-athena-wonder-woman-justice-league\/#primaryimage"},"image":{"@id":"https:\/\/repliquemangacine.fr\/super-heros-marvel\/epee-athena-wonder-woman-justice-league\/#primaryimage"},"thumbnailUrl":"https:\/\/repliquemangacine.fr\/wp-content\/uploads\/2023\/10\/3476-Epee-Wonder-Woman-fourreau.jpg","datePublished":"2020-02-22T15:30:36+00:00","dateModified":"2025-11-03T14:21:16+00:00","description":"Schenken Sie ihr das Schwert Athena Wonder Woman in Justice League zum besten Preis - Klinge aus 440er Stahl - Elbische Runen - Scheide - Gesamtl\u00e4nge: 105.5 cm","breadcrumb":{"@id":"https:\/\/repliquemangacine.fr\/super-heros-marvel\/epee-athena-wonder-woman-justice-league\/#breadcrumb"},"inLanguage":"de","potentialAction":[{"@type":"ReadAction","target":["https:\/\/repliquemangacine.fr\/super-heros-marvel\/epee-athena-wonder-woman-justice-league\/"]}]},{"@type":"ImageObject","inLanguage":"de","@id":"https:\/\/repliquemangacine.fr\/super-heros-marvel\/epee-athena-wonder-woman-justice-league\/#primaryimage","url":"https:\/\/repliquemangacine.fr\/wp-content\/uploads\/2023\/10\/3476-Epee-Wonder-Woman-fourreau.jpg","contentUrl":"https:\/\/repliquemangacine.fr\/wp-content\/uploads\/2023\/10\/3476-Epee-Wonder-Woman-fourreau.jpg","width":800,"height":800,"caption":"Ep\u00e9e Wonder Woman + fourreau"},{"@type":"BreadcrumbList","@id":"https:\/\/repliquemangacine.fr\/super-heros-marvel\/epee-athena-wonder-woman-justice-league\/#breadcrumb","itemListElement":[{"@type":"ListItem","position":1,"name":"Accueil","item":"https:\/\/repliquemangacine.fr\/"},{"@type":"ListItem","position":2,"name":"Produits","item":"https:\/\/repliquemangacine.fr\/boutique\/"},{"@type":"ListItem","position":3,"name":"Ep\u00e9e Ath\u00e9na Wonder Woman"}]},{"@type":"WebSite","@id":"https:\/\/repliquemangacine.fr\/#website","url":"https:\/\/repliquemangacine.fr\/","name":"R\u00e9plique Manga Cin\u00e9","description":"","publisher":{"@id":"https:\/\/repliquemangacine.fr\/#organization"},"potentialAction":[{"@type":"SearchAction","target":{"@type":"EntryPoint","urlTemplate":"https:\/\/repliquemangacine.fr\/?s={search_term_string}"},"query-input":{"@type":"PropertyValueSpecification","valueRequired":true,"valueName":"search_term_string"}}],"inLanguage":"de"},{"@type":"Organization","@id":"https:\/\/repliquemangacine.fr\/#organization","name":"R\u00e9plique Manga Cin\u00e9","url":"https:\/\/repliquemangacine.fr\/","logo":{"@type":"ImageObject","inLanguage":"de","@id":"https:\/\/repliquemangacine.fr\/#\/schema\/logo\/image\/","url":"https:\/\/repliquemangacine.fr\/wp-content\/uploads\/2023\/10\/RMC-500250.png","contentUrl":"https:\/\/repliquemangacine.fr\/wp-content\/uploads\/2023\/10\/RMC-500250.png","width":500,"height":250,"caption":"R\u00e9plique Manga Cin\u00e9"},"image":{"@id":"https:\/\/repliquemangacine.fr\/#\/schema\/logo\/image\/"},"sameAs":["https:\/\/www.facebook.com\/RepliqueMangaCine","https:\/\/www.instagram.com\/repliquemangacine.fr\/"]}]}},"_links":{"self":[{"href":"https:\/\/repliquemangacine.fr\/de\/wp-json\/wp\/v2\/product\/28776","targetHints":{"allow":["GET"]}}],"collection":[{"href":"https:\/\/repliquemangacine.fr\/de\/wp-json\/wp\/v2\/product"}],"about":[{"href":"https:\/\/repliquemangacine.fr\/de\/wp-json\/wp\/v2\/types\/product"}],"wp:featuredmedia":[{"embeddable":true,"href":"https:\/\/repliquemangacine.fr\/de\/wp-json\/wp\/v2\/media\/28777"}],"wp:attachment":[{"href":"https:\/\/repliquemangacine.fr\/de\/wp-json\/wp\/v2\/media?parent=28776"}],"wp:term":[{"taxonomy":"product_brand","embeddable":true,"href":"https:\/\/repliquemangacine.fr\/de\/wp-json\/wp\/v2\/product_brand?post=28776"},{"taxonomy":"product_cat","embeddable":true,"href":"https:\/\/repliquemangacine.fr\/de\/wp-json\/wp\/v2\/product_cat?post=28776"},{"taxonomy":"product_tag","embeddable":true,"href":"https:\/\/repliquemangacine.fr\/de\/wp-json\/wp\/v2\/product_tag?post=28776"}],"curies":[{"name":"wp","href":"https:\/\/api.w.org\/{rel}","templated":true}]}}