





{"id":28766,"date":"2020-02-10T17:59:34","date_gmt":"2020-02-10T16:59:34","guid":{"rendered":"https:\/\/repliquemangacine.fr\/?post_type=product&#038;p=28766"},"modified":"2026-02-18T16:04:41","modified_gmt":"2026-02-18T15:04:41","slug":"axt-leviathan-von-kratos-god-of-war-ragnarok","status":"publish","type":"product","link":"https:\/\/repliquemangacine.fr\/de\/katana-et-epee-de-jeux-video-autre-jeux-video\/hache-leviathan-de-kratos-god-of-war-ragnarok\/","title":{"rendered":"Kratos' Leviathan-Axt"},"content":{"rendered":"<h2>Kratos' Leviathan-Axt in God of War 4 und 5<\/h2>\n<p>Zu Beginn wird die <strong>Kratos' Leviathan-Axt<\/strong> ist eine Streitaxt, seine wichtigste Offensivwaffe in den letzten beiden Spielen <a href=\"https:\/\/godofwar.fandom.com\/fr\/wiki\/Wiki_God_of_War\" target=\"_blank\" rel=\"noopener noreferrer\">God of War<\/a>.<\/p>\n<p>Nachdem es ihm gelungen ist, Rache zu nehmen und die Olympier zu besiegen, indem er Griechenland durch Chaos s\u00e4ubert, flieht Kratos in die nordische Heimat. Er wandert durch die Welt der nordischen G\u00f6tter und l\u00e4sst sich in Midgard nieder.<\/p>\n<p>Die Hauptwaffe von Kratos ist eine Streitaxt mit magischen Frost-Eigenschaften. Leviathan kann von Kratos sofort zur\u00fcckgerufen werden, nachdem er geworfen wurde. Die Br\u00fcder Sindri und Brok haben die Axt hergestellt und helfen Kratos dabei, sie zu verbessern. Dadurch erh\u00e4lt er mehr Kraft und mit den richtigen F\u00e4higkeiten die M\u00f6glichkeit, Feinde einzufrieren und zu verlangsamen.<\/p>\n<p>Zusammenfassend l\u00e4sst sich sagen, dass God of War Ragnarok am 8. Dezember dieses Jahres bei den Game Awards 2022 mit zahlreichen Preisen ausgezeichnet wurde.<\/p>\n<h2>Ihre Leviathan-Axt von Kratos zum besten Preis.<\/h2>\n<p>Wir bieten Ihnen eine gro\u00dfe Auswahl an Nachbildungen von Schwertern und Sammlerst\u00fccken Ihrer Lieblingshelden aus Videospielen.<\/p>\n<p>Zun\u00e4chst einmal,<\/p>\n<ul>\n<li>Die Replik des <a href=\"https:\/\/repliquemangacine.fr\/de\/andere-videospiele\/katana-2b-traite-vertueux-nier-automata\/\">Katana 2B Tugendhafter Vertrag<\/a> im Videospiel NieR: Automata.<\/li>\n<li>L' <a href=\"https:\/\/repliquemangacine.fr\/de\/andere-videospiele\/epee-de-diluc-genshin-impact-wolfs-graveston\/\">Dilucs Schwert<\/a> in Genshin Impact ganz aus Harz.<\/li>\n<li>Und noch viel mehr entdecken Sie in unserem Online-Shop!<\/li>\n<\/ul>\n<p>Deshalb sind hier tolle Geschenkideen f\u00fcr alle, die die Welt der Filme lieben.<\/p>\n<p>Abschlie\u00dfend k\u00f6nnen Sie die <strong>Kratos' Leviathan-Axt<\/strong> bei Ihren Cosplay-Paraden. Vor allem aber ist diese Axt ein Sammler- und Dekorationsst\u00fcck.<\/p>\n<p>R\u00e9plique Manga Cin\u00e9 ist ein franz\u00f6sisches Familienunternehmen.<\/p>\n<h2>Wie pflegt man die Klinge seiner God of War-Axt?<\/h2>\n<p>Sammler- und Dekorationswaffen werden in vereinfachter Form hergestellt und zusammengebaut. Da sie zu Dekorationszwecken verwendet werden, fehlen ihnen die Sicherheitselemente, die ein japanisches Schwert f\u00fcr Trainingszwecke aufweisen muss.<\/p>\n<p>Allerdings ist Ihr <strong>Kratos' Leviathan-Axt<\/strong> zu einer Stahlklinge, die gepflegt werden muss, damit sie nicht mit der Zeit abgenutzt wird. Denn wenn du dein Katana ausstellst, werden deine Freunde neugierig sein, die Klinge zu sehen und sie zu ber\u00fchren. Hier ist Vorsicht geboten, denn Sie sollten wissen, dass die S\u00e4ure der Finger dem Stahl unabh\u00e4ngig von seiner Qualit\u00e4t sehr schadet.<\/p>\n<p>Wenn dies jedoch passiert, keine Panik, Sie brauchen nur ein Tuch, das mit etwas \u00d6l befeuchtet ist, und wischen die Fingerabdr\u00fccke ab. Wenn Sie dies tun, werden Sie Ihr Schwert sehr lange behalten.<\/p>\n<p><strong>\u00a0<\/strong><\/p>","protected":false},"excerpt":{"rendered":"<p>Leviathan-Axt von Kratos in God of War.<\/p>\n<ul>\n<li>Zweihandaxt aus Metall mit Runengravuren auf der Klinge.<\/li>\n<li>Stiel aus Metall, der mit holz\u00e4hnlichem Harz \u00fcberzogen ist.<\/li>\n<li>Wandhalterung f\u00fcr Pr\u00e4sentationen aus Holz.<\/li>\n<li>Gesamtl\u00e4nge: 103cm - Masse: 28 X36cm - Gewicht :4800 Grs ca.<\/li>\n<\/ul>\n<p><strong>\u00a0<\/strong><\/p>","protected":false},"featured_media":28767,"template":"","meta":[],"product_brand":[896],"product_cat":[985,67],"product_tag":[],"class_list":{"0":"post-28766","1":"product","2":"type-product","3":"status-publish","4":"has-post-thumbnail","6":"product_brand-replique-manga-cine","7":"product_cat-replique-god-of-war","8":"product_cat-katana-et-epee-de-jeux-video-autre-jeux-video","10":"first","11":"instock","12":"sale","13":"taxable","14":"shipping-taxable","15":"purchasable","16":"product-type-simple"},"yoast_head":"<!-- This site is optimized with the Yoast SEO plugin v27.5 - https:\/\/yoast.com\/product\/yoast-seo-wordpress\/ -->\n<title>Hache Leviathan de Kratos - God of War - Boutique en ligne | RMC<\/title>\n<meta name=\"description\" content=\"Achetez vite ! La Hache Leviathan de Kratos dans God of War au meilleur prix. T\u00eate de hache en acier - Echelle 1\/1 - Longueur : 103 cm - Envoi 24\/48h\" \/>\n<meta name=\"robots\" content=\"index, follow, max-snippet:-1, max-image-preview:large, max-video-preview:-1\" \/>\n<link rel=\"canonical\" href=\"https:\/\/repliquemangacine.fr\/de\/katana-und-schwert-von-videospielen-andere-videospiele\/axt-leviathan-von-kratos-god-of-war-ragnarok\/\" \/>\n<meta property=\"og:locale\" content=\"de_DE\" \/>\n<meta property=\"og:type\" content=\"article\" \/>\n<meta property=\"og:title\" content=\"Hache Leviathan de Kratos - God of War - Boutique en ligne | RMC\" \/>\n<meta property=\"og:description\" content=\"Achetez vite ! La Hache Leviathan de Kratos dans God of War au meilleur prix. T\u00eate de hache en acier - Echelle 1\/1 - Longueur : 103 cm - Envoi 24\/48h\" \/>\n<meta property=\"og:url\" content=\"https:\/\/repliquemangacine.fr\/de\/katana-und-schwert-von-videospielen-andere-videospiele\/axt-leviathan-von-kratos-god-of-war-ragnarok\/\" \/>\n<meta property=\"og:site_name\" content=\"R\u00e9plique Manga Cin\u00e9\" \/>\n<meta property=\"article:publisher\" content=\"https:\/\/www.facebook.com\/RepliqueMangaCine\" \/>\n<meta property=\"article:modified_time\" content=\"2026-02-18T15:04:41+00:00\" \/>\n<meta property=\"og:image\" content=\"https:\/\/repliquemangacine.fr\/wp-content\/uploads\/2023\/10\/3463-Hache-de-Kratos-God-of-War.jpg\" \/>\n\t<meta property=\"og:image:width\" content=\"800\" \/>\n\t<meta property=\"og:image:height\" content=\"800\" \/>\n\t<meta property=\"og:image:type\" content=\"image\/jpeg\" \/>\n<meta name=\"twitter:card\" content=\"summary_large_image\" \/>\n<meta name=\"twitter:label1\" content=\"Gesch\u00e4tzte Lesezeit\" \/>\n\t<meta name=\"twitter:data1\" content=\"1\u00a0Minute\" \/>\n<script type=\"application\/ld+json\" class=\"yoast-schema-graph\">{\"@context\":\"https:\\\/\\\/schema.org\",\"@graph\":[{\"@type\":\"WebPage\",\"@id\":\"https:\\\/\\\/repliquemangacine.fr\\\/katana-et-epee-de-jeux-video-autre-jeux-video\\\/hache-leviathan-de-kratos-god-of-war-ragnarok\\\/\",\"url\":\"https:\\\/\\\/repliquemangacine.fr\\\/katana-et-epee-de-jeux-video-autre-jeux-video\\\/hache-leviathan-de-kratos-god-of-war-ragnarok\\\/\",\"name\":\"Hache Leviathan de Kratos - God of War - Boutique en ligne | RMC\",\"isPartOf\":{\"@id\":\"https:\\\/\\\/repliquemangacine.fr\\\/#website\"},\"primaryImageOfPage\":{\"@id\":\"https:\\\/\\\/repliquemangacine.fr\\\/katana-et-epee-de-jeux-video-autre-jeux-video\\\/hache-leviathan-de-kratos-god-of-war-ragnarok\\\/#primaryimage\"},\"image\":{\"@id\":\"https:\\\/\\\/repliquemangacine.fr\\\/katana-et-epee-de-jeux-video-autre-jeux-video\\\/hache-leviathan-de-kratos-god-of-war-ragnarok\\\/#primaryimage\"},\"thumbnailUrl\":\"https:\\\/\\\/repliquemangacine.fr\\\/wp-content\\\/uploads\\\/2023\\\/10\\\/3463-Hache-de-Kratos-God-of-War.jpg\",\"datePublished\":\"2020-02-10T16:59:34+00:00\",\"dateModified\":\"2026-02-18T15:04:41+00:00\",\"description\":\"Achetez vite ! La Hache Leviathan de Kratos dans God of War au meilleur prix. T\u00eate de hache en acier - Echelle 1\\\/1 - Longueur : 103 cm - Envoi 24\\\/48h\",\"breadcrumb\":{\"@id\":\"https:\\\/\\\/repliquemangacine.fr\\\/katana-et-epee-de-jeux-video-autre-jeux-video\\\/hache-leviathan-de-kratos-god-of-war-ragnarok\\\/#breadcrumb\"},\"inLanguage\":\"de\",\"potentialAction\":[{\"@type\":\"ReadAction\",\"target\":[\"https:\\\/\\\/repliquemangacine.fr\\\/katana-et-epee-de-jeux-video-autre-jeux-video\\\/hache-leviathan-de-kratos-god-of-war-ragnarok\\\/\"]}]},{\"@type\":\"ImageObject\",\"inLanguage\":\"de\",\"@id\":\"https:\\\/\\\/repliquemangacine.fr\\\/katana-et-epee-de-jeux-video-autre-jeux-video\\\/hache-leviathan-de-kratos-god-of-war-ragnarok\\\/#primaryimage\",\"url\":\"https:\\\/\\\/repliquemangacine.fr\\\/wp-content\\\/uploads\\\/2023\\\/10\\\/3463-Hache-de-Kratos-God-of-War.jpg\",\"contentUrl\":\"https:\\\/\\\/repliquemangacine.fr\\\/wp-content\\\/uploads\\\/2023\\\/10\\\/3463-Hache-de-Kratos-God-of-War.jpg\",\"width\":800,\"height\":800,\"caption\":\"Hache de Kratos God of War\"},{\"@type\":\"BreadcrumbList\",\"@id\":\"https:\\\/\\\/repliquemangacine.fr\\\/katana-et-epee-de-jeux-video-autre-jeux-video\\\/hache-leviathan-de-kratos-god-of-war-ragnarok\\\/#breadcrumb\",\"itemListElement\":[{\"@type\":\"ListItem\",\"position\":1,\"name\":\"Accueil\",\"item\":\"https:\\\/\\\/repliquemangacine.fr\\\/\"},{\"@type\":\"ListItem\",\"position\":2,\"name\":\"Produits\",\"item\":\"https:\\\/\\\/repliquemangacine.fr\\\/boutique\\\/\"},{\"@type\":\"ListItem\",\"position\":3,\"name\":\"Hache Leviathan de Kratos\"}]},{\"@type\":\"WebSite\",\"@id\":\"https:\\\/\\\/repliquemangacine.fr\\\/#website\",\"url\":\"https:\\\/\\\/repliquemangacine.fr\\\/\",\"name\":\"R\u00e9plique Manga Cin\u00e9\",\"description\":\"\",\"publisher\":{\"@id\":\"https:\\\/\\\/repliquemangacine.fr\\\/#organization\"},\"potentialAction\":[{\"@type\":\"SearchAction\",\"target\":{\"@type\":\"EntryPoint\",\"urlTemplate\":\"https:\\\/\\\/repliquemangacine.fr\\\/?s={search_term_string}\"},\"query-input\":{\"@type\":\"PropertyValueSpecification\",\"valueRequired\":true,\"valueName\":\"search_term_string\"}}],\"inLanguage\":\"de\"},{\"@type\":\"Organization\",\"@id\":\"https:\\\/\\\/repliquemangacine.fr\\\/#organization\",\"name\":\"R\u00e9plique Manga Cin\u00e9\",\"url\":\"https:\\\/\\\/repliquemangacine.fr\\\/\",\"logo\":{\"@type\":\"ImageObject\",\"inLanguage\":\"de\",\"@id\":\"https:\\\/\\\/repliquemangacine.fr\\\/#\\\/schema\\\/logo\\\/image\\\/\",\"url\":\"https:\\\/\\\/repliquemangacine.fr\\\/wp-content\\\/uploads\\\/2023\\\/10\\\/RMC-500250.png\",\"contentUrl\":\"https:\\\/\\\/repliquemangacine.fr\\\/wp-content\\\/uploads\\\/2023\\\/10\\\/RMC-500250.png\",\"width\":500,\"height\":250,\"caption\":\"R\u00e9plique Manga Cin\u00e9\"},\"image\":{\"@id\":\"https:\\\/\\\/repliquemangacine.fr\\\/#\\\/schema\\\/logo\\\/image\\\/\"},\"sameAs\":[\"https:\\\/\\\/www.facebook.com\\\/RepliqueMangaCine\",\"https:\\\/\\\/www.instagram.com\\\/repliquemangacine.fr\\\/\"]}]}<\/script>\n<!-- \/ Yoast SEO plugin. -->","yoast_head_json":{"title":"Kratos' Leviathan Axt - God of War - Online Shop | RMC","description":"Kaufen Sie schnell! Die Leviathan-Axt von Kratos aus God of War zum besten Preis. Axtkopf aus Stahl - Ma\u00dfstab 1:1 - L\u00e4nge: 103 cm - Versand 24\/48h","robots":{"index":"index","follow":"follow","max-snippet":"max-snippet:-1","max-image-preview":"max-image-preview:large","max-video-preview":"max-video-preview:-1"},"canonical":"https:\/\/repliquemangacine.fr\/de\/katana-und-schwert-von-videospielen-andere-videospiele\/axt-leviathan-von-kratos-god-of-war-ragnarok\/","og_locale":"de_DE","og_type":"article","og_title":"Hache Leviathan de Kratos - God of War - Boutique en ligne | RMC","og_description":"Achetez vite ! La Hache Leviathan de Kratos dans God of War au meilleur prix. T\u00eate de hache en acier - Echelle 1\/1 - Longueur : 103 cm - Envoi 24\/48h","og_url":"https:\/\/repliquemangacine.fr\/de\/katana-und-schwert-von-videospielen-andere-videospiele\/axt-leviathan-von-kratos-god-of-war-ragnarok\/","og_site_name":"R\u00e9plique Manga Cin\u00e9","article_publisher":"https:\/\/www.facebook.com\/RepliqueMangaCine","article_modified_time":"2026-02-18T15:04:41+00:00","og_image":[{"width":800,"height":800,"url":"https:\/\/repliquemangacine.fr\/wp-content\/uploads\/2023\/10\/3463-Hache-de-Kratos-God-of-War.jpg","type":"image\/jpeg"}],"twitter_card":"summary_large_image","twitter_misc":{"Gesch\u00e4tzte Lesezeit":"1\u00a0Minute"},"schema":{"@context":"https:\/\/schema.org","@graph":[{"@type":"WebPage","@id":"https:\/\/repliquemangacine.fr\/katana-et-epee-de-jeux-video-autre-jeux-video\/hache-leviathan-de-kratos-god-of-war-ragnarok\/","url":"https:\/\/repliquemangacine.fr\/katana-et-epee-de-jeux-video-autre-jeux-video\/hache-leviathan-de-kratos-god-of-war-ragnarok\/","name":"Kratos' Leviathan Axt - God of War - Online Shop | RMC","isPartOf":{"@id":"https:\/\/repliquemangacine.fr\/#website"},"primaryImageOfPage":{"@id":"https:\/\/repliquemangacine.fr\/katana-et-epee-de-jeux-video-autre-jeux-video\/hache-leviathan-de-kratos-god-of-war-ragnarok\/#primaryimage"},"image":{"@id":"https:\/\/repliquemangacine.fr\/katana-et-epee-de-jeux-video-autre-jeux-video\/hache-leviathan-de-kratos-god-of-war-ragnarok\/#primaryimage"},"thumbnailUrl":"https:\/\/repliquemangacine.fr\/wp-content\/uploads\/2023\/10\/3463-Hache-de-Kratos-God-of-War.jpg","datePublished":"2020-02-10T16:59:34+00:00","dateModified":"2026-02-18T15:04:41+00:00","description":"Kaufen Sie schnell! Die Leviathan-Axt von Kratos aus God of War zum besten Preis. Axtkopf aus Stahl - Ma\u00dfstab 1:1 - L\u00e4nge: 103 cm - Versand 24\/48h","breadcrumb":{"@id":"https:\/\/repliquemangacine.fr\/katana-et-epee-de-jeux-video-autre-jeux-video\/hache-leviathan-de-kratos-god-of-war-ragnarok\/#breadcrumb"},"inLanguage":"de","potentialAction":[{"@type":"ReadAction","target":["https:\/\/repliquemangacine.fr\/katana-et-epee-de-jeux-video-autre-jeux-video\/hache-leviathan-de-kratos-god-of-war-ragnarok\/"]}]},{"@type":"ImageObject","inLanguage":"de","@id":"https:\/\/repliquemangacine.fr\/katana-et-epee-de-jeux-video-autre-jeux-video\/hache-leviathan-de-kratos-god-of-war-ragnarok\/#primaryimage","url":"https:\/\/repliquemangacine.fr\/wp-content\/uploads\/2023\/10\/3463-Hache-de-Kratos-God-of-War.jpg","contentUrl":"https:\/\/repliquemangacine.fr\/wp-content\/uploads\/2023\/10\/3463-Hache-de-Kratos-God-of-War.jpg","width":800,"height":800,"caption":"Hache de Kratos God of War"},{"@type":"BreadcrumbList","@id":"https:\/\/repliquemangacine.fr\/katana-et-epee-de-jeux-video-autre-jeux-video\/hache-leviathan-de-kratos-god-of-war-ragnarok\/#breadcrumb","itemListElement":[{"@type":"ListItem","position":1,"name":"Accueil","item":"https:\/\/repliquemangacine.fr\/"},{"@type":"ListItem","position":2,"name":"Produits","item":"https:\/\/repliquemangacine.fr\/boutique\/"},{"@type":"ListItem","position":3,"name":"Hache Leviathan de Kratos"}]},{"@type":"WebSite","@id":"https:\/\/repliquemangacine.fr\/#website","url":"https:\/\/repliquemangacine.fr\/","name":"R\u00e9plique Manga Cin\u00e9","description":"","publisher":{"@id":"https:\/\/repliquemangacine.fr\/#organization"},"potentialAction":[{"@type":"SearchAction","target":{"@type":"EntryPoint","urlTemplate":"https:\/\/repliquemangacine.fr\/?s={search_term_string}"},"query-input":{"@type":"PropertyValueSpecification","valueRequired":true,"valueName":"search_term_string"}}],"inLanguage":"de"},{"@type":"Organization","@id":"https:\/\/repliquemangacine.fr\/#organization","name":"R\u00e9plique Manga Cin\u00e9","url":"https:\/\/repliquemangacine.fr\/","logo":{"@type":"ImageObject","inLanguage":"de","@id":"https:\/\/repliquemangacine.fr\/#\/schema\/logo\/image\/","url":"https:\/\/repliquemangacine.fr\/wp-content\/uploads\/2023\/10\/RMC-500250.png","contentUrl":"https:\/\/repliquemangacine.fr\/wp-content\/uploads\/2023\/10\/RMC-500250.png","width":500,"height":250,"caption":"R\u00e9plique Manga Cin\u00e9"},"image":{"@id":"https:\/\/repliquemangacine.fr\/#\/schema\/logo\/image\/"},"sameAs":["https:\/\/www.facebook.com\/RepliqueMangaCine","https:\/\/www.instagram.com\/repliquemangacine.fr\/"]}]}},"_links":{"self":[{"href":"https:\/\/repliquemangacine.fr\/de\/wp-json\/wp\/v2\/product\/28766","targetHints":{"allow":["GET"]}}],"collection":[{"href":"https:\/\/repliquemangacine.fr\/de\/wp-json\/wp\/v2\/product"}],"about":[{"href":"https:\/\/repliquemangacine.fr\/de\/wp-json\/wp\/v2\/types\/product"}],"wp:featuredmedia":[{"embeddable":true,"href":"https:\/\/repliquemangacine.fr\/de\/wp-json\/wp\/v2\/media\/28767"}],"wp:attachment":[{"href":"https:\/\/repliquemangacine.fr\/de\/wp-json\/wp\/v2\/media?parent=28766"}],"wp:term":[{"taxonomy":"product_brand","embeddable":true,"href":"https:\/\/repliquemangacine.fr\/de\/wp-json\/wp\/v2\/product_brand?post=28766"},{"taxonomy":"product_cat","embeddable":true,"href":"https:\/\/repliquemangacine.fr\/de\/wp-json\/wp\/v2\/product_cat?post=28766"},{"taxonomy":"product_tag","embeddable":true,"href":"https:\/\/repliquemangacine.fr\/de\/wp-json\/wp\/v2\/product_tag?post=28766"}],"curies":[{"name":"wp","href":"https:\/\/api.w.org\/{rel}","templated":true}]}}