





{"id":28756,"date":"2020-02-08T11:05:57","date_gmt":"2020-02-08T10:05:57","guid":{"rendered":"https:\/\/repliquemangacine.fr\/?post_type=product&#038;p=28756"},"modified":"2026-04-22T13:31:06","modified_gmt":"2026-04-22T11:31:06","slug":"schwert-des-templers-jacques-de-molay","status":"publish","type":"product","link":"https:\/\/repliquemangacine.fr\/de\/epee-templier-medievale\/epee-du-templier-jacques-de-molay\/","title":{"rendered":"Schwert Jacques de Molay"},"content":{"rendered":"<h2>Schwert Jacques de Molay, letzter Meister des Templerordens.<\/h2>\n<p>Zu Beginn wird die<strong>Schwert Jacques de Molay<\/strong>Die Qualit\u00e4t dieser historischen Waffe ist bemerkenswert.<\/p>\n<p>Jacques de Molay, wurde zwischen 1244 und 1249 in Molay geboren und starb am 18. M\u00e4rz 1314 in Paris. Er ist der 23. und letzte Meister des Templerordens. Er wurde 1292 zum Oberhaupt des Ordens gew\u00e4hlt, nachdem er im Heiligen Land gek\u00e4mpft hatte.<\/p>\n<p>Wird in Paris auf Befehl von Philipp dem Sch\u00f6nen verhaftet, der die Templer der Ketzerei und unz\u00fcchtiger Praktiken beschuldigt. Nach einem nicht sehr fairen Prozess wird Jacques de Molay also im M\u00e4rz 1314 auf einem Scheiterhaufen in Paris hingerichtet.<\/p>\n<p>Die franz\u00f6sischen Templersiegel werden im Service des sceaux des <a href=\"https:\/\/www.archives-nationales.culture.gouv.fr\/\" target=\"_blank\" rel=\"noopener noreferrer\">Nationalarchive von Frankreich<\/a>.<\/p>\n<p>Hervorzuheben ist, dass das Patentkreuz auf die Zugeh\u00f6rigkeit der Templer zum Christentum hinweist und die rote Farbe an das von Christus vergossene Blut erinnerte.<\/p>\n<h2>Ihr Schwert Jacques de Molay zum besten Preis.<\/h2>\n<h3>Wir bieten Ihnen eine gro\u00dfe Auswahl an Repliken aus dem Mittelalter.<\/h3>\n<p>Zun\u00e4chst einmal,<\/p>\n<ul>\n<li>L'<a href=\"https:\/\/repliquemangacine.fr\/de\/mittelalterliche-reproduktionen\/epee-richard-coeur-de-lion\/\">Schwert von Richard L\u00f6wenherz<\/a> unterzeichnet Denix.<\/li>\n<li>Aber auch die Nachbildung des<a href=\"https:\/\/repliquemangacine.fr\/de\/assassins-creed\/epee-daguilar-assassins-creed-le-film\/\">Schwert von Aguilar<\/a> in Assassin's Creed.<\/li>\n<li>Und noch viel mehr gibt es in unserem Online-Shop zu entdecken!<\/li>\n<\/ul>\n<p>Deshalb ist dies eine tolle Geschenkidee f\u00fcr alle, die sich f\u00fcr die Zeit des Mittelalters begeistern.<\/p>\n<p>Abschlie\u00dfend k\u00f6nnen Sie auch diesen <strong>Schwert Jacques de Molay<\/strong> f\u00fcr Ihre historischen Reenactments oder Themenabende. Vor allem aber ist es auch ein Sammler- und Dekorationsst\u00fcck.<\/p>\n<h2>Wie pflegt man die Klinge seines mittelalterlichen Schwertes?<\/h2>\n<p>Sammlungs- und Dekorationsschwerter werden in vereinfachter Form hergestellt und zusammengebaut. Da sie zu Dekorationszwecken verwendet werden, fehlen ihnen die Sicherheitselemente, die ein japanisches Schwert f\u00fcr Trainingszwecke aufweisen muss.<\/p>\n<p>Allerdings ist Ihr <strong>Schwert Jacques de Molay<\/strong> zu einer Stahlklinge, die gepflegt werden muss, damit sie nicht mit der Zeit abgenutzt wird. Wenn du dein Schwert n\u00e4mlich ausstellst, werden deine Freunde neugierig sein, die Klinge zu sehen und sie zu ber\u00fchren. Hier ist Vorsicht geboten, denn Sie sollten wissen, dass die S\u00e4ure der Finger dem Stahl unabh\u00e4ngig von seiner Qualit\u00e4t sehr schadet.<\/p>\n<p>Wenn dies jedoch passiert, keine Panik, Sie brauchen nur ein Tuch, das mit etwas \u00d6l befeuchtet ist, und wischen die Fingerabdr\u00fccke ab. Wenn Sie dies tun, werden Sie Ihr Schwert sehr lange behalten.<\/p>","protected":false},"excerpt":{"rendered":"<p>Replik des Schwerts des letzten gro\u00dfen Templermeisters Jacques de Molay.<\/p>\n<ul>\n<li>Klinge aus rostfreiem 440er Stahl.<\/li>\n<li>Griff mit braunem Kunstleder \u00fcberzogen.<\/li>\n<li>Stahlb\u00fcgel und -knauf mit Templerkreuz.<\/li>\n<li>Pr\u00e4sentationsplatte.<\/li>\n<li>Klingenl\u00e4nge: 77.5 cm - Gesamtl\u00e4nge: 99 cm - Gewicht: 1400 grs<\/li>\n<\/ul>","protected":false},"featured_media":28757,"template":"","meta":[],"product_brand":[896],"product_cat":[25,84,43],"product_tag":[],"class_list":{"0":"post-28756","1":"product","2":"type-product","3":"status-publish","4":"has-post-thumbnail","6":"product_brand-replique-manga-cine","7":"product_cat-armes-historiques","8":"product_cat-epee-templier-medievale","9":"product_cat-reproductions-d-armes-et-accessoires-medievales","11":"first","12":"instock","13":"taxable","14":"shipping-taxable","15":"purchasable","16":"product-type-simple"},"yoast_head":"<!-- This site is optimized with the Yoast SEO plugin v27.5 - https:\/\/yoast.com\/product\/yoast-seo-wordpress\/ -->\n<title>Ep\u00e9e Jacques de Molay - Ep\u00e9e Templi\u00e8re | R\u00e9plique Manga Cin\u00e9<\/title>\n<meta name=\"description\" content=\"Offrez-vous cette Ep\u00e9e Jacques de Molay au meilleur prix - Lame en acier - Pommeau rond avec croix patt\u00e9e - Support mural - Longueur totale : 99 cm\" \/>\n<meta name=\"robots\" content=\"index, follow, max-snippet:-1, max-image-preview:large, max-video-preview:-1\" \/>\n<link rel=\"canonical\" href=\"https:\/\/repliquemangacine.fr\/de\/mittelalterliches-schwert-der-templer\/schwert-des-templers-jacques-de-molay\/\" \/>\n<meta property=\"og:locale\" content=\"de_DE\" \/>\n<meta property=\"og:type\" content=\"article\" \/>\n<meta property=\"og:title\" content=\"Ep\u00e9e Jacques de Molay - Ep\u00e9e Templi\u00e8re | R\u00e9plique Manga Cin\u00e9\" \/>\n<meta property=\"og:description\" content=\"Offrez-vous cette Ep\u00e9e Jacques de Molay au meilleur prix - Lame en acier - Pommeau rond avec croix patt\u00e9e - Support mural - Longueur totale : 99 cm\" \/>\n<meta property=\"og:url\" content=\"https:\/\/repliquemangacine.fr\/de\/mittelalterliches-schwert-der-templer\/schwert-des-templers-jacques-de-molay\/\" \/>\n<meta property=\"og:site_name\" content=\"R\u00e9plique Manga Cin\u00e9\" \/>\n<meta property=\"article:publisher\" content=\"https:\/\/www.facebook.com\/RepliqueMangaCine\" \/>\n<meta property=\"article:modified_time\" content=\"2026-04-22T11:31:06+00:00\" \/>\n<meta property=\"og:image\" content=\"https:\/\/repliquemangacine.fr\/wp-content\/uploads\/2023\/10\/3456-epee-Templier-Jacques-de-Molay.jpg\" \/>\n\t<meta property=\"og:image:width\" content=\"800\" \/>\n\t<meta property=\"og:image:height\" content=\"800\" \/>\n\t<meta property=\"og:image:type\" content=\"image\/jpeg\" \/>\n<meta name=\"twitter:card\" content=\"summary_large_image\" \/>\n<meta name=\"twitter:label1\" content=\"Gesch\u00e4tzte Lesezeit\" \/>\n\t<meta name=\"twitter:data1\" content=\"2\u00a0Minuten\" \/>\n<script type=\"application\/ld+json\" class=\"yoast-schema-graph\">{\"@context\":\"https:\\\/\\\/schema.org\",\"@graph\":[{\"@type\":\"WebPage\",\"@id\":\"https:\\\/\\\/repliquemangacine.fr\\\/epee-templier-medievale\\\/epee-du-templier-jacques-de-molay\\\/\",\"url\":\"https:\\\/\\\/repliquemangacine.fr\\\/epee-templier-medievale\\\/epee-du-templier-jacques-de-molay\\\/\",\"name\":\"Ep\u00e9e Jacques de Molay - Ep\u00e9e Templi\u00e8re | R\u00e9plique Manga Cin\u00e9\",\"isPartOf\":{\"@id\":\"https:\\\/\\\/repliquemangacine.fr\\\/#website\"},\"primaryImageOfPage\":{\"@id\":\"https:\\\/\\\/repliquemangacine.fr\\\/epee-templier-medievale\\\/epee-du-templier-jacques-de-molay\\\/#primaryimage\"},\"image\":{\"@id\":\"https:\\\/\\\/repliquemangacine.fr\\\/epee-templier-medievale\\\/epee-du-templier-jacques-de-molay\\\/#primaryimage\"},\"thumbnailUrl\":\"https:\\\/\\\/repliquemangacine.fr\\\/wp-content\\\/uploads\\\/2023\\\/10\\\/3456-epee-Templier-Jacques-de-Molay.jpg\",\"datePublished\":\"2020-02-08T10:05:57+00:00\",\"dateModified\":\"2026-04-22T11:31:06+00:00\",\"description\":\"Offrez-vous cette Ep\u00e9e Jacques de Molay au meilleur prix - Lame en acier - Pommeau rond avec croix patt\u00e9e - Support mural - Longueur totale : 99 cm\",\"breadcrumb\":{\"@id\":\"https:\\\/\\\/repliquemangacine.fr\\\/epee-templier-medievale\\\/epee-du-templier-jacques-de-molay\\\/#breadcrumb\"},\"inLanguage\":\"de\",\"potentialAction\":[{\"@type\":\"ReadAction\",\"target\":[\"https:\\\/\\\/repliquemangacine.fr\\\/epee-templier-medievale\\\/epee-du-templier-jacques-de-molay\\\/\"]}]},{\"@type\":\"ImageObject\",\"inLanguage\":\"de\",\"@id\":\"https:\\\/\\\/repliquemangacine.fr\\\/epee-templier-medievale\\\/epee-du-templier-jacques-de-molay\\\/#primaryimage\",\"url\":\"https:\\\/\\\/repliquemangacine.fr\\\/wp-content\\\/uploads\\\/2023\\\/10\\\/3456-epee-Templier-Jacques-de-Molay.jpg\",\"contentUrl\":\"https:\\\/\\\/repliquemangacine.fr\\\/wp-content\\\/uploads\\\/2023\\\/10\\\/3456-epee-Templier-Jacques-de-Molay.jpg\",\"width\":800,\"height\":800,\"caption\":\"\u00e9p\u00e9e Templier Jacques de Molay\"},{\"@type\":\"BreadcrumbList\",\"@id\":\"https:\\\/\\\/repliquemangacine.fr\\\/epee-templier-medievale\\\/epee-du-templier-jacques-de-molay\\\/#breadcrumb\",\"itemListElement\":[{\"@type\":\"ListItem\",\"position\":1,\"name\":\"Accueil\",\"item\":\"https:\\\/\\\/repliquemangacine.fr\\\/\"},{\"@type\":\"ListItem\",\"position\":2,\"name\":\"Produits\",\"item\":\"https:\\\/\\\/repliquemangacine.fr\\\/boutique\\\/\"},{\"@type\":\"ListItem\",\"position\":3,\"name\":\"Ep\u00e9e Jacques de Molay\"}]},{\"@type\":\"WebSite\",\"@id\":\"https:\\\/\\\/repliquemangacine.fr\\\/#website\",\"url\":\"https:\\\/\\\/repliquemangacine.fr\\\/\",\"name\":\"R\u00e9plique Manga Cin\u00e9\",\"description\":\"\",\"publisher\":{\"@id\":\"https:\\\/\\\/repliquemangacine.fr\\\/#organization\"},\"potentialAction\":[{\"@type\":\"SearchAction\",\"target\":{\"@type\":\"EntryPoint\",\"urlTemplate\":\"https:\\\/\\\/repliquemangacine.fr\\\/?s={search_term_string}\"},\"query-input\":{\"@type\":\"PropertyValueSpecification\",\"valueRequired\":true,\"valueName\":\"search_term_string\"}}],\"inLanguage\":\"de\"},{\"@type\":\"Organization\",\"@id\":\"https:\\\/\\\/repliquemangacine.fr\\\/#organization\",\"name\":\"R\u00e9plique Manga Cin\u00e9\",\"url\":\"https:\\\/\\\/repliquemangacine.fr\\\/\",\"logo\":{\"@type\":\"ImageObject\",\"inLanguage\":\"de\",\"@id\":\"https:\\\/\\\/repliquemangacine.fr\\\/#\\\/schema\\\/logo\\\/image\\\/\",\"url\":\"https:\\\/\\\/repliquemangacine.fr\\\/wp-content\\\/uploads\\\/2023\\\/10\\\/RMC-500250.png\",\"contentUrl\":\"https:\\\/\\\/repliquemangacine.fr\\\/wp-content\\\/uploads\\\/2023\\\/10\\\/RMC-500250.png\",\"width\":500,\"height\":250,\"caption\":\"R\u00e9plique Manga Cin\u00e9\"},\"image\":{\"@id\":\"https:\\\/\\\/repliquemangacine.fr\\\/#\\\/schema\\\/logo\\\/image\\\/\"},\"sameAs\":[\"https:\\\/\\\/www.facebook.com\\\/RepliqueMangaCine\",\"https:\\\/\\\/www.instagram.com\\\/repliquemangacine.fr\\\/\"]}]}<\/script>\n<!-- \/ Yoast SEO plugin. -->","yoast_head_json":{"title":"Schwert Jacques de Molay - Templerschwert | R\u00e9plique Manga Cin\u00e9","description":"Bieten Sie dieses Schwert Jacques de Molay zum besten Preis an - Klinge aus Stahl - Runder Knauf mit Patentkreuz - Wandhalterung - Gesamtl\u00e4nge: 99 cm","robots":{"index":"index","follow":"follow","max-snippet":"max-snippet:-1","max-image-preview":"max-image-preview:large","max-video-preview":"max-video-preview:-1"},"canonical":"https:\/\/repliquemangacine.fr\/de\/mittelalterliches-schwert-der-templer\/schwert-des-templers-jacques-de-molay\/","og_locale":"de_DE","og_type":"article","og_title":"Ep\u00e9e Jacques de Molay - Ep\u00e9e Templi\u00e8re | R\u00e9plique Manga Cin\u00e9","og_description":"Offrez-vous cette Ep\u00e9e Jacques de Molay au meilleur prix - Lame en acier - Pommeau rond avec croix patt\u00e9e - Support mural - Longueur totale : 99 cm","og_url":"https:\/\/repliquemangacine.fr\/de\/mittelalterliches-schwert-der-templer\/schwert-des-templers-jacques-de-molay\/","og_site_name":"R\u00e9plique Manga Cin\u00e9","article_publisher":"https:\/\/www.facebook.com\/RepliqueMangaCine","article_modified_time":"2026-04-22T11:31:06+00:00","og_image":[{"width":800,"height":800,"url":"https:\/\/repliquemangacine.fr\/wp-content\/uploads\/2023\/10\/3456-epee-Templier-Jacques-de-Molay.jpg","type":"image\/jpeg"}],"twitter_card":"summary_large_image","twitter_misc":{"Gesch\u00e4tzte Lesezeit":"2\u00a0Minuten"},"schema":{"@context":"https:\/\/schema.org","@graph":[{"@type":"WebPage","@id":"https:\/\/repliquemangacine.fr\/epee-templier-medievale\/epee-du-templier-jacques-de-molay\/","url":"https:\/\/repliquemangacine.fr\/epee-templier-medievale\/epee-du-templier-jacques-de-molay\/","name":"Schwert Jacques de Molay - Templerschwert | R\u00e9plique Manga Cin\u00e9","isPartOf":{"@id":"https:\/\/repliquemangacine.fr\/#website"},"primaryImageOfPage":{"@id":"https:\/\/repliquemangacine.fr\/epee-templier-medievale\/epee-du-templier-jacques-de-molay\/#primaryimage"},"image":{"@id":"https:\/\/repliquemangacine.fr\/epee-templier-medievale\/epee-du-templier-jacques-de-molay\/#primaryimage"},"thumbnailUrl":"https:\/\/repliquemangacine.fr\/wp-content\/uploads\/2023\/10\/3456-epee-Templier-Jacques-de-Molay.jpg","datePublished":"2020-02-08T10:05:57+00:00","dateModified":"2026-04-22T11:31:06+00:00","description":"Bieten Sie dieses Schwert Jacques de Molay zum besten Preis an - Klinge aus Stahl - Runder Knauf mit Patentkreuz - Wandhalterung - Gesamtl\u00e4nge: 99 cm","breadcrumb":{"@id":"https:\/\/repliquemangacine.fr\/epee-templier-medievale\/epee-du-templier-jacques-de-molay\/#breadcrumb"},"inLanguage":"de","potentialAction":[{"@type":"ReadAction","target":["https:\/\/repliquemangacine.fr\/epee-templier-medievale\/epee-du-templier-jacques-de-molay\/"]}]},{"@type":"ImageObject","inLanguage":"de","@id":"https:\/\/repliquemangacine.fr\/epee-templier-medievale\/epee-du-templier-jacques-de-molay\/#primaryimage","url":"https:\/\/repliquemangacine.fr\/wp-content\/uploads\/2023\/10\/3456-epee-Templier-Jacques-de-Molay.jpg","contentUrl":"https:\/\/repliquemangacine.fr\/wp-content\/uploads\/2023\/10\/3456-epee-Templier-Jacques-de-Molay.jpg","width":800,"height":800,"caption":"\u00e9p\u00e9e Templier Jacques de Molay"},{"@type":"BreadcrumbList","@id":"https:\/\/repliquemangacine.fr\/epee-templier-medievale\/epee-du-templier-jacques-de-molay\/#breadcrumb","itemListElement":[{"@type":"ListItem","position":1,"name":"Accueil","item":"https:\/\/repliquemangacine.fr\/"},{"@type":"ListItem","position":2,"name":"Produits","item":"https:\/\/repliquemangacine.fr\/boutique\/"},{"@type":"ListItem","position":3,"name":"Ep\u00e9e Jacques de Molay"}]},{"@type":"WebSite","@id":"https:\/\/repliquemangacine.fr\/#website","url":"https:\/\/repliquemangacine.fr\/","name":"R\u00e9plique Manga Cin\u00e9","description":"","publisher":{"@id":"https:\/\/repliquemangacine.fr\/#organization"},"potentialAction":[{"@type":"SearchAction","target":{"@type":"EntryPoint","urlTemplate":"https:\/\/repliquemangacine.fr\/?s={search_term_string}"},"query-input":{"@type":"PropertyValueSpecification","valueRequired":true,"valueName":"search_term_string"}}],"inLanguage":"de"},{"@type":"Organization","@id":"https:\/\/repliquemangacine.fr\/#organization","name":"R\u00e9plique Manga Cin\u00e9","url":"https:\/\/repliquemangacine.fr\/","logo":{"@type":"ImageObject","inLanguage":"de","@id":"https:\/\/repliquemangacine.fr\/#\/schema\/logo\/image\/","url":"https:\/\/repliquemangacine.fr\/wp-content\/uploads\/2023\/10\/RMC-500250.png","contentUrl":"https:\/\/repliquemangacine.fr\/wp-content\/uploads\/2023\/10\/RMC-500250.png","width":500,"height":250,"caption":"R\u00e9plique Manga Cin\u00e9"},"image":{"@id":"https:\/\/repliquemangacine.fr\/#\/schema\/logo\/image\/"},"sameAs":["https:\/\/www.facebook.com\/RepliqueMangaCine","https:\/\/www.instagram.com\/repliquemangacine.fr\/"]}]}},"_links":{"self":[{"href":"https:\/\/repliquemangacine.fr\/de\/wp-json\/wp\/v2\/product\/28756","targetHints":{"allow":["GET"]}}],"collection":[{"href":"https:\/\/repliquemangacine.fr\/de\/wp-json\/wp\/v2\/product"}],"about":[{"href":"https:\/\/repliquemangacine.fr\/de\/wp-json\/wp\/v2\/types\/product"}],"wp:featuredmedia":[{"embeddable":true,"href":"https:\/\/repliquemangacine.fr\/de\/wp-json\/wp\/v2\/media\/28757"}],"wp:attachment":[{"href":"https:\/\/repliquemangacine.fr\/de\/wp-json\/wp\/v2\/media?parent=28756"}],"wp:term":[{"taxonomy":"product_brand","embeddable":true,"href":"https:\/\/repliquemangacine.fr\/de\/wp-json\/wp\/v2\/product_brand?post=28756"},{"taxonomy":"product_cat","embeddable":true,"href":"https:\/\/repliquemangacine.fr\/de\/wp-json\/wp\/v2\/product_cat?post=28756"},{"taxonomy":"product_tag","embeddable":true,"href":"https:\/\/repliquemangacine.fr\/de\/wp-json\/wp\/v2\/product_tag?post=28756"}],"curies":[{"name":"wp","href":"https:\/\/api.w.org\/{rel}","templated":true}]}}