





{"id":28741,"date":"2020-02-08T10:18:10","date_gmt":"2020-02-08T09:18:10","guid":{"rendered":"https:\/\/repliquemangacine.fr\/?post_type=product&#038;p=28741"},"modified":"2026-03-10T13:14:09","modified_gmt":"2026-03-10T12:14:09","slug":"kurzschwert-der-templer-rote-scheide","status":"publish","type":"product","link":"https:\/\/repliquemangacine.fr\/de\/epee-templier-medievale\/epee-courte-des-templiers-fourreau-rouge\/","title":{"rendered":"Kurzschwert Templer, rote Scheide"},"content":{"rendered":"<h2>Kurzschwert der Templer, rote Scheide.<\/h2>\n<p>Zu Beginn wird die<strong>Kurzschwert der Templer<\/strong>Sie k\u00f6nnen Ihre Sammlung um ein qualitativ hochwertiges und unverzichtbares Element erweitern.<\/p>\n<p>L'<a href=\"https:\/\/www.histoire-pour-tous.fr\/dossiers\/1505-naissance-des-templiers-13-janvier-1129.html\" target=\"_blank\" rel=\"noopener noreferrer\">Templerorden<\/a>, ein religi\u00f6ser und milit\u00e4rischer Orden, der aus dem christlichen Rittertum des Mittelalters hervorgegangen ist und dessen Mitglieder als Templer bezeichnet werden. Die Aufgabe des Templerordens bestand darin, christliche Pilger auf ihrem Weg ins Heilige Land zu besch\u00fctzen. Diese Pilgerreise z\u00e4hlte zu den drei wichtigsten Pilgerreisen des Christentums im Mittelalter.<\/p>\n<p>Das Siegel, ein pers\u00f6nliches Zeichen, das eine Urkunde beglaubigt und eine Unterschrift best\u00e4tigt. Es gibt \u00fcbrigens etwa zwanzig bekannte Templersiegel. Die franz\u00f6sischen Templersiegel werden im Siegelarchiv der franz\u00f6sischen Nationalarchive aufbewahrt.<\/p>\n<p>Hervorzuheben ist, dass das Patentkreuz auf die Zugeh\u00f6rigkeit der Templer zum Christentum hinweist und die rote Farbe an das von Christus vergossene Blut erinnerte.<\/p>\n<h2>Ihr Kurzschwert der Templer zum besten Preis.<\/h2>\n<p>Wir bieten Ihnen eine gro\u00dfe Auswahl an Repliken aus dem Mittelalter.<\/p>\n<p>Zun\u00e4chst einmal,<\/p>\n<ul>\n<li>Das legend\u00e4re und magische Schwert von K\u00f6nig Artus, das \"Schwert des K\u00f6nigs\".<a href=\"https:\/\/repliquemangacine.fr\/de\/mittelalterliche-reproduktionen\/legendares-schwert-excalibur-konig-arthur\/\">Excalibur<\/a> unterzeichnet Denix.<\/li>\n<li>Aber auch die Nachbildung des<a href=\"https:\/\/repliquemangacine.fr\/de\/mittelalterliches-schwert\/schwert-des-heiligen-mauritius-von-turin-13-jahrhundert\/\">Schwert St. Mauritius von Turin<\/a> 13\u1d49 Jahrhundert mit Scheide.<\/li>\n<li>Und noch viel mehr gibt es in unserem Online-Shop zu entdecken!<\/li>\n<\/ul>\n<p>Deshalb ist dies eine tolle Geschenkidee f\u00fcr alle, die sich f\u00fcr die Zeit des Mittelalters begeistern.<\/p>\n<p>Abschlie\u00dfend k\u00f6nnen Sie auch diesen <strong>Kurzschwert der Templer<\/strong> f\u00fcr Ihre historischen Reenactments oder Themenabende. Vor allem aber ist es auch ein Sammler- und Dekorationsst\u00fcck<\/p>\n<h2>Wie pflegt man die Klinge seines mittelalterlichen Schwertes?<\/h2>\n<p>Sammlungs- und Dekorationsschwerter werden in vereinfachter Form hergestellt und zusammengebaut. Da sie zu Dekorationszwecken verwendet werden, fehlen ihnen die Sicherheitselemente, die ein japanisches Schwert f\u00fcr Trainingszwecke aufweisen muss.<\/p>\n<p>Allerdings ist Ihr <strong>Kurzschwert der Templer<\/strong> zu einer Stahlklinge, die gepflegt werden muss, damit sie nicht mit der Zeit abgenutzt wird. Wenn du dein Schwert n\u00e4mlich ausstellst, werden deine Freunde neugierig sein, die Klinge zu sehen und sie zu ber\u00fchren. Hier ist Vorsicht geboten, denn Sie sollten wissen, dass die S\u00e4ure der Finger dem Stahl unabh\u00e4ngig von seiner Qualit\u00e4t sehr schadet.<\/p>\n<p>Wenn dies jedoch passiert, keine Panik, Sie brauchen nur ein Tuch, das mit etwas \u00d6l befeuchtet ist, und wischen die Fingerabdr\u00fccke ab. Wenn Sie dies tun, werden Sie Ihr Schwert sehr lange behalten.<\/p>","protected":false},"excerpt":{"rendered":"<p>Replik eines Schwertes der Templer.<\/p>\n<ul>\n<li>Klinge aus rostfreiem Stahl in Spiegeloptik.<\/li>\n<li>Metallgarde mit Patentkreuz.<\/li>\n<li>Griff mit rotem Samt \u00fcberzogen.<\/li>\n<li>Knauf aus Stahl.<\/li>\n<li>Mit rotem Kunstleder \u00fcberzogene Scheide.<\/li>\n<li>Klingenl\u00e4nge: 58.5 cm - Gesamtl\u00e4nge: 85 cm - Gewicht: 800 grs<\/li>\n<\/ul>","protected":false},"featured_media":28742,"template":"","meta":[],"product_brand":[896],"product_cat":[25,84,43],"product_tag":[],"class_list":{"0":"post-28741","1":"product","2":"type-product","3":"status-publish","4":"has-post-thumbnail","6":"product_brand-replique-manga-cine","7":"product_cat-armes-historiques","8":"product_cat-epee-templier-medievale","9":"product_cat-reproductions-d-armes-et-accessoires-medievales","11":"first","12":"instock","13":"taxable","14":"shipping-taxable","15":"purchasable","16":"product-type-simple"},"yoast_head":"<!-- This site is optimized with the Yoast SEO plugin v27.5 - https:\/\/yoast.com\/product\/yoast-seo-wordpress\/ -->\n<title>Ep\u00e9e courte des Templiers - Vente d&#039;\u00c9p\u00e9es m\u00e9di\u00e9vale | RMC<\/title>\n<meta name=\"description\" content=\"Venez d\u00e9couvrir l&#039;Ep\u00e9e courte des Templiers au meilleur prix - Lame en acier miroir - Fourreau similicuir - Garde et pommeau acier - Longueur totale : 85 cm\" \/>\n<meta name=\"robots\" content=\"index, follow, max-snippet:-1, max-image-preview:large, max-video-preview:-1\" \/>\n<link rel=\"canonical\" href=\"https:\/\/repliquemangacine.fr\/de\/mittelalterliches-schwert-der-templer\/kurzschwert-der-templer-rote-scheide\/\" \/>\n<meta property=\"og:locale\" content=\"de_DE\" \/>\n<meta property=\"og:type\" content=\"article\" \/>\n<meta property=\"og:title\" content=\"Ep\u00e9e courte des Templiers - Vente d&#039;\u00c9p\u00e9es m\u00e9di\u00e9vale | RMC\" \/>\n<meta property=\"og:description\" content=\"Venez d\u00e9couvrir l&#039;Ep\u00e9e courte des Templiers au meilleur prix - Lame en acier miroir - Fourreau similicuir - Garde et pommeau acier - Longueur totale : 85 cm\" \/>\n<meta property=\"og:url\" content=\"https:\/\/repliquemangacine.fr\/de\/mittelalterliches-schwert-der-templer\/kurzschwert-der-templer-rote-scheide\/\" \/>\n<meta property=\"og:site_name\" content=\"R\u00e9plique Manga Cin\u00e9\" \/>\n<meta property=\"article:publisher\" content=\"https:\/\/www.facebook.com\/RepliqueMangaCine\" \/>\n<meta property=\"article:modified_time\" content=\"2026-03-10T12:14:09+00:00\" \/>\n<meta property=\"og:image\" content=\"https:\/\/repliquemangacine.fr\/wp-content\/uploads\/2023\/10\/3443-Epee-courte-des-Templiers-rouge.jpg\" \/>\n\t<meta property=\"og:image:width\" content=\"800\" \/>\n\t<meta property=\"og:image:height\" content=\"800\" \/>\n\t<meta property=\"og:image:type\" content=\"image\/jpeg\" \/>\n<meta name=\"twitter:card\" content=\"summary_large_image\" \/>\n<meta name=\"twitter:label1\" content=\"Gesch\u00e4tzte Lesezeit\" \/>\n\t<meta name=\"twitter:data1\" content=\"2\u00a0Minuten\" \/>\n<script type=\"application\/ld+json\" class=\"yoast-schema-graph\">{\"@context\":\"https:\\\/\\\/schema.org\",\"@graph\":[{\"@type\":\"WebPage\",\"@id\":\"https:\\\/\\\/repliquemangacine.fr\\\/epee-templier-medievale\\\/epee-courte-des-templiers-fourreau-rouge\\\/\",\"url\":\"https:\\\/\\\/repliquemangacine.fr\\\/epee-templier-medievale\\\/epee-courte-des-templiers-fourreau-rouge\\\/\",\"name\":\"Ep\u00e9e courte des Templiers - Vente d'\u00c9p\u00e9es m\u00e9di\u00e9vale | RMC\",\"isPartOf\":{\"@id\":\"https:\\\/\\\/repliquemangacine.fr\\\/#website\"},\"primaryImageOfPage\":{\"@id\":\"https:\\\/\\\/repliquemangacine.fr\\\/epee-templier-medievale\\\/epee-courte-des-templiers-fourreau-rouge\\\/#primaryimage\"},\"image\":{\"@id\":\"https:\\\/\\\/repliquemangacine.fr\\\/epee-templier-medievale\\\/epee-courte-des-templiers-fourreau-rouge\\\/#primaryimage\"},\"thumbnailUrl\":\"https:\\\/\\\/repliquemangacine.fr\\\/wp-content\\\/uploads\\\/2023\\\/10\\\/3443-Epee-courte-des-Templiers-rouge.jpg\",\"datePublished\":\"2020-02-08T09:18:10+00:00\",\"dateModified\":\"2026-03-10T12:14:09+00:00\",\"description\":\"Venez d\u00e9couvrir l'Ep\u00e9e courte des Templiers au meilleur prix - Lame en acier miroir - Fourreau similicuir - Garde et pommeau acier - Longueur totale : 85 cm\",\"breadcrumb\":{\"@id\":\"https:\\\/\\\/repliquemangacine.fr\\\/epee-templier-medievale\\\/epee-courte-des-templiers-fourreau-rouge\\\/#breadcrumb\"},\"inLanguage\":\"de\",\"potentialAction\":[{\"@type\":\"ReadAction\",\"target\":[\"https:\\\/\\\/repliquemangacine.fr\\\/epee-templier-medievale\\\/epee-courte-des-templiers-fourreau-rouge\\\/\"]}]},{\"@type\":\"ImageObject\",\"inLanguage\":\"de\",\"@id\":\"https:\\\/\\\/repliquemangacine.fr\\\/epee-templier-medievale\\\/epee-courte-des-templiers-fourreau-rouge\\\/#primaryimage\",\"url\":\"https:\\\/\\\/repliquemangacine.fr\\\/wp-content\\\/uploads\\\/2023\\\/10\\\/3443-Epee-courte-des-Templiers-rouge.jpg\",\"contentUrl\":\"https:\\\/\\\/repliquemangacine.fr\\\/wp-content\\\/uploads\\\/2023\\\/10\\\/3443-Epee-courte-des-Templiers-rouge.jpg\",\"width\":800,\"height\":800,\"caption\":\"Ep\u00e9e courte des Templiers rouge\"},{\"@type\":\"BreadcrumbList\",\"@id\":\"https:\\\/\\\/repliquemangacine.fr\\\/epee-templier-medievale\\\/epee-courte-des-templiers-fourreau-rouge\\\/#breadcrumb\",\"itemListElement\":[{\"@type\":\"ListItem\",\"position\":1,\"name\":\"Accueil\",\"item\":\"https:\\\/\\\/repliquemangacine.fr\\\/\"},{\"@type\":\"ListItem\",\"position\":2,\"name\":\"Produits\",\"item\":\"https:\\\/\\\/repliquemangacine.fr\\\/boutique\\\/\"},{\"@type\":\"ListItem\",\"position\":3,\"name\":\"Ep\u00e9e courte Templiers, fourreau rouge\"}]},{\"@type\":\"WebSite\",\"@id\":\"https:\\\/\\\/repliquemangacine.fr\\\/#website\",\"url\":\"https:\\\/\\\/repliquemangacine.fr\\\/\",\"name\":\"R\u00e9plique Manga Cin\u00e9\",\"description\":\"\",\"publisher\":{\"@id\":\"https:\\\/\\\/repliquemangacine.fr\\\/#organization\"},\"potentialAction\":[{\"@type\":\"SearchAction\",\"target\":{\"@type\":\"EntryPoint\",\"urlTemplate\":\"https:\\\/\\\/repliquemangacine.fr\\\/?s={search_term_string}\"},\"query-input\":{\"@type\":\"PropertyValueSpecification\",\"valueRequired\":true,\"valueName\":\"search_term_string\"}}],\"inLanguage\":\"de\"},{\"@type\":\"Organization\",\"@id\":\"https:\\\/\\\/repliquemangacine.fr\\\/#organization\",\"name\":\"R\u00e9plique Manga Cin\u00e9\",\"url\":\"https:\\\/\\\/repliquemangacine.fr\\\/\",\"logo\":{\"@type\":\"ImageObject\",\"inLanguage\":\"de\",\"@id\":\"https:\\\/\\\/repliquemangacine.fr\\\/#\\\/schema\\\/logo\\\/image\\\/\",\"url\":\"https:\\\/\\\/repliquemangacine.fr\\\/wp-content\\\/uploads\\\/2023\\\/10\\\/RMC-500250.png\",\"contentUrl\":\"https:\\\/\\\/repliquemangacine.fr\\\/wp-content\\\/uploads\\\/2023\\\/10\\\/RMC-500250.png\",\"width\":500,\"height\":250,\"caption\":\"R\u00e9plique Manga Cin\u00e9\"},\"image\":{\"@id\":\"https:\\\/\\\/repliquemangacine.fr\\\/#\\\/schema\\\/logo\\\/image\\\/\"},\"sameAs\":[\"https:\\\/\\\/www.facebook.com\\\/RepliqueMangaCine\",\"https:\\\/\\\/www.instagram.com\\\/repliquemangacine.fr\\\/\"]}]}<\/script>\n<!-- \/ Yoast SEO plugin. -->","yoast_head_json":{"title":"Kurzschwert der Templer - Verkauf von mittelalterlichen Schwertern | RMC","description":"Entdecken Sie das Kurzschwert der Templer zum besten Preis - Klinge aus Spiegelstahl - Scheide aus Kunstleder - Stahlschutzb\u00fcgel und Knauf - Gesamtl\u00e4nge: 85 cm","robots":{"index":"index","follow":"follow","max-snippet":"max-snippet:-1","max-image-preview":"max-image-preview:large","max-video-preview":"max-video-preview:-1"},"canonical":"https:\/\/repliquemangacine.fr\/de\/mittelalterliches-schwert-der-templer\/kurzschwert-der-templer-rote-scheide\/","og_locale":"de_DE","og_type":"article","og_title":"Ep\u00e9e courte des Templiers - Vente d'\u00c9p\u00e9es m\u00e9di\u00e9vale | RMC","og_description":"Venez d\u00e9couvrir l'Ep\u00e9e courte des Templiers au meilleur prix - Lame en acier miroir - Fourreau similicuir - Garde et pommeau acier - Longueur totale : 85 cm","og_url":"https:\/\/repliquemangacine.fr\/de\/mittelalterliches-schwert-der-templer\/kurzschwert-der-templer-rote-scheide\/","og_site_name":"R\u00e9plique Manga Cin\u00e9","article_publisher":"https:\/\/www.facebook.com\/RepliqueMangaCine","article_modified_time":"2026-03-10T12:14:09+00:00","og_image":[{"width":800,"height":800,"url":"https:\/\/repliquemangacine.fr\/wp-content\/uploads\/2023\/10\/3443-Epee-courte-des-Templiers-rouge.jpg","type":"image\/jpeg"}],"twitter_card":"summary_large_image","twitter_misc":{"Gesch\u00e4tzte Lesezeit":"2\u00a0Minuten"},"schema":{"@context":"https:\/\/schema.org","@graph":[{"@type":"WebPage","@id":"https:\/\/repliquemangacine.fr\/epee-templier-medievale\/epee-courte-des-templiers-fourreau-rouge\/","url":"https:\/\/repliquemangacine.fr\/epee-templier-medievale\/epee-courte-des-templiers-fourreau-rouge\/","name":"Kurzschwert der Templer - Verkauf von mittelalterlichen Schwertern | RMC","isPartOf":{"@id":"https:\/\/repliquemangacine.fr\/#website"},"primaryImageOfPage":{"@id":"https:\/\/repliquemangacine.fr\/epee-templier-medievale\/epee-courte-des-templiers-fourreau-rouge\/#primaryimage"},"image":{"@id":"https:\/\/repliquemangacine.fr\/epee-templier-medievale\/epee-courte-des-templiers-fourreau-rouge\/#primaryimage"},"thumbnailUrl":"https:\/\/repliquemangacine.fr\/wp-content\/uploads\/2023\/10\/3443-Epee-courte-des-Templiers-rouge.jpg","datePublished":"2020-02-08T09:18:10+00:00","dateModified":"2026-03-10T12:14:09+00:00","description":"Entdecken Sie das Kurzschwert der Templer zum besten Preis - Klinge aus Spiegelstahl - Scheide aus Kunstleder - Stahlschutzb\u00fcgel und Knauf - Gesamtl\u00e4nge: 85 cm","breadcrumb":{"@id":"https:\/\/repliquemangacine.fr\/epee-templier-medievale\/epee-courte-des-templiers-fourreau-rouge\/#breadcrumb"},"inLanguage":"de","potentialAction":[{"@type":"ReadAction","target":["https:\/\/repliquemangacine.fr\/epee-templier-medievale\/epee-courte-des-templiers-fourreau-rouge\/"]}]},{"@type":"ImageObject","inLanguage":"de","@id":"https:\/\/repliquemangacine.fr\/epee-templier-medievale\/epee-courte-des-templiers-fourreau-rouge\/#primaryimage","url":"https:\/\/repliquemangacine.fr\/wp-content\/uploads\/2023\/10\/3443-Epee-courte-des-Templiers-rouge.jpg","contentUrl":"https:\/\/repliquemangacine.fr\/wp-content\/uploads\/2023\/10\/3443-Epee-courte-des-Templiers-rouge.jpg","width":800,"height":800,"caption":"Ep\u00e9e courte des Templiers rouge"},{"@type":"BreadcrumbList","@id":"https:\/\/repliquemangacine.fr\/epee-templier-medievale\/epee-courte-des-templiers-fourreau-rouge\/#breadcrumb","itemListElement":[{"@type":"ListItem","position":1,"name":"Accueil","item":"https:\/\/repliquemangacine.fr\/"},{"@type":"ListItem","position":2,"name":"Produits","item":"https:\/\/repliquemangacine.fr\/boutique\/"},{"@type":"ListItem","position":3,"name":"Ep\u00e9e courte Templiers, fourreau rouge"}]},{"@type":"WebSite","@id":"https:\/\/repliquemangacine.fr\/#website","url":"https:\/\/repliquemangacine.fr\/","name":"R\u00e9plique Manga Cin\u00e9","description":"","publisher":{"@id":"https:\/\/repliquemangacine.fr\/#organization"},"potentialAction":[{"@type":"SearchAction","target":{"@type":"EntryPoint","urlTemplate":"https:\/\/repliquemangacine.fr\/?s={search_term_string}"},"query-input":{"@type":"PropertyValueSpecification","valueRequired":true,"valueName":"search_term_string"}}],"inLanguage":"de"},{"@type":"Organization","@id":"https:\/\/repliquemangacine.fr\/#organization","name":"R\u00e9plique Manga Cin\u00e9","url":"https:\/\/repliquemangacine.fr\/","logo":{"@type":"ImageObject","inLanguage":"de","@id":"https:\/\/repliquemangacine.fr\/#\/schema\/logo\/image\/","url":"https:\/\/repliquemangacine.fr\/wp-content\/uploads\/2023\/10\/RMC-500250.png","contentUrl":"https:\/\/repliquemangacine.fr\/wp-content\/uploads\/2023\/10\/RMC-500250.png","width":500,"height":250,"caption":"R\u00e9plique Manga Cin\u00e9"},"image":{"@id":"https:\/\/repliquemangacine.fr\/#\/schema\/logo\/image\/"},"sameAs":["https:\/\/www.facebook.com\/RepliqueMangaCine","https:\/\/www.instagram.com\/repliquemangacine.fr\/"]}]}},"_links":{"self":[{"href":"https:\/\/repliquemangacine.fr\/de\/wp-json\/wp\/v2\/product\/28741","targetHints":{"allow":["GET"]}}],"collection":[{"href":"https:\/\/repliquemangacine.fr\/de\/wp-json\/wp\/v2\/product"}],"about":[{"href":"https:\/\/repliquemangacine.fr\/de\/wp-json\/wp\/v2\/types\/product"}],"wp:featuredmedia":[{"embeddable":true,"href":"https:\/\/repliquemangacine.fr\/de\/wp-json\/wp\/v2\/media\/28742"}],"wp:attachment":[{"href":"https:\/\/repliquemangacine.fr\/de\/wp-json\/wp\/v2\/media?parent=28741"}],"wp:term":[{"taxonomy":"product_brand","embeddable":true,"href":"https:\/\/repliquemangacine.fr\/de\/wp-json\/wp\/v2\/product_brand?post=28741"},{"taxonomy":"product_cat","embeddable":true,"href":"https:\/\/repliquemangacine.fr\/de\/wp-json\/wp\/v2\/product_cat?post=28741"},{"taxonomy":"product_tag","embeddable":true,"href":"https:\/\/repliquemangacine.fr\/de\/wp-json\/wp\/v2\/product_tag?post=28741"}],"curies":[{"name":"wp","href":"https:\/\/api.w.org\/{rel}","templated":true}]}}