





{"id":28721,"date":"2020-02-05T13:56:26","date_gmt":"2020-02-05T12:56:26","guid":{"rendered":"https:\/\/repliquemangacine.fr\/?post_type=product&#038;p=28721"},"modified":"2026-04-15T06:38:47","modified_gmt":"2026-04-15T04:38:47","slug":"agamotto-auge-amulett-anhanger-dr-strange","status":"publish","type":"product","link":"https:\/\/repliquemangacine.fr\/de\/super-heros-marvel\/oeil-d-agamotto-pendentif-amulette-dr-strange\/","title":{"rendered":"Agamotto-Auge Dr. Strange"},"content":{"rendered":"<h2>Agamotto-Auge Dr. Strange im Marvel-Universum.<\/h2>\n<p>Zu Beginn wird die<strong>Agamotto-Auge Dr. Strange<\/strong> ist ein m\u00e4chtiges Relikt, das von Agamotto, dem ersten obersten Zauberer, als Einschlie\u00dfungsvorrichtung f\u00fcr den Stein der Zeit geschaffen wurde. Das Auge wurde \u00fcber Generationen hinweg von den Meistern der mystischen K\u00fcnste besch\u00fctzt.<\/p>\n<p>Als Beh\u00e4lter des Zeitsteins ist die<a href=\"https:\/\/universcinematographiquemarvel.fandom.com\/fr\/wiki\/\u0152il_d'Agamotto\" target=\"_blank\" rel=\"noopener noreferrer\">Agamottos Auge<\/a> erm\u00f6glicht es seinem Tr\u00e4ger, die Macht des Infinity-Steins zu nutzen, ohne ihn k\u00f6rperlich ber\u00fchren zu m\u00fcssen. Durch den Infinity-Stein gest\u00e4rkt, verf\u00fcgt das Auge \u00fcber enorme zeitbasierte Kr\u00e4fte. Es ist in der Lage, den Fluss der Zeit in kleinem oder gro\u00dfem Ma\u00dfstab zu kontrollieren.<\/p>\n<p>In gro\u00dfem Ma\u00dfstab kann der Stein in der Zeit zur\u00fcckreisen, um ganze Ereignisse r\u00fcckg\u00e4ngig zu machen, sogar so weit, dass er Tote wieder zum Leben erweckt, indem er zu einem Punkt vor ihrem Tod reist.<\/p>\n<h2>Ihr Dr. Strange Agamotto-Auge zum besten Preis<\/h2>\n<p>Wir bieten Ihnen eine gro\u00dfe Auswahl an Repliken Ihrer Superhelden aus dem Marvel-Universum.<\/p>\n<p>Zun\u00e4chst einmal,<\/p>\n<ul>\n<li>Die <a href=\"https:\/\/repliquemangacine.fr\/de\/superheld\/black-widow-sticks-violett\/\">Black Widows St\u00e4be<\/a> mit Schalterknopf f\u00fcr die Beleuchtung der St\u00f6cke.<\/li>\n<li>Es gibt auch den <a href=\"https:\/\/repliquemangacine.fr\/de\/superheld\/arc-reactor-mk1-iron-man-herz-reaktor\/\">Reactor Arc<\/a> von Iron Man Version MK1.<\/li>\n<li>Sowie das <a href=\"https:\/\/repliquemangacine.fr\/de\/superheld\/loki-gespenst\/\">Lokis Spektrum<\/a> mit seiner leuchtenden Basis.<\/li>\n<li>Und noch viel mehr gibt es in unserem Online-Shop zu entdecken!<\/li>\n<\/ul>\n<p>Deshalb ist dies eine tolle Geschenkidee f\u00fcr alle Marvel-Fans.<\/p>\n<p>Abschlie\u00dfend k\u00f6nnen Sie auch den<strong>Agamotto-Auge Dr. Strange<\/strong> als Amulett-Anh\u00e4nger f\u00fcr Ihre Cosplay-Paraden. Vor allem aber ist er auch ein Sammler- und Dekorationsst\u00fcck.<\/p>\n<h2>Wie werden unsere Marvel Avengers-Merchandise-Artikel hergestellt?<\/h2>\n<p>Zun\u00e4chst einmal sind alle unsere Produkte von hoher Qualit\u00e4t und werden mit besonderer Sorgfalt hergestellt. Die Herstellung erfolgt zum Teil von Hand, um jedes noch so kleine Detail zu reproduzieren. Gr\u00f6\u00dfere Teile werden von pr\u00e4zisen Maschinen bearbeitet. Die Gravuren werden in der Regel mit einer Diamantspitze oder einem Laser vorgenommen.<\/p>\n<p>Ihre <strong>Agamotto-Auge Dr. Strange<\/strong> wurde so hergestellt, dass jedes Detail exakt nachgebildet ist. Von den maschinell bearbeiteten Metallteilen mit antikem Bronzefinish bis hin zu den hochintensiven LEDs.<\/p>\n<p>Abschlie\u00dfend sei gesagt, dass unsere Repliken, die aus China oder Spanien importiert wurden, Sie in Erstaunen versetzen werden!<\/p>\n<p>R\u00e9plique Manga Cin\u00e9 ist ein franz\u00f6sisches Familienunternehmen<\/p>","protected":false},"excerpt":{"rendered":"<p>Anh\u00e4nger von Dr. Strange das Auge von Agamotto in Avengers.<\/p>\n<ul>\n<li>Aus Metall mit antikem Bronze-Finish.<\/li>\n<li>Unendlichkeitsstein aus Kunstharz.<\/li>\n<li>Ma\u00dfstab 1\/1<\/li>\n<li>Anh\u00e4nger mit einem Led-Beleuchtungssystem.<\/li>\n<li>Funktioniert mit zwei Batterien (im Lieferumfang enthalten), die den Infinity Stone hell beleuchten!<\/li>\n<li>Ein\/Aus-Taste.<\/li>\n<li>Halsband aus Leder.<\/li>\n<li>Selbstverst\u00e4ndlich kann der Anh\u00e4nger auch getragen werden.<\/li>\n<li>Gr\u00f6\u00dfe des Auges: 10.5 cm X 8 cm - Gewicht: 313 Gramm.<\/li>\n<li><strong>Der Vollmetallst\u00e4nder mit antikem Bronzefinish ist immer noch sehr detailliert.<\/strong><\/li>\n<li>Hell dank einer LED, die mit einer USBC-Spitze (nicht im Lieferumfang enthalten) aufgeladen werden kann.<\/li>\n<li>Ein-\/Ausschalttaste.<\/li>\n<li>Abmessungen des St\u00e4nders: Breite: 9 cm - H\u00f6he: 11 cm - Gewicht: 272 Grs<\/li>\n<\/ul>","protected":false},"featured_media":28722,"template":"","meta":[],"product_brand":[896],"product_cat":[24,59],"product_tag":[],"class_list":{"0":"post-28721","1":"product","2":"type-product","3":"status-publish","4":"has-post-thumbnail","6":"product_brand-replique-manga-cine","7":"product_cat-films-series-tv-vente-de-katana-epee-et-produits-derives","8":"product_cat-super-heros-marvel","10":"first","11":"instock","12":"taxable","13":"shipping-taxable","14":"purchasable","15":"product-type-simple"},"yoast_head":"<!-- This site is optimized with the Yoast SEO plugin v27.5 - https:\/\/yoast.com\/product\/yoast-seo-wordpress\/ -->\n<title>\u0152il d&#039;Agamotto Dr Strange - Echelle 1\/1 - R\u00e9plique Manga Cin\u00e9<\/title>\n<meta name=\"description\" content=\"Offrez-lui l&#039;\u0152il d&#039;Agamotto Dr Strange au meilleur prix. En acier - Pierre d&#039;infinit\u00e9 - Taille r\u00e9elle - Lumineux - Dimension de l&#039;\u0153il 10X8 cm - Support\" \/>\n<meta name=\"robots\" content=\"index, follow, max-snippet:-1, max-image-preview:large, max-video-preview:-1\" \/>\n<link rel=\"canonical\" href=\"https:\/\/repliquemangacine.fr\/de\/marvel-super-heros\/agamotto-auge-amulett-anhanger-dr-strange\/\" \/>\n<meta property=\"og:locale\" content=\"de_DE\" \/>\n<meta property=\"og:type\" content=\"article\" \/>\n<meta property=\"og:title\" content=\"\u0152il d&#039;Agamotto Dr Strange - Echelle 1\/1 - R\u00e9plique Manga Cin\u00e9\" \/>\n<meta property=\"og:description\" content=\"Offrez-lui l&#039;\u0152il d&#039;Agamotto Dr Strange au meilleur prix. En acier - Pierre d&#039;infinit\u00e9 - Taille r\u00e9elle - Lumineux - Dimension de l&#039;\u0153il 10X8 cm - Support\" \/>\n<meta property=\"og:url\" content=\"https:\/\/repliquemangacine.fr\/de\/marvel-super-heros\/agamotto-auge-amulett-anhanger-dr-strange\/\" \/>\n<meta property=\"og:site_name\" content=\"R\u00e9plique Manga Cin\u00e9\" \/>\n<meta property=\"article:publisher\" content=\"https:\/\/www.facebook.com\/RepliqueMangaCine\" \/>\n<meta property=\"article:modified_time\" content=\"2026-04-15T04:38:47+00:00\" \/>\n<meta property=\"og:image\" content=\"https:\/\/repliquemangacine.fr\/wp-content\/uploads\/2023\/10\/0228.jpg\" \/>\n\t<meta property=\"og:image:width\" content=\"800\" \/>\n\t<meta property=\"og:image:height\" content=\"800\" \/>\n\t<meta property=\"og:image:type\" content=\"image\/jpeg\" \/>\n<meta name=\"twitter:card\" content=\"summary_large_image\" \/>\n<meta name=\"twitter:label1\" content=\"Gesch\u00e4tzte Lesezeit\" \/>\n\t<meta name=\"twitter:data1\" content=\"1\u00a0Minute\" \/>\n<script type=\"application\/ld+json\" class=\"yoast-schema-graph\">{\"@context\":\"https:\\\/\\\/schema.org\",\"@graph\":[{\"@type\":\"WebPage\",\"@id\":\"https:\\\/\\\/repliquemangacine.fr\\\/super-heros-marvel\\\/oeil-d-agamotto-pendentif-amulette-dr-strange\\\/\",\"url\":\"https:\\\/\\\/repliquemangacine.fr\\\/super-heros-marvel\\\/oeil-d-agamotto-pendentif-amulette-dr-strange\\\/\",\"name\":\"\u0152il d'Agamotto Dr Strange - Echelle 1\\\/1 - R\u00e9plique Manga Cin\u00e9\",\"isPartOf\":{\"@id\":\"https:\\\/\\\/repliquemangacine.fr\\\/#website\"},\"primaryImageOfPage\":{\"@id\":\"https:\\\/\\\/repliquemangacine.fr\\\/super-heros-marvel\\\/oeil-d-agamotto-pendentif-amulette-dr-strange\\\/#primaryimage\"},\"image\":{\"@id\":\"https:\\\/\\\/repliquemangacine.fr\\\/super-heros-marvel\\\/oeil-d-agamotto-pendentif-amulette-dr-strange\\\/#primaryimage\"},\"thumbnailUrl\":\"https:\\\/\\\/repliquemangacine.fr\\\/wp-content\\\/uploads\\\/2023\\\/10\\\/0228.jpg\",\"datePublished\":\"2020-02-05T12:56:26+00:00\",\"dateModified\":\"2026-04-15T04:38:47+00:00\",\"description\":\"Offrez-lui l'\u0152il d'Agamotto Dr Strange au meilleur prix. En acier - Pierre d'infinit\u00e9 - Taille r\u00e9elle - Lumineux - Dimension de l'\u0153il 10X8 cm - Support\",\"breadcrumb\":{\"@id\":\"https:\\\/\\\/repliquemangacine.fr\\\/super-heros-marvel\\\/oeil-d-agamotto-pendentif-amulette-dr-strange\\\/#breadcrumb\"},\"inLanguage\":\"de\",\"potentialAction\":[{\"@type\":\"ReadAction\",\"target\":[\"https:\\\/\\\/repliquemangacine.fr\\\/super-heros-marvel\\\/oeil-d-agamotto-pendentif-amulette-dr-strange\\\/\"]}]},{\"@type\":\"ImageObject\",\"inLanguage\":\"de\",\"@id\":\"https:\\\/\\\/repliquemangacine.fr\\\/super-heros-marvel\\\/oeil-d-agamotto-pendentif-amulette-dr-strange\\\/#primaryimage\",\"url\":\"https:\\\/\\\/repliquemangacine.fr\\\/wp-content\\\/uploads\\\/2023\\\/10\\\/0228.jpg\",\"contentUrl\":\"https:\\\/\\\/repliquemangacine.fr\\\/wp-content\\\/uploads\\\/2023\\\/10\\\/0228.jpg\",\"width\":800,\"height\":800,\"caption\":\"\u0152il d'Agamotto Dr Strange\"},{\"@type\":\"BreadcrumbList\",\"@id\":\"https:\\\/\\\/repliquemangacine.fr\\\/super-heros-marvel\\\/oeil-d-agamotto-pendentif-amulette-dr-strange\\\/#breadcrumb\",\"itemListElement\":[{\"@type\":\"ListItem\",\"position\":1,\"name\":\"Accueil\",\"item\":\"https:\\\/\\\/repliquemangacine.fr\\\/\"},{\"@type\":\"ListItem\",\"position\":2,\"name\":\"Produits\",\"item\":\"https:\\\/\\\/repliquemangacine.fr\\\/boutique\\\/\"},{\"@type\":\"ListItem\",\"position\":3,\"name\":\"\u0152il d&#8217;Agamotto Dr Strange\"}]},{\"@type\":\"WebSite\",\"@id\":\"https:\\\/\\\/repliquemangacine.fr\\\/#website\",\"url\":\"https:\\\/\\\/repliquemangacine.fr\\\/\",\"name\":\"R\u00e9plique Manga Cin\u00e9\",\"description\":\"\",\"publisher\":{\"@id\":\"https:\\\/\\\/repliquemangacine.fr\\\/#organization\"},\"potentialAction\":[{\"@type\":\"SearchAction\",\"target\":{\"@type\":\"EntryPoint\",\"urlTemplate\":\"https:\\\/\\\/repliquemangacine.fr\\\/?s={search_term_string}\"},\"query-input\":{\"@type\":\"PropertyValueSpecification\",\"valueRequired\":true,\"valueName\":\"search_term_string\"}}],\"inLanguage\":\"de\"},{\"@type\":\"Organization\",\"@id\":\"https:\\\/\\\/repliquemangacine.fr\\\/#organization\",\"name\":\"R\u00e9plique Manga Cin\u00e9\",\"url\":\"https:\\\/\\\/repliquemangacine.fr\\\/\",\"logo\":{\"@type\":\"ImageObject\",\"inLanguage\":\"de\",\"@id\":\"https:\\\/\\\/repliquemangacine.fr\\\/#\\\/schema\\\/logo\\\/image\\\/\",\"url\":\"https:\\\/\\\/repliquemangacine.fr\\\/wp-content\\\/uploads\\\/2023\\\/10\\\/RMC-500250.png\",\"contentUrl\":\"https:\\\/\\\/repliquemangacine.fr\\\/wp-content\\\/uploads\\\/2023\\\/10\\\/RMC-500250.png\",\"width\":500,\"height\":250,\"caption\":\"R\u00e9plique Manga Cin\u00e9\"},\"image\":{\"@id\":\"https:\\\/\\\/repliquemangacine.fr\\\/#\\\/schema\\\/logo\\\/image\\\/\"},\"sameAs\":[\"https:\\\/\\\/www.facebook.com\\\/RepliqueMangaCine\",\"https:\\\/\\\/www.instagram.com\\\/repliquemangacine.fr\\\/\"]}]}<\/script>\n<!-- \/ Yoast SEO plugin. -->","yoast_head_json":{"title":"Dr. Strange Agamotto-Auge - Ma\u00dfstab 1\/1 - R\u00e9plique Manga Cin\u00e9","description":"Schenken Sie ihr das Dr. Strange Agamotto-Auge zum besten Preis. Aus Stahl - Stein der Unendlichkeit - Lebensgro\u00df - Leuchtend - Augengr\u00f6\u00dfe 10X8 cm - Halterung","robots":{"index":"index","follow":"follow","max-snippet":"max-snippet:-1","max-image-preview":"max-image-preview:large","max-video-preview":"max-video-preview:-1"},"canonical":"https:\/\/repliquemangacine.fr\/de\/marvel-super-heros\/agamotto-auge-amulett-anhanger-dr-strange\/","og_locale":"de_DE","og_type":"article","og_title":"\u0152il d'Agamotto Dr Strange - Echelle 1\/1 - R\u00e9plique Manga Cin\u00e9","og_description":"Offrez-lui l'\u0152il d'Agamotto Dr Strange au meilleur prix. En acier - Pierre d'infinit\u00e9 - Taille r\u00e9elle - Lumineux - Dimension de l'\u0153il 10X8 cm - Support","og_url":"https:\/\/repliquemangacine.fr\/de\/marvel-super-heros\/agamotto-auge-amulett-anhanger-dr-strange\/","og_site_name":"R\u00e9plique Manga Cin\u00e9","article_publisher":"https:\/\/www.facebook.com\/RepliqueMangaCine","article_modified_time":"2026-04-15T04:38:47+00:00","og_image":[{"width":800,"height":800,"url":"https:\/\/repliquemangacine.fr\/wp-content\/uploads\/2023\/10\/0228.jpg","type":"image\/jpeg"}],"twitter_card":"summary_large_image","twitter_misc":{"Gesch\u00e4tzte Lesezeit":"1\u00a0Minute"},"schema":{"@context":"https:\/\/schema.org","@graph":[{"@type":"WebPage","@id":"https:\/\/repliquemangacine.fr\/super-heros-marvel\/oeil-d-agamotto-pendentif-amulette-dr-strange\/","url":"https:\/\/repliquemangacine.fr\/super-heros-marvel\/oeil-d-agamotto-pendentif-amulette-dr-strange\/","name":"Dr. Strange Agamotto-Auge - Ma\u00dfstab 1\/1 - R\u00e9plique Manga Cin\u00e9","isPartOf":{"@id":"https:\/\/repliquemangacine.fr\/#website"},"primaryImageOfPage":{"@id":"https:\/\/repliquemangacine.fr\/super-heros-marvel\/oeil-d-agamotto-pendentif-amulette-dr-strange\/#primaryimage"},"image":{"@id":"https:\/\/repliquemangacine.fr\/super-heros-marvel\/oeil-d-agamotto-pendentif-amulette-dr-strange\/#primaryimage"},"thumbnailUrl":"https:\/\/repliquemangacine.fr\/wp-content\/uploads\/2023\/10\/0228.jpg","datePublished":"2020-02-05T12:56:26+00:00","dateModified":"2026-04-15T04:38:47+00:00","description":"Schenken Sie ihr das Dr. Strange Agamotto-Auge zum besten Preis. Aus Stahl - Stein der Unendlichkeit - Lebensgro\u00df - Leuchtend - Augengr\u00f6\u00dfe 10X8 cm - Halterung","breadcrumb":{"@id":"https:\/\/repliquemangacine.fr\/super-heros-marvel\/oeil-d-agamotto-pendentif-amulette-dr-strange\/#breadcrumb"},"inLanguage":"de","potentialAction":[{"@type":"ReadAction","target":["https:\/\/repliquemangacine.fr\/super-heros-marvel\/oeil-d-agamotto-pendentif-amulette-dr-strange\/"]}]},{"@type":"ImageObject","inLanguage":"de","@id":"https:\/\/repliquemangacine.fr\/super-heros-marvel\/oeil-d-agamotto-pendentif-amulette-dr-strange\/#primaryimage","url":"https:\/\/repliquemangacine.fr\/wp-content\/uploads\/2023\/10\/0228.jpg","contentUrl":"https:\/\/repliquemangacine.fr\/wp-content\/uploads\/2023\/10\/0228.jpg","width":800,"height":800,"caption":"\u0152il d'Agamotto Dr Strange"},{"@type":"BreadcrumbList","@id":"https:\/\/repliquemangacine.fr\/super-heros-marvel\/oeil-d-agamotto-pendentif-amulette-dr-strange\/#breadcrumb","itemListElement":[{"@type":"ListItem","position":1,"name":"Accueil","item":"https:\/\/repliquemangacine.fr\/"},{"@type":"ListItem","position":2,"name":"Produits","item":"https:\/\/repliquemangacine.fr\/boutique\/"},{"@type":"ListItem","position":3,"name":"\u0152il d&#8217;Agamotto Dr Strange"}]},{"@type":"WebSite","@id":"https:\/\/repliquemangacine.fr\/#website","url":"https:\/\/repliquemangacine.fr\/","name":"R\u00e9plique Manga Cin\u00e9","description":"","publisher":{"@id":"https:\/\/repliquemangacine.fr\/#organization"},"potentialAction":[{"@type":"SearchAction","target":{"@type":"EntryPoint","urlTemplate":"https:\/\/repliquemangacine.fr\/?s={search_term_string}"},"query-input":{"@type":"PropertyValueSpecification","valueRequired":true,"valueName":"search_term_string"}}],"inLanguage":"de"},{"@type":"Organization","@id":"https:\/\/repliquemangacine.fr\/#organization","name":"R\u00e9plique Manga Cin\u00e9","url":"https:\/\/repliquemangacine.fr\/","logo":{"@type":"ImageObject","inLanguage":"de","@id":"https:\/\/repliquemangacine.fr\/#\/schema\/logo\/image\/","url":"https:\/\/repliquemangacine.fr\/wp-content\/uploads\/2023\/10\/RMC-500250.png","contentUrl":"https:\/\/repliquemangacine.fr\/wp-content\/uploads\/2023\/10\/RMC-500250.png","width":500,"height":250,"caption":"R\u00e9plique Manga Cin\u00e9"},"image":{"@id":"https:\/\/repliquemangacine.fr\/#\/schema\/logo\/image\/"},"sameAs":["https:\/\/www.facebook.com\/RepliqueMangaCine","https:\/\/www.instagram.com\/repliquemangacine.fr\/"]}]}},"_links":{"self":[{"href":"https:\/\/repliquemangacine.fr\/de\/wp-json\/wp\/v2\/product\/28721","targetHints":{"allow":["GET"]}}],"collection":[{"href":"https:\/\/repliquemangacine.fr\/de\/wp-json\/wp\/v2\/product"}],"about":[{"href":"https:\/\/repliquemangacine.fr\/de\/wp-json\/wp\/v2\/types\/product"}],"wp:featuredmedia":[{"embeddable":true,"href":"https:\/\/repliquemangacine.fr\/de\/wp-json\/wp\/v2\/media\/28722"}],"wp:attachment":[{"href":"https:\/\/repliquemangacine.fr\/de\/wp-json\/wp\/v2\/media?parent=28721"}],"wp:term":[{"taxonomy":"product_brand","embeddable":true,"href":"https:\/\/repliquemangacine.fr\/de\/wp-json\/wp\/v2\/product_brand?post=28721"},{"taxonomy":"product_cat","embeddable":true,"href":"https:\/\/repliquemangacine.fr\/de\/wp-json\/wp\/v2\/product_cat?post=28721"},{"taxonomy":"product_tag","embeddable":true,"href":"https:\/\/repliquemangacine.fr\/de\/wp-json\/wp\/v2\/product_tag?post=28721"}],"curies":[{"name":"wp","href":"https:\/\/api.w.org\/{rel}","templated":true}]}}