





{"id":28712,"date":"2020-02-05T11:00:17","date_gmt":"2020-02-05T10:00:17","guid":{"rendered":"https:\/\/repliquemangacine.fr\/?post_type=product&#038;p=28712"},"modified":"2026-03-22T20:13:37","modified_gmt":"2026-03-22T19:13:37","slug":"epee-xeno-trunks-dbz-dragon-ball-z","status":"publish","type":"product","link":"https:\/\/repliquemangacine.fr\/de\/katana-et-epee-de-manga-anime-autre-manga\/epee-xeno-trunks-dbz-dragon-ball-z\/","title":{"rendered":"Schwert von Trunks DBZ"},"content":{"rendered":"<h2>Schwert von Trunks DBZ (Dragon Ball Z)<\/h2>\n<p>Zu Beginn wird die<strong>Schwert von Trunks DBZ<\/strong> ist identisch mit der Anime-Serie. Trunks ist einer der Hauptcharaktere in Dragon Ball. Er ist der Sohn von Vegeta und Bulma.<\/p>\n<p>Trunks hat die Besonderheit, dass er in der Geschichte zweimal vorkommt. Der erste Trunks, der zu Beginn der Cyborg-Saga auftaucht, stammt aus der Zukunft und ist mithilfe einer von Bulma entwickelten Spezialmaschine in der Zeit zur\u00fcckgereist. Erst einige Jahre sp\u00e4ter wird er tats\u00e4chlich geboren.<\/p>\n<p>Im weiteren Verlauf des Artikels wird daher zwischen \"Trunks der Gegenwart\" und \"Trunks der Zukunft\" unterschieden. Wenn <a href=\"https:\/\/dragonball.fandom.com\/fr\/wiki\/Gotenks_(Xeno)\" target=\"_blank\" rel=\"noopener noreferrer\">Trunks<\/a> der Zukunft hatte viele positive Eigenschaften, vor allem durch seine Selbstlosigkeit gegen\u00fcber seinen Mitmenschen. Der Trunks der Gegenwart hat dies nicht erlebt und sein Charakter ist fast das Gegenteil davon.<\/p>\n<h2>Ihr DBZ Trunks Schwert zum besten Preis.<\/h2>\n<p>Wir bieten dir eine gro\u00dfe Auswahl an Repliken aus deinem Lieblings-Animationsmanga.<\/p>\n<p>Zun\u00e4chst einmal,<\/p>\n<ul>\n<li>L'<a href=\"https:\/\/repliquemangacine.fr\/de\/anderer-manga\/schwert-der-rustung-erza-fairy-tail\/\">Erzas Schwert in Fairy Tail<\/a>Das ist die Waffe, die sie mit ihrer Naturr\u00fcstung benutzt.<\/li>\n<li>Es gibt auch das Schwert<a href=\"https:\/\/repliquemangacine.fr\/de\/anderer-manga\/schwert-ruler-fate-apocrypha-schwert-von-johanna-der-jungfrau\/\"> Ruler<\/a> von Jeanne d'Arc, genannt \"la Pucelle\", in Fate Apocrypha.<\/li>\n<li>Sowie die<a href=\"https:\/\/repliquemangacine.fr\/de\/anderer-manga\/rin-schwert-blue-exorcist-katana-kurikara\/\">Rins Schwert<\/a> in \"Blue Exorcist\" ist Kurikara der Name des verzauberten Katanas.<\/li>\n<li>Und viele andere, die es in unserem Online-Shop zu entdecken gibt!<\/li>\n<\/ul>\n<p>Deshalb gibt es hier tolle Geschenkideen f\u00fcr alle Fans des Anime-Mangas Dragon Ball Z.<\/p>\n<p>Selbstverst\u00e4ndlich k\u00f6nnen Sie den<strong>Schwert von Trunks DBZ<\/strong> f\u00fcr Ihre Cosplay-Parade oder Ihre Themenabende. Vor allem aber ist dieser S\u00e4bel ein Sammler- und Dekorationsst\u00fcck.<\/p>\n<p>R\u00e9plique Manga Cin\u00e9 ist ein franz\u00f6sisches Unternehmen<\/p>\n<h2>Wie pflegt man die Klinge seines Dragon Ball Z-Schwerts?<\/h2>\n<p>Sammlungs- und Dekorationsschwerter werden in vereinfachter Form hergestellt und zusammengebaut. Da sie zu Dekorationszwecken verwendet werden, fehlen ihnen die Sicherheitselemente, die ein japanisches Schwert f\u00fcr Trainingszwecke aufweisen muss.<\/p>\n<p>Allerdings ist Ihr <strong>Schwert von Trunks DBZ<\/strong> zu einer Stahlklinge, die gepflegt werden muss, damit sie nicht mit der Zeit abgenutzt wird. Denn wenn du dein Katana ausstellst, werden deine Freunde neugierig sein, die Klinge zu sehen und sie zu ber\u00fchren. Hier ist Vorsicht geboten, denn Sie sollten wissen, dass die S\u00e4ure der Finger dem Stahl unabh\u00e4ngig von seiner Qualit\u00e4t sehr schadet.<\/p>\n<p>Wenn dies jedoch passiert, keine Panik, Sie brauchen nur ein Tuch, das mit etwas \u00d6l befeuchtet ist, und wischen die Fingerabdr\u00fccke ab. Wenn Sie dies tun, werden Sie Ihr Schwert sehr lange behalten.<\/p>","protected":false},"excerpt":{"rendered":"<p><strong>Schwert von Trunks in Dragon Ball Z.<\/strong><\/p>\n<ul>\n<li>Klinge aus rostfreiem Stahl mit polierter Oberfl\u00e4che und Hohlkehle .<\/li>\n<li>Garde und Knauf aus Vollstahl.<\/li>\n<li>Griff aus Metall.<\/li>\n<li>Scheide aus rotem Leder. Verstellbarer blauer Schulterriemen.<\/li>\n<li>L\u00e4nge der Klinge: 79 cm - Gesamtl\u00e4nge: 110 cm<\/li>\n<li>Gesamtgewicht: 1650 Gramm<\/li>\n<\/ul>\n<p><strong>\u00a0<\/strong><\/p>","protected":false},"featured_media":28713,"template":"","meta":[],"product_brand":[896],"product_cat":[65,23],"product_tag":[],"class_list":{"0":"post-28712","1":"product","2":"type-product","3":"status-publish","4":"has-post-thumbnail","6":"product_brand-replique-manga-cine","7":"product_cat-katana-et-epee-de-manga-anime-autre-manga","8":"product_cat-repliques-manga-jeux-video","10":"first","11":"instock","12":"taxable","13":"shipping-taxable","14":"purchasable","15":"product-type-simple"},"yoast_head":"<!-- This site is optimized with the Yoast SEO plugin v27.5 - https:\/\/yoast.com\/product\/yoast-seo-wordpress\/ -->\n<title>Ep\u00e9e de Trunks DBZ- Dragon Ball Z - Boutique en ligne | RMC<\/title>\n<meta name=\"description\" content=\"Offrez-vous l&#039;Ep\u00e9e Trunks DBZ (Dragon Ball Z) au meilleur prix. Lame en acier - Fourreau - Echelle 1\/1 - Longueur totale : 110 cm - Envoi 24\/48h\" \/>\n<meta name=\"robots\" content=\"index, follow, max-snippet:-1, max-image-preview:large, max-video-preview:-1\" \/>\n<link rel=\"canonical\" href=\"https:\/\/repliquemangacine.fr\/de\/katana-und-schwert-von-manga-anime-andere-manga\/epee-xeno-trunks-dbz-dragon-ball-z\/\" \/>\n<meta property=\"og:locale\" content=\"de_DE\" \/>\n<meta property=\"og:type\" content=\"article\" \/>\n<meta property=\"og:title\" content=\"Ep\u00e9e de Trunks DBZ- Dragon Ball Z - Boutique en ligne | RMC\" \/>\n<meta property=\"og:description\" content=\"Offrez-vous l&#039;Ep\u00e9e Trunks DBZ (Dragon Ball Z) au meilleur prix. Lame en acier - Fourreau - Echelle 1\/1 - Longueur totale : 110 cm - Envoi 24\/48h\" \/>\n<meta property=\"og:url\" content=\"https:\/\/repliquemangacine.fr\/de\/katana-und-schwert-von-manga-anime-andere-manga\/epee-xeno-trunks-dbz-dragon-ball-z\/\" \/>\n<meta property=\"og:site_name\" content=\"R\u00e9plique Manga Cin\u00e9\" \/>\n<meta property=\"article:publisher\" content=\"https:\/\/www.facebook.com\/RepliqueMangaCine\" \/>\n<meta property=\"article:modified_time\" content=\"2026-03-22T19:13:37+00:00\" \/>\n<meta property=\"og:image\" content=\"https:\/\/repliquemangacine.fr\/wp-content\/uploads\/2023\/10\/3413-Epee-de-Trunks-Dragon-Ball-Z.jpg\" \/>\n\t<meta property=\"og:image:width\" content=\"1000\" \/>\n\t<meta property=\"og:image:height\" content=\"1000\" \/>\n\t<meta property=\"og:image:type\" content=\"image\/jpeg\" \/>\n<meta name=\"twitter:card\" content=\"summary_large_image\" \/>\n<meta name=\"twitter:label1\" content=\"Gesch\u00e4tzte Lesezeit\" \/>\n\t<meta name=\"twitter:data1\" content=\"1\u00a0Minute\" \/>\n<script type=\"application\/ld+json\" class=\"yoast-schema-graph\">{\"@context\":\"https:\\\/\\\/schema.org\",\"@graph\":[{\"@type\":\"WebPage\",\"@id\":\"https:\\\/\\\/repliquemangacine.fr\\\/katana-et-epee-de-manga-anime-autre-manga\\\/epee-xeno-trunks-dbz-dragon-ball-z\\\/\",\"url\":\"https:\\\/\\\/repliquemangacine.fr\\\/katana-et-epee-de-manga-anime-autre-manga\\\/epee-xeno-trunks-dbz-dragon-ball-z\\\/\",\"name\":\"Ep\u00e9e de Trunks DBZ- Dragon Ball Z - Boutique en ligne | RMC\",\"isPartOf\":{\"@id\":\"https:\\\/\\\/repliquemangacine.fr\\\/#website\"},\"primaryImageOfPage\":{\"@id\":\"https:\\\/\\\/repliquemangacine.fr\\\/katana-et-epee-de-manga-anime-autre-manga\\\/epee-xeno-trunks-dbz-dragon-ball-z\\\/#primaryimage\"},\"image\":{\"@id\":\"https:\\\/\\\/repliquemangacine.fr\\\/katana-et-epee-de-manga-anime-autre-manga\\\/epee-xeno-trunks-dbz-dragon-ball-z\\\/#primaryimage\"},\"thumbnailUrl\":\"https:\\\/\\\/repliquemangacine.fr\\\/wp-content\\\/uploads\\\/2023\\\/10\\\/3413-Epee-de-Trunks-Dragon-Ball-Z.jpg\",\"datePublished\":\"2020-02-05T10:00:17+00:00\",\"dateModified\":\"2026-03-22T19:13:37+00:00\",\"description\":\"Offrez-vous l'Ep\u00e9e Trunks DBZ (Dragon Ball Z) au meilleur prix. Lame en acier - Fourreau - Echelle 1\\\/1 - Longueur totale : 110 cm - Envoi 24\\\/48h\",\"breadcrumb\":{\"@id\":\"https:\\\/\\\/repliquemangacine.fr\\\/katana-et-epee-de-manga-anime-autre-manga\\\/epee-xeno-trunks-dbz-dragon-ball-z\\\/#breadcrumb\"},\"inLanguage\":\"de\",\"potentialAction\":[{\"@type\":\"ReadAction\",\"target\":[\"https:\\\/\\\/repliquemangacine.fr\\\/katana-et-epee-de-manga-anime-autre-manga\\\/epee-xeno-trunks-dbz-dragon-ball-z\\\/\"]}]},{\"@type\":\"ImageObject\",\"inLanguage\":\"de\",\"@id\":\"https:\\\/\\\/repliquemangacine.fr\\\/katana-et-epee-de-manga-anime-autre-manga\\\/epee-xeno-trunks-dbz-dragon-ball-z\\\/#primaryimage\",\"url\":\"https:\\\/\\\/repliquemangacine.fr\\\/wp-content\\\/uploads\\\/2023\\\/10\\\/3413-Epee-de-Trunks-Dragon-Ball-Z.jpg\",\"contentUrl\":\"https:\\\/\\\/repliquemangacine.fr\\\/wp-content\\\/uploads\\\/2023\\\/10\\\/3413-Epee-de-Trunks-Dragon-Ball-Z.jpg\",\"width\":1000,\"height\":1000,\"caption\":\"Ep\u00e9e Xeno Trunks DBZ Dragon Ball Z\"},{\"@type\":\"BreadcrumbList\",\"@id\":\"https:\\\/\\\/repliquemangacine.fr\\\/katana-et-epee-de-manga-anime-autre-manga\\\/epee-xeno-trunks-dbz-dragon-ball-z\\\/#breadcrumb\",\"itemListElement\":[{\"@type\":\"ListItem\",\"position\":1,\"name\":\"Accueil\",\"item\":\"https:\\\/\\\/repliquemangacine.fr\\\/\"},{\"@type\":\"ListItem\",\"position\":2,\"name\":\"Produits\",\"item\":\"https:\\\/\\\/repliquemangacine.fr\\\/boutique\\\/\"},{\"@type\":\"ListItem\",\"position\":3,\"name\":\"Ep\u00e9e de Trunks DBZ\"}]},{\"@type\":\"WebSite\",\"@id\":\"https:\\\/\\\/repliquemangacine.fr\\\/#website\",\"url\":\"https:\\\/\\\/repliquemangacine.fr\\\/\",\"name\":\"R\u00e9plique Manga Cin\u00e9\",\"description\":\"\",\"publisher\":{\"@id\":\"https:\\\/\\\/repliquemangacine.fr\\\/#organization\"},\"potentialAction\":[{\"@type\":\"SearchAction\",\"target\":{\"@type\":\"EntryPoint\",\"urlTemplate\":\"https:\\\/\\\/repliquemangacine.fr\\\/?s={search_term_string}\"},\"query-input\":{\"@type\":\"PropertyValueSpecification\",\"valueRequired\":true,\"valueName\":\"search_term_string\"}}],\"inLanguage\":\"de\"},{\"@type\":\"Organization\",\"@id\":\"https:\\\/\\\/repliquemangacine.fr\\\/#organization\",\"name\":\"R\u00e9plique Manga Cin\u00e9\",\"url\":\"https:\\\/\\\/repliquemangacine.fr\\\/\",\"logo\":{\"@type\":\"ImageObject\",\"inLanguage\":\"de\",\"@id\":\"https:\\\/\\\/repliquemangacine.fr\\\/#\\\/schema\\\/logo\\\/image\\\/\",\"url\":\"https:\\\/\\\/repliquemangacine.fr\\\/wp-content\\\/uploads\\\/2023\\\/10\\\/RMC-500250.png\",\"contentUrl\":\"https:\\\/\\\/repliquemangacine.fr\\\/wp-content\\\/uploads\\\/2023\\\/10\\\/RMC-500250.png\",\"width\":500,\"height\":250,\"caption\":\"R\u00e9plique Manga Cin\u00e9\"},\"image\":{\"@id\":\"https:\\\/\\\/repliquemangacine.fr\\\/#\\\/schema\\\/logo\\\/image\\\/\"},\"sameAs\":[\"https:\\\/\\\/www.facebook.com\\\/RepliqueMangaCine\",\"https:\\\/\\\/www.instagram.com\\\/repliquemangacine.fr\\\/\"]}]}<\/script>\n<!-- \/ Yoast SEO plugin. -->","yoast_head_json":{"title":"Trunks Schwert DBZ- Dragon Ball Z - Online Shop | RMC","description":"G\u00f6nnen Sie sich das DBZ (Dragon Ball Z) Trunks Schwert zum besten Preis. Klinge aus Stahl - Scheide - Ma\u00dfstab 1\/1 - Gesamtl\u00e4nge: 110 cm - Versand 24\/48h","robots":{"index":"index","follow":"follow","max-snippet":"max-snippet:-1","max-image-preview":"max-image-preview:large","max-video-preview":"max-video-preview:-1"},"canonical":"https:\/\/repliquemangacine.fr\/de\/katana-und-schwert-von-manga-anime-andere-manga\/epee-xeno-trunks-dbz-dragon-ball-z\/","og_locale":"de_DE","og_type":"article","og_title":"Ep\u00e9e de Trunks DBZ- Dragon Ball Z - Boutique en ligne | RMC","og_description":"Offrez-vous l'Ep\u00e9e Trunks DBZ (Dragon Ball Z) au meilleur prix. Lame en acier - Fourreau - Echelle 1\/1 - Longueur totale : 110 cm - Envoi 24\/48h","og_url":"https:\/\/repliquemangacine.fr\/de\/katana-und-schwert-von-manga-anime-andere-manga\/epee-xeno-trunks-dbz-dragon-ball-z\/","og_site_name":"R\u00e9plique Manga Cin\u00e9","article_publisher":"https:\/\/www.facebook.com\/RepliqueMangaCine","article_modified_time":"2026-03-22T19:13:37+00:00","og_image":[{"width":1000,"height":1000,"url":"https:\/\/repliquemangacine.fr\/wp-content\/uploads\/2023\/10\/3413-Epee-de-Trunks-Dragon-Ball-Z.jpg","type":"image\/jpeg"}],"twitter_card":"summary_large_image","twitter_misc":{"Gesch\u00e4tzte Lesezeit":"1\u00a0Minute"},"schema":{"@context":"https:\/\/schema.org","@graph":[{"@type":"WebPage","@id":"https:\/\/repliquemangacine.fr\/katana-et-epee-de-manga-anime-autre-manga\/epee-xeno-trunks-dbz-dragon-ball-z\/","url":"https:\/\/repliquemangacine.fr\/katana-et-epee-de-manga-anime-autre-manga\/epee-xeno-trunks-dbz-dragon-ball-z\/","name":"Trunks Schwert DBZ- Dragon Ball Z - Online Shop | RMC","isPartOf":{"@id":"https:\/\/repliquemangacine.fr\/#website"},"primaryImageOfPage":{"@id":"https:\/\/repliquemangacine.fr\/katana-et-epee-de-manga-anime-autre-manga\/epee-xeno-trunks-dbz-dragon-ball-z\/#primaryimage"},"image":{"@id":"https:\/\/repliquemangacine.fr\/katana-et-epee-de-manga-anime-autre-manga\/epee-xeno-trunks-dbz-dragon-ball-z\/#primaryimage"},"thumbnailUrl":"https:\/\/repliquemangacine.fr\/wp-content\/uploads\/2023\/10\/3413-Epee-de-Trunks-Dragon-Ball-Z.jpg","datePublished":"2020-02-05T10:00:17+00:00","dateModified":"2026-03-22T19:13:37+00:00","description":"G\u00f6nnen Sie sich das DBZ (Dragon Ball Z) Trunks Schwert zum besten Preis. Klinge aus Stahl - Scheide - Ma\u00dfstab 1\/1 - Gesamtl\u00e4nge: 110 cm - Versand 24\/48h","breadcrumb":{"@id":"https:\/\/repliquemangacine.fr\/katana-et-epee-de-manga-anime-autre-manga\/epee-xeno-trunks-dbz-dragon-ball-z\/#breadcrumb"},"inLanguage":"de","potentialAction":[{"@type":"ReadAction","target":["https:\/\/repliquemangacine.fr\/katana-et-epee-de-manga-anime-autre-manga\/epee-xeno-trunks-dbz-dragon-ball-z\/"]}]},{"@type":"ImageObject","inLanguage":"de","@id":"https:\/\/repliquemangacine.fr\/katana-et-epee-de-manga-anime-autre-manga\/epee-xeno-trunks-dbz-dragon-ball-z\/#primaryimage","url":"https:\/\/repliquemangacine.fr\/wp-content\/uploads\/2023\/10\/3413-Epee-de-Trunks-Dragon-Ball-Z.jpg","contentUrl":"https:\/\/repliquemangacine.fr\/wp-content\/uploads\/2023\/10\/3413-Epee-de-Trunks-Dragon-Ball-Z.jpg","width":1000,"height":1000,"caption":"Ep\u00e9e Xeno Trunks DBZ Dragon Ball Z"},{"@type":"BreadcrumbList","@id":"https:\/\/repliquemangacine.fr\/katana-et-epee-de-manga-anime-autre-manga\/epee-xeno-trunks-dbz-dragon-ball-z\/#breadcrumb","itemListElement":[{"@type":"ListItem","position":1,"name":"Accueil","item":"https:\/\/repliquemangacine.fr\/"},{"@type":"ListItem","position":2,"name":"Produits","item":"https:\/\/repliquemangacine.fr\/boutique\/"},{"@type":"ListItem","position":3,"name":"Ep\u00e9e de Trunks DBZ"}]},{"@type":"WebSite","@id":"https:\/\/repliquemangacine.fr\/#website","url":"https:\/\/repliquemangacine.fr\/","name":"R\u00e9plique Manga Cin\u00e9","description":"","publisher":{"@id":"https:\/\/repliquemangacine.fr\/#organization"},"potentialAction":[{"@type":"SearchAction","target":{"@type":"EntryPoint","urlTemplate":"https:\/\/repliquemangacine.fr\/?s={search_term_string}"},"query-input":{"@type":"PropertyValueSpecification","valueRequired":true,"valueName":"search_term_string"}}],"inLanguage":"de"},{"@type":"Organization","@id":"https:\/\/repliquemangacine.fr\/#organization","name":"R\u00e9plique Manga Cin\u00e9","url":"https:\/\/repliquemangacine.fr\/","logo":{"@type":"ImageObject","inLanguage":"de","@id":"https:\/\/repliquemangacine.fr\/#\/schema\/logo\/image\/","url":"https:\/\/repliquemangacine.fr\/wp-content\/uploads\/2023\/10\/RMC-500250.png","contentUrl":"https:\/\/repliquemangacine.fr\/wp-content\/uploads\/2023\/10\/RMC-500250.png","width":500,"height":250,"caption":"R\u00e9plique Manga Cin\u00e9"},"image":{"@id":"https:\/\/repliquemangacine.fr\/#\/schema\/logo\/image\/"},"sameAs":["https:\/\/www.facebook.com\/RepliqueMangaCine","https:\/\/www.instagram.com\/repliquemangacine.fr\/"]}]}},"_links":{"self":[{"href":"https:\/\/repliquemangacine.fr\/de\/wp-json\/wp\/v2\/product\/28712","targetHints":{"allow":["GET"]}}],"collection":[{"href":"https:\/\/repliquemangacine.fr\/de\/wp-json\/wp\/v2\/product"}],"about":[{"href":"https:\/\/repliquemangacine.fr\/de\/wp-json\/wp\/v2\/types\/product"}],"wp:featuredmedia":[{"embeddable":true,"href":"https:\/\/repliquemangacine.fr\/de\/wp-json\/wp\/v2\/media\/28713"}],"wp:attachment":[{"href":"https:\/\/repliquemangacine.fr\/de\/wp-json\/wp\/v2\/media?parent=28712"}],"wp:term":[{"taxonomy":"product_brand","embeddable":true,"href":"https:\/\/repliquemangacine.fr\/de\/wp-json\/wp\/v2\/product_brand?post=28712"},{"taxonomy":"product_cat","embeddable":true,"href":"https:\/\/repliquemangacine.fr\/de\/wp-json\/wp\/v2\/product_cat?post=28712"},{"taxonomy":"product_tag","embeddable":true,"href":"https:\/\/repliquemangacine.fr\/de\/wp-json\/wp\/v2\/product_tag?post=28712"}],"curies":[{"name":"wp","href":"https:\/\/api.w.org\/{rel}","templated":true}]}}