





{"id":28656,"date":"2019-12-14T19:28:54","date_gmt":"2019-12-14T18:28:54","guid":{"rendered":"https:\/\/repliquemangacine.fr\/?post_type=product&#038;p=28656"},"modified":"2026-03-07T11:58:44","modified_gmt":"2026-03-07T10:58:44","slug":"assassin-s-creed-odyssey-replica-leonidas-gebrochener-speer","status":"publish","type":"product","link":"https:\/\/repliquemangacine.fr\/de\/armes-assassins-creed\/assassin-s-creed-odyssey-replique-lance-brisee-de-leonidas\/","title":{"rendered":"Zerbrochene Lanze Leonidas"},"content":{"rendered":"<h2>Lance Leonidas in Assassin's Creed Odyssey<\/h2>\n<p>Zu Beginn wird die<strong> Lanze Leonidas Assassin's Creed Odyssey<\/strong> auch bekannt als das Schwert des Leonidas, ist ein Schwert aus Eden. Es wurde von K\u00f6nig Leonidas I. von Sparta w\u00e4hrend der Schlacht bei den Thermopylen gef\u00fchrt. Es ist erw\u00e4hnenswert, dass nach seinem Tod diese Lanze, die w\u00e4hrend des Kampfes zerbrochen war, seiner Tochter Myrrine geschenkt wurde, die sie wiederum ihrem Kind vermachte, <a href=\"https:\/\/assassinscreed.fandom.com\/fr\/wiki\/Kassandra\" target=\"_blank\" rel=\"noopener noreferrer\">Kassandra<\/a>.<\/p>\n<p>Heute ist sie zwar zerbrochen, aber dennoch eine gef\u00fcrchtete Waffe und ein unsch\u00e4tzbarer Familienschatz. Wird an Kassandra\/Alexios weitergegeben, damit einer dieser Helden die Wahrheit \u00fcber seine Abstammung herausfinden kann.<\/p>\n<p>Als Kassandra ihre Familie suchte, begab sie sich zudem in die Schmiede der Alten, um mithilfe der Edenfragmente aus der Ersten Zivilisation die Kampfeffizienz des Speers, seine Widerstandsf\u00e4higkeit und seine \u00fcbernat\u00fcrlichen Kr\u00e4fte zu verbessern.<\/p>\n<h2>Ihr Assassin's Creed Leonidas Speer zum besten Preis.<\/h2>\n<p>Wir zeigen Ihnen alle beliebten Spr\u00fcche aus der Videospielreihe Assassin's Creed.<\/p>\n<p>Zun\u00e4chst einmal,<\/p>\n<ul>\n<li>Die <a href=\"https:\/\/repliquemangacine.fr\/de\/assassins-creed\/wurfmesser-altair-assassin-s-creed\/\">Alta\u00efrs Wurfmesser<\/a> die zu den vier Waffen geh\u00f6ren, die er besitzt.<\/li>\n<li>Es gibt auch die Piraten-Axtpistole Gun Axe, die man in Assassin's Creed Unity: Dead Kings findet.<\/li>\n<li>Und viele andere, die es in unserem Online-Shop zu entdecken gibt!<\/li>\n<\/ul>\n<p>Wenn Sie ein Fan von Assassin's Creed sind, ist dieser Speer von Leonidas eine gro\u00dfartige Erg\u00e4nzung f\u00fcr Ihr Arsenal. Aus diesem Grund ist dies eine gro\u00dfartige Geschenkidee f\u00fcr Fans.<\/p>\n<p>Abschlie\u00dfend k\u00f6nnen Sie auch die <strong>Lanze Leonidas Assassin's Creed<\/strong> f\u00fcr Ihre Cosplay-Parade oder Ihre Themenabende. Vor allem aber ist der Assassin's Creed Odyssey Speer ein Sammler- und Dekorationsst\u00fcck.<\/p>\n<h2>Wie pflegt man die Klinge seines zerbrochenen Speers?<\/h2>\n<p>Sammler- und Dekorationswaffen werden in vereinfachter Form hergestellt und zusammengebaut. Da sie zu Dekorationszwecken verwendet werden, fehlen ihnen die Sicherheitselemente, die ein japanisches Schwert f\u00fcr Trainingszwecke aufweisen muss.<\/p>\n<p>Allerdings ist Ihr <strong>Lance Leonidas Assassin's Creed<\/strong> zu einer Stahlklinge, die gepflegt werden muss, damit sie nicht mit der Zeit abgenutzt wird. Denn wenn du dein Katana ausstellst, werden deine Freunde neugierig sein, die Klinge zu sehen und sie zu ber\u00fchren. Hier ist Vorsicht geboten, denn Sie sollten wissen, dass die S\u00e4ure der Finger dem Stahl unabh\u00e4ngig von seiner Qualit\u00e4t sehr schadet.<\/p>\n<p>Wenn das passiert, keine Panik, Sie brauchen nur ein Tuch, das mit etwas \u00d6l befeuchtet ist, und wischen die Fingerabdr\u00fccke ab. Wenn Sie dies tun, werden Sie Ihr Schwert sehr lange behalten.<\/p>\n<p><strong>\u00a0<\/strong><\/p>","protected":false},"excerpt":{"rendered":"<p>Broken Spear of Leonidas in Assassin's Creed Odyssey<\/p>\n<ul>\n<li>Die Klinge besteht aus Stahl mit Verzierungen.<\/li>\n<li>Bewahrt eine absolut unglaubliche Finesse.<\/li>\n<li>Stiel aus Stahl mit Gummi.<\/li>\n<li>Wird mit einem Pr\u00e4sentationsst\u00e4nder aus durchsichtigem Plexiglas geliefert.<\/li>\n<li>Gesamtl\u00e4nge des Speers: 65 cm - Gewicht: 1450 Gramm<\/li>\n<\/ul>","protected":false},"featured_media":28657,"template":"","meta":[],"product_brand":[896],"product_cat":[836,48,23],"product_tag":[],"class_list":{"0":"post-28656","1":"product","2":"type-product","3":"status-publish","4":"has-post-thumbnail","6":"product_brand-replique-manga-cine","7":"product_cat-armes-assassins-creed","8":"product_cat-epees-assassins-creed-armes-assassins-creed","9":"product_cat-repliques-manga-jeux-video","11":"first","12":"instock","13":"taxable","14":"shipping-taxable","15":"purchasable","16":"product-type-simple"},"yoast_head":"<!-- This site is optimized with the Yoast SEO plugin v27.5 - https:\/\/yoast.com\/product\/yoast-seo-wordpress\/ -->\n<title>Lance L\u00e9onidas Assassin&#039;s Creed - Boutique en ligne | RMC<\/title>\n<meta name=\"description\" content=\"Achetez vite ! La Lance L\u00e9onidas Assassin&#039;s Creed Odyssey au meilleur prix. Lame acier - Longueur totale : 65cm - Support - Envoi 24\/48h\" \/>\n<meta name=\"robots\" content=\"index, follow, max-snippet:-1, max-image-preview:large, max-video-preview:-1\" \/>\n<link rel=\"canonical\" href=\"https:\/\/repliquemangacine.fr\/de\/waffen-assassins-creed\/assassin-s-creed-odyssey-replica-leonidas-gebrochener-speer\/\" \/>\n<meta property=\"og:locale\" content=\"de_DE\" \/>\n<meta property=\"og:type\" content=\"article\" \/>\n<meta property=\"og:title\" content=\"Lance L\u00e9onidas Assassin&#039;s Creed - Boutique en ligne | RMC\" \/>\n<meta property=\"og:description\" content=\"Achetez vite ! La Lance L\u00e9onidas Assassin&#039;s Creed Odyssey au meilleur prix. Lame acier - Longueur totale : 65cm - Support - Envoi 24\/48h\" \/>\n<meta property=\"og:url\" content=\"https:\/\/repliquemangacine.fr\/de\/waffen-assassins-creed\/assassin-s-creed-odyssey-replica-leonidas-gebrochener-speer\/\" \/>\n<meta property=\"og:site_name\" content=\"R\u00e9plique Manga Cin\u00e9\" \/>\n<meta property=\"article:publisher\" content=\"https:\/\/www.facebook.com\/RepliqueMangaCine\" \/>\n<meta property=\"article:modified_time\" content=\"2026-03-07T10:58:44+00:00\" \/>\n<meta property=\"og:image\" content=\"https:\/\/repliquemangacine.fr\/wp-content\/uploads\/2023\/10\/3361-Assassins-Creed-Odyssey-Replique-Lance-brisee-de-Leonidas.jpg\" \/>\n\t<meta property=\"og:image:width\" content=\"800\" \/>\n\t<meta property=\"og:image:height\" content=\"800\" \/>\n\t<meta property=\"og:image:type\" content=\"image\/jpeg\" \/>\n<meta name=\"twitter:card\" content=\"summary_large_image\" \/>\n<meta name=\"twitter:label1\" content=\"Gesch\u00e4tzte Lesezeit\" \/>\n\t<meta name=\"twitter:data1\" content=\"1\u00a0Minute\" \/>\n<script type=\"application\/ld+json\" class=\"yoast-schema-graph\">{\"@context\":\"https:\\\/\\\/schema.org\",\"@graph\":[{\"@type\":\"WebPage\",\"@id\":\"https:\\\/\\\/repliquemangacine.fr\\\/armes-assassins-creed\\\/assassin-s-creed-odyssey-replique-lance-brisee-de-leonidas\\\/\",\"url\":\"https:\\\/\\\/repliquemangacine.fr\\\/armes-assassins-creed\\\/assassin-s-creed-odyssey-replique-lance-brisee-de-leonidas\\\/\",\"name\":\"Lance L\u00e9onidas Assassin's Creed - Boutique en ligne | RMC\",\"isPartOf\":{\"@id\":\"https:\\\/\\\/repliquemangacine.fr\\\/#website\"},\"primaryImageOfPage\":{\"@id\":\"https:\\\/\\\/repliquemangacine.fr\\\/armes-assassins-creed\\\/assassin-s-creed-odyssey-replique-lance-brisee-de-leonidas\\\/#primaryimage\"},\"image\":{\"@id\":\"https:\\\/\\\/repliquemangacine.fr\\\/armes-assassins-creed\\\/assassin-s-creed-odyssey-replique-lance-brisee-de-leonidas\\\/#primaryimage\"},\"thumbnailUrl\":\"https:\\\/\\\/repliquemangacine.fr\\\/wp-content\\\/uploads\\\/2023\\\/10\\\/3361-Assassins-Creed-Odyssey-Replique-Lance-brisee-de-Leonidas.jpg\",\"datePublished\":\"2019-12-14T18:28:54+00:00\",\"dateModified\":\"2026-03-07T10:58:44+00:00\",\"description\":\"Achetez vite ! La Lance L\u00e9onidas Assassin's Creed Odyssey au meilleur prix. Lame acier - Longueur totale : 65cm - Support - Envoi 24\\\/48h\",\"breadcrumb\":{\"@id\":\"https:\\\/\\\/repliquemangacine.fr\\\/armes-assassins-creed\\\/assassin-s-creed-odyssey-replique-lance-brisee-de-leonidas\\\/#breadcrumb\"},\"inLanguage\":\"de\",\"potentialAction\":[{\"@type\":\"ReadAction\",\"target\":[\"https:\\\/\\\/repliquemangacine.fr\\\/armes-assassins-creed\\\/assassin-s-creed-odyssey-replique-lance-brisee-de-leonidas\\\/\"]}]},{\"@type\":\"ImageObject\",\"inLanguage\":\"de\",\"@id\":\"https:\\\/\\\/repliquemangacine.fr\\\/armes-assassins-creed\\\/assassin-s-creed-odyssey-replique-lance-brisee-de-leonidas\\\/#primaryimage\",\"url\":\"https:\\\/\\\/repliquemangacine.fr\\\/wp-content\\\/uploads\\\/2023\\\/10\\\/3361-Assassins-Creed-Odyssey-Replique-Lance-brisee-de-Leonidas.jpg\",\"contentUrl\":\"https:\\\/\\\/repliquemangacine.fr\\\/wp-content\\\/uploads\\\/2023\\\/10\\\/3361-Assassins-Creed-Odyssey-Replique-Lance-brisee-de-Leonidas.jpg\",\"width\":800,\"height\":800,\"caption\":\"Lance L\u00e9onidas Assassin's Creed\"},{\"@type\":\"BreadcrumbList\",\"@id\":\"https:\\\/\\\/repliquemangacine.fr\\\/armes-assassins-creed\\\/assassin-s-creed-odyssey-replique-lance-brisee-de-leonidas\\\/#breadcrumb\",\"itemListElement\":[{\"@type\":\"ListItem\",\"position\":1,\"name\":\"Accueil\",\"item\":\"https:\\\/\\\/repliquemangacine.fr\\\/\"},{\"@type\":\"ListItem\",\"position\":2,\"name\":\"Produits\",\"item\":\"https:\\\/\\\/repliquemangacine.fr\\\/boutique\\\/\"},{\"@type\":\"ListItem\",\"position\":3,\"name\":\"Lance bris\u00e9e L\u00e9onidas\"}]},{\"@type\":\"WebSite\",\"@id\":\"https:\\\/\\\/repliquemangacine.fr\\\/#website\",\"url\":\"https:\\\/\\\/repliquemangacine.fr\\\/\",\"name\":\"R\u00e9plique Manga Cin\u00e9\",\"description\":\"\",\"publisher\":{\"@id\":\"https:\\\/\\\/repliquemangacine.fr\\\/#organization\"},\"potentialAction\":[{\"@type\":\"SearchAction\",\"target\":{\"@type\":\"EntryPoint\",\"urlTemplate\":\"https:\\\/\\\/repliquemangacine.fr\\\/?s={search_term_string}\"},\"query-input\":{\"@type\":\"PropertyValueSpecification\",\"valueRequired\":true,\"valueName\":\"search_term_string\"}}],\"inLanguage\":\"de\"},{\"@type\":\"Organization\",\"@id\":\"https:\\\/\\\/repliquemangacine.fr\\\/#organization\",\"name\":\"R\u00e9plique Manga Cin\u00e9\",\"url\":\"https:\\\/\\\/repliquemangacine.fr\\\/\",\"logo\":{\"@type\":\"ImageObject\",\"inLanguage\":\"de\",\"@id\":\"https:\\\/\\\/repliquemangacine.fr\\\/#\\\/schema\\\/logo\\\/image\\\/\",\"url\":\"https:\\\/\\\/repliquemangacine.fr\\\/wp-content\\\/uploads\\\/2023\\\/10\\\/RMC-500250.png\",\"contentUrl\":\"https:\\\/\\\/repliquemangacine.fr\\\/wp-content\\\/uploads\\\/2023\\\/10\\\/RMC-500250.png\",\"width\":500,\"height\":250,\"caption\":\"R\u00e9plique Manga Cin\u00e9\"},\"image\":{\"@id\":\"https:\\\/\\\/repliquemangacine.fr\\\/#\\\/schema\\\/logo\\\/image\\\/\"},\"sameAs\":[\"https:\\\/\\\/www.facebook.com\\\/RepliqueMangaCine\",\"https:\\\/\\\/www.instagram.com\\\/repliquemangacine.fr\\\/\"]}]}<\/script>\n<!-- \/ Yoast SEO plugin. -->","yoast_head_json":{"title":"Assassin's Creed Leonidas Lanze - Online Shop | RMC","description":"Kaufen Sie schnell! Der Assassin's Creed Odyssey Leonidas Speer zum besten Preis. Stahlklinge - Gesamtl\u00e4nge: 65cm - Halterung - Versand 24\/48h","robots":{"index":"index","follow":"follow","max-snippet":"max-snippet:-1","max-image-preview":"max-image-preview:large","max-video-preview":"max-video-preview:-1"},"canonical":"https:\/\/repliquemangacine.fr\/de\/waffen-assassins-creed\/assassin-s-creed-odyssey-replica-leonidas-gebrochener-speer\/","og_locale":"de_DE","og_type":"article","og_title":"Lance L\u00e9onidas Assassin's Creed - Boutique en ligne | RMC","og_description":"Achetez vite ! La Lance L\u00e9onidas Assassin's Creed Odyssey au meilleur prix. Lame acier - Longueur totale : 65cm - Support - Envoi 24\/48h","og_url":"https:\/\/repliquemangacine.fr\/de\/waffen-assassins-creed\/assassin-s-creed-odyssey-replica-leonidas-gebrochener-speer\/","og_site_name":"R\u00e9plique Manga Cin\u00e9","article_publisher":"https:\/\/www.facebook.com\/RepliqueMangaCine","article_modified_time":"2026-03-07T10:58:44+00:00","og_image":[{"width":800,"height":800,"url":"https:\/\/repliquemangacine.fr\/wp-content\/uploads\/2023\/10\/3361-Assassins-Creed-Odyssey-Replique-Lance-brisee-de-Leonidas.jpg","type":"image\/jpeg"}],"twitter_card":"summary_large_image","twitter_misc":{"Gesch\u00e4tzte Lesezeit":"1\u00a0Minute"},"schema":{"@context":"https:\/\/schema.org","@graph":[{"@type":"WebPage","@id":"https:\/\/repliquemangacine.fr\/armes-assassins-creed\/assassin-s-creed-odyssey-replique-lance-brisee-de-leonidas\/","url":"https:\/\/repliquemangacine.fr\/armes-assassins-creed\/assassin-s-creed-odyssey-replique-lance-brisee-de-leonidas\/","name":"Assassin's Creed Leonidas Lanze - Online Shop | RMC","isPartOf":{"@id":"https:\/\/repliquemangacine.fr\/#website"},"primaryImageOfPage":{"@id":"https:\/\/repliquemangacine.fr\/armes-assassins-creed\/assassin-s-creed-odyssey-replique-lance-brisee-de-leonidas\/#primaryimage"},"image":{"@id":"https:\/\/repliquemangacine.fr\/armes-assassins-creed\/assassin-s-creed-odyssey-replique-lance-brisee-de-leonidas\/#primaryimage"},"thumbnailUrl":"https:\/\/repliquemangacine.fr\/wp-content\/uploads\/2023\/10\/3361-Assassins-Creed-Odyssey-Replique-Lance-brisee-de-Leonidas.jpg","datePublished":"2019-12-14T18:28:54+00:00","dateModified":"2026-03-07T10:58:44+00:00","description":"Kaufen Sie schnell! Der Assassin's Creed Odyssey Leonidas Speer zum besten Preis. Stahlklinge - Gesamtl\u00e4nge: 65cm - Halterung - Versand 24\/48h","breadcrumb":{"@id":"https:\/\/repliquemangacine.fr\/armes-assassins-creed\/assassin-s-creed-odyssey-replique-lance-brisee-de-leonidas\/#breadcrumb"},"inLanguage":"de","potentialAction":[{"@type":"ReadAction","target":["https:\/\/repliquemangacine.fr\/armes-assassins-creed\/assassin-s-creed-odyssey-replique-lance-brisee-de-leonidas\/"]}]},{"@type":"ImageObject","inLanguage":"de","@id":"https:\/\/repliquemangacine.fr\/armes-assassins-creed\/assassin-s-creed-odyssey-replique-lance-brisee-de-leonidas\/#primaryimage","url":"https:\/\/repliquemangacine.fr\/wp-content\/uploads\/2023\/10\/3361-Assassins-Creed-Odyssey-Replique-Lance-brisee-de-Leonidas.jpg","contentUrl":"https:\/\/repliquemangacine.fr\/wp-content\/uploads\/2023\/10\/3361-Assassins-Creed-Odyssey-Replique-Lance-brisee-de-Leonidas.jpg","width":800,"height":800,"caption":"Lance L\u00e9onidas Assassin's Creed"},{"@type":"BreadcrumbList","@id":"https:\/\/repliquemangacine.fr\/armes-assassins-creed\/assassin-s-creed-odyssey-replique-lance-brisee-de-leonidas\/#breadcrumb","itemListElement":[{"@type":"ListItem","position":1,"name":"Accueil","item":"https:\/\/repliquemangacine.fr\/"},{"@type":"ListItem","position":2,"name":"Produits","item":"https:\/\/repliquemangacine.fr\/boutique\/"},{"@type":"ListItem","position":3,"name":"Lance bris\u00e9e L\u00e9onidas"}]},{"@type":"WebSite","@id":"https:\/\/repliquemangacine.fr\/#website","url":"https:\/\/repliquemangacine.fr\/","name":"R\u00e9plique Manga Cin\u00e9","description":"","publisher":{"@id":"https:\/\/repliquemangacine.fr\/#organization"},"potentialAction":[{"@type":"SearchAction","target":{"@type":"EntryPoint","urlTemplate":"https:\/\/repliquemangacine.fr\/?s={search_term_string}"},"query-input":{"@type":"PropertyValueSpecification","valueRequired":true,"valueName":"search_term_string"}}],"inLanguage":"de"},{"@type":"Organization","@id":"https:\/\/repliquemangacine.fr\/#organization","name":"R\u00e9plique Manga Cin\u00e9","url":"https:\/\/repliquemangacine.fr\/","logo":{"@type":"ImageObject","inLanguage":"de","@id":"https:\/\/repliquemangacine.fr\/#\/schema\/logo\/image\/","url":"https:\/\/repliquemangacine.fr\/wp-content\/uploads\/2023\/10\/RMC-500250.png","contentUrl":"https:\/\/repliquemangacine.fr\/wp-content\/uploads\/2023\/10\/RMC-500250.png","width":500,"height":250,"caption":"R\u00e9plique Manga Cin\u00e9"},"image":{"@id":"https:\/\/repliquemangacine.fr\/#\/schema\/logo\/image\/"},"sameAs":["https:\/\/www.facebook.com\/RepliqueMangaCine","https:\/\/www.instagram.com\/repliquemangacine.fr\/"]}]}},"_links":{"self":[{"href":"https:\/\/repliquemangacine.fr\/de\/wp-json\/wp\/v2\/product\/28656","targetHints":{"allow":["GET"]}}],"collection":[{"href":"https:\/\/repliquemangacine.fr\/de\/wp-json\/wp\/v2\/product"}],"about":[{"href":"https:\/\/repliquemangacine.fr\/de\/wp-json\/wp\/v2\/types\/product"}],"wp:featuredmedia":[{"embeddable":true,"href":"https:\/\/repliquemangacine.fr\/de\/wp-json\/wp\/v2\/media\/28657"}],"wp:attachment":[{"href":"https:\/\/repliquemangacine.fr\/de\/wp-json\/wp\/v2\/media?parent=28656"}],"wp:term":[{"taxonomy":"product_brand","embeddable":true,"href":"https:\/\/repliquemangacine.fr\/de\/wp-json\/wp\/v2\/product_brand?post=28656"},{"taxonomy":"product_cat","embeddable":true,"href":"https:\/\/repliquemangacine.fr\/de\/wp-json\/wp\/v2\/product_cat?post=28656"},{"taxonomy":"product_tag","embeddable":true,"href":"https:\/\/repliquemangacine.fr\/de\/wp-json\/wp\/v2\/product_tag?post=28656"}],"curies":[{"name":"wp","href":"https:\/\/api.w.org\/{rel}","templated":true}]}}