





{"id":28651,"date":"2019-12-14T18:37:14","date_gmt":"2019-12-14T17:37:14","guid":{"rendered":"https:\/\/repliquemangacine.fr\/?post_type=product&#038;p=28651"},"modified":"2026-02-17T10:14:56","modified_gmt":"2026-02-17T09:14:56","slug":"zwillingsklingen-von-azzinoth-legendares-schwert-von-illidan","status":"publish","type":"product","link":"https:\/\/repliquemangacine.fr\/de\/epees-world-of-warcraft\/lames-jumelles-d-azzinoth-epee-legendaire-d-illidan\/","title":{"rendered":"Zwillingsklingen aus Azzinoth"},"content":{"rendered":"<h2>Zwillingsklingen von Azzinoth in World of Warcraft<\/h2>\n<p>Zu Beginn <strong>Zwillingsklingen aus Azzinoth<\/strong>ein Set von Schwertern, die mit Magie durchdrungen sind. W\u00e4hrend des Alten Krieges wurde der von der Nachtelfe besiegte D\u00e4mon <a href=\"https:\/\/fr.tbc.wowhead.com\/npc=22917\/illidan-hurlorage\" target=\"_blank\" rel=\"noopener noreferrer\">Illidan Hurlorage<\/a>Er nahm seine Waffen von seinen \u00dcberresten.<\/p>\n<p>Um seine ohnehin schon betr\u00e4chtliche Macht noch weiter zu steigern, nahm Illidan die beiden Schwerter des D\u00e4mons an sich und entdeckte, dass er sie zu einer einzigen t\u00f6dlichen Waffe verschmelzen konnte.<\/p>\n<p>Wow-Spieler erfuhren von den Zwillingsklingen von Azzinoth in der 2007 erschienenen Erweiterung des Spiels The Burning Crusade. Illidan Hurlorage ist der Endboss des Schlachtzugs \"Der Schwarze Tempel\". Daher m\u00fcssen die Gilden einen langen und harten Kampf f\u00fchren, um eine der beiden begehrten legend\u00e4ren Warglaives zu sehen.<\/p>\n<p>F\u00fcr die nostalgischsten Spieler hat das Team von Blizzard im Januar 2022 eine Version von World of Warcraft: The Burning Crusade Classic herausgebracht. Versuchen auch Sie Ihr Gl\u00fcck, um ein Azzinoth-Glaive zu erhalten.<\/p>\n<h2>Ihre Azzinoth-Zwillingsklingen zum besten Preis.<\/h2>\n<p>Wir bieten Ihnen eine gro\u00dfe Auswahl an Schwertern aus der Welt von World of Warcraft.<\/p>\n<p>Zun\u00e4chst einmal,<\/p>\n<ul>\n<li>Die beeindruckende <a href=\"https:\/\/repliquemangacine.fr\/de\/schwert-world-of-warcraft\/frostmourne-deuillegivre-schwert-des-lichkonigs\/\">Schwert Deuillegivre<\/a> ( Frostmourne) von Arthas.<\/li>\n<li>Es gibt auch den Doomhammer des Schicksals, der von dem ikonischen Thrall benutzt wird.<\/li>\n<li>Sowie die zweih\u00e4ndige Axt, die <a href=\"https:\/\/repliquemangacine.fr\/de\/schwert-world-of-warcraft\/axt-des-knotensdunkelschattenmourne-world-of-warcraft\/\">Shadowmourne<\/a> von K\u00f6nig Arthas.<\/li>\n<li>Und noch viel mehr gibt es in unserem Online-Shop zu entdecken!<\/li>\n<\/ul>\n<p>Deshalb ist dies eine tolle Geschenkidee f\u00fcr WoW-Fans<\/p>\n<p>Zusammenfassend l\u00e4sst sich sagen, dass Sie die <strong>Zwillingsklingen aus Azzinoth<\/strong> wird dies in Ihrem Setup am besten wirken. Vor allem aber sind Warglaives Sammler- und Dekorationsst\u00fccke.<\/p>\n<p>R\u00e9plique Manga Cin\u00e9 ist ein franz\u00f6sisches Familienunternehmen.<\/p>\n<h2>Wie pflegt man die Klinge seines World of Warcraft-Schwerts?<\/h2>\n<p>Katanas f\u00fcr Sammlungen und Dekorationen werden auf vereinfachte Weise hergestellt und zusammengebaut. Da sie zu Dekorationszwecken verwendet werden, fehlen ihnen die Sicherheitsmerkmale, die ein japanisches Schwert f\u00fcr Trainingszwecke aufweisen muss.<\/p>\n<p>Allerdings sind Ihre <strong>Zwillingsklingen aus Azzinoth<\/strong> haben eine Stahlklinge, die gepflegt werden muss, damit sie nicht mit der Zeit abgenutzt wird. Denn wenn du dein Katana ausstellst, werden deine Freunde neugierig sein, die Klinge zu sehen und sie zu ber\u00fchren. Hier ist Vorsicht geboten, denn Sie sollten wissen, dass die S\u00e4ure der Finger dem Stahl unabh\u00e4ngig von seiner Qualit\u00e4t sehr schadet.<\/p>\n<p>Wenn dies jedoch passiert, keine Panik, Sie brauchen nur ein Tuch, das mit etwas \u00d6l befeuchtet ist, und wischen die Fingerabdr\u00fccke ab. Wenn Sie dies tun, werden Sie Ihr Schwert sehr lange behalten.<\/p>\n<p><strong>\u00a0<\/strong><\/p>","protected":false},"excerpt":{"rendered":"<p>Zwillingsklingen aus Azzinoth! Illidans legend\u00e4re Waffe in World of Warcraft<\/p>\n<ul>\n<li>Vollst\u00e4ndig aus Metall.<\/li>\n<li>Mittelschutz aus Stahl.<\/li>\n<li>Auf der R\u00fcckseite befinden sich Metallgriffe, die mit schwarzem Kunstleder \u00fcberzogen sind.<\/li>\n<li>Sie k\u00f6nnen zwei Schrauben am Griff beobachten, damit Sie die Klingen f\u00fcr den Transport leicht abmontieren k\u00f6nnen.<\/li>\n<li>Individueller Holzst\u00e4nder f\u00fcr eine sch\u00f6ne Pr\u00e4sentation.<\/li>\n<li>Gesamtl\u00e4nge jeweils: ca. 145 cm - Gewicht: 5.5kg<\/li>\n<\/ul>","protected":false},"featured_media":28652,"template":"","meta":[],"product_brand":[896],"product_cat":[23,60],"product_tag":[],"class_list":{"0":"post-28651","1":"product","2":"type-product","3":"status-publish","4":"has-post-thumbnail","6":"product_brand-replique-manga-cine","7":"product_cat-repliques-manga-jeux-video","8":"product_cat-epees-world-of-warcraft","10":"first","11":"instock","12":"taxable","13":"shipping-taxable","14":"purchasable","15":"product-type-simple"},"yoast_head":"<!-- This site is optimized with the Yoast SEO plugin v27.5 - https:\/\/yoast.com\/product\/yoast-seo-wordpress\/ -->\n<title>Lames Jumelles d&#039;Azzinoth - Wow - Boutique en ligne | RMC<\/title>\n<meta name=\"description\" content=\"Achetez vite ! Les Lames Jumelles d&#039;Azzinoth au meilleur prix. Impressionnante Lame en acier - Support - Longueur : 145 cm chacune - Envoi 24\/48h\" \/>\n<meta name=\"robots\" content=\"index, follow, max-snippet:-1, max-image-preview:large, max-video-preview:-1\" \/>\n<link rel=\"canonical\" href=\"https:\/\/repliquemangacine.fr\/de\/schwerter-world-of-warcraft\/zwillingsklingen-von-azzinoth-legendares-schwert-von-illidan\/\" \/>\n<meta property=\"og:locale\" content=\"de_DE\" \/>\n<meta property=\"og:type\" content=\"article\" \/>\n<meta property=\"og:title\" content=\"Lames Jumelles d&#039;Azzinoth - Wow - Boutique en ligne | RMC\" \/>\n<meta property=\"og:description\" content=\"Achetez vite ! Les Lames Jumelles d&#039;Azzinoth au meilleur prix. Impressionnante Lame en acier - Support - Longueur : 145 cm chacune - Envoi 24\/48h\" \/>\n<meta property=\"og:url\" content=\"https:\/\/repliquemangacine.fr\/de\/schwerter-world-of-warcraft\/zwillingsklingen-von-azzinoth-legendares-schwert-von-illidan\/\" \/>\n<meta property=\"og:site_name\" content=\"R\u00e9plique Manga Cin\u00e9\" \/>\n<meta property=\"article:publisher\" content=\"https:\/\/www.facebook.com\/RepliqueMangaCine\" \/>\n<meta property=\"article:modified_time\" content=\"2026-02-17T09:14:56+00:00\" \/>\n<meta property=\"og:image\" content=\"https:\/\/repliquemangacine.fr\/wp-content\/uploads\/2023\/10\/3355-Lame-dAzzinoth-avec-support-bois.jpg\" \/>\n\t<meta property=\"og:image:width\" content=\"800\" \/>\n\t<meta property=\"og:image:height\" content=\"800\" \/>\n\t<meta property=\"og:image:type\" content=\"image\/jpeg\" \/>\n<meta name=\"twitter:card\" content=\"summary_large_image\" \/>\n<meta name=\"twitter:label1\" content=\"Gesch\u00e4tzte Lesezeit\" \/>\n\t<meta name=\"twitter:data1\" content=\"2\u00a0Minuten\" \/>\n<script type=\"application\/ld+json\" class=\"yoast-schema-graph\">{\"@context\":\"https:\\\/\\\/schema.org\",\"@graph\":[{\"@type\":\"WebPage\",\"@id\":\"https:\\\/\\\/repliquemangacine.fr\\\/epees-world-of-warcraft\\\/lames-jumelles-d-azzinoth-epee-legendaire-d-illidan\\\/\",\"url\":\"https:\\\/\\\/repliquemangacine.fr\\\/epees-world-of-warcraft\\\/lames-jumelles-d-azzinoth-epee-legendaire-d-illidan\\\/\",\"name\":\"Lames Jumelles d'Azzinoth - Wow - Boutique en ligne | RMC\",\"isPartOf\":{\"@id\":\"https:\\\/\\\/repliquemangacine.fr\\\/#website\"},\"primaryImageOfPage\":{\"@id\":\"https:\\\/\\\/repliquemangacine.fr\\\/epees-world-of-warcraft\\\/lames-jumelles-d-azzinoth-epee-legendaire-d-illidan\\\/#primaryimage\"},\"image\":{\"@id\":\"https:\\\/\\\/repliquemangacine.fr\\\/epees-world-of-warcraft\\\/lames-jumelles-d-azzinoth-epee-legendaire-d-illidan\\\/#primaryimage\"},\"thumbnailUrl\":\"https:\\\/\\\/repliquemangacine.fr\\\/wp-content\\\/uploads\\\/2023\\\/10\\\/3355-Lame-dAzzinoth-avec-support-bois.jpg\",\"datePublished\":\"2019-12-14T17:37:14+00:00\",\"dateModified\":\"2026-02-17T09:14:56+00:00\",\"description\":\"Achetez vite ! Les Lames Jumelles d'Azzinoth au meilleur prix. Impressionnante Lame en acier - Support - Longueur : 145 cm chacune - Envoi 24\\\/48h\",\"breadcrumb\":{\"@id\":\"https:\\\/\\\/repliquemangacine.fr\\\/epees-world-of-warcraft\\\/lames-jumelles-d-azzinoth-epee-legendaire-d-illidan\\\/#breadcrumb\"},\"inLanguage\":\"de\",\"potentialAction\":[{\"@type\":\"ReadAction\",\"target\":[\"https:\\\/\\\/repliquemangacine.fr\\\/epees-world-of-warcraft\\\/lames-jumelles-d-azzinoth-epee-legendaire-d-illidan\\\/\"]}]},{\"@type\":\"ImageObject\",\"inLanguage\":\"de\",\"@id\":\"https:\\\/\\\/repliquemangacine.fr\\\/epees-world-of-warcraft\\\/lames-jumelles-d-azzinoth-epee-legendaire-d-illidan\\\/#primaryimage\",\"url\":\"https:\\\/\\\/repliquemangacine.fr\\\/wp-content\\\/uploads\\\/2023\\\/10\\\/3355-Lame-dAzzinoth-avec-support-bois.jpg\",\"contentUrl\":\"https:\\\/\\\/repliquemangacine.fr\\\/wp-content\\\/uploads\\\/2023\\\/10\\\/3355-Lame-dAzzinoth-avec-support-bois.jpg\",\"width\":800,\"height\":800,\"caption\":\"Lames Jumelles d'Azzinoth avec support bois\"},{\"@type\":\"BreadcrumbList\",\"@id\":\"https:\\\/\\\/repliquemangacine.fr\\\/epees-world-of-warcraft\\\/lames-jumelles-d-azzinoth-epee-legendaire-d-illidan\\\/#breadcrumb\",\"itemListElement\":[{\"@type\":\"ListItem\",\"position\":1,\"name\":\"Accueil\",\"item\":\"https:\\\/\\\/repliquemangacine.fr\\\/\"},{\"@type\":\"ListItem\",\"position\":2,\"name\":\"Produits\",\"item\":\"https:\\\/\\\/repliquemangacine.fr\\\/boutique\\\/\"},{\"@type\":\"ListItem\",\"position\":3,\"name\":\"Lames Jumelles d&#8217;Azzinoth\"}]},{\"@type\":\"WebSite\",\"@id\":\"https:\\\/\\\/repliquemangacine.fr\\\/#website\",\"url\":\"https:\\\/\\\/repliquemangacine.fr\\\/\",\"name\":\"R\u00e9plique Manga Cin\u00e9\",\"description\":\"\",\"publisher\":{\"@id\":\"https:\\\/\\\/repliquemangacine.fr\\\/#organization\"},\"potentialAction\":[{\"@type\":\"SearchAction\",\"target\":{\"@type\":\"EntryPoint\",\"urlTemplate\":\"https:\\\/\\\/repliquemangacine.fr\\\/?s={search_term_string}\"},\"query-input\":{\"@type\":\"PropertyValueSpecification\",\"valueRequired\":true,\"valueName\":\"search_term_string\"}}],\"inLanguage\":\"de\"},{\"@type\":\"Organization\",\"@id\":\"https:\\\/\\\/repliquemangacine.fr\\\/#organization\",\"name\":\"R\u00e9plique Manga Cin\u00e9\",\"url\":\"https:\\\/\\\/repliquemangacine.fr\\\/\",\"logo\":{\"@type\":\"ImageObject\",\"inLanguage\":\"de\",\"@id\":\"https:\\\/\\\/repliquemangacine.fr\\\/#\\\/schema\\\/logo\\\/image\\\/\",\"url\":\"https:\\\/\\\/repliquemangacine.fr\\\/wp-content\\\/uploads\\\/2023\\\/10\\\/RMC-500250.png\",\"contentUrl\":\"https:\\\/\\\/repliquemangacine.fr\\\/wp-content\\\/uploads\\\/2023\\\/10\\\/RMC-500250.png\",\"width\":500,\"height\":250,\"caption\":\"R\u00e9plique Manga Cin\u00e9\"},\"image\":{\"@id\":\"https:\\\/\\\/repliquemangacine.fr\\\/#\\\/schema\\\/logo\\\/image\\\/\"},\"sameAs\":[\"https:\\\/\\\/www.facebook.com\\\/RepliqueMangaCine\",\"https:\\\/\\\/www.instagram.com\\\/repliquemangacine.fr\\\/\"]}]}<\/script>\n<!-- \/ Yoast SEO plugin. -->","yoast_head_json":{"title":"Azzinoth-Zwillingsklingen - Wow - Online-Shop | RMC","description":"Kaufen Sie schnell! Die Zwillingsklingen von Azzinoth zum besten Preis. Beeindruckende Klinge aus Stahl - Halterung - L\u00e4nge: je 145 cm - Versand 24\/48h","robots":{"index":"index","follow":"follow","max-snippet":"max-snippet:-1","max-image-preview":"max-image-preview:large","max-video-preview":"max-video-preview:-1"},"canonical":"https:\/\/repliquemangacine.fr\/de\/schwerter-world-of-warcraft\/zwillingsklingen-von-azzinoth-legendares-schwert-von-illidan\/","og_locale":"de_DE","og_type":"article","og_title":"Lames Jumelles d'Azzinoth - Wow - Boutique en ligne | RMC","og_description":"Achetez vite ! Les Lames Jumelles d'Azzinoth au meilleur prix. Impressionnante Lame en acier - Support - Longueur : 145 cm chacune - Envoi 24\/48h","og_url":"https:\/\/repliquemangacine.fr\/de\/schwerter-world-of-warcraft\/zwillingsklingen-von-azzinoth-legendares-schwert-von-illidan\/","og_site_name":"R\u00e9plique Manga Cin\u00e9","article_publisher":"https:\/\/www.facebook.com\/RepliqueMangaCine","article_modified_time":"2026-02-17T09:14:56+00:00","og_image":[{"width":800,"height":800,"url":"https:\/\/repliquemangacine.fr\/wp-content\/uploads\/2023\/10\/3355-Lame-dAzzinoth-avec-support-bois.jpg","type":"image\/jpeg"}],"twitter_card":"summary_large_image","twitter_misc":{"Gesch\u00e4tzte Lesezeit":"2\u00a0Minuten"},"schema":{"@context":"https:\/\/schema.org","@graph":[{"@type":"WebPage","@id":"https:\/\/repliquemangacine.fr\/epees-world-of-warcraft\/lames-jumelles-d-azzinoth-epee-legendaire-d-illidan\/","url":"https:\/\/repliquemangacine.fr\/epees-world-of-warcraft\/lames-jumelles-d-azzinoth-epee-legendaire-d-illidan\/","name":"Azzinoth-Zwillingsklingen - Wow - Online-Shop | RMC","isPartOf":{"@id":"https:\/\/repliquemangacine.fr\/#website"},"primaryImageOfPage":{"@id":"https:\/\/repliquemangacine.fr\/epees-world-of-warcraft\/lames-jumelles-d-azzinoth-epee-legendaire-d-illidan\/#primaryimage"},"image":{"@id":"https:\/\/repliquemangacine.fr\/epees-world-of-warcraft\/lames-jumelles-d-azzinoth-epee-legendaire-d-illidan\/#primaryimage"},"thumbnailUrl":"https:\/\/repliquemangacine.fr\/wp-content\/uploads\/2023\/10\/3355-Lame-dAzzinoth-avec-support-bois.jpg","datePublished":"2019-12-14T17:37:14+00:00","dateModified":"2026-02-17T09:14:56+00:00","description":"Kaufen Sie schnell! Die Zwillingsklingen von Azzinoth zum besten Preis. Beeindruckende Klinge aus Stahl - Halterung - L\u00e4nge: je 145 cm - Versand 24\/48h","breadcrumb":{"@id":"https:\/\/repliquemangacine.fr\/epees-world-of-warcraft\/lames-jumelles-d-azzinoth-epee-legendaire-d-illidan\/#breadcrumb"},"inLanguage":"de","potentialAction":[{"@type":"ReadAction","target":["https:\/\/repliquemangacine.fr\/epees-world-of-warcraft\/lames-jumelles-d-azzinoth-epee-legendaire-d-illidan\/"]}]},{"@type":"ImageObject","inLanguage":"de","@id":"https:\/\/repliquemangacine.fr\/epees-world-of-warcraft\/lames-jumelles-d-azzinoth-epee-legendaire-d-illidan\/#primaryimage","url":"https:\/\/repliquemangacine.fr\/wp-content\/uploads\/2023\/10\/3355-Lame-dAzzinoth-avec-support-bois.jpg","contentUrl":"https:\/\/repliquemangacine.fr\/wp-content\/uploads\/2023\/10\/3355-Lame-dAzzinoth-avec-support-bois.jpg","width":800,"height":800,"caption":"Lames Jumelles d'Azzinoth avec support bois"},{"@type":"BreadcrumbList","@id":"https:\/\/repliquemangacine.fr\/epees-world-of-warcraft\/lames-jumelles-d-azzinoth-epee-legendaire-d-illidan\/#breadcrumb","itemListElement":[{"@type":"ListItem","position":1,"name":"Accueil","item":"https:\/\/repliquemangacine.fr\/"},{"@type":"ListItem","position":2,"name":"Produits","item":"https:\/\/repliquemangacine.fr\/boutique\/"},{"@type":"ListItem","position":3,"name":"Lames Jumelles d&#8217;Azzinoth"}]},{"@type":"WebSite","@id":"https:\/\/repliquemangacine.fr\/#website","url":"https:\/\/repliquemangacine.fr\/","name":"R\u00e9plique Manga Cin\u00e9","description":"","publisher":{"@id":"https:\/\/repliquemangacine.fr\/#organization"},"potentialAction":[{"@type":"SearchAction","target":{"@type":"EntryPoint","urlTemplate":"https:\/\/repliquemangacine.fr\/?s={search_term_string}"},"query-input":{"@type":"PropertyValueSpecification","valueRequired":true,"valueName":"search_term_string"}}],"inLanguage":"de"},{"@type":"Organization","@id":"https:\/\/repliquemangacine.fr\/#organization","name":"R\u00e9plique Manga Cin\u00e9","url":"https:\/\/repliquemangacine.fr\/","logo":{"@type":"ImageObject","inLanguage":"de","@id":"https:\/\/repliquemangacine.fr\/#\/schema\/logo\/image\/","url":"https:\/\/repliquemangacine.fr\/wp-content\/uploads\/2023\/10\/RMC-500250.png","contentUrl":"https:\/\/repliquemangacine.fr\/wp-content\/uploads\/2023\/10\/RMC-500250.png","width":500,"height":250,"caption":"R\u00e9plique Manga Cin\u00e9"},"image":{"@id":"https:\/\/repliquemangacine.fr\/#\/schema\/logo\/image\/"},"sameAs":["https:\/\/www.facebook.com\/RepliqueMangaCine","https:\/\/www.instagram.com\/repliquemangacine.fr\/"]}]}},"_links":{"self":[{"href":"https:\/\/repliquemangacine.fr\/de\/wp-json\/wp\/v2\/product\/28651","targetHints":{"allow":["GET"]}}],"collection":[{"href":"https:\/\/repliquemangacine.fr\/de\/wp-json\/wp\/v2\/product"}],"about":[{"href":"https:\/\/repliquemangacine.fr\/de\/wp-json\/wp\/v2\/types\/product"}],"wp:featuredmedia":[{"embeddable":true,"href":"https:\/\/repliquemangacine.fr\/de\/wp-json\/wp\/v2\/media\/28652"}],"wp:attachment":[{"href":"https:\/\/repliquemangacine.fr\/de\/wp-json\/wp\/v2\/media?parent=28651"}],"wp:term":[{"taxonomy":"product_brand","embeddable":true,"href":"https:\/\/repliquemangacine.fr\/de\/wp-json\/wp\/v2\/product_brand?post=28651"},{"taxonomy":"product_cat","embeddable":true,"href":"https:\/\/repliquemangacine.fr\/de\/wp-json\/wp\/v2\/product_cat?post=28651"},{"taxonomy":"product_tag","embeddable":true,"href":"https:\/\/repliquemangacine.fr\/de\/wp-json\/wp\/v2\/product_tag?post=28651"}],"curies":[{"name":"wp","href":"https:\/\/api.w.org\/{rel}","templated":true}]}}