





{"id":28642,"date":"2019-12-14T17:11:56","date_gmt":"2019-12-14T16:11:56","guid":{"rendered":"https:\/\/repliquemangacine.fr\/?post_type=product&#038;p=28642"},"modified":"2026-02-19T10:46:50","modified_gmt":"2026-02-19T09:46:50","slug":"kriegsschwert-von-azzinoth-schwert-warglaive-von-illidan","status":"publish","type":"product","link":"https:\/\/repliquemangacine.fr\/de\/epees-world-of-warcraft\/glaive-de-guerre-d-azzinoth-epee-warglaive-d-illidan\/","title":{"rendered":"Kriegsgladius von Azzinoth"},"content":{"rendered":"<h2>Illidans Kriegsgladius von Azzinoth in World of Warcraft<\/h2>\n<p>Zu Beginn wird der <strong>Kriegsgladius von Azzinoth<\/strong>Ein Schwert, das mit Magie durchdrungen ist, meist bekannt durch ein Set aus zwei legend\u00e4ren Schwertern namens Illidans Warglaives. Im Krieg der Alten besiegte der D\u00e4mon, der vom Nachtelfen <a href=\"https:\/\/fr.tbc.wowhead.com\/npc=22917\/illidan-hurlorage\" target=\"_blank\" rel=\"noopener noreferrer\">Illidan Hurlorage<\/a>Er nahm seine Waffen von seinen \u00dcberresten.<\/p>\n<p>Illidan Hurlorage ist f\u00fcr zwei Dinge ber\u00fchmt: die schreckliche k\u00f6rperliche Verderbtheit, die seinen K\u00f6rper bedeckt, und seine beiden Klingen.  Um seine ohnehin schon enorme Macht noch weiter zu steigern, nahm Illidan die beiden Schwerter des D\u00e4mons an sich und entdeckte, dass er sie zu einer einzigen t\u00f6dlichen Waffe verschmelzen konnte.<\/p>\n<p>World of Warcraft-Spieler erfuhren von seinen Azzinoth-Schwertern in der 2007 ver\u00f6ffentlichten Spielerweiterung The Burning Crusade. Illidan Hurlorage als Endboss des Schlachtzugs \"Der Schwarze Tempel\".<\/p>\n<h2>Ihre Azzinoth-Kriegsglaive zum besten Preis.<\/h2>\n<p>Wir bieten Ihnen eine gro\u00dfe Auswahl an Schwertern aus der Welt von World of Warcraft.<\/p>\n<p>Zun\u00e4chst einmal,<\/p>\n<ul>\n<li>Das beeindruckende Schwert <a href=\"https:\/\/repliquemangacine.fr\/de\/schwert-world-of-warcraft\/frostmourne-deuillegivre-schwert-des-lichkonigs\/\">Deuillegivre<\/a> ( Frostmourne) von Arthas .<\/li>\n<li>Es gibt auch die <a href=\"https:\/\/repliquemangacine.fr\/de\/andere-filme-und-serien\/dolch-schwert-lions-fang-du-roi-llane-wrynn-warcraft\/\">Dolch Schwert Lion's Fang<\/a> von K\u00f6nig Llane Wrynn<\/li>\n<li>Sowie die<a href=\"https:\/\/repliquemangacine.fr\/de\/schwert-world-of-warcraft\/epee-gardes-royal-chevaliers-warcraft\/\">Schwert der Rittergarde<\/a> des K\u00f6nigreichs Azzenoth im Film Warcraft.<\/li>\n<li>Und noch viel mehr gibt es in unserem Online-Shop zu entdecken!<\/li>\n<\/ul>\n<p>Deshalb ist dies eine tolle Geschenkidee f\u00fcr WoW-Fans<\/p>\n<p>Zusammenfassend l\u00e4sst sich sagen, dass Sie den <strong>Kriegsgladius von Azzinoth<\/strong> wird dies in Ihrem Setup am besten wirken. Vor allem aber sind Warglaives Sammler- und Dekorationsst\u00fccke.<\/p>\n<p>R\u00e9plique Manga Cin\u00e9 ist ein franz\u00f6sisches Familienunternehmen.<\/p>\n<h2>Wie pflegt man die Klinge seines World of Warcraft-Schwerts?<\/h2>\n<p>Katanas f\u00fcr Sammlungen und Dekorationen werden auf vereinfachte Weise hergestellt und zusammengebaut. Da sie zu Dekorationszwecken verwendet werden, fehlen ihnen die Sicherheitsmerkmale, die ein japanisches Schwert f\u00fcr Trainingszwecke aufweisen muss.<\/p>\n<p>Allerdings ist Ihr <strong>Kriegsgladius von Azzinoth<\/strong> zu einer Stahlklinge, die gepflegt werden muss, damit sie nicht mit der Zeit abgenutzt wird. Denn wenn du dein Katana ausstellst, werden deine Freunde neugierig sein, die Klinge zu sehen und sie zu ber\u00fchren. Hier ist Vorsicht geboten, denn Sie sollten wissen, dass die S\u00e4ure der Finger dem Stahl unabh\u00e4ngig von seiner Qualit\u00e4t sehr schadet.<\/p>\n<p>Wenn dies jedoch passiert, keine Panik, Sie brauchen nur ein Tuch, das mit etwas \u00d6l befeuchtet ist, und wischen die Fingerabdr\u00fccke ab. Wenn Sie dies tun, werden Sie Ihr Schwert sehr lange behalten.<\/p>\n<p><strong>\u00a0<\/strong><\/p>","protected":false},"excerpt":{"rendered":"<p>Kriegsgladius von Azzinoth! Legend\u00e4re Waffe von Illidan in World of Warcraft<\/p>\n<ul>\n<li>Vollst\u00e4ndig aus Metall.<\/li>\n<li>Mittelschutz aus Stahl.<\/li>\n<li>Auf der R\u00fcckseite befindet sich der Metallgriff, der mit schwarzem Kunstleder \u00fcberzogen ist.<\/li>\n<li>Holzst\u00e4nder zur Pr\u00e4sentation.<\/li>\n<li>Gesamtl\u00e4nge: ca. 145 cm - Gewicht: 5.5kg<\/li>\n<\/ul>","protected":false},"featured_media":28643,"template":"","meta":[],"product_brand":[896],"product_cat":[23,60],"product_tag":[],"class_list":{"0":"post-28642","1":"product","2":"type-product","3":"status-publish","4":"has-post-thumbnail","6":"product_brand-replique-manga-cine","7":"product_cat-repliques-manga-jeux-video","8":"product_cat-epees-world-of-warcraft","10":"first","11":"instock","12":"taxable","13":"shipping-taxable","14":"purchasable","15":"product-type-simple"},"yoast_head":"<!-- This site is optimized with the Yoast SEO plugin v27.5 - https:\/\/yoast.com\/product\/yoast-seo-wordpress\/ -->\n<title>Glaive de guerre d&#039;Azzinoth - Warglaive - Boutique en ligne - RMC<\/title>\n<meta name=\"description\" content=\"Commandez vite ! Ce Glaive de guerre d&#039;Azzinoth warglaive d&#039;Illidan au meilleur prix. Lame en acier - Echelle 1\/1 - Longueur : 145 cm - Envoi 24\/48h\" \/>\n<meta name=\"robots\" content=\"index, follow, max-snippet:-1, max-image-preview:large, max-video-preview:-1\" \/>\n<link rel=\"canonical\" href=\"https:\/\/repliquemangacine.fr\/de\/schwerter-world-of-warcraft\/kriegsschwert-von-azzinoth-schwert-warglaive-von-illidan\/\" \/>\n<meta property=\"og:locale\" content=\"de_DE\" \/>\n<meta property=\"og:type\" content=\"article\" \/>\n<meta property=\"og:title\" content=\"Glaive de guerre d&#039;Azzinoth - Warglaive - Boutique en ligne - RMC\" \/>\n<meta property=\"og:description\" content=\"Commandez vite ! Ce Glaive de guerre d&#039;Azzinoth warglaive d&#039;Illidan au meilleur prix. Lame en acier - Echelle 1\/1 - Longueur : 145 cm - Envoi 24\/48h\" \/>\n<meta property=\"og:url\" content=\"https:\/\/repliquemangacine.fr\/de\/schwerter-world-of-warcraft\/kriegsschwert-von-azzinoth-schwert-warglaive-von-illidan\/\" \/>\n<meta property=\"og:site_name\" content=\"R\u00e9plique Manga Cin\u00e9\" \/>\n<meta property=\"article:publisher\" content=\"https:\/\/www.facebook.com\/RepliqueMangaCine\" \/>\n<meta property=\"article:modified_time\" content=\"2026-02-19T09:46:50+00:00\" \/>\n<meta property=\"og:image\" content=\"https:\/\/repliquemangacine.fr\/wp-content\/uploads\/2023\/10\/3347-Glaive-de-guerre-dAzzinoth-support.jpg\" \/>\n\t<meta property=\"og:image:width\" content=\"800\" \/>\n\t<meta property=\"og:image:height\" content=\"800\" \/>\n\t<meta property=\"og:image:type\" content=\"image\/jpeg\" \/>\n<meta name=\"twitter:card\" content=\"summary_large_image\" \/>\n<meta name=\"twitter:label1\" content=\"Gesch\u00e4tzte Lesezeit\" \/>\n\t<meta name=\"twitter:data1\" content=\"2\u00a0Minuten\" \/>\n<script type=\"application\/ld+json\" class=\"yoast-schema-graph\">{\"@context\":\"https:\\\/\\\/schema.org\",\"@graph\":[{\"@type\":\"WebPage\",\"@id\":\"https:\\\/\\\/repliquemangacine.fr\\\/epees-world-of-warcraft\\\/glaive-de-guerre-d-azzinoth-epee-warglaive-d-illidan\\\/\",\"url\":\"https:\\\/\\\/repliquemangacine.fr\\\/epees-world-of-warcraft\\\/glaive-de-guerre-d-azzinoth-epee-warglaive-d-illidan\\\/\",\"name\":\"Glaive de guerre d'Azzinoth - Warglaive - Boutique en ligne - RMC\",\"isPartOf\":{\"@id\":\"https:\\\/\\\/repliquemangacine.fr\\\/#website\"},\"primaryImageOfPage\":{\"@id\":\"https:\\\/\\\/repliquemangacine.fr\\\/epees-world-of-warcraft\\\/glaive-de-guerre-d-azzinoth-epee-warglaive-d-illidan\\\/#primaryimage\"},\"image\":{\"@id\":\"https:\\\/\\\/repliquemangacine.fr\\\/epees-world-of-warcraft\\\/glaive-de-guerre-d-azzinoth-epee-warglaive-d-illidan\\\/#primaryimage\"},\"thumbnailUrl\":\"https:\\\/\\\/repliquemangacine.fr\\\/wp-content\\\/uploads\\\/2023\\\/10\\\/3347-Glaive-de-guerre-dAzzinoth-support.jpg\",\"datePublished\":\"2019-12-14T16:11:56+00:00\",\"dateModified\":\"2026-02-19T09:46:50+00:00\",\"description\":\"Commandez vite ! Ce Glaive de guerre d'Azzinoth warglaive d'Illidan au meilleur prix. Lame en acier - Echelle 1\\\/1 - Longueur : 145 cm - Envoi 24\\\/48h\",\"breadcrumb\":{\"@id\":\"https:\\\/\\\/repliquemangacine.fr\\\/epees-world-of-warcraft\\\/glaive-de-guerre-d-azzinoth-epee-warglaive-d-illidan\\\/#breadcrumb\"},\"inLanguage\":\"de\",\"potentialAction\":[{\"@type\":\"ReadAction\",\"target\":[\"https:\\\/\\\/repliquemangacine.fr\\\/epees-world-of-warcraft\\\/glaive-de-guerre-d-azzinoth-epee-warglaive-d-illidan\\\/\"]}]},{\"@type\":\"ImageObject\",\"inLanguage\":\"de\",\"@id\":\"https:\\\/\\\/repliquemangacine.fr\\\/epees-world-of-warcraft\\\/glaive-de-guerre-d-azzinoth-epee-warglaive-d-illidan\\\/#primaryimage\",\"url\":\"https:\\\/\\\/repliquemangacine.fr\\\/wp-content\\\/uploads\\\/2023\\\/10\\\/3347-Glaive-de-guerre-dAzzinoth-support.jpg\",\"contentUrl\":\"https:\\\/\\\/repliquemangacine.fr\\\/wp-content\\\/uploads\\\/2023\\\/10\\\/3347-Glaive-de-guerre-dAzzinoth-support.jpg\",\"width\":800,\"height\":800,\"caption\":\"Glaive de guerre d'Azzinoth + support\"},{\"@type\":\"BreadcrumbList\",\"@id\":\"https:\\\/\\\/repliquemangacine.fr\\\/epees-world-of-warcraft\\\/glaive-de-guerre-d-azzinoth-epee-warglaive-d-illidan\\\/#breadcrumb\",\"itemListElement\":[{\"@type\":\"ListItem\",\"position\":1,\"name\":\"Accueil\",\"item\":\"https:\\\/\\\/repliquemangacine.fr\\\/\"},{\"@type\":\"ListItem\",\"position\":2,\"name\":\"Produits\",\"item\":\"https:\\\/\\\/repliquemangacine.fr\\\/boutique\\\/\"},{\"@type\":\"ListItem\",\"position\":3,\"name\":\"Glaive de guerre d&#8217;Azzinoth\"}]},{\"@type\":\"WebSite\",\"@id\":\"https:\\\/\\\/repliquemangacine.fr\\\/#website\",\"url\":\"https:\\\/\\\/repliquemangacine.fr\\\/\",\"name\":\"R\u00e9plique Manga Cin\u00e9\",\"description\":\"\",\"publisher\":{\"@id\":\"https:\\\/\\\/repliquemangacine.fr\\\/#organization\"},\"potentialAction\":[{\"@type\":\"SearchAction\",\"target\":{\"@type\":\"EntryPoint\",\"urlTemplate\":\"https:\\\/\\\/repliquemangacine.fr\\\/?s={search_term_string}\"},\"query-input\":{\"@type\":\"PropertyValueSpecification\",\"valueRequired\":true,\"valueName\":\"search_term_string\"}}],\"inLanguage\":\"de\"},{\"@type\":\"Organization\",\"@id\":\"https:\\\/\\\/repliquemangacine.fr\\\/#organization\",\"name\":\"R\u00e9plique Manga Cin\u00e9\",\"url\":\"https:\\\/\\\/repliquemangacine.fr\\\/\",\"logo\":{\"@type\":\"ImageObject\",\"inLanguage\":\"de\",\"@id\":\"https:\\\/\\\/repliquemangacine.fr\\\/#\\\/schema\\\/logo\\\/image\\\/\",\"url\":\"https:\\\/\\\/repliquemangacine.fr\\\/wp-content\\\/uploads\\\/2023\\\/10\\\/RMC-500250.png\",\"contentUrl\":\"https:\\\/\\\/repliquemangacine.fr\\\/wp-content\\\/uploads\\\/2023\\\/10\\\/RMC-500250.png\",\"width\":500,\"height\":250,\"caption\":\"R\u00e9plique Manga Cin\u00e9\"},\"image\":{\"@id\":\"https:\\\/\\\/repliquemangacine.fr\\\/#\\\/schema\\\/logo\\\/image\\\/\"},\"sameAs\":[\"https:\\\/\\\/www.facebook.com\\\/RepliqueMangaCine\",\"https:\\\/\\\/www.instagram.com\\\/repliquemangacine.fr\\\/\"]}]}<\/script>\n<!-- \/ Yoast SEO plugin. -->","yoast_head_json":{"title":"Kriegsgladius von Azzinoth - Warglaive - Online-Shop - RMC","description":"Bestellen Sie schnell! Diese Azzinoth warglaive Kriegsglaive von Illidan zum besten Preis. Klinge aus Stahl - Ma\u00dfstab 1\/1 - L\u00e4nge: 145 cm - Versand 24\/48h","robots":{"index":"index","follow":"follow","max-snippet":"max-snippet:-1","max-image-preview":"max-image-preview:large","max-video-preview":"max-video-preview:-1"},"canonical":"https:\/\/repliquemangacine.fr\/de\/schwerter-world-of-warcraft\/kriegsschwert-von-azzinoth-schwert-warglaive-von-illidan\/","og_locale":"de_DE","og_type":"article","og_title":"Glaive de guerre d'Azzinoth - Warglaive - Boutique en ligne - RMC","og_description":"Commandez vite ! Ce Glaive de guerre d'Azzinoth warglaive d'Illidan au meilleur prix. Lame en acier - Echelle 1\/1 - Longueur : 145 cm - Envoi 24\/48h","og_url":"https:\/\/repliquemangacine.fr\/de\/schwerter-world-of-warcraft\/kriegsschwert-von-azzinoth-schwert-warglaive-von-illidan\/","og_site_name":"R\u00e9plique Manga Cin\u00e9","article_publisher":"https:\/\/www.facebook.com\/RepliqueMangaCine","article_modified_time":"2026-02-19T09:46:50+00:00","og_image":[{"width":800,"height":800,"url":"https:\/\/repliquemangacine.fr\/wp-content\/uploads\/2023\/10\/3347-Glaive-de-guerre-dAzzinoth-support.jpg","type":"image\/jpeg"}],"twitter_card":"summary_large_image","twitter_misc":{"Gesch\u00e4tzte Lesezeit":"2\u00a0Minuten"},"schema":{"@context":"https:\/\/schema.org","@graph":[{"@type":"WebPage","@id":"https:\/\/repliquemangacine.fr\/epees-world-of-warcraft\/glaive-de-guerre-d-azzinoth-epee-warglaive-d-illidan\/","url":"https:\/\/repliquemangacine.fr\/epees-world-of-warcraft\/glaive-de-guerre-d-azzinoth-epee-warglaive-d-illidan\/","name":"Kriegsgladius von Azzinoth - Warglaive - Online-Shop - RMC","isPartOf":{"@id":"https:\/\/repliquemangacine.fr\/#website"},"primaryImageOfPage":{"@id":"https:\/\/repliquemangacine.fr\/epees-world-of-warcraft\/glaive-de-guerre-d-azzinoth-epee-warglaive-d-illidan\/#primaryimage"},"image":{"@id":"https:\/\/repliquemangacine.fr\/epees-world-of-warcraft\/glaive-de-guerre-d-azzinoth-epee-warglaive-d-illidan\/#primaryimage"},"thumbnailUrl":"https:\/\/repliquemangacine.fr\/wp-content\/uploads\/2023\/10\/3347-Glaive-de-guerre-dAzzinoth-support.jpg","datePublished":"2019-12-14T16:11:56+00:00","dateModified":"2026-02-19T09:46:50+00:00","description":"Bestellen Sie schnell! Diese Azzinoth warglaive Kriegsglaive von Illidan zum besten Preis. Klinge aus Stahl - Ma\u00dfstab 1\/1 - L\u00e4nge: 145 cm - Versand 24\/48h","breadcrumb":{"@id":"https:\/\/repliquemangacine.fr\/epees-world-of-warcraft\/glaive-de-guerre-d-azzinoth-epee-warglaive-d-illidan\/#breadcrumb"},"inLanguage":"de","potentialAction":[{"@type":"ReadAction","target":["https:\/\/repliquemangacine.fr\/epees-world-of-warcraft\/glaive-de-guerre-d-azzinoth-epee-warglaive-d-illidan\/"]}]},{"@type":"ImageObject","inLanguage":"de","@id":"https:\/\/repliquemangacine.fr\/epees-world-of-warcraft\/glaive-de-guerre-d-azzinoth-epee-warglaive-d-illidan\/#primaryimage","url":"https:\/\/repliquemangacine.fr\/wp-content\/uploads\/2023\/10\/3347-Glaive-de-guerre-dAzzinoth-support.jpg","contentUrl":"https:\/\/repliquemangacine.fr\/wp-content\/uploads\/2023\/10\/3347-Glaive-de-guerre-dAzzinoth-support.jpg","width":800,"height":800,"caption":"Glaive de guerre d'Azzinoth + support"},{"@type":"BreadcrumbList","@id":"https:\/\/repliquemangacine.fr\/epees-world-of-warcraft\/glaive-de-guerre-d-azzinoth-epee-warglaive-d-illidan\/#breadcrumb","itemListElement":[{"@type":"ListItem","position":1,"name":"Accueil","item":"https:\/\/repliquemangacine.fr\/"},{"@type":"ListItem","position":2,"name":"Produits","item":"https:\/\/repliquemangacine.fr\/boutique\/"},{"@type":"ListItem","position":3,"name":"Glaive de guerre d&#8217;Azzinoth"}]},{"@type":"WebSite","@id":"https:\/\/repliquemangacine.fr\/#website","url":"https:\/\/repliquemangacine.fr\/","name":"R\u00e9plique Manga Cin\u00e9","description":"","publisher":{"@id":"https:\/\/repliquemangacine.fr\/#organization"},"potentialAction":[{"@type":"SearchAction","target":{"@type":"EntryPoint","urlTemplate":"https:\/\/repliquemangacine.fr\/?s={search_term_string}"},"query-input":{"@type":"PropertyValueSpecification","valueRequired":true,"valueName":"search_term_string"}}],"inLanguage":"de"},{"@type":"Organization","@id":"https:\/\/repliquemangacine.fr\/#organization","name":"R\u00e9plique Manga Cin\u00e9","url":"https:\/\/repliquemangacine.fr\/","logo":{"@type":"ImageObject","inLanguage":"de","@id":"https:\/\/repliquemangacine.fr\/#\/schema\/logo\/image\/","url":"https:\/\/repliquemangacine.fr\/wp-content\/uploads\/2023\/10\/RMC-500250.png","contentUrl":"https:\/\/repliquemangacine.fr\/wp-content\/uploads\/2023\/10\/RMC-500250.png","width":500,"height":250,"caption":"R\u00e9plique Manga Cin\u00e9"},"image":{"@id":"https:\/\/repliquemangacine.fr\/#\/schema\/logo\/image\/"},"sameAs":["https:\/\/www.facebook.com\/RepliqueMangaCine","https:\/\/www.instagram.com\/repliquemangacine.fr\/"]}]}},"_links":{"self":[{"href":"https:\/\/repliquemangacine.fr\/de\/wp-json\/wp\/v2\/product\/28642","targetHints":{"allow":["GET"]}}],"collection":[{"href":"https:\/\/repliquemangacine.fr\/de\/wp-json\/wp\/v2\/product"}],"about":[{"href":"https:\/\/repliquemangacine.fr\/de\/wp-json\/wp\/v2\/types\/product"}],"wp:featuredmedia":[{"embeddable":true,"href":"https:\/\/repliquemangacine.fr\/de\/wp-json\/wp\/v2\/media\/28643"}],"wp:attachment":[{"href":"https:\/\/repliquemangacine.fr\/de\/wp-json\/wp\/v2\/media?parent=28642"}],"wp:term":[{"taxonomy":"product_brand","embeddable":true,"href":"https:\/\/repliquemangacine.fr\/de\/wp-json\/wp\/v2\/product_brand?post=28642"},{"taxonomy":"product_cat","embeddable":true,"href":"https:\/\/repliquemangacine.fr\/de\/wp-json\/wp\/v2\/product_cat?post=28642"},{"taxonomy":"product_tag","embeddable":true,"href":"https:\/\/repliquemangacine.fr\/de\/wp-json\/wp\/v2\/product_tag?post=28642"}],"curies":[{"name":"wp","href":"https:\/\/api.w.org\/{rel}","templated":true}]}}