





{"id":28622,"date":"2019-12-01T15:40:22","date_gmt":"2019-12-01T14:40:22","guid":{"rendered":"https:\/\/repliquemangacine.fr\/?post_type=product&#038;p=28622"},"modified":"2026-02-23T23:15:03","modified_gmt":"2026-02-23T22:15:03","slug":"schwert-leonidas-glaive-aus-dem-film-300","status":"publish","type":"product","link":"https:\/\/repliquemangacine.fr\/de\/katana-les-epees-de-films-et-series\/epee-leonidas-glaive-du-film-300\/","title":{"rendered":"Leonidas-Schwert aus dem Film 300"},"content":{"rendered":"<h2>Leonidas-Schwert aus dem Film 300.<\/h2>\n<p>Zu Beginn wird die<strong>Leonidas-Schwert aus dem Film 300<\/strong> ist die identische Replik, die Gerard Butler alias K\u00f6nig Leonidas verwendet.<\/p>\n<p>300 ist ein US-amerikanischer Sandalenfilm, der von Zack Snyder mitgeschrieben und inszeniert wurde. <a href=\"https:\/\/fr.wikipedia.org\/wiki\/L\u00e9onidas_Ier_de_Sparte\" target=\"_blank\" rel=\"noopener noreferrer\">Leonidas<\/a> wurde nach dem erfolgreichen Bestehen der spartanischen Ritualpr\u00fcfungen K\u00f6nig von Sparta. Von einem persischen Boten erf\u00e4hrt er, dass K\u00f6nig Xerxes plant, in Griechenland einzufallen und seine Stadt zu unterwerfen, weigert sich jedoch, \u00fcber eine Einigung zu verhandeln.<\/p>\n<p>Entgegen dem Rat der durch persisches Gold bestochenen Ephoren zieht er mit den 300 besten Soldaten seiner Stadt in den Kampf gegen den Feind und wird unterwegs von Daxos und seinen Arkadiern unterst\u00fctzt. Leonidas beschlie\u00dft, die persische Armee in der engen und felsigen Passage der Thermopylen zu bek\u00e4mpfen.<\/p>\n<h2>Ihr Leonidas-Schwert aus dem Film 300 zum besten Preis.<\/h2>\n<p>Wir bieten Ihnen alle Reproduktionen historischer Waffen an.<\/p>\n<p>Zun\u00e4chst einmal,<\/p>\n<ul>\n<li>Der gro\u00dfartige <a href=\"https:\/\/repliquemangacine.fr\/de\/schwerter-glaven\/glaive-romain-noir\/\">Gladiator-Schwert<\/a> inspiriert vom Film.<\/li>\n<li>Es gibt auch den <a href=\"https:\/\/repliquemangacine.fr\/de\/andere-filme\/maximus-gladiator-helm-helm-mit-spitzen\/\">Maximus-Helm<\/a> aus dem Film Gladiator<\/li>\n<li>Sowie die<a href=\"https:\/\/repliquemangacine.fr\/de\/schwerter-glaven\/spatha-romische-kavallerie\/\">r\u00f6misches Kavallerie-Schwert<\/a> auch Spatha genannt.<\/li>\n<li>Und viele andere, die es in unserem Online-Shop zu entdecken gibt!<\/li>\n<\/ul>\n<p>Deshalb gibt es hier einige gro\u00dfartige Geschenkideen f\u00fcr Filmfans.<\/p>\n<p>Abschlie\u00dfend k\u00f6nnen Sie auch diesen <strong>Leonidas-Schwert aus dem Film 300<\/strong> f\u00fcr Ihre historischen Auff\u00fchrungen oder Themenabende. Vor allem aber ist das Schwert des Leonidas, ein Sammler- und Dekorationsst\u00fcck.<\/p>\n<h2>Wie pflegt man die Klinge seines Schwertes?<\/h2>\n<p>Sammlungs- und Dekorationsschwerter werden auf vereinfachte Weise hergestellt und zusammengebaut. Da sie zu Dekorationszwecken verwendet werden, verf\u00fcgen sie nicht \u00fcber die Sicherheitsmerkmale, die ein japanisches Schwert f\u00fcr das Training aufweisen muss.<\/p>\n<p>Allerdings ist Ihr <strong>Leonidas-Schwert aus dem Film 300<\/strong> zu einer Stahlklinge, die gepflegt werden muss, damit sie nicht mit der Zeit abgenutzt wird. Denn wenn du dein Katana ausstellst, werden deine Freunde neugierig sein, die Klinge zu sehen und sie zu ber\u00fchren. Hier ist Vorsicht geboten, denn Sie sollten wissen, dass die S\u00e4ure der Finger dem Stahl unabh\u00e4ngig von seiner Qualit\u00e4t sehr schadet.<\/p>\n<p>Wenn dies jedoch passiert, keine Panik, Sie brauchen nur ein Tuch, das mit etwas \u00d6l befeuchtet ist, und wischen die Fingerabdr\u00fccke ab. Wenn Sie dies tun, werden Sie Ihr Schwert sehr lange behalten.<\/p>","protected":false},"excerpt":{"rendered":"<p>S\u00e4bel, der von \"K\u00f6nig Leonidas\" im Film \"300\" verwendet wird.<\/p>\n<ul>\n<li>Vollst\u00e4ndig aus Stahl und aus einem St\u00fcck gefertigt.<\/li>\n<li>Die schwarze Klinge ist aus 440er Stahl.<\/li>\n<li>Mit Kunstleder \u00fcberzogener Griff.<\/li>\n<li>Scheide aus Kunstleder.<\/li>\n<li>L\u00e4nge der Klinge: 45.5 cm - Gesamtl\u00e4nge: 63 cm<\/li>\n<\/ul>","protected":false},"featured_media":28623,"template":"","meta":[],"product_brand":[896],"product_cat":[31,25,91,66,73,24],"product_tag":[],"class_list":{"0":"post-28622","1":"product","2":"type-product","3":"status-publish","4":"has-post-thumbnail","6":"product_brand-replique-manga-cine","7":"product_cat-armes-antiques","8":"product_cat-armes-historiques","9":"product_cat-katana-les-epees-de-films-et-series","10":"product_cat-repliques-d-armes-films-et-series","11":"product_cat-epees-glaives-antique","12":"product_cat-films-series-tv-vente-de-katana-epee-et-produits-derives","14":"first","15":"instock","16":"taxable","17":"shipping-taxable","18":"purchasable","19":"product-type-simple"},"yoast_head":"<!-- This site is optimized with the Yoast SEO plugin v27.5 - https:\/\/yoast.com\/product\/yoast-seo-wordpress\/ -->\n<title>Ep\u00e9e L\u00e9onidas du film 300 -Glaive spartiate | R\u00e9plique Manga Cin\u00e9<\/title>\n<meta name=\"description\" content=\"D\u00e9couvrez l&#039;Ep\u00e9e L\u00e9onidas du film 300 au meilleur prix. Tout en acier - Fourreau similicuir - Lame en acier 440 - Longueur totale : 63 cm\" \/>\n<meta name=\"robots\" content=\"index, follow, max-snippet:-1, max-image-preview:large, max-video-preview:-1\" \/>\n<link rel=\"canonical\" href=\"https:\/\/repliquemangacine.fr\/de\/katana-die-schwerter-aus-filmen-und-serien\/schwert-leonidas-glaive-aus-dem-film-300\/\" \/>\n<meta property=\"og:locale\" content=\"de_DE\" \/>\n<meta property=\"og:type\" content=\"article\" \/>\n<meta property=\"og:title\" content=\"Ep\u00e9e L\u00e9onidas du film 300 -Glaive spartiate | R\u00e9plique Manga Cin\u00e9\" \/>\n<meta property=\"og:description\" content=\"D\u00e9couvrez l&#039;Ep\u00e9e L\u00e9onidas du film 300 au meilleur prix. Tout en acier - Fourreau similicuir - Lame en acier 440 - Longueur totale : 63 cm\" \/>\n<meta property=\"og:url\" content=\"https:\/\/repliquemangacine.fr\/de\/katana-die-schwerter-aus-filmen-und-serien\/schwert-leonidas-glaive-aus-dem-film-300\/\" \/>\n<meta property=\"og:site_name\" content=\"R\u00e9plique Manga Cin\u00e9\" \/>\n<meta property=\"article:publisher\" content=\"https:\/\/www.facebook.com\/RepliqueMangaCine\" \/>\n<meta property=\"article:modified_time\" content=\"2026-02-23T22:15:03+00:00\" \/>\n<meta property=\"og:image\" content=\"https:\/\/repliquemangacine.fr\/wp-content\/uploads\/2023\/10\/3331-Epee-Leonidas-glaive-du-film-300.jpg\" \/>\n\t<meta property=\"og:image:width\" content=\"800\" \/>\n\t<meta property=\"og:image:height\" content=\"800\" \/>\n\t<meta property=\"og:image:type\" content=\"image\/jpeg\" \/>\n<meta name=\"twitter:card\" content=\"summary_large_image\" \/>\n<meta name=\"twitter:label1\" content=\"Gesch\u00e4tzte Lesezeit\" \/>\n\t<meta name=\"twitter:data1\" content=\"2\u00a0Minuten\" \/>\n<script type=\"application\/ld+json\" class=\"yoast-schema-graph\">{\"@context\":\"https:\\\/\\\/schema.org\",\"@graph\":[{\"@type\":\"WebPage\",\"@id\":\"https:\\\/\\\/repliquemangacine.fr\\\/katana-les-epees-de-films-et-series\\\/epee-leonidas-glaive-du-film-300\\\/\",\"url\":\"https:\\\/\\\/repliquemangacine.fr\\\/katana-les-epees-de-films-et-series\\\/epee-leonidas-glaive-du-film-300\\\/\",\"name\":\"Ep\u00e9e L\u00e9onidas du film 300 -Glaive spartiate | R\u00e9plique Manga Cin\u00e9\",\"isPartOf\":{\"@id\":\"https:\\\/\\\/repliquemangacine.fr\\\/#website\"},\"primaryImageOfPage\":{\"@id\":\"https:\\\/\\\/repliquemangacine.fr\\\/katana-les-epees-de-films-et-series\\\/epee-leonidas-glaive-du-film-300\\\/#primaryimage\"},\"image\":{\"@id\":\"https:\\\/\\\/repliquemangacine.fr\\\/katana-les-epees-de-films-et-series\\\/epee-leonidas-glaive-du-film-300\\\/#primaryimage\"},\"thumbnailUrl\":\"https:\\\/\\\/repliquemangacine.fr\\\/wp-content\\\/uploads\\\/2023\\\/10\\\/3331-Epee-Leonidas-glaive-du-film-300.jpg\",\"datePublished\":\"2019-12-01T14:40:22+00:00\",\"dateModified\":\"2026-02-23T22:15:03+00:00\",\"description\":\"D\u00e9couvrez l'Ep\u00e9e L\u00e9onidas du film 300 au meilleur prix. Tout en acier - Fourreau similicuir - Lame en acier 440 - Longueur totale : 63 cm\",\"breadcrumb\":{\"@id\":\"https:\\\/\\\/repliquemangacine.fr\\\/katana-les-epees-de-films-et-series\\\/epee-leonidas-glaive-du-film-300\\\/#breadcrumb\"},\"inLanguage\":\"de\",\"potentialAction\":[{\"@type\":\"ReadAction\",\"target\":[\"https:\\\/\\\/repliquemangacine.fr\\\/katana-les-epees-de-films-et-series\\\/epee-leonidas-glaive-du-film-300\\\/\"]}]},{\"@type\":\"ImageObject\",\"inLanguage\":\"de\",\"@id\":\"https:\\\/\\\/repliquemangacine.fr\\\/katana-les-epees-de-films-et-series\\\/epee-leonidas-glaive-du-film-300\\\/#primaryimage\",\"url\":\"https:\\\/\\\/repliquemangacine.fr\\\/wp-content\\\/uploads\\\/2023\\\/10\\\/3331-Epee-Leonidas-glaive-du-film-300.jpg\",\"contentUrl\":\"https:\\\/\\\/repliquemangacine.fr\\\/wp-content\\\/uploads\\\/2023\\\/10\\\/3331-Epee-Leonidas-glaive-du-film-300.jpg\",\"width\":800,\"height\":800,\"caption\":\"Ep\u00e9e L\u00e9onidas glaive du film 300\"},{\"@type\":\"BreadcrumbList\",\"@id\":\"https:\\\/\\\/repliquemangacine.fr\\\/katana-les-epees-de-films-et-series\\\/epee-leonidas-glaive-du-film-300\\\/#breadcrumb\",\"itemListElement\":[{\"@type\":\"ListItem\",\"position\":1,\"name\":\"Accueil\",\"item\":\"https:\\\/\\\/repliquemangacine.fr\\\/\"},{\"@type\":\"ListItem\",\"position\":2,\"name\":\"Produits\",\"item\":\"https:\\\/\\\/repliquemangacine.fr\\\/boutique\\\/\"},{\"@type\":\"ListItem\",\"position\":3,\"name\":\"Ep\u00e9e L\u00e9onidas du film 300\"}]},{\"@type\":\"WebSite\",\"@id\":\"https:\\\/\\\/repliquemangacine.fr\\\/#website\",\"url\":\"https:\\\/\\\/repliquemangacine.fr\\\/\",\"name\":\"R\u00e9plique Manga Cin\u00e9\",\"description\":\"\",\"publisher\":{\"@id\":\"https:\\\/\\\/repliquemangacine.fr\\\/#organization\"},\"potentialAction\":[{\"@type\":\"SearchAction\",\"target\":{\"@type\":\"EntryPoint\",\"urlTemplate\":\"https:\\\/\\\/repliquemangacine.fr\\\/?s={search_term_string}\"},\"query-input\":{\"@type\":\"PropertyValueSpecification\",\"valueRequired\":true,\"valueName\":\"search_term_string\"}}],\"inLanguage\":\"de\"},{\"@type\":\"Organization\",\"@id\":\"https:\\\/\\\/repliquemangacine.fr\\\/#organization\",\"name\":\"R\u00e9plique Manga Cin\u00e9\",\"url\":\"https:\\\/\\\/repliquemangacine.fr\\\/\",\"logo\":{\"@type\":\"ImageObject\",\"inLanguage\":\"de\",\"@id\":\"https:\\\/\\\/repliquemangacine.fr\\\/#\\\/schema\\\/logo\\\/image\\\/\",\"url\":\"https:\\\/\\\/repliquemangacine.fr\\\/wp-content\\\/uploads\\\/2023\\\/10\\\/RMC-500250.png\",\"contentUrl\":\"https:\\\/\\\/repliquemangacine.fr\\\/wp-content\\\/uploads\\\/2023\\\/10\\\/RMC-500250.png\",\"width\":500,\"height\":250,\"caption\":\"R\u00e9plique Manga Cin\u00e9\"},\"image\":{\"@id\":\"https:\\\/\\\/repliquemangacine.fr\\\/#\\\/schema\\\/logo\\\/image\\\/\"},\"sameAs\":[\"https:\\\/\\\/www.facebook.com\\\/RepliqueMangaCine\",\"https:\\\/\\\/www.instagram.com\\\/repliquemangacine.fr\\\/\"]}]}<\/script>\n<!-- \/ Yoast SEO plugin. -->","yoast_head_json":{"title":"Leonidas-Schwert aus dem Film 300 -Spartanischer Glaive | R\u00e9plique Manga Cin\u00e9","description":"Entdecken Sie das Leonidas-Schwert aus dem Film 300 zum besten Preis. Ganz aus Stahl - Kunstlederscheide - Klinge aus 440er Stahl - Gesamtl\u00e4nge: 63 cm","robots":{"index":"index","follow":"follow","max-snippet":"max-snippet:-1","max-image-preview":"max-image-preview:large","max-video-preview":"max-video-preview:-1"},"canonical":"https:\/\/repliquemangacine.fr\/de\/katana-die-schwerter-aus-filmen-und-serien\/schwert-leonidas-glaive-aus-dem-film-300\/","og_locale":"de_DE","og_type":"article","og_title":"Ep\u00e9e L\u00e9onidas du film 300 -Glaive spartiate | R\u00e9plique Manga Cin\u00e9","og_description":"D\u00e9couvrez l'Ep\u00e9e L\u00e9onidas du film 300 au meilleur prix. Tout en acier - Fourreau similicuir - Lame en acier 440 - Longueur totale : 63 cm","og_url":"https:\/\/repliquemangacine.fr\/de\/katana-die-schwerter-aus-filmen-und-serien\/schwert-leonidas-glaive-aus-dem-film-300\/","og_site_name":"R\u00e9plique Manga Cin\u00e9","article_publisher":"https:\/\/www.facebook.com\/RepliqueMangaCine","article_modified_time":"2026-02-23T22:15:03+00:00","og_image":[{"width":800,"height":800,"url":"https:\/\/repliquemangacine.fr\/wp-content\/uploads\/2023\/10\/3331-Epee-Leonidas-glaive-du-film-300.jpg","type":"image\/jpeg"}],"twitter_card":"summary_large_image","twitter_misc":{"Gesch\u00e4tzte Lesezeit":"2\u00a0Minuten"},"schema":{"@context":"https:\/\/schema.org","@graph":[{"@type":"WebPage","@id":"https:\/\/repliquemangacine.fr\/katana-les-epees-de-films-et-series\/epee-leonidas-glaive-du-film-300\/","url":"https:\/\/repliquemangacine.fr\/katana-les-epees-de-films-et-series\/epee-leonidas-glaive-du-film-300\/","name":"Leonidas-Schwert aus dem Film 300 -Spartanischer Glaive | R\u00e9plique Manga Cin\u00e9","isPartOf":{"@id":"https:\/\/repliquemangacine.fr\/#website"},"primaryImageOfPage":{"@id":"https:\/\/repliquemangacine.fr\/katana-les-epees-de-films-et-series\/epee-leonidas-glaive-du-film-300\/#primaryimage"},"image":{"@id":"https:\/\/repliquemangacine.fr\/katana-les-epees-de-films-et-series\/epee-leonidas-glaive-du-film-300\/#primaryimage"},"thumbnailUrl":"https:\/\/repliquemangacine.fr\/wp-content\/uploads\/2023\/10\/3331-Epee-Leonidas-glaive-du-film-300.jpg","datePublished":"2019-12-01T14:40:22+00:00","dateModified":"2026-02-23T22:15:03+00:00","description":"Entdecken Sie das Leonidas-Schwert aus dem Film 300 zum besten Preis. Ganz aus Stahl - Kunstlederscheide - Klinge aus 440er Stahl - Gesamtl\u00e4nge: 63 cm","breadcrumb":{"@id":"https:\/\/repliquemangacine.fr\/katana-les-epees-de-films-et-series\/epee-leonidas-glaive-du-film-300\/#breadcrumb"},"inLanguage":"de","potentialAction":[{"@type":"ReadAction","target":["https:\/\/repliquemangacine.fr\/katana-les-epees-de-films-et-series\/epee-leonidas-glaive-du-film-300\/"]}]},{"@type":"ImageObject","inLanguage":"de","@id":"https:\/\/repliquemangacine.fr\/katana-les-epees-de-films-et-series\/epee-leonidas-glaive-du-film-300\/#primaryimage","url":"https:\/\/repliquemangacine.fr\/wp-content\/uploads\/2023\/10\/3331-Epee-Leonidas-glaive-du-film-300.jpg","contentUrl":"https:\/\/repliquemangacine.fr\/wp-content\/uploads\/2023\/10\/3331-Epee-Leonidas-glaive-du-film-300.jpg","width":800,"height":800,"caption":"Ep\u00e9e L\u00e9onidas glaive du film 300"},{"@type":"BreadcrumbList","@id":"https:\/\/repliquemangacine.fr\/katana-les-epees-de-films-et-series\/epee-leonidas-glaive-du-film-300\/#breadcrumb","itemListElement":[{"@type":"ListItem","position":1,"name":"Accueil","item":"https:\/\/repliquemangacine.fr\/"},{"@type":"ListItem","position":2,"name":"Produits","item":"https:\/\/repliquemangacine.fr\/boutique\/"},{"@type":"ListItem","position":3,"name":"Ep\u00e9e L\u00e9onidas du film 300"}]},{"@type":"WebSite","@id":"https:\/\/repliquemangacine.fr\/#website","url":"https:\/\/repliquemangacine.fr\/","name":"R\u00e9plique Manga Cin\u00e9","description":"","publisher":{"@id":"https:\/\/repliquemangacine.fr\/#organization"},"potentialAction":[{"@type":"SearchAction","target":{"@type":"EntryPoint","urlTemplate":"https:\/\/repliquemangacine.fr\/?s={search_term_string}"},"query-input":{"@type":"PropertyValueSpecification","valueRequired":true,"valueName":"search_term_string"}}],"inLanguage":"de"},{"@type":"Organization","@id":"https:\/\/repliquemangacine.fr\/#organization","name":"R\u00e9plique Manga Cin\u00e9","url":"https:\/\/repliquemangacine.fr\/","logo":{"@type":"ImageObject","inLanguage":"de","@id":"https:\/\/repliquemangacine.fr\/#\/schema\/logo\/image\/","url":"https:\/\/repliquemangacine.fr\/wp-content\/uploads\/2023\/10\/RMC-500250.png","contentUrl":"https:\/\/repliquemangacine.fr\/wp-content\/uploads\/2023\/10\/RMC-500250.png","width":500,"height":250,"caption":"R\u00e9plique Manga Cin\u00e9"},"image":{"@id":"https:\/\/repliquemangacine.fr\/#\/schema\/logo\/image\/"},"sameAs":["https:\/\/www.facebook.com\/RepliqueMangaCine","https:\/\/www.instagram.com\/repliquemangacine.fr\/"]}]}},"_links":{"self":[{"href":"https:\/\/repliquemangacine.fr\/de\/wp-json\/wp\/v2\/product\/28622","targetHints":{"allow":["GET"]}}],"collection":[{"href":"https:\/\/repliquemangacine.fr\/de\/wp-json\/wp\/v2\/product"}],"about":[{"href":"https:\/\/repliquemangacine.fr\/de\/wp-json\/wp\/v2\/types\/product"}],"wp:featuredmedia":[{"embeddable":true,"href":"https:\/\/repliquemangacine.fr\/de\/wp-json\/wp\/v2\/media\/28623"}],"wp:attachment":[{"href":"https:\/\/repliquemangacine.fr\/de\/wp-json\/wp\/v2\/media?parent=28622"}],"wp:term":[{"taxonomy":"product_brand","embeddable":true,"href":"https:\/\/repliquemangacine.fr\/de\/wp-json\/wp\/v2\/product_brand?post=28622"},{"taxonomy":"product_cat","embeddable":true,"href":"https:\/\/repliquemangacine.fr\/de\/wp-json\/wp\/v2\/product_cat?post=28622"},{"taxonomy":"product_tag","embeddable":true,"href":"https:\/\/repliquemangacine.fr\/de\/wp-json\/wp\/v2\/product_tag?post=28622"}],"curies":[{"name":"wp","href":"https:\/\/api.w.org\/{rel}","templated":true}]}}