





{"id":28617,"date":"2019-12-01T13:57:13","date_gmt":"2019-12-01T12:57:13","guid":{"rendered":"https:\/\/repliquemangacine.fr\/?post_type=product&#038;p=28617"},"modified":"2026-01-26T10:07:38","modified_gmt":"2026-01-26T09:07:38","slug":"samurai-champloo-katana-von-mugen","status":"publish","type":"product","link":"https:\/\/repliquemangacine.fr\/de\/katana-et-epee-de-manga-anime-autre-manga\/samourai-champloo-katana-de-mugen\/","title":{"rendered":"Samurai Champloo Mugen-Schwert"},"content":{"rendered":"<h2>Katana von Mugen Samurai Champloo Sabre Typhoon Swell.<\/h2>\n<p>Zu Beginn wird der <strong>Katana von Mugen Samurai Champloo<\/strong> tr\u00e4gt den Namen Typhoon Swell. Sein Schwert ist eine Einzelanfertigung. Mugens sehr unorthodoxes Schwertspiel und ein Kampfstil, der auf Breakdance basiert - mit dem Spitznamen \"Champuru Kendo\" (Champloo Kendo auf Englisch).<\/p>\n<p>Mugen ist neben Jin der m\u00e4nnliche Hauptprotagonist in Samurai Champloo. So begleiten Mugen und Jin Fuu auf seiner Suche nach dem \"Samurai, der nach Sonnenblumen riecht\". Es ist hervorzuheben, dass Mugen in Bezug auf Pers\u00f6nlichkeit und Veranlagung als Repoussoir f\u00fcr Jin dient. Sein Kampfstil wird als r\u00fccksichtslos und erratisch charakterisiert.<\/p>\n<p>\u00dcbrigens ist der Kampfstil von <a href=\"https:\/\/champloo.fandom.com\/wiki\/Mugen\" target=\"_blank\" rel=\"noopener noreferrer\">Mugen<\/a> ist unberechenbar, was es f\u00fcr seine Gegner schwieriger macht, ihm zu begegnen. Sobald er sieht, dass sein Gegner eine Bewegung macht, versucht er, diese in seinen Kampfstil zu integrieren.<\/p>\n<h2>Ihr Katana von Mugen Samurai Champloo zum besten Preis.<\/h2>\n<p>Wir bieten dir alle Spr\u00fcche deiner Lieblingscharaktere aus Anime-Mangas.<\/p>\n<p>Zun\u00e4chst einmal,<\/p>\n<ul>\n<li>L'<a href=\"https:\/\/repliquemangacine.fr\/de\/anderer-manga\/schwert-der-rustung-erza-fairy-tail\/\">R\u00fcstungsschwert<\/a> von Erzas Natur in Fairy Tail.<\/li>\n<li>Sowie die ber\u00fchmte <a href=\"https:\/\/repliquemangacine.fr\/de\/anderer-manga\/epee-xeno-trunks-dbz-dragon-ball-z\/\">Xeno-Schwert von Trunks<\/a> in Dragon Ball Z.<\/li>\n<li>Und viele andere, die es in unserem Online-Shop zu entdecken gibt!<\/li>\n<\/ul>\n<p>Deshalb gibt es hier tolle Geschenkideen f\u00fcr Fans von Anime-Mangas.<\/p>\n<p>Abschlie\u00dfend k\u00f6nnen Sie auch diesen <strong>Katana von Mugen Samurai Champloo<\/strong> f\u00fcr Ihre Cosplay-Paraden oder Themenabende. Vor allem aber ist das Schwert Typhoon Swell, auch ein Sammler- und Dekorationsst\u00fcck.<\/p>\n<p>R\u00e9plique Manga Cin\u00e9 ist ein franz\u00f6sisches Familienunternehmen.<\/p>\n<h2>Wie pflegt man die Klinge seines Manga-Katanas?<\/h2>\n<p>Katanas f\u00fcr Sammlungen und Dekorationen werden auf vereinfachte Weise hergestellt und zusammengebaut. Da sie zu Dekorationszwecken verwendet werden, fehlen ihnen die Sicherheitsmerkmale, die ein japanisches Schwert f\u00fcr Trainingszwecke aufweisen muss.<\/p>\n<p>Allerdings ist Ihr <strong>Katana von Mugen Samurai Champloo<\/strong> zu einer Stahlklinge, die gepflegt werden muss, damit sie nicht mit der Zeit abgenutzt wird. Denn wenn du dein Katana ausstellst, werden deine Freunde neugierig sein, die Klinge zu sehen und sie zu ber\u00fchren. Hier ist Vorsicht geboten, denn Sie sollten wissen, dass die S\u00e4ure der Finger dem Stahl unabh\u00e4ngig von seiner Qualit\u00e4t sehr schadet.<\/p>\n<p>Wenn dies jedoch passiert, keine Panik, Sie brauchen nur ein Tuch, das mit etwas \u00d6l befeuchtet ist, und wischen die Fingerabdr\u00fccke ab. Wenn Sie dies tun, werden Sie Ihr Schwert sehr lange behalten.<\/p>","protected":false},"excerpt":{"rendered":"<p>Mugens Schwert, Typhoon Swell in Samurai Champloo.<\/p>\n<ul>\n<li>Leicht gebogene Klinge aus 440er Stahl mit Hohlkehle.<\/li>\n<li>Metallb\u00fcgel in Form eines Dreizacks.<\/li>\n<li>Griff mit Baumwollfaden \u00fcberzogen.<\/li>\n<li>Knauf aus Stahl mit Gravur.<\/li>\n<li>Holzscheide mit dem S von Samurai.<\/li>\n<li>Schulterriemen aus zweifarbigem Stoff in Gr\u00fcn und Beige.<\/li>\n<li>L\u00e4nge der Klinge: 67 cm - Gesamtl\u00e4nge: 104 cm<\/li>\n<\/ul>","protected":false},"featured_media":28618,"template":"","meta":[],"product_brand":[896],"product_cat":[65,23],"product_tag":[],"class_list":{"0":"post-28617","1":"product","2":"type-product","3":"status-publish","4":"has-post-thumbnail","6":"product_brand-replique-manga-cine","7":"product_cat-katana-et-epee-de-manga-anime-autre-manga","8":"product_cat-repliques-manga-jeux-video","10":"first","11":"instock","12":"taxable","13":"shipping-taxable","14":"purchasable","15":"product-type-simple"},"yoast_head":"<!-- This site is optimized with the Yoast SEO plugin v27.5 - https:\/\/yoast.com\/product\/yoast-seo-wordpress\/ -->\n<title>Katana de Mugen Samurai Champloo -Ep\u00e9e Typhoon Swell - RMC<\/title>\n<meta name=\"description\" content=\"Offrez-vous le katana Mugen Samurai Champloo, sabre Typhoon Swell au meilleur prix - Lame en acier - Echelle 1\/1 - Longueur : 104 cm - Envoi 24\/48h\" \/>\n<meta name=\"robots\" content=\"index, follow, max-snippet:-1, max-image-preview:large, max-video-preview:-1\" \/>\n<link rel=\"canonical\" href=\"https:\/\/repliquemangacine.fr\/de\/katana-und-schwert-von-manga-anime-andere-manga\/samurai-champloo-katana-von-mugen\/\" \/>\n<meta property=\"og:locale\" content=\"de_DE\" \/>\n<meta property=\"og:type\" content=\"article\" \/>\n<meta property=\"og:title\" content=\"Katana de Mugen Samurai Champloo -Ep\u00e9e Typhoon Swell - RMC\" \/>\n<meta property=\"og:description\" content=\"Offrez-vous le katana Mugen Samurai Champloo, sabre Typhoon Swell au meilleur prix - Lame en acier - Echelle 1\/1 - Longueur : 104 cm - Envoi 24\/48h\" \/>\n<meta property=\"og:url\" content=\"https:\/\/repliquemangacine.fr\/de\/katana-und-schwert-von-manga-anime-andere-manga\/samurai-champloo-katana-von-mugen\/\" \/>\n<meta property=\"og:site_name\" content=\"R\u00e9plique Manga Cin\u00e9\" \/>\n<meta property=\"article:publisher\" content=\"https:\/\/www.facebook.com\/RepliqueMangaCine\" \/>\n<meta property=\"article:modified_time\" content=\"2026-01-26T09:07:38+00:00\" \/>\n<meta property=\"og:image\" content=\"https:\/\/repliquemangacine.fr\/wp-content\/uploads\/2023\/10\/3329-Samourai-Champloo-Epee-de-Mugen.jpg\" \/>\n\t<meta property=\"og:image:width\" content=\"800\" \/>\n\t<meta property=\"og:image:height\" content=\"800\" \/>\n\t<meta property=\"og:image:type\" content=\"image\/jpeg\" \/>\n<meta name=\"twitter:card\" content=\"summary_large_image\" \/>\n<meta name=\"twitter:label1\" content=\"Gesch\u00e4tzte Lesezeit\" \/>\n\t<meta name=\"twitter:data1\" content=\"1\u00a0Minute\" \/>\n<script type=\"application\/ld+json\" class=\"yoast-schema-graph\">{\"@context\":\"https:\\\/\\\/schema.org\",\"@graph\":[{\"@type\":\"WebPage\",\"@id\":\"https:\\\/\\\/repliquemangacine.fr\\\/katana-et-epee-de-manga-anime-autre-manga\\\/samourai-champloo-katana-de-mugen\\\/\",\"url\":\"https:\\\/\\\/repliquemangacine.fr\\\/katana-et-epee-de-manga-anime-autre-manga\\\/samourai-champloo-katana-de-mugen\\\/\",\"name\":\"Katana de Mugen Samurai Champloo -Ep\u00e9e Typhoon Swell - RMC\",\"isPartOf\":{\"@id\":\"https:\\\/\\\/repliquemangacine.fr\\\/#website\"},\"primaryImageOfPage\":{\"@id\":\"https:\\\/\\\/repliquemangacine.fr\\\/katana-et-epee-de-manga-anime-autre-manga\\\/samourai-champloo-katana-de-mugen\\\/#primaryimage\"},\"image\":{\"@id\":\"https:\\\/\\\/repliquemangacine.fr\\\/katana-et-epee-de-manga-anime-autre-manga\\\/samourai-champloo-katana-de-mugen\\\/#primaryimage\"},\"thumbnailUrl\":\"https:\\\/\\\/repliquemangacine.fr\\\/wp-content\\\/uploads\\\/2023\\\/10\\\/3329-Samourai-Champloo-Epee-de-Mugen.jpg\",\"datePublished\":\"2019-12-01T12:57:13+00:00\",\"dateModified\":\"2026-01-26T09:07:38+00:00\",\"description\":\"Offrez-vous le katana Mugen Samurai Champloo, sabre Typhoon Swell au meilleur prix - Lame en acier - Echelle 1\\\/1 - Longueur : 104 cm - Envoi 24\\\/48h\",\"breadcrumb\":{\"@id\":\"https:\\\/\\\/repliquemangacine.fr\\\/katana-et-epee-de-manga-anime-autre-manga\\\/samourai-champloo-katana-de-mugen\\\/#breadcrumb\"},\"inLanguage\":\"de\",\"potentialAction\":[{\"@type\":\"ReadAction\",\"target\":[\"https:\\\/\\\/repliquemangacine.fr\\\/katana-et-epee-de-manga-anime-autre-manga\\\/samourai-champloo-katana-de-mugen\\\/\"]}]},{\"@type\":\"ImageObject\",\"inLanguage\":\"de\",\"@id\":\"https:\\\/\\\/repliquemangacine.fr\\\/katana-et-epee-de-manga-anime-autre-manga\\\/samourai-champloo-katana-de-mugen\\\/#primaryimage\",\"url\":\"https:\\\/\\\/repliquemangacine.fr\\\/wp-content\\\/uploads\\\/2023\\\/10\\\/3329-Samourai-Champloo-Epee-de-Mugen.jpg\",\"contentUrl\":\"https:\\\/\\\/repliquemangacine.fr\\\/wp-content\\\/uploads\\\/2023\\\/10\\\/3329-Samourai-Champloo-Epee-de-Mugen.jpg\",\"width\":800,\"height\":800,\"caption\":\"Samoura\u00ef Champloo Ep\u00e9e de Mugen\"},{\"@type\":\"BreadcrumbList\",\"@id\":\"https:\\\/\\\/repliquemangacine.fr\\\/katana-et-epee-de-manga-anime-autre-manga\\\/samourai-champloo-katana-de-mugen\\\/#breadcrumb\",\"itemListElement\":[{\"@type\":\"ListItem\",\"position\":1,\"name\":\"Accueil\",\"item\":\"https:\\\/\\\/repliquemangacine.fr\\\/\"},{\"@type\":\"ListItem\",\"position\":2,\"name\":\"Produits\",\"item\":\"https:\\\/\\\/repliquemangacine.fr\\\/boutique\\\/\"},{\"@type\":\"ListItem\",\"position\":3,\"name\":\"Samoura\u00ef Champloo Ep\u00e9e de Mugen\"}]},{\"@type\":\"WebSite\",\"@id\":\"https:\\\/\\\/repliquemangacine.fr\\\/#website\",\"url\":\"https:\\\/\\\/repliquemangacine.fr\\\/\",\"name\":\"R\u00e9plique Manga Cin\u00e9\",\"description\":\"\",\"publisher\":{\"@id\":\"https:\\\/\\\/repliquemangacine.fr\\\/#organization\"},\"potentialAction\":[{\"@type\":\"SearchAction\",\"target\":{\"@type\":\"EntryPoint\",\"urlTemplate\":\"https:\\\/\\\/repliquemangacine.fr\\\/?s={search_term_string}\"},\"query-input\":{\"@type\":\"PropertyValueSpecification\",\"valueRequired\":true,\"valueName\":\"search_term_string\"}}],\"inLanguage\":\"de\"},{\"@type\":\"Organization\",\"@id\":\"https:\\\/\\\/repliquemangacine.fr\\\/#organization\",\"name\":\"R\u00e9plique Manga Cin\u00e9\",\"url\":\"https:\\\/\\\/repliquemangacine.fr\\\/\",\"logo\":{\"@type\":\"ImageObject\",\"inLanguage\":\"de\",\"@id\":\"https:\\\/\\\/repliquemangacine.fr\\\/#\\\/schema\\\/logo\\\/image\\\/\",\"url\":\"https:\\\/\\\/repliquemangacine.fr\\\/wp-content\\\/uploads\\\/2023\\\/10\\\/RMC-500250.png\",\"contentUrl\":\"https:\\\/\\\/repliquemangacine.fr\\\/wp-content\\\/uploads\\\/2023\\\/10\\\/RMC-500250.png\",\"width\":500,\"height\":250,\"caption\":\"R\u00e9plique Manga Cin\u00e9\"},\"image\":{\"@id\":\"https:\\\/\\\/repliquemangacine.fr\\\/#\\\/schema\\\/logo\\\/image\\\/\"},\"sameAs\":[\"https:\\\/\\\/www.facebook.com\\\/RepliqueMangaCine\",\"https:\\\/\\\/www.instagram.com\\\/repliquemangacine.fr\\\/\"]}]}<\/script>\n<!-- \/ Yoast SEO plugin. -->","yoast_head_json":{"title":"Katana von Mugen Samurai Champloo -Schwert Typhoon Swell - RMC","description":"Bieten Sie das Katana Mugen Samurai Champloo, Schwert Typhoon Swell zum besten Preis an - Klinge aus Stahl - Ma\u00dfstab 1\/1 - L\u00e4nge: 104 cm - Versand 24\/48h","robots":{"index":"index","follow":"follow","max-snippet":"max-snippet:-1","max-image-preview":"max-image-preview:large","max-video-preview":"max-video-preview:-1"},"canonical":"https:\/\/repliquemangacine.fr\/de\/katana-und-schwert-von-manga-anime-andere-manga\/samurai-champloo-katana-von-mugen\/","og_locale":"de_DE","og_type":"article","og_title":"Katana de Mugen Samurai Champloo -Ep\u00e9e Typhoon Swell - RMC","og_description":"Offrez-vous le katana Mugen Samurai Champloo, sabre Typhoon Swell au meilleur prix - Lame en acier - Echelle 1\/1 - Longueur : 104 cm - Envoi 24\/48h","og_url":"https:\/\/repliquemangacine.fr\/de\/katana-und-schwert-von-manga-anime-andere-manga\/samurai-champloo-katana-von-mugen\/","og_site_name":"R\u00e9plique Manga Cin\u00e9","article_publisher":"https:\/\/www.facebook.com\/RepliqueMangaCine","article_modified_time":"2026-01-26T09:07:38+00:00","og_image":[{"width":800,"height":800,"url":"https:\/\/repliquemangacine.fr\/wp-content\/uploads\/2023\/10\/3329-Samourai-Champloo-Epee-de-Mugen.jpg","type":"image\/jpeg"}],"twitter_card":"summary_large_image","twitter_misc":{"Gesch\u00e4tzte Lesezeit":"1\u00a0Minute"},"schema":{"@context":"https:\/\/schema.org","@graph":[{"@type":"WebPage","@id":"https:\/\/repliquemangacine.fr\/katana-et-epee-de-manga-anime-autre-manga\/samourai-champloo-katana-de-mugen\/","url":"https:\/\/repliquemangacine.fr\/katana-et-epee-de-manga-anime-autre-manga\/samourai-champloo-katana-de-mugen\/","name":"Katana von Mugen Samurai Champloo -Schwert Typhoon Swell - RMC","isPartOf":{"@id":"https:\/\/repliquemangacine.fr\/#website"},"primaryImageOfPage":{"@id":"https:\/\/repliquemangacine.fr\/katana-et-epee-de-manga-anime-autre-manga\/samourai-champloo-katana-de-mugen\/#primaryimage"},"image":{"@id":"https:\/\/repliquemangacine.fr\/katana-et-epee-de-manga-anime-autre-manga\/samourai-champloo-katana-de-mugen\/#primaryimage"},"thumbnailUrl":"https:\/\/repliquemangacine.fr\/wp-content\/uploads\/2023\/10\/3329-Samourai-Champloo-Epee-de-Mugen.jpg","datePublished":"2019-12-01T12:57:13+00:00","dateModified":"2026-01-26T09:07:38+00:00","description":"Bieten Sie das Katana Mugen Samurai Champloo, Schwert Typhoon Swell zum besten Preis an - Klinge aus Stahl - Ma\u00dfstab 1\/1 - L\u00e4nge: 104 cm - Versand 24\/48h","breadcrumb":{"@id":"https:\/\/repliquemangacine.fr\/katana-et-epee-de-manga-anime-autre-manga\/samourai-champloo-katana-de-mugen\/#breadcrumb"},"inLanguage":"de","potentialAction":[{"@type":"ReadAction","target":["https:\/\/repliquemangacine.fr\/katana-et-epee-de-manga-anime-autre-manga\/samourai-champloo-katana-de-mugen\/"]}]},{"@type":"ImageObject","inLanguage":"de","@id":"https:\/\/repliquemangacine.fr\/katana-et-epee-de-manga-anime-autre-manga\/samourai-champloo-katana-de-mugen\/#primaryimage","url":"https:\/\/repliquemangacine.fr\/wp-content\/uploads\/2023\/10\/3329-Samourai-Champloo-Epee-de-Mugen.jpg","contentUrl":"https:\/\/repliquemangacine.fr\/wp-content\/uploads\/2023\/10\/3329-Samourai-Champloo-Epee-de-Mugen.jpg","width":800,"height":800,"caption":"Samoura\u00ef Champloo Ep\u00e9e de Mugen"},{"@type":"BreadcrumbList","@id":"https:\/\/repliquemangacine.fr\/katana-et-epee-de-manga-anime-autre-manga\/samourai-champloo-katana-de-mugen\/#breadcrumb","itemListElement":[{"@type":"ListItem","position":1,"name":"Accueil","item":"https:\/\/repliquemangacine.fr\/"},{"@type":"ListItem","position":2,"name":"Produits","item":"https:\/\/repliquemangacine.fr\/boutique\/"},{"@type":"ListItem","position":3,"name":"Samoura\u00ef Champloo Ep\u00e9e de Mugen"}]},{"@type":"WebSite","@id":"https:\/\/repliquemangacine.fr\/#website","url":"https:\/\/repliquemangacine.fr\/","name":"R\u00e9plique Manga Cin\u00e9","description":"","publisher":{"@id":"https:\/\/repliquemangacine.fr\/#organization"},"potentialAction":[{"@type":"SearchAction","target":{"@type":"EntryPoint","urlTemplate":"https:\/\/repliquemangacine.fr\/?s={search_term_string}"},"query-input":{"@type":"PropertyValueSpecification","valueRequired":true,"valueName":"search_term_string"}}],"inLanguage":"de"},{"@type":"Organization","@id":"https:\/\/repliquemangacine.fr\/#organization","name":"R\u00e9plique Manga Cin\u00e9","url":"https:\/\/repliquemangacine.fr\/","logo":{"@type":"ImageObject","inLanguage":"de","@id":"https:\/\/repliquemangacine.fr\/#\/schema\/logo\/image\/","url":"https:\/\/repliquemangacine.fr\/wp-content\/uploads\/2023\/10\/RMC-500250.png","contentUrl":"https:\/\/repliquemangacine.fr\/wp-content\/uploads\/2023\/10\/RMC-500250.png","width":500,"height":250,"caption":"R\u00e9plique Manga Cin\u00e9"},"image":{"@id":"https:\/\/repliquemangacine.fr\/#\/schema\/logo\/image\/"},"sameAs":["https:\/\/www.facebook.com\/RepliqueMangaCine","https:\/\/www.instagram.com\/repliquemangacine.fr\/"]}]}},"_links":{"self":[{"href":"https:\/\/repliquemangacine.fr\/de\/wp-json\/wp\/v2\/product\/28617","targetHints":{"allow":["GET"]}}],"collection":[{"href":"https:\/\/repliquemangacine.fr\/de\/wp-json\/wp\/v2\/product"}],"about":[{"href":"https:\/\/repliquemangacine.fr\/de\/wp-json\/wp\/v2\/types\/product"}],"wp:featuredmedia":[{"embeddable":true,"href":"https:\/\/repliquemangacine.fr\/de\/wp-json\/wp\/v2\/media\/28618"}],"wp:attachment":[{"href":"https:\/\/repliquemangacine.fr\/de\/wp-json\/wp\/v2\/media?parent=28617"}],"wp:term":[{"taxonomy":"product_brand","embeddable":true,"href":"https:\/\/repliquemangacine.fr\/de\/wp-json\/wp\/v2\/product_brand?post=28617"},{"taxonomy":"product_cat","embeddable":true,"href":"https:\/\/repliquemangacine.fr\/de\/wp-json\/wp\/v2\/product_cat?post=28617"},{"taxonomy":"product_tag","embeddable":true,"href":"https:\/\/repliquemangacine.fr\/de\/wp-json\/wp\/v2\/product_tag?post=28617"}],"curies":[{"name":"wp","href":"https:\/\/api.w.org\/{rel}","templated":true}]}}