





{"id":28602,"date":"2019-11-29T18:53:13","date_gmt":"2019-11-29T17:53:13","guid":{"rendered":"https:\/\/repliquemangacine.fr\/?post_type=product&#038;p=28602"},"modified":"2025-10-11T17:32:48","modified_gmt":"2025-10-11T15:32:48","slug":"jetstream-schwert-sam-metal-gear-rising-revengeance","status":"publish","type":"product","link":"https:\/\/repliquemangacine.fr\/de\/katana-et-epee-de-jeux-video-autre-jeux-video\/epee-de-jetstream-sam-metal-gear-rising-revengeance\/","title":{"rendered":"Metallschwert Gear Rising: Revengeance"},"content":{"rendered":"<h2>Gear Rising Metal Sword - Katana Murasama<\/h2>\n<p>Zu Beginn wird die<strong>Metallschwert Gear Rising<\/strong> geh\u00f6rt zu Jetstream Sam. Das Spiel <a href=\"https:\/\/metalgear.fandom.com\/fr\/wiki\/Metal_Gear_Rising_:_Revengeance\" target=\"_blank\" rel=\"noopener noreferrer\">Metal Gear Rising: Revengeance<\/a>\u00a0 ein Spin-off von Metal Gear Solid, das vier Jahre nach Metal Gear Solid 4: Guns of Patriots spielt. Diese Episode ist, anders als sonst, ein Beat them Up in der dritten Person, in dem man Raiden steuert.<\/p>\n<p>Nach den Ereignissen in Metal Gear Solid 4, im Jahr 2018, trifft Raiden den Premierminister der Vereinigten Staaten, doch als sie in seiner Limousine sitzen, werden sie von 2 Cyborgs angegriffen, Jetstream Sam und Sundower, die den Premierminister gefangen nehmen.<\/p>\n<p>Sp\u00e4ter muss Raiden ihn befreien und dabei mehrere Roboter zerst\u00f6ren, darunter auch einen Metal Gear Ray. Bei einem Kampf gegen Sam verlor er jedoch ein Auge und einen Arm, was ihn zum Aufgeben zwang.<\/p>\n<p>Samuel Rodriguez ist ein Cyborg-Ninja und auch unter dem Namen Jetstream Sam bekannt. Von Rache motiviert, perfektioniert er seine F\u00e4higkeiten, um ein erfahrener Schwertk\u00e4mpfer zu sein.<\/p>\n<h2>Ihr Metal Gear Rising zum besten Preis.<\/h2>\n<p>Wir bieten Ihnen alle Spr\u00fcche Ihrer Lieblingscharaktere aus Videospielen.<\/p>\n<p>Zun\u00e4chst einmal,<\/p>\n<ul>\n<li>Finde den <a href=\"https:\/\/repliquemangacine.fr\/de\/katana-und-schwert-von-videospielen-andere-videospiele\/katana-kageuchi-damenoma\/\">Katana Kageuchi von Amenoma<\/a> in Genshin Impact,<\/li>\n<li>Sowie die Beeindruckende <a href=\"https:\/\/repliquemangacine.fr\/de\/katana-und-schwert-von-videospielen-andere-videospiele\/schleifendes-schwert-cloud-ff7\/\">Cloud-Schwert<\/a> in Final Fantasy 7 Remake.<\/li>\n<li>Es gibt auch den <a href=\"https:\/\/repliquemangacine.fr\/de\/katana-und-schwert-von-videospielen-andere-videospiele\/katana-sakai-ghost-of-tsushima\/\">Saka\u00ef-Katana<\/a> in dem Videospiel \"Ghost of Tsushima\".<\/li>\n<li>Und, noch viel mehr zu entdecken in unserem Online-Shop!<\/li>\n<\/ul>\n<p>Deshalb gibt es hier tolle Geschenkideen f\u00fcr alle Fans von Videospielen.<\/p>\n<p>Abschlie\u00dfend k\u00f6nnen Sie auch diesen <strong>Metallschwert Gear Rising<\/strong> f\u00fcr Ihre Cosplay-Paraden oder Themenabende. Aber vor allem ist dieses Schwert auch ein Sammler- und Dekorationsst\u00fcck.<\/p>\n<h2>Wie pflegt man die Klinge von Sams Murasama-Katana?<\/h2>\n<p>Katanas f\u00fcr Sammlungen und Dekorationen, die auf vereinfachte Weise hergestellt und zusammengesetzt werden. Da sie zu Dekorationszwecken verwendet werden, fehlen ihnen die Sicherheitsmerkmale, die ein japanisches Schwert f\u00fcr Trainingszwecke aufweisen muss.<\/p>\n<p>Allerdings ist Ihr <strong>Metallschwert Gear Rising<\/strong> zu einer Stahlklinge, die gepflegt werden muss, damit sie nicht mit der Zeit abgenutzt wird. Denn wenn Sie Ihr Katana ausstellen, werden Ihre Freunde neugierig sein, die Klinge zu sehen und sie zu ber\u00fchren. Hier ist Vorsicht geboten. Es sei darauf hingewiesen, dass die S\u00e4ure der Finger dem Stahl unabh\u00e4ngig von seiner Qualit\u00e4t sehr schadet.<\/p>\n<p>Wenn das passiert, keine Panik, Sie brauchen nur ein Tuch, das Sie mit etwas \u00d6l befeuchten und die Fingerabdr\u00fccke abwischen. Wenn Sie dies tun, werden Sie Ihr Schwert sehr lange behalten.<\/p>\n<p>&nbsp;<\/p>","protected":false},"excerpt":{"rendered":"<p>Hervorragende Reproduktion des Katanas von Samuel Rodrigues, auch bekannt als Jetstream Sam.<\/p>\n<ul>\n<li>Klinge aus 440er-Stahl mit roter Pulverbeschichtung.<\/li>\n<li>Futuristisch anmutender Stahlgriff und -schutz sowie hervorragende Verarbeitung.<\/li>\n<li>Roter Knopf f\u00fcr die Illusion, die Klinge aus dem Holster zu befreien.<\/li>\n<li>Die Scheide ist aus mattschwarzem Holz.<\/li>\n<li>Klingenl\u00e4nge: 69 cm - Gesamtl\u00e4nge mit Scheide: 106 cm<\/li>\n<\/ul>\n<p><strong>\u00a0<\/strong><\/p>","protected":false},"featured_media":28603,"template":"","meta":[],"product_brand":[896],"product_cat":[23,67],"product_tag":[],"class_list":{"0":"post-28602","1":"product","2":"type-product","3":"status-publish","4":"has-post-thumbnail","6":"product_brand-replique-manga-cine","7":"product_cat-repliques-manga-jeux-video","8":"product_cat-katana-et-epee-de-jeux-video-autre-jeux-video","10":"first","11":"instock","12":"taxable","13":"shipping-taxable","14":"purchasable","15":"product-type-simple"},"yoast_head":"<!-- This site is optimized with the Yoast SEO plugin v27.5 - https:\/\/yoast.com\/product\/yoast-seo-wordpress\/ -->\n<title>Ep\u00e9e M\u00e9tal Gear Rising - Katana Murasama de Sam | RMC<\/title>\n<meta name=\"description\" content=\"Achetez vite ! Cette Ep\u00e9e M\u00e9tal Gear Rising de Sam. Lame acier haute fr\u00e9quence. Poign\u00e9e m\u00e9tal allure futuriste. Fourreau bois noir. Longueur : 106 cm\" \/>\n<meta name=\"robots\" content=\"index, follow, max-snippet:-1, max-image-preview:large, max-video-preview:-1\" \/>\n<link rel=\"canonical\" href=\"https:\/\/repliquemangacine.fr\/de\/katana-und-schwert-von-videospielen-andere-videospiele\/jetstream-schwert-sam-metal-gear-rising-revengeance\/\" \/>\n<meta property=\"og:locale\" content=\"de_DE\" \/>\n<meta property=\"og:type\" content=\"article\" \/>\n<meta property=\"og:title\" content=\"Ep\u00e9e M\u00e9tal Gear Rising - Katana Murasama de Sam | RMC\" \/>\n<meta property=\"og:description\" content=\"Achetez vite ! Cette Ep\u00e9e M\u00e9tal Gear Rising de Sam. Lame acier haute fr\u00e9quence. Poign\u00e9e m\u00e9tal allure futuriste. Fourreau bois noir. Longueur : 106 cm\" \/>\n<meta property=\"og:url\" content=\"https:\/\/repliquemangacine.fr\/de\/katana-und-schwert-von-videospielen-andere-videospiele\/jetstream-schwert-sam-metal-gear-rising-revengeance\/\" \/>\n<meta property=\"og:site_name\" content=\"R\u00e9plique Manga Cin\u00e9\" \/>\n<meta property=\"article:publisher\" content=\"https:\/\/www.facebook.com\/RepliqueMangaCine\" \/>\n<meta property=\"article:modified_time\" content=\"2025-10-11T15:32:48+00:00\" \/>\n<meta property=\"og:image\" content=\"https:\/\/repliquemangacine.fr\/wp-content\/uploads\/2023\/10\/3299-Epee-de-Jetstream-Sam-Metal-Gear-Rising-Revengeance.jpg\" \/>\n\t<meta property=\"og:image:width\" content=\"800\" \/>\n\t<meta property=\"og:image:height\" content=\"800\" \/>\n\t<meta property=\"og:image:type\" content=\"image\/jpeg\" \/>\n<meta name=\"twitter:card\" content=\"summary_large_image\" \/>\n<meta name=\"twitter:label1\" content=\"Gesch\u00e4tzte Lesezeit\" \/>\n\t<meta name=\"twitter:data1\" content=\"1\u00a0Minute\" \/>\n<script type=\"application\/ld+json\" class=\"yoast-schema-graph\">{\"@context\":\"https:\\\/\\\/schema.org\",\"@graph\":[{\"@type\":\"WebPage\",\"@id\":\"https:\\\/\\\/repliquemangacine.fr\\\/katana-et-epee-de-jeux-video-autre-jeux-video\\\/epee-de-jetstream-sam-metal-gear-rising-revengeance\\\/\",\"url\":\"https:\\\/\\\/repliquemangacine.fr\\\/katana-et-epee-de-jeux-video-autre-jeux-video\\\/epee-de-jetstream-sam-metal-gear-rising-revengeance\\\/\",\"name\":\"Ep\u00e9e M\u00e9tal Gear Rising - Katana Murasama de Sam | RMC\",\"isPartOf\":{\"@id\":\"https:\\\/\\\/repliquemangacine.fr\\\/#website\"},\"primaryImageOfPage\":{\"@id\":\"https:\\\/\\\/repliquemangacine.fr\\\/katana-et-epee-de-jeux-video-autre-jeux-video\\\/epee-de-jetstream-sam-metal-gear-rising-revengeance\\\/#primaryimage\"},\"image\":{\"@id\":\"https:\\\/\\\/repliquemangacine.fr\\\/katana-et-epee-de-jeux-video-autre-jeux-video\\\/epee-de-jetstream-sam-metal-gear-rising-revengeance\\\/#primaryimage\"},\"thumbnailUrl\":\"https:\\\/\\\/repliquemangacine.fr\\\/wp-content\\\/uploads\\\/2023\\\/10\\\/3299-Epee-de-Jetstream-Sam-Metal-Gear-Rising-Revengeance.jpg\",\"datePublished\":\"2019-11-29T17:53:13+00:00\",\"dateModified\":\"2025-10-11T15:32:48+00:00\",\"description\":\"Achetez vite ! Cette Ep\u00e9e M\u00e9tal Gear Rising de Sam. Lame acier haute fr\u00e9quence. Poign\u00e9e m\u00e9tal allure futuriste. Fourreau bois noir. Longueur : 106 cm\",\"breadcrumb\":{\"@id\":\"https:\\\/\\\/repliquemangacine.fr\\\/katana-et-epee-de-jeux-video-autre-jeux-video\\\/epee-de-jetstream-sam-metal-gear-rising-revengeance\\\/#breadcrumb\"},\"inLanguage\":\"de\",\"potentialAction\":[{\"@type\":\"ReadAction\",\"target\":[\"https:\\\/\\\/repliquemangacine.fr\\\/katana-et-epee-de-jeux-video-autre-jeux-video\\\/epee-de-jetstream-sam-metal-gear-rising-revengeance\\\/\"]}]},{\"@type\":\"ImageObject\",\"inLanguage\":\"de\",\"@id\":\"https:\\\/\\\/repliquemangacine.fr\\\/katana-et-epee-de-jeux-video-autre-jeux-video\\\/epee-de-jetstream-sam-metal-gear-rising-revengeance\\\/#primaryimage\",\"url\":\"https:\\\/\\\/repliquemangacine.fr\\\/wp-content\\\/uploads\\\/2023\\\/10\\\/3299-Epee-de-Jetstream-Sam-Metal-Gear-Rising-Revengeance.jpg\",\"contentUrl\":\"https:\\\/\\\/repliquemangacine.fr\\\/wp-content\\\/uploads\\\/2023\\\/10\\\/3299-Epee-de-Jetstream-Sam-Metal-Gear-Rising-Revengeance.jpg\",\"width\":800,\"height\":800,\"caption\":\"Ep\u00e9e de Jetstream Sam - Metal Gear Rising\"},{\"@type\":\"BreadcrumbList\",\"@id\":\"https:\\\/\\\/repliquemangacine.fr\\\/katana-et-epee-de-jeux-video-autre-jeux-video\\\/epee-de-jetstream-sam-metal-gear-rising-revengeance\\\/#breadcrumb\",\"itemListElement\":[{\"@type\":\"ListItem\",\"position\":1,\"name\":\"Accueil\",\"item\":\"https:\\\/\\\/repliquemangacine.fr\\\/\"},{\"@type\":\"ListItem\",\"position\":2,\"name\":\"Produits\",\"item\":\"https:\\\/\\\/repliquemangacine.fr\\\/boutique\\\/\"},{\"@type\":\"ListItem\",\"position\":3,\"name\":\"Ep\u00e9e M\u00e9tal Gear Rising : Revengeance\"}]},{\"@type\":\"WebSite\",\"@id\":\"https:\\\/\\\/repliquemangacine.fr\\\/#website\",\"url\":\"https:\\\/\\\/repliquemangacine.fr\\\/\",\"name\":\"R\u00e9plique Manga Cin\u00e9\",\"description\":\"\",\"publisher\":{\"@id\":\"https:\\\/\\\/repliquemangacine.fr\\\/#organization\"},\"potentialAction\":[{\"@type\":\"SearchAction\",\"target\":{\"@type\":\"EntryPoint\",\"urlTemplate\":\"https:\\\/\\\/repliquemangacine.fr\\\/?s={search_term_string}\"},\"query-input\":{\"@type\":\"PropertyValueSpecification\",\"valueRequired\":true,\"valueName\":\"search_term_string\"}}],\"inLanguage\":\"de\"},{\"@type\":\"Organization\",\"@id\":\"https:\\\/\\\/repliquemangacine.fr\\\/#organization\",\"name\":\"R\u00e9plique Manga Cin\u00e9\",\"url\":\"https:\\\/\\\/repliquemangacine.fr\\\/\",\"logo\":{\"@type\":\"ImageObject\",\"inLanguage\":\"de\",\"@id\":\"https:\\\/\\\/repliquemangacine.fr\\\/#\\\/schema\\\/logo\\\/image\\\/\",\"url\":\"https:\\\/\\\/repliquemangacine.fr\\\/wp-content\\\/uploads\\\/2023\\\/10\\\/RMC-500250.png\",\"contentUrl\":\"https:\\\/\\\/repliquemangacine.fr\\\/wp-content\\\/uploads\\\/2023\\\/10\\\/RMC-500250.png\",\"width\":500,\"height\":250,\"caption\":\"R\u00e9plique Manga Cin\u00e9\"},\"image\":{\"@id\":\"https:\\\/\\\/repliquemangacine.fr\\\/#\\\/schema\\\/logo\\\/image\\\/\"},\"sameAs\":[\"https:\\\/\\\/www.facebook.com\\\/RepliqueMangaCine\",\"https:\\\/\\\/www.instagram.com\\\/repliquemangacine.fr\\\/\"]}]}<\/script>\n<!-- \/ Yoast SEO plugin. -->","yoast_head_json":{"title":"Gear Rising Metallschwert - Katana Murasama von Sam | RMC","description":"Kaufen Sie schnell! Dieses Gear Rising Metal Sword von Sam. Klinge aus hochfrequentem Stahl. Futuristisch anmutender Metallgriff. Scheide aus schwarzem Holz. L\u00e4nge: 106 cm","robots":{"index":"index","follow":"follow","max-snippet":"max-snippet:-1","max-image-preview":"max-image-preview:large","max-video-preview":"max-video-preview:-1"},"canonical":"https:\/\/repliquemangacine.fr\/de\/katana-und-schwert-von-videospielen-andere-videospiele\/jetstream-schwert-sam-metal-gear-rising-revengeance\/","og_locale":"de_DE","og_type":"article","og_title":"Ep\u00e9e M\u00e9tal Gear Rising - Katana Murasama de Sam | RMC","og_description":"Achetez vite ! Cette Ep\u00e9e M\u00e9tal Gear Rising de Sam. Lame acier haute fr\u00e9quence. Poign\u00e9e m\u00e9tal allure futuriste. Fourreau bois noir. Longueur : 106 cm","og_url":"https:\/\/repliquemangacine.fr\/de\/katana-und-schwert-von-videospielen-andere-videospiele\/jetstream-schwert-sam-metal-gear-rising-revengeance\/","og_site_name":"R\u00e9plique Manga Cin\u00e9","article_publisher":"https:\/\/www.facebook.com\/RepliqueMangaCine","article_modified_time":"2025-10-11T15:32:48+00:00","og_image":[{"width":800,"height":800,"url":"https:\/\/repliquemangacine.fr\/wp-content\/uploads\/2023\/10\/3299-Epee-de-Jetstream-Sam-Metal-Gear-Rising-Revengeance.jpg","type":"image\/jpeg"}],"twitter_card":"summary_large_image","twitter_misc":{"Gesch\u00e4tzte Lesezeit":"1\u00a0Minute"},"schema":{"@context":"https:\/\/schema.org","@graph":[{"@type":"WebPage","@id":"https:\/\/repliquemangacine.fr\/katana-et-epee-de-jeux-video-autre-jeux-video\/epee-de-jetstream-sam-metal-gear-rising-revengeance\/","url":"https:\/\/repliquemangacine.fr\/katana-et-epee-de-jeux-video-autre-jeux-video\/epee-de-jetstream-sam-metal-gear-rising-revengeance\/","name":"Gear Rising Metallschwert - Katana Murasama von Sam | RMC","isPartOf":{"@id":"https:\/\/repliquemangacine.fr\/#website"},"primaryImageOfPage":{"@id":"https:\/\/repliquemangacine.fr\/katana-et-epee-de-jeux-video-autre-jeux-video\/epee-de-jetstream-sam-metal-gear-rising-revengeance\/#primaryimage"},"image":{"@id":"https:\/\/repliquemangacine.fr\/katana-et-epee-de-jeux-video-autre-jeux-video\/epee-de-jetstream-sam-metal-gear-rising-revengeance\/#primaryimage"},"thumbnailUrl":"https:\/\/repliquemangacine.fr\/wp-content\/uploads\/2023\/10\/3299-Epee-de-Jetstream-Sam-Metal-Gear-Rising-Revengeance.jpg","datePublished":"2019-11-29T17:53:13+00:00","dateModified":"2025-10-11T15:32:48+00:00","description":"Kaufen Sie schnell! Dieses Gear Rising Metal Sword von Sam. Klinge aus hochfrequentem Stahl. Futuristisch anmutender Metallgriff. Scheide aus schwarzem Holz. L\u00e4nge: 106 cm","breadcrumb":{"@id":"https:\/\/repliquemangacine.fr\/katana-et-epee-de-jeux-video-autre-jeux-video\/epee-de-jetstream-sam-metal-gear-rising-revengeance\/#breadcrumb"},"inLanguage":"de","potentialAction":[{"@type":"ReadAction","target":["https:\/\/repliquemangacine.fr\/katana-et-epee-de-jeux-video-autre-jeux-video\/epee-de-jetstream-sam-metal-gear-rising-revengeance\/"]}]},{"@type":"ImageObject","inLanguage":"de","@id":"https:\/\/repliquemangacine.fr\/katana-et-epee-de-jeux-video-autre-jeux-video\/epee-de-jetstream-sam-metal-gear-rising-revengeance\/#primaryimage","url":"https:\/\/repliquemangacine.fr\/wp-content\/uploads\/2023\/10\/3299-Epee-de-Jetstream-Sam-Metal-Gear-Rising-Revengeance.jpg","contentUrl":"https:\/\/repliquemangacine.fr\/wp-content\/uploads\/2023\/10\/3299-Epee-de-Jetstream-Sam-Metal-Gear-Rising-Revengeance.jpg","width":800,"height":800,"caption":"Ep\u00e9e de Jetstream Sam - Metal Gear Rising"},{"@type":"BreadcrumbList","@id":"https:\/\/repliquemangacine.fr\/katana-et-epee-de-jeux-video-autre-jeux-video\/epee-de-jetstream-sam-metal-gear-rising-revengeance\/#breadcrumb","itemListElement":[{"@type":"ListItem","position":1,"name":"Accueil","item":"https:\/\/repliquemangacine.fr\/"},{"@type":"ListItem","position":2,"name":"Produits","item":"https:\/\/repliquemangacine.fr\/boutique\/"},{"@type":"ListItem","position":3,"name":"Ep\u00e9e M\u00e9tal Gear Rising : Revengeance"}]},{"@type":"WebSite","@id":"https:\/\/repliquemangacine.fr\/#website","url":"https:\/\/repliquemangacine.fr\/","name":"R\u00e9plique Manga Cin\u00e9","description":"","publisher":{"@id":"https:\/\/repliquemangacine.fr\/#organization"},"potentialAction":[{"@type":"SearchAction","target":{"@type":"EntryPoint","urlTemplate":"https:\/\/repliquemangacine.fr\/?s={search_term_string}"},"query-input":{"@type":"PropertyValueSpecification","valueRequired":true,"valueName":"search_term_string"}}],"inLanguage":"de"},{"@type":"Organization","@id":"https:\/\/repliquemangacine.fr\/#organization","name":"R\u00e9plique Manga Cin\u00e9","url":"https:\/\/repliquemangacine.fr\/","logo":{"@type":"ImageObject","inLanguage":"de","@id":"https:\/\/repliquemangacine.fr\/#\/schema\/logo\/image\/","url":"https:\/\/repliquemangacine.fr\/wp-content\/uploads\/2023\/10\/RMC-500250.png","contentUrl":"https:\/\/repliquemangacine.fr\/wp-content\/uploads\/2023\/10\/RMC-500250.png","width":500,"height":250,"caption":"R\u00e9plique Manga Cin\u00e9"},"image":{"@id":"https:\/\/repliquemangacine.fr\/#\/schema\/logo\/image\/"},"sameAs":["https:\/\/www.facebook.com\/RepliqueMangaCine","https:\/\/www.instagram.com\/repliquemangacine.fr\/"]}]}},"_links":{"self":[{"href":"https:\/\/repliquemangacine.fr\/de\/wp-json\/wp\/v2\/product\/28602","targetHints":{"allow":["GET"]}}],"collection":[{"href":"https:\/\/repliquemangacine.fr\/de\/wp-json\/wp\/v2\/product"}],"about":[{"href":"https:\/\/repliquemangacine.fr\/de\/wp-json\/wp\/v2\/types\/product"}],"wp:featuredmedia":[{"embeddable":true,"href":"https:\/\/repliquemangacine.fr\/de\/wp-json\/wp\/v2\/media\/28603"}],"wp:attachment":[{"href":"https:\/\/repliquemangacine.fr\/de\/wp-json\/wp\/v2\/media?parent=28602"}],"wp:term":[{"taxonomy":"product_brand","embeddable":true,"href":"https:\/\/repliquemangacine.fr\/de\/wp-json\/wp\/v2\/product_brand?post=28602"},{"taxonomy":"product_cat","embeddable":true,"href":"https:\/\/repliquemangacine.fr\/de\/wp-json\/wp\/v2\/product_cat?post=28602"},{"taxonomy":"product_tag","embeddable":true,"href":"https:\/\/repliquemangacine.fr\/de\/wp-json\/wp\/v2\/product_tag?post=28602"}],"curies":[{"name":"wp","href":"https:\/\/api.w.org\/{rel}","templated":true}]}}