





{"id":28595,"date":"2019-11-25T16:10:11","date_gmt":"2019-11-25T15:10:11","guid":{"rendered":"https:\/\/repliquemangacine.fr\/?post_type=product&#038;p=28595"},"modified":"2025-12-12T23:59:03","modified_gmt":"2025-12-12T22:59:03","slug":"griswold-gunnison-1860-usa","status":"publish","type":"product","link":"https:\/\/repliquemangacine.fr\/de\/colt-revolver-western\/griswold-gunnison-1860-usa\/","title":{"rendered":"Colt Griswold Gunnison 1860"},"content":{"rendered":"<h2>Colt Griswold Gunnison 1860 - Denix<\/h2>\n<p>Zu Beginn wird der <strong>Colt Griswold Gunnison 1860<\/strong>Die sechssch\u00fcssige Pistole vom Kaliber .36 wurde im Auftrag der konf\u00f6derierten Regierung hergestellt.<\/p>\n<p>Tats\u00e4chlich wurde es beim Ausbruch des B\u00fcrgerkriegs von der Baumwollfabrik Griswold an die konf\u00f6derierte Regierung vermietet und umger\u00fcstet, um Pistolen und Munition herzustellen. Griswoldville diente auch als Versammlungsort f\u00fcr die konf\u00f6derierten Truppen und den Staat.<\/p>\n<p>Die Griswold Gunnison Revolver sind Kopien des Navy Colt 1851 Revolvers. Enthalten aufgrund des Stahlmangels im S\u00fcden w\u00e4hrend des Krieges markante Kupferteile.<\/p>\n<p>Keine andere Fabrik der Konf\u00f6derierten stellte mehr Revolver her als Griswold &amp; Gunnison. Griswoldville war die erste Stadt, die von Shermans Truppen auf ihrem Marsch zum Meer niedergebrannt wurde.<\/p>\n<h2>Ihr Colt Griswold Gunnison 1860 zum besten Preis.<\/h2>\n<p>Wir bieten Ihnen eine gro\u00dfe Auswahl an Reproduktionen von Westernwaffen.<\/p>\n<p>Zun\u00e4chst einmal,<\/p>\n<ul>\n<li>Der Colt 1849 Pocket am <a href=\"https:\/\/repliquemangacine.fr\/de\/colts-revolver\/colt-1849-pocket-wells-fargo\/\">Wells Fargo<\/a> hergestellt von Denix<\/li>\n<li>Sowie das <a href=\"https:\/\/repliquemangacine.fr\/de\/kolser-waffe\/koffer-peacemaker-5-5-messing-kolser\/\">colt Peacemaker<\/a> Kaliber 45 aus Messing in einer Schatulle mit der Signatur Kolser.<\/li>\n<li>Es gibt auch den imposanten <a href=\"https:\/\/repliquemangacine.fr\/de\/colts-revolver\/revolver-colt-buntline-special-wyatt-earp-1873\/\">Buntline Spezial<\/a> des legend\u00e4ren Wyatt Earp.<\/li>\n<li>Und noch viel mehr gibt es in unserem Online-Shop zu entdecken!<\/li>\n<\/ul>\n<p>Deshalb gibt es hier tolle Geschenkideen f\u00fcr alle Westernfans.<\/p>\n<p>Abschlie\u00dfend k\u00f6nnen Sie den <strong>Colt Griswold Gunnison 1860<\/strong> f\u00fcr Ihre Westernauff\u00fchrungen. Vor allem aber ist diese Reproduktion eine Sammler- und Dekorationswaffe.<\/p>\n<p>R\u00e9plique Manga Cin\u00e9 ist ein franz\u00f6sisches Familienunternehmen offizieller Vertriebspartner <a href=\"https:\/\/www.denix.fr\/fr\/catalogue\/guerre-civile-occidentale-et-americaine-1861-1899\/revolvers\/1083-l\/\" target=\"_blank\" rel=\"noopener noreferrer\">Denix<\/a>.<\/p>\n<h2>Wie werden Denix-Waffenrepliken hergestellt?<\/h2>\n<p>Werden in historischen Rekonstruktionen, Filmen und Serien sowie von Sammlern verwendet. Denix-Waffenreproduktionen, die aus hochwertigen Materialien hergestellt werden. Sorgf\u00e4ltig bearbeitet und zusammengesetzt, um realistische Sammlerwaffen zu schaffen.<\/p>\n<ul>\n<li>Die Metalle sind in einer Metalllegierung, die als Zamac bekannt ist und deren Grundzusammensetzung Zink in 95% ist.<\/li>\n<li>Die Kunststoffteile der Repliken aus geformtem ABS, das eine hohe Widerstandsf\u00e4higkeit bietet.<\/li>\n<li>Holz, das aufgrund seiner Sch\u00f6nheit und Haltbarkeit ausgew\u00e4hlt wird, wie z. B. Mahagoni, Olivenholz oder Walnuss, verleiht Ihren Sch\u00e4ften und F\u00e4ssern ein elegantes und authentisches Aussehen.<\/li>\n<\/ul>\n<p>Es ist zu betonen, dass alle Nachbildungen von Denix-Waffen mit den Originalen identisch sind, wie Ihr <strong>Colt Griswold Gunnison 1860<\/strong>.<\/p>","protected":false},"excerpt":{"rendered":"<p>Reproduktion des Revolvers der Konf\u00f6derierten Griswold Gunnison 1860.<\/p>\n<ul>\n<li>Schaft aus Massivholz.<\/li>\n<li>Geh\u00e4use aus grauem Zamak.<\/li>\n<li>Funktionierende Schlie\u00df- und Lademechanismen.<\/li>\n<li>Bewaffnet sich und schl\u00e4gt auf, ist aber v\u00f6llig unf\u00e4hig zu schie\u00dfen.<\/li>\n<li>Unterliegt keiner Genehmigungspflicht. Verkauf und Besitz frei<\/li>\n<li>Ma\u00dfe: 35 cm - Gewicht: 975 g<\/li>\n<\/ul>\n<p><iframe title=\"YouTube-Videoplayer\" src=\"https:\/\/www.youtube.com\/embed\/AIArcF-Wn1g\" width=\"560\" height=\"315\" frameborder=\"0\" allowfullscreen=\"allowfullscreen\"><\/iframe><\/p>","protected":false},"featured_media":28596,"template":"","meta":[],"product_brand":[896],"product_cat":[34,33,77,102,28,27],"product_tag":[],"class_list":{"0":"post-28595","1":"product","2":"type-product","3":"status-publish","4":"has-post-thumbnail","6":"product_brand-replique-manga-cine","7":"product_cat-armes-westerns","8":"product_cat-colt-pistolet","9":"product_cat-colt-revolver-western","10":"product_cat-denix","11":"product_cat-repliques-darmes","12":"product_cat-armes-et-accessoires-western","14":"first","15":"instock","16":"sale","17":"taxable","18":"shipping-taxable","19":"purchasable","20":"product-type-simple"},"yoast_head":"<!-- This site is optimized with the Yoast SEO plugin v27.5 - https:\/\/yoast.com\/product\/yoast-seo-wordpress\/ -->\n<title>Colt Griswold Gunnison 1860 - Denix | R\u00e9plique Manga Cin\u00e9<\/title>\n<meta name=\"description\" content=\"D\u00e9couvrez le Colt Griswold Gunnison 1860 au meilleur prix - En m\u00e9tal - Crosse en bois - Barillet rotatif - M\u00e9canisme fonctionnel - Longueur : 35 cm\" \/>\n<meta name=\"robots\" content=\"index, follow, max-snippet:-1, max-image-preview:large, max-video-preview:-1\" \/>\n<link rel=\"canonical\" href=\"https:\/\/repliquemangacine.fr\/de\/denix\/griswold-gunnison-1860-usa\/\" \/>\n<meta property=\"og:locale\" content=\"de_DE\" \/>\n<meta property=\"og:type\" content=\"article\" \/>\n<meta property=\"og:title\" content=\"Colt Griswold Gunnison 1860 - Denix | R\u00e9plique Manga Cin\u00e9\" \/>\n<meta property=\"og:description\" content=\"D\u00e9couvrez le Colt Griswold Gunnison 1860 au meilleur prix - En m\u00e9tal - Crosse en bois - Barillet rotatif - M\u00e9canisme fonctionnel - Longueur : 35 cm\" \/>\n<meta property=\"og:url\" content=\"https:\/\/repliquemangacine.fr\/de\/denix\/griswold-gunnison-1860-usa\/\" \/>\n<meta property=\"og:site_name\" content=\"R\u00e9plique Manga Cin\u00e9\" \/>\n<meta property=\"article:publisher\" content=\"https:\/\/www.facebook.com\/RepliqueMangaCine\" \/>\n<meta property=\"article:modified_time\" content=\"2025-12-12T22:59:03+00:00\" \/>\n<meta property=\"og:image\" content=\"https:\/\/repliquemangacine.fr\/wp-content\/uploads\/2023\/10\/3289-Revolver-des-confederes-Griswold-Gunnison-USA-1860.jpg\" \/>\n\t<meta property=\"og:image:width\" content=\"800\" \/>\n\t<meta property=\"og:image:height\" content=\"800\" \/>\n\t<meta property=\"og:image:type\" content=\"image\/jpeg\" \/>\n<meta name=\"twitter:card\" content=\"summary_large_image\" \/>\n<meta name=\"twitter:label1\" content=\"Gesch\u00e4tzte Lesezeit\" \/>\n\t<meta name=\"twitter:data1\" content=\"2\u00a0Minuten\" \/>\n<script type=\"application\/ld+json\" class=\"yoast-schema-graph\">{\"@context\":\"https:\\\/\\\/schema.org\",\"@graph\":[{\"@type\":\"WebPage\",\"@id\":\"https:\\\/\\\/repliquemangacine.fr\\\/denix\\\/griswold-gunnison-1860-usa\\\/\",\"url\":\"https:\\\/\\\/repliquemangacine.fr\\\/denix\\\/griswold-gunnison-1860-usa\\\/\",\"name\":\"Colt Griswold Gunnison 1860 - Denix | R\u00e9plique Manga Cin\u00e9\",\"isPartOf\":{\"@id\":\"https:\\\/\\\/repliquemangacine.fr\\\/#website\"},\"primaryImageOfPage\":{\"@id\":\"https:\\\/\\\/repliquemangacine.fr\\\/denix\\\/griswold-gunnison-1860-usa\\\/#primaryimage\"},\"image\":{\"@id\":\"https:\\\/\\\/repliquemangacine.fr\\\/denix\\\/griswold-gunnison-1860-usa\\\/#primaryimage\"},\"thumbnailUrl\":\"https:\\\/\\\/repliquemangacine.fr\\\/wp-content\\\/uploads\\\/2023\\\/10\\\/3289-Revolver-des-confederes-Griswold-Gunnison-USA-1860.jpg\",\"datePublished\":\"2019-11-25T15:10:11+00:00\",\"dateModified\":\"2025-12-12T22:59:03+00:00\",\"description\":\"D\u00e9couvrez le Colt Griswold Gunnison 1860 au meilleur prix - En m\u00e9tal - Crosse en bois - Barillet rotatif - M\u00e9canisme fonctionnel - Longueur : 35 cm\",\"breadcrumb\":{\"@id\":\"https:\\\/\\\/repliquemangacine.fr\\\/denix\\\/griswold-gunnison-1860-usa\\\/#breadcrumb\"},\"inLanguage\":\"de\",\"potentialAction\":[{\"@type\":\"ReadAction\",\"target\":[\"https:\\\/\\\/repliquemangacine.fr\\\/denix\\\/griswold-gunnison-1860-usa\\\/\"]}]},{\"@type\":\"ImageObject\",\"inLanguage\":\"de\",\"@id\":\"https:\\\/\\\/repliquemangacine.fr\\\/denix\\\/griswold-gunnison-1860-usa\\\/#primaryimage\",\"url\":\"https:\\\/\\\/repliquemangacine.fr\\\/wp-content\\\/uploads\\\/2023\\\/10\\\/3289-Revolver-des-confederes-Griswold-Gunnison-USA-1860.jpg\",\"contentUrl\":\"https:\\\/\\\/repliquemangacine.fr\\\/wp-content\\\/uploads\\\/2023\\\/10\\\/3289-Revolver-des-confederes-Griswold-Gunnison-USA-1860.jpg\",\"width\":800,\"height\":800,\"caption\":\"Revolver des conf\u00e9d\u00e9r\u00e9s Griswold Gunnison - USA 1860\"},{\"@type\":\"BreadcrumbList\",\"@id\":\"https:\\\/\\\/repliquemangacine.fr\\\/denix\\\/griswold-gunnison-1860-usa\\\/#breadcrumb\",\"itemListElement\":[{\"@type\":\"ListItem\",\"position\":1,\"name\":\"Accueil\",\"item\":\"https:\\\/\\\/repliquemangacine.fr\\\/\"},{\"@type\":\"ListItem\",\"position\":2,\"name\":\"Produits\",\"item\":\"https:\\\/\\\/repliquemangacine.fr\\\/boutique\\\/\"},{\"@type\":\"ListItem\",\"position\":3,\"name\":\"Colt Griswold Gunnison 1860\"}]},{\"@type\":\"WebSite\",\"@id\":\"https:\\\/\\\/repliquemangacine.fr\\\/#website\",\"url\":\"https:\\\/\\\/repliquemangacine.fr\\\/\",\"name\":\"R\u00e9plique Manga Cin\u00e9\",\"description\":\"\",\"publisher\":{\"@id\":\"https:\\\/\\\/repliquemangacine.fr\\\/#organization\"},\"potentialAction\":[{\"@type\":\"SearchAction\",\"target\":{\"@type\":\"EntryPoint\",\"urlTemplate\":\"https:\\\/\\\/repliquemangacine.fr\\\/?s={search_term_string}\"},\"query-input\":{\"@type\":\"PropertyValueSpecification\",\"valueRequired\":true,\"valueName\":\"search_term_string\"}}],\"inLanguage\":\"de\"},{\"@type\":\"Organization\",\"@id\":\"https:\\\/\\\/repliquemangacine.fr\\\/#organization\",\"name\":\"R\u00e9plique Manga Cin\u00e9\",\"url\":\"https:\\\/\\\/repliquemangacine.fr\\\/\",\"logo\":{\"@type\":\"ImageObject\",\"inLanguage\":\"de\",\"@id\":\"https:\\\/\\\/repliquemangacine.fr\\\/#\\\/schema\\\/logo\\\/image\\\/\",\"url\":\"https:\\\/\\\/repliquemangacine.fr\\\/wp-content\\\/uploads\\\/2023\\\/10\\\/RMC-500250.png\",\"contentUrl\":\"https:\\\/\\\/repliquemangacine.fr\\\/wp-content\\\/uploads\\\/2023\\\/10\\\/RMC-500250.png\",\"width\":500,\"height\":250,\"caption\":\"R\u00e9plique Manga Cin\u00e9\"},\"image\":{\"@id\":\"https:\\\/\\\/repliquemangacine.fr\\\/#\\\/schema\\\/logo\\\/image\\\/\"},\"sameAs\":[\"https:\\\/\\\/www.facebook.com\\\/RepliqueMangaCine\",\"https:\\\/\\\/www.instagram.com\\\/repliquemangacine.fr\\\/\"]}]}<\/script>\n<!-- \/ Yoast SEO plugin. -->","yoast_head_json":{"title":"Colt Griswold Gunnison 1860 - Denix | R\u00e9plique Manga Cin\u00e9","description":"Entdecken Sie den Colt Griswold Gunnison 1860 zum besten Preis - Aus Metall - Holzgriff - Drehbarer Lauf - Funktioneller Mechanismus - L\u00e4nge: 35 cm","robots":{"index":"index","follow":"follow","max-snippet":"max-snippet:-1","max-image-preview":"max-image-preview:large","max-video-preview":"max-video-preview:-1"},"canonical":"https:\/\/repliquemangacine.fr\/de\/denix\/griswold-gunnison-1860-usa\/","og_locale":"de_DE","og_type":"article","og_title":"Colt Griswold Gunnison 1860 - Denix | R\u00e9plique Manga Cin\u00e9","og_description":"D\u00e9couvrez le Colt Griswold Gunnison 1860 au meilleur prix - En m\u00e9tal - Crosse en bois - Barillet rotatif - M\u00e9canisme fonctionnel - Longueur : 35 cm","og_url":"https:\/\/repliquemangacine.fr\/de\/denix\/griswold-gunnison-1860-usa\/","og_site_name":"R\u00e9plique Manga Cin\u00e9","article_publisher":"https:\/\/www.facebook.com\/RepliqueMangaCine","article_modified_time":"2025-12-12T22:59:03+00:00","og_image":[{"width":800,"height":800,"url":"https:\/\/repliquemangacine.fr\/wp-content\/uploads\/2023\/10\/3289-Revolver-des-confederes-Griswold-Gunnison-USA-1860.jpg","type":"image\/jpeg"}],"twitter_card":"summary_large_image","twitter_misc":{"Gesch\u00e4tzte Lesezeit":"2\u00a0Minuten"},"schema":{"@context":"https:\/\/schema.org","@graph":[{"@type":"WebPage","@id":"https:\/\/repliquemangacine.fr\/denix\/griswold-gunnison-1860-usa\/","url":"https:\/\/repliquemangacine.fr\/denix\/griswold-gunnison-1860-usa\/","name":"Colt Griswold Gunnison 1860 - Denix | R\u00e9plique Manga Cin\u00e9","isPartOf":{"@id":"https:\/\/repliquemangacine.fr\/#website"},"primaryImageOfPage":{"@id":"https:\/\/repliquemangacine.fr\/denix\/griswold-gunnison-1860-usa\/#primaryimage"},"image":{"@id":"https:\/\/repliquemangacine.fr\/denix\/griswold-gunnison-1860-usa\/#primaryimage"},"thumbnailUrl":"https:\/\/repliquemangacine.fr\/wp-content\/uploads\/2023\/10\/3289-Revolver-des-confederes-Griswold-Gunnison-USA-1860.jpg","datePublished":"2019-11-25T15:10:11+00:00","dateModified":"2025-12-12T22:59:03+00:00","description":"Entdecken Sie den Colt Griswold Gunnison 1860 zum besten Preis - Aus Metall - Holzgriff - Drehbarer Lauf - Funktioneller Mechanismus - L\u00e4nge: 35 cm","breadcrumb":{"@id":"https:\/\/repliquemangacine.fr\/denix\/griswold-gunnison-1860-usa\/#breadcrumb"},"inLanguage":"de","potentialAction":[{"@type":"ReadAction","target":["https:\/\/repliquemangacine.fr\/denix\/griswold-gunnison-1860-usa\/"]}]},{"@type":"ImageObject","inLanguage":"de","@id":"https:\/\/repliquemangacine.fr\/denix\/griswold-gunnison-1860-usa\/#primaryimage","url":"https:\/\/repliquemangacine.fr\/wp-content\/uploads\/2023\/10\/3289-Revolver-des-confederes-Griswold-Gunnison-USA-1860.jpg","contentUrl":"https:\/\/repliquemangacine.fr\/wp-content\/uploads\/2023\/10\/3289-Revolver-des-confederes-Griswold-Gunnison-USA-1860.jpg","width":800,"height":800,"caption":"Revolver des conf\u00e9d\u00e9r\u00e9s Griswold Gunnison - USA 1860"},{"@type":"BreadcrumbList","@id":"https:\/\/repliquemangacine.fr\/denix\/griswold-gunnison-1860-usa\/#breadcrumb","itemListElement":[{"@type":"ListItem","position":1,"name":"Accueil","item":"https:\/\/repliquemangacine.fr\/"},{"@type":"ListItem","position":2,"name":"Produits","item":"https:\/\/repliquemangacine.fr\/boutique\/"},{"@type":"ListItem","position":3,"name":"Colt Griswold Gunnison 1860"}]},{"@type":"WebSite","@id":"https:\/\/repliquemangacine.fr\/#website","url":"https:\/\/repliquemangacine.fr\/","name":"R\u00e9plique Manga Cin\u00e9","description":"","publisher":{"@id":"https:\/\/repliquemangacine.fr\/#organization"},"potentialAction":[{"@type":"SearchAction","target":{"@type":"EntryPoint","urlTemplate":"https:\/\/repliquemangacine.fr\/?s={search_term_string}"},"query-input":{"@type":"PropertyValueSpecification","valueRequired":true,"valueName":"search_term_string"}}],"inLanguage":"de"},{"@type":"Organization","@id":"https:\/\/repliquemangacine.fr\/#organization","name":"R\u00e9plique Manga Cin\u00e9","url":"https:\/\/repliquemangacine.fr\/","logo":{"@type":"ImageObject","inLanguage":"de","@id":"https:\/\/repliquemangacine.fr\/#\/schema\/logo\/image\/","url":"https:\/\/repliquemangacine.fr\/wp-content\/uploads\/2023\/10\/RMC-500250.png","contentUrl":"https:\/\/repliquemangacine.fr\/wp-content\/uploads\/2023\/10\/RMC-500250.png","width":500,"height":250,"caption":"R\u00e9plique Manga Cin\u00e9"},"image":{"@id":"https:\/\/repliquemangacine.fr\/#\/schema\/logo\/image\/"},"sameAs":["https:\/\/www.facebook.com\/RepliqueMangaCine","https:\/\/www.instagram.com\/repliquemangacine.fr\/"]}]}},"_links":{"self":[{"href":"https:\/\/repliquemangacine.fr\/de\/wp-json\/wp\/v2\/product\/28595","targetHints":{"allow":["GET"]}}],"collection":[{"href":"https:\/\/repliquemangacine.fr\/de\/wp-json\/wp\/v2\/product"}],"about":[{"href":"https:\/\/repliquemangacine.fr\/de\/wp-json\/wp\/v2\/types\/product"}],"wp:featuredmedia":[{"embeddable":true,"href":"https:\/\/repliquemangacine.fr\/de\/wp-json\/wp\/v2\/media\/28596"}],"wp:attachment":[{"href":"https:\/\/repliquemangacine.fr\/de\/wp-json\/wp\/v2\/media?parent=28595"}],"wp:term":[{"taxonomy":"product_brand","embeddable":true,"href":"https:\/\/repliquemangacine.fr\/de\/wp-json\/wp\/v2\/product_brand?post=28595"},{"taxonomy":"product_cat","embeddable":true,"href":"https:\/\/repliquemangacine.fr\/de\/wp-json\/wp\/v2\/product_cat?post=28595"},{"taxonomy":"product_tag","embeddable":true,"href":"https:\/\/repliquemangacine.fr\/de\/wp-json\/wp\/v2\/product_tag?post=28595"}],"curies":[{"name":"wp","href":"https:\/\/api.w.org\/{rel}","templated":true}]}}