





{"id":28580,"date":"2019-11-17T13:45:39","date_gmt":"2019-11-17T12:45:39","guid":{"rendered":"https:\/\/repliquemangacine.fr\/?post_type=product&#038;p=28580"},"modified":"2026-03-02T23:38:39","modified_gmt":"2026-03-02T22:38:39","slug":"napoleonisches-zeremonialschwert","status":"publish","type":"product","link":"https:\/\/repliquemangacine.fr\/de\/armes-historiques\/epee-de-ceremonie-napoleonienne\/","title":{"rendered":"Napoleonisches Zeremonialschwert"},"content":{"rendered":"<h2>Napoleonisches Zeremonialdekorationsschwert.<\/h2>\n<p>Zu Beginn wird die<strong>Napoleonisches Zeremonialschwert<\/strong> ist ein Sammler- und Dekorationsst\u00fcck von Denix.<\/p>\n<p>Eroberer eines Gro\u00dfteils Europas, f\u00fchrte sehr erfolgreiche Feldz\u00fcge, musste jedoch auch einige Niederlagen hinnehmen. Seine aggressiven Eroberungskriege waren die bis dahin gr\u00f6\u00dften milit\u00e4rischen Operationen in Europa und umfassten eine bis dahin in den Armeen dieser Zeit beispiellose Anzahl an Soldaten.<\/p>\n<p>Der Adler ist sicherlich das bekannteste Symbol Napoleons. Als Hauptbestandteil des neuen Wappens wird der Vogel Jupiters, das Emblem des kaiserlichen Roms, seit der Antike mit milit\u00e4rischen Siegen in Verbindung gebracht.<\/p>\n<p>Am Tag nach seiner Kr\u00f6nung, dem 2. Dezember 1804, lie\u00df Napoleon das Symbol an der Spitze aller Fahnen der napoleonischen Armeen anbringen.<\/p>\n<h2>Ihr Napoleonisches Zeremonienschwert zum besten Preis.<\/h2>\n<p>Wir bieten Ihnen eine gro\u00dfe Auswahl an Reproduktionen historischer Waffen.<\/p>\n<p>Zun\u00e4chst einmal,<\/p>\n<ul>\n<li>Die <a href=\"https:\/\/repliquemangacine.fr\/de\/antike-pistole\/pistole-napoleon-gribeauval-1806\/\">Steinschlosspistole Napoleon<\/a> mit dem Emblem des N und seiner Kaiserkrone. Gribeauval 1806.<\/li>\n<li>Sowie Le <a href=\"https:\/\/repliquemangacine.fr\/de\/historische-waffen\/sabel-feuerzeug-modell-an-xi-der-napoleonischen-infanterie\/\">S\u00e4bel Feuerzeug<\/a> Modell AN-XI der napoleonischen Infanterie.<\/li>\n<li>Es gibt auch diesen <a href=\"https:\/\/repliquemangacine.fr\/de\/repliken-darmen-napoleon\/holzstander-napoleon\/\">Standfu\u00df<\/a> mit Napoleon-Wappen.<\/li>\n<li>Und viele andere, die es in unserem Online-Shop zu entdecken gibt!<\/li>\n<\/ul>\n<p>Deshalb sind hier tolle Geschenkideen f\u00fcr Geschichtsinteressierte.<\/p>\n<p>Abschlie\u00dfend k\u00f6nnen Sie auch diesen <strong>Napoleonisches Zeremonialschwert<\/strong> f\u00fcr Ihre historischen Sammlungen. Vor allem aber ist dieser S\u00e4bel ein Sammler- und Dekorationsst\u00fcck.<\/p>\n<p>R\u00e9plique Manga Cin\u00e9 ist ein franz\u00f6sisches Familienunternehmen. Offizieller Vertriebspartner der Marke <a href=\"https:\/\/www.denix.fr\/fr\/accueil-fr\/\" target=\"_blank\" rel=\"noopener noreferrer\">Denix<\/a>.<\/p>\n<h2>Wie pflegt man die Klinge seines historischen Schwertes?<\/h2>\n<p>Sammlungs- und Dekorationsschwerter werden in vereinfachter Form hergestellt und zusammengebaut. Da sie zu Dekorationszwecken verwendet werden, fehlen ihnen die Sicherheitselemente, die ein japanisches Schwert f\u00fcr Trainingszwecke aufweisen muss.<\/p>\n<p>Allerdings ist Ihr <strong>Napoleonisches Zeremonialschwert<\/strong> zu einer Stahlklinge, die gepflegt werden muss, damit sie nicht mit der Zeit abgenutzt wird. Denn wenn du dein Katana ausstellst, werden deine Freunde neugierig sein, die Klinge zu sehen und sie zu ber\u00fchren. Hier ist Vorsicht geboten, denn Sie sollten wissen, dass die S\u00e4ure der Finger dem Stahl unabh\u00e4ngig von seiner Qualit\u00e4t sehr schadet.<\/p>\n<p>Wenn dies jedoch passiert, keine Panik, Sie brauchen nur ein Tuch, das mit etwas \u00d6l befeuchtet ist, und wischen die Fingerabdr\u00fccke ab. Wenn Sie dies tun, werden Sie Ihr Schwert sehr lange behalten.<\/p>","protected":false},"excerpt":{"rendered":"<p>Replik eines Schwertes aus der napoleonischen Zeit.<\/p>\n<ul>\n<li>Klinge aus rostfreiem Stahl.<\/li>\n<li>Stahlb\u00fcgel mit kaiserlichem Adleremblem.<\/li>\n<li>Griff aus vergoldetem Stahl mit feiner Verzierung.<\/li>\n<li>Fein verzierter Knauf aus antiquiertem Stahl.<\/li>\n<li>Mit Kunstleder \u00fcberzogene Scheide mit Verzierungen.<\/li>\n<li>L\u00e4nge der Klinge: 66 cm - Gesamtl\u00e4nge: 86 cm<\/li>\n<\/ul>","protected":false},"featured_media":65809,"template":"","meta":[],"product_brand":[896],"product_cat":[25,37,74],"product_tag":[],"class_list":{"0":"post-28580","1":"product","2":"type-product","3":"status-publish","4":"has-post-thumbnail","6":"product_brand-replique-manga-cine","7":"product_cat-armes-historiques","8":"product_cat-premier-empire","9":"product_cat-sabres-1er-empire","11":"first","12":"instock","13":"taxable","14":"shipping-taxable","15":"purchasable","16":"product-type-simple"},"yoast_head":"<!-- This site is optimized with the Yoast SEO plugin v27.5 - https:\/\/yoast.com\/product\/yoast-seo-wordpress\/ -->\n<title>Ep\u00e9e de c\u00e9r\u00e9monie Napol\u00e9onienne - Vente Ep\u00e9e historique - RMC<\/title>\n<meta name=\"description\" content=\"D\u00e9couvrez cette Ep\u00e9e de c\u00e9r\u00e9monie Napol\u00e9onienne au meilleur prix - Lame en acier inoxydable - Poign\u00e9e et garde acier richement d\u00e9cor\u00e9 - Longueur : 102 cm\" \/>\n<meta name=\"robots\" content=\"index, follow, max-snippet:-1, max-image-preview:large, max-video-preview:-1\" \/>\n<link rel=\"canonical\" href=\"https:\/\/repliquemangacine.fr\/de\/historische-waffen\/napoleonisches-zeremonialschwert\/\" \/>\n<meta property=\"og:locale\" content=\"de_DE\" \/>\n<meta property=\"og:type\" content=\"article\" \/>\n<meta property=\"og:title\" content=\"Ep\u00e9e de c\u00e9r\u00e9monie Napol\u00e9onienne - Vente Ep\u00e9e historique - RMC\" \/>\n<meta property=\"og:description\" content=\"D\u00e9couvrez cette Ep\u00e9e de c\u00e9r\u00e9monie Napol\u00e9onienne au meilleur prix - Lame en acier inoxydable - Poign\u00e9e et garde acier richement d\u00e9cor\u00e9 - Longueur : 102 cm\" \/>\n<meta property=\"og:url\" content=\"https:\/\/repliquemangacine.fr\/de\/historische-waffen\/napoleonisches-zeremonialschwert\/\" \/>\n<meta property=\"og:site_name\" content=\"R\u00e9plique Manga Cin\u00e9\" \/>\n<meta property=\"article:publisher\" content=\"https:\/\/www.facebook.com\/RepliqueMangaCine\" \/>\n<meta property=\"article:modified_time\" content=\"2026-03-02T22:38:39+00:00\" \/>\n<meta property=\"og:image\" content=\"https:\/\/repliquemangacine.fr\/wp-content\/uploads\/2019\/11\/Epee-de-ceremonie-napoleon.jpg\" \/>\n\t<meta property=\"og:image:width\" content=\"500\" \/>\n\t<meta property=\"og:image:height\" content=\"500\" \/>\n\t<meta property=\"og:image:type\" content=\"image\/jpeg\" \/>\n<meta name=\"twitter:card\" content=\"summary_large_image\" \/>\n<meta name=\"twitter:label1\" content=\"Gesch\u00e4tzte Lesezeit\" \/>\n\t<meta name=\"twitter:data1\" content=\"2\u00a0Minuten\" \/>\n<script type=\"application\/ld+json\" class=\"yoast-schema-graph\">{\"@context\":\"https:\\\/\\\/schema.org\",\"@graph\":[{\"@type\":\"WebPage\",\"@id\":\"https:\\\/\\\/repliquemangacine.fr\\\/armes-historiques\\\/epee-de-ceremonie-napoleonienne\\\/\",\"url\":\"https:\\\/\\\/repliquemangacine.fr\\\/armes-historiques\\\/epee-de-ceremonie-napoleonienne\\\/\",\"name\":\"Ep\u00e9e de c\u00e9r\u00e9monie Napol\u00e9onienne - Vente Ep\u00e9e historique - RMC\",\"isPartOf\":{\"@id\":\"https:\\\/\\\/repliquemangacine.fr\\\/#website\"},\"primaryImageOfPage\":{\"@id\":\"https:\\\/\\\/repliquemangacine.fr\\\/armes-historiques\\\/epee-de-ceremonie-napoleonienne\\\/#primaryimage\"},\"image\":{\"@id\":\"https:\\\/\\\/repliquemangacine.fr\\\/armes-historiques\\\/epee-de-ceremonie-napoleonienne\\\/#primaryimage\"},\"thumbnailUrl\":\"https:\\\/\\\/repliquemangacine.fr\\\/wp-content\\\/uploads\\\/2019\\\/11\\\/Epee-de-ceremonie-napoleon.jpg\",\"datePublished\":\"2019-11-17T12:45:39+00:00\",\"dateModified\":\"2026-03-02T22:38:39+00:00\",\"description\":\"D\u00e9couvrez cette Ep\u00e9e de c\u00e9r\u00e9monie Napol\u00e9onienne au meilleur prix - Lame en acier inoxydable - Poign\u00e9e et garde acier richement d\u00e9cor\u00e9 - Longueur : 102 cm\",\"breadcrumb\":{\"@id\":\"https:\\\/\\\/repliquemangacine.fr\\\/armes-historiques\\\/epee-de-ceremonie-napoleonienne\\\/#breadcrumb\"},\"inLanguage\":\"de\",\"potentialAction\":[{\"@type\":\"ReadAction\",\"target\":[\"https:\\\/\\\/repliquemangacine.fr\\\/armes-historiques\\\/epee-de-ceremonie-napoleonienne\\\/\"]}]},{\"@type\":\"ImageObject\",\"inLanguage\":\"de\",\"@id\":\"https:\\\/\\\/repliquemangacine.fr\\\/armes-historiques\\\/epee-de-ceremonie-napoleonienne\\\/#primaryimage\",\"url\":\"https:\\\/\\\/repliquemangacine.fr\\\/wp-content\\\/uploads\\\/2019\\\/11\\\/Epee-de-ceremonie-napoleon.jpg\",\"contentUrl\":\"https:\\\/\\\/repliquemangacine.fr\\\/wp-content\\\/uploads\\\/2019\\\/11\\\/Epee-de-ceremonie-napoleon.jpg\",\"width\":500,\"height\":500,\"caption\":\"Ep\u00e9e de c\u00e9r\u00e9monie Napol\u00e9onienne\"},{\"@type\":\"BreadcrumbList\",\"@id\":\"https:\\\/\\\/repliquemangacine.fr\\\/armes-historiques\\\/epee-de-ceremonie-napoleonienne\\\/#breadcrumb\",\"itemListElement\":[{\"@type\":\"ListItem\",\"position\":1,\"name\":\"Accueil\",\"item\":\"https:\\\/\\\/repliquemangacine.fr\\\/\"},{\"@type\":\"ListItem\",\"position\":2,\"name\":\"Produits\",\"item\":\"https:\\\/\\\/repliquemangacine.fr\\\/boutique\\\/\"},{\"@type\":\"ListItem\",\"position\":3,\"name\":\"Ep\u00e9e de c\u00e9r\u00e9monie Napol\u00e9onienne\"}]},{\"@type\":\"WebSite\",\"@id\":\"https:\\\/\\\/repliquemangacine.fr\\\/#website\",\"url\":\"https:\\\/\\\/repliquemangacine.fr\\\/\",\"name\":\"R\u00e9plique Manga Cin\u00e9\",\"description\":\"\",\"publisher\":{\"@id\":\"https:\\\/\\\/repliquemangacine.fr\\\/#organization\"},\"potentialAction\":[{\"@type\":\"SearchAction\",\"target\":{\"@type\":\"EntryPoint\",\"urlTemplate\":\"https:\\\/\\\/repliquemangacine.fr\\\/?s={search_term_string}\"},\"query-input\":{\"@type\":\"PropertyValueSpecification\",\"valueRequired\":true,\"valueName\":\"search_term_string\"}}],\"inLanguage\":\"de\"},{\"@type\":\"Organization\",\"@id\":\"https:\\\/\\\/repliquemangacine.fr\\\/#organization\",\"name\":\"R\u00e9plique Manga Cin\u00e9\",\"url\":\"https:\\\/\\\/repliquemangacine.fr\\\/\",\"logo\":{\"@type\":\"ImageObject\",\"inLanguage\":\"de\",\"@id\":\"https:\\\/\\\/repliquemangacine.fr\\\/#\\\/schema\\\/logo\\\/image\\\/\",\"url\":\"https:\\\/\\\/repliquemangacine.fr\\\/wp-content\\\/uploads\\\/2023\\\/10\\\/RMC-500250.png\",\"contentUrl\":\"https:\\\/\\\/repliquemangacine.fr\\\/wp-content\\\/uploads\\\/2023\\\/10\\\/RMC-500250.png\",\"width\":500,\"height\":250,\"caption\":\"R\u00e9plique Manga Cin\u00e9\"},\"image\":{\"@id\":\"https:\\\/\\\/repliquemangacine.fr\\\/#\\\/schema\\\/logo\\\/image\\\/\"},\"sameAs\":[\"https:\\\/\\\/www.facebook.com\\\/RepliqueMangaCine\",\"https:\\\/\\\/www.instagram.com\\\/repliquemangacine.fr\\\/\"]}]}<\/script>\n<!-- \/ Yoast SEO plugin. -->","yoast_head_json":{"title":"Napoleonisches Zeremonialschwert - Verkauf von historischen Schwertern - RMC","description":"Entdecken Sie dieses Napoleonische Zeremonialschwert zum besten Preis - Klinge aus rostfreiem Stahl - Griff und Schutzblech aus reich verziertem Stahl - L\u00e4nge: 102 cm","robots":{"index":"index","follow":"follow","max-snippet":"max-snippet:-1","max-image-preview":"max-image-preview:large","max-video-preview":"max-video-preview:-1"},"canonical":"https:\/\/repliquemangacine.fr\/de\/historische-waffen\/napoleonisches-zeremonialschwert\/","og_locale":"de_DE","og_type":"article","og_title":"Ep\u00e9e de c\u00e9r\u00e9monie Napol\u00e9onienne - Vente Ep\u00e9e historique - RMC","og_description":"D\u00e9couvrez cette Ep\u00e9e de c\u00e9r\u00e9monie Napol\u00e9onienne au meilleur prix - Lame en acier inoxydable - Poign\u00e9e et garde acier richement d\u00e9cor\u00e9 - Longueur : 102 cm","og_url":"https:\/\/repliquemangacine.fr\/de\/historische-waffen\/napoleonisches-zeremonialschwert\/","og_site_name":"R\u00e9plique Manga Cin\u00e9","article_publisher":"https:\/\/www.facebook.com\/RepliqueMangaCine","article_modified_time":"2026-03-02T22:38:39+00:00","og_image":[{"width":500,"height":500,"url":"https:\/\/repliquemangacine.fr\/wp-content\/uploads\/2019\/11\/Epee-de-ceremonie-napoleon.jpg","type":"image\/jpeg"}],"twitter_card":"summary_large_image","twitter_misc":{"Gesch\u00e4tzte Lesezeit":"2\u00a0Minuten"},"schema":{"@context":"https:\/\/schema.org","@graph":[{"@type":"WebPage","@id":"https:\/\/repliquemangacine.fr\/armes-historiques\/epee-de-ceremonie-napoleonienne\/","url":"https:\/\/repliquemangacine.fr\/armes-historiques\/epee-de-ceremonie-napoleonienne\/","name":"Napoleonisches Zeremonialschwert - Verkauf von historischen Schwertern - RMC","isPartOf":{"@id":"https:\/\/repliquemangacine.fr\/#website"},"primaryImageOfPage":{"@id":"https:\/\/repliquemangacine.fr\/armes-historiques\/epee-de-ceremonie-napoleonienne\/#primaryimage"},"image":{"@id":"https:\/\/repliquemangacine.fr\/armes-historiques\/epee-de-ceremonie-napoleonienne\/#primaryimage"},"thumbnailUrl":"https:\/\/repliquemangacine.fr\/wp-content\/uploads\/2019\/11\/Epee-de-ceremonie-napoleon.jpg","datePublished":"2019-11-17T12:45:39+00:00","dateModified":"2026-03-02T22:38:39+00:00","description":"Entdecken Sie dieses Napoleonische Zeremonialschwert zum besten Preis - Klinge aus rostfreiem Stahl - Griff und Schutzblech aus reich verziertem Stahl - L\u00e4nge: 102 cm","breadcrumb":{"@id":"https:\/\/repliquemangacine.fr\/armes-historiques\/epee-de-ceremonie-napoleonienne\/#breadcrumb"},"inLanguage":"de","potentialAction":[{"@type":"ReadAction","target":["https:\/\/repliquemangacine.fr\/armes-historiques\/epee-de-ceremonie-napoleonienne\/"]}]},{"@type":"ImageObject","inLanguage":"de","@id":"https:\/\/repliquemangacine.fr\/armes-historiques\/epee-de-ceremonie-napoleonienne\/#primaryimage","url":"https:\/\/repliquemangacine.fr\/wp-content\/uploads\/2019\/11\/Epee-de-ceremonie-napoleon.jpg","contentUrl":"https:\/\/repliquemangacine.fr\/wp-content\/uploads\/2019\/11\/Epee-de-ceremonie-napoleon.jpg","width":500,"height":500,"caption":"Ep\u00e9e de c\u00e9r\u00e9monie Napol\u00e9onienne"},{"@type":"BreadcrumbList","@id":"https:\/\/repliquemangacine.fr\/armes-historiques\/epee-de-ceremonie-napoleonienne\/#breadcrumb","itemListElement":[{"@type":"ListItem","position":1,"name":"Accueil","item":"https:\/\/repliquemangacine.fr\/"},{"@type":"ListItem","position":2,"name":"Produits","item":"https:\/\/repliquemangacine.fr\/boutique\/"},{"@type":"ListItem","position":3,"name":"Ep\u00e9e de c\u00e9r\u00e9monie Napol\u00e9onienne"}]},{"@type":"WebSite","@id":"https:\/\/repliquemangacine.fr\/#website","url":"https:\/\/repliquemangacine.fr\/","name":"R\u00e9plique Manga Cin\u00e9","description":"","publisher":{"@id":"https:\/\/repliquemangacine.fr\/#organization"},"potentialAction":[{"@type":"SearchAction","target":{"@type":"EntryPoint","urlTemplate":"https:\/\/repliquemangacine.fr\/?s={search_term_string}"},"query-input":{"@type":"PropertyValueSpecification","valueRequired":true,"valueName":"search_term_string"}}],"inLanguage":"de"},{"@type":"Organization","@id":"https:\/\/repliquemangacine.fr\/#organization","name":"R\u00e9plique Manga Cin\u00e9","url":"https:\/\/repliquemangacine.fr\/","logo":{"@type":"ImageObject","inLanguage":"de","@id":"https:\/\/repliquemangacine.fr\/#\/schema\/logo\/image\/","url":"https:\/\/repliquemangacine.fr\/wp-content\/uploads\/2023\/10\/RMC-500250.png","contentUrl":"https:\/\/repliquemangacine.fr\/wp-content\/uploads\/2023\/10\/RMC-500250.png","width":500,"height":250,"caption":"R\u00e9plique Manga Cin\u00e9"},"image":{"@id":"https:\/\/repliquemangacine.fr\/#\/schema\/logo\/image\/"},"sameAs":["https:\/\/www.facebook.com\/RepliqueMangaCine","https:\/\/www.instagram.com\/repliquemangacine.fr\/"]}]}},"_links":{"self":[{"href":"https:\/\/repliquemangacine.fr\/de\/wp-json\/wp\/v2\/product\/28580","targetHints":{"allow":["GET"]}}],"collection":[{"href":"https:\/\/repliquemangacine.fr\/de\/wp-json\/wp\/v2\/product"}],"about":[{"href":"https:\/\/repliquemangacine.fr\/de\/wp-json\/wp\/v2\/types\/product"}],"wp:featuredmedia":[{"embeddable":true,"href":"https:\/\/repliquemangacine.fr\/de\/wp-json\/wp\/v2\/media\/65809"}],"wp:attachment":[{"href":"https:\/\/repliquemangacine.fr\/de\/wp-json\/wp\/v2\/media?parent=28580"}],"wp:term":[{"taxonomy":"product_brand","embeddable":true,"href":"https:\/\/repliquemangacine.fr\/de\/wp-json\/wp\/v2\/product_brand?post=28580"},{"taxonomy":"product_cat","embeddable":true,"href":"https:\/\/repliquemangacine.fr\/de\/wp-json\/wp\/v2\/product_cat?post=28580"},{"taxonomy":"product_tag","embeddable":true,"href":"https:\/\/repliquemangacine.fr\/de\/wp-json\/wp\/v2\/product_tag?post=28580"}],"curies":[{"name":"wp","href":"https:\/\/api.w.org\/{rel}","templated":true}]}}