





{"id":28562,"date":"2019-11-11T16:09:23","date_gmt":"2019-11-11T15:09:23","guid":{"rendered":"https:\/\/repliquemangacine.fr\/?post_type=product&#038;p=28562"},"modified":"2025-09-23T18:02:25","modified_gmt":"2025-09-23T16:02:25","slug":"schwert-hawkeye-ronin-avengers","status":"publish","type":"product","link":"https:\/\/repliquemangacine.fr\/de\/super-heros-marvel\/epee-hawkeye-ronin-avengers\/","title":{"rendered":"Schwert Hawkeye Ronin Avengers"},"content":{"rendered":"<h2>Hawkeye Ronin Schwert in Avengers 4<\/h2>\n<p>Zu Beginn wird die<strong>Hawkeye Ronin Schwert<\/strong> ist ein Schwert, das haupts\u00e4chlich von Clint Barton benutzt wurde, um Kriminelle zu ermorden, die die Krise \u00fcberlebt hatten. Nach seiner R\u00fcckkehr zu den Avengers. Barton benutzt das Schwert, um in der Schlacht um die Erde gegen die Armee von Thanos zu k\u00e4mpfen.<\/p>\n<p>Clint Barton, auch bekannt als Hawkeye oder Falkenauge, ist ein Scharfsch\u00fctze, ehemaliger S.H.I.E.L.D.-Spezialagent und eines der Gr\u00fcndungsmitglieder der Avengers. Er rekrutiert Black Widow, mit der er eine enge Freundschaft entwickelt.<\/p>\n<p>Mit ihrer Entschlossenheit, Loki zu stoppen, haben die <a href=\"https:\/\/universcinematographiquemarvel.fandom.com\/fr\/wiki\/Avengers\" target=\"_blank\" rel=\"noopener noreferrer\">Avengers<\/a> haben die Kontrolle \u00fcber einen S.H.I.E.L.D.-Quinjet \u00fcbernommen. Hawkeye transportiert Black Widow und Captain America nach New York, gerade als sich das Tesserakt-Portal \u00f6ffnen sollte.<\/p>\n<h2>Ihr Hawkeye Ronin Schwert zum besten Preis.<\/h2>\n<p>Wir bieten Ihnen eine gro\u00dfe Auswahl an Repliken aus dem Marvel-Universum.<\/p>\n<p>Zun\u00e4chst einmal,<\/p>\n<ul>\n<li>Die <a href=\"https:\/\/repliquemangacine.fr\/de\/superheld\/black-widow-sticks-violett\/\">Leuchtst\u00e4be,<\/a> die von Black Widow alias Natasha Romanoff benutzt werden, gibt es in zwei Farben.<\/li>\n<li>Dann die erhabene <a href=\"https:\/\/repliquemangacine.fr\/de\/superheld\/dolch-des-loki\/\">Dolch von Loki<\/a>.<\/li>\n<li>Sowie die <a href=\"https:\/\/repliquemangacine.fr\/de\/superheld\/deadpool-marvel-sabel\/\">Deadpool-S\u00e4bel<\/a> im Marvel-Universum.<\/li>\n<li>Und viele andere, die es in unserem Online-Shop zu entdecken gibt!<\/li>\n<\/ul>\n<p>Deshalb gibt es hier tolle Geschenkideen f\u00fcr alle Marvel-Fans.<\/p>\n<p>Abschlie\u00dfend k\u00f6nnen Sie den<strong>Hawkeye Ronin Schwert<\/strong> in Avengers Endgame bei Ihren Cosplay-Paraden. Vor allem aber ist dieses Schwert ein Sammler- und Dekorationsst\u00fcck.<\/p>\n<h2>Wie pflegt man die Klinge seines Marvel-Schwerts?<\/h2>\n<p>Sammlungs- und Dekorationsschwerter werden in vereinfachter Form hergestellt und zusammengebaut. Da sie zu Dekorationszwecken verwendet werden, fehlen ihnen die Sicherheitselemente, die ein japanisches Schwert f\u00fcr Trainingszwecke aufweisen muss.<\/p>\n<p>Allerdings ist Ihr <strong>Hawkeye Ronin Schwert<\/strong> zu einer Stahlklinge, die gepflegt werden muss, damit sie nicht mit der Zeit abgenutzt wird. Denn wenn du dein Katana ausstellst, werden deine Freunde neugierig sein, die Klinge zu sehen und sie zu ber\u00fchren. Hier ist Vorsicht geboten, denn Sie sollten wissen, dass die S\u00e4ure der Finger dem Stahl unabh\u00e4ngig von seiner Qualit\u00e4t sehr schadet.<\/p>\n<p>Wenn dies jedoch passiert, keine Panik, Sie brauchen nur ein Tuch, das mit etwas \u00d6l befeuchtet ist, und wischen die Fingerabdr\u00fccke ab. Wenn Sie dies tun, werden Sie Ihr Schwert sehr lange behalten.<\/p>","protected":false},"excerpt":{"rendered":"<p>Hawkeye Ronin Schwert in Avengers 4 XL-Version.<\/p>\n<ul>\n<li>Nicht scharfe Klinge aus 440er Stahl.<\/li>\n<li>Durchbrochene Metallarmierung.<\/li>\n<li>Runde Wache aus Metall.<\/li>\n<li>Griff mit schwarzem Baumwollfaden \u00fcberzogen.<\/li>\n<li>Scheide aus schwarzem Kunstleder.<\/li>\n<li>L\u00e4nge der Klinge: 64.5 cm - Gesamtl\u00e4nge: 93.5 cm<\/li>\n<\/ul>","protected":false},"featured_media":28563,"template":"","meta":[],"product_brand":[896],"product_cat":[24,59],"product_tag":[],"class_list":{"0":"post-28562","1":"product","2":"type-product","3":"status-publish","4":"has-post-thumbnail","6":"product_brand-replique-manga-cine","7":"product_cat-films-series-tv-vente-de-katana-epee-et-produits-derives","8":"product_cat-super-heros-marvel","10":"first","11":"instock","12":"taxable","13":"shipping-taxable","14":"purchasable","15":"product-type-simple"},"yoast_head":"<!-- This site is optimized with the Yoast SEO plugin v27.5 - https:\/\/yoast.com\/product\/yoast-seo-wordpress\/ -->\n<title>Ep\u00e9e Hawkeye Ronin - Avengers 4 - R\u00e9plique Manga Cin\u00e9<\/title>\n<meta name=\"description\" content=\"Superbe Ep\u00e9e Hawkeye Ronin dans Avengers 4 en version XL. La lame large est en acier ajour\u00e9e. Livr\u00e9 avec son fourreau en simili cuir noir. A voir !\" \/>\n<meta name=\"robots\" content=\"index, follow, max-snippet:-1, max-image-preview:large, max-video-preview:-1\" \/>\n<link rel=\"canonical\" href=\"https:\/\/repliquemangacine.fr\/de\/marvel-super-heros\/schwert-hawkeye-ronin-avengers\/\" \/>\n<meta property=\"og:locale\" content=\"de_DE\" \/>\n<meta property=\"og:type\" content=\"article\" \/>\n<meta property=\"og:title\" content=\"Ep\u00e9e Hawkeye Ronin - Avengers 4 - R\u00e9plique Manga Cin\u00e9\" \/>\n<meta property=\"og:description\" content=\"Superbe Ep\u00e9e Hawkeye Ronin dans Avengers 4 en version XL. La lame large est en acier ajour\u00e9e. Livr\u00e9 avec son fourreau en simili cuir noir. A voir !\" \/>\n<meta property=\"og:url\" content=\"https:\/\/repliquemangacine.fr\/de\/marvel-super-heros\/schwert-hawkeye-ronin-avengers\/\" \/>\n<meta property=\"og:site_name\" content=\"R\u00e9plique Manga Cin\u00e9\" \/>\n<meta property=\"article:publisher\" content=\"https:\/\/www.facebook.com\/RepliqueMangaCine\" \/>\n<meta property=\"article:modified_time\" content=\"2025-09-23T16:02:25+00:00\" \/>\n<meta property=\"og:image\" content=\"https:\/\/repliquemangacine.fr\/wp-content\/uploads\/2023\/10\/Epee-Hawkeye-Ronin-avengers-4.jpg\" \/>\n\t<meta property=\"og:image:width\" content=\"500\" \/>\n\t<meta property=\"og:image:height\" content=\"500\" \/>\n\t<meta property=\"og:image:type\" content=\"image\/jpeg\" \/>\n<meta name=\"twitter:card\" content=\"summary_large_image\" \/>\n<meta name=\"twitter:label1\" content=\"Gesch\u00e4tzte Lesezeit\" \/>\n\t<meta name=\"twitter:data1\" content=\"2\u00a0Minuten\" \/>\n<script type=\"application\/ld+json\" class=\"yoast-schema-graph\">{\"@context\":\"https:\\\/\\\/schema.org\",\"@graph\":[{\"@type\":\"WebPage\",\"@id\":\"https:\\\/\\\/repliquemangacine.fr\\\/super-heros-marvel\\\/epee-hawkeye-ronin-avengers\\\/\",\"url\":\"https:\\\/\\\/repliquemangacine.fr\\\/super-heros-marvel\\\/epee-hawkeye-ronin-avengers\\\/\",\"name\":\"Ep\u00e9e Hawkeye Ronin - Avengers 4 - R\u00e9plique Manga Cin\u00e9\",\"isPartOf\":{\"@id\":\"https:\\\/\\\/repliquemangacine.fr\\\/#website\"},\"primaryImageOfPage\":{\"@id\":\"https:\\\/\\\/repliquemangacine.fr\\\/super-heros-marvel\\\/epee-hawkeye-ronin-avengers\\\/#primaryimage\"},\"image\":{\"@id\":\"https:\\\/\\\/repliquemangacine.fr\\\/super-heros-marvel\\\/epee-hawkeye-ronin-avengers\\\/#primaryimage\"},\"thumbnailUrl\":\"https:\\\/\\\/repliquemangacine.fr\\\/wp-content\\\/uploads\\\/2023\\\/10\\\/Epee-Hawkeye-Ronin-avengers-4.jpg\",\"datePublished\":\"2019-11-11T15:09:23+00:00\",\"dateModified\":\"2025-09-23T16:02:25+00:00\",\"description\":\"Superbe Ep\u00e9e Hawkeye Ronin dans Avengers 4 en version XL. La lame large est en acier ajour\u00e9e. Livr\u00e9 avec son fourreau en simili cuir noir. A voir !\",\"breadcrumb\":{\"@id\":\"https:\\\/\\\/repliquemangacine.fr\\\/super-heros-marvel\\\/epee-hawkeye-ronin-avengers\\\/#breadcrumb\"},\"inLanguage\":\"de\",\"potentialAction\":[{\"@type\":\"ReadAction\",\"target\":[\"https:\\\/\\\/repliquemangacine.fr\\\/super-heros-marvel\\\/epee-hawkeye-ronin-avengers\\\/\"]}]},{\"@type\":\"ImageObject\",\"inLanguage\":\"de\",\"@id\":\"https:\\\/\\\/repliquemangacine.fr\\\/super-heros-marvel\\\/epee-hawkeye-ronin-avengers\\\/#primaryimage\",\"url\":\"https:\\\/\\\/repliquemangacine.fr\\\/wp-content\\\/uploads\\\/2023\\\/10\\\/Epee-Hawkeye-Ronin-avengers-4.jpg\",\"contentUrl\":\"https:\\\/\\\/repliquemangacine.fr\\\/wp-content\\\/uploads\\\/2023\\\/10\\\/Epee-Hawkeye-Ronin-avengers-4.jpg\",\"width\":500,\"height\":500,\"caption\":\"Ep\u00e9e Hawkeye Ronin avengers 4\"},{\"@type\":\"BreadcrumbList\",\"@id\":\"https:\\\/\\\/repliquemangacine.fr\\\/super-heros-marvel\\\/epee-hawkeye-ronin-avengers\\\/#breadcrumb\",\"itemListElement\":[{\"@type\":\"ListItem\",\"position\":1,\"name\":\"Accueil\",\"item\":\"https:\\\/\\\/repliquemangacine.fr\\\/\"},{\"@type\":\"ListItem\",\"position\":2,\"name\":\"Produits\",\"item\":\"https:\\\/\\\/repliquemangacine.fr\\\/boutique\\\/\"},{\"@type\":\"ListItem\",\"position\":3,\"name\":\"Ep\u00e9e Hawkeye Ronin Avengers\"}]},{\"@type\":\"WebSite\",\"@id\":\"https:\\\/\\\/repliquemangacine.fr\\\/#website\",\"url\":\"https:\\\/\\\/repliquemangacine.fr\\\/\",\"name\":\"R\u00e9plique Manga Cin\u00e9\",\"description\":\"\",\"publisher\":{\"@id\":\"https:\\\/\\\/repliquemangacine.fr\\\/#organization\"},\"potentialAction\":[{\"@type\":\"SearchAction\",\"target\":{\"@type\":\"EntryPoint\",\"urlTemplate\":\"https:\\\/\\\/repliquemangacine.fr\\\/?s={search_term_string}\"},\"query-input\":{\"@type\":\"PropertyValueSpecification\",\"valueRequired\":true,\"valueName\":\"search_term_string\"}}],\"inLanguage\":\"de\"},{\"@type\":\"Organization\",\"@id\":\"https:\\\/\\\/repliquemangacine.fr\\\/#organization\",\"name\":\"R\u00e9plique Manga Cin\u00e9\",\"url\":\"https:\\\/\\\/repliquemangacine.fr\\\/\",\"logo\":{\"@type\":\"ImageObject\",\"inLanguage\":\"de\",\"@id\":\"https:\\\/\\\/repliquemangacine.fr\\\/#\\\/schema\\\/logo\\\/image\\\/\",\"url\":\"https:\\\/\\\/repliquemangacine.fr\\\/wp-content\\\/uploads\\\/2023\\\/10\\\/RMC-500250.png\",\"contentUrl\":\"https:\\\/\\\/repliquemangacine.fr\\\/wp-content\\\/uploads\\\/2023\\\/10\\\/RMC-500250.png\",\"width\":500,\"height\":250,\"caption\":\"R\u00e9plique Manga Cin\u00e9\"},\"image\":{\"@id\":\"https:\\\/\\\/repliquemangacine.fr\\\/#\\\/schema\\\/logo\\\/image\\\/\"},\"sameAs\":[\"https:\\\/\\\/www.facebook.com\\\/RepliqueMangaCine\",\"https:\\\/\\\/www.instagram.com\\\/repliquemangacine.fr\\\/\"]}]}<\/script>\n<!-- \/ Yoast SEO plugin. -->","yoast_head_json":{"title":"Hawkeye Ronin Schwert - Avengers 4 - R\u00e9plique Manga Cin\u00e9","description":"Wundersch\u00f6nes Hawkeye Ronin Schwert aus Avengers 4 in der XL-Version. Die breite Klinge ist aus durchbrochenem Stahl. Es wird mit einer Scheide aus schwarzem Kunstleder geliefert. Zu sehen!","robots":{"index":"index","follow":"follow","max-snippet":"max-snippet:-1","max-image-preview":"max-image-preview:large","max-video-preview":"max-video-preview:-1"},"canonical":"https:\/\/repliquemangacine.fr\/de\/marvel-super-heros\/schwert-hawkeye-ronin-avengers\/","og_locale":"de_DE","og_type":"article","og_title":"Ep\u00e9e Hawkeye Ronin - Avengers 4 - R\u00e9plique Manga Cin\u00e9","og_description":"Superbe Ep\u00e9e Hawkeye Ronin dans Avengers 4 en version XL. La lame large est en acier ajour\u00e9e. Livr\u00e9 avec son fourreau en simili cuir noir. A voir !","og_url":"https:\/\/repliquemangacine.fr\/de\/marvel-super-heros\/schwert-hawkeye-ronin-avengers\/","og_site_name":"R\u00e9plique Manga Cin\u00e9","article_publisher":"https:\/\/www.facebook.com\/RepliqueMangaCine","article_modified_time":"2025-09-23T16:02:25+00:00","og_image":[{"width":500,"height":500,"url":"https:\/\/repliquemangacine.fr\/wp-content\/uploads\/2023\/10\/Epee-Hawkeye-Ronin-avengers-4.jpg","type":"image\/jpeg"}],"twitter_card":"summary_large_image","twitter_misc":{"Gesch\u00e4tzte Lesezeit":"2\u00a0Minuten"},"schema":{"@context":"https:\/\/schema.org","@graph":[{"@type":"WebPage","@id":"https:\/\/repliquemangacine.fr\/super-heros-marvel\/epee-hawkeye-ronin-avengers\/","url":"https:\/\/repliquemangacine.fr\/super-heros-marvel\/epee-hawkeye-ronin-avengers\/","name":"Hawkeye Ronin Schwert - Avengers 4 - R\u00e9plique Manga Cin\u00e9","isPartOf":{"@id":"https:\/\/repliquemangacine.fr\/#website"},"primaryImageOfPage":{"@id":"https:\/\/repliquemangacine.fr\/super-heros-marvel\/epee-hawkeye-ronin-avengers\/#primaryimage"},"image":{"@id":"https:\/\/repliquemangacine.fr\/super-heros-marvel\/epee-hawkeye-ronin-avengers\/#primaryimage"},"thumbnailUrl":"https:\/\/repliquemangacine.fr\/wp-content\/uploads\/2023\/10\/Epee-Hawkeye-Ronin-avengers-4.jpg","datePublished":"2019-11-11T15:09:23+00:00","dateModified":"2025-09-23T16:02:25+00:00","description":"Wundersch\u00f6nes Hawkeye Ronin Schwert aus Avengers 4 in der XL-Version. Die breite Klinge ist aus durchbrochenem Stahl. Es wird mit einer Scheide aus schwarzem Kunstleder geliefert. Zu sehen!","breadcrumb":{"@id":"https:\/\/repliquemangacine.fr\/super-heros-marvel\/epee-hawkeye-ronin-avengers\/#breadcrumb"},"inLanguage":"de","potentialAction":[{"@type":"ReadAction","target":["https:\/\/repliquemangacine.fr\/super-heros-marvel\/epee-hawkeye-ronin-avengers\/"]}]},{"@type":"ImageObject","inLanguage":"de","@id":"https:\/\/repliquemangacine.fr\/super-heros-marvel\/epee-hawkeye-ronin-avengers\/#primaryimage","url":"https:\/\/repliquemangacine.fr\/wp-content\/uploads\/2023\/10\/Epee-Hawkeye-Ronin-avengers-4.jpg","contentUrl":"https:\/\/repliquemangacine.fr\/wp-content\/uploads\/2023\/10\/Epee-Hawkeye-Ronin-avengers-4.jpg","width":500,"height":500,"caption":"Ep\u00e9e Hawkeye Ronin avengers 4"},{"@type":"BreadcrumbList","@id":"https:\/\/repliquemangacine.fr\/super-heros-marvel\/epee-hawkeye-ronin-avengers\/#breadcrumb","itemListElement":[{"@type":"ListItem","position":1,"name":"Accueil","item":"https:\/\/repliquemangacine.fr\/"},{"@type":"ListItem","position":2,"name":"Produits","item":"https:\/\/repliquemangacine.fr\/boutique\/"},{"@type":"ListItem","position":3,"name":"Ep\u00e9e Hawkeye Ronin Avengers"}]},{"@type":"WebSite","@id":"https:\/\/repliquemangacine.fr\/#website","url":"https:\/\/repliquemangacine.fr\/","name":"R\u00e9plique Manga Cin\u00e9","description":"","publisher":{"@id":"https:\/\/repliquemangacine.fr\/#organization"},"potentialAction":[{"@type":"SearchAction","target":{"@type":"EntryPoint","urlTemplate":"https:\/\/repliquemangacine.fr\/?s={search_term_string}"},"query-input":{"@type":"PropertyValueSpecification","valueRequired":true,"valueName":"search_term_string"}}],"inLanguage":"de"},{"@type":"Organization","@id":"https:\/\/repliquemangacine.fr\/#organization","name":"R\u00e9plique Manga Cin\u00e9","url":"https:\/\/repliquemangacine.fr\/","logo":{"@type":"ImageObject","inLanguage":"de","@id":"https:\/\/repliquemangacine.fr\/#\/schema\/logo\/image\/","url":"https:\/\/repliquemangacine.fr\/wp-content\/uploads\/2023\/10\/RMC-500250.png","contentUrl":"https:\/\/repliquemangacine.fr\/wp-content\/uploads\/2023\/10\/RMC-500250.png","width":500,"height":250,"caption":"R\u00e9plique Manga Cin\u00e9"},"image":{"@id":"https:\/\/repliquemangacine.fr\/#\/schema\/logo\/image\/"},"sameAs":["https:\/\/www.facebook.com\/RepliqueMangaCine","https:\/\/www.instagram.com\/repliquemangacine.fr\/"]}]}},"_links":{"self":[{"href":"https:\/\/repliquemangacine.fr\/de\/wp-json\/wp\/v2\/product\/28562","targetHints":{"allow":["GET"]}}],"collection":[{"href":"https:\/\/repliquemangacine.fr\/de\/wp-json\/wp\/v2\/product"}],"about":[{"href":"https:\/\/repliquemangacine.fr\/de\/wp-json\/wp\/v2\/types\/product"}],"wp:featuredmedia":[{"embeddable":true,"href":"https:\/\/repliquemangacine.fr\/de\/wp-json\/wp\/v2\/media\/28563"}],"wp:attachment":[{"href":"https:\/\/repliquemangacine.fr\/de\/wp-json\/wp\/v2\/media?parent=28562"}],"wp:term":[{"taxonomy":"product_brand","embeddable":true,"href":"https:\/\/repliquemangacine.fr\/de\/wp-json\/wp\/v2\/product_brand?post=28562"},{"taxonomy":"product_cat","embeddable":true,"href":"https:\/\/repliquemangacine.fr\/de\/wp-json\/wp\/v2\/product_cat?post=28562"},{"taxonomy":"product_tag","embeddable":true,"href":"https:\/\/repliquemangacine.fr\/de\/wp-json\/wp\/v2\/product_tag?post=28562"}],"curies":[{"name":"wp","href":"https:\/\/api.w.org\/{rel}","templated":true}]}}