





{"id":28553,"date":"2019-11-11T15:23:03","date_gmt":"2019-11-11T14:23:03","guid":{"rendered":"https:\/\/repliquemangacine.fr\/?post_type=product&#038;p=28553"},"modified":"2026-04-06T13:44:33","modified_gmt":"2026-04-06T11:44:33","slug":"katana-hawkeye-ronin-avengers-endgame","status":"publish","type":"product","link":"https:\/\/repliquemangacine.fr\/de\/super-heros-marvel\/katana-hawkeye-ronin-avengers-endgame\/","title":{"rendered":"Katana Hawkeye Ronin"},"content":{"rendered":"<div id=\"tw-target-text-container\" class=\"tw-ta-container tw-nfl\">\n<h2>Katana Hawkeye Ronin in Avengers Endgame<\/h2>\n<p>Zu Beginn wird der <strong>Katana Hawkeye Ronin<\/strong> ist ein Schwert, das haupts\u00e4chlich von Clint Barton benutzt wurde, um Kriminelle zu ermorden, die die Krise \u00fcberlebt hatten. Nach seiner R\u00fcckkehr zu den Avengers. Barton benutzt das Schwert, um in der Schlacht um die Erde gegen die Armee von Thanos zu k\u00e4mpfen.<\/p>\n<p><a href=\"https:\/\/universcinematographiquemarvel.fandom.com\/fr\/wiki\/Clint_Barton\" target=\"_blank\" rel=\"noopener noreferrer\">Clint Barton<\/a>Hawkeye, auch bekannt als Hawkeye oder Falkenauge, ist ein Scharfsch\u00fctze, ein ehemaliger Spezialagent von S.H.I.E.L.D. und eines der Gr\u00fcndungsmitglieder der Avengers. Er rekrutiert Black Widow, mit der er eine enge Freundschaft entwickelt.<\/p>\n<p>Mit ihrer Entschlossenheit, Loki aufzuhalten, \u00fcbernahmen die Avengers die Kontrolle \u00fcber einen S.H.I.E.L.D.-Quinjet. Hawkeye transportierte Black Widow und Captain America nach New York, gerade als sich das Tesseract-Portal \u00f6ffnete.<\/p>\n<h2>Ihr Hawkeye Ronin Katana zum besten Preis.<\/h2>\n<\/div>\n<p>Wir bieten Ihnen eine gro\u00dfe Auswahl an Repliken aus dem Marvel-Universum.<\/p>\n<p>Zun\u00e4chst einmal,<\/p>\n<ul>\n<li>Die <a href=\"https:\/\/repliquemangacine.fr\/de\/superheld\/leuchtstab-black-widow-schwarz\/\">Leuchtst\u00e4be<\/a> von Black Widow verwendet werden, gibt es in zwei Farben.<\/li>\n<li>Anschlie\u00dfend wird die<a href=\"https:\/\/repliquemangacine.fr\/de\/superheld\/replique-epee-god-killer-wonder-woman\/\">Schwert God Killer<\/a> die von Diana in Wonder Woman verwendet wird.<\/li>\n<li>Sowie die riesige <a href=\"https:\/\/repliquemangacine.fr\/de\/superheld\/double-epee-de-thanos-avengers-endgame\/\">Doppelschwert von Thanos<\/a> ganz aus Glasfaser.<\/li>\n<li>Und viele andere, die es in unserem Online-Shop zu entdecken gibt!<\/li>\n<\/ul>\n<p>Deshalb gibt es hier tolle Geschenkideen f\u00fcr alle Marvel-Fans.<\/p>\n<p>Abschlie\u00dfend k\u00f6nnen Sie den <strong>Katana Hawkeye Ronin<\/strong> in Avengers Endgame bei Ihren Cosplay-Paraden. Vor allem aber ist dieses Schwert ein Sammler- und Dekorationsst\u00fcck.<\/p>\n<h2>Wie pflegt man die Klinge seines Avengers-Katanas?<\/h2>\n<p>Katanas f\u00fcr Sammlungen und Dekorationen werden auf vereinfachte Weise hergestellt und zusammengebaut. Da sie zu Dekorationszwecken verwendet werden, fehlen ihnen die Sicherheitsmerkmale, die ein japanisches Schwert f\u00fcr Trainingszwecke aufweisen muss.<\/p>\n<p>Allerdings ist Ihr <strong>Katana Hawkeye Ronin<\/strong> zu einer Stahlklinge, die gepflegt werden muss, damit sie nicht mit der Zeit abgenutzt wird. Denn wenn du dein Katana ausstellst, werden deine Freunde neugierig sein, die Klinge zu sehen und sie zu ber\u00fchren. Hier ist Vorsicht geboten, denn Sie sollten wissen, dass die S\u00e4ure der Finger dem Stahl unabh\u00e4ngig von seiner Qualit\u00e4t sehr schadet.<\/p>\n<p>Wenn dies jedoch passiert, keine Panik, Sie brauchen nur ein Tuch, das mit etwas \u00d6l befeuchtet ist, und wischen die Fingerabdr\u00fccke ab. Wenn Sie dies tun, werden Sie Ihr Schwert sehr lange behalten.<\/p>","protected":false},"excerpt":{"rendered":"<p>Replik von Ronins Katana aus \"Avengers 4\".<\/p>\n<ul>\n<li>Gerade Klinge aus 440er Stahl mit Durchbruch.<\/li>\n<li>Garde und Knauf aus Stahl.<\/li>\n<li>Metallgriff mit schwarzem Baumwoll\u00fcberzug.<\/li>\n<li>Mattschwarze Holzscheide.<\/li>\n<li>Trageriemen.<\/li>\n<li>L\u00e4nge der Klinge: 71 cm - Gesamtl\u00e4nge: 98 cm<\/li>\n<\/ul>","protected":false},"featured_media":28554,"template":"","meta":[],"product_brand":[896],"product_cat":[24,101,59],"product_tag":[],"class_list":{"0":"post-28553","1":"product","2":"type-product","3":"status-publish","4":"has-post-thumbnail","6":"product_brand-replique-manga-cine","7":"product_cat-films-series-tv-vente-de-katana-epee-et-produits-derives","8":"product_cat-soldes","9":"product_cat-super-heros-marvel","11":"first","12":"instock","13":"sale","14":"taxable","15":"shipping-taxable","16":"purchasable","17":"product-type-simple"},"yoast_head":"<!-- This site is optimized with the Yoast SEO plugin v27.5 - https:\/\/yoast.com\/product\/yoast-seo-wordpress\/ -->\n<title>Katana Hawkeye Ronin - Vente \u00e9p\u00e9e Avengers Endgame | RMC<\/title>\n<meta name=\"description\" content=\"D\u00e9couvrez le Katana Hawkeye Ronin dans Avengers Endgame au meilleur prix. Lame en acier - Fourreau en bois - Lani\u00e8re de transport - Longueur : 98 cm\" \/>\n<meta name=\"robots\" content=\"index, follow, max-snippet:-1, max-image-preview:large, max-video-preview:-1\" \/>\n<link rel=\"canonical\" href=\"https:\/\/repliquemangacine.fr\/de\/ausverkauf\/katana-hawkeye-ronin-avengers-endgame\/\" \/>\n<meta property=\"og:locale\" content=\"de_DE\" \/>\n<meta property=\"og:type\" content=\"article\" \/>\n<meta property=\"og:title\" content=\"Katana Hawkeye Ronin - Vente \u00e9p\u00e9e Avengers Endgame | RMC\" \/>\n<meta property=\"og:description\" content=\"D\u00e9couvrez le Katana Hawkeye Ronin dans Avengers Endgame au meilleur prix. Lame en acier - Fourreau en bois - Lani\u00e8re de transport - Longueur : 98 cm\" \/>\n<meta property=\"og:url\" content=\"https:\/\/repliquemangacine.fr\/de\/ausverkauf\/katana-hawkeye-ronin-avengers-endgame\/\" \/>\n<meta property=\"og:site_name\" content=\"R\u00e9plique Manga Cin\u00e9\" \/>\n<meta property=\"article:publisher\" content=\"https:\/\/www.facebook.com\/RepliqueMangaCine\" \/>\n<meta property=\"article:modified_time\" content=\"2026-04-06T11:44:33+00:00\" \/>\n<meta property=\"og:image\" content=\"https:\/\/repliquemangacine.fr\/wp-content\/uploads\/2023\/10\/3247-Katana-Hawkeye-Ronin-Avengers-Endgame.jpg\" \/>\n\t<meta property=\"og:image:width\" content=\"800\" \/>\n\t<meta property=\"og:image:height\" content=\"800\" \/>\n\t<meta property=\"og:image:type\" content=\"image\/jpeg\" \/>\n<meta name=\"twitter:card\" content=\"summary_large_image\" \/>\n<meta name=\"twitter:label1\" content=\"Gesch\u00e4tzte Lesezeit\" \/>\n\t<meta name=\"twitter:data1\" content=\"1\u00a0Minute\" \/>\n<script type=\"application\/ld+json\" class=\"yoast-schema-graph\">{\"@context\":\"https:\\\/\\\/schema.org\",\"@graph\":[{\"@type\":\"WebPage\",\"@id\":\"https:\\\/\\\/repliquemangacine.fr\\\/soldes\\\/katana-hawkeye-ronin-avengers-endgame\\\/\",\"url\":\"https:\\\/\\\/repliquemangacine.fr\\\/soldes\\\/katana-hawkeye-ronin-avengers-endgame\\\/\",\"name\":\"Katana Hawkeye Ronin - Vente \u00e9p\u00e9e Avengers Endgame | RMC\",\"isPartOf\":{\"@id\":\"https:\\\/\\\/repliquemangacine.fr\\\/#website\"},\"primaryImageOfPage\":{\"@id\":\"https:\\\/\\\/repliquemangacine.fr\\\/soldes\\\/katana-hawkeye-ronin-avengers-endgame\\\/#primaryimage\"},\"image\":{\"@id\":\"https:\\\/\\\/repliquemangacine.fr\\\/soldes\\\/katana-hawkeye-ronin-avengers-endgame\\\/#primaryimage\"},\"thumbnailUrl\":\"https:\\\/\\\/repliquemangacine.fr\\\/wp-content\\\/uploads\\\/2023\\\/10\\\/3247-Katana-Hawkeye-Ronin-Avengers-Endgame.jpg\",\"datePublished\":\"2019-11-11T14:23:03+00:00\",\"dateModified\":\"2026-04-06T11:44:33+00:00\",\"description\":\"D\u00e9couvrez le Katana Hawkeye Ronin dans Avengers Endgame au meilleur prix. Lame en acier - Fourreau en bois - Lani\u00e8re de transport - Longueur : 98 cm\",\"breadcrumb\":{\"@id\":\"https:\\\/\\\/repliquemangacine.fr\\\/soldes\\\/katana-hawkeye-ronin-avengers-endgame\\\/#breadcrumb\"},\"inLanguage\":\"de\",\"potentialAction\":[{\"@type\":\"ReadAction\",\"target\":[\"https:\\\/\\\/repliquemangacine.fr\\\/soldes\\\/katana-hawkeye-ronin-avengers-endgame\\\/\"]}]},{\"@type\":\"ImageObject\",\"inLanguage\":\"de\",\"@id\":\"https:\\\/\\\/repliquemangacine.fr\\\/soldes\\\/katana-hawkeye-ronin-avengers-endgame\\\/#primaryimage\",\"url\":\"https:\\\/\\\/repliquemangacine.fr\\\/wp-content\\\/uploads\\\/2023\\\/10\\\/3247-Katana-Hawkeye-Ronin-Avengers-Endgame.jpg\",\"contentUrl\":\"https:\\\/\\\/repliquemangacine.fr\\\/wp-content\\\/uploads\\\/2023\\\/10\\\/3247-Katana-Hawkeye-Ronin-Avengers-Endgame.jpg\",\"width\":800,\"height\":800,\"caption\":\"Katana Hawkeye Ronin - Avengers Endgame\"},{\"@type\":\"BreadcrumbList\",\"@id\":\"https:\\\/\\\/repliquemangacine.fr\\\/soldes\\\/katana-hawkeye-ronin-avengers-endgame\\\/#breadcrumb\",\"itemListElement\":[{\"@type\":\"ListItem\",\"position\":1,\"name\":\"Accueil\",\"item\":\"https:\\\/\\\/repliquemangacine.fr\\\/\"},{\"@type\":\"ListItem\",\"position\":2,\"name\":\"Produits\",\"item\":\"https:\\\/\\\/repliquemangacine.fr\\\/boutique\\\/\"},{\"@type\":\"ListItem\",\"position\":3,\"name\":\"Katana Hawkeye Ronin\"}]},{\"@type\":\"WebSite\",\"@id\":\"https:\\\/\\\/repliquemangacine.fr\\\/#website\",\"url\":\"https:\\\/\\\/repliquemangacine.fr\\\/\",\"name\":\"R\u00e9plique Manga Cin\u00e9\",\"description\":\"\",\"publisher\":{\"@id\":\"https:\\\/\\\/repliquemangacine.fr\\\/#organization\"},\"potentialAction\":[{\"@type\":\"SearchAction\",\"target\":{\"@type\":\"EntryPoint\",\"urlTemplate\":\"https:\\\/\\\/repliquemangacine.fr\\\/?s={search_term_string}\"},\"query-input\":{\"@type\":\"PropertyValueSpecification\",\"valueRequired\":true,\"valueName\":\"search_term_string\"}}],\"inLanguage\":\"de\"},{\"@type\":\"Organization\",\"@id\":\"https:\\\/\\\/repliquemangacine.fr\\\/#organization\",\"name\":\"R\u00e9plique Manga Cin\u00e9\",\"url\":\"https:\\\/\\\/repliquemangacine.fr\\\/\",\"logo\":{\"@type\":\"ImageObject\",\"inLanguage\":\"de\",\"@id\":\"https:\\\/\\\/repliquemangacine.fr\\\/#\\\/schema\\\/logo\\\/image\\\/\",\"url\":\"https:\\\/\\\/repliquemangacine.fr\\\/wp-content\\\/uploads\\\/2023\\\/10\\\/RMC-500250.png\",\"contentUrl\":\"https:\\\/\\\/repliquemangacine.fr\\\/wp-content\\\/uploads\\\/2023\\\/10\\\/RMC-500250.png\",\"width\":500,\"height\":250,\"caption\":\"R\u00e9plique Manga Cin\u00e9\"},\"image\":{\"@id\":\"https:\\\/\\\/repliquemangacine.fr\\\/#\\\/schema\\\/logo\\\/image\\\/\"},\"sameAs\":[\"https:\\\/\\\/www.facebook.com\\\/RepliqueMangaCine\",\"https:\\\/\\\/www.instagram.com\\\/repliquemangacine.fr\\\/\"]}]}<\/script>\n<!-- \/ Yoast SEO plugin. -->","yoast_head_json":{"title":"Katana Hawkeye Ronin - Avengers Endgame Schwert Verkauf | RMC","description":"Entdecken Sie das Hawkeye Ronin Katana in Avengers Endgame zum besten Preis. Klinge aus Stahl - Scheide aus Holz - Trageriemen - L\u00e4nge: 98 cm","robots":{"index":"index","follow":"follow","max-snippet":"max-snippet:-1","max-image-preview":"max-image-preview:large","max-video-preview":"max-video-preview:-1"},"canonical":"https:\/\/repliquemangacine.fr\/de\/ausverkauf\/katana-hawkeye-ronin-avengers-endgame\/","og_locale":"de_DE","og_type":"article","og_title":"Katana Hawkeye Ronin - Vente \u00e9p\u00e9e Avengers Endgame | RMC","og_description":"D\u00e9couvrez le Katana Hawkeye Ronin dans Avengers Endgame au meilleur prix. Lame en acier - Fourreau en bois - Lani\u00e8re de transport - Longueur : 98 cm","og_url":"https:\/\/repliquemangacine.fr\/de\/ausverkauf\/katana-hawkeye-ronin-avengers-endgame\/","og_site_name":"R\u00e9plique Manga Cin\u00e9","article_publisher":"https:\/\/www.facebook.com\/RepliqueMangaCine","article_modified_time":"2026-04-06T11:44:33+00:00","og_image":[{"width":800,"height":800,"url":"https:\/\/repliquemangacine.fr\/wp-content\/uploads\/2023\/10\/3247-Katana-Hawkeye-Ronin-Avengers-Endgame.jpg","type":"image\/jpeg"}],"twitter_card":"summary_large_image","twitter_misc":{"Gesch\u00e4tzte Lesezeit":"1\u00a0Minute"},"schema":{"@context":"https:\/\/schema.org","@graph":[{"@type":"WebPage","@id":"https:\/\/repliquemangacine.fr\/soldes\/katana-hawkeye-ronin-avengers-endgame\/","url":"https:\/\/repliquemangacine.fr\/soldes\/katana-hawkeye-ronin-avengers-endgame\/","name":"Katana Hawkeye Ronin - Avengers Endgame Schwert Verkauf | RMC","isPartOf":{"@id":"https:\/\/repliquemangacine.fr\/#website"},"primaryImageOfPage":{"@id":"https:\/\/repliquemangacine.fr\/soldes\/katana-hawkeye-ronin-avengers-endgame\/#primaryimage"},"image":{"@id":"https:\/\/repliquemangacine.fr\/soldes\/katana-hawkeye-ronin-avengers-endgame\/#primaryimage"},"thumbnailUrl":"https:\/\/repliquemangacine.fr\/wp-content\/uploads\/2023\/10\/3247-Katana-Hawkeye-Ronin-Avengers-Endgame.jpg","datePublished":"2019-11-11T14:23:03+00:00","dateModified":"2026-04-06T11:44:33+00:00","description":"Entdecken Sie das Hawkeye Ronin Katana in Avengers Endgame zum besten Preis. Klinge aus Stahl - Scheide aus Holz - Trageriemen - L\u00e4nge: 98 cm","breadcrumb":{"@id":"https:\/\/repliquemangacine.fr\/soldes\/katana-hawkeye-ronin-avengers-endgame\/#breadcrumb"},"inLanguage":"de","potentialAction":[{"@type":"ReadAction","target":["https:\/\/repliquemangacine.fr\/soldes\/katana-hawkeye-ronin-avengers-endgame\/"]}]},{"@type":"ImageObject","inLanguage":"de","@id":"https:\/\/repliquemangacine.fr\/soldes\/katana-hawkeye-ronin-avengers-endgame\/#primaryimage","url":"https:\/\/repliquemangacine.fr\/wp-content\/uploads\/2023\/10\/3247-Katana-Hawkeye-Ronin-Avengers-Endgame.jpg","contentUrl":"https:\/\/repliquemangacine.fr\/wp-content\/uploads\/2023\/10\/3247-Katana-Hawkeye-Ronin-Avengers-Endgame.jpg","width":800,"height":800,"caption":"Katana Hawkeye Ronin - Avengers Endgame"},{"@type":"BreadcrumbList","@id":"https:\/\/repliquemangacine.fr\/soldes\/katana-hawkeye-ronin-avengers-endgame\/#breadcrumb","itemListElement":[{"@type":"ListItem","position":1,"name":"Accueil","item":"https:\/\/repliquemangacine.fr\/"},{"@type":"ListItem","position":2,"name":"Produits","item":"https:\/\/repliquemangacine.fr\/boutique\/"},{"@type":"ListItem","position":3,"name":"Katana Hawkeye Ronin"}]},{"@type":"WebSite","@id":"https:\/\/repliquemangacine.fr\/#website","url":"https:\/\/repliquemangacine.fr\/","name":"R\u00e9plique Manga Cin\u00e9","description":"","publisher":{"@id":"https:\/\/repliquemangacine.fr\/#organization"},"potentialAction":[{"@type":"SearchAction","target":{"@type":"EntryPoint","urlTemplate":"https:\/\/repliquemangacine.fr\/?s={search_term_string}"},"query-input":{"@type":"PropertyValueSpecification","valueRequired":true,"valueName":"search_term_string"}}],"inLanguage":"de"},{"@type":"Organization","@id":"https:\/\/repliquemangacine.fr\/#organization","name":"R\u00e9plique Manga Cin\u00e9","url":"https:\/\/repliquemangacine.fr\/","logo":{"@type":"ImageObject","inLanguage":"de","@id":"https:\/\/repliquemangacine.fr\/#\/schema\/logo\/image\/","url":"https:\/\/repliquemangacine.fr\/wp-content\/uploads\/2023\/10\/RMC-500250.png","contentUrl":"https:\/\/repliquemangacine.fr\/wp-content\/uploads\/2023\/10\/RMC-500250.png","width":500,"height":250,"caption":"R\u00e9plique Manga Cin\u00e9"},"image":{"@id":"https:\/\/repliquemangacine.fr\/#\/schema\/logo\/image\/"},"sameAs":["https:\/\/www.facebook.com\/RepliqueMangaCine","https:\/\/www.instagram.com\/repliquemangacine.fr\/"]}]}},"_links":{"self":[{"href":"https:\/\/repliquemangacine.fr\/de\/wp-json\/wp\/v2\/product\/28553","targetHints":{"allow":["GET"]}}],"collection":[{"href":"https:\/\/repliquemangacine.fr\/de\/wp-json\/wp\/v2\/product"}],"about":[{"href":"https:\/\/repliquemangacine.fr\/de\/wp-json\/wp\/v2\/types\/product"}],"wp:featuredmedia":[{"embeddable":true,"href":"https:\/\/repliquemangacine.fr\/de\/wp-json\/wp\/v2\/media\/28554"}],"wp:attachment":[{"href":"https:\/\/repliquemangacine.fr\/de\/wp-json\/wp\/v2\/media?parent=28553"}],"wp:term":[{"taxonomy":"product_brand","embeddable":true,"href":"https:\/\/repliquemangacine.fr\/de\/wp-json\/wp\/v2\/product_brand?post=28553"},{"taxonomy":"product_cat","embeddable":true,"href":"https:\/\/repliquemangacine.fr\/de\/wp-json\/wp\/v2\/product_cat?post=28553"},{"taxonomy":"product_tag","embeddable":true,"href":"https:\/\/repliquemangacine.fr\/de\/wp-json\/wp\/v2\/product_tag?post=28553"}],"curies":[{"name":"wp","href":"https:\/\/api.w.org\/{rel}","templated":true}]}}