





{"id":28544,"date":"2019-11-11T13:39:45","date_gmt":"2019-11-11T12:39:45","guid":{"rendered":"https:\/\/repliquemangacine.fr\/?post_type=product&#038;p=28544"},"modified":"2026-03-08T11:37:38","modified_gmt":"2026-03-08T10:37:38","slug":"schwert-des-meliodas-heiliger-tresor-lostvayne","status":"publish","type":"product","link":"https:\/\/repliquemangacine.fr\/de\/epees-seven-deadly-sins\/epee-de-meliodas-tresor-sacre-lostvayne\/","title":{"rendered":"Schwert Lostvayne Meliodas"},"content":{"rendered":"<h2>Replik des Lostvayne-Schwerts von Meliodas in Seven Deadly Sins<\/h2>\n<p>Zu Beginn wird die<strong>Lostvayne-Schwert von Meliodas<\/strong> ist ein kurzes, gebogenes Schwert mit dem Symbol des Drachen des Zorns auf dem Griff.<\/p>\n<p>Meliodas, ein Junge mit au\u00dfergew\u00f6hnlicher Kraft, und Hawk, sein Schwein, markieren den Beginn einer abenteuerreichen Reise voller \u00dcberraschungen, auf der Magie und K\u00e4mpfe nicht fehlen d\u00fcrfen!<\/p>\n<p>Meliodas ist der Drache des Zorns, der die Seven Deadly Sins anf\u00fchrt. Sein Heiliger Schatz ist die D\u00e4monenschneiderin. <a href=\"https:\/\/seven-deadly-sins.fandom.com\/fr\/wiki\/Lostvayne\" target=\"_blank\" rel=\"noopener noreferrer\">Lostvayne<\/a> und seine Hauptf\u00e4higkeit ist der Totaler Konter.<\/p>\n<p>Lostvayne wurde Meliodas von K\u00f6nig Baltra Liones anvertraut und blieb in seinem Besitz, bis er sie vor 10 Jahren verkaufte, um Geld f\u00fcr die Er\u00f6ffnung des Chapeau du Cochon zu sammeln. Merlin kauft sie bei einem Pfandleiher zur\u00fcck und bewahrt sie auf, um sie Meliodas w\u00e4hrend des Angriffs von Albion auf Camelot zur\u00fcckzugeben.<\/p>\n<h2>Ihr Lostvayne-Schwert von M\u00e9liodas zum besten Preis.<\/h2>\n<p>Wir bieten Ihnen eine gro\u00dfe Auswahl an Repliken Ihres Mangas Seven Deadly Sins.<\/p>\n<p>Zun\u00e4chst einmal,<\/p>\n<ul>\n<li>Das Schwert des Drachen oder <a href=\"https:\/\/repliquemangacine.fr\/de\/anderer-manga\/drachenschwert-meliodas\/\">zerbrochenes Schwert von Meliodas<\/a> in dem Manga \"Seven Deadly sins\".<\/li>\n<li>Es gibt auch die Nachbildung des<a href=\"https:\/\/repliquemangacine.fr\/de\/anderer-manga\/epee-de-liz-dans-seven-deadly-sins-epee-meliodas\/\">Liz' Schwert<\/a> die Meliodas gegeben wurde.<\/li>\n<li>Sowie das <a href=\"https:\/\/repliquemangacine.fr\/de\/anderer-manga\/schwertkasten-meliodas-10-teilig\/\">Schl\u00fcsselanh\u00e4nger-Box aus Seven Deadly Sins<\/a> ( Nanatsu no taizai).<\/li>\n<li>Und noch viel mehr gibt es in unserem Online-Shop zu entdecken!<\/li>\n<\/ul>\n<p>Deshalb gibt es hier tolle Geschenkideen f\u00fcr alle Fans des Anime-Mangas.<\/p>\n<p>Abschlie\u00dfend k\u00f6nnen Sie den<strong>Lostvayne-Schwert von Meliodas<\/strong> f\u00fcr Ihre Cosplay-Paraden. Vor allem aber ist dieses Schwert ein Sammler- und Dekorationsst\u00fcck.<\/p>\n<h2>Wie pflegt man die Klinge seines Seven Deadly Sins-Schwerts?<\/h2>\n<p>Sammlungs- und Dekorationsschwerter werden in vereinfachter Form hergestellt und zusammengebaut. Da sie zu Dekorationszwecken verwendet werden, fehlen ihnen die Sicherheitselemente, die ein japanisches Schwert f\u00fcr Trainingszwecke aufweisen muss.<\/p>\n<p>Allerdings ist Ihr <strong>Lostvayne-Schwert von Meliodas<\/strong> zu einer Stahlklinge, die gepflegt werden muss, damit sie nicht mit der Zeit abgenutzt wird. Denn wenn du dein Katana ausstellst, werden deine Freunde neugierig sein, die Klinge zu sehen und sie zu ber\u00fchren. Hier ist Vorsicht geboten, denn Sie sollten wissen, dass die S\u00e4ure der Finger dem Stahl unabh\u00e4ngig von seiner Qualit\u00e4t sehr schadet.<\/p>\n<p>Wenn dies jedoch passiert, keine Panik, Sie brauchen nur ein Tuch, das mit etwas \u00d6l befeuchtet ist, und wischen die Fingerabdr\u00fccke ab. Wenn Sie dies tun, werden Sie Ihr Schwert sehr lange behalten.<\/p>","protected":false},"excerpt":{"rendered":"<p>Replik des Lostvayne-D\u00e4monenschneiders in Seven Deadly Sins<\/p>\n<ul>\n<li>Nicht scharfe Klinge aus 440er-Stahl.<\/li>\n<li>In der Mitte der Klinge befinden sich f\u00fcnf L\u00f6cher und auf dem R\u00fccken der Klinge f\u00fcnf Halbmonde.<\/li>\n<li>Metallgriff mit gr\u00fcnem Baumwollgeflecht.<\/li>\n<li>Knauf aus Metall.<\/li>\n<li>Scheide aus gr\u00fcnem Kunstleder.<\/li>\n<li>L\u00e4nge der Klinge: 49 cm - Gesamtl\u00e4nge: 71 cm<\/li>\n<\/ul>\n<p><strong>\u00a0<\/strong><\/p>","protected":false},"featured_media":28545,"template":"","meta":[],"product_brand":[896],"product_cat":[23,110],"product_tag":[],"class_list":{"0":"post-28544","1":"product","2":"type-product","3":"status-publish","4":"has-post-thumbnail","6":"product_brand-replique-manga-cine","7":"product_cat-repliques-manga-jeux-video","8":"product_cat-epees-seven-deadly-sins","10":"first","11":"instock","12":"taxable","13":"shipping-taxable","14":"purchasable","15":"product-type-simple"},"yoast_head":"<!-- This site is optimized with the Yoast SEO plugin v27.4 - https:\/\/yoast.com\/product\/yoast-seo-wordpress\/ -->\n<title>Ep\u00e9e Lostvayne de M\u00e9liodas - Boutique en ligne | RMC<\/title>\n<meta name=\"description\" content=\"Commandez vite ! L&#039;Ep\u00e9e Lostvayne de M\u00e9liodas au meilleur prix - Lame acier - Fourreau - \u00c9chelle 1\/1 - Longueur totale : 71cm - Envoi 24\/48h\" \/>\n<meta name=\"robots\" content=\"index, follow, max-snippet:-1, max-image-preview:large, max-video-preview:-1\" \/>\n<link rel=\"canonical\" href=\"https:\/\/repliquemangacine.fr\/de\/epees-seven-deadly-sins\/schwert-des-meliodas-heiliger-tresor-lostvayne\/\" \/>\n<meta property=\"og:locale\" content=\"de_DE\" \/>\n<meta property=\"og:type\" content=\"article\" \/>\n<meta property=\"og:title\" content=\"Ep\u00e9e Lostvayne de M\u00e9liodas - Boutique en ligne | RMC\" \/>\n<meta property=\"og:description\" content=\"Commandez vite ! L&#039;Ep\u00e9e Lostvayne de M\u00e9liodas au meilleur prix - Lame acier - Fourreau - \u00c9chelle 1\/1 - Longueur totale : 71cm - Envoi 24\/48h\" \/>\n<meta property=\"og:url\" content=\"https:\/\/repliquemangacine.fr\/de\/epees-seven-deadly-sins\/schwert-des-meliodas-heiliger-tresor-lostvayne\/\" \/>\n<meta property=\"og:site_name\" content=\"R\u00e9plique Manga Cin\u00e9\" \/>\n<meta property=\"article:publisher\" content=\"https:\/\/www.facebook.com\/RepliqueMangaCine\" \/>\n<meta property=\"article:modified_time\" content=\"2026-03-08T10:37:38+00:00\" \/>\n<meta property=\"og:image\" content=\"https:\/\/repliquemangacine.fr\/wp-content\/uploads\/2023\/10\/3240-epee-de-meliodas.jpg\" \/>\n\t<meta property=\"og:image:width\" content=\"800\" \/>\n\t<meta property=\"og:image:height\" content=\"800\" \/>\n\t<meta property=\"og:image:type\" content=\"image\/jpeg\" \/>\n<meta name=\"twitter:card\" content=\"summary_large_image\" \/>\n<meta name=\"twitter:label1\" content=\"Gesch\u00e4tzte Lesezeit\" \/>\n\t<meta name=\"twitter:data1\" content=\"3\u00a0Minuten\" \/>\n<script type=\"application\/ld+json\" class=\"yoast-schema-graph\">{\"@context\":\"https:\\\/\\\/schema.org\",\"@graph\":[{\"@type\":\"WebPage\",\"@id\":\"https:\\\/\\\/repliquemangacine.fr\\\/epees-seven-deadly-sins\\\/epee-de-meliodas-tresor-sacre-lostvayne\\\/\",\"url\":\"https:\\\/\\\/repliquemangacine.fr\\\/epees-seven-deadly-sins\\\/epee-de-meliodas-tresor-sacre-lostvayne\\\/\",\"name\":\"Ep\u00e9e Lostvayne de M\u00e9liodas - Boutique en ligne | RMC\",\"isPartOf\":{\"@id\":\"https:\\\/\\\/repliquemangacine.fr\\\/#website\"},\"primaryImageOfPage\":{\"@id\":\"https:\\\/\\\/repliquemangacine.fr\\\/epees-seven-deadly-sins\\\/epee-de-meliodas-tresor-sacre-lostvayne\\\/#primaryimage\"},\"image\":{\"@id\":\"https:\\\/\\\/repliquemangacine.fr\\\/epees-seven-deadly-sins\\\/epee-de-meliodas-tresor-sacre-lostvayne\\\/#primaryimage\"},\"thumbnailUrl\":\"https:\\\/\\\/repliquemangacine.fr\\\/wp-content\\\/uploads\\\/2023\\\/10\\\/3240-epee-de-meliodas.jpg\",\"datePublished\":\"2019-11-11T12:39:45+00:00\",\"dateModified\":\"2026-03-08T10:37:38+00:00\",\"description\":\"Commandez vite ! L'Ep\u00e9e Lostvayne de M\u00e9liodas au meilleur prix - Lame acier - Fourreau - \u00c9chelle 1\\\/1 - Longueur totale : 71cm - Envoi 24\\\/48h\",\"breadcrumb\":{\"@id\":\"https:\\\/\\\/repliquemangacine.fr\\\/epees-seven-deadly-sins\\\/epee-de-meliodas-tresor-sacre-lostvayne\\\/#breadcrumb\"},\"inLanguage\":\"de\",\"potentialAction\":[{\"@type\":\"ReadAction\",\"target\":[\"https:\\\/\\\/repliquemangacine.fr\\\/epees-seven-deadly-sins\\\/epee-de-meliodas-tresor-sacre-lostvayne\\\/\"]}]},{\"@type\":\"ImageObject\",\"inLanguage\":\"de\",\"@id\":\"https:\\\/\\\/repliquemangacine.fr\\\/epees-seven-deadly-sins\\\/epee-de-meliodas-tresor-sacre-lostvayne\\\/#primaryimage\",\"url\":\"https:\\\/\\\/repliquemangacine.fr\\\/wp-content\\\/uploads\\\/2023\\\/10\\\/3240-epee-de-meliodas.jpg\",\"contentUrl\":\"https:\\\/\\\/repliquemangacine.fr\\\/wp-content\\\/uploads\\\/2023\\\/10\\\/3240-epee-de-meliodas.jpg\",\"width\":800,\"height\":800,\"caption\":\"Ep\u00e9e Lostvayne de M\u00e9liodas Seven Deadly Sins\"},{\"@type\":\"BreadcrumbList\",\"@id\":\"https:\\\/\\\/repliquemangacine.fr\\\/epees-seven-deadly-sins\\\/epee-de-meliodas-tresor-sacre-lostvayne\\\/#breadcrumb\",\"itemListElement\":[{\"@type\":\"ListItem\",\"position\":1,\"name\":\"Accueil\",\"item\":\"https:\\\/\\\/repliquemangacine.fr\\\/\"},{\"@type\":\"ListItem\",\"position\":2,\"name\":\"Produits\",\"item\":\"https:\\\/\\\/repliquemangacine.fr\\\/boutique\\\/\"},{\"@type\":\"ListItem\",\"position\":3,\"name\":\"Ep\u00e9e Lostvayne M\u00e9liodas\"}]},{\"@type\":\"WebSite\",\"@id\":\"https:\\\/\\\/repliquemangacine.fr\\\/#website\",\"url\":\"https:\\\/\\\/repliquemangacine.fr\\\/\",\"name\":\"R\u00e9plique Manga Cin\u00e9\",\"description\":\"\",\"publisher\":{\"@id\":\"https:\\\/\\\/repliquemangacine.fr\\\/#organization\"},\"potentialAction\":[{\"@type\":\"SearchAction\",\"target\":{\"@type\":\"EntryPoint\",\"urlTemplate\":\"https:\\\/\\\/repliquemangacine.fr\\\/?s={search_term_string}\"},\"query-input\":{\"@type\":\"PropertyValueSpecification\",\"valueRequired\":true,\"valueName\":\"search_term_string\"}}],\"inLanguage\":\"de\"},{\"@type\":\"Organization\",\"@id\":\"https:\\\/\\\/repliquemangacine.fr\\\/#organization\",\"name\":\"R\u00e9plique Manga Cin\u00e9\",\"url\":\"https:\\\/\\\/repliquemangacine.fr\\\/\",\"logo\":{\"@type\":\"ImageObject\",\"inLanguage\":\"de\",\"@id\":\"https:\\\/\\\/repliquemangacine.fr\\\/#\\\/schema\\\/logo\\\/image\\\/\",\"url\":\"https:\\\/\\\/repliquemangacine.fr\\\/wp-content\\\/uploads\\\/2023\\\/10\\\/RMC-500250.png\",\"contentUrl\":\"https:\\\/\\\/repliquemangacine.fr\\\/wp-content\\\/uploads\\\/2023\\\/10\\\/RMC-500250.png\",\"width\":500,\"height\":250,\"caption\":\"R\u00e9plique Manga Cin\u00e9\"},\"image\":{\"@id\":\"https:\\\/\\\/repliquemangacine.fr\\\/#\\\/schema\\\/logo\\\/image\\\/\"},\"sameAs\":[\"https:\\\/\\\/www.facebook.com\\\/RepliqueMangaCine\",\"https:\\\/\\\/www.instagram.com\\\/repliquemangacine.fr\\\/\"]}]}<\/script>\n<!-- \/ Yoast SEO plugin. -->","yoast_head_json":{"title":"Lostvayne-Schwert von M\u00e9liodas - Online-Shop | RMC","description":"Bestellen Sie schnell! Das Lostvayne-Schwert von M\u00e9liodas zum besten Preis - Stahlklinge - Scheide - Ma\u00dfstab 1:1 - Gesamtl\u00e4nge: 71cm - Versand 24\/48h","robots":{"index":"index","follow":"follow","max-snippet":"max-snippet:-1","max-image-preview":"max-image-preview:large","max-video-preview":"max-video-preview:-1"},"canonical":"https:\/\/repliquemangacine.fr\/de\/epees-seven-deadly-sins\/schwert-des-meliodas-heiliger-tresor-lostvayne\/","og_locale":"de_DE","og_type":"article","og_title":"Ep\u00e9e Lostvayne de M\u00e9liodas - Boutique en ligne | RMC","og_description":"Commandez vite ! L'Ep\u00e9e Lostvayne de M\u00e9liodas au meilleur prix - Lame acier - Fourreau - \u00c9chelle 1\/1 - Longueur totale : 71cm - Envoi 24\/48h","og_url":"https:\/\/repliquemangacine.fr\/de\/epees-seven-deadly-sins\/schwert-des-meliodas-heiliger-tresor-lostvayne\/","og_site_name":"R\u00e9plique Manga Cin\u00e9","article_publisher":"https:\/\/www.facebook.com\/RepliqueMangaCine","article_modified_time":"2026-03-08T10:37:38+00:00","og_image":[{"width":800,"height":800,"url":"https:\/\/repliquemangacine.fr\/wp-content\/uploads\/2023\/10\/3240-epee-de-meliodas.jpg","type":"image\/jpeg"}],"twitter_card":"summary_large_image","twitter_misc":{"Gesch\u00e4tzte Lesezeit":"3\u00a0Minuten"},"schema":{"@context":"https:\/\/schema.org","@graph":[{"@type":"WebPage","@id":"https:\/\/repliquemangacine.fr\/epees-seven-deadly-sins\/epee-de-meliodas-tresor-sacre-lostvayne\/","url":"https:\/\/repliquemangacine.fr\/epees-seven-deadly-sins\/epee-de-meliodas-tresor-sacre-lostvayne\/","name":"Lostvayne-Schwert von M\u00e9liodas - Online-Shop | RMC","isPartOf":{"@id":"https:\/\/repliquemangacine.fr\/#website"},"primaryImageOfPage":{"@id":"https:\/\/repliquemangacine.fr\/epees-seven-deadly-sins\/epee-de-meliodas-tresor-sacre-lostvayne\/#primaryimage"},"image":{"@id":"https:\/\/repliquemangacine.fr\/epees-seven-deadly-sins\/epee-de-meliodas-tresor-sacre-lostvayne\/#primaryimage"},"thumbnailUrl":"https:\/\/repliquemangacine.fr\/wp-content\/uploads\/2023\/10\/3240-epee-de-meliodas.jpg","datePublished":"2019-11-11T12:39:45+00:00","dateModified":"2026-03-08T10:37:38+00:00","description":"Bestellen Sie schnell! Das Lostvayne-Schwert von M\u00e9liodas zum besten Preis - Stahlklinge - Scheide - Ma\u00dfstab 1:1 - Gesamtl\u00e4nge: 71cm - Versand 24\/48h","breadcrumb":{"@id":"https:\/\/repliquemangacine.fr\/epees-seven-deadly-sins\/epee-de-meliodas-tresor-sacre-lostvayne\/#breadcrumb"},"inLanguage":"de","potentialAction":[{"@type":"ReadAction","target":["https:\/\/repliquemangacine.fr\/epees-seven-deadly-sins\/epee-de-meliodas-tresor-sacre-lostvayne\/"]}]},{"@type":"ImageObject","inLanguage":"de","@id":"https:\/\/repliquemangacine.fr\/epees-seven-deadly-sins\/epee-de-meliodas-tresor-sacre-lostvayne\/#primaryimage","url":"https:\/\/repliquemangacine.fr\/wp-content\/uploads\/2023\/10\/3240-epee-de-meliodas.jpg","contentUrl":"https:\/\/repliquemangacine.fr\/wp-content\/uploads\/2023\/10\/3240-epee-de-meliodas.jpg","width":800,"height":800,"caption":"Ep\u00e9e Lostvayne de M\u00e9liodas Seven Deadly Sins"},{"@type":"BreadcrumbList","@id":"https:\/\/repliquemangacine.fr\/epees-seven-deadly-sins\/epee-de-meliodas-tresor-sacre-lostvayne\/#breadcrumb","itemListElement":[{"@type":"ListItem","position":1,"name":"Accueil","item":"https:\/\/repliquemangacine.fr\/"},{"@type":"ListItem","position":2,"name":"Produits","item":"https:\/\/repliquemangacine.fr\/boutique\/"},{"@type":"ListItem","position":3,"name":"Ep\u00e9e Lostvayne M\u00e9liodas"}]},{"@type":"WebSite","@id":"https:\/\/repliquemangacine.fr\/#website","url":"https:\/\/repliquemangacine.fr\/","name":"R\u00e9plique Manga Cin\u00e9","description":"","publisher":{"@id":"https:\/\/repliquemangacine.fr\/#organization"},"potentialAction":[{"@type":"SearchAction","target":{"@type":"EntryPoint","urlTemplate":"https:\/\/repliquemangacine.fr\/?s={search_term_string}"},"query-input":{"@type":"PropertyValueSpecification","valueRequired":true,"valueName":"search_term_string"}}],"inLanguage":"de"},{"@type":"Organization","@id":"https:\/\/repliquemangacine.fr\/#organization","name":"R\u00e9plique Manga Cin\u00e9","url":"https:\/\/repliquemangacine.fr\/","logo":{"@type":"ImageObject","inLanguage":"de","@id":"https:\/\/repliquemangacine.fr\/#\/schema\/logo\/image\/","url":"https:\/\/repliquemangacine.fr\/wp-content\/uploads\/2023\/10\/RMC-500250.png","contentUrl":"https:\/\/repliquemangacine.fr\/wp-content\/uploads\/2023\/10\/RMC-500250.png","width":500,"height":250,"caption":"R\u00e9plique Manga Cin\u00e9"},"image":{"@id":"https:\/\/repliquemangacine.fr\/#\/schema\/logo\/image\/"},"sameAs":["https:\/\/www.facebook.com\/RepliqueMangaCine","https:\/\/www.instagram.com\/repliquemangacine.fr\/"]}]}},"_links":{"self":[{"href":"https:\/\/repliquemangacine.fr\/de\/wp-json\/wp\/v2\/product\/28544","targetHints":{"allow":["GET"]}}],"collection":[{"href":"https:\/\/repliquemangacine.fr\/de\/wp-json\/wp\/v2\/product"}],"about":[{"href":"https:\/\/repliquemangacine.fr\/de\/wp-json\/wp\/v2\/types\/product"}],"wp:featuredmedia":[{"embeddable":true,"href":"https:\/\/repliquemangacine.fr\/de\/wp-json\/wp\/v2\/media\/28545"}],"wp:attachment":[{"href":"https:\/\/repliquemangacine.fr\/de\/wp-json\/wp\/v2\/media?parent=28544"}],"wp:term":[{"taxonomy":"product_brand","embeddable":true,"href":"https:\/\/repliquemangacine.fr\/de\/wp-json\/wp\/v2\/product_brand?post=28544"},{"taxonomy":"product_cat","embeddable":true,"href":"https:\/\/repliquemangacine.fr\/de\/wp-json\/wp\/v2\/product_cat?post=28544"},{"taxonomy":"product_tag","embeddable":true,"href":"https:\/\/repliquemangacine.fr\/de\/wp-json\/wp\/v2\/product_tag?post=28544"}],"curies":[{"name":"wp","href":"https:\/\/api.w.org\/{rel}","templated":true}]}}