





{"id":28527,"date":"2019-11-06T14:03:54","date_gmt":"2019-11-06T13:03:54","guid":{"rendered":"https:\/\/repliquemangacine.fr\/?post_type=product&#038;p=28527"},"modified":"2025-12-18T12:35:33","modified_gmt":"2025-12-18T11:35:33","slug":"dolch-pugio-romisch","status":"publish","type":"product","link":"https:\/\/repliquemangacine.fr\/de\/dagues-medievales\/poignard-pugio-romain\/","title":{"rendered":"Dolch Pugio R\u00f6misch"},"content":{"rendered":"<h2>Replik des r\u00f6mischen Pugio-Dolches.<\/h2>\n<p>Zu Beginn dieser Dolch <strong>Dolch Pugio R\u00f6misch<\/strong> ist aufgrund seiner Verarbeitung absolut pr\u00e4chtig. Der Pugio ist eine Art Dolch mit scharfer Spitze und zweischneidiger Klinge. Diese Waffe ist von den iberischen Dolchen inspiriert, die w\u00e4hrend der Zeit des <a href=\"https:\/\/www.histoire-pour-tous.fr\/guerres\/731-la-guerre-des-gaules.html\" target=\"_blank\" rel=\"noopener noreferrer\">der Gallische Krieg<\/a>.<\/p>\n<p>Der Gallische Krieg ist eine Reihe von milit\u00e4rischen Feldz\u00fcgen, die der r\u00f6mische Prokonsul Julius C\u00e4sar gegen mehrere gallische St\u00e4mme unternahm.<\/p>\n<p>Nachdem die dakische Bedrohung einged\u00e4mmt war, richtete C\u00e4sar sein Augenmerk auf Gallien und seine V\u00f6lker, die in zahlreiche Fraktionen gespalten waren, von denen einige Rom wohlgesonnen waren und deren Eroberung zumindest scheinbar leichter war als eine Milit\u00e4rkampagne in Dakien. Ein einziger Vorwand gen\u00fcgte C\u00e4sar, um seinen Fu\u00df nach Gallien zu setzen.<\/p>\n<h2>Ihr r\u00f6mischer Pugio-Dolch zum besten Preis.<\/h2>\n<p>Wir bieten Ihnen eine gro\u00dfe Auswahl an historischen Repliken.<\/p>\n<p>Zun\u00e4chst einmal,<\/p>\n<ul>\n<li>L'<a href=\"https:\/\/repliquemangacine.fr\/de\/schwerter-glaven\/feltwell-schwert\/\">Feltwell-Schwert<\/a> s\u00e4chsischen Ursprungs, die 1961 im Hypokaustum einer r\u00f6mischen Villa in Feltwell, England, gefunden wurde.<\/li>\n<li>Aber auch der <a href=\"https:\/\/repliquemangacine.fr\/de\/antik\/korinthischer-helm-mit-krete\/\">Korinthischer Helm<\/a> der K\u00f6nigsgarde mit seinem Kamm.<\/li>\n<li>Und noch viel mehr gibt es in unserem Online-Shop zu entdecken!<\/li>\n<\/ul>\n<p>Deshalb ist dies eine tolle Geschenkidee f\u00fcr alle, die sich f\u00fcr die Zeit des Mittelalters begeistern.<\/p>\n<p>Abschlie\u00dfend k\u00f6nnen Sie diesen Dolch auch verwenden <strong>Dolch Pugio R\u00f6misch<\/strong> f\u00fcr Ihre historischen Rekonstruktionen oder Ihre Innendekoration. Vor allem aber ist es ein Sammler- und Dekorationsst\u00fcck.<\/p>\n<h2>Wie pflegt man die Klinge seines Dolches?<\/h2>\n<p>Sammlungs- und Dekorationsdolche werden auf vereinfachte Weise hergestellt und zusammengebaut. Da sie zu Dekorationszwecken verwendet werden, fehlen ihnen die Sicherheitsmerkmale, die ein japanisches Schwert f\u00fcr Trainingszwecke aufweisen muss.<\/p>\n<p>Allerdings ist Ihr <strong>Dolch Pugio R\u00f6misch<\/strong> zu einer Stahlklinge, die gepflegt werden muss, damit sie nicht mit der Zeit abgenutzt wird. Wenn du deinen Dolch n\u00e4mlich ausstellst, werden deine Freunde neugierig sein, die Klinge zu sehen und sie zu ber\u00fchren. Hier ist Vorsicht geboten, denn Sie sollten wissen, dass die S\u00e4ure der Finger dem Stahl unabh\u00e4ngig von seiner Qualit\u00e4t sehr schadet.<\/p>\n<p>Sollte dies jedoch passieren, keine Panik, Sie brauchen nur ein Tuch, das mit etwas \u00d6l befeuchtet ist, und wischen die Fingerabdr\u00fccke ab. Wenn Sie dies tun, werden Sie Ihren Dolch sehr lange behalten.<\/p>","protected":false},"excerpt":{"rendered":"<p>Wundersch\u00f6ner Dolch aus der r\u00f6mischen Zeit.<\/p>\n<ul>\n<li>Klinge aus 440er Stahl.<\/li>\n<li>Garde ganz aus fein verziertem Metall, ebenso wie der Griff und der Knauf.<\/li>\n<li>Die Scheide aus verziertem Stahl.<\/li>\n<li>L\u00e4nge der Klinge :19.5 cm - Gesamtl\u00e4nge :35.5 cm - Gewicht :472 grs<\/li>\n<\/ul>\n<p><strong>\u00a0<\/strong><\/p>","protected":false},"featured_media":28528,"template":"","meta":[],"product_brand":[896],"product_cat":[31,25,93,43],"product_tag":[],"class_list":{"0":"post-28527","1":"product","2":"type-product","3":"status-publish","4":"has-post-thumbnail","6":"product_brand-replique-manga-cine","7":"product_cat-armes-antiques","8":"product_cat-armes-historiques","9":"product_cat-dagues-medievales","10":"product_cat-reproductions-d-armes-et-accessoires-medievales","12":"first","13":"instock","14":"taxable","15":"shipping-taxable","16":"purchasable","17":"product-type-simple"},"yoast_head":"<!-- This site is optimized with the Yoast SEO plugin v27.5 - https:\/\/yoast.com\/product\/yoast-seo-wordpress\/ -->\n<title>Poignard Pugio Romain - Boutique en ligne | R\u00e9plique Manga Cin\u00e9<\/title>\n<meta name=\"description\" content=\"D\u00e9couvrez ce superbe Poignard Pugio Romain au meilleur prix - Lame en acier 440 - Fourreau en acier d\u00e9cor\u00e9 - Longueur totale : 35.5 cm - Envoi 24\/48h\" \/>\n<meta name=\"robots\" content=\"index, follow, max-snippet:-1, max-image-preview:large, max-video-preview:-1\" \/>\n<link rel=\"canonical\" href=\"https:\/\/repliquemangacine.fr\/de\/mittelalterliche-dolche\/dolch-pugio-romisch\/\" \/>\n<meta property=\"og:locale\" content=\"de_DE\" \/>\n<meta property=\"og:type\" content=\"article\" \/>\n<meta property=\"og:title\" content=\"Poignard Pugio Romain - Boutique en ligne | R\u00e9plique Manga Cin\u00e9\" \/>\n<meta property=\"og:description\" content=\"D\u00e9couvrez ce superbe Poignard Pugio Romain au meilleur prix - Lame en acier 440 - Fourreau en acier d\u00e9cor\u00e9 - Longueur totale : 35.5 cm - Envoi 24\/48h\" \/>\n<meta property=\"og:url\" content=\"https:\/\/repliquemangacine.fr\/de\/mittelalterliche-dolche\/dolch-pugio-romisch\/\" \/>\n<meta property=\"og:site_name\" content=\"R\u00e9plique Manga Cin\u00e9\" \/>\n<meta property=\"article:publisher\" content=\"https:\/\/www.facebook.com\/RepliqueMangaCine\" \/>\n<meta property=\"article:modified_time\" content=\"2025-12-18T11:35:33+00:00\" \/>\n<meta property=\"og:image\" content=\"https:\/\/repliquemangacine.fr\/wp-content\/uploads\/2023\/10\/3225-Dague-Poignard-Romain.jpg\" \/>\n\t<meta property=\"og:image:width\" content=\"800\" \/>\n\t<meta property=\"og:image:height\" content=\"800\" \/>\n\t<meta property=\"og:image:type\" content=\"image\/jpeg\" \/>\n<meta name=\"twitter:card\" content=\"summary_large_image\" \/>\n<meta name=\"twitter:label1\" content=\"Gesch\u00e4tzte Lesezeit\" \/>\n\t<meta name=\"twitter:data1\" content=\"2\u00a0Minuten\" \/>\n<script type=\"application\/ld+json\" class=\"yoast-schema-graph\">{\"@context\":\"https:\\\/\\\/schema.org\",\"@graph\":[{\"@type\":\"WebPage\",\"@id\":\"https:\\\/\\\/repliquemangacine.fr\\\/dagues-medievales\\\/poignard-pugio-romain\\\/\",\"url\":\"https:\\\/\\\/repliquemangacine.fr\\\/dagues-medievales\\\/poignard-pugio-romain\\\/\",\"name\":\"Poignard Pugio Romain - Boutique en ligne | R\u00e9plique Manga Cin\u00e9\",\"isPartOf\":{\"@id\":\"https:\\\/\\\/repliquemangacine.fr\\\/#website\"},\"primaryImageOfPage\":{\"@id\":\"https:\\\/\\\/repliquemangacine.fr\\\/dagues-medievales\\\/poignard-pugio-romain\\\/#primaryimage\"},\"image\":{\"@id\":\"https:\\\/\\\/repliquemangacine.fr\\\/dagues-medievales\\\/poignard-pugio-romain\\\/#primaryimage\"},\"thumbnailUrl\":\"https:\\\/\\\/repliquemangacine.fr\\\/wp-content\\\/uploads\\\/2023\\\/10\\\/3225-Dague-Poignard-Romain.jpg\",\"datePublished\":\"2019-11-06T13:03:54+00:00\",\"dateModified\":\"2025-12-18T11:35:33+00:00\",\"description\":\"D\u00e9couvrez ce superbe Poignard Pugio Romain au meilleur prix - Lame en acier 440 - Fourreau en acier d\u00e9cor\u00e9 - Longueur totale : 35.5 cm - Envoi 24\\\/48h\",\"breadcrumb\":{\"@id\":\"https:\\\/\\\/repliquemangacine.fr\\\/dagues-medievales\\\/poignard-pugio-romain\\\/#breadcrumb\"},\"inLanguage\":\"de\",\"potentialAction\":[{\"@type\":\"ReadAction\",\"target\":[\"https:\\\/\\\/repliquemangacine.fr\\\/dagues-medievales\\\/poignard-pugio-romain\\\/\"]}]},{\"@type\":\"ImageObject\",\"inLanguage\":\"de\",\"@id\":\"https:\\\/\\\/repliquemangacine.fr\\\/dagues-medievales\\\/poignard-pugio-romain\\\/#primaryimage\",\"url\":\"https:\\\/\\\/repliquemangacine.fr\\\/wp-content\\\/uploads\\\/2023\\\/10\\\/3225-Dague-Poignard-Romain.jpg\",\"contentUrl\":\"https:\\\/\\\/repliquemangacine.fr\\\/wp-content\\\/uploads\\\/2023\\\/10\\\/3225-Dague-Poignard-Romain.jpg\",\"width\":800,\"height\":800,\"caption\":\"Dague Poignard Romain\"},{\"@type\":\"BreadcrumbList\",\"@id\":\"https:\\\/\\\/repliquemangacine.fr\\\/dagues-medievales\\\/poignard-pugio-romain\\\/#breadcrumb\",\"itemListElement\":[{\"@type\":\"ListItem\",\"position\":1,\"name\":\"Accueil\",\"item\":\"https:\\\/\\\/repliquemangacine.fr\\\/\"},{\"@type\":\"ListItem\",\"position\":2,\"name\":\"Produits\",\"item\":\"https:\\\/\\\/repliquemangacine.fr\\\/boutique\\\/\"},{\"@type\":\"ListItem\",\"position\":3,\"name\":\"Poignard Pugio Romain\"}]},{\"@type\":\"WebSite\",\"@id\":\"https:\\\/\\\/repliquemangacine.fr\\\/#website\",\"url\":\"https:\\\/\\\/repliquemangacine.fr\\\/\",\"name\":\"R\u00e9plique Manga Cin\u00e9\",\"description\":\"\",\"publisher\":{\"@id\":\"https:\\\/\\\/repliquemangacine.fr\\\/#organization\"},\"potentialAction\":[{\"@type\":\"SearchAction\",\"target\":{\"@type\":\"EntryPoint\",\"urlTemplate\":\"https:\\\/\\\/repliquemangacine.fr\\\/?s={search_term_string}\"},\"query-input\":{\"@type\":\"PropertyValueSpecification\",\"valueRequired\":true,\"valueName\":\"search_term_string\"}}],\"inLanguage\":\"de\"},{\"@type\":\"Organization\",\"@id\":\"https:\\\/\\\/repliquemangacine.fr\\\/#organization\",\"name\":\"R\u00e9plique Manga Cin\u00e9\",\"url\":\"https:\\\/\\\/repliquemangacine.fr\\\/\",\"logo\":{\"@type\":\"ImageObject\",\"inLanguage\":\"de\",\"@id\":\"https:\\\/\\\/repliquemangacine.fr\\\/#\\\/schema\\\/logo\\\/image\\\/\",\"url\":\"https:\\\/\\\/repliquemangacine.fr\\\/wp-content\\\/uploads\\\/2023\\\/10\\\/RMC-500250.png\",\"contentUrl\":\"https:\\\/\\\/repliquemangacine.fr\\\/wp-content\\\/uploads\\\/2023\\\/10\\\/RMC-500250.png\",\"width\":500,\"height\":250,\"caption\":\"R\u00e9plique Manga Cin\u00e9\"},\"image\":{\"@id\":\"https:\\\/\\\/repliquemangacine.fr\\\/#\\\/schema\\\/logo\\\/image\\\/\"},\"sameAs\":[\"https:\\\/\\\/www.facebook.com\\\/RepliqueMangaCine\",\"https:\\\/\\\/www.instagram.com\\\/repliquemangacine.fr\\\/\"]}]}<\/script>\n<!-- \/ Yoast SEO plugin. -->","yoast_head_json":{"title":"Dolch Pugio R\u00f6misch - Online Shop | R\u00e9plique Manga Cin\u00e9","description":"Entdecken Sie diesen wundersch\u00f6nen Dolch Pugio Romain zum besten Preis - Klinge aus 440er Stahl - Scheide aus verziertem Stahl - Gesamtl\u00e4nge: 35.5 cm - Versand 24\/48h","robots":{"index":"index","follow":"follow","max-snippet":"max-snippet:-1","max-image-preview":"max-image-preview:large","max-video-preview":"max-video-preview:-1"},"canonical":"https:\/\/repliquemangacine.fr\/de\/mittelalterliche-dolche\/dolch-pugio-romisch\/","og_locale":"de_DE","og_type":"article","og_title":"Poignard Pugio Romain - Boutique en ligne | R\u00e9plique Manga Cin\u00e9","og_description":"D\u00e9couvrez ce superbe Poignard Pugio Romain au meilleur prix - Lame en acier 440 - Fourreau en acier d\u00e9cor\u00e9 - Longueur totale : 35.5 cm - Envoi 24\/48h","og_url":"https:\/\/repliquemangacine.fr\/de\/mittelalterliche-dolche\/dolch-pugio-romisch\/","og_site_name":"R\u00e9plique Manga Cin\u00e9","article_publisher":"https:\/\/www.facebook.com\/RepliqueMangaCine","article_modified_time":"2025-12-18T11:35:33+00:00","og_image":[{"width":800,"height":800,"url":"https:\/\/repliquemangacine.fr\/wp-content\/uploads\/2023\/10\/3225-Dague-Poignard-Romain.jpg","type":"image\/jpeg"}],"twitter_card":"summary_large_image","twitter_misc":{"Gesch\u00e4tzte Lesezeit":"2\u00a0Minuten"},"schema":{"@context":"https:\/\/schema.org","@graph":[{"@type":"WebPage","@id":"https:\/\/repliquemangacine.fr\/dagues-medievales\/poignard-pugio-romain\/","url":"https:\/\/repliquemangacine.fr\/dagues-medievales\/poignard-pugio-romain\/","name":"Dolch Pugio R\u00f6misch - Online Shop | R\u00e9plique Manga Cin\u00e9","isPartOf":{"@id":"https:\/\/repliquemangacine.fr\/#website"},"primaryImageOfPage":{"@id":"https:\/\/repliquemangacine.fr\/dagues-medievales\/poignard-pugio-romain\/#primaryimage"},"image":{"@id":"https:\/\/repliquemangacine.fr\/dagues-medievales\/poignard-pugio-romain\/#primaryimage"},"thumbnailUrl":"https:\/\/repliquemangacine.fr\/wp-content\/uploads\/2023\/10\/3225-Dague-Poignard-Romain.jpg","datePublished":"2019-11-06T13:03:54+00:00","dateModified":"2025-12-18T11:35:33+00:00","description":"Entdecken Sie diesen wundersch\u00f6nen Dolch Pugio Romain zum besten Preis - Klinge aus 440er Stahl - Scheide aus verziertem Stahl - Gesamtl\u00e4nge: 35.5 cm - Versand 24\/48h","breadcrumb":{"@id":"https:\/\/repliquemangacine.fr\/dagues-medievales\/poignard-pugio-romain\/#breadcrumb"},"inLanguage":"de","potentialAction":[{"@type":"ReadAction","target":["https:\/\/repliquemangacine.fr\/dagues-medievales\/poignard-pugio-romain\/"]}]},{"@type":"ImageObject","inLanguage":"de","@id":"https:\/\/repliquemangacine.fr\/dagues-medievales\/poignard-pugio-romain\/#primaryimage","url":"https:\/\/repliquemangacine.fr\/wp-content\/uploads\/2023\/10\/3225-Dague-Poignard-Romain.jpg","contentUrl":"https:\/\/repliquemangacine.fr\/wp-content\/uploads\/2023\/10\/3225-Dague-Poignard-Romain.jpg","width":800,"height":800,"caption":"Dague Poignard Romain"},{"@type":"BreadcrumbList","@id":"https:\/\/repliquemangacine.fr\/dagues-medievales\/poignard-pugio-romain\/#breadcrumb","itemListElement":[{"@type":"ListItem","position":1,"name":"Accueil","item":"https:\/\/repliquemangacine.fr\/"},{"@type":"ListItem","position":2,"name":"Produits","item":"https:\/\/repliquemangacine.fr\/boutique\/"},{"@type":"ListItem","position":3,"name":"Poignard Pugio Romain"}]},{"@type":"WebSite","@id":"https:\/\/repliquemangacine.fr\/#website","url":"https:\/\/repliquemangacine.fr\/","name":"R\u00e9plique Manga Cin\u00e9","description":"","publisher":{"@id":"https:\/\/repliquemangacine.fr\/#organization"},"potentialAction":[{"@type":"SearchAction","target":{"@type":"EntryPoint","urlTemplate":"https:\/\/repliquemangacine.fr\/?s={search_term_string}"},"query-input":{"@type":"PropertyValueSpecification","valueRequired":true,"valueName":"search_term_string"}}],"inLanguage":"de"},{"@type":"Organization","@id":"https:\/\/repliquemangacine.fr\/#organization","name":"R\u00e9plique Manga Cin\u00e9","url":"https:\/\/repliquemangacine.fr\/","logo":{"@type":"ImageObject","inLanguage":"de","@id":"https:\/\/repliquemangacine.fr\/#\/schema\/logo\/image\/","url":"https:\/\/repliquemangacine.fr\/wp-content\/uploads\/2023\/10\/RMC-500250.png","contentUrl":"https:\/\/repliquemangacine.fr\/wp-content\/uploads\/2023\/10\/RMC-500250.png","width":500,"height":250,"caption":"R\u00e9plique Manga Cin\u00e9"},"image":{"@id":"https:\/\/repliquemangacine.fr\/#\/schema\/logo\/image\/"},"sameAs":["https:\/\/www.facebook.com\/RepliqueMangaCine","https:\/\/www.instagram.com\/repliquemangacine.fr\/"]}]}},"_links":{"self":[{"href":"https:\/\/repliquemangacine.fr\/de\/wp-json\/wp\/v2\/product\/28527","targetHints":{"allow":["GET"]}}],"collection":[{"href":"https:\/\/repliquemangacine.fr\/de\/wp-json\/wp\/v2\/product"}],"about":[{"href":"https:\/\/repliquemangacine.fr\/de\/wp-json\/wp\/v2\/types\/product"}],"wp:featuredmedia":[{"embeddable":true,"href":"https:\/\/repliquemangacine.fr\/de\/wp-json\/wp\/v2\/media\/28528"}],"wp:attachment":[{"href":"https:\/\/repliquemangacine.fr\/de\/wp-json\/wp\/v2\/media?parent=28527"}],"wp:term":[{"taxonomy":"product_brand","embeddable":true,"href":"https:\/\/repliquemangacine.fr\/de\/wp-json\/wp\/v2\/product_brand?post=28527"},{"taxonomy":"product_cat","embeddable":true,"href":"https:\/\/repliquemangacine.fr\/de\/wp-json\/wp\/v2\/product_cat?post=28527"},{"taxonomy":"product_tag","embeddable":true,"href":"https:\/\/repliquemangacine.fr\/de\/wp-json\/wp\/v2\/product_tag?post=28527"}],"curies":[{"name":"wp","href":"https:\/\/api.w.org\/{rel}","templated":true}]}}