





{"id":28515,"date":"2019-11-06T12:18:16","date_gmt":"2019-11-06T11:18:16","guid":{"rendered":"https:\/\/repliquemangacine.fr\/?post_type=product&#038;p=28515"},"modified":"2026-03-07T09:57:20","modified_gmt":"2026-03-07T08:57:20","slug":"dolch-romischer-dolch-s-p-q-r","status":"publish","type":"product","link":"https:\/\/repliquemangacine.fr\/de\/dagues-medievales\/dague-poignard-romain-s-p-q-r\/","title":{"rendered":"R\u00f6mischer Dolch S.P.Q.R"},"content":{"rendered":"<h2>Replik des r\u00f6mischen Dolches S.P.Q.R.<\/h2>\n<p>Zu Beginn dieser Dolch <strong>R\u00f6mischer Dolch S.P.Q.R<\/strong> ist absolut bemerkenswert durch seine Verarbeitung.<\/p>\n<p>S.P.Q.R Senatus populusque Romanusa ist ein lateinisches Motto, das \u201cDer Senat und das r\u00f6mische Volk\u201d bedeutet. Abgek\u00fcrzt als SPQR ist es das Emblem der R\u00f6mischen Republik und sp\u00e4ter traditionsgem\u00e4\u00df auch der\u2019<a href=\"https:\/\/www.visitonsrome.com\/empire-romain\" target=\"_blank\" rel=\"noopener noreferrer\">R\u00f6misches Reich<\/a>.<\/p>\n<p>Diese vier Buchstaben standen f\u00fcr die politische Macht Roms. Auch heute noch sind sie das Symbol der Stadt Rom. Tats\u00e4chlich sind die Buchstaben SPQR nach wie vor Teil des Wappens der Stadt Rom. Sie sind auf Geb\u00e4uden, Kanaldeckeln, Hydranten und \u00f6ffentlichen Bauwerken der Stadt zu finden.<\/p>\n<h2>Ihr R\u00f6mischer Dolch SPQR zum besten Preis.<\/h2>\n<p>Wir bieten Ihnen eine gro\u00dfe Auswahl an Repliken aus der Antike.<\/p>\n<p>Zun\u00e4chst einmal,<\/p>\n<ul>\n<li>Der Satz von <a href=\"https:\/\/repliquemangacine.fr\/de\/schwerter-glaven\/zusammen-zwei-romische-gladius\/\">zwei r\u00f6mische Schwerter<\/a> inspiriert vom Film Spartacus.<\/li>\n<li>Aber auch, Le <a href=\"https:\/\/repliquemangacine.fr\/de\/schwerter-glaven\/tiberisches-schwert-mainz-gladius\/\">Mainz Gladius<\/a> oder Schwert des Tiberius, ber\u00fchmtes r\u00f6misches Schwert, das im Rhein in der N\u00e4he von Mainz in Deutschland lag.<\/li>\n<li>Und noch viel mehr gibt es in unserem Online-Shop zu entdecken!<\/li>\n<\/ul>\n<p>Deshalb ist dies eine gro\u00dfartige Geschenkidee f\u00fcr alle Liebhaber der Gladiatorenzeit.<\/p>\n<p>Abschlie\u00dfend k\u00f6nnen Sie diesen Dolch auch verwenden <strong>R\u00f6mischer Dolch S.P.Q.R<\/strong> f\u00fcr Ihre historischen Rekonstruktionen oder Ihre Innendekoration. Vor allem aber ist es ein Sammler- und Dekorationsst\u00fcck<\/p>\n<h2>Wie pflegt man die Klinge seines Dolches?<\/h2>\n<p>Sammlungs- und Dekorationsdolche werden auf vereinfachte Weise hergestellt und zusammengebaut. Da sie zu Dekorationszwecken verwendet werden, fehlen ihnen die Sicherheitsmerkmale, die ein japanisches Schwert f\u00fcr Trainingszwecke aufweisen muss.<\/p>\n<p>Allerdings ist Ihr <strong>R\u00f6mischer Dolch S.P.Q.R<\/strong> zu einer Stahlklinge, die gepflegt werden muss, damit sie nicht mit der Zeit abgenutzt wird. Wenn du deinen Dolch n\u00e4mlich ausstellst, werden deine Freunde neugierig sein, die Klinge zu sehen und sie zu ber\u00fchren. Hier ist Vorsicht geboten, denn Sie sollten wissen, dass die S\u00e4ure der Finger dem Stahl unabh\u00e4ngig von seiner Qualit\u00e4t sehr schadet.<\/p>\n<p>Sollte dies jedoch passieren, keine Panik, Sie brauchen nur ein Tuch, das mit etwas \u00d6l befeuchtet ist, und wischen die Fingerabdr\u00fccke ab. Wenn Sie dies tun, werden Sie Ihren Dolch sehr lange behalten.<\/p>","protected":false},"excerpt":{"rendered":"<p>Erhabene Reproduktion eines r\u00f6mischen Dolches.<\/p>\n<ul>\n<li>Klinge aus 440er Stahl mit Siebdruck des SPQR-Siegels.<\/li>\n<li>Knauf mit dem Kopf des Reichsadlers, dem Emblem C\u00e4sars.<\/li>\n<li>Der Schutz und der Griff sind aus verziertem Metall.<\/li>\n<li>Scheide aus fein verziertem Stahl.<\/li>\n<li>Klingenl\u00e4nge: 20 cm - Gesamtl\u00e4nge: 34.5 cm - Gewicht: 595 Grs<\/li>\n<\/ul>","protected":false},"featured_media":28516,"template":"","meta":[],"product_brand":[896],"product_cat":[31,25,93,43],"product_tag":[],"class_list":{"0":"post-28515","1":"product","2":"type-product","3":"status-publish","4":"has-post-thumbnail","6":"product_brand-replique-manga-cine","7":"product_cat-armes-antiques","8":"product_cat-armes-historiques","9":"product_cat-dagues-medievales","10":"product_cat-reproductions-d-armes-et-accessoires-medievales","12":"first","13":"instock","14":"taxable","15":"shipping-taxable","16":"purchasable","17":"product-type-simple"},"yoast_head":"<!-- This site is optimized with the Yoast SEO plugin v27.5 - https:\/\/yoast.com\/product\/yoast-seo-wordpress\/ -->\n<title>Poignard Romain S.P.Q.R - Pugio Dague - R\u00e9plique Manga Cin\u00e9<\/title>\n<meta name=\"description\" content=\"Venez d\u00e9couvrir le Poignard Romain S.P.Q.R au meilleur prix - Lame acier avec sigle - Pommeau t\u00eate d&#039;aigle - Fourreau acier d\u00e9cor\u00e9 - Longueur : 34.5 cm\" \/>\n<meta name=\"robots\" content=\"index, follow, max-snippet:-1, max-image-preview:large, max-video-preview:-1\" \/>\n<link rel=\"canonical\" href=\"https:\/\/repliquemangacine.fr\/de\/mittelalterliche-dolche\/dolch-romischer-dolch-s-p-q-r\/\" \/>\n<meta property=\"og:locale\" content=\"de_DE\" \/>\n<meta property=\"og:type\" content=\"article\" \/>\n<meta property=\"og:title\" content=\"Poignard Romain S.P.Q.R - Pugio Dague - R\u00e9plique Manga Cin\u00e9\" \/>\n<meta property=\"og:description\" content=\"Venez d\u00e9couvrir le Poignard Romain S.P.Q.R au meilleur prix - Lame acier avec sigle - Pommeau t\u00eate d&#039;aigle - Fourreau acier d\u00e9cor\u00e9 - Longueur : 34.5 cm\" \/>\n<meta property=\"og:url\" content=\"https:\/\/repliquemangacine.fr\/de\/mittelalterliche-dolche\/dolch-romischer-dolch-s-p-q-r\/\" \/>\n<meta property=\"og:site_name\" content=\"R\u00e9plique Manga Cin\u00e9\" \/>\n<meta property=\"article:publisher\" content=\"https:\/\/www.facebook.com\/RepliqueMangaCine\" \/>\n<meta property=\"article:modified_time\" content=\"2026-03-07T08:57:20+00:00\" \/>\n<meta property=\"og:image\" content=\"https:\/\/repliquemangacine.fr\/wp-content\/uploads\/2023\/10\/3219-Dague-poignard-Romain.jpg\" \/>\n\t<meta property=\"og:image:width\" content=\"800\" \/>\n\t<meta property=\"og:image:height\" content=\"800\" \/>\n\t<meta property=\"og:image:type\" content=\"image\/jpeg\" \/>\n<meta name=\"twitter:card\" content=\"summary_large_image\" \/>\n<meta name=\"twitter:label1\" content=\"Gesch\u00e4tzte Lesezeit\" \/>\n\t<meta name=\"twitter:data1\" content=\"2\u00a0Minuten\" \/>\n<script type=\"application\/ld+json\" class=\"yoast-schema-graph\">{\"@context\":\"https:\\\/\\\/schema.org\",\"@graph\":[{\"@type\":\"WebPage\",\"@id\":\"https:\\\/\\\/repliquemangacine.fr\\\/dagues-medievales\\\/dague-poignard-romain-s-p-q-r\\\/\",\"url\":\"https:\\\/\\\/repliquemangacine.fr\\\/dagues-medievales\\\/dague-poignard-romain-s-p-q-r\\\/\",\"name\":\"Poignard Romain S.P.Q.R - Pugio Dague - R\u00e9plique Manga Cin\u00e9\",\"isPartOf\":{\"@id\":\"https:\\\/\\\/repliquemangacine.fr\\\/#website\"},\"primaryImageOfPage\":{\"@id\":\"https:\\\/\\\/repliquemangacine.fr\\\/dagues-medievales\\\/dague-poignard-romain-s-p-q-r\\\/#primaryimage\"},\"image\":{\"@id\":\"https:\\\/\\\/repliquemangacine.fr\\\/dagues-medievales\\\/dague-poignard-romain-s-p-q-r\\\/#primaryimage\"},\"thumbnailUrl\":\"https:\\\/\\\/repliquemangacine.fr\\\/wp-content\\\/uploads\\\/2023\\\/10\\\/3219-Dague-poignard-Romain.jpg\",\"datePublished\":\"2019-11-06T11:18:16+00:00\",\"dateModified\":\"2026-03-07T08:57:20+00:00\",\"description\":\"Venez d\u00e9couvrir le Poignard Romain S.P.Q.R au meilleur prix - Lame acier avec sigle - Pommeau t\u00eate d'aigle - Fourreau acier d\u00e9cor\u00e9 - Longueur : 34.5 cm\",\"breadcrumb\":{\"@id\":\"https:\\\/\\\/repliquemangacine.fr\\\/dagues-medievales\\\/dague-poignard-romain-s-p-q-r\\\/#breadcrumb\"},\"inLanguage\":\"de\",\"potentialAction\":[{\"@type\":\"ReadAction\",\"target\":[\"https:\\\/\\\/repliquemangacine.fr\\\/dagues-medievales\\\/dague-poignard-romain-s-p-q-r\\\/\"]}]},{\"@type\":\"ImageObject\",\"inLanguage\":\"de\",\"@id\":\"https:\\\/\\\/repliquemangacine.fr\\\/dagues-medievales\\\/dague-poignard-romain-s-p-q-r\\\/#primaryimage\",\"url\":\"https:\\\/\\\/repliquemangacine.fr\\\/wp-content\\\/uploads\\\/2023\\\/10\\\/3219-Dague-poignard-Romain.jpg\",\"contentUrl\":\"https:\\\/\\\/repliquemangacine.fr\\\/wp-content\\\/uploads\\\/2023\\\/10\\\/3219-Dague-poignard-Romain.jpg\",\"width\":800,\"height\":800,\"caption\":\"Dague poignard Romain\"},{\"@type\":\"BreadcrumbList\",\"@id\":\"https:\\\/\\\/repliquemangacine.fr\\\/dagues-medievales\\\/dague-poignard-romain-s-p-q-r\\\/#breadcrumb\",\"itemListElement\":[{\"@type\":\"ListItem\",\"position\":1,\"name\":\"Accueil\",\"item\":\"https:\\\/\\\/repliquemangacine.fr\\\/\"},{\"@type\":\"ListItem\",\"position\":2,\"name\":\"Produits\",\"item\":\"https:\\\/\\\/repliquemangacine.fr\\\/boutique\\\/\"},{\"@type\":\"ListItem\",\"position\":3,\"name\":\"Poignard Romain S.P.Q.R\"}]},{\"@type\":\"WebSite\",\"@id\":\"https:\\\/\\\/repliquemangacine.fr\\\/#website\",\"url\":\"https:\\\/\\\/repliquemangacine.fr\\\/\",\"name\":\"R\u00e9plique Manga Cin\u00e9\",\"description\":\"\",\"publisher\":{\"@id\":\"https:\\\/\\\/repliquemangacine.fr\\\/#organization\"},\"potentialAction\":[{\"@type\":\"SearchAction\",\"target\":{\"@type\":\"EntryPoint\",\"urlTemplate\":\"https:\\\/\\\/repliquemangacine.fr\\\/?s={search_term_string}\"},\"query-input\":{\"@type\":\"PropertyValueSpecification\",\"valueRequired\":true,\"valueName\":\"search_term_string\"}}],\"inLanguage\":\"de\"},{\"@type\":\"Organization\",\"@id\":\"https:\\\/\\\/repliquemangacine.fr\\\/#organization\",\"name\":\"R\u00e9plique Manga Cin\u00e9\",\"url\":\"https:\\\/\\\/repliquemangacine.fr\\\/\",\"logo\":{\"@type\":\"ImageObject\",\"inLanguage\":\"de\",\"@id\":\"https:\\\/\\\/repliquemangacine.fr\\\/#\\\/schema\\\/logo\\\/image\\\/\",\"url\":\"https:\\\/\\\/repliquemangacine.fr\\\/wp-content\\\/uploads\\\/2023\\\/10\\\/RMC-500250.png\",\"contentUrl\":\"https:\\\/\\\/repliquemangacine.fr\\\/wp-content\\\/uploads\\\/2023\\\/10\\\/RMC-500250.png\",\"width\":500,\"height\":250,\"caption\":\"R\u00e9plique Manga Cin\u00e9\"},\"image\":{\"@id\":\"https:\\\/\\\/repliquemangacine.fr\\\/#\\\/schema\\\/logo\\\/image\\\/\"},\"sameAs\":[\"https:\\\/\\\/www.facebook.com\\\/RepliqueMangaCine\",\"https:\\\/\\\/www.instagram.com\\\/repliquemangacine.fr\\\/\"]}]}<\/script>\n<!-- \/ Yoast SEO plugin. -->","yoast_head_json":{"title":"R\u00f6mischer Dolch S.P.Q.R - Pugio Dague - R\u00e9plique Manga Cin\u00e9","description":"Entdecken Sie den r\u00f6mischen Dolch S.P.Q.R zum besten Preis - Klinge aus Stahl mit Sigle - Knauf mit Adlerkopf - verzierte Stahlscheide - L\u00e4nge: 34.5 cm","robots":{"index":"index","follow":"follow","max-snippet":"max-snippet:-1","max-image-preview":"max-image-preview:large","max-video-preview":"max-video-preview:-1"},"canonical":"https:\/\/repliquemangacine.fr\/de\/mittelalterliche-dolche\/dolch-romischer-dolch-s-p-q-r\/","og_locale":"de_DE","og_type":"article","og_title":"Poignard Romain S.P.Q.R - Pugio Dague - R\u00e9plique Manga Cin\u00e9","og_description":"Venez d\u00e9couvrir le Poignard Romain S.P.Q.R au meilleur prix - Lame acier avec sigle - Pommeau t\u00eate d'aigle - Fourreau acier d\u00e9cor\u00e9 - Longueur : 34.5 cm","og_url":"https:\/\/repliquemangacine.fr\/de\/mittelalterliche-dolche\/dolch-romischer-dolch-s-p-q-r\/","og_site_name":"R\u00e9plique Manga Cin\u00e9","article_publisher":"https:\/\/www.facebook.com\/RepliqueMangaCine","article_modified_time":"2026-03-07T08:57:20+00:00","og_image":[{"width":800,"height":800,"url":"https:\/\/repliquemangacine.fr\/wp-content\/uploads\/2023\/10\/3219-Dague-poignard-Romain.jpg","type":"image\/jpeg"}],"twitter_card":"summary_large_image","twitter_misc":{"Gesch\u00e4tzte Lesezeit":"2\u00a0Minuten"},"schema":{"@context":"https:\/\/schema.org","@graph":[{"@type":"WebPage","@id":"https:\/\/repliquemangacine.fr\/dagues-medievales\/dague-poignard-romain-s-p-q-r\/","url":"https:\/\/repliquemangacine.fr\/dagues-medievales\/dague-poignard-romain-s-p-q-r\/","name":"R\u00f6mischer Dolch S.P.Q.R - Pugio Dague - R\u00e9plique Manga Cin\u00e9","isPartOf":{"@id":"https:\/\/repliquemangacine.fr\/#website"},"primaryImageOfPage":{"@id":"https:\/\/repliquemangacine.fr\/dagues-medievales\/dague-poignard-romain-s-p-q-r\/#primaryimage"},"image":{"@id":"https:\/\/repliquemangacine.fr\/dagues-medievales\/dague-poignard-romain-s-p-q-r\/#primaryimage"},"thumbnailUrl":"https:\/\/repliquemangacine.fr\/wp-content\/uploads\/2023\/10\/3219-Dague-poignard-Romain.jpg","datePublished":"2019-11-06T11:18:16+00:00","dateModified":"2026-03-07T08:57:20+00:00","description":"Entdecken Sie den r\u00f6mischen Dolch S.P.Q.R zum besten Preis - Klinge aus Stahl mit Sigle - Knauf mit Adlerkopf - verzierte Stahlscheide - L\u00e4nge: 34.5 cm","breadcrumb":{"@id":"https:\/\/repliquemangacine.fr\/dagues-medievales\/dague-poignard-romain-s-p-q-r\/#breadcrumb"},"inLanguage":"de","potentialAction":[{"@type":"ReadAction","target":["https:\/\/repliquemangacine.fr\/dagues-medievales\/dague-poignard-romain-s-p-q-r\/"]}]},{"@type":"ImageObject","inLanguage":"de","@id":"https:\/\/repliquemangacine.fr\/dagues-medievales\/dague-poignard-romain-s-p-q-r\/#primaryimage","url":"https:\/\/repliquemangacine.fr\/wp-content\/uploads\/2023\/10\/3219-Dague-poignard-Romain.jpg","contentUrl":"https:\/\/repliquemangacine.fr\/wp-content\/uploads\/2023\/10\/3219-Dague-poignard-Romain.jpg","width":800,"height":800,"caption":"Dague poignard Romain"},{"@type":"BreadcrumbList","@id":"https:\/\/repliquemangacine.fr\/dagues-medievales\/dague-poignard-romain-s-p-q-r\/#breadcrumb","itemListElement":[{"@type":"ListItem","position":1,"name":"Accueil","item":"https:\/\/repliquemangacine.fr\/"},{"@type":"ListItem","position":2,"name":"Produits","item":"https:\/\/repliquemangacine.fr\/boutique\/"},{"@type":"ListItem","position":3,"name":"Poignard Romain S.P.Q.R"}]},{"@type":"WebSite","@id":"https:\/\/repliquemangacine.fr\/#website","url":"https:\/\/repliquemangacine.fr\/","name":"R\u00e9plique Manga Cin\u00e9","description":"","publisher":{"@id":"https:\/\/repliquemangacine.fr\/#organization"},"potentialAction":[{"@type":"SearchAction","target":{"@type":"EntryPoint","urlTemplate":"https:\/\/repliquemangacine.fr\/?s={search_term_string}"},"query-input":{"@type":"PropertyValueSpecification","valueRequired":true,"valueName":"search_term_string"}}],"inLanguage":"de"},{"@type":"Organization","@id":"https:\/\/repliquemangacine.fr\/#organization","name":"R\u00e9plique Manga Cin\u00e9","url":"https:\/\/repliquemangacine.fr\/","logo":{"@type":"ImageObject","inLanguage":"de","@id":"https:\/\/repliquemangacine.fr\/#\/schema\/logo\/image\/","url":"https:\/\/repliquemangacine.fr\/wp-content\/uploads\/2023\/10\/RMC-500250.png","contentUrl":"https:\/\/repliquemangacine.fr\/wp-content\/uploads\/2023\/10\/RMC-500250.png","width":500,"height":250,"caption":"R\u00e9plique Manga Cin\u00e9"},"image":{"@id":"https:\/\/repliquemangacine.fr\/#\/schema\/logo\/image\/"},"sameAs":["https:\/\/www.facebook.com\/RepliqueMangaCine","https:\/\/www.instagram.com\/repliquemangacine.fr\/"]}]}},"_links":{"self":[{"href":"https:\/\/repliquemangacine.fr\/de\/wp-json\/wp\/v2\/product\/28515","targetHints":{"allow":["GET"]}}],"collection":[{"href":"https:\/\/repliquemangacine.fr\/de\/wp-json\/wp\/v2\/product"}],"about":[{"href":"https:\/\/repliquemangacine.fr\/de\/wp-json\/wp\/v2\/types\/product"}],"wp:featuredmedia":[{"embeddable":true,"href":"https:\/\/repliquemangacine.fr\/de\/wp-json\/wp\/v2\/media\/28516"}],"wp:attachment":[{"href":"https:\/\/repliquemangacine.fr\/de\/wp-json\/wp\/v2\/media?parent=28515"}],"wp:term":[{"taxonomy":"product_brand","embeddable":true,"href":"https:\/\/repliquemangacine.fr\/de\/wp-json\/wp\/v2\/product_brand?post=28515"},{"taxonomy":"product_cat","embeddable":true,"href":"https:\/\/repliquemangacine.fr\/de\/wp-json\/wp\/v2\/product_cat?post=28515"},{"taxonomy":"product_tag","embeddable":true,"href":"https:\/\/repliquemangacine.fr\/de\/wp-json\/wp\/v2\/product_tag?post=28515"}],"curies":[{"name":"wp","href":"https:\/\/api.w.org\/{rel}","templated":true}]}}