





{"id":28506,"date":"2019-10-27T19:39:12","date_gmt":"2019-10-27T18:39:12","guid":{"rendered":"https:\/\/repliquemangacine.fr\/?post_type=product&#038;p=28506"},"modified":"2026-01-09T11:04:10","modified_gmt":"2026-01-09T10:04:10","slug":"eiskaltes-schwert-konig-der-nacht","status":"publish","type":"product","link":"https:\/\/repliquemangacine.fr\/de\/epees-game-of-thrones\/epee-de-glace-roi-de-la-nuit\/","title":{"rendered":"Klinge K\u00f6nig der Nacht"},"content":{"rendered":"<h2>Originalgetreue Replik der Nachtk\u00f6nig-Klinge aus der Kultserie Game of Thrones.<\/h2>\n<p>Die Klinge K\u00f6nig der Nacht ist in ihrem Design absolut bemerkenswert.<\/p>\n<p>Die Wei\u00dfen Wanderer aus dem eisigen Norden sind die gef\u00fcrchtetsten Kreaturen in Westeros und eine Bedrohung f\u00fcr alles Lebendige. Sie sind Tausende von Jahren alt. Sie wurden durch m\u00e4chtige, ungetestete Magie geboren und sch\u00fctzten die Kinder des Waldes vor den Ersten Menschen, die seit ihrer Ankunft aus Essos Krieg gegen sie gef\u00fchrt hatten. Diese Kreaturen benutzen magische Eiswaffen, die st\u00e4rker als Stahl und undurchdringlich f\u00fcr andere Waffen sind.<\/p>\n<p>Der K\u00f6nig der Nacht ist der erste Wei\u00dfe Wanderer, der von den Waldkindern erschaffen wurde. Mit der Unterst\u00fctzung seiner Br\u00fcder wendet er sich von ihnen ab. Mit der Armee der Toten, die er anf\u00fchrt, will er alles Leben ausl\u00f6schen. Um dies zu erreichen, beginnt er einen Marsch von den L\u00e4ndern des ewigen Winters in den S\u00fcden von Westeros. Als er kurz vor der Eroberung von Winterfell steht, wird er von Arya Stark get\u00f6tet, die ihm einen Dolch in die Brust st\u00f6\u00dft. <a href=\"https:\/\/gameofthrones.fandom.com\/fr\/wiki\/Acier_valyrien\">valyrischer Stahl<\/a> in der Brust.<\/p>\n<h3>Wir bieten Ihnen alle Repliken der Schwerter Ihrer Lieblingshelden aus der Serie Game of Thrones.<\/h3>\n<p>Zun\u00e4chst einmal,<\/p>\n<ul>\n<li>L'<a href=\"https:\/\/repliquemangacine.fr\/de\/schwerter-game-of-thrones\/epee-needle-arya-stark-game-of-thrones-2\/\">schwert nadel von arya<\/a> Stark, der ihm von Jon Snow gegeben wurde.<\/li>\n<li>Aber auch die<a href=\"https:\/\/repliquemangacine.fr\/de\/schwerter-game-of-thrones\/schwert-weinende-witwe-schwert-des-konigs-joffrey-game-of-thrones\/\">Schwert Weinen der Witwe von K\u00f6nig Joffre<\/a>y.<\/li>\n<li>Sowie die <a href=\"https:\/\/repliquemangacine.fr\/de\/sammlerschmuck\/rhaegal-ei-game-of-thrones\/\">Dracheneier<\/a> von Daenerys.<\/li>\n<li>Und viele andere mehr...<\/li>\n<\/ul>\n<p>Hier ist eine tolle Geschenkidee f\u00fcr Fans der Serie Game of Thrones.<\/p>\n<h3>Sie k\u00f6nnen die Klinge K\u00f6nig der Nacht f\u00fcr Ihre Cosplay-Paraden oder Themenpartys verwenden.<\/h3>\n<p>In erster Linie ist es ein Sammler- und Dekorationsst\u00fcck.<\/p>\n<p><strong>Wir m\u00f6chten Sie darauf hinweisen, dass alle unsere Repliken Sammlerst\u00fccke und Dekorationen sind. Sie k\u00f6nnen sie f\u00fcr historische Rekonstruktionen, Cosplay-Paraden oder als Innendekoration verwenden. Daher ist es nicht m\u00f6glich, sich mit den Repliken an \u00f6ffentlichen Orten aufzuhalten.<\/strong><\/p>","protected":false},"excerpt":{"rendered":"<p>Exklusiv f\u00fcr R\u00e9plique Manga Cin\u00e9!<\/p>\n<ul>\n<li>Wundersch\u00f6ne inoffizielle Replik dieser Eisklinge, dem Schwert des Nachtk\u00f6nigs.<\/li>\n<li>Vollst\u00e4ndig aus Acrylharz gefertigt, leicht und transparent.<\/li>\n<li>Die Illusion ist perfekt, es ist schwer, mit blo\u00dfem Auge zu erkennen, dass es sich nicht um echtes Eis handelt.<\/li>\n<li>Seine breite, flache Klinge verj\u00fcngt sich zu einer Spitze.<\/li>\n<li>Der Griff ist von beigem Kunstleder umgeben.<\/li>\n<li>Die Fransen wurden in Wildlederoptik umgeschlagen, um sie realistischer wirken zu lassen. Die Fransen haben auch unterschiedliche Gr\u00f6\u00dfen.<\/li>\n<li>L\u00e4nge der Klinge: 62cm - Gesamtl\u00e4nge: 105cm<\/li>\n<\/ul>\n<p><strong>\u00a0<\/strong><\/p>","protected":false},"featured_media":28507,"template":"","meta":[],"product_brand":[896],"product_cat":[72,24,47],"product_tag":[],"class_list":{"0":"post-28506","1":"product","2":"type-product","3":"status-publish","4":"has-post-thumbnail","6":"product_brand-replique-manga-cine","7":"product_cat-epees-game-of-thrones","8":"product_cat-films-series-tv-vente-de-katana-epee-et-produits-derives","9":"product_cat-game-of-thrones","11":"first","12":"instock","13":"taxable","14":"shipping-taxable","15":"purchasable","16":"product-type-simple"},"yoast_head":"<!-- This site is optimized with the Yoast SEO plugin v27.5 - https:\/\/yoast.com\/product\/yoast-seo-wordpress\/ -->\n<title>Lame Roi de la Nuit - Game of Thrones - R\u00e9plique Manga Cin\u00e9<\/title>\n<meta name=\"description\" content=\"Commandez vite ! La Lame Roi de la Nuit dans Game of Thrones. Cette lame est en r\u00e9sine acrylique transparente comme de la glace. Poign\u00e9e Cuir avec franges\" \/>\n<meta name=\"robots\" content=\"index, follow, max-snippet:-1, max-image-preview:large, max-video-preview:-1\" \/>\n<link rel=\"canonical\" href=\"https:\/\/repliquemangacine.fr\/de\/schwerter-game-of-thrones\/eiskaltes-schwert-konig-der-nacht\/\" \/>\n<meta property=\"og:locale\" content=\"de_DE\" \/>\n<meta property=\"og:type\" content=\"article\" \/>\n<meta property=\"og:title\" content=\"Lame Roi de la Nuit - Game of Thrones - R\u00e9plique Manga Cin\u00e9\" \/>\n<meta property=\"og:description\" content=\"Commandez vite ! La Lame Roi de la Nuit dans Game of Thrones. Cette lame est en r\u00e9sine acrylique transparente comme de la glace. Poign\u00e9e Cuir avec franges\" \/>\n<meta property=\"og:url\" content=\"https:\/\/repliquemangacine.fr\/de\/schwerter-game-of-thrones\/eiskaltes-schwert-konig-der-nacht\/\" \/>\n<meta property=\"og:site_name\" content=\"R\u00e9plique Manga Cin\u00e9\" \/>\n<meta property=\"article:publisher\" content=\"https:\/\/www.facebook.com\/RepliqueMangaCine\" \/>\n<meta property=\"article:modified_time\" content=\"2026-01-09T10:04:10+00:00\" \/>\n<meta property=\"og:image\" content=\"https:\/\/repliquemangacine.fr\/wp-content\/uploads\/2023\/10\/3209-Epee-de-Glace-roi-de-la-nuit.jpg\" \/>\n\t<meta property=\"og:image:width\" content=\"800\" \/>\n\t<meta property=\"og:image:height\" content=\"800\" \/>\n\t<meta property=\"og:image:type\" content=\"image\/jpeg\" \/>\n<meta name=\"twitter:card\" content=\"summary_large_image\" \/>\n<meta name=\"twitter:label1\" content=\"Gesch\u00e4tzte Lesezeit\" \/>\n\t<meta name=\"twitter:data1\" content=\"1\u00a0Minute\" \/>\n<script type=\"application\/ld+json\" class=\"yoast-schema-graph\">{\"@context\":\"https:\\\/\\\/schema.org\",\"@graph\":[{\"@type\":\"WebPage\",\"@id\":\"https:\\\/\\\/repliquemangacine.fr\\\/epees-game-of-thrones\\\/epee-de-glace-roi-de-la-nuit\\\/\",\"url\":\"https:\\\/\\\/repliquemangacine.fr\\\/epees-game-of-thrones\\\/epee-de-glace-roi-de-la-nuit\\\/\",\"name\":\"Lame Roi de la Nuit - Game of Thrones - R\u00e9plique Manga Cin\u00e9\",\"isPartOf\":{\"@id\":\"https:\\\/\\\/repliquemangacine.fr\\\/#website\"},\"primaryImageOfPage\":{\"@id\":\"https:\\\/\\\/repliquemangacine.fr\\\/epees-game-of-thrones\\\/epee-de-glace-roi-de-la-nuit\\\/#primaryimage\"},\"image\":{\"@id\":\"https:\\\/\\\/repliquemangacine.fr\\\/epees-game-of-thrones\\\/epee-de-glace-roi-de-la-nuit\\\/#primaryimage\"},\"thumbnailUrl\":\"https:\\\/\\\/repliquemangacine.fr\\\/wp-content\\\/uploads\\\/2023\\\/10\\\/3209-Epee-de-Glace-roi-de-la-nuit.jpg\",\"datePublished\":\"2019-10-27T18:39:12+00:00\",\"dateModified\":\"2026-01-09T10:04:10+00:00\",\"description\":\"Commandez vite ! La Lame Roi de la Nuit dans Game of Thrones. Cette lame est en r\u00e9sine acrylique transparente comme de la glace. Poign\u00e9e Cuir avec franges\",\"breadcrumb\":{\"@id\":\"https:\\\/\\\/repliquemangacine.fr\\\/epees-game-of-thrones\\\/epee-de-glace-roi-de-la-nuit\\\/#breadcrumb\"},\"inLanguage\":\"de\",\"potentialAction\":[{\"@type\":\"ReadAction\",\"target\":[\"https:\\\/\\\/repliquemangacine.fr\\\/epees-game-of-thrones\\\/epee-de-glace-roi-de-la-nuit\\\/\"]}]},{\"@type\":\"ImageObject\",\"inLanguage\":\"de\",\"@id\":\"https:\\\/\\\/repliquemangacine.fr\\\/epees-game-of-thrones\\\/epee-de-glace-roi-de-la-nuit\\\/#primaryimage\",\"url\":\"https:\\\/\\\/repliquemangacine.fr\\\/wp-content\\\/uploads\\\/2023\\\/10\\\/3209-Epee-de-Glace-roi-de-la-nuit.jpg\",\"contentUrl\":\"https:\\\/\\\/repliquemangacine.fr\\\/wp-content\\\/uploads\\\/2023\\\/10\\\/3209-Epee-de-Glace-roi-de-la-nuit.jpg\",\"width\":800,\"height\":800,\"caption\":\"Ep\u00e9e de Glace roi de la nuit\"},{\"@type\":\"BreadcrumbList\",\"@id\":\"https:\\\/\\\/repliquemangacine.fr\\\/epees-game-of-thrones\\\/epee-de-glace-roi-de-la-nuit\\\/#breadcrumb\",\"itemListElement\":[{\"@type\":\"ListItem\",\"position\":1,\"name\":\"Accueil\",\"item\":\"https:\\\/\\\/repliquemangacine.fr\\\/\"},{\"@type\":\"ListItem\",\"position\":2,\"name\":\"Produits\",\"item\":\"https:\\\/\\\/repliquemangacine.fr\\\/boutique\\\/\"},{\"@type\":\"ListItem\",\"position\":3,\"name\":\"Lame Roi de la Nuit\"}]},{\"@type\":\"WebSite\",\"@id\":\"https:\\\/\\\/repliquemangacine.fr\\\/#website\",\"url\":\"https:\\\/\\\/repliquemangacine.fr\\\/\",\"name\":\"R\u00e9plique Manga Cin\u00e9\",\"description\":\"\",\"publisher\":{\"@id\":\"https:\\\/\\\/repliquemangacine.fr\\\/#organization\"},\"potentialAction\":[{\"@type\":\"SearchAction\",\"target\":{\"@type\":\"EntryPoint\",\"urlTemplate\":\"https:\\\/\\\/repliquemangacine.fr\\\/?s={search_term_string}\"},\"query-input\":{\"@type\":\"PropertyValueSpecification\",\"valueRequired\":true,\"valueName\":\"search_term_string\"}}],\"inLanguage\":\"de\"},{\"@type\":\"Organization\",\"@id\":\"https:\\\/\\\/repliquemangacine.fr\\\/#organization\",\"name\":\"R\u00e9plique Manga Cin\u00e9\",\"url\":\"https:\\\/\\\/repliquemangacine.fr\\\/\",\"logo\":{\"@type\":\"ImageObject\",\"inLanguage\":\"de\",\"@id\":\"https:\\\/\\\/repliquemangacine.fr\\\/#\\\/schema\\\/logo\\\/image\\\/\",\"url\":\"https:\\\/\\\/repliquemangacine.fr\\\/wp-content\\\/uploads\\\/2023\\\/10\\\/RMC-500250.png\",\"contentUrl\":\"https:\\\/\\\/repliquemangacine.fr\\\/wp-content\\\/uploads\\\/2023\\\/10\\\/RMC-500250.png\",\"width\":500,\"height\":250,\"caption\":\"R\u00e9plique Manga Cin\u00e9\"},\"image\":{\"@id\":\"https:\\\/\\\/repliquemangacine.fr\\\/#\\\/schema\\\/logo\\\/image\\\/\"},\"sameAs\":[\"https:\\\/\\\/www.facebook.com\\\/RepliqueMangaCine\",\"https:\\\/\\\/www.instagram.com\\\/repliquemangacine.fr\\\/\"]}]}<\/script>\n<!-- \/ Yoast SEO plugin. -->","yoast_head_json":{"title":"Klinge Nachtk\u00f6nig - Game of Thrones - R\u00e9plique Manga Cin\u00e9","description":"Bestellen Sie schnell! Die Klinge \"K\u00f6nig der Nacht\" aus Game of Thrones. Diese Klinge besteht aus eiskaltem, transparentem Acrylharz. Ledergriff mit Fransen","robots":{"index":"index","follow":"follow","max-snippet":"max-snippet:-1","max-image-preview":"max-image-preview:large","max-video-preview":"max-video-preview:-1"},"canonical":"https:\/\/repliquemangacine.fr\/de\/schwerter-game-of-thrones\/eiskaltes-schwert-konig-der-nacht\/","og_locale":"de_DE","og_type":"article","og_title":"Lame Roi de la Nuit - Game of Thrones - R\u00e9plique Manga Cin\u00e9","og_description":"Commandez vite ! La Lame Roi de la Nuit dans Game of Thrones. Cette lame est en r\u00e9sine acrylique transparente comme de la glace. Poign\u00e9e Cuir avec franges","og_url":"https:\/\/repliquemangacine.fr\/de\/schwerter-game-of-thrones\/eiskaltes-schwert-konig-der-nacht\/","og_site_name":"R\u00e9plique Manga Cin\u00e9","article_publisher":"https:\/\/www.facebook.com\/RepliqueMangaCine","article_modified_time":"2026-01-09T10:04:10+00:00","og_image":[{"width":800,"height":800,"url":"https:\/\/repliquemangacine.fr\/wp-content\/uploads\/2023\/10\/3209-Epee-de-Glace-roi-de-la-nuit.jpg","type":"image\/jpeg"}],"twitter_card":"summary_large_image","twitter_misc":{"Gesch\u00e4tzte Lesezeit":"1\u00a0Minute"},"schema":{"@context":"https:\/\/schema.org","@graph":[{"@type":"WebPage","@id":"https:\/\/repliquemangacine.fr\/epees-game-of-thrones\/epee-de-glace-roi-de-la-nuit\/","url":"https:\/\/repliquemangacine.fr\/epees-game-of-thrones\/epee-de-glace-roi-de-la-nuit\/","name":"Klinge Nachtk\u00f6nig - Game of Thrones - R\u00e9plique Manga Cin\u00e9","isPartOf":{"@id":"https:\/\/repliquemangacine.fr\/#website"},"primaryImageOfPage":{"@id":"https:\/\/repliquemangacine.fr\/epees-game-of-thrones\/epee-de-glace-roi-de-la-nuit\/#primaryimage"},"image":{"@id":"https:\/\/repliquemangacine.fr\/epees-game-of-thrones\/epee-de-glace-roi-de-la-nuit\/#primaryimage"},"thumbnailUrl":"https:\/\/repliquemangacine.fr\/wp-content\/uploads\/2023\/10\/3209-Epee-de-Glace-roi-de-la-nuit.jpg","datePublished":"2019-10-27T18:39:12+00:00","dateModified":"2026-01-09T10:04:10+00:00","description":"Bestellen Sie schnell! Die Klinge \"K\u00f6nig der Nacht\" aus Game of Thrones. Diese Klinge besteht aus eiskaltem, transparentem Acrylharz. Ledergriff mit Fransen","breadcrumb":{"@id":"https:\/\/repliquemangacine.fr\/epees-game-of-thrones\/epee-de-glace-roi-de-la-nuit\/#breadcrumb"},"inLanguage":"de","potentialAction":[{"@type":"ReadAction","target":["https:\/\/repliquemangacine.fr\/epees-game-of-thrones\/epee-de-glace-roi-de-la-nuit\/"]}]},{"@type":"ImageObject","inLanguage":"de","@id":"https:\/\/repliquemangacine.fr\/epees-game-of-thrones\/epee-de-glace-roi-de-la-nuit\/#primaryimage","url":"https:\/\/repliquemangacine.fr\/wp-content\/uploads\/2023\/10\/3209-Epee-de-Glace-roi-de-la-nuit.jpg","contentUrl":"https:\/\/repliquemangacine.fr\/wp-content\/uploads\/2023\/10\/3209-Epee-de-Glace-roi-de-la-nuit.jpg","width":800,"height":800,"caption":"Ep\u00e9e de Glace roi de la nuit"},{"@type":"BreadcrumbList","@id":"https:\/\/repliquemangacine.fr\/epees-game-of-thrones\/epee-de-glace-roi-de-la-nuit\/#breadcrumb","itemListElement":[{"@type":"ListItem","position":1,"name":"Accueil","item":"https:\/\/repliquemangacine.fr\/"},{"@type":"ListItem","position":2,"name":"Produits","item":"https:\/\/repliquemangacine.fr\/boutique\/"},{"@type":"ListItem","position":3,"name":"Lame Roi de la Nuit"}]},{"@type":"WebSite","@id":"https:\/\/repliquemangacine.fr\/#website","url":"https:\/\/repliquemangacine.fr\/","name":"R\u00e9plique Manga Cin\u00e9","description":"","publisher":{"@id":"https:\/\/repliquemangacine.fr\/#organization"},"potentialAction":[{"@type":"SearchAction","target":{"@type":"EntryPoint","urlTemplate":"https:\/\/repliquemangacine.fr\/?s={search_term_string}"},"query-input":{"@type":"PropertyValueSpecification","valueRequired":true,"valueName":"search_term_string"}}],"inLanguage":"de"},{"@type":"Organization","@id":"https:\/\/repliquemangacine.fr\/#organization","name":"R\u00e9plique Manga Cin\u00e9","url":"https:\/\/repliquemangacine.fr\/","logo":{"@type":"ImageObject","inLanguage":"de","@id":"https:\/\/repliquemangacine.fr\/#\/schema\/logo\/image\/","url":"https:\/\/repliquemangacine.fr\/wp-content\/uploads\/2023\/10\/RMC-500250.png","contentUrl":"https:\/\/repliquemangacine.fr\/wp-content\/uploads\/2023\/10\/RMC-500250.png","width":500,"height":250,"caption":"R\u00e9plique Manga Cin\u00e9"},"image":{"@id":"https:\/\/repliquemangacine.fr\/#\/schema\/logo\/image\/"},"sameAs":["https:\/\/www.facebook.com\/RepliqueMangaCine","https:\/\/www.instagram.com\/repliquemangacine.fr\/"]}]}},"_links":{"self":[{"href":"https:\/\/repliquemangacine.fr\/de\/wp-json\/wp\/v2\/product\/28506","targetHints":{"allow":["GET"]}}],"collection":[{"href":"https:\/\/repliquemangacine.fr\/de\/wp-json\/wp\/v2\/product"}],"about":[{"href":"https:\/\/repliquemangacine.fr\/de\/wp-json\/wp\/v2\/types\/product"}],"wp:featuredmedia":[{"embeddable":true,"href":"https:\/\/repliquemangacine.fr\/de\/wp-json\/wp\/v2\/media\/28507"}],"wp:attachment":[{"href":"https:\/\/repliquemangacine.fr\/de\/wp-json\/wp\/v2\/media?parent=28506"}],"wp:term":[{"taxonomy":"product_brand","embeddable":true,"href":"https:\/\/repliquemangacine.fr\/de\/wp-json\/wp\/v2\/product_brand?post=28506"},{"taxonomy":"product_cat","embeddable":true,"href":"https:\/\/repliquemangacine.fr\/de\/wp-json\/wp\/v2\/product_cat?post=28506"},{"taxonomy":"product_tag","embeddable":true,"href":"https:\/\/repliquemangacine.fr\/de\/wp-json\/wp\/v2\/product_tag?post=28506"}],"curies":[{"name":"wp","href":"https:\/\/api.w.org\/{rel}","templated":true}]}}