





{"id":28499,"date":"2019-10-27T19:30:22","date_gmt":"2019-10-27T18:30:22","guid":{"rendered":"https:\/\/repliquemangacine.fr\/?post_type=product&#038;p=28499"},"modified":"2026-01-09T11:04:22","modified_gmt":"2026-01-09T10:04:22","slug":"eiskaltes-schwert-weise-wanderer","status":"publish","type":"product","link":"https:\/\/repliquemangacine.fr\/de\/epees-game-of-thrones\/epee-de-glace-marcheurs-blancs\/","title":{"rendered":"Eisklinge Wei\u00dfe Wanderer"},"content":{"rendered":"<h2>Originalgetreue Replik der Eisklinge Wei\u00dfe Wanderer aus der Kultserie Game of Thrones.<\/h2>\n<p>Die Eisklinge Wei\u00dfe Wanderer ist in ihrem Design absolut bemerkenswert.<\/p>\n<p>Die Wei\u00dfen Wanderer aus dem eisigen Norden sind die gef\u00fcrchtetsten Kreaturen in Westeros und eine Bedrohung f\u00fcr alles Lebendige. Sie sind Tausende von Jahren alt. Sie wurden durch m\u00e4chtige, ungetestete Magie geboren und sch\u00fctzten die Kinder des Waldes vor den Ersten Menschen, die seit ihrer Ankunft aus Essos Krieg gegen sie gef\u00fchrt hatten. Diese Kreaturen benutzen magische Eiswaffen, die st\u00e4rker als Stahl und undurchdringlich f\u00fcr andere Waffen sind.<\/p>\n<p>Wei\u00dfe Wanderer haben das gleiche Aussehen wie Menschen, au\u00dfer dass sie hellgraue Haut und wei\u00dfes Haar haben. Ihre Augen sind eisblau wie die des Nachtk\u00f6nigs und der Spectres. Ihre Haut verleiht ihnen ein skelettartiges Aussehen.<\/p>\n<p>Sie verf\u00fcgen \u00fcber eine gr\u00f6\u00dfere Kraft als die Menschen. Wie der Nachtk\u00f6nig k\u00f6nnen auch die Wei\u00dfen Wanderer die Leichen von Menschen und Tieren wieder zum Leben erwecken. Sie sind entweder mit Eisschwertern oder Eisspeeren bewaffnet, die alle menschlichen Waffen zerbrechen k\u00f6nnen, au\u00dfer denen aus <a href=\"https:\/\/gameofthrones.fandom.com\/fr\/wiki\/Acier_valyrien\">valyrischer Stahl<\/a>.<\/p>\n<h3>Wir bieten Ihnen alle Repliken der Schwerter Ihrer Lieblingshelden aus der Serie Game of Thrones.<\/h3>\n<p>Zun\u00e4chst einmal,<\/p>\n<ul>\n<li>Die <a href=\"https:\/\/repliquemangacine.fr\/de\/schwerter-game-of-thrones\/arakh-serpe-de-khal-drogo-game-of-thrones-l-arme-des-dothrakis\/\">Drogos Serpe<\/a> Ehemann von Daenerys.<\/li>\n<li>Aber auch die <a href=\"https:\/\/repliquemangacine.fr\/de\/schwerter-game-of-thrones\/replica-dolch-catspaw-game-of-thrones\/\">Catspaw-Dolch<\/a> und seine Klinge aus valyrischem Stahl, die Arya benutzt, um den Nachtk\u00f6nig zu t\u00f6ten.<\/li>\n<li>Sowie die<a href=\"https:\/\/repliquemangacine.fr\/de\/schwerter-game-of-thrones\/game-of-thrones-epee-eddard-stark-version-hbo-tv\/\">Schwert von Eddard Stark<\/a>.<\/li>\n<li>Und viele andere mehr...<\/li>\n<\/ul>\n<p>Hier ist eine tolle Geschenkidee f\u00fcr Fans der Serie Game of Thrones.<\/p>\n<h3>Sie k\u00f6nnen die Eisklinge Wei\u00dfe Wanderer f\u00fcr Ihre Cosplay-Paraden oder Themenpartys verwenden.<\/h3>\n<p>In erster Linie ist es ein Sammler- und Dekorationsst\u00fcck.<\/p>\n<p><strong>Wir m\u00f6chten Sie darauf hinweisen, dass alle unsere Repliken Sammlerst\u00fccke und Dekorationen sind. Sie k\u00f6nnen sie f\u00fcr historische Rekonstruktionen, Cosplay-Paraden oder als Innendekoration verwenden. Daher ist es nicht m\u00f6glich, sich mit den Repliken an \u00f6ffentlichen Orten aufzuhalten.<\/strong><\/p>","protected":false},"excerpt":{"rendered":"<p>Exklusiv f\u00fcr R\u00e9plique Manga Cin\u00e9!<\/p>\n<ul>\n<li>Wundersch\u00f6ne inoffizielle Replik dieser Eisklinge, dem Schwert der Wei\u00dfen Wanderer.<\/li>\n<li>Vollst\u00e4ndig aus Acrylharz gefertigt, leicht und transparent.<\/li>\n<li>Die Illusion ist perfekt, es ist schwer, mit blo\u00dfem Auge zu erkennen, dass es sich nicht um echtes Eis handelt.<\/li>\n<li>Seine breite, flache Klinge verj\u00fcngt sich zu einer Spitze und umfasst einen schmalen Griff.<\/li>\n<li>Ein Knauf mit zwei Klauen, genau wie die Schwerter in der ber\u00fchmten Serie Game of Thrones.<\/li>\n<li>Gesamtl\u00e4nge: 104cm - Klingenst\u00e4rke: 11.5 cm<\/li>\n<\/ul>\n<p><strong>\u00a0<\/strong><\/p>","protected":false},"featured_media":28500,"template":"","meta":[],"product_brand":[896],"product_cat":[72,24,47],"product_tag":[],"class_list":{"0":"post-28499","1":"product","2":"type-product","3":"status-publish","4":"has-post-thumbnail","6":"product_brand-replique-manga-cine","7":"product_cat-epees-game-of-thrones","8":"product_cat-films-series-tv-vente-de-katana-epee-et-produits-derives","9":"product_cat-game-of-thrones","11":"first","12":"instock","13":"taxable","14":"shipping-taxable","15":"purchasable","16":"product-type-simple"},"yoast_head":"<!-- This site is optimized with the Yoast SEO plugin v27.5 - https:\/\/yoast.com\/product\/yoast-seo-wordpress\/ -->\n<title>Lame de Glace Marcheurs Blancs - GOT - R\u00e9plique Manga Cin\u00e9<\/title>\n<meta name=\"description\" content=\"Exclusivit\u00e9 ! Achetez vite ! cette superbe Lame de Glace Marcheurs Blancs. Tout en r\u00e9sine acrylique. Une pi\u00e8ce rare \u00e0 ne pas manquer\" \/>\n<meta name=\"robots\" content=\"index, follow, max-snippet:-1, max-image-preview:large, max-video-preview:-1\" \/>\n<link rel=\"canonical\" href=\"https:\/\/repliquemangacine.fr\/de\/schwerter-game-of-thrones\/eiskaltes-schwert-weise-wanderer\/\" \/>\n<meta property=\"og:locale\" content=\"de_DE\" \/>\n<meta property=\"og:type\" content=\"article\" \/>\n<meta property=\"og:title\" content=\"Lame de Glace Marcheurs Blancs - GOT - R\u00e9plique Manga Cin\u00e9\" \/>\n<meta property=\"og:description\" content=\"Exclusivit\u00e9 ! Achetez vite ! cette superbe Lame de Glace Marcheurs Blancs. Tout en r\u00e9sine acrylique. Une pi\u00e8ce rare \u00e0 ne pas manquer\" \/>\n<meta property=\"og:url\" content=\"https:\/\/repliquemangacine.fr\/de\/schwerter-game-of-thrones\/eiskaltes-schwert-weise-wanderer\/\" \/>\n<meta property=\"og:site_name\" content=\"R\u00e9plique Manga Cin\u00e9\" \/>\n<meta property=\"article:publisher\" content=\"https:\/\/www.facebook.com\/RepliqueMangaCine\" \/>\n<meta property=\"article:modified_time\" content=\"2026-01-09T10:04:22+00:00\" \/>\n<meta property=\"og:image\" content=\"https:\/\/repliquemangacine.fr\/wp-content\/uploads\/2023\/10\/3203-Epee-de-glace-Marcheurs-Blancs.jpg\" \/>\n\t<meta property=\"og:image:width\" content=\"800\" \/>\n\t<meta property=\"og:image:height\" content=\"800\" \/>\n\t<meta property=\"og:image:type\" content=\"image\/jpeg\" \/>\n<meta name=\"twitter:card\" content=\"summary_large_image\" \/>\n<meta name=\"twitter:label1\" content=\"Gesch\u00e4tzte Lesezeit\" \/>\n\t<meta name=\"twitter:data1\" content=\"1\u00a0Minute\" \/>\n<script type=\"application\/ld+json\" class=\"yoast-schema-graph\">{\"@context\":\"https:\\\/\\\/schema.org\",\"@graph\":[{\"@type\":\"WebPage\",\"@id\":\"https:\\\/\\\/repliquemangacine.fr\\\/epees-game-of-thrones\\\/epee-de-glace-marcheurs-blancs\\\/\",\"url\":\"https:\\\/\\\/repliquemangacine.fr\\\/epees-game-of-thrones\\\/epee-de-glace-marcheurs-blancs\\\/\",\"name\":\"Lame de Glace Marcheurs Blancs - GOT - R\u00e9plique Manga Cin\u00e9\",\"isPartOf\":{\"@id\":\"https:\\\/\\\/repliquemangacine.fr\\\/#website\"},\"primaryImageOfPage\":{\"@id\":\"https:\\\/\\\/repliquemangacine.fr\\\/epees-game-of-thrones\\\/epee-de-glace-marcheurs-blancs\\\/#primaryimage\"},\"image\":{\"@id\":\"https:\\\/\\\/repliquemangacine.fr\\\/epees-game-of-thrones\\\/epee-de-glace-marcheurs-blancs\\\/#primaryimage\"},\"thumbnailUrl\":\"https:\\\/\\\/repliquemangacine.fr\\\/wp-content\\\/uploads\\\/2023\\\/10\\\/3203-Epee-de-glace-Marcheurs-Blancs.jpg\",\"datePublished\":\"2019-10-27T18:30:22+00:00\",\"dateModified\":\"2026-01-09T10:04:22+00:00\",\"description\":\"Exclusivit\u00e9 ! Achetez vite ! cette superbe Lame de Glace Marcheurs Blancs. Tout en r\u00e9sine acrylique. Une pi\u00e8ce rare \u00e0 ne pas manquer\",\"breadcrumb\":{\"@id\":\"https:\\\/\\\/repliquemangacine.fr\\\/epees-game-of-thrones\\\/epee-de-glace-marcheurs-blancs\\\/#breadcrumb\"},\"inLanguage\":\"de\",\"potentialAction\":[{\"@type\":\"ReadAction\",\"target\":[\"https:\\\/\\\/repliquemangacine.fr\\\/epees-game-of-thrones\\\/epee-de-glace-marcheurs-blancs\\\/\"]}]},{\"@type\":\"ImageObject\",\"inLanguage\":\"de\",\"@id\":\"https:\\\/\\\/repliquemangacine.fr\\\/epees-game-of-thrones\\\/epee-de-glace-marcheurs-blancs\\\/#primaryimage\",\"url\":\"https:\\\/\\\/repliquemangacine.fr\\\/wp-content\\\/uploads\\\/2023\\\/10\\\/3203-Epee-de-glace-Marcheurs-Blancs.jpg\",\"contentUrl\":\"https:\\\/\\\/repliquemangacine.fr\\\/wp-content\\\/uploads\\\/2023\\\/10\\\/3203-Epee-de-glace-Marcheurs-Blancs.jpg\",\"width\":800,\"height\":800,\"caption\":\"\u00c9p\u00e9e de glace Marcheurs Blancs\"},{\"@type\":\"BreadcrumbList\",\"@id\":\"https:\\\/\\\/repliquemangacine.fr\\\/epees-game-of-thrones\\\/epee-de-glace-marcheurs-blancs\\\/#breadcrumb\",\"itemListElement\":[{\"@type\":\"ListItem\",\"position\":1,\"name\":\"Accueil\",\"item\":\"https:\\\/\\\/repliquemangacine.fr\\\/\"},{\"@type\":\"ListItem\",\"position\":2,\"name\":\"Produits\",\"item\":\"https:\\\/\\\/repliquemangacine.fr\\\/boutique\\\/\"},{\"@type\":\"ListItem\",\"position\":3,\"name\":\"Lame de Glace Marcheurs Blancs\"}]},{\"@type\":\"WebSite\",\"@id\":\"https:\\\/\\\/repliquemangacine.fr\\\/#website\",\"url\":\"https:\\\/\\\/repliquemangacine.fr\\\/\",\"name\":\"R\u00e9plique Manga Cin\u00e9\",\"description\":\"\",\"publisher\":{\"@id\":\"https:\\\/\\\/repliquemangacine.fr\\\/#organization\"},\"potentialAction\":[{\"@type\":\"SearchAction\",\"target\":{\"@type\":\"EntryPoint\",\"urlTemplate\":\"https:\\\/\\\/repliquemangacine.fr\\\/?s={search_term_string}\"},\"query-input\":{\"@type\":\"PropertyValueSpecification\",\"valueRequired\":true,\"valueName\":\"search_term_string\"}}],\"inLanguage\":\"de\"},{\"@type\":\"Organization\",\"@id\":\"https:\\\/\\\/repliquemangacine.fr\\\/#organization\",\"name\":\"R\u00e9plique Manga Cin\u00e9\",\"url\":\"https:\\\/\\\/repliquemangacine.fr\\\/\",\"logo\":{\"@type\":\"ImageObject\",\"inLanguage\":\"de\",\"@id\":\"https:\\\/\\\/repliquemangacine.fr\\\/#\\\/schema\\\/logo\\\/image\\\/\",\"url\":\"https:\\\/\\\/repliquemangacine.fr\\\/wp-content\\\/uploads\\\/2023\\\/10\\\/RMC-500250.png\",\"contentUrl\":\"https:\\\/\\\/repliquemangacine.fr\\\/wp-content\\\/uploads\\\/2023\\\/10\\\/RMC-500250.png\",\"width\":500,\"height\":250,\"caption\":\"R\u00e9plique Manga Cin\u00e9\"},\"image\":{\"@id\":\"https:\\\/\\\/repliquemangacine.fr\\\/#\\\/schema\\\/logo\\\/image\\\/\"},\"sameAs\":[\"https:\\\/\\\/www.facebook.com\\\/RepliqueMangaCine\",\"https:\\\/\\\/www.instagram.com\\\/repliquemangacine.fr\\\/\"]}]}<\/script>\n<!-- \/ Yoast SEO plugin. -->","yoast_head_json":{"title":"Eisklinge Wei\u00dfe Wanderer - GOT - R\u00e9plique Manga Cin\u00e9","description":"Exklusives Angebot! Kaufen Sie schnell! Diese wundersch\u00f6ne Eisklinge \"Marcheurs Blancs\". Ganz aus Acrylharz gefertigt. Ein seltenes St\u00fcck, das Sie sich nicht entgehen lassen sollten","robots":{"index":"index","follow":"follow","max-snippet":"max-snippet:-1","max-image-preview":"max-image-preview:large","max-video-preview":"max-video-preview:-1"},"canonical":"https:\/\/repliquemangacine.fr\/de\/schwerter-game-of-thrones\/eiskaltes-schwert-weise-wanderer\/","og_locale":"de_DE","og_type":"article","og_title":"Lame de Glace Marcheurs Blancs - GOT - R\u00e9plique Manga Cin\u00e9","og_description":"Exclusivit\u00e9 ! Achetez vite ! cette superbe Lame de Glace Marcheurs Blancs. Tout en r\u00e9sine acrylique. Une pi\u00e8ce rare \u00e0 ne pas manquer","og_url":"https:\/\/repliquemangacine.fr\/de\/schwerter-game-of-thrones\/eiskaltes-schwert-weise-wanderer\/","og_site_name":"R\u00e9plique Manga Cin\u00e9","article_publisher":"https:\/\/www.facebook.com\/RepliqueMangaCine","article_modified_time":"2026-01-09T10:04:22+00:00","og_image":[{"width":800,"height":800,"url":"https:\/\/repliquemangacine.fr\/wp-content\/uploads\/2023\/10\/3203-Epee-de-glace-Marcheurs-Blancs.jpg","type":"image\/jpeg"}],"twitter_card":"summary_large_image","twitter_misc":{"Gesch\u00e4tzte Lesezeit":"1\u00a0Minute"},"schema":{"@context":"https:\/\/schema.org","@graph":[{"@type":"WebPage","@id":"https:\/\/repliquemangacine.fr\/epees-game-of-thrones\/epee-de-glace-marcheurs-blancs\/","url":"https:\/\/repliquemangacine.fr\/epees-game-of-thrones\/epee-de-glace-marcheurs-blancs\/","name":"Eisklinge Wei\u00dfe Wanderer - GOT - R\u00e9plique Manga Cin\u00e9","isPartOf":{"@id":"https:\/\/repliquemangacine.fr\/#website"},"primaryImageOfPage":{"@id":"https:\/\/repliquemangacine.fr\/epees-game-of-thrones\/epee-de-glace-marcheurs-blancs\/#primaryimage"},"image":{"@id":"https:\/\/repliquemangacine.fr\/epees-game-of-thrones\/epee-de-glace-marcheurs-blancs\/#primaryimage"},"thumbnailUrl":"https:\/\/repliquemangacine.fr\/wp-content\/uploads\/2023\/10\/3203-Epee-de-glace-Marcheurs-Blancs.jpg","datePublished":"2019-10-27T18:30:22+00:00","dateModified":"2026-01-09T10:04:22+00:00","description":"Exklusives Angebot! Kaufen Sie schnell! Diese wundersch\u00f6ne Eisklinge \"Marcheurs Blancs\". Ganz aus Acrylharz gefertigt. Ein seltenes St\u00fcck, das Sie sich nicht entgehen lassen sollten","breadcrumb":{"@id":"https:\/\/repliquemangacine.fr\/epees-game-of-thrones\/epee-de-glace-marcheurs-blancs\/#breadcrumb"},"inLanguage":"de","potentialAction":[{"@type":"ReadAction","target":["https:\/\/repliquemangacine.fr\/epees-game-of-thrones\/epee-de-glace-marcheurs-blancs\/"]}]},{"@type":"ImageObject","inLanguage":"de","@id":"https:\/\/repliquemangacine.fr\/epees-game-of-thrones\/epee-de-glace-marcheurs-blancs\/#primaryimage","url":"https:\/\/repliquemangacine.fr\/wp-content\/uploads\/2023\/10\/3203-Epee-de-glace-Marcheurs-Blancs.jpg","contentUrl":"https:\/\/repliquemangacine.fr\/wp-content\/uploads\/2023\/10\/3203-Epee-de-glace-Marcheurs-Blancs.jpg","width":800,"height":800,"caption":"\u00c9p\u00e9e de glace Marcheurs Blancs"},{"@type":"BreadcrumbList","@id":"https:\/\/repliquemangacine.fr\/epees-game-of-thrones\/epee-de-glace-marcheurs-blancs\/#breadcrumb","itemListElement":[{"@type":"ListItem","position":1,"name":"Accueil","item":"https:\/\/repliquemangacine.fr\/"},{"@type":"ListItem","position":2,"name":"Produits","item":"https:\/\/repliquemangacine.fr\/boutique\/"},{"@type":"ListItem","position":3,"name":"Lame de Glace Marcheurs Blancs"}]},{"@type":"WebSite","@id":"https:\/\/repliquemangacine.fr\/#website","url":"https:\/\/repliquemangacine.fr\/","name":"R\u00e9plique Manga Cin\u00e9","description":"","publisher":{"@id":"https:\/\/repliquemangacine.fr\/#organization"},"potentialAction":[{"@type":"SearchAction","target":{"@type":"EntryPoint","urlTemplate":"https:\/\/repliquemangacine.fr\/?s={search_term_string}"},"query-input":{"@type":"PropertyValueSpecification","valueRequired":true,"valueName":"search_term_string"}}],"inLanguage":"de"},{"@type":"Organization","@id":"https:\/\/repliquemangacine.fr\/#organization","name":"R\u00e9plique Manga Cin\u00e9","url":"https:\/\/repliquemangacine.fr\/","logo":{"@type":"ImageObject","inLanguage":"de","@id":"https:\/\/repliquemangacine.fr\/#\/schema\/logo\/image\/","url":"https:\/\/repliquemangacine.fr\/wp-content\/uploads\/2023\/10\/RMC-500250.png","contentUrl":"https:\/\/repliquemangacine.fr\/wp-content\/uploads\/2023\/10\/RMC-500250.png","width":500,"height":250,"caption":"R\u00e9plique Manga Cin\u00e9"},"image":{"@id":"https:\/\/repliquemangacine.fr\/#\/schema\/logo\/image\/"},"sameAs":["https:\/\/www.facebook.com\/RepliqueMangaCine","https:\/\/www.instagram.com\/repliquemangacine.fr\/"]}]}},"_links":{"self":[{"href":"https:\/\/repliquemangacine.fr\/de\/wp-json\/wp\/v2\/product\/28499","targetHints":{"allow":["GET"]}}],"collection":[{"href":"https:\/\/repliquemangacine.fr\/de\/wp-json\/wp\/v2\/product"}],"about":[{"href":"https:\/\/repliquemangacine.fr\/de\/wp-json\/wp\/v2\/types\/product"}],"wp:featuredmedia":[{"embeddable":true,"href":"https:\/\/repliquemangacine.fr\/de\/wp-json\/wp\/v2\/media\/28500"}],"wp:attachment":[{"href":"https:\/\/repliquemangacine.fr\/de\/wp-json\/wp\/v2\/media?parent=28499"}],"wp:term":[{"taxonomy":"product_brand","embeddable":true,"href":"https:\/\/repliquemangacine.fr\/de\/wp-json\/wp\/v2\/product_brand?post=28499"},{"taxonomy":"product_cat","embeddable":true,"href":"https:\/\/repliquemangacine.fr\/de\/wp-json\/wp\/v2\/product_cat?post=28499"},{"taxonomy":"product_tag","embeddable":true,"href":"https:\/\/repliquemangacine.fr\/de\/wp-json\/wp\/v2\/product_tag?post=28499"}],"curies":[{"name":"wp","href":"https:\/\/api.w.org\/{rel}","templated":true}]}}