





{"id":28492,"date":"2019-10-26T19:57:15","date_gmt":"2019-10-26T17:57:15","guid":{"rendered":"https:\/\/repliquemangacine.fr\/?post_type=product&#038;p=28492"},"modified":"2025-09-23T18:02:25","modified_gmt":"2025-09-23T16:02:25","slug":"schwert-weinende-witwe-schwert-des-konigs-joffrey-game-of-thrones","status":"publish","type":"product","link":"https:\/\/repliquemangacine.fr\/de\/epees-game-of-thrones\/epee-pleurs-de-veuve-epee-du-roi-joffrey-game-of-thrones\/","title":{"rendered":"Schwert Witwenweinen"},"content":{"rendered":"<h2>Schwert \"Weinen der Witwe\" von K\u00f6nig Joffrey aus Game of Thrones.<\/h2>\n<p>Zu Beginn wird die<strong>Schwert Witwenweinen<\/strong> des jungen K\u00f6nigs Joffrey ist ein langes Schwert aus <a href=\"https:\/\/gameofthrones.fandom.com\/fr\/wiki\/Acier_valyrien\" target=\"_blank\" rel=\"noopener noreferrer\">valyrischer Stahl<\/a> das von einem Schmied aus Volantis aus Eddard Starks Schwert Eis geschmiedet wurde. Seine Schwester ist Feal.<\/p>\n<p>K\u00f6nig Joffrey zu seiner Hochzeit mit Margaery Tyrell geschenkt und als Witwenweinen bezeichnet. Nachdem er sein Schwert getauft hat, weiht der junge K\u00f6nig es ein, indem er das Buch, das ihm sein Onkel Tyrion gerade als Hochzeitsgeschenk \u00fcberreicht hat, in zwei Teile spaltet!<\/p>\n<p>Die Waffe dient ihm sp\u00e4ter dazu, den Kuchen f\u00fcr sein Hochzeitsbankett anzuschneiden. Joffrey hat gerade noch Zeit, sie zu benennen, als er am selben Tag stirbt, nachdem er vergifteten Wein getrunken hat.<\/p>\n<h2>Ihr Schwert \"Witwenweinen\" zum besten Preis.<\/h2>\n<p>Wir bieten Ihnen alle Repliken der Schwerter Ihrer Lieblingshelden aus der Serie Game of Thrones.<\/p>\n<p>Zun\u00e4chst einmal,<\/p>\n<ul>\n<li>L'<a href=\"https:\/\/repliquemangacine.fr\/de\/schwerter-game-of-thrones\/schwert-needle-arya-stark-game-of-thrones\/\">schwert nadel von arya<\/a> Stark, die ihm von Jon Snow gegeben wurde.<\/li>\n<li>Aber auch die<a href=\"https:\/\/repliquemangacine.fr\/de\/schwerter-game-of-thrones\/schwert-jaime-lannister-game-of-thrones\/\">Schwert von Jaime Lannister<\/a>.<\/li>\n<li>Sowie die <a href=\"https:\/\/repliquemangacine.fr\/de\/sammlerschmuck\/drogon-eier-game-of-thrones\/\">Dracheneier<\/a> von Daenerys.<\/li>\n<li>Und viele andere, die es in unserem Online-Shop zu entdecken gibt!<\/li>\n<\/ul>\n<p>Deshalb ist dies eine tolle Geschenkidee f\u00fcr Fans der Serie Game of Thrones.<\/p>\n<p>Zum Abschluss k\u00f6nnen Sie den<strong>Schwert Witwenweinen<\/strong> f\u00fcr Ihre Cosplay-Paraden oder Themenpartys. Vor allem aber ist sie ein Sammler- und Dekorationsst\u00fcck.<\/p>\n<h2>Wie pflegt man die Klinge seines Game of Thrones-Schwerts?<\/h2>\n<p>Sammlungs- und Dekorationsschwerter werden in vereinfachter Form hergestellt und zusammengebaut. Da sie zu Dekorationszwecken verwendet werden, fehlen ihnen die Sicherheitselemente, die ein japanisches Schwert f\u00fcr Trainingszwecke aufweisen muss.<\/p>\n<p>Allerdings ist Ihr <strong>Schwert Witwenweinen<\/strong> zu einer Stahlklinge, die gepflegt werden muss, damit sie nicht mit der Zeit abgenutzt wird. Denn wenn du dein Katana ausstellst, werden deine Freunde neugierig sein, die Klinge zu sehen und sie zu ber\u00fchren. Hier ist Vorsicht geboten, denn Sie sollten wissen, dass die S\u00e4ure der Finger dem Stahl unabh\u00e4ngig von seiner Qualit\u00e4t sehr schadet.<\/p>\n<p>Wenn dies jedoch passiert, keine Panik, Sie brauchen nur ein Tuch, das mit etwas \u00d6l befeuchtet ist, und wischen die Fingerabdr\u00fccke ab. Wenn Sie dies tun, werden Sie Ihr Schwert sehr lange behalten.<\/p>\n<p><strong>\u00a0<\/strong><\/p>","protected":false},"excerpt":{"rendered":"<p>Replik des Schwerts \"Widow's Wailing\" in Games of Trones.<\/p>\n<ul>\n<li>Klinge aus 440er Stahl mit Hohlkehle.<\/li>\n<li>Spezielle Formbewahrung.<\/li>\n<li>Griff aus Metall.<\/li>\n<li>Stahlknauf mit Harzsteinen in Rubin- und Diamantoptik.<\/li>\n<li>Wandplatte aus Holz.<\/li>\n<li>L\u00e4nge der Klinge: 84 cm - Gesamtl\u00e4nge: 109 cm<\/li>\n<\/ul>\n<p><strong>\u00a0<\/strong><\/p>","protected":false},"featured_media":28493,"template":"","meta":[],"product_brand":[896],"product_cat":[72,24,47],"product_tag":[],"class_list":{"0":"post-28492","1":"product","2":"type-product","3":"status-publish","4":"has-post-thumbnail","6":"product_brand-replique-manga-cine","7":"product_cat-epees-game-of-thrones","8":"product_cat-films-series-tv-vente-de-katana-epee-et-produits-derives","9":"product_cat-game-of-thrones","11":"first","12":"instock","13":"taxable","14":"shipping-taxable","15":"purchasable","16":"product-type-simple"},"yoast_head":"<!-- This site is optimized with the Yoast SEO plugin v27.5 - https:\/\/yoast.com\/product\/yoast-seo-wordpress\/ -->\n<title>Ep\u00e9e Pleurs de Veuve - Game Of Thrones - R\u00e9plique Manga Cin\u00e9<\/title>\n<meta name=\"description\" content=\"Offrez-vous l&#039;Ep\u00e9e Pleurs de Veuve du roi Joffrey dans Game of Thrones au meilleur prix. Lame en acier - Support - Longueur totale : 109 cm - Envoi 24\/48h\" \/>\n<meta name=\"robots\" content=\"index, follow, max-snippet:-1, max-image-preview:large, max-video-preview:-1\" \/>\n<link rel=\"canonical\" href=\"https:\/\/repliquemangacine.fr\/de\/schwerter-game-of-thrones\/schwert-weinende-witwe-schwert-des-konigs-joffrey-game-of-thrones\/\" \/>\n<meta property=\"og:locale\" content=\"de_DE\" \/>\n<meta property=\"og:type\" content=\"article\" \/>\n<meta property=\"og:title\" content=\"Ep\u00e9e Pleurs de Veuve - Game Of Thrones - R\u00e9plique Manga Cin\u00e9\" \/>\n<meta property=\"og:description\" content=\"Offrez-vous l&#039;Ep\u00e9e Pleurs de Veuve du roi Joffrey dans Game of Thrones au meilleur prix. Lame en acier - Support - Longueur totale : 109 cm - Envoi 24\/48h\" \/>\n<meta property=\"og:url\" content=\"https:\/\/repliquemangacine.fr\/de\/schwerter-game-of-thrones\/schwert-weinende-witwe-schwert-des-konigs-joffrey-game-of-thrones\/\" \/>\n<meta property=\"og:site_name\" content=\"R\u00e9plique Manga Cin\u00e9\" \/>\n<meta property=\"article:publisher\" content=\"https:\/\/www.facebook.com\/RepliqueMangaCine\" \/>\n<meta property=\"article:modified_time\" content=\"2025-09-23T16:02:25+00:00\" \/>\n<meta property=\"og:image\" content=\"https:\/\/repliquemangacine.fr\/wp-content\/uploads\/2023\/10\/3199-Epee-Pleurs-de-Veuve-epee-du-roi-Joffrey-Game-of-Thrones.jpg\" \/>\n\t<meta property=\"og:image:width\" content=\"800\" \/>\n\t<meta property=\"og:image:height\" content=\"800\" \/>\n\t<meta property=\"og:image:type\" content=\"image\/jpeg\" \/>\n<meta name=\"twitter:card\" content=\"summary_large_image\" \/>\n<meta name=\"twitter:label1\" content=\"Gesch\u00e4tzte Lesezeit\" \/>\n\t<meta name=\"twitter:data1\" content=\"1\u00a0Minute\" \/>\n<script type=\"application\/ld+json\" class=\"yoast-schema-graph\">{\"@context\":\"https:\\\/\\\/schema.org\",\"@graph\":[{\"@type\":\"WebPage\",\"@id\":\"https:\\\/\\\/repliquemangacine.fr\\\/epees-game-of-thrones\\\/epee-pleurs-de-veuve-epee-du-roi-joffrey-game-of-thrones\\\/\",\"url\":\"https:\\\/\\\/repliquemangacine.fr\\\/epees-game-of-thrones\\\/epee-pleurs-de-veuve-epee-du-roi-joffrey-game-of-thrones\\\/\",\"name\":\"Ep\u00e9e Pleurs de Veuve - Game Of Thrones - R\u00e9plique Manga Cin\u00e9\",\"isPartOf\":{\"@id\":\"https:\\\/\\\/repliquemangacine.fr\\\/#website\"},\"primaryImageOfPage\":{\"@id\":\"https:\\\/\\\/repliquemangacine.fr\\\/epees-game-of-thrones\\\/epee-pleurs-de-veuve-epee-du-roi-joffrey-game-of-thrones\\\/#primaryimage\"},\"image\":{\"@id\":\"https:\\\/\\\/repliquemangacine.fr\\\/epees-game-of-thrones\\\/epee-pleurs-de-veuve-epee-du-roi-joffrey-game-of-thrones\\\/#primaryimage\"},\"thumbnailUrl\":\"https:\\\/\\\/repliquemangacine.fr\\\/wp-content\\\/uploads\\\/2023\\\/10\\\/3199-Epee-Pleurs-de-Veuve-epee-du-roi-Joffrey-Game-of-Thrones.jpg\",\"datePublished\":\"2019-10-26T17:57:15+00:00\",\"dateModified\":\"2025-09-23T16:02:25+00:00\",\"description\":\"Offrez-vous l'Ep\u00e9e Pleurs de Veuve du roi Joffrey dans Game of Thrones au meilleur prix. Lame en acier - Support - Longueur totale : 109 cm - Envoi 24\\\/48h\",\"breadcrumb\":{\"@id\":\"https:\\\/\\\/repliquemangacine.fr\\\/epees-game-of-thrones\\\/epee-pleurs-de-veuve-epee-du-roi-joffrey-game-of-thrones\\\/#breadcrumb\"},\"inLanguage\":\"de\",\"potentialAction\":[{\"@type\":\"ReadAction\",\"target\":[\"https:\\\/\\\/repliquemangacine.fr\\\/epees-game-of-thrones\\\/epee-pleurs-de-veuve-epee-du-roi-joffrey-game-of-thrones\\\/\"]}]},{\"@type\":\"ImageObject\",\"inLanguage\":\"de\",\"@id\":\"https:\\\/\\\/repliquemangacine.fr\\\/epees-game-of-thrones\\\/epee-pleurs-de-veuve-epee-du-roi-joffrey-game-of-thrones\\\/#primaryimage\",\"url\":\"https:\\\/\\\/repliquemangacine.fr\\\/wp-content\\\/uploads\\\/2023\\\/10\\\/3199-Epee-Pleurs-de-Veuve-epee-du-roi-Joffrey-Game-of-Thrones.jpg\",\"contentUrl\":\"https:\\\/\\\/repliquemangacine.fr\\\/wp-content\\\/uploads\\\/2023\\\/10\\\/3199-Epee-Pleurs-de-Veuve-epee-du-roi-Joffrey-Game-of-Thrones.jpg\",\"width\":800,\"height\":800,\"caption\":\"Ep\u00e9e Pleurs de Veuve, \u00e9p\u00e9e du roi Joffrey- Game of Thrones\"},{\"@type\":\"BreadcrumbList\",\"@id\":\"https:\\\/\\\/repliquemangacine.fr\\\/epees-game-of-thrones\\\/epee-pleurs-de-veuve-epee-du-roi-joffrey-game-of-thrones\\\/#breadcrumb\",\"itemListElement\":[{\"@type\":\"ListItem\",\"position\":1,\"name\":\"Accueil\",\"item\":\"https:\\\/\\\/repliquemangacine.fr\\\/\"},{\"@type\":\"ListItem\",\"position\":2,\"name\":\"Produits\",\"item\":\"https:\\\/\\\/repliquemangacine.fr\\\/boutique\\\/\"},{\"@type\":\"ListItem\",\"position\":3,\"name\":\"Ep\u00e9e Pleurs de Veuve\"}]},{\"@type\":\"WebSite\",\"@id\":\"https:\\\/\\\/repliquemangacine.fr\\\/#website\",\"url\":\"https:\\\/\\\/repliquemangacine.fr\\\/\",\"name\":\"R\u00e9plique Manga Cin\u00e9\",\"description\":\"\",\"publisher\":{\"@id\":\"https:\\\/\\\/repliquemangacine.fr\\\/#organization\"},\"potentialAction\":[{\"@type\":\"SearchAction\",\"target\":{\"@type\":\"EntryPoint\",\"urlTemplate\":\"https:\\\/\\\/repliquemangacine.fr\\\/?s={search_term_string}\"},\"query-input\":{\"@type\":\"PropertyValueSpecification\",\"valueRequired\":true,\"valueName\":\"search_term_string\"}}],\"inLanguage\":\"de\"},{\"@type\":\"Organization\",\"@id\":\"https:\\\/\\\/repliquemangacine.fr\\\/#organization\",\"name\":\"R\u00e9plique Manga Cin\u00e9\",\"url\":\"https:\\\/\\\/repliquemangacine.fr\\\/\",\"logo\":{\"@type\":\"ImageObject\",\"inLanguage\":\"de\",\"@id\":\"https:\\\/\\\/repliquemangacine.fr\\\/#\\\/schema\\\/logo\\\/image\\\/\",\"url\":\"https:\\\/\\\/repliquemangacine.fr\\\/wp-content\\\/uploads\\\/2023\\\/10\\\/RMC-500250.png\",\"contentUrl\":\"https:\\\/\\\/repliquemangacine.fr\\\/wp-content\\\/uploads\\\/2023\\\/10\\\/RMC-500250.png\",\"width\":500,\"height\":250,\"caption\":\"R\u00e9plique Manga Cin\u00e9\"},\"image\":{\"@id\":\"https:\\\/\\\/repliquemangacine.fr\\\/#\\\/schema\\\/logo\\\/image\\\/\"},\"sameAs\":[\"https:\\\/\\\/www.facebook.com\\\/RepliqueMangaCine\",\"https:\\\/\\\/www.instagram.com\\\/repliquemangacine.fr\\\/\"]}]}<\/script>\n<!-- \/ Yoast SEO plugin. -->","yoast_head_json":{"title":"Schwert \"Witwenweinen\" - Game Of Thrones - R\u00e9plique Manga Cin\u00e9","description":"Bieten Sie das Widow's Wailing Sword von K\u00f6nig Joffrey aus Game of Thrones zum besten Preis an. Klinge aus Stahl - Halterung - Gesamtl\u00e4nge: 109 cm - Versand 24\/48h","robots":{"index":"index","follow":"follow","max-snippet":"max-snippet:-1","max-image-preview":"max-image-preview:large","max-video-preview":"max-video-preview:-1"},"canonical":"https:\/\/repliquemangacine.fr\/de\/schwerter-game-of-thrones\/schwert-weinende-witwe-schwert-des-konigs-joffrey-game-of-thrones\/","og_locale":"de_DE","og_type":"article","og_title":"Ep\u00e9e Pleurs de Veuve - Game Of Thrones - R\u00e9plique Manga Cin\u00e9","og_description":"Offrez-vous l'Ep\u00e9e Pleurs de Veuve du roi Joffrey dans Game of Thrones au meilleur prix. Lame en acier - Support - Longueur totale : 109 cm - Envoi 24\/48h","og_url":"https:\/\/repliquemangacine.fr\/de\/schwerter-game-of-thrones\/schwert-weinende-witwe-schwert-des-konigs-joffrey-game-of-thrones\/","og_site_name":"R\u00e9plique Manga Cin\u00e9","article_publisher":"https:\/\/www.facebook.com\/RepliqueMangaCine","article_modified_time":"2025-09-23T16:02:25+00:00","og_image":[{"width":800,"height":800,"url":"https:\/\/repliquemangacine.fr\/wp-content\/uploads\/2023\/10\/3199-Epee-Pleurs-de-Veuve-epee-du-roi-Joffrey-Game-of-Thrones.jpg","type":"image\/jpeg"}],"twitter_card":"summary_large_image","twitter_misc":{"Gesch\u00e4tzte Lesezeit":"1\u00a0Minute"},"schema":{"@context":"https:\/\/schema.org","@graph":[{"@type":"WebPage","@id":"https:\/\/repliquemangacine.fr\/epees-game-of-thrones\/epee-pleurs-de-veuve-epee-du-roi-joffrey-game-of-thrones\/","url":"https:\/\/repliquemangacine.fr\/epees-game-of-thrones\/epee-pleurs-de-veuve-epee-du-roi-joffrey-game-of-thrones\/","name":"Schwert \"Witwenweinen\" - Game Of Thrones - R\u00e9plique Manga Cin\u00e9","isPartOf":{"@id":"https:\/\/repliquemangacine.fr\/#website"},"primaryImageOfPage":{"@id":"https:\/\/repliquemangacine.fr\/epees-game-of-thrones\/epee-pleurs-de-veuve-epee-du-roi-joffrey-game-of-thrones\/#primaryimage"},"image":{"@id":"https:\/\/repliquemangacine.fr\/epees-game-of-thrones\/epee-pleurs-de-veuve-epee-du-roi-joffrey-game-of-thrones\/#primaryimage"},"thumbnailUrl":"https:\/\/repliquemangacine.fr\/wp-content\/uploads\/2023\/10\/3199-Epee-Pleurs-de-Veuve-epee-du-roi-Joffrey-Game-of-Thrones.jpg","datePublished":"2019-10-26T17:57:15+00:00","dateModified":"2025-09-23T16:02:25+00:00","description":"Bieten Sie das Widow's Wailing Sword von K\u00f6nig Joffrey aus Game of Thrones zum besten Preis an. Klinge aus Stahl - Halterung - Gesamtl\u00e4nge: 109 cm - Versand 24\/48h","breadcrumb":{"@id":"https:\/\/repliquemangacine.fr\/epees-game-of-thrones\/epee-pleurs-de-veuve-epee-du-roi-joffrey-game-of-thrones\/#breadcrumb"},"inLanguage":"de","potentialAction":[{"@type":"ReadAction","target":["https:\/\/repliquemangacine.fr\/epees-game-of-thrones\/epee-pleurs-de-veuve-epee-du-roi-joffrey-game-of-thrones\/"]}]},{"@type":"ImageObject","inLanguage":"de","@id":"https:\/\/repliquemangacine.fr\/epees-game-of-thrones\/epee-pleurs-de-veuve-epee-du-roi-joffrey-game-of-thrones\/#primaryimage","url":"https:\/\/repliquemangacine.fr\/wp-content\/uploads\/2023\/10\/3199-Epee-Pleurs-de-Veuve-epee-du-roi-Joffrey-Game-of-Thrones.jpg","contentUrl":"https:\/\/repliquemangacine.fr\/wp-content\/uploads\/2023\/10\/3199-Epee-Pleurs-de-Veuve-epee-du-roi-Joffrey-Game-of-Thrones.jpg","width":800,"height":800,"caption":"Ep\u00e9e Pleurs de Veuve, \u00e9p\u00e9e du roi Joffrey- Game of Thrones"},{"@type":"BreadcrumbList","@id":"https:\/\/repliquemangacine.fr\/epees-game-of-thrones\/epee-pleurs-de-veuve-epee-du-roi-joffrey-game-of-thrones\/#breadcrumb","itemListElement":[{"@type":"ListItem","position":1,"name":"Accueil","item":"https:\/\/repliquemangacine.fr\/"},{"@type":"ListItem","position":2,"name":"Produits","item":"https:\/\/repliquemangacine.fr\/boutique\/"},{"@type":"ListItem","position":3,"name":"Ep\u00e9e Pleurs de Veuve"}]},{"@type":"WebSite","@id":"https:\/\/repliquemangacine.fr\/#website","url":"https:\/\/repliquemangacine.fr\/","name":"R\u00e9plique Manga Cin\u00e9","description":"","publisher":{"@id":"https:\/\/repliquemangacine.fr\/#organization"},"potentialAction":[{"@type":"SearchAction","target":{"@type":"EntryPoint","urlTemplate":"https:\/\/repliquemangacine.fr\/?s={search_term_string}"},"query-input":{"@type":"PropertyValueSpecification","valueRequired":true,"valueName":"search_term_string"}}],"inLanguage":"de"},{"@type":"Organization","@id":"https:\/\/repliquemangacine.fr\/#organization","name":"R\u00e9plique Manga Cin\u00e9","url":"https:\/\/repliquemangacine.fr\/","logo":{"@type":"ImageObject","inLanguage":"de","@id":"https:\/\/repliquemangacine.fr\/#\/schema\/logo\/image\/","url":"https:\/\/repliquemangacine.fr\/wp-content\/uploads\/2023\/10\/RMC-500250.png","contentUrl":"https:\/\/repliquemangacine.fr\/wp-content\/uploads\/2023\/10\/RMC-500250.png","width":500,"height":250,"caption":"R\u00e9plique Manga Cin\u00e9"},"image":{"@id":"https:\/\/repliquemangacine.fr\/#\/schema\/logo\/image\/"},"sameAs":["https:\/\/www.facebook.com\/RepliqueMangaCine","https:\/\/www.instagram.com\/repliquemangacine.fr\/"]}]}},"_links":{"self":[{"href":"https:\/\/repliquemangacine.fr\/de\/wp-json\/wp\/v2\/product\/28492","targetHints":{"allow":["GET"]}}],"collection":[{"href":"https:\/\/repliquemangacine.fr\/de\/wp-json\/wp\/v2\/product"}],"about":[{"href":"https:\/\/repliquemangacine.fr\/de\/wp-json\/wp\/v2\/types\/product"}],"wp:featuredmedia":[{"embeddable":true,"href":"https:\/\/repliquemangacine.fr\/de\/wp-json\/wp\/v2\/media\/28493"}],"wp:attachment":[{"href":"https:\/\/repliquemangacine.fr\/de\/wp-json\/wp\/v2\/media?parent=28492"}],"wp:term":[{"taxonomy":"product_brand","embeddable":true,"href":"https:\/\/repliquemangacine.fr\/de\/wp-json\/wp\/v2\/product_brand?post=28492"},{"taxonomy":"product_cat","embeddable":true,"href":"https:\/\/repliquemangacine.fr\/de\/wp-json\/wp\/v2\/product_cat?post=28492"},{"taxonomy":"product_tag","embeddable":true,"href":"https:\/\/repliquemangacine.fr\/de\/wp-json\/wp\/v2\/product_tag?post=28492"}],"curies":[{"name":"wp","href":"https:\/\/api.w.org\/{rel}","templated":true}]}}