





{"id":28487,"date":"2019-10-26T19:27:03","date_gmt":"2019-10-26T17:27:03","guid":{"rendered":"https:\/\/repliquemangacine.fr\/?post_type=product&#038;p=28487"},"modified":"2025-12-02T16:31:50","modified_gmt":"2025-12-02T15:31:50","slug":"schwert-oathkeeper-rot-schwert-des-tyrion-game-of-thrones","status":"publish","type":"product","link":"https:\/\/repliquemangacine.fr\/de\/epees-game-of-thrones\/epee-oathkeeper-rouge-epee-de-tyrion-game-of-thrones\/","title":{"rendered":"Schwert von Tyrion Lannister"},"content":{"rendered":"<h2>Schwert von Tyrion Lannister in Game of Thrones.<\/h2>\n<p>Zu Beginn<strong>Schwert von Tyrion Lannister<\/strong> hei\u00dft Oathkeeper rot und soll derjenigen nachempfunden sein, die der Autor George R.R. Martin in den B\u00fcchern beschreibt.<\/p>\n<p>Tyrion ist ungl\u00fccklich und wird wegen seiner Gr\u00f6\u00dfe von allen verachtet. Sein Vater Tywin <a href=\"https:\/\/gameofthrones.fandom.com\/fr\/wiki\/Maison_Lannister\" target=\"_blank\" rel=\"noopener noreferrer\">Lannister<\/a> und seine Schwester Cersei Lannister hassen ihn, seine Mutter starb bei seiner Geburt, der einzige, der ihn liebt, ist sein Bruder Jaime Lannister.<\/p>\n<p>Er wei\u00df um das dunkle Geheimnis, das Cersei und Jaime teilen. Obwohl er k\u00f6rperlich nicht sehr m\u00e4chtig ist, hat er einen schlauen und zynischen Geist und nutzt die Tatsache, dass andere ihn untersch\u00e4tzen, oft zu seinem Vorteil.<\/p>\n<h2>Ihr Schwert von Tyrion Lannister zum besten Preis.<\/h2>\n<p>Wir bieten Ihnen alle Repliken der Schwerter Ihrer Lieblingshelden aus der Serie Game of Thrones.<\/p>\n<p>Zun\u00e4chst einmal,<\/p>\n<ul>\n<li>L'<a href=\"https:\/\/repliquemangacine.fr\/de\/game-of-thrones\/jon-snow-schwert-grose-kralle-game-of-thrones\/\">Schwert Gro\u00dfe Kralle<\/a> von Jon Snow in der Serienversion, gibt es auch in der Romanversion.<\/li>\n<li>Aber auch die<a href=\"https:\/\/repliquemangacine.fr\/de\/schwerter-game-of-thrones\/oathkeeper-schwert-von-brienne-von-torth-game-of-thrones\/\">Feenschwert<\/a> von Jaime an Brienne von Tarth gegeben.<\/li>\n<li>Sowie die <a href=\"https:\/\/repliquemangacine.fr\/de\/sammlerschmuck\/oeuf-de-viserion-game-of-thrones\/\">Dracheneier<\/a> von Daenerys.<\/li>\n<li>Und viele andere mehr.<\/li>\n<\/ul>\n<p>Deshalb ist dies eine tolle Geschenkidee f\u00fcr Fans der Serie Game of Thrones.<\/p>\n<p>Abschlie\u00dfend k\u00f6nnen Sie den<strong>Schwert von Tyrion Lannister<\/strong> f\u00fcr Ihre Cosplay-Paraden oder Themenpartys. Vor allem aber ist sie ein Sammler- und Dekorationsst\u00fcck.<\/p>\n<h2>Wie pflegt man die Klinge seines Game of Thrones-Schwerts?<\/h2>\n<p>Sammlungs- und Dekorationsschwerter werden in vereinfachter Form hergestellt und zusammengebaut. Da sie zu Dekorationszwecken verwendet werden, fehlen ihnen die Sicherheitselemente, die ein japanisches Schwert f\u00fcr Trainingszwecke aufweisen muss.<\/p>\n<p>Allerdings ist Ihr <strong>Schwert von Tyrion Lannister<\/strong> zu einer Stahlklinge, die gepflegt werden muss, damit sie nicht mit der Zeit abgenutzt wird. Denn wenn du dein Katana ausstellst, werden deine Freunde neugierig sein, die Klinge zu sehen und sie zu ber\u00fchren. Hier ist Vorsicht geboten, denn Sie sollten wissen, dass die S\u00e4ure der Finger dem Stahl unabh\u00e4ngig von seiner Qualit\u00e4t sehr schadet.<\/p>\n<p>Wenn dies jedoch passiert, keine Panik, Sie brauchen nur ein Tuch, das mit etwas \u00d6l befeuchtet ist, und wischen die Fingerabdr\u00fccke ab. Wenn Sie dies tun, werden Sie Ihr Schwert sehr lange behalten.<\/p>","protected":false},"excerpt":{"rendered":"<p>Replik des roten Oathkeeper-Schwerts, Tyrions Schwert in Game of Thrones.<\/p>\n<ul>\n<li>Klinge aus 440er Stahl mit Hohlkehlen.<\/li>\n<li>Behandlung in der Art einer gl\u00e4nzenden roten Patina.<\/li>\n<li>Gravierte Stahlgarde.<\/li>\n<li>Griff mit rotem Kunstleder \u00fcberzogen.<\/li>\n<li>Knauf mit L\u00f6wenkopf.<\/li>\n<li>Wandplatte.<\/li>\n<li>L\u00e4nge der Klinge: 80 cm - Gesamtl\u00e4nge: 109 cm<\/li>\n<\/ul>","protected":false},"featured_media":28488,"template":"","meta":[],"product_brand":[896],"product_cat":[72,24,47],"product_tag":[],"class_list":{"0":"post-28487","1":"product","2":"type-product","3":"status-publish","4":"has-post-thumbnail","6":"product_brand-replique-manga-cine","7":"product_cat-epees-game-of-thrones","8":"product_cat-films-series-tv-vente-de-katana-epee-et-produits-derives","9":"product_cat-game-of-thrones","11":"first","12":"instock","13":"sale","14":"taxable","15":"shipping-taxable","16":"purchasable","17":"product-type-simple"},"yoast_head":"<!-- This site is optimized with the Yoast SEO plugin v27.5 - https:\/\/yoast.com\/product\/yoast-seo-wordpress\/ -->\n<title>Ep\u00e9e de Tyrion Lannister - Ep\u00e9e Game of Thrones | RMC<\/title>\n<meta name=\"description\" content=\"Offrez-lui l&#039;Ep\u00e9e de Tyrion Lannister dans Game of Thrones au meilleur prix. Lame en acier rouge - Pommeau t\u00eate de lion - Longueur : 109 cm - Support\" \/>\n<meta name=\"robots\" content=\"index, follow, max-snippet:-1, max-image-preview:large, max-video-preview:-1\" \/>\n<link rel=\"canonical\" href=\"https:\/\/repliquemangacine.fr\/de\/schwerter-game-of-thrones\/schwert-oathkeeper-rot-schwert-des-tyrion-game-of-thrones\/\" \/>\n<meta property=\"og:locale\" content=\"de_DE\" \/>\n<meta property=\"og:type\" content=\"article\" \/>\n<meta property=\"og:title\" content=\"Ep\u00e9e de Tyrion Lannister - Ep\u00e9e Game of Thrones | RMC\" \/>\n<meta property=\"og:description\" content=\"Offrez-lui l&#039;Ep\u00e9e de Tyrion Lannister dans Game of Thrones au meilleur prix. Lame en acier rouge - Pommeau t\u00eate de lion - Longueur : 109 cm - Support\" \/>\n<meta property=\"og:url\" content=\"https:\/\/repliquemangacine.fr\/de\/schwerter-game-of-thrones\/schwert-oathkeeper-rot-schwert-des-tyrion-game-of-thrones\/\" \/>\n<meta property=\"og:site_name\" content=\"R\u00e9plique Manga Cin\u00e9\" \/>\n<meta property=\"article:publisher\" content=\"https:\/\/www.facebook.com\/RepliqueMangaCine\" \/>\n<meta property=\"article:modified_time\" content=\"2025-12-02T15:31:50+00:00\" \/>\n<meta property=\"og:image\" content=\"https:\/\/repliquemangacine.fr\/wp-content\/uploads\/2023\/10\/3193-Epee-Oathkeeper-rouge-epee-de-Tyrion-Game-of-Thrones.jpg\" \/>\n\t<meta property=\"og:image:width\" content=\"800\" \/>\n\t<meta property=\"og:image:height\" content=\"800\" \/>\n\t<meta property=\"og:image:type\" content=\"image\/jpeg\" \/>\n<meta name=\"twitter:card\" content=\"summary_large_image\" \/>\n<meta name=\"twitter:label1\" content=\"Gesch\u00e4tzte Lesezeit\" \/>\n\t<meta name=\"twitter:data1\" content=\"1\u00a0Minute\" \/>\n<script type=\"application\/ld+json\" class=\"yoast-schema-graph\">{\"@context\":\"https:\\\/\\\/schema.org\",\"@graph\":[{\"@type\":\"WebPage\",\"@id\":\"https:\\\/\\\/repliquemangacine.fr\\\/epees-game-of-thrones\\\/epee-oathkeeper-rouge-epee-de-tyrion-game-of-thrones\\\/\",\"url\":\"https:\\\/\\\/repliquemangacine.fr\\\/epees-game-of-thrones\\\/epee-oathkeeper-rouge-epee-de-tyrion-game-of-thrones\\\/\",\"name\":\"Ep\u00e9e de Tyrion Lannister - Ep\u00e9e Game of Thrones | RMC\",\"isPartOf\":{\"@id\":\"https:\\\/\\\/repliquemangacine.fr\\\/#website\"},\"primaryImageOfPage\":{\"@id\":\"https:\\\/\\\/repliquemangacine.fr\\\/epees-game-of-thrones\\\/epee-oathkeeper-rouge-epee-de-tyrion-game-of-thrones\\\/#primaryimage\"},\"image\":{\"@id\":\"https:\\\/\\\/repliquemangacine.fr\\\/epees-game-of-thrones\\\/epee-oathkeeper-rouge-epee-de-tyrion-game-of-thrones\\\/#primaryimage\"},\"thumbnailUrl\":\"https:\\\/\\\/repliquemangacine.fr\\\/wp-content\\\/uploads\\\/2023\\\/10\\\/3193-Epee-Oathkeeper-rouge-epee-de-Tyrion-Game-of-Thrones.jpg\",\"datePublished\":\"2019-10-26T17:27:03+00:00\",\"dateModified\":\"2025-12-02T15:31:50+00:00\",\"description\":\"Offrez-lui l'Ep\u00e9e de Tyrion Lannister dans Game of Thrones au meilleur prix. Lame en acier rouge - Pommeau t\u00eate de lion - Longueur : 109 cm - Support\",\"breadcrumb\":{\"@id\":\"https:\\\/\\\/repliquemangacine.fr\\\/epees-game-of-thrones\\\/epee-oathkeeper-rouge-epee-de-tyrion-game-of-thrones\\\/#breadcrumb\"},\"inLanguage\":\"de\",\"potentialAction\":[{\"@type\":\"ReadAction\",\"target\":[\"https:\\\/\\\/repliquemangacine.fr\\\/epees-game-of-thrones\\\/epee-oathkeeper-rouge-epee-de-tyrion-game-of-thrones\\\/\"]}]},{\"@type\":\"ImageObject\",\"inLanguage\":\"de\",\"@id\":\"https:\\\/\\\/repliquemangacine.fr\\\/epees-game-of-thrones\\\/epee-oathkeeper-rouge-epee-de-tyrion-game-of-thrones\\\/#primaryimage\",\"url\":\"https:\\\/\\\/repliquemangacine.fr\\\/wp-content\\\/uploads\\\/2023\\\/10\\\/3193-Epee-Oathkeeper-rouge-epee-de-Tyrion-Game-of-Thrones.jpg\",\"contentUrl\":\"https:\\\/\\\/repliquemangacine.fr\\\/wp-content\\\/uploads\\\/2023\\\/10\\\/3193-Epee-Oathkeeper-rouge-epee-de-Tyrion-Game-of-Thrones.jpg\",\"width\":800,\"height\":800,\"caption\":\"Ep\u00e9e Oathkeeper rouge, \u00e9p\u00e9e de Tyrion- Game of Thrones\"},{\"@type\":\"BreadcrumbList\",\"@id\":\"https:\\\/\\\/repliquemangacine.fr\\\/epees-game-of-thrones\\\/epee-oathkeeper-rouge-epee-de-tyrion-game-of-thrones\\\/#breadcrumb\",\"itemListElement\":[{\"@type\":\"ListItem\",\"position\":1,\"name\":\"Accueil\",\"item\":\"https:\\\/\\\/repliquemangacine.fr\\\/\"},{\"@type\":\"ListItem\",\"position\":2,\"name\":\"Produits\",\"item\":\"https:\\\/\\\/repliquemangacine.fr\\\/boutique\\\/\"},{\"@type\":\"ListItem\",\"position\":3,\"name\":\"Ep\u00e9e de Tyrion Lannister\"}]},{\"@type\":\"WebSite\",\"@id\":\"https:\\\/\\\/repliquemangacine.fr\\\/#website\",\"url\":\"https:\\\/\\\/repliquemangacine.fr\\\/\",\"name\":\"R\u00e9plique Manga Cin\u00e9\",\"description\":\"\",\"publisher\":{\"@id\":\"https:\\\/\\\/repliquemangacine.fr\\\/#organization\"},\"potentialAction\":[{\"@type\":\"SearchAction\",\"target\":{\"@type\":\"EntryPoint\",\"urlTemplate\":\"https:\\\/\\\/repliquemangacine.fr\\\/?s={search_term_string}\"},\"query-input\":{\"@type\":\"PropertyValueSpecification\",\"valueRequired\":true,\"valueName\":\"search_term_string\"}}],\"inLanguage\":\"de\"},{\"@type\":\"Organization\",\"@id\":\"https:\\\/\\\/repliquemangacine.fr\\\/#organization\",\"name\":\"R\u00e9plique Manga Cin\u00e9\",\"url\":\"https:\\\/\\\/repliquemangacine.fr\\\/\",\"logo\":{\"@type\":\"ImageObject\",\"inLanguage\":\"de\",\"@id\":\"https:\\\/\\\/repliquemangacine.fr\\\/#\\\/schema\\\/logo\\\/image\\\/\",\"url\":\"https:\\\/\\\/repliquemangacine.fr\\\/wp-content\\\/uploads\\\/2023\\\/10\\\/RMC-500250.png\",\"contentUrl\":\"https:\\\/\\\/repliquemangacine.fr\\\/wp-content\\\/uploads\\\/2023\\\/10\\\/RMC-500250.png\",\"width\":500,\"height\":250,\"caption\":\"R\u00e9plique Manga Cin\u00e9\"},\"image\":{\"@id\":\"https:\\\/\\\/repliquemangacine.fr\\\/#\\\/schema\\\/logo\\\/image\\\/\"},\"sameAs\":[\"https:\\\/\\\/www.facebook.com\\\/RepliqueMangaCine\",\"https:\\\/\\\/www.instagram.com\\\/repliquemangacine.fr\\\/\"]}]}<\/script>\n<!-- \/ Yoast SEO plugin. -->","yoast_head_json":{"title":"Tyrion Lannisters Schwert - Game of Thrones Schwert | RMC","description":"Schenken Sie ihm das Schwert von Tyrion Lannister aus Game of Thrones zum besten Preis. Klinge aus rotem Stahl - L\u00f6wenkopfknauf - L\u00e4nge: 109 cm - Halterung","robots":{"index":"index","follow":"follow","max-snippet":"max-snippet:-1","max-image-preview":"max-image-preview:large","max-video-preview":"max-video-preview:-1"},"canonical":"https:\/\/repliquemangacine.fr\/de\/schwerter-game-of-thrones\/schwert-oathkeeper-rot-schwert-des-tyrion-game-of-thrones\/","og_locale":"de_DE","og_type":"article","og_title":"Ep\u00e9e de Tyrion Lannister - Ep\u00e9e Game of Thrones | RMC","og_description":"Offrez-lui l'Ep\u00e9e de Tyrion Lannister dans Game of Thrones au meilleur prix. Lame en acier rouge - Pommeau t\u00eate de lion - Longueur : 109 cm - Support","og_url":"https:\/\/repliquemangacine.fr\/de\/schwerter-game-of-thrones\/schwert-oathkeeper-rot-schwert-des-tyrion-game-of-thrones\/","og_site_name":"R\u00e9plique Manga Cin\u00e9","article_publisher":"https:\/\/www.facebook.com\/RepliqueMangaCine","article_modified_time":"2025-12-02T15:31:50+00:00","og_image":[{"width":800,"height":800,"url":"https:\/\/repliquemangacine.fr\/wp-content\/uploads\/2023\/10\/3193-Epee-Oathkeeper-rouge-epee-de-Tyrion-Game-of-Thrones.jpg","type":"image\/jpeg"}],"twitter_card":"summary_large_image","twitter_misc":{"Gesch\u00e4tzte Lesezeit":"1\u00a0Minute"},"schema":{"@context":"https:\/\/schema.org","@graph":[{"@type":"WebPage","@id":"https:\/\/repliquemangacine.fr\/epees-game-of-thrones\/epee-oathkeeper-rouge-epee-de-tyrion-game-of-thrones\/","url":"https:\/\/repliquemangacine.fr\/epees-game-of-thrones\/epee-oathkeeper-rouge-epee-de-tyrion-game-of-thrones\/","name":"Tyrion Lannisters Schwert - Game of Thrones Schwert | RMC","isPartOf":{"@id":"https:\/\/repliquemangacine.fr\/#website"},"primaryImageOfPage":{"@id":"https:\/\/repliquemangacine.fr\/epees-game-of-thrones\/epee-oathkeeper-rouge-epee-de-tyrion-game-of-thrones\/#primaryimage"},"image":{"@id":"https:\/\/repliquemangacine.fr\/epees-game-of-thrones\/epee-oathkeeper-rouge-epee-de-tyrion-game-of-thrones\/#primaryimage"},"thumbnailUrl":"https:\/\/repliquemangacine.fr\/wp-content\/uploads\/2023\/10\/3193-Epee-Oathkeeper-rouge-epee-de-Tyrion-Game-of-Thrones.jpg","datePublished":"2019-10-26T17:27:03+00:00","dateModified":"2025-12-02T15:31:50+00:00","description":"Schenken Sie ihm das Schwert von Tyrion Lannister aus Game of Thrones zum besten Preis. Klinge aus rotem Stahl - L\u00f6wenkopfknauf - L\u00e4nge: 109 cm - Halterung","breadcrumb":{"@id":"https:\/\/repliquemangacine.fr\/epees-game-of-thrones\/epee-oathkeeper-rouge-epee-de-tyrion-game-of-thrones\/#breadcrumb"},"inLanguage":"de","potentialAction":[{"@type":"ReadAction","target":["https:\/\/repliquemangacine.fr\/epees-game-of-thrones\/epee-oathkeeper-rouge-epee-de-tyrion-game-of-thrones\/"]}]},{"@type":"ImageObject","inLanguage":"de","@id":"https:\/\/repliquemangacine.fr\/epees-game-of-thrones\/epee-oathkeeper-rouge-epee-de-tyrion-game-of-thrones\/#primaryimage","url":"https:\/\/repliquemangacine.fr\/wp-content\/uploads\/2023\/10\/3193-Epee-Oathkeeper-rouge-epee-de-Tyrion-Game-of-Thrones.jpg","contentUrl":"https:\/\/repliquemangacine.fr\/wp-content\/uploads\/2023\/10\/3193-Epee-Oathkeeper-rouge-epee-de-Tyrion-Game-of-Thrones.jpg","width":800,"height":800,"caption":"Ep\u00e9e Oathkeeper rouge, \u00e9p\u00e9e de Tyrion- Game of Thrones"},{"@type":"BreadcrumbList","@id":"https:\/\/repliquemangacine.fr\/epees-game-of-thrones\/epee-oathkeeper-rouge-epee-de-tyrion-game-of-thrones\/#breadcrumb","itemListElement":[{"@type":"ListItem","position":1,"name":"Accueil","item":"https:\/\/repliquemangacine.fr\/"},{"@type":"ListItem","position":2,"name":"Produits","item":"https:\/\/repliquemangacine.fr\/boutique\/"},{"@type":"ListItem","position":3,"name":"Ep\u00e9e de Tyrion Lannister"}]},{"@type":"WebSite","@id":"https:\/\/repliquemangacine.fr\/#website","url":"https:\/\/repliquemangacine.fr\/","name":"R\u00e9plique Manga Cin\u00e9","description":"","publisher":{"@id":"https:\/\/repliquemangacine.fr\/#organization"},"potentialAction":[{"@type":"SearchAction","target":{"@type":"EntryPoint","urlTemplate":"https:\/\/repliquemangacine.fr\/?s={search_term_string}"},"query-input":{"@type":"PropertyValueSpecification","valueRequired":true,"valueName":"search_term_string"}}],"inLanguage":"de"},{"@type":"Organization","@id":"https:\/\/repliquemangacine.fr\/#organization","name":"R\u00e9plique Manga Cin\u00e9","url":"https:\/\/repliquemangacine.fr\/","logo":{"@type":"ImageObject","inLanguage":"de","@id":"https:\/\/repliquemangacine.fr\/#\/schema\/logo\/image\/","url":"https:\/\/repliquemangacine.fr\/wp-content\/uploads\/2023\/10\/RMC-500250.png","contentUrl":"https:\/\/repliquemangacine.fr\/wp-content\/uploads\/2023\/10\/RMC-500250.png","width":500,"height":250,"caption":"R\u00e9plique Manga Cin\u00e9"},"image":{"@id":"https:\/\/repliquemangacine.fr\/#\/schema\/logo\/image\/"},"sameAs":["https:\/\/www.facebook.com\/RepliqueMangaCine","https:\/\/www.instagram.com\/repliquemangacine.fr\/"]}]}},"_links":{"self":[{"href":"https:\/\/repliquemangacine.fr\/de\/wp-json\/wp\/v2\/product\/28487","targetHints":{"allow":["GET"]}}],"collection":[{"href":"https:\/\/repliquemangacine.fr\/de\/wp-json\/wp\/v2\/product"}],"about":[{"href":"https:\/\/repliquemangacine.fr\/de\/wp-json\/wp\/v2\/types\/product"}],"wp:featuredmedia":[{"embeddable":true,"href":"https:\/\/repliquemangacine.fr\/de\/wp-json\/wp\/v2\/media\/28488"}],"wp:attachment":[{"href":"https:\/\/repliquemangacine.fr\/de\/wp-json\/wp\/v2\/media?parent=28487"}],"wp:term":[{"taxonomy":"product_brand","embeddable":true,"href":"https:\/\/repliquemangacine.fr\/de\/wp-json\/wp\/v2\/product_brand?post=28487"},{"taxonomy":"product_cat","embeddable":true,"href":"https:\/\/repliquemangacine.fr\/de\/wp-json\/wp\/v2\/product_cat?post=28487"},{"taxonomy":"product_tag","embeddable":true,"href":"https:\/\/repliquemangacine.fr\/de\/wp-json\/wp\/v2\/product_tag?post=28487"}],"curies":[{"name":"wp","href":"https:\/\/api.w.org\/{rel}","templated":true}]}}