





{"id":28476,"date":"2019-10-23T15:55:30","date_gmt":"2019-10-23T13:55:30","guid":{"rendered":"https:\/\/repliquemangacine.fr\/?post_type=product&#038;p=28476"},"modified":"2026-02-05T10:43:49","modified_gmt":"2026-02-05T09:43:49","slug":"wandhalterung-ball-metal","status":"publish","type":"product","link":"https:\/\/repliquemangacine.fr\/de\/reproductions-armes-seconde-guerre-mondiale-denix\/support-mural-balle-metal\/","title":{"rendered":"Wandhalterung Ball Metall"},"content":{"rendered":"<h2>Wandhalterung Ball Metall - Denix<\/h2>\n<p>Zu Beginn wird der <strong>Wandhalterung Ball Metall<\/strong>Das unentbehrliche Zubeh\u00f6r f\u00fcr die Ausstellung Ihrer Repliken an der Wand. <a href=\"https:\/\/www.denix.fr\/\" target=\"_blank\" rel=\"noopener noreferrer\">Denix<\/a>.<\/p>\n<p>Diese Halterung reguliert die Tiefe zwischen 3 und 5 cm, so dass Sie mehrere Lagen Gewehr oder Colt einlegen k\u00f6nnen. In Form einer Cal.30-06 Springfield-Kugel werden Sie viele verbl\u00fcffen!<\/p>\n<p>Hochwertige Qualit\u00e4t, die mit besonderer Sorgfalt hergestellt wird. Die Denix-Herstellung erfolgt zum Teil von Hand, um jedes noch so kleine Detail zu reproduzieren. Gr\u00f6\u00dfere Teile werden von pr\u00e4zisen Maschinen bearbeitet. Die Gravuren werden in der Regel mit einer Diamantspitze oder einem Laser ausgef\u00fchrt.<\/p>\n<p>Denix, der weltweit f\u00fchrende Hersteller von Repliken historischer Waffen. Besonders hervorzuheben ist, dass Denix gro\u00dfen Wert darauf legt, qualitativ hochwertige Repliken herzustellen, die so historisch genau wie m\u00f6glich sind.<\/p>\n<h2>Ihre Reproduktionen historischer Waffen zum besten Preis.<\/h2>\n<p>Wir bieten Ihnen eine gro\u00dfe Auswahl an Denix-Waffenreplikaten. Diese Wandhalterung passt perfekt zu allen Waffenrepliken, die in unserem Online-Shop angeboten werden.<\/p>\n<p>Zun\u00e4chst einmal,<\/p>\n<ul>\n<li>Das Gewehr <a href=\"https:\/\/repliquemangacine.fr\/de\/repliken-western-winchesters\/winchester-karabiner-john-wayne-modell-1892\/\">Winchester John Wayne<\/a> 1892 mit seinem gro\u00dfen Hebel unter Schutz.<\/li>\n<li>Sowie das <a href=\"https:\/\/repliquemangacine.fr\/de\/winchester-gewehr\/gewehr-henry-burgerkrieg-usa-1860\/\">Henry-Gewehr<\/a> 1860 so ber\u00fchmt wie der amerikanische und der Italo-Western.<\/li>\n<li>Es gibt auch die <a href=\"https:\/\/repliquemangacine.fr\/de\/colt-pistole\/\">Peacemaker colts<\/a> Kaliber 45., in verschiedenen Laufl\u00e4ngen<\/li>\n<li>Und viele andere, die es in unserem Online-Shop zu entdecken gibt!<\/li>\n<\/ul>\n<p>Deshalb sind hier tolle Geschenkideen f\u00fcr alle, die sich f\u00fcr historische Waffen begeistern.<\/p>\n<p>Abschlie\u00dfend k\u00f6nnen Sie diesen <strong>Wandhalterung Ball Metall<\/strong> f\u00fcr Ihre historische und innere Ausstellung.<\/p>\n<p>R\u00e9plique Manga Cin\u00e9 ist ein franz\u00f6sisches Familienunternehmen und offizieller Vertriebspartner der Marke Denix.<\/p>","protected":false},"excerpt":{"rendered":"<p>Wundersch\u00f6ne Wandhalterung in Form von Kugeln Cal.30-06 Springfield.<\/p>\n<ul>\n<li>Ganz aus Metall.<\/li>\n<li>Einstellm\u00f6glichkeit im Abstand von 3 cm bis 5 cm.<\/li>\n<li>Wird paarweise mit Schrauben geliefert.<\/li>\n<li>H\u00f6he jedes Balles: 8,5 cm - Gewicht des gesamten Satzes: 135 Gramm.<\/li>\n<\/ul>","protected":false},"featured_media":28477,"template":"","meta":[],"product_brand":[896],"product_cat":[51,25,102,46,54,85,28,76,27],"product_tag":[],"class_list":{"0":"post-28476","1":"product","2":"type-product","3":"status-publish","4":"has-post-thumbnail","6":"product_brand-replique-manga-cine","7":"product_cat-accessoires-western","8":"product_cat-armes-historiques","9":"product_cat-denix","10":"product_cat-fusil-d-assaut-fusil-moderne","11":"product_cat-armes-accessoires-guerre-mondiale","12":"product_cat-dagues-et-accessoires-seconde-guerre-mondiale-materiels-militaria","13":"product_cat-repliques-darmes","14":"product_cat-reproductions-armes-seconde-guerre-mondiale-denix","15":"product_cat-armes-et-accessoires-western","17":"first","18":"outofstock","19":"taxable","20":"shipping-taxable","21":"purchasable","22":"product-type-simple"},"yoast_head":"<!-- This site is optimized with the Yoast SEO plugin v27.5 - https:\/\/yoast.com\/product\/yoast-seo-wordpress\/ -->\n<title>Support mural balle m\u00e9tal - Denix | R\u00e9plique Manga Cin\u00e9<\/title>\n<meta name=\"description\" content=\"Offrez-vous cet ensemble de deux pi\u00e8ces Support mural balle m\u00e9tal au meilleur prix - Tout en m\u00e9tal - \u00c9cartement r\u00e9glable de 3 cm \u00e0 5 cm.\" \/>\n<meta name=\"robots\" content=\"index, follow, max-snippet:-1, max-image-preview:large, max-video-preview:-1\" \/>\n<link rel=\"canonical\" href=\"https:\/\/repliquemangacine.fr\/de\/denix\/wandhalterung-ball-metal\/\" \/>\n<meta property=\"og:locale\" content=\"de_DE\" \/>\n<meta property=\"og:type\" content=\"article\" \/>\n<meta property=\"og:title\" content=\"Support mural balle m\u00e9tal - Denix | R\u00e9plique Manga Cin\u00e9\" \/>\n<meta property=\"og:description\" content=\"Offrez-vous cet ensemble de deux pi\u00e8ces Support mural balle m\u00e9tal au meilleur prix - Tout en m\u00e9tal - \u00c9cartement r\u00e9glable de 3 cm \u00e0 5 cm.\" \/>\n<meta property=\"og:url\" content=\"https:\/\/repliquemangacine.fr\/de\/denix\/wandhalterung-ball-metal\/\" \/>\n<meta property=\"og:site_name\" content=\"R\u00e9plique Manga Cin\u00e9\" \/>\n<meta property=\"article:publisher\" content=\"https:\/\/www.facebook.com\/RepliqueMangaCine\" \/>\n<meta property=\"article:modified_time\" content=\"2026-02-05T09:43:49+00:00\" \/>\n<meta property=\"og:image\" content=\"https:\/\/repliquemangacine.fr\/wp-content\/uploads\/2023\/10\/3184-Support-pour-Fusil.jpg\" \/>\n\t<meta property=\"og:image:width\" content=\"800\" \/>\n\t<meta property=\"og:image:height\" content=\"800\" \/>\n\t<meta property=\"og:image:type\" content=\"image\/jpeg\" \/>\n<meta name=\"twitter:card\" content=\"summary_large_image\" \/>\n<meta name=\"twitter:label1\" content=\"Gesch\u00e4tzte Lesezeit\" \/>\n\t<meta name=\"twitter:data1\" content=\"1\u00a0Minute\" \/>\n<script type=\"application\/ld+json\" class=\"yoast-schema-graph\">{\"@context\":\"https:\\\/\\\/schema.org\",\"@graph\":[{\"@type\":\"WebPage\",\"@id\":\"https:\\\/\\\/repliquemangacine.fr\\\/denix\\\/support-mural-balle-metal\\\/\",\"url\":\"https:\\\/\\\/repliquemangacine.fr\\\/denix\\\/support-mural-balle-metal\\\/\",\"name\":\"Support mural balle m\u00e9tal - Denix | R\u00e9plique Manga Cin\u00e9\",\"isPartOf\":{\"@id\":\"https:\\\/\\\/repliquemangacine.fr\\\/#website\"},\"primaryImageOfPage\":{\"@id\":\"https:\\\/\\\/repliquemangacine.fr\\\/denix\\\/support-mural-balle-metal\\\/#primaryimage\"},\"image\":{\"@id\":\"https:\\\/\\\/repliquemangacine.fr\\\/denix\\\/support-mural-balle-metal\\\/#primaryimage\"},\"thumbnailUrl\":\"https:\\\/\\\/repliquemangacine.fr\\\/wp-content\\\/uploads\\\/2023\\\/10\\\/3184-Support-pour-Fusil.jpg\",\"datePublished\":\"2019-10-23T13:55:30+00:00\",\"dateModified\":\"2026-02-05T09:43:49+00:00\",\"description\":\"Offrez-vous cet ensemble de deux pi\u00e8ces Support mural balle m\u00e9tal au meilleur prix - Tout en m\u00e9tal - \u00c9cartement r\u00e9glable de 3 cm \u00e0 5 cm.\",\"breadcrumb\":{\"@id\":\"https:\\\/\\\/repliquemangacine.fr\\\/denix\\\/support-mural-balle-metal\\\/#breadcrumb\"},\"inLanguage\":\"de\",\"potentialAction\":[{\"@type\":\"ReadAction\",\"target\":[\"https:\\\/\\\/repliquemangacine.fr\\\/denix\\\/support-mural-balle-metal\\\/\"]}]},{\"@type\":\"ImageObject\",\"inLanguage\":\"de\",\"@id\":\"https:\\\/\\\/repliquemangacine.fr\\\/denix\\\/support-mural-balle-metal\\\/#primaryimage\",\"url\":\"https:\\\/\\\/repliquemangacine.fr\\\/wp-content\\\/uploads\\\/2023\\\/10\\\/3184-Support-pour-Fusil.jpg\",\"contentUrl\":\"https:\\\/\\\/repliquemangacine.fr\\\/wp-content\\\/uploads\\\/2023\\\/10\\\/3184-Support-pour-Fusil.jpg\",\"width\":800,\"height\":800,\"caption\":\"Support mural balle m\u00e9tal pour Fusil\"},{\"@type\":\"BreadcrumbList\",\"@id\":\"https:\\\/\\\/repliquemangacine.fr\\\/denix\\\/support-mural-balle-metal\\\/#breadcrumb\",\"itemListElement\":[{\"@type\":\"ListItem\",\"position\":1,\"name\":\"Accueil\",\"item\":\"https:\\\/\\\/repliquemangacine.fr\\\/\"},{\"@type\":\"ListItem\",\"position\":2,\"name\":\"Produits\",\"item\":\"https:\\\/\\\/repliquemangacine.fr\\\/boutique\\\/\"},{\"@type\":\"ListItem\",\"position\":3,\"name\":\"Support mural balle m\u00e9tal\"}]},{\"@type\":\"WebSite\",\"@id\":\"https:\\\/\\\/repliquemangacine.fr\\\/#website\",\"url\":\"https:\\\/\\\/repliquemangacine.fr\\\/\",\"name\":\"R\u00e9plique Manga Cin\u00e9\",\"description\":\"\",\"publisher\":{\"@id\":\"https:\\\/\\\/repliquemangacine.fr\\\/#organization\"},\"potentialAction\":[{\"@type\":\"SearchAction\",\"target\":{\"@type\":\"EntryPoint\",\"urlTemplate\":\"https:\\\/\\\/repliquemangacine.fr\\\/?s={search_term_string}\"},\"query-input\":{\"@type\":\"PropertyValueSpecification\",\"valueRequired\":true,\"valueName\":\"search_term_string\"}}],\"inLanguage\":\"de\"},{\"@type\":\"Organization\",\"@id\":\"https:\\\/\\\/repliquemangacine.fr\\\/#organization\",\"name\":\"R\u00e9plique Manga Cin\u00e9\",\"url\":\"https:\\\/\\\/repliquemangacine.fr\\\/\",\"logo\":{\"@type\":\"ImageObject\",\"inLanguage\":\"de\",\"@id\":\"https:\\\/\\\/repliquemangacine.fr\\\/#\\\/schema\\\/logo\\\/image\\\/\",\"url\":\"https:\\\/\\\/repliquemangacine.fr\\\/wp-content\\\/uploads\\\/2023\\\/10\\\/RMC-500250.png\",\"contentUrl\":\"https:\\\/\\\/repliquemangacine.fr\\\/wp-content\\\/uploads\\\/2023\\\/10\\\/RMC-500250.png\",\"width\":500,\"height\":250,\"caption\":\"R\u00e9plique Manga Cin\u00e9\"},\"image\":{\"@id\":\"https:\\\/\\\/repliquemangacine.fr\\\/#\\\/schema\\\/logo\\\/image\\\/\"},\"sameAs\":[\"https:\\\/\\\/www.facebook.com\\\/RepliqueMangaCine\",\"https:\\\/\\\/www.instagram.com\\\/repliquemangacine.fr\\\/\"]}]}<\/script>\n<!-- \/ Yoast SEO plugin. -->","yoast_head_json":{"title":"Wandhalterung Ball Metall - Denix | R\u00e9plique Manga Cin\u00e9","description":"Bieten Sie dieses zweiteilige Set Wandhalter Ball Metall zum besten Preis an - Ganz aus Metall - Abstand verstellbar von 3 cm bis 5 cm.","robots":{"index":"index","follow":"follow","max-snippet":"max-snippet:-1","max-image-preview":"max-image-preview:large","max-video-preview":"max-video-preview:-1"},"canonical":"https:\/\/repliquemangacine.fr\/de\/denix\/wandhalterung-ball-metal\/","og_locale":"de_DE","og_type":"article","og_title":"Support mural balle m\u00e9tal - Denix | R\u00e9plique Manga Cin\u00e9","og_description":"Offrez-vous cet ensemble de deux pi\u00e8ces Support mural balle m\u00e9tal au meilleur prix - Tout en m\u00e9tal - \u00c9cartement r\u00e9glable de 3 cm \u00e0 5 cm.","og_url":"https:\/\/repliquemangacine.fr\/de\/denix\/wandhalterung-ball-metal\/","og_site_name":"R\u00e9plique Manga Cin\u00e9","article_publisher":"https:\/\/www.facebook.com\/RepliqueMangaCine","article_modified_time":"2026-02-05T09:43:49+00:00","og_image":[{"width":800,"height":800,"url":"https:\/\/repliquemangacine.fr\/wp-content\/uploads\/2023\/10\/3184-Support-pour-Fusil.jpg","type":"image\/jpeg"}],"twitter_card":"summary_large_image","twitter_misc":{"Gesch\u00e4tzte Lesezeit":"1\u00a0Minute"},"schema":{"@context":"https:\/\/schema.org","@graph":[{"@type":"WebPage","@id":"https:\/\/repliquemangacine.fr\/denix\/support-mural-balle-metal\/","url":"https:\/\/repliquemangacine.fr\/denix\/support-mural-balle-metal\/","name":"Wandhalterung Ball Metall - Denix | R\u00e9plique Manga Cin\u00e9","isPartOf":{"@id":"https:\/\/repliquemangacine.fr\/#website"},"primaryImageOfPage":{"@id":"https:\/\/repliquemangacine.fr\/denix\/support-mural-balle-metal\/#primaryimage"},"image":{"@id":"https:\/\/repliquemangacine.fr\/denix\/support-mural-balle-metal\/#primaryimage"},"thumbnailUrl":"https:\/\/repliquemangacine.fr\/wp-content\/uploads\/2023\/10\/3184-Support-pour-Fusil.jpg","datePublished":"2019-10-23T13:55:30+00:00","dateModified":"2026-02-05T09:43:49+00:00","description":"Bieten Sie dieses zweiteilige Set Wandhalter Ball Metall zum besten Preis an - Ganz aus Metall - Abstand verstellbar von 3 cm bis 5 cm.","breadcrumb":{"@id":"https:\/\/repliquemangacine.fr\/denix\/support-mural-balle-metal\/#breadcrumb"},"inLanguage":"de","potentialAction":[{"@type":"ReadAction","target":["https:\/\/repliquemangacine.fr\/denix\/support-mural-balle-metal\/"]}]},{"@type":"ImageObject","inLanguage":"de","@id":"https:\/\/repliquemangacine.fr\/denix\/support-mural-balle-metal\/#primaryimage","url":"https:\/\/repliquemangacine.fr\/wp-content\/uploads\/2023\/10\/3184-Support-pour-Fusil.jpg","contentUrl":"https:\/\/repliquemangacine.fr\/wp-content\/uploads\/2023\/10\/3184-Support-pour-Fusil.jpg","width":800,"height":800,"caption":"Support mural balle m\u00e9tal pour Fusil"},{"@type":"BreadcrumbList","@id":"https:\/\/repliquemangacine.fr\/denix\/support-mural-balle-metal\/#breadcrumb","itemListElement":[{"@type":"ListItem","position":1,"name":"Accueil","item":"https:\/\/repliquemangacine.fr\/"},{"@type":"ListItem","position":2,"name":"Produits","item":"https:\/\/repliquemangacine.fr\/boutique\/"},{"@type":"ListItem","position":3,"name":"Support mural balle m\u00e9tal"}]},{"@type":"WebSite","@id":"https:\/\/repliquemangacine.fr\/#website","url":"https:\/\/repliquemangacine.fr\/","name":"R\u00e9plique Manga Cin\u00e9","description":"","publisher":{"@id":"https:\/\/repliquemangacine.fr\/#organization"},"potentialAction":[{"@type":"SearchAction","target":{"@type":"EntryPoint","urlTemplate":"https:\/\/repliquemangacine.fr\/?s={search_term_string}"},"query-input":{"@type":"PropertyValueSpecification","valueRequired":true,"valueName":"search_term_string"}}],"inLanguage":"de"},{"@type":"Organization","@id":"https:\/\/repliquemangacine.fr\/#organization","name":"R\u00e9plique Manga Cin\u00e9","url":"https:\/\/repliquemangacine.fr\/","logo":{"@type":"ImageObject","inLanguage":"de","@id":"https:\/\/repliquemangacine.fr\/#\/schema\/logo\/image\/","url":"https:\/\/repliquemangacine.fr\/wp-content\/uploads\/2023\/10\/RMC-500250.png","contentUrl":"https:\/\/repliquemangacine.fr\/wp-content\/uploads\/2023\/10\/RMC-500250.png","width":500,"height":250,"caption":"R\u00e9plique Manga Cin\u00e9"},"image":{"@id":"https:\/\/repliquemangacine.fr\/#\/schema\/logo\/image\/"},"sameAs":["https:\/\/www.facebook.com\/RepliqueMangaCine","https:\/\/www.instagram.com\/repliquemangacine.fr\/"]}]}},"_links":{"self":[{"href":"https:\/\/repliquemangacine.fr\/de\/wp-json\/wp\/v2\/product\/28476","targetHints":{"allow":["GET"]}}],"collection":[{"href":"https:\/\/repliquemangacine.fr\/de\/wp-json\/wp\/v2\/product"}],"about":[{"href":"https:\/\/repliquemangacine.fr\/de\/wp-json\/wp\/v2\/types\/product"}],"wp:featuredmedia":[{"embeddable":true,"href":"https:\/\/repliquemangacine.fr\/de\/wp-json\/wp\/v2\/media\/28477"}],"wp:attachment":[{"href":"https:\/\/repliquemangacine.fr\/de\/wp-json\/wp\/v2\/media?parent=28476"}],"wp:term":[{"taxonomy":"product_brand","embeddable":true,"href":"https:\/\/repliquemangacine.fr\/de\/wp-json\/wp\/v2\/product_brand?post=28476"},{"taxonomy":"product_cat","embeddable":true,"href":"https:\/\/repliquemangacine.fr\/de\/wp-json\/wp\/v2\/product_cat?post=28476"},{"taxonomy":"product_tag","embeddable":true,"href":"https:\/\/repliquemangacine.fr\/de\/wp-json\/wp\/v2\/product_tag?post=28476"}],"curies":[{"name":"wp","href":"https:\/\/api.w.org\/{rel}","templated":true}]}}