





{"id":28457,"date":"2019-10-23T15:00:03","date_gmt":"2019-10-23T13:00:03","guid":{"rendered":"https:\/\/repliquemangacine.fr\/?post_type=product&#038;p=28457"},"modified":"2026-02-24T17:02:49","modified_gmt":"2026-02-24T16:02:49","slug":"cedric-diggory-baguette-noyau-metal","status":"publish","type":"product","link":"https:\/\/repliquemangacine.fr\/de\/baguettes-personnages-harry-potter\/cedric-diggory-baguette-noyau-metal\/","title":{"rendered":"Zauberstab Cedric Diggory"},"content":{"rendered":"<h2><b>Zauberstab Cedric Diggory - Harry Potter<br \/>\n<\/b><\/h2>\n<p>Zun\u00e4chst einmal verleiht der Metallkern dem Zauberstab Cedric Diggory eine makellose Qualit\u00e4t.<\/p>\n<p>Es muss betont werden, dass alle Zauberer der Harry-Potter-Saga, wie Cedric, ihren eigenen Zauberstab haben! Dieser wurde \u00fcbrigens von Garrick Ollivander hergestellt. Diggory benutzt seinen Zauberstab w\u00e4hrend seines Studiums in <a href=\"https:\/\/harrypotter.fandom.com\/fr\/wiki\/Coll\u00e8ge_Poudlard,_\u00e9cole_de_sorcellerie\" target=\"_blank\" rel=\"noopener noreferrer\">Hogwarts<\/a> und beim Turnier der drei Zauberer.<\/p>\n<p>Cedric Diggory, Sch\u00fcler in Hogwarts, geh\u00f6rt zum Haus Hufflepuff. Er ist Kapit\u00e4n und Schnatzf\u00e4nger des Hufflepuff-Quidditch-Teams. Cedric ist ein loyaler und gerechter Mensch, deshalb fordert er eine Wiederholung des Spiels zwischen seinem Team und dem Team von Gryffindor.<\/p>\n<h2>Ihr g\u00fcnstiger Cedric Diggory Zauberstab.<\/h2>\n<p>Wir bieten dir eine gro\u00dfe Auswahl an Harry-Potter-Zauberst\u00e4ben von Ollivander.<\/p>\n<p>Zun\u00e4chst einmal,<\/p>\n<ul>\n<li>Der Zauberstab seines Freundes und Rivalen bei der dritten Aufgabe <a href=\"https:\/\/repliquemangacine.fr\/de\/stabchen-figuren\/harry-potter-stab-mit-hochwertigem-metallkern\/\">Harry Potter<\/a>.<\/li>\n<li>\u00a0Das Baguette von <a href=\"https:\/\/repliquemangacine.fr\/de\/stabchen-figuren\/zauberstab-bellatrix-lestrange-metallkern\/\">Bellatrix Lestrange<\/a> mit seiner etwas geschwungenen Form.<\/li>\n<li>Und viele andere, die es in unserem Online-Shop zu entdecken gibt!<\/li>\n<\/ul>\n<p>Deshalb hier eine tolle Geschenkidee f\u00fcr alle Harry-Potter-Fans<\/p>\n<p>Abschlie\u00dfend k\u00f6nnen Sie auch diesen <strong>Stab von Cedric Diggory<\/strong> f\u00fcr Ihre Cosplays oder Themenabende. Vor allem aber ist es ein Sammler- und Dekorationsst\u00fcck.<\/p>\n<p>R\u00e9plique Manga Cin\u00e9 ist ein franz\u00f6sisches Familienunternehmen.<\/p>\n<h2>Wie werden die Zauberst\u00e4be von Hexen und Zauberern hergestellt?<\/h2>\n<p>Ein Zauberstab ist ein Gegenstand, der aus zwei variablen Elementen besteht: dem Holz, das normalerweise von einem Baum stammt, und dem sogenannten Kern des Zauberstabs, der von verschiedenen magischen Kreaturen oder Pflanzen stammen kann. Er ist ein Werkzeug, das von Zauberern und Hexen verwendet wird, um ihre Zauberspr\u00fcche zu sch\u00e4rfen und bessere Ergebnisse bei der Anwendung von Magie zu erzielen.<\/p>\n<p>Unsere St\u00e4bchen werden aus gegossenem Harz hergestellt, im Herzen des St\u00e4bchens befindet sich ein Metallstab, der Ihrem <strong>Zauberstab Cedric Diggory<\/strong> eine bemerkenswerte Widerstandsf\u00e4higkeit.<\/p>\n<p>Es sei darauf hingewiesen, dass die meisten Zauberer ihren Zauberstab im Alter von elf Jahren kaufen, bevor sie mit ihrer magischen Ausbildung beginnen. Junge Zauberer k\u00f6nnen ihren Zauberstab selbst bei einem Verk\u00e4ufer kaufen gehen, wobei britische Sch\u00fcler traditionell zu Ollivander gehen.<\/p>\n<p>&nbsp;<\/p>","protected":false},"excerpt":{"rendered":"<p>Zauberstab von Cedric Diggory, der von der Harry-Potter-Saga inspiriert wurde.<\/p>\n<ul>\n<li>Stab aus Kunstharz imitiert ein helles Holz, mit Gravuren.<\/li>\n<li>Kern Metall<\/li>\n<li>Sammlerfigurenschachtel mit samtenem Innenleben.<\/li>\n<li>Personenkarte.<\/li>\n<li>Gesamtl\u00e4nge: 37 cm - Gewicht: 60 grs<\/li>\n<\/ul>","protected":false},"featured_media":28458,"template":"","meta":[],"product_brand":[896],"product_cat":[80,24,41],"product_tag":[],"class_list":{"0":"post-28457","1":"product","2":"type-product","3":"status-publish","4":"has-post-thumbnail","6":"product_brand-replique-manga-cine","7":"product_cat-baguettes-personnages-harry-potter","8":"product_cat-films-series-tv-vente-de-katana-epee-et-produits-derives","9":"product_cat-baguettes-et-goodies-harry-potter","11":"first","12":"instock","13":"taxable","14":"shipping-taxable","15":"purchasable","16":"product-type-simple"},"yoast_head":"<!-- This site is optimized with the Yoast SEO plugin v27.5 - https:\/\/yoast.com\/product\/yoast-seo-wordpress\/ -->\n<title>Baguette Cedric Diggory - Harry Potter - R\u00e9plique Manga Cin\u00e9<\/title>\n<meta name=\"description\" content=\"Offre-lui cette Baguette de Cedric Diggory dans Harry Potter au meilleur prix. Noyau en m\u00e9tal - Recouverte de r\u00e9sine - Longueur : 37 cm - Bo\u00eete Collector\" \/>\n<meta name=\"robots\" content=\"index, follow, max-snippet:-1, max-image-preview:large, max-video-preview:-1\" \/>\n<link rel=\"canonical\" href=\"https:\/\/repliquemangacine.fr\/de\/essstabchen-figuren-harry-potter\/cedric-diggory-baguette-noyau-metal\/\" \/>\n<meta property=\"og:locale\" content=\"de_DE\" \/>\n<meta property=\"og:type\" content=\"article\" \/>\n<meta property=\"og:title\" content=\"Baguette Cedric Diggory - Harry Potter - R\u00e9plique Manga Cin\u00e9\" \/>\n<meta property=\"og:description\" content=\"Offre-lui cette Baguette de Cedric Diggory dans Harry Potter au meilleur prix. Noyau en m\u00e9tal - Recouverte de r\u00e9sine - Longueur : 37 cm - Bo\u00eete Collector\" \/>\n<meta property=\"og:url\" content=\"https:\/\/repliquemangacine.fr\/de\/essstabchen-figuren-harry-potter\/cedric-diggory-baguette-noyau-metal\/\" \/>\n<meta property=\"og:site_name\" content=\"R\u00e9plique Manga Cin\u00e9\" \/>\n<meta property=\"article:publisher\" content=\"https:\/\/www.facebook.com\/RepliqueMangaCine\" \/>\n<meta property=\"article:modified_time\" content=\"2026-02-24T16:02:49+00:00\" \/>\n<meta property=\"og:image\" content=\"https:\/\/repliquemangacine.fr\/wp-content\/uploads\/2023\/10\/3169-Cedric-Diggory-baguette.jpg\" \/>\n\t<meta property=\"og:image:width\" content=\"1000\" \/>\n\t<meta property=\"og:image:height\" content=\"1000\" \/>\n\t<meta property=\"og:image:type\" content=\"image\/jpeg\" \/>\n<meta name=\"twitter:card\" content=\"summary_large_image\" \/>\n<meta name=\"twitter:label1\" content=\"Gesch\u00e4tzte Lesezeit\" \/>\n\t<meta name=\"twitter:data1\" content=\"2\u00a0Minuten\" \/>\n<script type=\"application\/ld+json\" class=\"yoast-schema-graph\">{\"@context\":\"https:\\\/\\\/schema.org\",\"@graph\":[{\"@type\":\"WebPage\",\"@id\":\"https:\\\/\\\/repliquemangacine.fr\\\/baguettes-personnages-harry-potter\\\/cedric-diggory-baguette-noyau-metal\\\/\",\"url\":\"https:\\\/\\\/repliquemangacine.fr\\\/baguettes-personnages-harry-potter\\\/cedric-diggory-baguette-noyau-metal\\\/\",\"name\":\"Baguette Cedric Diggory - Harry Potter - R\u00e9plique Manga Cin\u00e9\",\"isPartOf\":{\"@id\":\"https:\\\/\\\/repliquemangacine.fr\\\/#website\"},\"primaryImageOfPage\":{\"@id\":\"https:\\\/\\\/repliquemangacine.fr\\\/baguettes-personnages-harry-potter\\\/cedric-diggory-baguette-noyau-metal\\\/#primaryimage\"},\"image\":{\"@id\":\"https:\\\/\\\/repliquemangacine.fr\\\/baguettes-personnages-harry-potter\\\/cedric-diggory-baguette-noyau-metal\\\/#primaryimage\"},\"thumbnailUrl\":\"https:\\\/\\\/repliquemangacine.fr\\\/wp-content\\\/uploads\\\/2023\\\/10\\\/3169-Cedric-Diggory-baguette.jpg\",\"datePublished\":\"2019-10-23T13:00:03+00:00\",\"dateModified\":\"2026-02-24T16:02:49+00:00\",\"description\":\"Offre-lui cette Baguette de Cedric Diggory dans Harry Potter au meilleur prix. Noyau en m\u00e9tal - Recouverte de r\u00e9sine - Longueur : 37 cm - Bo\u00eete Collector\",\"breadcrumb\":{\"@id\":\"https:\\\/\\\/repliquemangacine.fr\\\/baguettes-personnages-harry-potter\\\/cedric-diggory-baguette-noyau-metal\\\/#breadcrumb\"},\"inLanguage\":\"de\",\"potentialAction\":[{\"@type\":\"ReadAction\",\"target\":[\"https:\\\/\\\/repliquemangacine.fr\\\/baguettes-personnages-harry-potter\\\/cedric-diggory-baguette-noyau-metal\\\/\"]}]},{\"@type\":\"ImageObject\",\"inLanguage\":\"de\",\"@id\":\"https:\\\/\\\/repliquemangacine.fr\\\/baguettes-personnages-harry-potter\\\/cedric-diggory-baguette-noyau-metal\\\/#primaryimage\",\"url\":\"https:\\\/\\\/repliquemangacine.fr\\\/wp-content\\\/uploads\\\/2023\\\/10\\\/3169-Cedric-Diggory-baguette.jpg\",\"contentUrl\":\"https:\\\/\\\/repliquemangacine.fr\\\/wp-content\\\/uploads\\\/2023\\\/10\\\/3169-Cedric-Diggory-baguette.jpg\",\"width\":1000,\"height\":1000,\"caption\":\"Cedric Diggory baguette\"},{\"@type\":\"BreadcrumbList\",\"@id\":\"https:\\\/\\\/repliquemangacine.fr\\\/baguettes-personnages-harry-potter\\\/cedric-diggory-baguette-noyau-metal\\\/#breadcrumb\",\"itemListElement\":[{\"@type\":\"ListItem\",\"position\":1,\"name\":\"Accueil\",\"item\":\"https:\\\/\\\/repliquemangacine.fr\\\/\"},{\"@type\":\"ListItem\",\"position\":2,\"name\":\"Produits\",\"item\":\"https:\\\/\\\/repliquemangacine.fr\\\/boutique\\\/\"},{\"@type\":\"ListItem\",\"position\":3,\"name\":\"Baguette Cedric Diggory\"}]},{\"@type\":\"WebSite\",\"@id\":\"https:\\\/\\\/repliquemangacine.fr\\\/#website\",\"url\":\"https:\\\/\\\/repliquemangacine.fr\\\/\",\"name\":\"R\u00e9plique Manga Cin\u00e9\",\"description\":\"\",\"publisher\":{\"@id\":\"https:\\\/\\\/repliquemangacine.fr\\\/#organization\"},\"potentialAction\":[{\"@type\":\"SearchAction\",\"target\":{\"@type\":\"EntryPoint\",\"urlTemplate\":\"https:\\\/\\\/repliquemangacine.fr\\\/?s={search_term_string}\"},\"query-input\":{\"@type\":\"PropertyValueSpecification\",\"valueRequired\":true,\"valueName\":\"search_term_string\"}}],\"inLanguage\":\"de\"},{\"@type\":\"Organization\",\"@id\":\"https:\\\/\\\/repliquemangacine.fr\\\/#organization\",\"name\":\"R\u00e9plique Manga Cin\u00e9\",\"url\":\"https:\\\/\\\/repliquemangacine.fr\\\/\",\"logo\":{\"@type\":\"ImageObject\",\"inLanguage\":\"de\",\"@id\":\"https:\\\/\\\/repliquemangacine.fr\\\/#\\\/schema\\\/logo\\\/image\\\/\",\"url\":\"https:\\\/\\\/repliquemangacine.fr\\\/wp-content\\\/uploads\\\/2023\\\/10\\\/RMC-500250.png\",\"contentUrl\":\"https:\\\/\\\/repliquemangacine.fr\\\/wp-content\\\/uploads\\\/2023\\\/10\\\/RMC-500250.png\",\"width\":500,\"height\":250,\"caption\":\"R\u00e9plique Manga Cin\u00e9\"},\"image\":{\"@id\":\"https:\\\/\\\/repliquemangacine.fr\\\/#\\\/schema\\\/logo\\\/image\\\/\"},\"sameAs\":[\"https:\\\/\\\/www.facebook.com\\\/RepliqueMangaCine\",\"https:\\\/\\\/www.instagram.com\\\/repliquemangacine.fr\\\/\"]}]}<\/script>\n<!-- \/ Yoast SEO plugin. -->","yoast_head_json":{"title":"Cedric Diggory Zauberstab - Harry Potter - R\u00e9plique Manga Cin\u00e9","description":"Biete ihm diesen Zauberstab von Cedric Diggory aus Harry Potter zum besten Preis an. Metallkern - Mit Harz \u00fcberzogen - L\u00e4nge: 37 cm - Sammlerbox","robots":{"index":"index","follow":"follow","max-snippet":"max-snippet:-1","max-image-preview":"max-image-preview:large","max-video-preview":"max-video-preview:-1"},"canonical":"https:\/\/repliquemangacine.fr\/de\/essstabchen-figuren-harry-potter\/cedric-diggory-baguette-noyau-metal\/","og_locale":"de_DE","og_type":"article","og_title":"Baguette Cedric Diggory - Harry Potter - R\u00e9plique Manga Cin\u00e9","og_description":"Offre-lui cette Baguette de Cedric Diggory dans Harry Potter au meilleur prix. Noyau en m\u00e9tal - Recouverte de r\u00e9sine - Longueur : 37 cm - Bo\u00eete Collector","og_url":"https:\/\/repliquemangacine.fr\/de\/essstabchen-figuren-harry-potter\/cedric-diggory-baguette-noyau-metal\/","og_site_name":"R\u00e9plique Manga Cin\u00e9","article_publisher":"https:\/\/www.facebook.com\/RepliqueMangaCine","article_modified_time":"2026-02-24T16:02:49+00:00","og_image":[{"width":1000,"height":1000,"url":"https:\/\/repliquemangacine.fr\/wp-content\/uploads\/2023\/10\/3169-Cedric-Diggory-baguette.jpg","type":"image\/jpeg"}],"twitter_card":"summary_large_image","twitter_misc":{"Gesch\u00e4tzte Lesezeit":"2\u00a0Minuten"},"schema":{"@context":"https:\/\/schema.org","@graph":[{"@type":"WebPage","@id":"https:\/\/repliquemangacine.fr\/baguettes-personnages-harry-potter\/cedric-diggory-baguette-noyau-metal\/","url":"https:\/\/repliquemangacine.fr\/baguettes-personnages-harry-potter\/cedric-diggory-baguette-noyau-metal\/","name":"Cedric Diggory Zauberstab - Harry Potter - R\u00e9plique Manga Cin\u00e9","isPartOf":{"@id":"https:\/\/repliquemangacine.fr\/#website"},"primaryImageOfPage":{"@id":"https:\/\/repliquemangacine.fr\/baguettes-personnages-harry-potter\/cedric-diggory-baguette-noyau-metal\/#primaryimage"},"image":{"@id":"https:\/\/repliquemangacine.fr\/baguettes-personnages-harry-potter\/cedric-diggory-baguette-noyau-metal\/#primaryimage"},"thumbnailUrl":"https:\/\/repliquemangacine.fr\/wp-content\/uploads\/2023\/10\/3169-Cedric-Diggory-baguette.jpg","datePublished":"2019-10-23T13:00:03+00:00","dateModified":"2026-02-24T16:02:49+00:00","description":"Biete ihm diesen Zauberstab von Cedric Diggory aus Harry Potter zum besten Preis an. Metallkern - Mit Harz \u00fcberzogen - L\u00e4nge: 37 cm - Sammlerbox","breadcrumb":{"@id":"https:\/\/repliquemangacine.fr\/baguettes-personnages-harry-potter\/cedric-diggory-baguette-noyau-metal\/#breadcrumb"},"inLanguage":"de","potentialAction":[{"@type":"ReadAction","target":["https:\/\/repliquemangacine.fr\/baguettes-personnages-harry-potter\/cedric-diggory-baguette-noyau-metal\/"]}]},{"@type":"ImageObject","inLanguage":"de","@id":"https:\/\/repliquemangacine.fr\/baguettes-personnages-harry-potter\/cedric-diggory-baguette-noyau-metal\/#primaryimage","url":"https:\/\/repliquemangacine.fr\/wp-content\/uploads\/2023\/10\/3169-Cedric-Diggory-baguette.jpg","contentUrl":"https:\/\/repliquemangacine.fr\/wp-content\/uploads\/2023\/10\/3169-Cedric-Diggory-baguette.jpg","width":1000,"height":1000,"caption":"Cedric Diggory baguette"},{"@type":"BreadcrumbList","@id":"https:\/\/repliquemangacine.fr\/baguettes-personnages-harry-potter\/cedric-diggory-baguette-noyau-metal\/#breadcrumb","itemListElement":[{"@type":"ListItem","position":1,"name":"Accueil","item":"https:\/\/repliquemangacine.fr\/"},{"@type":"ListItem","position":2,"name":"Produits","item":"https:\/\/repliquemangacine.fr\/boutique\/"},{"@type":"ListItem","position":3,"name":"Baguette Cedric Diggory"}]},{"@type":"WebSite","@id":"https:\/\/repliquemangacine.fr\/#website","url":"https:\/\/repliquemangacine.fr\/","name":"R\u00e9plique Manga Cin\u00e9","description":"","publisher":{"@id":"https:\/\/repliquemangacine.fr\/#organization"},"potentialAction":[{"@type":"SearchAction","target":{"@type":"EntryPoint","urlTemplate":"https:\/\/repliquemangacine.fr\/?s={search_term_string}"},"query-input":{"@type":"PropertyValueSpecification","valueRequired":true,"valueName":"search_term_string"}}],"inLanguage":"de"},{"@type":"Organization","@id":"https:\/\/repliquemangacine.fr\/#organization","name":"R\u00e9plique Manga Cin\u00e9","url":"https:\/\/repliquemangacine.fr\/","logo":{"@type":"ImageObject","inLanguage":"de","@id":"https:\/\/repliquemangacine.fr\/#\/schema\/logo\/image\/","url":"https:\/\/repliquemangacine.fr\/wp-content\/uploads\/2023\/10\/RMC-500250.png","contentUrl":"https:\/\/repliquemangacine.fr\/wp-content\/uploads\/2023\/10\/RMC-500250.png","width":500,"height":250,"caption":"R\u00e9plique Manga Cin\u00e9"},"image":{"@id":"https:\/\/repliquemangacine.fr\/#\/schema\/logo\/image\/"},"sameAs":["https:\/\/www.facebook.com\/RepliqueMangaCine","https:\/\/www.instagram.com\/repliquemangacine.fr\/"]}]}},"_links":{"self":[{"href":"https:\/\/repliquemangacine.fr\/de\/wp-json\/wp\/v2\/product\/28457","targetHints":{"allow":["GET"]}}],"collection":[{"href":"https:\/\/repliquemangacine.fr\/de\/wp-json\/wp\/v2\/product"}],"about":[{"href":"https:\/\/repliquemangacine.fr\/de\/wp-json\/wp\/v2\/types\/product"}],"wp:featuredmedia":[{"embeddable":true,"href":"https:\/\/repliquemangacine.fr\/de\/wp-json\/wp\/v2\/media\/28458"}],"wp:attachment":[{"href":"https:\/\/repliquemangacine.fr\/de\/wp-json\/wp\/v2\/media?parent=28457"}],"wp:term":[{"taxonomy":"product_brand","embeddable":true,"href":"https:\/\/repliquemangacine.fr\/de\/wp-json\/wp\/v2\/product_brand?post=28457"},{"taxonomy":"product_cat","embeddable":true,"href":"https:\/\/repliquemangacine.fr\/de\/wp-json\/wp\/v2\/product_cat?post=28457"},{"taxonomy":"product_tag","embeddable":true,"href":"https:\/\/repliquemangacine.fr\/de\/wp-json\/wp\/v2\/product_tag?post=28457"}],"curies":[{"name":"wp","href":"https:\/\/api.w.org\/{rel}","templated":true}]}}