





{"id":28432,"date":"2019-10-20T18:59:57","date_gmt":"2019-10-20T16:59:57","guid":{"rendered":"https:\/\/repliquemangacine.fr\/?post_type=product&#038;p=28432"},"modified":"2026-04-11T17:41:02","modified_gmt":"2026-04-11T15:41:02","slug":"nymphadora-tonks-stab","status":"publish","type":"product","link":"https:\/\/repliquemangacine.fr\/de\/baguettes-personnages-harry-potter\/baguette-nymphadora-tonks\/","title":{"rendered":"Baguette Tonks"},"content":{"rendered":"<h2>Nymphadora Tonks Zauberstab in Harry Potter.<\/h2>\n<p>Zu Beginn wird die <strong>Zauberstab Nymphadora Tonks<\/strong> ist ganz aus Harz, im Kern des Stabes befindet sich ein Metallstab, der ihm eine hohe Qualit\u00e4t verleiht.<\/p>\n<p>Nymphadora Tonks ist die Tochter von Ted Tonks, einem Muggelst\u00e4mmigen, und Andromeda Tonks, geborene Black. Sie ist Metamorphmagierin und Mitglied des Ordens des Ph\u00f6nix. Als sie in <a href=\"https:\/\/harrypotter.fandom.com\/fr\/wiki\/Coll\u00e8ge_Poudlard,_\u00e9cole_de_sorcellerie\" target=\"_blank\" rel=\"noopener noreferrer\">Hogwarts<\/a>, Tonks war in Hufflepuff.<\/p>\n<p>Nachdem sie Remus Lupin in einer diskreten und schlichten Zeremonie geheiratet hat, nimmt sie an der Schlacht der sieben Potters teil, indem sie ein Tandem mit Ron Weasley bildet.<\/p>\n<p>Tonks stirbt zusammen mit ihrem Ehemann in der Schlacht von Hogwarts. Sie wird von ihrer Tante Bellatrix Lestrange get\u00f6tet.<\/p>\n<h3>Wir bieten dir eine gro\u00dfe Auswahl an Harry-Potter-Zauberst\u00e4ben von Ollivander.<\/h3>\n<p>Zun\u00e4chst einmal,<\/p>\n<ul>\n<li>Der Zauberstab ihres Mannes <a href=\"https:\/\/repliquemangacine.fr\/de\/stabchen-figuren\/stab-remus-lupine-metallkern\/\">Remus Lupin<\/a>Mit ihm hat sie einen Sohn namens Ted.<\/li>\n<li>Sowie das Baguette von <a href=\"https:\/\/repliquemangacine.fr\/de\/stabchen-figuren\/zauberstab-bellatrix-lestrange-metallkern\/\">Bellatrix Lestrange<\/a> seine Tante, die sie in der Schlacht um Hogwarts t\u00f6tete.<\/li>\n<li>Und viele andere mehr!<\/li>\n<li>Selbstverst\u00e4ndlich haben wir auf Anfrage auch alle offiziellen Noble Collection Essst\u00e4bchen.<\/li>\n<\/ul>\n<p>Deshalb hier eine tolle Geschenkidee f\u00fcr alle Harry-Potter-Fans<\/p>\n<p>Abschlie\u00dfend k\u00f6nnen Sie auch diesen Zauberstab verwenden. <strong>Nymphadora Tonks<\/strong> f\u00fcr Ihre Cosplays oder Themenabende. Vor allem aber ist es ein Sammler- und Dekorationsst\u00fcck.<\/p>\n<p>R\u00e9plique Manga Cin\u00e9 ist ein franz\u00f6sisches Familienunternehmen.<\/p>\n<h2>Wie werden die Zauberst\u00e4be von Hexen und Zauberern hergestellt?<\/h2>\n<p>Ein Zauberstab ist ein Gegenstand, der aus zwei variablen Elementen besteht: dem Holz, das normalerweise von einem Baum stammt, und dem sogenannten Kern des Zauberstabs, der von verschiedenen magischen Kreaturen oder Pflanzen stammen kann. Er ist ein Werkzeug, das von Zauberern und Hexen verwendet wird, um ihre Zauberspr\u00fcche zu sch\u00e4rfen und bessere Ergebnisse bei der Anwendung von Magie zu erzielen.<\/p>\n<p>Unsere St\u00e4bchen werden aus gegossenem Harz hergestellt, im Herzen des St\u00e4bchens befindet sich ein Metallstab, der Ihrem <strong>Zauberstab Nymphadora Tonks<\/strong> eine bemerkenswerte Widerstandsf\u00e4higkeit.<\/p>\n<p>Es sei darauf hingewiesen, dass die meisten Zauberer ihren Zauberstab im Alter von elf Jahren kaufen, bevor sie mit ihrer magischen Ausbildung beginnen. Junge Zauberer k\u00f6nnen ihren Zauberstab selbst bei einem Verk\u00e4ufer kaufen gehen, wobei britische Sch\u00fcler traditionell zu Ollivander gehen.<\/p>\n<p>&nbsp;<\/p>","protected":false},"excerpt":{"rendered":"<p>Zauberstab von Nymphadora Tonks, inspiriert von der Harry-Potter-Saga.<\/p>\n<ul>\n<li>Kunstharzleiste, ahmt das Aussehen von hellem Holz nach, das durch dunklere Streifen getigert ist.<\/li>\n<li>Metallkern<\/li>\n<li>Schachtel Charakter Innenseite aus Samt.<\/li>\n<li>Personenkarte.<\/li>\n<li>Gesamtl\u00e4nge: 35.5 cm - Gewicht: 74 grs<\/li>\n<\/ul>","protected":false},"featured_media":28433,"template":"","meta":[],"product_brand":[896],"product_cat":[80,24,41],"product_tag":[],"class_list":{"0":"post-28432","1":"product","2":"type-product","3":"status-publish","4":"has-post-thumbnail","6":"product_brand-replique-manga-cine","7":"product_cat-baguettes-personnages-harry-potter","8":"product_cat-films-series-tv-vente-de-katana-epee-et-produits-derives","9":"product_cat-baguettes-et-goodies-harry-potter","11":"first","12":"instock","13":"taxable","14":"shipping-taxable","15":"purchasable","16":"product-type-simple"},"yoast_head":"<!-- This site is optimized with the Yoast SEO plugin v27.5 - https:\/\/yoast.com\/product\/yoast-seo-wordpress\/ -->\n<title>Baguette Nymphadora Tonks - Harry Potter - R\u00e9plique Manga Cin\u00e9<\/title>\n<meta name=\"description\" content=\"Offrez-lui la Baguette Nymphadora Tonks dans Harry Potter au meilleur prix. En r\u00e9sine - Noyau en m\u00e9tal - Boite collector - Longueur totale : 35.5 cm\" \/>\n<meta name=\"robots\" content=\"index, follow, max-snippet:-1, max-image-preview:large, max-video-preview:-1\" \/>\n<link rel=\"canonical\" href=\"https:\/\/repliquemangacine.fr\/de\/essstabchen-figuren-harry-potter\/nymphadora-tonks-stab\/\" \/>\n<meta property=\"og:locale\" content=\"de_DE\" \/>\n<meta property=\"og:type\" content=\"article\" \/>\n<meta property=\"og:title\" content=\"Baguette Nymphadora Tonks - Harry Potter - R\u00e9plique Manga Cin\u00e9\" \/>\n<meta property=\"og:description\" content=\"Offrez-lui la Baguette Nymphadora Tonks dans Harry Potter au meilleur prix. En r\u00e9sine - Noyau en m\u00e9tal - Boite collector - Longueur totale : 35.5 cm\" \/>\n<meta property=\"og:url\" content=\"https:\/\/repliquemangacine.fr\/de\/essstabchen-figuren-harry-potter\/nymphadora-tonks-stab\/\" \/>\n<meta property=\"og:site_name\" content=\"R\u00e9plique Manga Cin\u00e9\" \/>\n<meta property=\"article:publisher\" content=\"https:\/\/www.facebook.com\/RepliqueMangaCine\" \/>\n<meta property=\"article:modified_time\" content=\"2026-04-11T15:41:02+00:00\" \/>\n<meta property=\"og:image\" content=\"https:\/\/repliquemangacine.fr\/wp-content\/uploads\/2023\/10\/3147-Baguette-Nymphadora-Tonks-Noyau-metal.jpg\" \/>\n\t<meta property=\"og:image:width\" content=\"1000\" \/>\n\t<meta property=\"og:image:height\" content=\"1000\" \/>\n\t<meta property=\"og:image:type\" content=\"image\/jpeg\" \/>\n<meta name=\"twitter:card\" content=\"summary_large_image\" \/>\n<meta name=\"twitter:label1\" content=\"Gesch\u00e4tzte Lesezeit\" \/>\n\t<meta name=\"twitter:data1\" content=\"2\u00a0Minuten\" \/>\n<script type=\"application\/ld+json\" class=\"yoast-schema-graph\">{\"@context\":\"https:\\\/\\\/schema.org\",\"@graph\":[{\"@type\":\"WebPage\",\"@id\":\"https:\\\/\\\/repliquemangacine.fr\\\/baguettes-personnages-harry-potter\\\/baguette-nymphadora-tonks\\\/\",\"url\":\"https:\\\/\\\/repliquemangacine.fr\\\/baguettes-personnages-harry-potter\\\/baguette-nymphadora-tonks\\\/\",\"name\":\"Baguette Nymphadora Tonks - Harry Potter - R\u00e9plique Manga Cin\u00e9\",\"isPartOf\":{\"@id\":\"https:\\\/\\\/repliquemangacine.fr\\\/#website\"},\"primaryImageOfPage\":{\"@id\":\"https:\\\/\\\/repliquemangacine.fr\\\/baguettes-personnages-harry-potter\\\/baguette-nymphadora-tonks\\\/#primaryimage\"},\"image\":{\"@id\":\"https:\\\/\\\/repliquemangacine.fr\\\/baguettes-personnages-harry-potter\\\/baguette-nymphadora-tonks\\\/#primaryimage\"},\"thumbnailUrl\":\"https:\\\/\\\/repliquemangacine.fr\\\/wp-content\\\/uploads\\\/2023\\\/10\\\/3147-Baguette-Nymphadora-Tonks-Noyau-metal.jpg\",\"datePublished\":\"2019-10-20T16:59:57+00:00\",\"dateModified\":\"2026-04-11T15:41:02+00:00\",\"description\":\"Offrez-lui la Baguette Nymphadora Tonks dans Harry Potter au meilleur prix. En r\u00e9sine - Noyau en m\u00e9tal - Boite collector - Longueur totale : 35.5 cm\",\"breadcrumb\":{\"@id\":\"https:\\\/\\\/repliquemangacine.fr\\\/baguettes-personnages-harry-potter\\\/baguette-nymphadora-tonks\\\/#breadcrumb\"},\"inLanguage\":\"de\",\"potentialAction\":[{\"@type\":\"ReadAction\",\"target\":[\"https:\\\/\\\/repliquemangacine.fr\\\/baguettes-personnages-harry-potter\\\/baguette-nymphadora-tonks\\\/\"]}]},{\"@type\":\"ImageObject\",\"inLanguage\":\"de\",\"@id\":\"https:\\\/\\\/repliquemangacine.fr\\\/baguettes-personnages-harry-potter\\\/baguette-nymphadora-tonks\\\/#primaryimage\",\"url\":\"https:\\\/\\\/repliquemangacine.fr\\\/wp-content\\\/uploads\\\/2023\\\/10\\\/3147-Baguette-Nymphadora-Tonks-Noyau-metal.jpg\",\"contentUrl\":\"https:\\\/\\\/repliquemangacine.fr\\\/wp-content\\\/uploads\\\/2023\\\/10\\\/3147-Baguette-Nymphadora-Tonks-Noyau-metal.jpg\",\"width\":1000,\"height\":1000,\"caption\":\"Baguette Nymphadora Tonks Noyau m\u00e9tal\"},{\"@type\":\"BreadcrumbList\",\"@id\":\"https:\\\/\\\/repliquemangacine.fr\\\/baguettes-personnages-harry-potter\\\/baguette-nymphadora-tonks\\\/#breadcrumb\",\"itemListElement\":[{\"@type\":\"ListItem\",\"position\":1,\"name\":\"Accueil\",\"item\":\"https:\\\/\\\/repliquemangacine.fr\\\/\"},{\"@type\":\"ListItem\",\"position\":2,\"name\":\"Produits\",\"item\":\"https:\\\/\\\/repliquemangacine.fr\\\/boutique\\\/\"},{\"@type\":\"ListItem\",\"position\":3,\"name\":\"Baguette Tonks\"}]},{\"@type\":\"WebSite\",\"@id\":\"https:\\\/\\\/repliquemangacine.fr\\\/#website\",\"url\":\"https:\\\/\\\/repliquemangacine.fr\\\/\",\"name\":\"R\u00e9plique Manga Cin\u00e9\",\"description\":\"\",\"publisher\":{\"@id\":\"https:\\\/\\\/repliquemangacine.fr\\\/#organization\"},\"potentialAction\":[{\"@type\":\"SearchAction\",\"target\":{\"@type\":\"EntryPoint\",\"urlTemplate\":\"https:\\\/\\\/repliquemangacine.fr\\\/?s={search_term_string}\"},\"query-input\":{\"@type\":\"PropertyValueSpecification\",\"valueRequired\":true,\"valueName\":\"search_term_string\"}}],\"inLanguage\":\"de\"},{\"@type\":\"Organization\",\"@id\":\"https:\\\/\\\/repliquemangacine.fr\\\/#organization\",\"name\":\"R\u00e9plique Manga Cin\u00e9\",\"url\":\"https:\\\/\\\/repliquemangacine.fr\\\/\",\"logo\":{\"@type\":\"ImageObject\",\"inLanguage\":\"de\",\"@id\":\"https:\\\/\\\/repliquemangacine.fr\\\/#\\\/schema\\\/logo\\\/image\\\/\",\"url\":\"https:\\\/\\\/repliquemangacine.fr\\\/wp-content\\\/uploads\\\/2023\\\/10\\\/RMC-500250.png\",\"contentUrl\":\"https:\\\/\\\/repliquemangacine.fr\\\/wp-content\\\/uploads\\\/2023\\\/10\\\/RMC-500250.png\",\"width\":500,\"height\":250,\"caption\":\"R\u00e9plique Manga Cin\u00e9\"},\"image\":{\"@id\":\"https:\\\/\\\/repliquemangacine.fr\\\/#\\\/schema\\\/logo\\\/image\\\/\"},\"sameAs\":[\"https:\\\/\\\/www.facebook.com\\\/RepliqueMangaCine\",\"https:\\\/\\\/www.instagram.com\\\/repliquemangacine.fr\\\/\"]}]}<\/script>\n<!-- \/ Yoast SEO plugin. -->","yoast_head_json":{"title":"Nymphadora Tonks Zauberstab - Harry Potter - R\u00e9plique Manga Cin\u00e9","description":"Schenken Sie ihr den Nymphadora Tonks Zauberstab aus Harry Potter zum besten Preis. Aus Harz - Metallkern - Sammlerbox - Gesamtl\u00e4nge: 35.5 cm","robots":{"index":"index","follow":"follow","max-snippet":"max-snippet:-1","max-image-preview":"max-image-preview:large","max-video-preview":"max-video-preview:-1"},"canonical":"https:\/\/repliquemangacine.fr\/de\/essstabchen-figuren-harry-potter\/nymphadora-tonks-stab\/","og_locale":"de_DE","og_type":"article","og_title":"Baguette Nymphadora Tonks - Harry Potter - R\u00e9plique Manga Cin\u00e9","og_description":"Offrez-lui la Baguette Nymphadora Tonks dans Harry Potter au meilleur prix. En r\u00e9sine - Noyau en m\u00e9tal - Boite collector - Longueur totale : 35.5 cm","og_url":"https:\/\/repliquemangacine.fr\/de\/essstabchen-figuren-harry-potter\/nymphadora-tonks-stab\/","og_site_name":"R\u00e9plique Manga Cin\u00e9","article_publisher":"https:\/\/www.facebook.com\/RepliqueMangaCine","article_modified_time":"2026-04-11T15:41:02+00:00","og_image":[{"width":1000,"height":1000,"url":"https:\/\/repliquemangacine.fr\/wp-content\/uploads\/2023\/10\/3147-Baguette-Nymphadora-Tonks-Noyau-metal.jpg","type":"image\/jpeg"}],"twitter_card":"summary_large_image","twitter_misc":{"Gesch\u00e4tzte Lesezeit":"2\u00a0Minuten"},"schema":{"@context":"https:\/\/schema.org","@graph":[{"@type":"WebPage","@id":"https:\/\/repliquemangacine.fr\/baguettes-personnages-harry-potter\/baguette-nymphadora-tonks\/","url":"https:\/\/repliquemangacine.fr\/baguettes-personnages-harry-potter\/baguette-nymphadora-tonks\/","name":"Nymphadora Tonks Zauberstab - Harry Potter - R\u00e9plique Manga Cin\u00e9","isPartOf":{"@id":"https:\/\/repliquemangacine.fr\/#website"},"primaryImageOfPage":{"@id":"https:\/\/repliquemangacine.fr\/baguettes-personnages-harry-potter\/baguette-nymphadora-tonks\/#primaryimage"},"image":{"@id":"https:\/\/repliquemangacine.fr\/baguettes-personnages-harry-potter\/baguette-nymphadora-tonks\/#primaryimage"},"thumbnailUrl":"https:\/\/repliquemangacine.fr\/wp-content\/uploads\/2023\/10\/3147-Baguette-Nymphadora-Tonks-Noyau-metal.jpg","datePublished":"2019-10-20T16:59:57+00:00","dateModified":"2026-04-11T15:41:02+00:00","description":"Schenken Sie ihr den Nymphadora Tonks Zauberstab aus Harry Potter zum besten Preis. Aus Harz - Metallkern - Sammlerbox - Gesamtl\u00e4nge: 35.5 cm","breadcrumb":{"@id":"https:\/\/repliquemangacine.fr\/baguettes-personnages-harry-potter\/baguette-nymphadora-tonks\/#breadcrumb"},"inLanguage":"de","potentialAction":[{"@type":"ReadAction","target":["https:\/\/repliquemangacine.fr\/baguettes-personnages-harry-potter\/baguette-nymphadora-tonks\/"]}]},{"@type":"ImageObject","inLanguage":"de","@id":"https:\/\/repliquemangacine.fr\/baguettes-personnages-harry-potter\/baguette-nymphadora-tonks\/#primaryimage","url":"https:\/\/repliquemangacine.fr\/wp-content\/uploads\/2023\/10\/3147-Baguette-Nymphadora-Tonks-Noyau-metal.jpg","contentUrl":"https:\/\/repliquemangacine.fr\/wp-content\/uploads\/2023\/10\/3147-Baguette-Nymphadora-Tonks-Noyau-metal.jpg","width":1000,"height":1000,"caption":"Baguette Nymphadora Tonks Noyau m\u00e9tal"},{"@type":"BreadcrumbList","@id":"https:\/\/repliquemangacine.fr\/baguettes-personnages-harry-potter\/baguette-nymphadora-tonks\/#breadcrumb","itemListElement":[{"@type":"ListItem","position":1,"name":"Accueil","item":"https:\/\/repliquemangacine.fr\/"},{"@type":"ListItem","position":2,"name":"Produits","item":"https:\/\/repliquemangacine.fr\/boutique\/"},{"@type":"ListItem","position":3,"name":"Baguette Tonks"}]},{"@type":"WebSite","@id":"https:\/\/repliquemangacine.fr\/#website","url":"https:\/\/repliquemangacine.fr\/","name":"R\u00e9plique Manga Cin\u00e9","description":"","publisher":{"@id":"https:\/\/repliquemangacine.fr\/#organization"},"potentialAction":[{"@type":"SearchAction","target":{"@type":"EntryPoint","urlTemplate":"https:\/\/repliquemangacine.fr\/?s={search_term_string}"},"query-input":{"@type":"PropertyValueSpecification","valueRequired":true,"valueName":"search_term_string"}}],"inLanguage":"de"},{"@type":"Organization","@id":"https:\/\/repliquemangacine.fr\/#organization","name":"R\u00e9plique Manga Cin\u00e9","url":"https:\/\/repliquemangacine.fr\/","logo":{"@type":"ImageObject","inLanguage":"de","@id":"https:\/\/repliquemangacine.fr\/#\/schema\/logo\/image\/","url":"https:\/\/repliquemangacine.fr\/wp-content\/uploads\/2023\/10\/RMC-500250.png","contentUrl":"https:\/\/repliquemangacine.fr\/wp-content\/uploads\/2023\/10\/RMC-500250.png","width":500,"height":250,"caption":"R\u00e9plique Manga Cin\u00e9"},"image":{"@id":"https:\/\/repliquemangacine.fr\/#\/schema\/logo\/image\/"},"sameAs":["https:\/\/www.facebook.com\/RepliqueMangaCine","https:\/\/www.instagram.com\/repliquemangacine.fr\/"]}]}},"_links":{"self":[{"href":"https:\/\/repliquemangacine.fr\/de\/wp-json\/wp\/v2\/product\/28432","targetHints":{"allow":["GET"]}}],"collection":[{"href":"https:\/\/repliquemangacine.fr\/de\/wp-json\/wp\/v2\/product"}],"about":[{"href":"https:\/\/repliquemangacine.fr\/de\/wp-json\/wp\/v2\/types\/product"}],"wp:featuredmedia":[{"embeddable":true,"href":"https:\/\/repliquemangacine.fr\/de\/wp-json\/wp\/v2\/media\/28433"}],"wp:attachment":[{"href":"https:\/\/repliquemangacine.fr\/de\/wp-json\/wp\/v2\/media?parent=28432"}],"wp:term":[{"taxonomy":"product_brand","embeddable":true,"href":"https:\/\/repliquemangacine.fr\/de\/wp-json\/wp\/v2\/product_brand?post=28432"},{"taxonomy":"product_cat","embeddable":true,"href":"https:\/\/repliquemangacine.fr\/de\/wp-json\/wp\/v2\/product_cat?post=28432"},{"taxonomy":"product_tag","embeddable":true,"href":"https:\/\/repliquemangacine.fr\/de\/wp-json\/wp\/v2\/product_tag?post=28432"}],"curies":[{"name":"wp","href":"https:\/\/api.w.org\/{rel}","templated":true}]}}