





{"id":28407,"date":"2019-09-26T14:48:54","date_gmt":"2019-09-26T12:48:54","guid":{"rendered":"https:\/\/repliquemangacine.fr\/?post_type=product&#038;p=28407"},"modified":"2025-09-23T18:02:21","modified_gmt":"2025-09-23T16:02:21","slug":"set-von-2-kunai-naruto-mit-gravur","status":"publish","type":"product","link":"https:\/\/repliquemangacine.fr\/de\/kunai-et-shuriken-naruto\/ensemble-de-2-kunai-naruto-avec-gravure\/","title":{"rendered":"2 Kunai Naruto mit Gravur"},"content":{"rendered":"<h2>\u00a02 Kunai Naruto mit Ideogramm und Tasche.<\/h2>\n<p>Zu Beginn wird der Satz von <strong>2 Kunai Naruto<\/strong> wird mit Tragetasche geliefert.<\/p>\n<p>Ein Kunai ist wie ein Shuriken eine Waffe, die h\u00e4ufig von Ninjas verwendet wird. Es handelt sich dabei um eine Blankwaffe von durchschnittlich einer Handl\u00e4nge, die f\u00fcr Verletzungen im Nahkampf bestimmt ist, obwohl sie auch als Wurfwaffe verwendet werden kann.<\/p>\n<p>Kunai k\u00f6nnen auch in einem \u00c4rmel versteckt werden. Wie die meisten Waffen kann auch ein Kunai mit Chakra durchstr\u00f6mt werden und dadurch viel gef\u00fcrchteter werden.<\/p>\n<p>Es gibt verschiedene Stile von <a href=\"https:\/\/naruto.fandom.com\/fr\/wiki\/Kuna\u00ef\" target=\"_blank\" rel=\"noopener noreferrer\">Kunai<\/a>. Minato Namikaze verwendet Kunai mit drei Klingen, denen er ein spezielles Siegel f\u00fcr seine Sofort-Bewegungstechnik verpasst hat, was ihm den Spitznamen \"Gelber Blitz von Konoha\" einbrachte. W\u00e4hrend der letzten Pr\u00fcfung der Ch\u00fbnin-Auswahlpr\u00fcfung benutzte Kabuto ein ringloses Kunai, um ein Mitglied des Anbu zu t\u00f6ten.<\/p>\n<h2>Ihr Set aus 2 Kunai Naruto zum besten Preis.<\/h2>\n<p>Wir bieten dir alle Spr\u00fcche deiner Lieblingscharaktere aus dem ber\u00fchmten Anime-Manga Naruto.<\/p>\n<p>Zun\u00e4chst einmal,<\/p>\n<ul>\n<li>Die Replik von <a href=\"https:\/\/repliquemangacine.fr\/de\/naruto\/schwert-von-zabuza-schwert-kubikiribocho\/\">das Schwert von Zabuza<\/a> mit seinem gro\u00dfen Fleischwolf.<\/li>\n<li>Sowie das <a href=\"https:\/\/repliquemangacine.fr\/de\/naruto\/naruto-koffer-28-teiliges-set\/\">Geschenkbox mit 28 Teilen<\/a> f\u00fcr Naruto-Liebhaber.<\/li>\n<li>Und viele andere, die es in unserem Online-Shop zu entdecken gibt!<\/li>\n<\/ul>\n<p>Deshalb sind hier einige tolle Geschenkideen f\u00fcr Naruto-Fans.<\/p>\n<p>Abschlie\u00dfend k\u00f6nnen Sie auch diesen Satz von <strong>2 Kunai Naruto<\/strong> um Ihre Sammlung und Ihr Zuhause zu versch\u00f6nern.<\/p>\n<p>Vor allem aber sind die beiden Naruto Kunai, Sammler- und Dekorationsst\u00fccke.<\/p>\n<h2>Entdecken Sie unsere neuesten g\u00fcnstigen Naruto-Neuheiten<\/h2>\n<p>Immer auf der Suche nach Neuem und in dem Bestreben, Ihre W\u00fcnsche zu erf\u00fcllen, haben wir einige kleine Nuggets, die Sie demn\u00e4chst entdecken k\u00f6nnen!<\/p>\n<p>Zum Beispiel: Das gro\u00dfe Naruto Kunai mit seinem wei\u00dfen Griff. In K\u00fcrze werden wir Ihnen auch Naruto-Figuren vorstellen.<\/p>\n<p>R\u00e9plique Manga Cin\u00e9 ist ein franz\u00f6sisches Familienunternehmen.<\/p>\n<p><strong>Wir m\u00f6chten Sie darauf hinweisen, dass alle unsere Repliken Sammlerst\u00fccke und Dekorationen sind. Sie k\u00f6nnen sie f\u00fcr historische Rekonstruktionen, Cosplay-Paraden oder als Innendekoration verwenden. Daher ist es nicht m\u00f6glich, sich mit den Repliken an \u00f6ffentlichen Orten aufzuhalten.<\/strong><\/p>","protected":false},"excerpt":{"rendered":"<p>Wundersch\u00f6nes Set aus 2 Naruto Kunai.<\/p>\n<ul>\n<li>Vollst\u00e4ndig aus Stahl aus einem St\u00fcck ( Full tang construction) mit Gravur.<\/li>\n<li>Rotes Baumwollband f\u00fcr einen guten Halt in der Hand.<\/li>\n<li>Wird mit einem schwarzen Cordura-Etui geliefert, das an einem G\u00fcrtel befestigt werden kann.<\/li>\n<li>Gesamtl\u00e4nge jedes Kunai: 16cm<\/li>\n<\/ul>","protected":false},"featured_media":28408,"template":"","meta":[],"product_brand":[896],"product_cat":[108,23,42],"product_tag":[],"class_list":{"0":"post-28407","1":"product","2":"type-product","3":"status-publish","4":"has-post-thumbnail","6":"product_brand-replique-manga-cine","7":"product_cat-kunai-et-shuriken-naruto","8":"product_cat-repliques-manga-jeux-video","9":"product_cat-katana-goodies-naruto-kunai","11":"first","12":"outofstock","13":"taxable","14":"shipping-taxable","15":"purchasable","16":"product-type-simple"},"yoast_head":"<!-- This site is optimized with the Yoast SEO plugin v27.5 - https:\/\/yoast.com\/product\/yoast-seo-wordpress\/ -->\n<title>2 kuna\u00ef Naruto - Produits d\u00e9riv\u00e9s Naruto - R\u00e9plique Manga Cin\u00e9<\/title>\n<meta name=\"description\" content=\"Faite vous plaisir commandez vite cet ensemble de 2 Kuna\u00ef Naruto au meilleur prix. Tout en acier - Longueur totale : 16cm - Envoi 24\/48h\" \/>\n<meta name=\"robots\" content=\"index, follow, max-snippet:-1, max-image-preview:large, max-video-preview:-1\" \/>\n<link rel=\"canonical\" href=\"https:\/\/repliquemangacine.fr\/de\/kunai-und-shuriken-naruto\/set-von-2-kunai-naruto-mit-gravur\/\" \/>\n<meta property=\"og:locale\" content=\"de_DE\" \/>\n<meta property=\"og:type\" content=\"article\" \/>\n<meta property=\"og:title\" content=\"2 kuna\u00ef Naruto - Produits d\u00e9riv\u00e9s Naruto - R\u00e9plique Manga Cin\u00e9\" \/>\n<meta property=\"og:description\" content=\"Faite vous plaisir commandez vite cet ensemble de 2 Kuna\u00ef Naruto au meilleur prix. Tout en acier - Longueur totale : 16cm - Envoi 24\/48h\" \/>\n<meta property=\"og:url\" content=\"https:\/\/repliquemangacine.fr\/de\/kunai-und-shuriken-naruto\/set-von-2-kunai-naruto-mit-gravur\/\" \/>\n<meta property=\"og:site_name\" content=\"R\u00e9plique Manga Cin\u00e9\" \/>\n<meta property=\"article:publisher\" content=\"https:\/\/www.facebook.com\/RepliqueMangaCine\" \/>\n<meta property=\"article:modified_time\" content=\"2025-09-23T16:02:21+00:00\" \/>\n<meta property=\"og:image\" content=\"https:\/\/repliquemangacine.fr\/wp-content\/uploads\/2023\/10\/6653.jpg\" \/>\n\t<meta property=\"og:image:width\" content=\"500\" \/>\n\t<meta property=\"og:image:height\" content=\"500\" \/>\n\t<meta property=\"og:image:type\" content=\"image\/jpeg\" \/>\n<meta name=\"twitter:card\" content=\"summary_large_image\" \/>\n<meta name=\"twitter:label1\" content=\"Gesch\u00e4tzte Lesezeit\" \/>\n\t<meta name=\"twitter:data1\" content=\"1\u00a0Minute\" \/>\n<script type=\"application\/ld+json\" class=\"yoast-schema-graph\">{\"@context\":\"https:\\\/\\\/schema.org\",\"@graph\":[{\"@type\":\"WebPage\",\"@id\":\"https:\\\/\\\/repliquemangacine.fr\\\/de\\\/kunai-und-shuriken-naruto\\\/set-von-2-kunai-naruto-mit-gravur\\\/\",\"url\":\"https:\\\/\\\/repliquemangacine.fr\\\/de\\\/kunai-und-shuriken-naruto\\\/set-von-2-kunai-naruto-mit-gravur\\\/\",\"name\":\"2 kuna\u00ef Naruto - Produits d\u00e9riv\u00e9s Naruto - R\u00e9plique Manga Cin\u00e9\",\"isPartOf\":{\"@id\":\"https:\\\/\\\/repliquemangacine.fr\\\/#website\"},\"primaryImageOfPage\":{\"@id\":\"https:\\\/\\\/repliquemangacine.fr\\\/de\\\/kunai-und-shuriken-naruto\\\/set-von-2-kunai-naruto-mit-gravur\\\/#primaryimage\"},\"image\":{\"@id\":\"https:\\\/\\\/repliquemangacine.fr\\\/de\\\/kunai-und-shuriken-naruto\\\/set-von-2-kunai-naruto-mit-gravur\\\/#primaryimage\"},\"thumbnailUrl\":\"https:\\\/\\\/repliquemangacine.fr\\\/wp-content\\\/uploads\\\/2023\\\/10\\\/6653.jpg\",\"datePublished\":\"2019-09-26T12:48:54+00:00\",\"dateModified\":\"2025-09-23T16:02:21+00:00\",\"description\":\"Faite vous plaisir commandez vite cet ensemble de 2 Kuna\u00ef Naruto au meilleur prix. Tout en acier - Longueur totale : 16cm - Envoi 24\\\/48h\",\"breadcrumb\":{\"@id\":\"https:\\\/\\\/repliquemangacine.fr\\\/de\\\/kunai-und-shuriken-naruto\\\/set-von-2-kunai-naruto-mit-gravur\\\/#breadcrumb\"},\"inLanguage\":\"de\",\"potentialAction\":[{\"@type\":\"ReadAction\",\"target\":[\"https:\\\/\\\/repliquemangacine.fr\\\/de\\\/kunai-und-shuriken-naruto\\\/set-von-2-kunai-naruto-mit-gravur\\\/\"]}]},{\"@type\":\"ImageObject\",\"inLanguage\":\"de\",\"@id\":\"https:\\\/\\\/repliquemangacine.fr\\\/de\\\/kunai-und-shuriken-naruto\\\/set-von-2-kunai-naruto-mit-gravur\\\/#primaryimage\",\"url\":\"https:\\\/\\\/repliquemangacine.fr\\\/wp-content\\\/uploads\\\/2023\\\/10\\\/6653.jpg\",\"contentUrl\":\"https:\\\/\\\/repliquemangacine.fr\\\/wp-content\\\/uploads\\\/2023\\\/10\\\/6653.jpg\",\"width\":500,\"height\":500,\"caption\":\"2 Kuna\u00ef Naruto avec etui\"},{\"@type\":\"BreadcrumbList\",\"@id\":\"https:\\\/\\\/repliquemangacine.fr\\\/de\\\/kunai-und-shuriken-naruto\\\/set-von-2-kunai-naruto-mit-gravur\\\/#breadcrumb\",\"itemListElement\":[{\"@type\":\"ListItem\",\"position\":1,\"name\":\"Accueil\",\"item\":\"https:\\\/\\\/repliquemangacine.fr\\\/\"},{\"@type\":\"ListItem\",\"position\":2,\"name\":\"Produits\",\"item\":\"https:\\\/\\\/repliquemangacine.fr\\\/boutique\\\/\"},{\"@type\":\"ListItem\",\"position\":3,\"name\":\"2 Kuna\u00ef Naruto avec gravure\"}]},{\"@type\":\"WebSite\",\"@id\":\"https:\\\/\\\/repliquemangacine.fr\\\/#website\",\"url\":\"https:\\\/\\\/repliquemangacine.fr\\\/\",\"name\":\"R\u00e9plique Manga Cin\u00e9\",\"description\":\"\",\"publisher\":{\"@id\":\"https:\\\/\\\/repliquemangacine.fr\\\/#organization\"},\"potentialAction\":[{\"@type\":\"SearchAction\",\"target\":{\"@type\":\"EntryPoint\",\"urlTemplate\":\"https:\\\/\\\/repliquemangacine.fr\\\/?s={search_term_string}\"},\"query-input\":{\"@type\":\"PropertyValueSpecification\",\"valueRequired\":true,\"valueName\":\"search_term_string\"}}],\"inLanguage\":\"de\"},{\"@type\":\"Organization\",\"@id\":\"https:\\\/\\\/repliquemangacine.fr\\\/#organization\",\"name\":\"R\u00e9plique Manga Cin\u00e9\",\"url\":\"https:\\\/\\\/repliquemangacine.fr\\\/\",\"logo\":{\"@type\":\"ImageObject\",\"inLanguage\":\"de\",\"@id\":\"https:\\\/\\\/repliquemangacine.fr\\\/#\\\/schema\\\/logo\\\/image\\\/\",\"url\":\"https:\\\/\\\/repliquemangacine.fr\\\/wp-content\\\/uploads\\\/2023\\\/10\\\/RMC-500250.png\",\"contentUrl\":\"https:\\\/\\\/repliquemangacine.fr\\\/wp-content\\\/uploads\\\/2023\\\/10\\\/RMC-500250.png\",\"width\":500,\"height\":250,\"caption\":\"R\u00e9plique Manga Cin\u00e9\"},\"image\":{\"@id\":\"https:\\\/\\\/repliquemangacine.fr\\\/#\\\/schema\\\/logo\\\/image\\\/\"},\"sameAs\":[\"https:\\\/\\\/www.facebook.com\\\/RepliqueMangaCine\",\"https:\\\/\\\/www.instagram.com\\\/repliquemangacine.fr\\\/\"]}]}<\/script>\n<!-- \/ Yoast SEO plugin. -->","yoast_head_json":{"title":"2 Naruto Kunai - Naruto Fanartikel - R\u00e9plique Manga Cin\u00e9","description":"Bestellen Sie dieses Set aus 2 Kunai Naruto zum besten Preis. Ganz aus Stahl - Gesamtl\u00e4nge: 16cm - Versand 24\/48h","robots":{"index":"index","follow":"follow","max-snippet":"max-snippet:-1","max-image-preview":"max-image-preview:large","max-video-preview":"max-video-preview:-1"},"canonical":"https:\/\/repliquemangacine.fr\/de\/kunai-und-shuriken-naruto\/set-von-2-kunai-naruto-mit-gravur\/","og_locale":"de_DE","og_type":"article","og_title":"2 kuna\u00ef Naruto - Produits d\u00e9riv\u00e9s Naruto - R\u00e9plique Manga Cin\u00e9","og_description":"Faite vous plaisir commandez vite cet ensemble de 2 Kuna\u00ef Naruto au meilleur prix. Tout en acier - Longueur totale : 16cm - Envoi 24\/48h","og_url":"https:\/\/repliquemangacine.fr\/de\/kunai-und-shuriken-naruto\/set-von-2-kunai-naruto-mit-gravur\/","og_site_name":"R\u00e9plique Manga Cin\u00e9","article_publisher":"https:\/\/www.facebook.com\/RepliqueMangaCine","article_modified_time":"2025-09-23T16:02:21+00:00","og_image":[{"width":500,"height":500,"url":"https:\/\/repliquemangacine.fr\/wp-content\/uploads\/2023\/10\/6653.jpg","type":"image\/jpeg"}],"twitter_card":"summary_large_image","twitter_misc":{"Gesch\u00e4tzte Lesezeit":"1\u00a0Minute"},"schema":{"@context":"https:\/\/schema.org","@graph":[{"@type":"WebPage","@id":"https:\/\/repliquemangacine.fr\/de\/kunai-und-shuriken-naruto\/set-von-2-kunai-naruto-mit-gravur\/","url":"https:\/\/repliquemangacine.fr\/de\/kunai-und-shuriken-naruto\/set-von-2-kunai-naruto-mit-gravur\/","name":"2 Naruto Kunai - Naruto Fanartikel - R\u00e9plique Manga Cin\u00e9","isPartOf":{"@id":"https:\/\/repliquemangacine.fr\/#website"},"primaryImageOfPage":{"@id":"https:\/\/repliquemangacine.fr\/de\/kunai-und-shuriken-naruto\/set-von-2-kunai-naruto-mit-gravur\/#primaryimage"},"image":{"@id":"https:\/\/repliquemangacine.fr\/de\/kunai-und-shuriken-naruto\/set-von-2-kunai-naruto-mit-gravur\/#primaryimage"},"thumbnailUrl":"https:\/\/repliquemangacine.fr\/wp-content\/uploads\/2023\/10\/6653.jpg","datePublished":"2019-09-26T12:48:54+00:00","dateModified":"2025-09-23T16:02:21+00:00","description":"Bestellen Sie dieses Set aus 2 Kunai Naruto zum besten Preis. Ganz aus Stahl - Gesamtl\u00e4nge: 16cm - Versand 24\/48h","breadcrumb":{"@id":"https:\/\/repliquemangacine.fr\/de\/kunai-und-shuriken-naruto\/set-von-2-kunai-naruto-mit-gravur\/#breadcrumb"},"inLanguage":"de","potentialAction":[{"@type":"ReadAction","target":["https:\/\/repliquemangacine.fr\/de\/kunai-und-shuriken-naruto\/set-von-2-kunai-naruto-mit-gravur\/"]}]},{"@type":"ImageObject","inLanguage":"de","@id":"https:\/\/repliquemangacine.fr\/de\/kunai-und-shuriken-naruto\/set-von-2-kunai-naruto-mit-gravur\/#primaryimage","url":"https:\/\/repliquemangacine.fr\/wp-content\/uploads\/2023\/10\/6653.jpg","contentUrl":"https:\/\/repliquemangacine.fr\/wp-content\/uploads\/2023\/10\/6653.jpg","width":500,"height":500,"caption":"2 Kuna\u00ef Naruto avec etui"},{"@type":"BreadcrumbList","@id":"https:\/\/repliquemangacine.fr\/de\/kunai-und-shuriken-naruto\/set-von-2-kunai-naruto-mit-gravur\/#breadcrumb","itemListElement":[{"@type":"ListItem","position":1,"name":"Accueil","item":"https:\/\/repliquemangacine.fr\/"},{"@type":"ListItem","position":2,"name":"Produits","item":"https:\/\/repliquemangacine.fr\/boutique\/"},{"@type":"ListItem","position":3,"name":"2 Kuna\u00ef Naruto avec gravure"}]},{"@type":"WebSite","@id":"https:\/\/repliquemangacine.fr\/#website","url":"https:\/\/repliquemangacine.fr\/","name":"R\u00e9plique Manga Cin\u00e9","description":"","publisher":{"@id":"https:\/\/repliquemangacine.fr\/#organization"},"potentialAction":[{"@type":"SearchAction","target":{"@type":"EntryPoint","urlTemplate":"https:\/\/repliquemangacine.fr\/?s={search_term_string}"},"query-input":{"@type":"PropertyValueSpecification","valueRequired":true,"valueName":"search_term_string"}}],"inLanguage":"de"},{"@type":"Organization","@id":"https:\/\/repliquemangacine.fr\/#organization","name":"R\u00e9plique Manga Cin\u00e9","url":"https:\/\/repliquemangacine.fr\/","logo":{"@type":"ImageObject","inLanguage":"de","@id":"https:\/\/repliquemangacine.fr\/#\/schema\/logo\/image\/","url":"https:\/\/repliquemangacine.fr\/wp-content\/uploads\/2023\/10\/RMC-500250.png","contentUrl":"https:\/\/repliquemangacine.fr\/wp-content\/uploads\/2023\/10\/RMC-500250.png","width":500,"height":250,"caption":"R\u00e9plique Manga Cin\u00e9"},"image":{"@id":"https:\/\/repliquemangacine.fr\/#\/schema\/logo\/image\/"},"sameAs":["https:\/\/www.facebook.com\/RepliqueMangaCine","https:\/\/www.instagram.com\/repliquemangacine.fr\/"]}]}},"_links":{"self":[{"href":"https:\/\/repliquemangacine.fr\/de\/wp-json\/wp\/v2\/product\/28407","targetHints":{"allow":["GET"]}}],"collection":[{"href":"https:\/\/repliquemangacine.fr\/de\/wp-json\/wp\/v2\/product"}],"about":[{"href":"https:\/\/repliquemangacine.fr\/de\/wp-json\/wp\/v2\/types\/product"}],"wp:featuredmedia":[{"embeddable":true,"href":"https:\/\/repliquemangacine.fr\/de\/wp-json\/wp\/v2\/media\/28408"}],"wp:attachment":[{"href":"https:\/\/repliquemangacine.fr\/de\/wp-json\/wp\/v2\/media?parent=28407"}],"wp:term":[{"taxonomy":"product_brand","embeddable":true,"href":"https:\/\/repliquemangacine.fr\/de\/wp-json\/wp\/v2\/product_brand?post=28407"},{"taxonomy":"product_cat","embeddable":true,"href":"https:\/\/repliquemangacine.fr\/de\/wp-json\/wp\/v2\/product_cat?post=28407"},{"taxonomy":"product_tag","embeddable":true,"href":"https:\/\/repliquemangacine.fr\/de\/wp-json\/wp\/v2\/product_tag?post=28407"}],"curies":[{"name":"wp","href":"https:\/\/api.w.org\/{rel}","templated":true}]}}