





{"id":28402,"date":"2019-09-26T14:35:30","date_gmt":"2019-09-26T12:35:30","guid":{"rendered":"https:\/\/repliquemangacine.fr\/?post_type=product&#038;p=28402"},"modified":"2026-01-28T19:38:56","modified_gmt":"2026-01-28T18:38:56","slug":"set-von-3-kunai-naruto","status":"publish","type":"product","link":"https:\/\/repliquemangacine.fr\/de\/kunai-et-shuriken-naruto\/ensemble-de-3-kunai-naruto\/","title":{"rendered":"Set 3 Kunai Naruto"},"content":{"rendered":"<h2>Set aus 3 Kunai Naruto mit Tasche.<\/h2>\n<p>Zun\u00e4chst einmal wird dieses 3-teilige Kunai-Set von Naruto mit einer Tragetasche geliefert.<\/p>\n<p>Ein Kunai ist wie ein Shuriken eine Waffe, die h\u00e4ufig von Ninjas verwendet wird. Es handelt sich dabei um eine Blankwaffe von durchschnittlich einer Handl\u00e4nge, die f\u00fcr Verletzungen im Nahkampf bestimmt ist, obwohl sie auch als Wurfwaffe verwendet werden kann.<\/p>\n<p>Kunai k\u00f6nnen auch in einem \u00c4rmel versteckt werden. Wie die meisten Waffen kann auch ein Kunai mit Chakra durchstr\u00f6mt werden und dadurch viel gef\u00fcrchteter werden.<\/p>\n<p>Es gibt verschiedene Arten von Kunai. Minato Namikaze verwendet Kunai mit drei Klingen, die er mit einem speziellen Siegel f\u00fcr seine Teleportationstechnik versehen hat, was ihm den Spitznamen \u2019Gelber Blitz von Konoha\u00ab eingebracht hat. W\u00e4hrend der letzten Pr\u00fcfung der Ch\u016bnin-Auswahlpr\u00fcfung verwendete Kabuto ein <a href=\"https:\/\/naruto.fandom.com\/fr\/wiki\/Kuna\u00ef\" target=\"_blank\" rel=\"noopener noreferrer\">kuna\u00ef<\/a> ohne Ring, um ein Mitglied der Anbu zu t\u00f6ten.<\/p>\n<h2>Ihr 3 Kunai Naruto Set zum besten Preis.<\/h2>\n<p>Wir bieten Ihnen alle Repliken Ihrer Lieblingscharaktere aus dem Anime-Manga Naruto.<\/p>\n<p>Zun\u00e4chst einmal,<\/p>\n<ul>\n<li>Die Nachbildung des<a href=\"https:\/\/repliquemangacine.fr\/de\/katana-goodies-naruto\/schwert-kusanagi-sasuke-naruto\/\">Sasukes Schwert<\/a> das Kusanagi-Katana Manga-Version und Anime-Version.<\/li>\n<li>Sowie das <a href=\"https:\/\/repliquemangacine.fr\/de\/katana-goodies-naruto\/naruto-koffer-28-teiliges-set\/\">Geschenkbox mit 28 Teilen<\/a> f\u00fcr Naruto-Liebhaber.<\/li>\n<li>Es gibt auch die Replik des <a href=\"https:\/\/repliquemangacine.fr\/de\/katana-goodies-naruto\/katana-kakashi-hatake-anbu-naruto\/\">shirasaya von Kakashi Hatake Anbu<\/a>.<\/li>\n<li>Und noch viele andere, die es zu entdecken gilt!<\/li>\n<\/ul>\n<p>Deshalb sind hier einige tolle Geschenkideen f\u00fcr Naruto-Fans.<\/p>\n<p>Abschlie\u00dfend l\u00e4sst sich sagen, dass Sie dieses 3-teilige Naruto-Kunai-Set auch f\u00fcr Ihre Cosplays verwenden k\u00f6nnen.<\/p>\n<p>Aber in erster Linie sind die Naruto Kunai, Sammlerst\u00fccke und Dekorationen.<\/p>\n<h2>Entdecken Sie unsere neuesten g\u00fcnstigen Naruto-Neuheiten<\/h2>\n<p>Immer auf der Suche nach Neuem und in dem Bestreben, Ihre W\u00fcnsche zu erf\u00fcllen, haben wir einige kleine Nuggets, die Sie demn\u00e4chst entdecken k\u00f6nnen!<\/p>\n<p>Zum Beispiel: Das gro\u00dfe Naruto Kunai mit seinem wei\u00dfen Griff. In K\u00fcrze werden wir Ihnen auch Naruto-Figuren vorstellen.<\/p>\n<p>R\u00e9plique Manga Cin\u00e9 ist ein franz\u00f6sisches Familienunternehmen.<\/p>\n<p><strong>Wir m\u00f6chten Sie darauf hinweisen, dass alle unsere Repliken Sammlerst\u00fccke und Dekorationen sind. Sie k\u00f6nnen sie f\u00fcr historische Rekonstruktionen, Cosplay-Paraden oder als Innendekoration verwenden. Daher ist es nicht m\u00f6glich, sich mit den Repliken an \u00f6ffentlichen Orten aufzuhalten.<\/strong><\/p>","protected":false},"excerpt":{"rendered":"<p>Wundersch\u00f6ner Satz von 3 Kunai<\/p>\n<ul>\n<li>Ganz aus doppelt abgeschr\u00e4gtem Stahl.<\/li>\n<li>Rotes satiniertes Baumwollband am Griff.<\/li>\n<li>Dekoband<\/li>\n<li>Wird mit einem schwarzen Cordura-Etui geliefert, das am G\u00fcrtel befestigt werden kann.<\/li>\n<li>Gesamtl\u00e4nge jedes Kunai: 13cm<\/li>\n<\/ul>","protected":false},"featured_media":78217,"template":"","meta":[],"product_brand":[896],"product_cat":[108],"product_tag":[],"class_list":{"0":"post-28402","1":"product","2":"type-product","3":"status-publish","4":"has-post-thumbnail","6":"product_brand-replique-manga-cine","7":"product_cat-kunai-et-shuriken-naruto","9":"first","10":"instock","11":"taxable","12":"shipping-taxable","13":"purchasable","14":"product-type-simple"},"yoast_head":"<!-- This site is optimized with the Yoast SEO plugin v27.4 - https:\/\/yoast.com\/product\/yoast-seo-wordpress\/ -->\n<title>Ensemble 3 Kuna\u00ef Naruto - Goodies Naruto - R\u00e9plique Manga Cin\u00e9<\/title>\n<meta name=\"description\" content=\"Commandez vite ! cet Ensemble 3 Kuna\u00ef Naruto au meilleur prix. Tout en m\u00e9tal. Lame en acier. Longueur totale : 16cm - Envoi 24\/48h\" \/>\n<meta name=\"robots\" content=\"index, follow, max-snippet:-1, max-image-preview:large, max-video-preview:-1\" \/>\n<link rel=\"canonical\" href=\"https:\/\/repliquemangacine.fr\/de\/kunai-und-shuriken-naruto\/set-von-3-kunai-naruto\/\" \/>\n<meta property=\"og:locale\" content=\"de_DE\" \/>\n<meta property=\"og:type\" content=\"article\" \/>\n<meta property=\"og:title\" content=\"Ensemble 3 Kuna\u00ef Naruto - Goodies Naruto - R\u00e9plique Manga Cin\u00e9\" \/>\n<meta property=\"og:description\" content=\"Commandez vite ! cet Ensemble 3 Kuna\u00ef Naruto au meilleur prix. Tout en m\u00e9tal. Lame en acier. Longueur totale : 16cm - Envoi 24\/48h\" \/>\n<meta property=\"og:url\" content=\"https:\/\/repliquemangacine.fr\/de\/kunai-und-shuriken-naruto\/set-von-3-kunai-naruto\/\" \/>\n<meta property=\"og:site_name\" content=\"R\u00e9plique Manga Cin\u00e9\" \/>\n<meta property=\"article:publisher\" content=\"https:\/\/www.facebook.com\/RepliqueMangaCine\" \/>\n<meta property=\"article:modified_time\" content=\"2026-01-28T18:38:56+00:00\" \/>\n<meta property=\"og:image\" content=\"https:\/\/repliquemangacine.fr\/wp-content\/uploads\/2019\/09\/kunai-ensemble-de-trois-.jpg\" \/>\n\t<meta property=\"og:image:width\" content=\"500\" \/>\n\t<meta property=\"og:image:height\" content=\"500\" \/>\n\t<meta property=\"og:image:type\" content=\"image\/jpeg\" \/>\n<meta name=\"twitter:card\" content=\"summary_large_image\" \/>\n<meta name=\"twitter:label1\" content=\"Gesch\u00e4tzte Lesezeit\" \/>\n\t<meta name=\"twitter:data1\" content=\"3\u00a0Minuten\" \/>\n<script type=\"application\/ld+json\" class=\"yoast-schema-graph\">{\"@context\":\"https:\\\/\\\/schema.org\",\"@graph\":[{\"@type\":\"WebPage\",\"@id\":\"https:\\\/\\\/repliquemangacine.fr\\\/kunai-et-shuriken-naruto\\\/ensemble-de-3-kunai-naruto\\\/\",\"url\":\"https:\\\/\\\/repliquemangacine.fr\\\/kunai-et-shuriken-naruto\\\/ensemble-de-3-kunai-naruto\\\/\",\"name\":\"Ensemble 3 Kuna\u00ef Naruto - Goodies Naruto - R\u00e9plique Manga Cin\u00e9\",\"isPartOf\":{\"@id\":\"https:\\\/\\\/repliquemangacine.fr\\\/#website\"},\"primaryImageOfPage\":{\"@id\":\"https:\\\/\\\/repliquemangacine.fr\\\/kunai-et-shuriken-naruto\\\/ensemble-de-3-kunai-naruto\\\/#primaryimage\"},\"image\":{\"@id\":\"https:\\\/\\\/repliquemangacine.fr\\\/kunai-et-shuriken-naruto\\\/ensemble-de-3-kunai-naruto\\\/#primaryimage\"},\"thumbnailUrl\":\"https:\\\/\\\/repliquemangacine.fr\\\/wp-content\\\/uploads\\\/2019\\\/09\\\/kunai-ensemble-de-trois-.jpg\",\"datePublished\":\"2019-09-26T12:35:30+00:00\",\"dateModified\":\"2026-01-28T18:38:56+00:00\",\"description\":\"Commandez vite ! cet Ensemble 3 Kuna\u00ef Naruto au meilleur prix. Tout en m\u00e9tal. Lame en acier. Longueur totale : 16cm - Envoi 24\\\/48h\",\"breadcrumb\":{\"@id\":\"https:\\\/\\\/repliquemangacine.fr\\\/kunai-et-shuriken-naruto\\\/ensemble-de-3-kunai-naruto\\\/#breadcrumb\"},\"inLanguage\":\"de\",\"potentialAction\":[{\"@type\":\"ReadAction\",\"target\":[\"https:\\\/\\\/repliquemangacine.fr\\\/kunai-et-shuriken-naruto\\\/ensemble-de-3-kunai-naruto\\\/\"]}]},{\"@type\":\"ImageObject\",\"inLanguage\":\"de\",\"@id\":\"https:\\\/\\\/repliquemangacine.fr\\\/kunai-et-shuriken-naruto\\\/ensemble-de-3-kunai-naruto\\\/#primaryimage\",\"url\":\"https:\\\/\\\/repliquemangacine.fr\\\/wp-content\\\/uploads\\\/2019\\\/09\\\/kunai-ensemble-de-trois-.jpg\",\"contentUrl\":\"https:\\\/\\\/repliquemangacine.fr\\\/wp-content\\\/uploads\\\/2019\\\/09\\\/kunai-ensemble-de-trois-.jpg\",\"width\":500,\"height\":500,\"caption\":\"Ensemble de 3 Kuna\u00ef\"},{\"@type\":\"BreadcrumbList\",\"@id\":\"https:\\\/\\\/repliquemangacine.fr\\\/kunai-et-shuriken-naruto\\\/ensemble-de-3-kunai-naruto\\\/#breadcrumb\",\"itemListElement\":[{\"@type\":\"ListItem\",\"position\":1,\"name\":\"Accueil\",\"item\":\"https:\\\/\\\/repliquemangacine.fr\\\/\"},{\"@type\":\"ListItem\",\"position\":2,\"name\":\"Produits\",\"item\":\"https:\\\/\\\/repliquemangacine.fr\\\/boutique\\\/\"},{\"@type\":\"ListItem\",\"position\":3,\"name\":\"Ensemble 3 Kuna\u00ef Naruto\"}]},{\"@type\":\"WebSite\",\"@id\":\"https:\\\/\\\/repliquemangacine.fr\\\/#website\",\"url\":\"https:\\\/\\\/repliquemangacine.fr\\\/\",\"name\":\"R\u00e9plique Manga Cin\u00e9\",\"description\":\"\",\"publisher\":{\"@id\":\"https:\\\/\\\/repliquemangacine.fr\\\/#organization\"},\"potentialAction\":[{\"@type\":\"SearchAction\",\"target\":{\"@type\":\"EntryPoint\",\"urlTemplate\":\"https:\\\/\\\/repliquemangacine.fr\\\/?s={search_term_string}\"},\"query-input\":{\"@type\":\"PropertyValueSpecification\",\"valueRequired\":true,\"valueName\":\"search_term_string\"}}],\"inLanguage\":\"de\"},{\"@type\":\"Organization\",\"@id\":\"https:\\\/\\\/repliquemangacine.fr\\\/#organization\",\"name\":\"R\u00e9plique Manga Cin\u00e9\",\"url\":\"https:\\\/\\\/repliquemangacine.fr\\\/\",\"logo\":{\"@type\":\"ImageObject\",\"inLanguage\":\"de\",\"@id\":\"https:\\\/\\\/repliquemangacine.fr\\\/#\\\/schema\\\/logo\\\/image\\\/\",\"url\":\"https:\\\/\\\/repliquemangacine.fr\\\/wp-content\\\/uploads\\\/2023\\\/10\\\/RMC-500250.png\",\"contentUrl\":\"https:\\\/\\\/repliquemangacine.fr\\\/wp-content\\\/uploads\\\/2023\\\/10\\\/RMC-500250.png\",\"width\":500,\"height\":250,\"caption\":\"R\u00e9plique Manga Cin\u00e9\"},\"image\":{\"@id\":\"https:\\\/\\\/repliquemangacine.fr\\\/#\\\/schema\\\/logo\\\/image\\\/\"},\"sameAs\":[\"https:\\\/\\\/www.facebook.com\\\/RepliqueMangaCine\",\"https:\\\/\\\/www.instagram.com\\\/repliquemangacine.fr\\\/\"]}]}<\/script>\n<!-- \/ Yoast SEO plugin. -->","yoast_head_json":{"title":"Set 3 Kunai Naruto - Goodies Naruto - R\u00e9plique Manga Cin\u00e9","description":"Bestellen Sie schnell! Dieses Set 3 Kunai Naruto zum besten Preis. Komplett aus Metall gefertigt. Klinge aus Stahl. Gesamtl\u00e4nge: 16cm - Versand 24\/48h","robots":{"index":"index","follow":"follow","max-snippet":"max-snippet:-1","max-image-preview":"max-image-preview:large","max-video-preview":"max-video-preview:-1"},"canonical":"https:\/\/repliquemangacine.fr\/de\/kunai-und-shuriken-naruto\/set-von-3-kunai-naruto\/","og_locale":"de_DE","og_type":"article","og_title":"Ensemble 3 Kuna\u00ef Naruto - Goodies Naruto - R\u00e9plique Manga Cin\u00e9","og_description":"Commandez vite ! cet Ensemble 3 Kuna\u00ef Naruto au meilleur prix. Tout en m\u00e9tal. Lame en acier. Longueur totale : 16cm - Envoi 24\/48h","og_url":"https:\/\/repliquemangacine.fr\/de\/kunai-und-shuriken-naruto\/set-von-3-kunai-naruto\/","og_site_name":"R\u00e9plique Manga Cin\u00e9","article_publisher":"https:\/\/www.facebook.com\/RepliqueMangaCine","article_modified_time":"2026-01-28T18:38:56+00:00","og_image":[{"width":500,"height":500,"url":"https:\/\/repliquemangacine.fr\/wp-content\/uploads\/2019\/09\/kunai-ensemble-de-trois-.jpg","type":"image\/jpeg"}],"twitter_card":"summary_large_image","twitter_misc":{"Gesch\u00e4tzte Lesezeit":"3\u00a0Minuten"},"schema":{"@context":"https:\/\/schema.org","@graph":[{"@type":"WebPage","@id":"https:\/\/repliquemangacine.fr\/kunai-et-shuriken-naruto\/ensemble-de-3-kunai-naruto\/","url":"https:\/\/repliquemangacine.fr\/kunai-et-shuriken-naruto\/ensemble-de-3-kunai-naruto\/","name":"Set 3 Kunai Naruto - Goodies Naruto - R\u00e9plique Manga Cin\u00e9","isPartOf":{"@id":"https:\/\/repliquemangacine.fr\/#website"},"primaryImageOfPage":{"@id":"https:\/\/repliquemangacine.fr\/kunai-et-shuriken-naruto\/ensemble-de-3-kunai-naruto\/#primaryimage"},"image":{"@id":"https:\/\/repliquemangacine.fr\/kunai-et-shuriken-naruto\/ensemble-de-3-kunai-naruto\/#primaryimage"},"thumbnailUrl":"https:\/\/repliquemangacine.fr\/wp-content\/uploads\/2019\/09\/kunai-ensemble-de-trois-.jpg","datePublished":"2019-09-26T12:35:30+00:00","dateModified":"2026-01-28T18:38:56+00:00","description":"Bestellen Sie schnell! Dieses Set 3 Kunai Naruto zum besten Preis. Komplett aus Metall gefertigt. Klinge aus Stahl. Gesamtl\u00e4nge: 16cm - Versand 24\/48h","breadcrumb":{"@id":"https:\/\/repliquemangacine.fr\/kunai-et-shuriken-naruto\/ensemble-de-3-kunai-naruto\/#breadcrumb"},"inLanguage":"de","potentialAction":[{"@type":"ReadAction","target":["https:\/\/repliquemangacine.fr\/kunai-et-shuriken-naruto\/ensemble-de-3-kunai-naruto\/"]}]},{"@type":"ImageObject","inLanguage":"de","@id":"https:\/\/repliquemangacine.fr\/kunai-et-shuriken-naruto\/ensemble-de-3-kunai-naruto\/#primaryimage","url":"https:\/\/repliquemangacine.fr\/wp-content\/uploads\/2019\/09\/kunai-ensemble-de-trois-.jpg","contentUrl":"https:\/\/repliquemangacine.fr\/wp-content\/uploads\/2019\/09\/kunai-ensemble-de-trois-.jpg","width":500,"height":500,"caption":"Ensemble de 3 Kuna\u00ef"},{"@type":"BreadcrumbList","@id":"https:\/\/repliquemangacine.fr\/kunai-et-shuriken-naruto\/ensemble-de-3-kunai-naruto\/#breadcrumb","itemListElement":[{"@type":"ListItem","position":1,"name":"Accueil","item":"https:\/\/repliquemangacine.fr\/"},{"@type":"ListItem","position":2,"name":"Produits","item":"https:\/\/repliquemangacine.fr\/boutique\/"},{"@type":"ListItem","position":3,"name":"Ensemble 3 Kuna\u00ef Naruto"}]},{"@type":"WebSite","@id":"https:\/\/repliquemangacine.fr\/#website","url":"https:\/\/repliquemangacine.fr\/","name":"R\u00e9plique Manga Cin\u00e9","description":"","publisher":{"@id":"https:\/\/repliquemangacine.fr\/#organization"},"potentialAction":[{"@type":"SearchAction","target":{"@type":"EntryPoint","urlTemplate":"https:\/\/repliquemangacine.fr\/?s={search_term_string}"},"query-input":{"@type":"PropertyValueSpecification","valueRequired":true,"valueName":"search_term_string"}}],"inLanguage":"de"},{"@type":"Organization","@id":"https:\/\/repliquemangacine.fr\/#organization","name":"R\u00e9plique Manga Cin\u00e9","url":"https:\/\/repliquemangacine.fr\/","logo":{"@type":"ImageObject","inLanguage":"de","@id":"https:\/\/repliquemangacine.fr\/#\/schema\/logo\/image\/","url":"https:\/\/repliquemangacine.fr\/wp-content\/uploads\/2023\/10\/RMC-500250.png","contentUrl":"https:\/\/repliquemangacine.fr\/wp-content\/uploads\/2023\/10\/RMC-500250.png","width":500,"height":250,"caption":"R\u00e9plique Manga Cin\u00e9"},"image":{"@id":"https:\/\/repliquemangacine.fr\/#\/schema\/logo\/image\/"},"sameAs":["https:\/\/www.facebook.com\/RepliqueMangaCine","https:\/\/www.instagram.com\/repliquemangacine.fr\/"]}]}},"_links":{"self":[{"href":"https:\/\/repliquemangacine.fr\/de\/wp-json\/wp\/v2\/product\/28402","targetHints":{"allow":["GET"]}}],"collection":[{"href":"https:\/\/repliquemangacine.fr\/de\/wp-json\/wp\/v2\/product"}],"about":[{"href":"https:\/\/repliquemangacine.fr\/de\/wp-json\/wp\/v2\/types\/product"}],"wp:featuredmedia":[{"embeddable":true,"href":"https:\/\/repliquemangacine.fr\/de\/wp-json\/wp\/v2\/media\/78217"}],"wp:attachment":[{"href":"https:\/\/repliquemangacine.fr\/de\/wp-json\/wp\/v2\/media?parent=28402"}],"wp:term":[{"taxonomy":"product_brand","embeddable":true,"href":"https:\/\/repliquemangacine.fr\/de\/wp-json\/wp\/v2\/product_brand?post=28402"},{"taxonomy":"product_cat","embeddable":true,"href":"https:\/\/repliquemangacine.fr\/de\/wp-json\/wp\/v2\/product_cat?post=28402"},{"taxonomy":"product_tag","embeddable":true,"href":"https:\/\/repliquemangacine.fr\/de\/wp-json\/wp\/v2\/product_tag?post=28402"}],"curies":[{"name":"wp","href":"https:\/\/api.w.org\/{rel}","templated":true}]}}