





{"id":28384,"date":"2019-09-08T15:42:38","date_gmt":"2019-09-08T13:42:38","guid":{"rendered":"https:\/\/repliquemangacine.fr\/?post_type=product&#038;p=28384"},"modified":"2025-09-23T18:02:19","modified_gmt":"2025-09-23T16:02:19","slug":"machete-kukri-eureka-2-machete-zombiekiller-the-walking-dead","status":"publish","type":"product","link":"https:\/\/repliquemangacine.fr\/de\/armes-the-walking-dead\/machette-kukri-eureka-2-machette-tueur-de-zombie-the-walking-dead\/","title":{"rendered":"Machete Kukri Eureka 2"},"content":{"rendered":"<h2>Machete Kukri Eureka 2<\/h2>\n<p>Die Kukri Eureka 2 Machete wurde speziell zum T\u00f6ten von Zombies entwickelt! Machete, die von Eugene in The Walking Dead benutzt wird.<\/p>\n<p>Eine <a href=\"https:\/\/fr.wikipedia.org\/wiki\/Machette\" target=\"_blank\" rel=\"noopener noreferrer\">Machete<\/a> ist ein langes, kurzstieliges Messer mit einer dicken Klinge, die etwa 40 cm lang ist und als Werkzeug zum Schneiden von Vegetation gedacht ist. \u00dcbrigens wird es normalerweise dazu verwendet, sich durch dichte Vegetation zu schlagen und harte N\u00fcsse wie Kokosn\u00fcsse zu \u00f6ffnen.<\/p>\n<p>Es muss betont werden, dass die Machete in der zweiten H\u00e4lfte des 19. Jahrhunderts und in der ersten H\u00e4lfte des 20. Jahrhunderts unter dem Namen \"sabre d'abattis\" (Schlachtschwert) in der franz\u00f6sischen Armee als Dotierung vorhanden war.<\/p>\n<p>Weit verbreitet in Filmen und Videospielen. In Assassin's Creed III: Liberation verwendet die Heldin Aveline de Grandpr\u00e9 im Nahkampf eine Machete.<\/p>\n<h2>Ihre Kukri Eureka 2 Machete zum besten Preis.<\/h2>\n<p>Wir bieten Ihnen eine gro\u00dfe Auswahl an Spr\u00fcchen aus der Serie The Walking Dead.<\/p>\n<p>Zun\u00e4chst einmal,<\/p>\n<ul>\n<li>Die identische Nachbildung des <a href=\"https:\/\/repliquemangacine.fr\/de\/filme-tv-serien-verkauf-von-katana-schwertern-und-derivaten\/katana-schmiede-von-michonne\/\">Michonnes Katana<\/a> schneidende Version in der Serie \"The Walking dead\".<\/li>\n<li>Es gibt auch die <a href=\"https:\/\/repliquemangacine.fr\/de\/the-walking-dead\/machete-zombie-killer\/\">Machete Zombie-Killer<\/a>.<\/li>\n<li>Und noch viel mehr gibt es in unserem Online-Shop zu entdecken!<\/li>\n<\/ul>\n<p>Deshalb ist dies eine tolle Geschenkidee f\u00fcr alle, die sich f\u00fcr die Serie The Walking Dead begeistern.<\/p>\n<p>Abschlie\u00dfend l\u00e4sst sich sagen, dass Sie diese Kukri Eureka 2 Machete auch f\u00fcr Ihre Halloweens oder Themenpartys verwenden k\u00f6nnen. In erster Linie ist sie jedoch ein Sammler- und Dekorationsst\u00fcck<\/p>\n<h2>Wie pflegt man die Klinge seines Schwertes?<\/h2>\n<p>Sammlungs- und Dekorationsschwerter werden in vereinfachter Form hergestellt und zusammengebaut. Da sie zu Dekorationszwecken verwendet werden, fehlen ihnen die Sicherheitselemente, die ein japanisches Schwert f\u00fcr Trainingszwecke aufweisen muss.<\/p>\n<p>Allerdings ist Ihr <strong>Machete Kukri Eureka 2<\/strong> zu einer Stahlklinge, die gepflegt werden muss, damit sie nicht mit der Zeit abgenutzt wird. Denn wenn du dein Katana ausstellst, werden deine Freunde neugierig sein, die Klinge zu sehen und sie zu ber\u00fchren. Hier ist Vorsicht geboten, denn Sie sollten wissen, dass die S\u00e4ure der Finger dem Stahl unabh\u00e4ngig von seiner Qualit\u00e4t sehr schadet.<\/p>\n<p>Wenn dies jedoch passiert, keine Panik, Sie brauchen nur ein Tuch, das mit etwas \u00d6l befeuchtet ist, und wischen die Fingerabdr\u00fccke ab. Wenn Sie dies tun, werden Sie Ihr Schwert sehr lange behalten.<\/p>","protected":false},"excerpt":{"rendered":"<p>Machete, die von Eugene in The Walking Dead benutzt wird.<\/p>\n<ul>\n<li>Vorgeschliffene Klinge aus 440er Stahl.<\/li>\n<li>Griff aus ABS, der von drei Schrauben und Muttern gehalten wird.<\/li>\n<li>Aufbewahrungstasche aus Cordura.<\/li>\n<li>Klingenl\u00e4nge: 44 cm - Gesamtl\u00e4nge: 61 cm - Gewicht: 675 Gramm<\/li>\n<\/ul>","protected":false},"featured_media":28385,"template":"","meta":[],"product_brand":[896],"product_cat":[24,62],"product_tag":[648,641,649],"class_list":{"0":"post-28384","1":"product","2":"type-product","3":"status-publish","4":"has-post-thumbnail","6":"product_brand-replique-manga-cine","7":"product_cat-films-series-tv-vente-de-katana-epee-et-produits-derives","8":"product_cat-armes-the-walking-dead","9":"product_tag-kukri","10":"product_tag-machette","11":"product_tag-machette-kukri","13":"first","14":"instock","15":"taxable","16":"shipping-taxable","17":"purchasable","18":"product-type-simple"},"yoast_head":"<!-- This site is optimized with the Yoast SEO plugin v27.5 - https:\/\/yoast.com\/product\/yoast-seo-wordpress\/ -->\n<title>Machette Kukri Eureka 2 - Walking Dead - R\u00e9plique Manga Cin\u00e9<\/title>\n<meta name=\"description\" content=\"Commandez vite ! votre Machette Kukri Eureka 2 au meilleur prix. Lame en acier - Fait d&#039;une seule pi\u00e8ce - Poign\u00e9e ABS - Longueur totale : 61 cm\" \/>\n<meta name=\"robots\" content=\"index, follow, max-snippet:-1, max-image-preview:large, max-video-preview:-1\" \/>\n<link rel=\"canonical\" href=\"https:\/\/repliquemangacine.fr\/de\/waffen-the-walking-dead\/machete-kukri-eureka-2-machete-zombiekiller-the-walking-dead\/\" \/>\n<meta property=\"og:locale\" content=\"de_DE\" \/>\n<meta property=\"og:type\" content=\"article\" \/>\n<meta property=\"og:title\" content=\"Machette Kukri Eureka 2 - Walking Dead - R\u00e9plique Manga Cin\u00e9\" \/>\n<meta property=\"og:description\" content=\"Commandez vite ! votre Machette Kukri Eureka 2 au meilleur prix. Lame en acier - Fait d&#039;une seule pi\u00e8ce - Poign\u00e9e ABS - Longueur totale : 61 cm\" \/>\n<meta property=\"og:url\" content=\"https:\/\/repliquemangacine.fr\/de\/waffen-the-walking-dead\/machete-kukri-eureka-2-machete-zombiekiller-the-walking-dead\/\" \/>\n<meta property=\"og:site_name\" content=\"R\u00e9plique Manga Cin\u00e9\" \/>\n<meta property=\"article:publisher\" content=\"https:\/\/www.facebook.com\/RepliqueMangaCine\" \/>\n<meta property=\"article:modified_time\" content=\"2025-09-23T16:02:19+00:00\" \/>\n<meta property=\"og:image\" content=\"https:\/\/repliquemangacine.fr\/wp-content\/uploads\/2023\/10\/3087-Machette-Kukri-Eureka-II.jpg\" \/>\n\t<meta property=\"og:image:width\" content=\"800\" \/>\n\t<meta property=\"og:image:height\" content=\"800\" \/>\n\t<meta property=\"og:image:type\" content=\"image\/jpeg\" \/>\n<meta name=\"twitter:card\" content=\"summary_large_image\" \/>\n<meta name=\"twitter:label1\" content=\"Gesch\u00e4tzte Lesezeit\" \/>\n\t<meta name=\"twitter:data1\" content=\"1\u00a0Minute\" \/>\n<script type=\"application\/ld+json\" class=\"yoast-schema-graph\">{\"@context\":\"https:\\\/\\\/schema.org\",\"@graph\":[{\"@type\":\"WebPage\",\"@id\":\"https:\\\/\\\/repliquemangacine.fr\\\/en\\\/weapons-the-walking-dead\\\/kukri-eureka-2-machete-zombie-killer-the-walking-dead\\\/\",\"url\":\"https:\\\/\\\/repliquemangacine.fr\\\/en\\\/weapons-the-walking-dead\\\/kukri-eureka-2-machete-zombie-killer-the-walking-dead\\\/\",\"name\":\"Machette Kukri Eureka 2 - Walking Dead - R\u00e9plique Manga Cin\u00e9\",\"isPartOf\":{\"@id\":\"https:\\\/\\\/repliquemangacine.fr\\\/#website\"},\"primaryImageOfPage\":{\"@id\":\"https:\\\/\\\/repliquemangacine.fr\\\/en\\\/weapons-the-walking-dead\\\/kukri-eureka-2-machete-zombie-killer-the-walking-dead\\\/#primaryimage\"},\"image\":{\"@id\":\"https:\\\/\\\/repliquemangacine.fr\\\/en\\\/weapons-the-walking-dead\\\/kukri-eureka-2-machete-zombie-killer-the-walking-dead\\\/#primaryimage\"},\"thumbnailUrl\":\"https:\\\/\\\/repliquemangacine.fr\\\/wp-content\\\/uploads\\\/2023\\\/10\\\/3087-Machette-Kukri-Eureka-II.jpg\",\"datePublished\":\"2019-09-08T13:42:38+00:00\",\"dateModified\":\"2025-09-23T16:02:19+00:00\",\"description\":\"Commandez vite ! votre Machette Kukri Eureka 2 au meilleur prix. Lame en acier - Fait d'une seule pi\u00e8ce - Poign\u00e9e ABS - Longueur totale : 61 cm\",\"breadcrumb\":{\"@id\":\"https:\\\/\\\/repliquemangacine.fr\\\/en\\\/weapons-the-walking-dead\\\/kukri-eureka-2-machete-zombie-killer-the-walking-dead\\\/#breadcrumb\"},\"inLanguage\":\"de\",\"potentialAction\":[{\"@type\":\"ReadAction\",\"target\":[\"https:\\\/\\\/repliquemangacine.fr\\\/en\\\/weapons-the-walking-dead\\\/kukri-eureka-2-machete-zombie-killer-the-walking-dead\\\/\"]}]},{\"@type\":\"ImageObject\",\"inLanguage\":\"de\",\"@id\":\"https:\\\/\\\/repliquemangacine.fr\\\/en\\\/weapons-the-walking-dead\\\/kukri-eureka-2-machete-zombie-killer-the-walking-dead\\\/#primaryimage\",\"url\":\"https:\\\/\\\/repliquemangacine.fr\\\/wp-content\\\/uploads\\\/2023\\\/10\\\/3087-Machette-Kukri-Eureka-II.jpg\",\"contentUrl\":\"https:\\\/\\\/repliquemangacine.fr\\\/wp-content\\\/uploads\\\/2023\\\/10\\\/3087-Machette-Kukri-Eureka-II.jpg\",\"width\":800,\"height\":800,\"caption\":\"Machette Kukri Eureka II\"},{\"@type\":\"BreadcrumbList\",\"@id\":\"https:\\\/\\\/repliquemangacine.fr\\\/en\\\/weapons-the-walking-dead\\\/kukri-eureka-2-machete-zombie-killer-the-walking-dead\\\/#breadcrumb\",\"itemListElement\":[{\"@type\":\"ListItem\",\"position\":1,\"name\":\"Accueil\",\"item\":\"https:\\\/\\\/repliquemangacine.fr\\\/\"},{\"@type\":\"ListItem\",\"position\":2,\"name\":\"Produits\",\"item\":\"https:\\\/\\\/repliquemangacine.fr\\\/boutique\\\/\"},{\"@type\":\"ListItem\",\"position\":3,\"name\":\"Machette Kukri Eureka 2\"}]},{\"@type\":\"WebSite\",\"@id\":\"https:\\\/\\\/repliquemangacine.fr\\\/#website\",\"url\":\"https:\\\/\\\/repliquemangacine.fr\\\/\",\"name\":\"R\u00e9plique Manga Cin\u00e9\",\"description\":\"\",\"publisher\":{\"@id\":\"https:\\\/\\\/repliquemangacine.fr\\\/#organization\"},\"potentialAction\":[{\"@type\":\"SearchAction\",\"target\":{\"@type\":\"EntryPoint\",\"urlTemplate\":\"https:\\\/\\\/repliquemangacine.fr\\\/?s={search_term_string}\"},\"query-input\":{\"@type\":\"PropertyValueSpecification\",\"valueRequired\":true,\"valueName\":\"search_term_string\"}}],\"inLanguage\":\"de\"},{\"@type\":\"Organization\",\"@id\":\"https:\\\/\\\/repliquemangacine.fr\\\/#organization\",\"name\":\"R\u00e9plique Manga Cin\u00e9\",\"url\":\"https:\\\/\\\/repliquemangacine.fr\\\/\",\"logo\":{\"@type\":\"ImageObject\",\"inLanguage\":\"de\",\"@id\":\"https:\\\/\\\/repliquemangacine.fr\\\/#\\\/schema\\\/logo\\\/image\\\/\",\"url\":\"https:\\\/\\\/repliquemangacine.fr\\\/wp-content\\\/uploads\\\/2023\\\/10\\\/RMC-500250.png\",\"contentUrl\":\"https:\\\/\\\/repliquemangacine.fr\\\/wp-content\\\/uploads\\\/2023\\\/10\\\/RMC-500250.png\",\"width\":500,\"height\":250,\"caption\":\"R\u00e9plique Manga Cin\u00e9\"},\"image\":{\"@id\":\"https:\\\/\\\/repliquemangacine.fr\\\/#\\\/schema\\\/logo\\\/image\\\/\"},\"sameAs\":[\"https:\\\/\\\/www.facebook.com\\\/RepliqueMangaCine\",\"https:\\\/\\\/www.instagram.com\\\/repliquemangacine.fr\\\/\"]}]}<\/script>\n<!-- \/ Yoast SEO plugin. -->","yoast_head_json":{"title":"Machete Kukri Eureka 2 - Walking Dead - R\u00e9plique Manga Cin\u00e9","description":"Bestellen Sie schnell! Ihre Kukri Eureka 2 Machete zum besten Preis. Klinge aus Stahl - Aus einem St\u00fcck gefertigt - ABS-Griff - Gesamtl\u00e4nge: 61 cm","robots":{"index":"index","follow":"follow","max-snippet":"max-snippet:-1","max-image-preview":"max-image-preview:large","max-video-preview":"max-video-preview:-1"},"canonical":"https:\/\/repliquemangacine.fr\/de\/waffen-the-walking-dead\/machete-kukri-eureka-2-machete-zombiekiller-the-walking-dead\/","og_locale":"de_DE","og_type":"article","og_title":"Machette Kukri Eureka 2 - Walking Dead - R\u00e9plique Manga Cin\u00e9","og_description":"Commandez vite ! votre Machette Kukri Eureka 2 au meilleur prix. Lame en acier - Fait d'une seule pi\u00e8ce - Poign\u00e9e ABS - Longueur totale : 61 cm","og_url":"https:\/\/repliquemangacine.fr\/de\/waffen-the-walking-dead\/machete-kukri-eureka-2-machete-zombiekiller-the-walking-dead\/","og_site_name":"R\u00e9plique Manga Cin\u00e9","article_publisher":"https:\/\/www.facebook.com\/RepliqueMangaCine","article_modified_time":"2025-09-23T16:02:19+00:00","og_image":[{"width":800,"height":800,"url":"https:\/\/repliquemangacine.fr\/wp-content\/uploads\/2023\/10\/3087-Machette-Kukri-Eureka-II.jpg","type":"image\/jpeg"}],"twitter_card":"summary_large_image","twitter_misc":{"Gesch\u00e4tzte Lesezeit":"1\u00a0Minute"},"schema":{"@context":"https:\/\/schema.org","@graph":[{"@type":"WebPage","@id":"https:\/\/repliquemangacine.fr\/en\/weapons-the-walking-dead\/kukri-eureka-2-machete-zombie-killer-the-walking-dead\/","url":"https:\/\/repliquemangacine.fr\/en\/weapons-the-walking-dead\/kukri-eureka-2-machete-zombie-killer-the-walking-dead\/","name":"Machete Kukri Eureka 2 - Walking Dead - R\u00e9plique Manga Cin\u00e9","isPartOf":{"@id":"https:\/\/repliquemangacine.fr\/#website"},"primaryImageOfPage":{"@id":"https:\/\/repliquemangacine.fr\/en\/weapons-the-walking-dead\/kukri-eureka-2-machete-zombie-killer-the-walking-dead\/#primaryimage"},"image":{"@id":"https:\/\/repliquemangacine.fr\/en\/weapons-the-walking-dead\/kukri-eureka-2-machete-zombie-killer-the-walking-dead\/#primaryimage"},"thumbnailUrl":"https:\/\/repliquemangacine.fr\/wp-content\/uploads\/2023\/10\/3087-Machette-Kukri-Eureka-II.jpg","datePublished":"2019-09-08T13:42:38+00:00","dateModified":"2025-09-23T16:02:19+00:00","description":"Bestellen Sie schnell! Ihre Kukri Eureka 2 Machete zum besten Preis. Klinge aus Stahl - Aus einem St\u00fcck gefertigt - ABS-Griff - Gesamtl\u00e4nge: 61 cm","breadcrumb":{"@id":"https:\/\/repliquemangacine.fr\/en\/weapons-the-walking-dead\/kukri-eureka-2-machete-zombie-killer-the-walking-dead\/#breadcrumb"},"inLanguage":"de","potentialAction":[{"@type":"ReadAction","target":["https:\/\/repliquemangacine.fr\/en\/weapons-the-walking-dead\/kukri-eureka-2-machete-zombie-killer-the-walking-dead\/"]}]},{"@type":"ImageObject","inLanguage":"de","@id":"https:\/\/repliquemangacine.fr\/en\/weapons-the-walking-dead\/kukri-eureka-2-machete-zombie-killer-the-walking-dead\/#primaryimage","url":"https:\/\/repliquemangacine.fr\/wp-content\/uploads\/2023\/10\/3087-Machette-Kukri-Eureka-II.jpg","contentUrl":"https:\/\/repliquemangacine.fr\/wp-content\/uploads\/2023\/10\/3087-Machette-Kukri-Eureka-II.jpg","width":800,"height":800,"caption":"Machette Kukri Eureka II"},{"@type":"BreadcrumbList","@id":"https:\/\/repliquemangacine.fr\/en\/weapons-the-walking-dead\/kukri-eureka-2-machete-zombie-killer-the-walking-dead\/#breadcrumb","itemListElement":[{"@type":"ListItem","position":1,"name":"Accueil","item":"https:\/\/repliquemangacine.fr\/"},{"@type":"ListItem","position":2,"name":"Produits","item":"https:\/\/repliquemangacine.fr\/boutique\/"},{"@type":"ListItem","position":3,"name":"Machette Kukri Eureka 2"}]},{"@type":"WebSite","@id":"https:\/\/repliquemangacine.fr\/#website","url":"https:\/\/repliquemangacine.fr\/","name":"R\u00e9plique Manga Cin\u00e9","description":"","publisher":{"@id":"https:\/\/repliquemangacine.fr\/#organization"},"potentialAction":[{"@type":"SearchAction","target":{"@type":"EntryPoint","urlTemplate":"https:\/\/repliquemangacine.fr\/?s={search_term_string}"},"query-input":{"@type":"PropertyValueSpecification","valueRequired":true,"valueName":"search_term_string"}}],"inLanguage":"de"},{"@type":"Organization","@id":"https:\/\/repliquemangacine.fr\/#organization","name":"R\u00e9plique Manga Cin\u00e9","url":"https:\/\/repliquemangacine.fr\/","logo":{"@type":"ImageObject","inLanguage":"de","@id":"https:\/\/repliquemangacine.fr\/#\/schema\/logo\/image\/","url":"https:\/\/repliquemangacine.fr\/wp-content\/uploads\/2023\/10\/RMC-500250.png","contentUrl":"https:\/\/repliquemangacine.fr\/wp-content\/uploads\/2023\/10\/RMC-500250.png","width":500,"height":250,"caption":"R\u00e9plique Manga Cin\u00e9"},"image":{"@id":"https:\/\/repliquemangacine.fr\/#\/schema\/logo\/image\/"},"sameAs":["https:\/\/www.facebook.com\/RepliqueMangaCine","https:\/\/www.instagram.com\/repliquemangacine.fr\/"]}]}},"_links":{"self":[{"href":"https:\/\/repliquemangacine.fr\/de\/wp-json\/wp\/v2\/product\/28384","targetHints":{"allow":["GET"]}}],"collection":[{"href":"https:\/\/repliquemangacine.fr\/de\/wp-json\/wp\/v2\/product"}],"about":[{"href":"https:\/\/repliquemangacine.fr\/de\/wp-json\/wp\/v2\/types\/product"}],"wp:featuredmedia":[{"embeddable":true,"href":"https:\/\/repliquemangacine.fr\/de\/wp-json\/wp\/v2\/media\/28385"}],"wp:attachment":[{"href":"https:\/\/repliquemangacine.fr\/de\/wp-json\/wp\/v2\/media?parent=28384"}],"wp:term":[{"taxonomy":"product_brand","embeddable":true,"href":"https:\/\/repliquemangacine.fr\/de\/wp-json\/wp\/v2\/product_brand?post=28384"},{"taxonomy":"product_cat","embeddable":true,"href":"https:\/\/repliquemangacine.fr\/de\/wp-json\/wp\/v2\/product_cat?post=28384"},{"taxonomy":"product_tag","embeddable":true,"href":"https:\/\/repliquemangacine.fr\/de\/wp-json\/wp\/v2\/product_tag?post=28384"}],"curies":[{"name":"wp","href":"https:\/\/api.w.org\/{rel}","templated":true}]}}