





{"id":28362,"date":"2019-09-08T11:53:16","date_gmt":"2019-09-08T09:53:16","guid":{"rendered":"https:\/\/repliquemangacine.fr\/?post_type=product&#038;p=28362"},"modified":"2026-02-03T10:56:34","modified_gmt":"2026-02-03T09:56:34","slug":"dolch-twin-wolf-the-witcher-3-dolch-geralt-de-riv","status":"publish","type":"product","link":"https:\/\/repliquemangacine.fr\/de\/epee-the-witcher\/dague-twin-wolf-the-witcher-3-dague-geralt-de-riv\/","title":{"rendered":"Twin-Wolf-Dolch The Witcher3"},"content":{"rendered":"<h2>Twin-Wolf-Dolch - The Witcher3 Wild Hunt<\/h2>\n<p>Zu Beginn wird die <strong>Twin-Wolf-Dolch Witcher3<\/strong> ist vom Schwert aus dem Spiel inspiriert. Es ist eines der beiden Schwerter, die Geralt von Riva auf dem R\u00fccken tr\u00e4gt.<\/p>\n<p>\u00bbThe Witcher 3: Wild Hunt\u201c ist der neueste Teil der von CD Projekt RED entwickelten Spieleserie mit dem Hexer Geralt von Riva in der Hauptrolle.<\/p>\n<p>Von Branchenexperten als au\u00dfergew\u00f6hnliches Spiel anerkannt. Alle sind sich \u00fcber die erz\u00e4hlerische und immersive Qualit\u00e4t des Titels einig und bezeichnen The Witcher 3 als Meisterwerk.<\/p>\n<p><a href=\"https:\/\/witcher-archive.fandom.com\/fr\/wiki\/Geralt_de_Riv\" target=\"_blank\" rel=\"noopener noreferrer\">Geralt de Riv<\/a> ist ein Zauberer mit au\u00dfergew\u00f6hnlichen F\u00e4higkeiten. Auf seinem R\u00fccken tr\u00e4gt er zwei Schwerter, die zur Ausr\u00fcstung der Meisterwolf-Schule geh\u00f6ren. Eines davon dient unter anderem zum T\u00f6ten von Monstern und das andere zum T\u00f6ten von Menschen.<\/p>\n<h2>Dein The Witcher3 Twin-Wolf-Dolch zum besten Preis.<\/h2>\n<p>Wir bieten Ihnen alle Repliken aus dem Spiel The Witcher 3, aber auch aus der Netflix-Serie The Witcher.<\/p>\n<p>Zun\u00e4chst einmal,<\/p>\n<ul>\n<li>L'<a href=\"https:\/\/repliquemangacine.fr\/de\/schwert-the-witcher\/wolf-the-witcher-3\/\">Wolf-Schwert<\/a> den der Hexer Geralt de Riv in der Netflix-Serie verwendet.<\/li>\n<li>Sowie seine <a href=\"https:\/\/repliquemangacine.fr\/de\/schwert-the-witcher\/medaillon-the-witcher\/\">Medaillon<\/a> den er in The Witcher 3 st\u00e4ndig bei sich tr\u00e4gt.<\/li>\n<li>Und viele andere, die es in unserem Online-Shop zu entdecken gibt!<\/li>\n<\/ul>\n<p>Deshalb gibt es hier tolle Geschenkideen f\u00fcr Fans von The Witcher<\/p>\n<p>Abschlie\u00dfend l\u00e4sst sich sagen, dass Sie diesen Twin-Wolf-Dolch   Witcher3 auch f\u00fcr Ihre Cosplay-Paraden oder Themenpartys verwenden k\u00f6nnen. Vor allem aber ist dieser Dolch ein Sammler- und Dekorationsst\u00fcck.<\/p>\n<p>R\u00e9plique Manga Cin\u00e9 ist ein franz\u00f6sisches Unternehmen<\/p>\n<h2>Wie pflegt man die Klinge seines Geralt de riv-Dolches?<\/h2>\n<p>Sammlungs- und Dekorationsdolche werden auf vereinfachte Weise hergestellt und zusammengebaut. Da sie zu Dekorationszwecken verwendet werden, fehlen ihnen die Sicherheitsmerkmale, die ein japanisches Schwert f\u00fcr Trainingszwecke aufweisen muss.<\/p>\n<p>Allerdings ist Ihr <strong>Twin-Wolf-Dolch Witcher3<\/strong> zu einer Stahlklinge, die gepflegt werden muss, damit sie nicht mit der Zeit abgenutzt wird. Denn wenn du dein Katana ausstellst, werden deine Freunde neugierig sein, die Klinge zu sehen und sie zu ber\u00fchren. Hier ist Vorsicht geboten, denn Sie sollten wissen, dass die S\u00e4ure der Finger dem Stahl unabh\u00e4ngig von seiner Qualit\u00e4t sehr schadet.<\/p>\n<p>Wenn dies jedoch passiert, keine Panik, Sie brauchen nur ein Tuch, das mit etwas \u00d6l befeuchtet ist, und wischen die Fingerabdr\u00fccke ab. Wenn Sie dies tun, werden Sie Ihr Schwert sehr lange behalten.<\/p>\n<p><strong>\u00a0<\/strong><\/p>","protected":false},"excerpt":{"rendered":"<div class=\"text col-xs-offset-0\" style=\"height: auto;\">Dolch, der von Geralt de Rivs Schwert Twin Wolf inspiriert wurde.<\/div>\n<ul>\n<li>Klinge aus rostfreiem Stahl.<\/li>\n<li class=\"text col-xs-offset-0\" style=\"height: auto;\">Speziell geformter Vollstahlb\u00fcgel mit Gravur.<\/li>\n<li class=\"text col-xs-offset-0\" style=\"height: auto;\">Griff aus Metall.<\/li>\n<li class=\"text col-xs-offset-0\" style=\"height: auto;\">Knauf aus Vollstahl mit zwei Wolfsk\u00f6pfen.<\/li>\n<li class=\"text col-xs-offset-0\" style=\"height: auto;\">Scheide aus geformtem ABS.<\/li>\n<li class=\"text col-xs-offset-0\" style=\"height: auto;\">Klingenl\u00e4nge: 24cm - Gesamtl\u00e4nge: 40cm - Gewicht: 251 Gramm<\/li>\n<\/ul>\n<div class=\"row\">\n<div class=\"col-lg-12 col-md-12 col-xs-12 sectionSeparator\"><\/div>\n<\/div>","protected":false},"featured_media":28363,"template":"","meta":[],"product_brand":[896],"product_cat":[23,58],"product_tag":[637,638,632,633],"class_list":{"0":"post-28362","1":"product","2":"type-product","3":"status-publish","4":"has-post-thumbnail","6":"product_brand-replique-manga-cine","7":"product_cat-repliques-manga-jeux-video","8":"product_cat-epee-the-witcher","9":"product_tag-cosplay-the-witcher-3","10":"product_tag-dague-the-witcher","11":"product_tag-dague-the-witcher-3","12":"product_tag-goodies-the-witcher-3","14":"first","15":"instock","16":"taxable","17":"shipping-taxable","18":"purchasable","19":"product-type-simple"},"yoast_head":"<!-- This site is optimized with the Yoast SEO plugin v27.5 - https:\/\/yoast.com\/product\/yoast-seo-wordpress\/ -->\n<title>Dague Twin-Wolf Witcher3 - Boutique en ligne | RMC<\/title>\n<meta name=\"description\" content=\"Offrez-vous la Dague Twin-Wolf Witcher3, au meilleur prix. Lame en acier - Fourreau en ABS moul\u00e9 - Longueur totale : 40cm - Envoi 24\/48h\" \/>\n<meta name=\"robots\" content=\"index, follow, max-snippet:-1, max-image-preview:large, max-video-preview:-1\" \/>\n<link rel=\"canonical\" href=\"https:\/\/repliquemangacine.fr\/de\/schwert-the-witcher\/dolch-twin-wolf-the-witcher-3-dolch-geralt-de-riv\/\" \/>\n<meta property=\"og:locale\" content=\"de_DE\" \/>\n<meta property=\"og:type\" content=\"article\" \/>\n<meta property=\"og:title\" content=\"Dague Twin-Wolf Witcher3 - Boutique en ligne | RMC\" \/>\n<meta property=\"og:description\" content=\"Offrez-vous la Dague Twin-Wolf Witcher3, au meilleur prix. Lame en acier - Fourreau en ABS moul\u00e9 - Longueur totale : 40cm - Envoi 24\/48h\" \/>\n<meta property=\"og:url\" content=\"https:\/\/repliquemangacine.fr\/de\/schwert-the-witcher\/dolch-twin-wolf-the-witcher-3-dolch-geralt-de-riv\/\" \/>\n<meta property=\"og:site_name\" content=\"R\u00e9plique Manga Cin\u00e9\" \/>\n<meta property=\"article:publisher\" content=\"https:\/\/www.facebook.com\/RepliqueMangaCine\" \/>\n<meta property=\"article:modified_time\" content=\"2026-02-03T09:56:34+00:00\" \/>\n<meta property=\"og:image\" content=\"https:\/\/repliquemangacine.fr\/wp-content\/uploads\/2023\/10\/3067-Dague-Twin-Wolf-The-Witcher-3-Dague-Geralt-de-Riv.jpg\" \/>\n\t<meta property=\"og:image:width\" content=\"800\" \/>\n\t<meta property=\"og:image:height\" content=\"800\" \/>\n\t<meta property=\"og:image:type\" content=\"image\/jpeg\" \/>\n<meta name=\"twitter:card\" content=\"summary_large_image\" \/>\n<meta name=\"twitter:label1\" content=\"Gesch\u00e4tzte Lesezeit\" \/>\n\t<meta name=\"twitter:data1\" content=\"1\u00a0Minute\" \/>\n<script type=\"application\/ld+json\" class=\"yoast-schema-graph\">{\"@context\":\"https:\\\/\\\/schema.org\",\"@graph\":[{\"@type\":\"WebPage\",\"@id\":\"https:\\\/\\\/repliquemangacine.fr\\\/epee-the-witcher\\\/dague-twin-wolf-the-witcher-3-dague-geralt-de-riv\\\/\",\"url\":\"https:\\\/\\\/repliquemangacine.fr\\\/epee-the-witcher\\\/dague-twin-wolf-the-witcher-3-dague-geralt-de-riv\\\/\",\"name\":\"Dague Twin-Wolf Witcher3 - Boutique en ligne | RMC\",\"isPartOf\":{\"@id\":\"https:\\\/\\\/repliquemangacine.fr\\\/#website\"},\"primaryImageOfPage\":{\"@id\":\"https:\\\/\\\/repliquemangacine.fr\\\/epee-the-witcher\\\/dague-twin-wolf-the-witcher-3-dague-geralt-de-riv\\\/#primaryimage\"},\"image\":{\"@id\":\"https:\\\/\\\/repliquemangacine.fr\\\/epee-the-witcher\\\/dague-twin-wolf-the-witcher-3-dague-geralt-de-riv\\\/#primaryimage\"},\"thumbnailUrl\":\"https:\\\/\\\/repliquemangacine.fr\\\/wp-content\\\/uploads\\\/2023\\\/10\\\/3067-Dague-Twin-Wolf-The-Witcher-3-Dague-Geralt-de-Riv.jpg\",\"datePublished\":\"2019-09-08T09:53:16+00:00\",\"dateModified\":\"2026-02-03T09:56:34+00:00\",\"description\":\"Offrez-vous la Dague Twin-Wolf Witcher3, au meilleur prix. Lame en acier - Fourreau en ABS moul\u00e9 - Longueur totale : 40cm - Envoi 24\\\/48h\",\"breadcrumb\":{\"@id\":\"https:\\\/\\\/repliquemangacine.fr\\\/epee-the-witcher\\\/dague-twin-wolf-the-witcher-3-dague-geralt-de-riv\\\/#breadcrumb\"},\"inLanguage\":\"de\",\"potentialAction\":[{\"@type\":\"ReadAction\",\"target\":[\"https:\\\/\\\/repliquemangacine.fr\\\/epee-the-witcher\\\/dague-twin-wolf-the-witcher-3-dague-geralt-de-riv\\\/\"]}]},{\"@type\":\"ImageObject\",\"inLanguage\":\"de\",\"@id\":\"https:\\\/\\\/repliquemangacine.fr\\\/epee-the-witcher\\\/dague-twin-wolf-the-witcher-3-dague-geralt-de-riv\\\/#primaryimage\",\"url\":\"https:\\\/\\\/repliquemangacine.fr\\\/wp-content\\\/uploads\\\/2023\\\/10\\\/3067-Dague-Twin-Wolf-The-Witcher-3-Dague-Geralt-de-Riv.jpg\",\"contentUrl\":\"https:\\\/\\\/repliquemangacine.fr\\\/wp-content\\\/uploads\\\/2023\\\/10\\\/3067-Dague-Twin-Wolf-The-Witcher-3-Dague-Geralt-de-Riv.jpg\",\"width\":800,\"height\":800,\"caption\":\"Dague Twin-Wolf - Witcher3 - Dague G\u00e9ralt de Riv\"},{\"@type\":\"BreadcrumbList\",\"@id\":\"https:\\\/\\\/repliquemangacine.fr\\\/epee-the-witcher\\\/dague-twin-wolf-the-witcher-3-dague-geralt-de-riv\\\/#breadcrumb\",\"itemListElement\":[{\"@type\":\"ListItem\",\"position\":1,\"name\":\"Accueil\",\"item\":\"https:\\\/\\\/repliquemangacine.fr\\\/\"},{\"@type\":\"ListItem\",\"position\":2,\"name\":\"Produits\",\"item\":\"https:\\\/\\\/repliquemangacine.fr\\\/boutique\\\/\"},{\"@type\":\"ListItem\",\"position\":3,\"name\":\"Dague Twin-Wolf The Witcher3\"}]},{\"@type\":\"WebSite\",\"@id\":\"https:\\\/\\\/repliquemangacine.fr\\\/#website\",\"url\":\"https:\\\/\\\/repliquemangacine.fr\\\/\",\"name\":\"R\u00e9plique Manga Cin\u00e9\",\"description\":\"\",\"publisher\":{\"@id\":\"https:\\\/\\\/repliquemangacine.fr\\\/#organization\"},\"potentialAction\":[{\"@type\":\"SearchAction\",\"target\":{\"@type\":\"EntryPoint\",\"urlTemplate\":\"https:\\\/\\\/repliquemangacine.fr\\\/?s={search_term_string}\"},\"query-input\":{\"@type\":\"PropertyValueSpecification\",\"valueRequired\":true,\"valueName\":\"search_term_string\"}}],\"inLanguage\":\"de\"},{\"@type\":\"Organization\",\"@id\":\"https:\\\/\\\/repliquemangacine.fr\\\/#organization\",\"name\":\"R\u00e9plique Manga Cin\u00e9\",\"url\":\"https:\\\/\\\/repliquemangacine.fr\\\/\",\"logo\":{\"@type\":\"ImageObject\",\"inLanguage\":\"de\",\"@id\":\"https:\\\/\\\/repliquemangacine.fr\\\/#\\\/schema\\\/logo\\\/image\\\/\",\"url\":\"https:\\\/\\\/repliquemangacine.fr\\\/wp-content\\\/uploads\\\/2023\\\/10\\\/RMC-500250.png\",\"contentUrl\":\"https:\\\/\\\/repliquemangacine.fr\\\/wp-content\\\/uploads\\\/2023\\\/10\\\/RMC-500250.png\",\"width\":500,\"height\":250,\"caption\":\"R\u00e9plique Manga Cin\u00e9\"},\"image\":{\"@id\":\"https:\\\/\\\/repliquemangacine.fr\\\/#\\\/schema\\\/logo\\\/image\\\/\"},\"sameAs\":[\"https:\\\/\\\/www.facebook.com\\\/RepliqueMangaCine\",\"https:\\\/\\\/www.instagram.com\\\/repliquemangacine.fr\\\/\"]}]}<\/script>\n<!-- \/ Yoast SEO plugin. -->","yoast_head_json":{"title":"Twin-Wolf Dolch Witcher3 - Online Shop | RMC","description":"G\u00f6nnen Sie sich den Twin-Wolf Witcher3 Dolch zum besten Preis. Klinge aus Stahl - Scheide aus geformtem ABS - Gesamtl\u00e4nge: 40cm - Versand 24\/48h","robots":{"index":"index","follow":"follow","max-snippet":"max-snippet:-1","max-image-preview":"max-image-preview:large","max-video-preview":"max-video-preview:-1"},"canonical":"https:\/\/repliquemangacine.fr\/de\/schwert-the-witcher\/dolch-twin-wolf-the-witcher-3-dolch-geralt-de-riv\/","og_locale":"de_DE","og_type":"article","og_title":"Dague Twin-Wolf Witcher3 - Boutique en ligne | RMC","og_description":"Offrez-vous la Dague Twin-Wolf Witcher3, au meilleur prix. Lame en acier - Fourreau en ABS moul\u00e9 - Longueur totale : 40cm - Envoi 24\/48h","og_url":"https:\/\/repliquemangacine.fr\/de\/schwert-the-witcher\/dolch-twin-wolf-the-witcher-3-dolch-geralt-de-riv\/","og_site_name":"R\u00e9plique Manga Cin\u00e9","article_publisher":"https:\/\/www.facebook.com\/RepliqueMangaCine","article_modified_time":"2026-02-03T09:56:34+00:00","og_image":[{"width":800,"height":800,"url":"https:\/\/repliquemangacine.fr\/wp-content\/uploads\/2023\/10\/3067-Dague-Twin-Wolf-The-Witcher-3-Dague-Geralt-de-Riv.jpg","type":"image\/jpeg"}],"twitter_card":"summary_large_image","twitter_misc":{"Gesch\u00e4tzte Lesezeit":"1\u00a0Minute"},"schema":{"@context":"https:\/\/schema.org","@graph":[{"@type":"WebPage","@id":"https:\/\/repliquemangacine.fr\/epee-the-witcher\/dague-twin-wolf-the-witcher-3-dague-geralt-de-riv\/","url":"https:\/\/repliquemangacine.fr\/epee-the-witcher\/dague-twin-wolf-the-witcher-3-dague-geralt-de-riv\/","name":"Twin-Wolf Dolch Witcher3 - Online Shop | RMC","isPartOf":{"@id":"https:\/\/repliquemangacine.fr\/#website"},"primaryImageOfPage":{"@id":"https:\/\/repliquemangacine.fr\/epee-the-witcher\/dague-twin-wolf-the-witcher-3-dague-geralt-de-riv\/#primaryimage"},"image":{"@id":"https:\/\/repliquemangacine.fr\/epee-the-witcher\/dague-twin-wolf-the-witcher-3-dague-geralt-de-riv\/#primaryimage"},"thumbnailUrl":"https:\/\/repliquemangacine.fr\/wp-content\/uploads\/2023\/10\/3067-Dague-Twin-Wolf-The-Witcher-3-Dague-Geralt-de-Riv.jpg","datePublished":"2019-09-08T09:53:16+00:00","dateModified":"2026-02-03T09:56:34+00:00","description":"G\u00f6nnen Sie sich den Twin-Wolf Witcher3 Dolch zum besten Preis. Klinge aus Stahl - Scheide aus geformtem ABS - Gesamtl\u00e4nge: 40cm - Versand 24\/48h","breadcrumb":{"@id":"https:\/\/repliquemangacine.fr\/epee-the-witcher\/dague-twin-wolf-the-witcher-3-dague-geralt-de-riv\/#breadcrumb"},"inLanguage":"de","potentialAction":[{"@type":"ReadAction","target":["https:\/\/repliquemangacine.fr\/epee-the-witcher\/dague-twin-wolf-the-witcher-3-dague-geralt-de-riv\/"]}]},{"@type":"ImageObject","inLanguage":"de","@id":"https:\/\/repliquemangacine.fr\/epee-the-witcher\/dague-twin-wolf-the-witcher-3-dague-geralt-de-riv\/#primaryimage","url":"https:\/\/repliquemangacine.fr\/wp-content\/uploads\/2023\/10\/3067-Dague-Twin-Wolf-The-Witcher-3-Dague-Geralt-de-Riv.jpg","contentUrl":"https:\/\/repliquemangacine.fr\/wp-content\/uploads\/2023\/10\/3067-Dague-Twin-Wolf-The-Witcher-3-Dague-Geralt-de-Riv.jpg","width":800,"height":800,"caption":"Dague Twin-Wolf - Witcher3 - Dague G\u00e9ralt de Riv"},{"@type":"BreadcrumbList","@id":"https:\/\/repliquemangacine.fr\/epee-the-witcher\/dague-twin-wolf-the-witcher-3-dague-geralt-de-riv\/#breadcrumb","itemListElement":[{"@type":"ListItem","position":1,"name":"Accueil","item":"https:\/\/repliquemangacine.fr\/"},{"@type":"ListItem","position":2,"name":"Produits","item":"https:\/\/repliquemangacine.fr\/boutique\/"},{"@type":"ListItem","position":3,"name":"Dague Twin-Wolf The Witcher3"}]},{"@type":"WebSite","@id":"https:\/\/repliquemangacine.fr\/#website","url":"https:\/\/repliquemangacine.fr\/","name":"R\u00e9plique Manga Cin\u00e9","description":"","publisher":{"@id":"https:\/\/repliquemangacine.fr\/#organization"},"potentialAction":[{"@type":"SearchAction","target":{"@type":"EntryPoint","urlTemplate":"https:\/\/repliquemangacine.fr\/?s={search_term_string}"},"query-input":{"@type":"PropertyValueSpecification","valueRequired":true,"valueName":"search_term_string"}}],"inLanguage":"de"},{"@type":"Organization","@id":"https:\/\/repliquemangacine.fr\/#organization","name":"R\u00e9plique Manga Cin\u00e9","url":"https:\/\/repliquemangacine.fr\/","logo":{"@type":"ImageObject","inLanguage":"de","@id":"https:\/\/repliquemangacine.fr\/#\/schema\/logo\/image\/","url":"https:\/\/repliquemangacine.fr\/wp-content\/uploads\/2023\/10\/RMC-500250.png","contentUrl":"https:\/\/repliquemangacine.fr\/wp-content\/uploads\/2023\/10\/RMC-500250.png","width":500,"height":250,"caption":"R\u00e9plique Manga Cin\u00e9"},"image":{"@id":"https:\/\/repliquemangacine.fr\/#\/schema\/logo\/image\/"},"sameAs":["https:\/\/www.facebook.com\/RepliqueMangaCine","https:\/\/www.instagram.com\/repliquemangacine.fr\/"]}]}},"_links":{"self":[{"href":"https:\/\/repliquemangacine.fr\/de\/wp-json\/wp\/v2\/product\/28362","targetHints":{"allow":["GET"]}}],"collection":[{"href":"https:\/\/repliquemangacine.fr\/de\/wp-json\/wp\/v2\/product"}],"about":[{"href":"https:\/\/repliquemangacine.fr\/de\/wp-json\/wp\/v2\/types\/product"}],"wp:featuredmedia":[{"embeddable":true,"href":"https:\/\/repliquemangacine.fr\/de\/wp-json\/wp\/v2\/media\/28363"}],"wp:attachment":[{"href":"https:\/\/repliquemangacine.fr\/de\/wp-json\/wp\/v2\/media?parent=28362"}],"wp:term":[{"taxonomy":"product_brand","embeddable":true,"href":"https:\/\/repliquemangacine.fr\/de\/wp-json\/wp\/v2\/product_brand?post=28362"},{"taxonomy":"product_cat","embeddable":true,"href":"https:\/\/repliquemangacine.fr\/de\/wp-json\/wp\/v2\/product_cat?post=28362"},{"taxonomy":"product_tag","embeddable":true,"href":"https:\/\/repliquemangacine.fr\/de\/wp-json\/wp\/v2\/product_tag?post=28362"}],"curies":[{"name":"wp","href":"https:\/\/api.w.org\/{rel}","templated":true}]}}