





{"id":28354,"date":"2019-09-08T11:39:05","date_gmt":"2019-09-08T09:39:05","guid":{"rendered":"https:\/\/repliquemangacine.fr\/?post_type=product&#038;p=28354"},"modified":"2026-04-28T17:52:01","modified_gmt":"2026-04-28T15:52:01","slug":"dolch-wolf-the-witcher3-dolch-geralt-de-riv","status":"publish","type":"product","link":"https:\/\/repliquemangacine.fr\/de\/epee-the-witcher\/dague-wolf-the-witcher3-dague-geralt-de-riv\/","title":{"rendered":"Dolch Wolf The Witcher3"},"content":{"rendered":"<h2>Dolch Wolf The Witcher3 Wild Hunt.<\/h2>\n<p>Zu Beginn wird die <strong>Dolch Wolf The Witcher3<\/strong> ist von dem Schwert inspiriert, das Geralt de Riv auf seinem R\u00fccken tr\u00e4gt.<\/p>\n<p><a href=\"https:\/\/witcher.fandom.com\/wiki\/The_Witcher_3:_Wild_Hunt\" target=\"_blank\" rel=\"noopener noreferrer\">The Witcher 3<\/a>Wild Hunt\" ist das neueste Spiel der von CD Projekt RED entwickelten Reihe um den Hexer Geralt de Riv.<\/p>\n<p>Von Branchenexperten als au\u00dfergew\u00f6hnliches Spiel anerkannt. Alle sind sich \u00fcber die erz\u00e4hlerische und immersive Qualit\u00e4t des Titels einig und bezeichnen The Witcher 3 als Meisterwerk.<\/p>\n<p>Geralt von Riv ist ein Hexer mit au\u00dfergew\u00f6hnlichen F\u00e4higkeiten. Er bietet seine Dienste als Monsterj\u00e4ger an. Auf seinem R\u00fccken tr\u00e4gt er zwei Schwerter, die zur Ausr\u00fcstung der Wolfsschule seines Meisters geh\u00f6ren. Das eine dient dazu, Monster zu t\u00f6ten, das andere, Menschen zu t\u00f6ten.<\/p>\n<h2>Dein The Witcher3 Wolf-Dolch zum besten Preis<\/h2>\n<p>Wir bieten Ihnen alle Repliken aus dem Spiel The Witcher 3, aber auch aus der Netflix-Serie The Witcher.<\/p>\n<p>Zun\u00e4chst einmal,<\/p>\n<ul>\n<li>L'<a href=\"https:\/\/repliquemangacine.fr\/de\/schwert-the-witcher\/twin-wolf-schwert-geralt-de-riv-the-witcher-3-mit-medaillon-als-geschenk\/\">Twin-Wolf-Schwert<\/a> des Hexers Geralt de Riv, den er in der Netflix-Serie verwendet.<\/li>\n<li>Sowie seine<a href=\"https:\/\/repliquemangacine.fr\/de\/schwert-the-witcher\/medaillon-the-witcher\/\"> Medaillon<\/a> den er in The Witcher 3 st\u00e4ndig bei sich tr\u00e4gt.<\/li>\n<li>Und viele andere, die es in unserem Online-Shop zu entdecken gibt!<\/li>\n<\/ul>\n<p>Deshalb gibt es hier tolle Geschenkideen f\u00fcr Fans von The Witcher<\/p>\n<p>Abschlie\u00dfend k\u00f6nnen Sie auch diesen <strong>Dolch Wolf The Witcher3<\/strong> f\u00fcr Ihre Cosplay-Paraden oder Ihre Themenabende. Vor allem aber ist dieser Dolch ein Sammler- und Dekorationsst\u00fcck.<\/p>\n<p>R\u00e9plique Manga Cin\u00e9 ist ein franz\u00f6sisches Unternehmen<\/p>\n<h2>Wie pflegt man die Klinge seines Geralt de Riv-Dolches?<\/h2>\n<p>Sammlungs- und Dekorationsdolche werden auf vereinfachte Weise hergestellt und zusammengebaut. Da sie zu Dekorationszwecken verwendet werden, fehlen ihnen die Sicherheitsmerkmale, die ein japanisches Schwert f\u00fcr Trainingszwecke aufweisen muss.<\/p>\n<p>Allerdings ist Ihr <strong>Dolch Wolf The Witcher3<\/strong> zu einer Stahlklinge, die gepflegt werden muss, damit sie nicht mit der Zeit abgenutzt wird. Denn wenn du dein Katana ausstellst, werden deine Freunde neugierig sein, die Klinge zu sehen und sie zu ber\u00fchren. Hier ist Vorsicht geboten, denn Sie sollten wissen, dass die S\u00e4ure der Finger dem Stahl unabh\u00e4ngig von seiner Qualit\u00e4t sehr schadet.<\/p>\n<p>Wenn dies jedoch passiert, keine Panik, Sie brauchen nur ein Tuch, das mit etwas \u00d6l befeuchtet ist, und wischen die Fingerabdr\u00fccke ab. Wenn Sie dies tun, werden Sie Ihr Schwert sehr lange behalten.<\/p>\n<p><strong>\u00a0<\/strong><\/p>","protected":false},"excerpt":{"rendered":"<p>Dolch, der von Geralt de Rivs Schwert Wolf inspiriert wurde.<\/p>\n<ul>\n<li>Klinge aus rostfreiem Stahl.<\/li>\n<li>Vollstahl-Garde.<\/li>\n<li>Griff aus Metall.<\/li>\n<li>Vollstahlknauf mit dem Wolfskopf.<\/li>\n<li>Scheide aus geformtem ABS.<\/li>\n<li>L\u00e4nge der Klinge: 24cm - Gesamtl\u00e4nge: 40.5cm - Gewicht: 237 Grs<\/li>\n<\/ul>","protected":false},"featured_media":28355,"template":"","meta":[],"product_brand":[896],"product_cat":[23,58],"product_tag":[631,632,633,634],"class_list":{"0":"post-28354","1":"product","2":"type-product","3":"status-publish","4":"has-post-thumbnail","6":"product_brand-replique-manga-cine","7":"product_cat-repliques-manga-jeux-video","8":"product_cat-epee-the-witcher","9":"product_tag-dague-geralt-de-riv","10":"product_tag-dague-the-witcher-3","11":"product_tag-goodies-the-witcher-3","12":"product_tag-the-witcher-3","14":"first","15":"instock","16":"taxable","17":"shipping-taxable","18":"purchasable","19":"product-type-simple"},"yoast_head":"<!-- This site is optimized with the Yoast SEO plugin v27.5 - https:\/\/yoast.com\/product\/yoast-seo-wordpress\/ -->\n<title>Dague Wolf The Witcher3 - Boutique en ligne | RMC<\/title>\n<meta name=\"description\" content=\"Commandez vite ! Votre Dague Wolf The Witcher3 au meilleur prix. Lame en acier - Fourreau - Longueur totale : 40.5cm - Envoi 24\/48h\" \/>\n<meta name=\"robots\" content=\"index, follow, max-snippet:-1, max-image-preview:large, max-video-preview:-1\" \/>\n<link rel=\"canonical\" href=\"https:\/\/repliquemangacine.fr\/de\/schwert-the-witcher\/dolch-wolf-the-witcher3-dolch-geralt-de-riv\/\" \/>\n<meta property=\"og:locale\" content=\"de_DE\" \/>\n<meta property=\"og:type\" content=\"article\" \/>\n<meta property=\"og:title\" content=\"Dague Wolf The Witcher3 - Boutique en ligne | RMC\" \/>\n<meta property=\"og:description\" content=\"Commandez vite ! Votre Dague Wolf The Witcher3 au meilleur prix. Lame en acier - Fourreau - Longueur totale : 40.5cm - Envoi 24\/48h\" \/>\n<meta property=\"og:url\" content=\"https:\/\/repliquemangacine.fr\/de\/schwert-the-witcher\/dolch-wolf-the-witcher3-dolch-geralt-de-riv\/\" \/>\n<meta property=\"og:site_name\" content=\"R\u00e9plique Manga Cin\u00e9\" \/>\n<meta property=\"article:publisher\" content=\"https:\/\/www.facebook.com\/RepliqueMangaCine\" \/>\n<meta property=\"article:modified_time\" content=\"2026-04-28T15:52:01+00:00\" \/>\n<meta property=\"og:image\" content=\"https:\/\/repliquemangacine.fr\/wp-content\/uploads\/2023\/10\/3061-Dague-Wolf-The-Witcher-3-Dague-Geralt-de-Riv.jpg\" \/>\n\t<meta property=\"og:image:width\" content=\"800\" \/>\n\t<meta property=\"og:image:height\" content=\"800\" \/>\n\t<meta property=\"og:image:type\" content=\"image\/jpeg\" \/>\n<meta name=\"twitter:card\" content=\"summary_large_image\" \/>\n<meta name=\"twitter:label1\" content=\"Gesch\u00e4tzte Lesezeit\" \/>\n\t<meta name=\"twitter:data1\" content=\"1\u00a0Minute\" \/>\n<script type=\"application\/ld+json\" class=\"yoast-schema-graph\">{\"@context\":\"https:\\\/\\\/schema.org\",\"@graph\":[{\"@type\":\"WebPage\",\"@id\":\"https:\\\/\\\/repliquemangacine.fr\\\/epee-the-witcher\\\/dague-wolf-the-witcher3-dague-geralt-de-riv\\\/\",\"url\":\"https:\\\/\\\/repliquemangacine.fr\\\/epee-the-witcher\\\/dague-wolf-the-witcher3-dague-geralt-de-riv\\\/\",\"name\":\"Dague Wolf The Witcher3 - Boutique en ligne | RMC\",\"isPartOf\":{\"@id\":\"https:\\\/\\\/repliquemangacine.fr\\\/#website\"},\"primaryImageOfPage\":{\"@id\":\"https:\\\/\\\/repliquemangacine.fr\\\/epee-the-witcher\\\/dague-wolf-the-witcher3-dague-geralt-de-riv\\\/#primaryimage\"},\"image\":{\"@id\":\"https:\\\/\\\/repliquemangacine.fr\\\/epee-the-witcher\\\/dague-wolf-the-witcher3-dague-geralt-de-riv\\\/#primaryimage\"},\"thumbnailUrl\":\"https:\\\/\\\/repliquemangacine.fr\\\/wp-content\\\/uploads\\\/2023\\\/10\\\/3061-Dague-Wolf-The-Witcher-3-Dague-Geralt-de-Riv.jpg\",\"datePublished\":\"2019-09-08T09:39:05+00:00\",\"dateModified\":\"2026-04-28T15:52:01+00:00\",\"description\":\"Commandez vite ! Votre Dague Wolf The Witcher3 au meilleur prix. Lame en acier - Fourreau - Longueur totale : 40.5cm - Envoi 24\\\/48h\",\"breadcrumb\":{\"@id\":\"https:\\\/\\\/repliquemangacine.fr\\\/epee-the-witcher\\\/dague-wolf-the-witcher3-dague-geralt-de-riv\\\/#breadcrumb\"},\"inLanguage\":\"de\",\"potentialAction\":[{\"@type\":\"ReadAction\",\"target\":[\"https:\\\/\\\/repliquemangacine.fr\\\/epee-the-witcher\\\/dague-wolf-the-witcher3-dague-geralt-de-riv\\\/\"]}]},{\"@type\":\"ImageObject\",\"inLanguage\":\"de\",\"@id\":\"https:\\\/\\\/repliquemangacine.fr\\\/epee-the-witcher\\\/dague-wolf-the-witcher3-dague-geralt-de-riv\\\/#primaryimage\",\"url\":\"https:\\\/\\\/repliquemangacine.fr\\\/wp-content\\\/uploads\\\/2023\\\/10\\\/3061-Dague-Wolf-The-Witcher-3-Dague-Geralt-de-Riv.jpg\",\"contentUrl\":\"https:\\\/\\\/repliquemangacine.fr\\\/wp-content\\\/uploads\\\/2023\\\/10\\\/3061-Dague-Wolf-The-Witcher-3-Dague-Geralt-de-Riv.jpg\",\"width\":800,\"height\":800,\"caption\":\"Dague Wolf The Witcher 3 - Dague G\u00e9ralt de Riv\"},{\"@type\":\"BreadcrumbList\",\"@id\":\"https:\\\/\\\/repliquemangacine.fr\\\/epee-the-witcher\\\/dague-wolf-the-witcher3-dague-geralt-de-riv\\\/#breadcrumb\",\"itemListElement\":[{\"@type\":\"ListItem\",\"position\":1,\"name\":\"Accueil\",\"item\":\"https:\\\/\\\/repliquemangacine.fr\\\/\"},{\"@type\":\"ListItem\",\"position\":2,\"name\":\"Produits\",\"item\":\"https:\\\/\\\/repliquemangacine.fr\\\/boutique\\\/\"},{\"@type\":\"ListItem\",\"position\":3,\"name\":\"Dague Wolf The Witcher3\"}]},{\"@type\":\"WebSite\",\"@id\":\"https:\\\/\\\/repliquemangacine.fr\\\/#website\",\"url\":\"https:\\\/\\\/repliquemangacine.fr\\\/\",\"name\":\"R\u00e9plique Manga Cin\u00e9\",\"description\":\"\",\"publisher\":{\"@id\":\"https:\\\/\\\/repliquemangacine.fr\\\/#organization\"},\"potentialAction\":[{\"@type\":\"SearchAction\",\"target\":{\"@type\":\"EntryPoint\",\"urlTemplate\":\"https:\\\/\\\/repliquemangacine.fr\\\/?s={search_term_string}\"},\"query-input\":{\"@type\":\"PropertyValueSpecification\",\"valueRequired\":true,\"valueName\":\"search_term_string\"}}],\"inLanguage\":\"de\"},{\"@type\":\"Organization\",\"@id\":\"https:\\\/\\\/repliquemangacine.fr\\\/#organization\",\"name\":\"R\u00e9plique Manga Cin\u00e9\",\"url\":\"https:\\\/\\\/repliquemangacine.fr\\\/\",\"logo\":{\"@type\":\"ImageObject\",\"inLanguage\":\"de\",\"@id\":\"https:\\\/\\\/repliquemangacine.fr\\\/#\\\/schema\\\/logo\\\/image\\\/\",\"url\":\"https:\\\/\\\/repliquemangacine.fr\\\/wp-content\\\/uploads\\\/2023\\\/10\\\/RMC-500250.png\",\"contentUrl\":\"https:\\\/\\\/repliquemangacine.fr\\\/wp-content\\\/uploads\\\/2023\\\/10\\\/RMC-500250.png\",\"width\":500,\"height\":250,\"caption\":\"R\u00e9plique Manga Cin\u00e9\"},\"image\":{\"@id\":\"https:\\\/\\\/repliquemangacine.fr\\\/#\\\/schema\\\/logo\\\/image\\\/\"},\"sameAs\":[\"https:\\\/\\\/www.facebook.com\\\/RepliqueMangaCine\",\"https:\\\/\\\/www.instagram.com\\\/repliquemangacine.fr\\\/\"]}]}<\/script>\n<!-- \/ Yoast SEO plugin. -->","yoast_head_json":{"title":"Dolch Wolf The Witcher3 - Online Shop | RMC","description":"Bestellen Sie schnell! Dein The Witcher3 Wolf Dagger zum besten Preis. Klinge aus Stahl - Scheide - Gesamtl\u00e4nge: 40.5cm - Versand 24\/48h","robots":{"index":"index","follow":"follow","max-snippet":"max-snippet:-1","max-image-preview":"max-image-preview:large","max-video-preview":"max-video-preview:-1"},"canonical":"https:\/\/repliquemangacine.fr\/de\/schwert-the-witcher\/dolch-wolf-the-witcher3-dolch-geralt-de-riv\/","og_locale":"de_DE","og_type":"article","og_title":"Dague Wolf The Witcher3 - Boutique en ligne | RMC","og_description":"Commandez vite ! Votre Dague Wolf The Witcher3 au meilleur prix. Lame en acier - Fourreau - Longueur totale : 40.5cm - Envoi 24\/48h","og_url":"https:\/\/repliquemangacine.fr\/de\/schwert-the-witcher\/dolch-wolf-the-witcher3-dolch-geralt-de-riv\/","og_site_name":"R\u00e9plique Manga Cin\u00e9","article_publisher":"https:\/\/www.facebook.com\/RepliqueMangaCine","article_modified_time":"2026-04-28T15:52:01+00:00","og_image":[{"width":800,"height":800,"url":"https:\/\/repliquemangacine.fr\/wp-content\/uploads\/2023\/10\/3061-Dague-Wolf-The-Witcher-3-Dague-Geralt-de-Riv.jpg","type":"image\/jpeg"}],"twitter_card":"summary_large_image","twitter_misc":{"Gesch\u00e4tzte Lesezeit":"1\u00a0Minute"},"schema":{"@context":"https:\/\/schema.org","@graph":[{"@type":"WebPage","@id":"https:\/\/repliquemangacine.fr\/epee-the-witcher\/dague-wolf-the-witcher3-dague-geralt-de-riv\/","url":"https:\/\/repliquemangacine.fr\/epee-the-witcher\/dague-wolf-the-witcher3-dague-geralt-de-riv\/","name":"Dolch Wolf The Witcher3 - Online Shop | RMC","isPartOf":{"@id":"https:\/\/repliquemangacine.fr\/#website"},"primaryImageOfPage":{"@id":"https:\/\/repliquemangacine.fr\/epee-the-witcher\/dague-wolf-the-witcher3-dague-geralt-de-riv\/#primaryimage"},"image":{"@id":"https:\/\/repliquemangacine.fr\/epee-the-witcher\/dague-wolf-the-witcher3-dague-geralt-de-riv\/#primaryimage"},"thumbnailUrl":"https:\/\/repliquemangacine.fr\/wp-content\/uploads\/2023\/10\/3061-Dague-Wolf-The-Witcher-3-Dague-Geralt-de-Riv.jpg","datePublished":"2019-09-08T09:39:05+00:00","dateModified":"2026-04-28T15:52:01+00:00","description":"Bestellen Sie schnell! Dein The Witcher3 Wolf Dagger zum besten Preis. Klinge aus Stahl - Scheide - Gesamtl\u00e4nge: 40.5cm - Versand 24\/48h","breadcrumb":{"@id":"https:\/\/repliquemangacine.fr\/epee-the-witcher\/dague-wolf-the-witcher3-dague-geralt-de-riv\/#breadcrumb"},"inLanguage":"de","potentialAction":[{"@type":"ReadAction","target":["https:\/\/repliquemangacine.fr\/epee-the-witcher\/dague-wolf-the-witcher3-dague-geralt-de-riv\/"]}]},{"@type":"ImageObject","inLanguage":"de","@id":"https:\/\/repliquemangacine.fr\/epee-the-witcher\/dague-wolf-the-witcher3-dague-geralt-de-riv\/#primaryimage","url":"https:\/\/repliquemangacine.fr\/wp-content\/uploads\/2023\/10\/3061-Dague-Wolf-The-Witcher-3-Dague-Geralt-de-Riv.jpg","contentUrl":"https:\/\/repliquemangacine.fr\/wp-content\/uploads\/2023\/10\/3061-Dague-Wolf-The-Witcher-3-Dague-Geralt-de-Riv.jpg","width":800,"height":800,"caption":"Dague Wolf The Witcher 3 - Dague G\u00e9ralt de Riv"},{"@type":"BreadcrumbList","@id":"https:\/\/repliquemangacine.fr\/epee-the-witcher\/dague-wolf-the-witcher3-dague-geralt-de-riv\/#breadcrumb","itemListElement":[{"@type":"ListItem","position":1,"name":"Accueil","item":"https:\/\/repliquemangacine.fr\/"},{"@type":"ListItem","position":2,"name":"Produits","item":"https:\/\/repliquemangacine.fr\/boutique\/"},{"@type":"ListItem","position":3,"name":"Dague Wolf The Witcher3"}]},{"@type":"WebSite","@id":"https:\/\/repliquemangacine.fr\/#website","url":"https:\/\/repliquemangacine.fr\/","name":"R\u00e9plique Manga Cin\u00e9","description":"","publisher":{"@id":"https:\/\/repliquemangacine.fr\/#organization"},"potentialAction":[{"@type":"SearchAction","target":{"@type":"EntryPoint","urlTemplate":"https:\/\/repliquemangacine.fr\/?s={search_term_string}"},"query-input":{"@type":"PropertyValueSpecification","valueRequired":true,"valueName":"search_term_string"}}],"inLanguage":"de"},{"@type":"Organization","@id":"https:\/\/repliquemangacine.fr\/#organization","name":"R\u00e9plique Manga Cin\u00e9","url":"https:\/\/repliquemangacine.fr\/","logo":{"@type":"ImageObject","inLanguage":"de","@id":"https:\/\/repliquemangacine.fr\/#\/schema\/logo\/image\/","url":"https:\/\/repliquemangacine.fr\/wp-content\/uploads\/2023\/10\/RMC-500250.png","contentUrl":"https:\/\/repliquemangacine.fr\/wp-content\/uploads\/2023\/10\/RMC-500250.png","width":500,"height":250,"caption":"R\u00e9plique Manga Cin\u00e9"},"image":{"@id":"https:\/\/repliquemangacine.fr\/#\/schema\/logo\/image\/"},"sameAs":["https:\/\/www.facebook.com\/RepliqueMangaCine","https:\/\/www.instagram.com\/repliquemangacine.fr\/"]}]}},"_links":{"self":[{"href":"https:\/\/repliquemangacine.fr\/de\/wp-json\/wp\/v2\/product\/28354","targetHints":{"allow":["GET"]}}],"collection":[{"href":"https:\/\/repliquemangacine.fr\/de\/wp-json\/wp\/v2\/product"}],"about":[{"href":"https:\/\/repliquemangacine.fr\/de\/wp-json\/wp\/v2\/types\/product"}],"wp:featuredmedia":[{"embeddable":true,"href":"https:\/\/repliquemangacine.fr\/de\/wp-json\/wp\/v2\/media\/28355"}],"wp:attachment":[{"href":"https:\/\/repliquemangacine.fr\/de\/wp-json\/wp\/v2\/media?parent=28354"}],"wp:term":[{"taxonomy":"product_brand","embeddable":true,"href":"https:\/\/repliquemangacine.fr\/de\/wp-json\/wp\/v2\/product_brand?post=28354"},{"taxonomy":"product_cat","embeddable":true,"href":"https:\/\/repliquemangacine.fr\/de\/wp-json\/wp\/v2\/product_cat?post=28354"},{"taxonomy":"product_tag","embeddable":true,"href":"https:\/\/repliquemangacine.fr\/de\/wp-json\/wp\/v2\/product_tag?post=28354"}],"curies":[{"name":"wp","href":"https:\/\/api.w.org\/{rel}","templated":true}]}}