





{"id":28287,"date":"2019-09-06T09:45:04","date_gmt":"2019-09-06T07:45:04","guid":{"rendered":"https:\/\/repliquemangacine.fr\/?post_type=product&#038;p=28287"},"modified":"2025-12-04T10:53:30","modified_gmt":"2025-12-04T09:53:30","slug":"dolch-ojeda-assassin-s-creed","status":"publish","type":"product","link":"https:\/\/repliquemangacine.fr\/de\/armes-assassins-creed\/dague-ojeda-assassin-s-creed\/","title":{"rendered":"Ojeda-Dolch Assassin's Creed"},"content":{"rendered":"<h2>Dolch Ojeda Assassin's Creed der Film.<\/h2>\n<p>Zu Beginn wird die <strong>Ojeda-Dolch Assassin's Creed<\/strong> von seinem Schwert im Film inspiriert ist.<\/p>\n<p><a href=\"https:\/\/assassinscreed.fandom.com\/fr\/wiki\/Ojeda\" target=\"_blank\" rel=\"noopener noreferrer\">Alonso de Ojeda<\/a> ist ein spanischer Entdecker und Konquistador. Anf\u00fchrer einer Armee von Templern w\u00e4hrend der spanischen Inquisition. Er hatte eine imposante Erscheinung, eine gebrochene Nase und ein vernarbtes rechtes Auge und hegte einen tiefen Hass gegen Aguilar de Nerha.<\/p>\n<p>W\u00e4hrend Tom\u00e1s de Torquemada, sein Vorgesetzter, die F\u00e4den zog, erledigte Ojeda die Arbeit vor Ort. Er vollstreckte brutale Urteile gegen jeden, der es wagte, die Inquisition herauszufordern. Selbst wenn er ganze St\u00e4dte dem Erdboden gleichmachte, hielt ihn das nicht vom Schlafen ab, um sein Ziel zu erreichen.<\/p>\n<h2>Ihr Assassin's Creed Ojeda-Dolch zum besten Preis.<\/h2>\n<p>Wir bieten Ihnen alle Spr\u00fcche Ihrer Lieblingscharaktere aus dem Film Assassin's Creed.<\/p>\n<p>Zun\u00e4chst einmal,<\/p>\n<ul>\n<li>L'<a href=\"https:\/\/repliquemangacine.fr\/de\/assassins-creed\/replique-epee-d-aguilar-assassin-s-creed-le-film\/\">Schwert von Aguilar<\/a> der eine genaue Nachbildung der im Film verwendeten Originalrequisite ist.<\/li>\n<li>Sowie die<a href=\"https:\/\/repliquemangacine.fr\/de\/assassins-creed\/replica-schwert-ojeda-assassin-s-creed\/\">Ojeda-Schwert<\/a>Die Replik ist auch eine getreue Nachbildung des Originalrequisits, das im Film Assassin's Creed verwendet wurde.<\/li>\n<li>Und viele andere, die es in unserem Online-Shop zu entdecken gibt!<\/li>\n<\/ul>\n<p>Deshalb ist dies eine tolle Geschenkidee f\u00fcr alle Assassin's Creed-Fans.<\/p>\n<p>Abschlie\u00dfend k\u00f6nnen Sie auch diesen <strong>Ojeda-Dolch Assassin's Creed<\/strong> f\u00fcr Ihre Cosplay-Paraden oder Themenabende. Vor allem aber ist sie ein Sammler- und Dekorationsst\u00fcck.<\/p>\n<h2>Wie pflegt man die Klinge seines Dolches?<\/h2>\n<p>Sammler- und Dekorationswaffen werden in vereinfachter Form hergestellt und zusammengebaut. Da sie zu Dekorationszwecken verwendet werden, fehlen ihnen die Sicherheitselemente, die ein japanisches Schwert f\u00fcr Trainingszwecke aufweisen muss.<\/p>\n<p>Allerdings ist Ihr <strong>Ojeda-Dolch Assassin's Creed<\/strong> zu einer Stahlklinge, die gepflegt werden muss, damit sie nicht mit der Zeit abgenutzt wird. Denn wenn du dein Katana ausstellst, werden deine Freunde neugierig sein, die Klinge zu sehen und sie zu ber\u00fchren. Hier ist Vorsicht geboten, denn Sie sollten wissen, dass die S\u00e4ure der Finger dem Stahl unabh\u00e4ngig von seiner Qualit\u00e4t sehr schadet.<\/p>\n<p>Wenn das passiert, keine Panik, Sie brauchen nur ein Tuch, das mit etwas \u00d6l befeuchtet ist, und wischen die Fingerabdr\u00fccke ab. Wenn Sie dies tun, werden Sie Ihr Schwert sehr lange behalten.<\/p>","protected":false},"excerpt":{"rendered":"<p>Vom Film Assassin's Creed inspirierte Replik des kleinen Dolches, der als gro\u00dfer Brief\u00f6ffner dienen kann.<\/p>\n<ul>\n<li>Klinge aus rostfreiem Stahl<\/li>\n<li>Geformter und geriffelter ABS-Griff.<\/li>\n<li>Gleiche Wache wie das Ganzstahlschwert.<\/li>\n<li>Knauf an den Kopf von Alonso de Ojeda.<\/li>\n<li>Scheide aus ABS<\/li>\n<li>L\u00e4nge der Klinge:21.5cm - Gesamtl\u00e4nge: 34cm - Gewicht: 162 Grs<\/li>\n<\/ul>\n<p><strong>\u00a0<\/strong><\/p>","protected":false},"featured_media":28288,"template":"","meta":[],"product_brand":[896],"product_cat":[836,48,23],"product_tag":[611,612,613,614],"class_list":{"0":"post-28287","1":"product","2":"type-product","3":"status-publish","4":"has-post-thumbnail","6":"product_brand-replique-manga-cine","7":"product_cat-armes-assassins-creed","8":"product_cat-epees-assassins-creed-armes-assassins-creed","9":"product_cat-repliques-manga-jeux-video","10":"product_tag-accessoires-assassins-creed","11":"product_tag-cosplay-assassins-creed","12":"product_tag-dague-assassins-creed","13":"product_tag-goodies-assassins-creed","15":"first","16":"instock","17":"taxable","18":"shipping-taxable","19":"purchasable","20":"product-type-simple"},"yoast_head":"<!-- This site is optimized with the Yoast SEO plugin v27.4 - https:\/\/yoast.com\/product\/yoast-seo-wordpress\/ -->\n<title>Dague Ojeda Assassin&#039;s Creed le film - Boutique en ligne | RMC<\/title>\n<meta name=\"description\" content=\"Offrez-vous la Dague Ojeda Assassin&#039;s Creed le film au meilleur prix. Lame acier - Fourreau - Longueur totale : 34 cm - Envoi 24\/48h\" \/>\n<meta name=\"robots\" content=\"index, follow, max-snippet:-1, max-image-preview:large, max-video-preview:-1\" \/>\n<link rel=\"canonical\" href=\"https:\/\/repliquemangacine.fr\/de\/waffen-assassins-creed\/dolch-ojeda-assassin-s-creed\/\" \/>\n<meta property=\"og:locale\" content=\"de_DE\" \/>\n<meta property=\"og:type\" content=\"article\" \/>\n<meta property=\"og:title\" content=\"Dague Ojeda Assassin&#039;s Creed le film - Boutique en ligne | RMC\" \/>\n<meta property=\"og:description\" content=\"Offrez-vous la Dague Ojeda Assassin&#039;s Creed le film au meilleur prix. Lame acier - Fourreau - Longueur totale : 34 cm - Envoi 24\/48h\" \/>\n<meta property=\"og:url\" content=\"https:\/\/repliquemangacine.fr\/de\/waffen-assassins-creed\/dolch-ojeda-assassin-s-creed\/\" \/>\n<meta property=\"og:site_name\" content=\"R\u00e9plique Manga Cin\u00e9\" \/>\n<meta property=\"article:publisher\" content=\"https:\/\/www.facebook.com\/RepliqueMangaCine\" \/>\n<meta property=\"article:modified_time\" content=\"2025-12-04T09:53:30+00:00\" \/>\n<meta property=\"og:image\" content=\"https:\/\/repliquemangacine.fr\/wp-content\/uploads\/2023\/10\/3011-Dague-Ojeda-Assassins-Creed.jpg\" \/>\n\t<meta property=\"og:image:width\" content=\"800\" \/>\n\t<meta property=\"og:image:height\" content=\"800\" \/>\n\t<meta property=\"og:image:type\" content=\"image\/jpeg\" \/>\n<meta name=\"twitter:card\" content=\"summary_large_image\" \/>\n<meta name=\"twitter:label1\" content=\"Gesch\u00e4tzte Lesezeit\" \/>\n\t<meta name=\"twitter:data1\" content=\"1\u00a0Minute\" \/>\n<script type=\"application\/ld+json\" class=\"yoast-schema-graph\">{\"@context\":\"https:\\\/\\\/schema.org\",\"@graph\":[{\"@type\":\"WebPage\",\"@id\":\"https:\\\/\\\/repliquemangacine.fr\\\/armes-assassins-creed\\\/dague-ojeda-assassin-s-creed\\\/\",\"url\":\"https:\\\/\\\/repliquemangacine.fr\\\/armes-assassins-creed\\\/dague-ojeda-assassin-s-creed\\\/\",\"name\":\"Dague Ojeda Assassin's Creed le film - Boutique en ligne | RMC\",\"isPartOf\":{\"@id\":\"https:\\\/\\\/repliquemangacine.fr\\\/#website\"},\"primaryImageOfPage\":{\"@id\":\"https:\\\/\\\/repliquemangacine.fr\\\/armes-assassins-creed\\\/dague-ojeda-assassin-s-creed\\\/#primaryimage\"},\"image\":{\"@id\":\"https:\\\/\\\/repliquemangacine.fr\\\/armes-assassins-creed\\\/dague-ojeda-assassin-s-creed\\\/#primaryimage\"},\"thumbnailUrl\":\"https:\\\/\\\/repliquemangacine.fr\\\/wp-content\\\/uploads\\\/2023\\\/10\\\/3011-Dague-Ojeda-Assassins-Creed.jpg\",\"datePublished\":\"2019-09-06T07:45:04+00:00\",\"dateModified\":\"2025-12-04T09:53:30+00:00\",\"description\":\"Offrez-vous la Dague Ojeda Assassin's Creed le film au meilleur prix. Lame acier - Fourreau - Longueur totale : 34 cm - Envoi 24\\\/48h\",\"breadcrumb\":{\"@id\":\"https:\\\/\\\/repliquemangacine.fr\\\/armes-assassins-creed\\\/dague-ojeda-assassin-s-creed\\\/#breadcrumb\"},\"inLanguage\":\"de\",\"potentialAction\":[{\"@type\":\"ReadAction\",\"target\":[\"https:\\\/\\\/repliquemangacine.fr\\\/armes-assassins-creed\\\/dague-ojeda-assassin-s-creed\\\/\"]}]},{\"@type\":\"ImageObject\",\"inLanguage\":\"de\",\"@id\":\"https:\\\/\\\/repliquemangacine.fr\\\/armes-assassins-creed\\\/dague-ojeda-assassin-s-creed\\\/#primaryimage\",\"url\":\"https:\\\/\\\/repliquemangacine.fr\\\/wp-content\\\/uploads\\\/2023\\\/10\\\/3011-Dague-Ojeda-Assassins-Creed.jpg\",\"contentUrl\":\"https:\\\/\\\/repliquemangacine.fr\\\/wp-content\\\/uploads\\\/2023\\\/10\\\/3011-Dague-Ojeda-Assassins-Creed.jpg\",\"width\":800,\"height\":800,\"caption\":\"Dague Ojeda Assassin's Creed\"},{\"@type\":\"BreadcrumbList\",\"@id\":\"https:\\\/\\\/repliquemangacine.fr\\\/armes-assassins-creed\\\/dague-ojeda-assassin-s-creed\\\/#breadcrumb\",\"itemListElement\":[{\"@type\":\"ListItem\",\"position\":1,\"name\":\"Accueil\",\"item\":\"https:\\\/\\\/repliquemangacine.fr\\\/\"},{\"@type\":\"ListItem\",\"position\":2,\"name\":\"Produits\",\"item\":\"https:\\\/\\\/repliquemangacine.fr\\\/boutique\\\/\"},{\"@type\":\"ListItem\",\"position\":3,\"name\":\"Dague Ojeda Assassin&#8217;s Creed\"}]},{\"@type\":\"WebSite\",\"@id\":\"https:\\\/\\\/repliquemangacine.fr\\\/#website\",\"url\":\"https:\\\/\\\/repliquemangacine.fr\\\/\",\"name\":\"R\u00e9plique Manga Cin\u00e9\",\"description\":\"\",\"publisher\":{\"@id\":\"https:\\\/\\\/repliquemangacine.fr\\\/#organization\"},\"potentialAction\":[{\"@type\":\"SearchAction\",\"target\":{\"@type\":\"EntryPoint\",\"urlTemplate\":\"https:\\\/\\\/repliquemangacine.fr\\\/?s={search_term_string}\"},\"query-input\":{\"@type\":\"PropertyValueSpecification\",\"valueRequired\":true,\"valueName\":\"search_term_string\"}}],\"inLanguage\":\"de\"},{\"@type\":\"Organization\",\"@id\":\"https:\\\/\\\/repliquemangacine.fr\\\/#organization\",\"name\":\"R\u00e9plique Manga Cin\u00e9\",\"url\":\"https:\\\/\\\/repliquemangacine.fr\\\/\",\"logo\":{\"@type\":\"ImageObject\",\"inLanguage\":\"de\",\"@id\":\"https:\\\/\\\/repliquemangacine.fr\\\/#\\\/schema\\\/logo\\\/image\\\/\",\"url\":\"https:\\\/\\\/repliquemangacine.fr\\\/wp-content\\\/uploads\\\/2023\\\/10\\\/RMC-500250.png\",\"contentUrl\":\"https:\\\/\\\/repliquemangacine.fr\\\/wp-content\\\/uploads\\\/2023\\\/10\\\/RMC-500250.png\",\"width\":500,\"height\":250,\"caption\":\"R\u00e9plique Manga Cin\u00e9\"},\"image\":{\"@id\":\"https:\\\/\\\/repliquemangacine.fr\\\/#\\\/schema\\\/logo\\\/image\\\/\"},\"sameAs\":[\"https:\\\/\\\/www.facebook.com\\\/RepliqueMangaCine\",\"https:\\\/\\\/www.instagram.com\\\/repliquemangacine.fr\\\/\"]}]}<\/script>\n<!-- \/ Yoast SEO plugin. -->","yoast_head_json":{"title":"Dolch Ojeda Assassin's Creed der Film - Online-Shop | RMC","description":"G\u00f6nnen Sie sich den Ojeda-Dolch Assassin's Creed der Film zum besten Preis. Stahlklinge - Scheide - Gesamtl\u00e4nge: 34 cm - Versand 24\/48h","robots":{"index":"index","follow":"follow","max-snippet":"max-snippet:-1","max-image-preview":"max-image-preview:large","max-video-preview":"max-video-preview:-1"},"canonical":"https:\/\/repliquemangacine.fr\/de\/waffen-assassins-creed\/dolch-ojeda-assassin-s-creed\/","og_locale":"de_DE","og_type":"article","og_title":"Dague Ojeda Assassin's Creed le film - Boutique en ligne | RMC","og_description":"Offrez-vous la Dague Ojeda Assassin's Creed le film au meilleur prix. Lame acier - Fourreau - Longueur totale : 34 cm - Envoi 24\/48h","og_url":"https:\/\/repliquemangacine.fr\/de\/waffen-assassins-creed\/dolch-ojeda-assassin-s-creed\/","og_site_name":"R\u00e9plique Manga Cin\u00e9","article_publisher":"https:\/\/www.facebook.com\/RepliqueMangaCine","article_modified_time":"2025-12-04T09:53:30+00:00","og_image":[{"width":800,"height":800,"url":"https:\/\/repliquemangacine.fr\/wp-content\/uploads\/2023\/10\/3011-Dague-Ojeda-Assassins-Creed.jpg","type":"image\/jpeg"}],"twitter_card":"summary_large_image","twitter_misc":{"Gesch\u00e4tzte Lesezeit":"1\u00a0Minute"},"schema":{"@context":"https:\/\/schema.org","@graph":[{"@type":"WebPage","@id":"https:\/\/repliquemangacine.fr\/armes-assassins-creed\/dague-ojeda-assassin-s-creed\/","url":"https:\/\/repliquemangacine.fr\/armes-assassins-creed\/dague-ojeda-assassin-s-creed\/","name":"Dolch Ojeda Assassin's Creed der Film - Online-Shop | RMC","isPartOf":{"@id":"https:\/\/repliquemangacine.fr\/#website"},"primaryImageOfPage":{"@id":"https:\/\/repliquemangacine.fr\/armes-assassins-creed\/dague-ojeda-assassin-s-creed\/#primaryimage"},"image":{"@id":"https:\/\/repliquemangacine.fr\/armes-assassins-creed\/dague-ojeda-assassin-s-creed\/#primaryimage"},"thumbnailUrl":"https:\/\/repliquemangacine.fr\/wp-content\/uploads\/2023\/10\/3011-Dague-Ojeda-Assassins-Creed.jpg","datePublished":"2019-09-06T07:45:04+00:00","dateModified":"2025-12-04T09:53:30+00:00","description":"G\u00f6nnen Sie sich den Ojeda-Dolch Assassin's Creed der Film zum besten Preis. Stahlklinge - Scheide - Gesamtl\u00e4nge: 34 cm - Versand 24\/48h","breadcrumb":{"@id":"https:\/\/repliquemangacine.fr\/armes-assassins-creed\/dague-ojeda-assassin-s-creed\/#breadcrumb"},"inLanguage":"de","potentialAction":[{"@type":"ReadAction","target":["https:\/\/repliquemangacine.fr\/armes-assassins-creed\/dague-ojeda-assassin-s-creed\/"]}]},{"@type":"ImageObject","inLanguage":"de","@id":"https:\/\/repliquemangacine.fr\/armes-assassins-creed\/dague-ojeda-assassin-s-creed\/#primaryimage","url":"https:\/\/repliquemangacine.fr\/wp-content\/uploads\/2023\/10\/3011-Dague-Ojeda-Assassins-Creed.jpg","contentUrl":"https:\/\/repliquemangacine.fr\/wp-content\/uploads\/2023\/10\/3011-Dague-Ojeda-Assassins-Creed.jpg","width":800,"height":800,"caption":"Dague Ojeda Assassin's Creed"},{"@type":"BreadcrumbList","@id":"https:\/\/repliquemangacine.fr\/armes-assassins-creed\/dague-ojeda-assassin-s-creed\/#breadcrumb","itemListElement":[{"@type":"ListItem","position":1,"name":"Accueil","item":"https:\/\/repliquemangacine.fr\/"},{"@type":"ListItem","position":2,"name":"Produits","item":"https:\/\/repliquemangacine.fr\/boutique\/"},{"@type":"ListItem","position":3,"name":"Dague Ojeda Assassin&#8217;s Creed"}]},{"@type":"WebSite","@id":"https:\/\/repliquemangacine.fr\/#website","url":"https:\/\/repliquemangacine.fr\/","name":"R\u00e9plique Manga Cin\u00e9","description":"","publisher":{"@id":"https:\/\/repliquemangacine.fr\/#organization"},"potentialAction":[{"@type":"SearchAction","target":{"@type":"EntryPoint","urlTemplate":"https:\/\/repliquemangacine.fr\/?s={search_term_string}"},"query-input":{"@type":"PropertyValueSpecification","valueRequired":true,"valueName":"search_term_string"}}],"inLanguage":"de"},{"@type":"Organization","@id":"https:\/\/repliquemangacine.fr\/#organization","name":"R\u00e9plique Manga Cin\u00e9","url":"https:\/\/repliquemangacine.fr\/","logo":{"@type":"ImageObject","inLanguage":"de","@id":"https:\/\/repliquemangacine.fr\/#\/schema\/logo\/image\/","url":"https:\/\/repliquemangacine.fr\/wp-content\/uploads\/2023\/10\/RMC-500250.png","contentUrl":"https:\/\/repliquemangacine.fr\/wp-content\/uploads\/2023\/10\/RMC-500250.png","width":500,"height":250,"caption":"R\u00e9plique Manga Cin\u00e9"},"image":{"@id":"https:\/\/repliquemangacine.fr\/#\/schema\/logo\/image\/"},"sameAs":["https:\/\/www.facebook.com\/RepliqueMangaCine","https:\/\/www.instagram.com\/repliquemangacine.fr\/"]}]}},"_links":{"self":[{"href":"https:\/\/repliquemangacine.fr\/de\/wp-json\/wp\/v2\/product\/28287","targetHints":{"allow":["GET"]}}],"collection":[{"href":"https:\/\/repliquemangacine.fr\/de\/wp-json\/wp\/v2\/product"}],"about":[{"href":"https:\/\/repliquemangacine.fr\/de\/wp-json\/wp\/v2\/types\/product"}],"wp:featuredmedia":[{"embeddable":true,"href":"https:\/\/repliquemangacine.fr\/de\/wp-json\/wp\/v2\/media\/28288"}],"wp:attachment":[{"href":"https:\/\/repliquemangacine.fr\/de\/wp-json\/wp\/v2\/media?parent=28287"}],"wp:term":[{"taxonomy":"product_brand","embeddable":true,"href":"https:\/\/repliquemangacine.fr\/de\/wp-json\/wp\/v2\/product_brand?post=28287"},{"taxonomy":"product_cat","embeddable":true,"href":"https:\/\/repliquemangacine.fr\/de\/wp-json\/wp\/v2\/product_cat?post=28287"},{"taxonomy":"product_tag","embeddable":true,"href":"https:\/\/repliquemangacine.fr\/de\/wp-json\/wp\/v2\/product_tag?post=28287"}],"curies":[{"name":"wp","href":"https:\/\/api.w.org\/{rel}","templated":true}]}}