





{"id":28280,"date":"2019-09-05T15:20:14","date_gmt":"2019-09-05T13:20:14","guid":{"rendered":"https:\/\/repliquemangacine.fr\/?post_type=product&#038;p=28280"},"modified":"2025-09-23T18:02:17","modified_gmt":"2025-09-23T16:02:17","slug":"glas-aus-kunstharz-game-of-thrones-glas-wolf-phantom","status":"publish","type":"product","link":"https:\/\/repliquemangacine.fr\/de\/mugs-manga\/verre-a-pied-en-resine-game-of-thrones-verre-loup-fantome\/","title":{"rendered":"Game of Thrones Stielglas"},"content":{"rendered":"<h2>Game of Thrones Glas<\/h2>\n<p>Zu Beginn wird der <strong>Game of Thrones Glas<\/strong>, inspiriert von der Serie GOT. Dieses Weinglas hat auf beiden Seiten den Kopf von Fant\u00f4me. Fant\u00f4me, einer der W\u00f6lfe, die von den Kindern des Hauses Stark entdeckt wurden. Adoptiert und aufgezogen von Jon Snow.<\/p>\n<p>Game Of Throne, auch bekannt als Der Eiserne Thron, eine amerikanische Fantasy-Fernsehserie, geschaffen von David Benioff und D. B. Weiss.<\/p>\n<p>Es handelt sich n\u00e4mlich um die Adaption der Romanreihe von George R. R. Martin. Diese Saga ist bekannt f\u00fcr ihren Realismus und ihre zahlreichen Inspirationen aus realen Ereignissen. Dazu geh\u00f6ren bestimmte historische Orte und Pers\u00f6nlichkeiten, wie beispielsweise der Rosenkrieg, der Hadrianswall oder Heinrich VII. Tudor.<\/p>\n<h2>Ihr Games of Thrones Glas zum besten Preis.<\/h2>\n<p>Wir bieten Ihnen eine gro\u00dfe Auswahl an g\u00fcnstigen GOT-Schwertern und Sammlerst\u00fccken.<\/p>\n<p>Zun\u00e4chst einmal,<\/p>\n<ul>\n<li>L'<a href=\"https:\/\/repliquemangacine.fr\/de\/schwerter-game-of-thrones\/schwert-jaime-lannister-game-of-thrones\/\">Schwert von Jaime Lannister<\/a> mit seinem Knauf in Form eines Kopfes.<\/li>\n<li>Sowie die <a href=\"https:\/\/repliquemangacine.fr\/de\/house-of-the-dragon\/replica-dolch-catspaw-game-of-thrones\/\">Catspaw-Dolch<\/a> von arya, aber auch in House of Dragon gesehen.<\/li>\n<li>Es gibt auch Dracheneier, lizenziert von HBO, vertrieben von <a href=\"https:\/\/noblecollection.fr\/\" target=\"_blank\" rel=\"noopener noreferrer\">Noble Collection<\/a><\/li>\n<li>Und noch viel mehr gibt es in unserem Online-Shop zu entdecken!<\/li>\n<\/ul>\n<p>Deshalb ist dies eine tolle Geschenkidee f\u00fcr Fans der Serie Game of Thones.<\/p>\n<p>Abschlie\u00dfend k\u00f6nnen Sie den <strong>Game of Thrones Glas<\/strong> im t\u00e4glichen Leben bei Ihren Kaffeepausen. Vor allem aber ist es ein Sammler- und Dekorationsst\u00fcck.<\/p>\n<h2>Wie werden Ihre Sammelobjekte hergestellt?<\/h2>\n<p>Zun\u00e4chst einmal sind alle unsere Produkte von hoher Qualit\u00e4t und werden mit besonderer Sorgfalt hergestellt. Die Herstellung erfolgt zum Teil von Hand, um jedes noch so kleine Detail zu reproduzieren. Gr\u00f6\u00dfere Teile werden von pr\u00e4zisen Maschinen bearbeitet. Die Gravuren werden in der Regel mit einer Diamantspitze oder einem Laser ausgef\u00fchrt.<\/p>\n<p>Ihre <strong>Game of Thrones Glas<\/strong> hergestellt, um jedes Detail genau zu reproduzieren. Um dem Erbe der originalen Meisterwerke gerecht zu werden. Der Schwerpunkt liegt darauf, qualitativ hochwertige Repliken herzustellen, die so historisch genau wie m\u00f6glich sind.<\/p>\n<p>Abschlie\u00dfend sei gesagt, dass unsere Repliken, die aus China, Spanien oder Indien importiert wurden, Sie in Erstaunen versetzen werden!<\/p>\n<p>R\u00e9plique Manga Cin\u00e9 ist ein franz\u00f6sisches Familienunternehmen.<\/p>","protected":false},"excerpt":{"rendered":"<p>Inoffizielles Glas aus Game of Thrones mit dem Kopf von Phantom.<\/p>\n<ul>\n<li>Au\u00dfenseite aus hochwertigem Kunstharz.<\/li>\n<li>Fein verzierter Fu\u00df mit drei roten Steinen.<\/li>\n<li>Innenseite aus Aluminium.<\/li>\n<li>H\u00f6he: 19.5 cm - Gewicht: 374 g<\/li>\n<\/ul>","protected":false},"featured_media":28281,"template":"","meta":[],"product_brand":[896],"product_cat":[81,24,47,94,95],"product_tag":[610,605,606],"class_list":{"0":"post-28280","1":"product","2":"type-product","3":"status-publish","4":"has-post-thumbnail","6":"product_brand-replique-manga-cine","7":"product_cat-collectors-et-goodies-game-of-thrones","8":"product_cat-films-series-tv-vente-de-katana-epee-et-produits-derives","9":"product_cat-game-of-thrones","10":"product_cat-goodies","11":"product_cat-mugs-manga","12":"product_tag-accessoires-game-of-thrones","13":"product_tag-cadeau-game-of-thrones","14":"product_tag-goodies-game-of-thrones","16":"first","17":"outofstock","18":"taxable","19":"shipping-taxable","20":"purchasable","21":"product-type-simple"},"yoast_head":"<!-- This site is optimized with the Yoast SEO plugin v27.5 - https:\/\/yoast.com\/product\/yoast-seo-wordpress\/ -->\n<title>Verre Game of Thrones - Objets collectors | R\u00e9plique Manga Cin\u00e9<\/title>\n<meta name=\"description\" content=\"D\u00e9couvrez ce Verre Game of Thrones au meilleur prix - L&#039;ext\u00e9rieur de ce verre \u00e0 pied est en r\u00e9sine - Int\u00e9rieur en aluminium - Hauteur : 19.5 cm\" \/>\n<meta name=\"robots\" content=\"index, follow, max-snippet:-1, max-image-preview:large, max-video-preview:-1\" \/>\n<link rel=\"canonical\" href=\"https:\/\/repliquemangacine.fr\/de\/manga-tassen\/glas-aus-kunstharz-game-of-thrones-glas-wolf-phantom\/\" \/>\n<meta property=\"og:locale\" content=\"de_DE\" \/>\n<meta property=\"og:type\" content=\"article\" \/>\n<meta property=\"og:title\" content=\"Verre Game of Thrones - Objets collectors | R\u00e9plique Manga Cin\u00e9\" \/>\n<meta property=\"og:description\" content=\"D\u00e9couvrez ce Verre Game of Thrones au meilleur prix - L&#039;ext\u00e9rieur de ce verre \u00e0 pied est en r\u00e9sine - Int\u00e9rieur en aluminium - Hauteur : 19.5 cm\" \/>\n<meta property=\"og:url\" content=\"https:\/\/repliquemangacine.fr\/de\/manga-tassen\/glas-aus-kunstharz-game-of-thrones-glas-wolf-phantom\/\" \/>\n<meta property=\"og:site_name\" content=\"R\u00e9plique Manga Cin\u00e9\" \/>\n<meta property=\"article:publisher\" content=\"https:\/\/www.facebook.com\/RepliqueMangaCine\" \/>\n<meta property=\"article:modified_time\" content=\"2025-09-23T16:02:17+00:00\" \/>\n<meta property=\"og:image\" content=\"https:\/\/repliquemangacine.fr\/wp-content\/uploads\/2023\/10\/3006-Verre-a-Pied-en-resine-Game-of-Thrones-Verre-loup-Fantome.jpg\" \/>\n\t<meta property=\"og:image:width\" content=\"1200\" \/>\n\t<meta property=\"og:image:height\" content=\"1200\" \/>\n\t<meta property=\"og:image:type\" content=\"image\/jpeg\" \/>\n<meta name=\"twitter:card\" content=\"summary_large_image\" \/>\n<meta name=\"twitter:label1\" content=\"Gesch\u00e4tzte Lesezeit\" \/>\n\t<meta name=\"twitter:data1\" content=\"1\u00a0Minute\" \/>\n<script type=\"application\/ld+json\" class=\"yoast-schema-graph\">{\"@context\":\"https:\\\/\\\/schema.org\",\"@graph\":[{\"@type\":\"WebPage\",\"@id\":\"https:\\\/\\\/repliquemangacine.fr\\\/mugs-manga\\\/verre-a-pied-en-resine-game-of-thrones-verre-loup-fantome\\\/\",\"url\":\"https:\\\/\\\/repliquemangacine.fr\\\/mugs-manga\\\/verre-a-pied-en-resine-game-of-thrones-verre-loup-fantome\\\/\",\"name\":\"Verre Game of Thrones - Objets collectors | R\u00e9plique Manga Cin\u00e9\",\"isPartOf\":{\"@id\":\"https:\\\/\\\/repliquemangacine.fr\\\/#website\"},\"primaryImageOfPage\":{\"@id\":\"https:\\\/\\\/repliquemangacine.fr\\\/mugs-manga\\\/verre-a-pied-en-resine-game-of-thrones-verre-loup-fantome\\\/#primaryimage\"},\"image\":{\"@id\":\"https:\\\/\\\/repliquemangacine.fr\\\/mugs-manga\\\/verre-a-pied-en-resine-game-of-thrones-verre-loup-fantome\\\/#primaryimage\"},\"thumbnailUrl\":\"https:\\\/\\\/repliquemangacine.fr\\\/wp-content\\\/uploads\\\/2023\\\/10\\\/3006-Verre-a-Pied-en-resine-Game-of-Thrones-Verre-loup-Fantome.jpg\",\"datePublished\":\"2019-09-05T13:20:14+00:00\",\"dateModified\":\"2025-09-23T16:02:17+00:00\",\"description\":\"D\u00e9couvrez ce Verre Game of Thrones au meilleur prix - L'ext\u00e9rieur de ce verre \u00e0 pied est en r\u00e9sine - Int\u00e9rieur en aluminium - Hauteur : 19.5 cm\",\"breadcrumb\":{\"@id\":\"https:\\\/\\\/repliquemangacine.fr\\\/mugs-manga\\\/verre-a-pied-en-resine-game-of-thrones-verre-loup-fantome\\\/#breadcrumb\"},\"inLanguage\":\"de\",\"potentialAction\":[{\"@type\":\"ReadAction\",\"target\":[\"https:\\\/\\\/repliquemangacine.fr\\\/mugs-manga\\\/verre-a-pied-en-resine-game-of-thrones-verre-loup-fantome\\\/\"]}]},{\"@type\":\"ImageObject\",\"inLanguage\":\"de\",\"@id\":\"https:\\\/\\\/repliquemangacine.fr\\\/mugs-manga\\\/verre-a-pied-en-resine-game-of-thrones-verre-loup-fantome\\\/#primaryimage\",\"url\":\"https:\\\/\\\/repliquemangacine.fr\\\/wp-content\\\/uploads\\\/2023\\\/10\\\/3006-Verre-a-Pied-en-resine-Game-of-Thrones-Verre-loup-Fantome.jpg\",\"contentUrl\":\"https:\\\/\\\/repliquemangacine.fr\\\/wp-content\\\/uploads\\\/2023\\\/10\\\/3006-Verre-a-Pied-en-resine-Game-of-Thrones-Verre-loup-Fantome.jpg\",\"width\":1200,\"height\":1200,\"caption\":\"Verre \u00e0 Pied en r\u00e9sine Game of Thrones- Verre loup Fant\u00f4me\"},{\"@type\":\"BreadcrumbList\",\"@id\":\"https:\\\/\\\/repliquemangacine.fr\\\/mugs-manga\\\/verre-a-pied-en-resine-game-of-thrones-verre-loup-fantome\\\/#breadcrumb\",\"itemListElement\":[{\"@type\":\"ListItem\",\"position\":1,\"name\":\"Accueil\",\"item\":\"https:\\\/\\\/repliquemangacine.fr\\\/\"},{\"@type\":\"ListItem\",\"position\":2,\"name\":\"Produits\",\"item\":\"https:\\\/\\\/repliquemangacine.fr\\\/boutique\\\/\"},{\"@type\":\"ListItem\",\"position\":3,\"name\":\"Verre \u00e0 Pied Game of Thrones\"}]},{\"@type\":\"WebSite\",\"@id\":\"https:\\\/\\\/repliquemangacine.fr\\\/#website\",\"url\":\"https:\\\/\\\/repliquemangacine.fr\\\/\",\"name\":\"R\u00e9plique Manga Cin\u00e9\",\"description\":\"\",\"publisher\":{\"@id\":\"https:\\\/\\\/repliquemangacine.fr\\\/#organization\"},\"potentialAction\":[{\"@type\":\"SearchAction\",\"target\":{\"@type\":\"EntryPoint\",\"urlTemplate\":\"https:\\\/\\\/repliquemangacine.fr\\\/?s={search_term_string}\"},\"query-input\":{\"@type\":\"PropertyValueSpecification\",\"valueRequired\":true,\"valueName\":\"search_term_string\"}}],\"inLanguage\":\"de\"},{\"@type\":\"Organization\",\"@id\":\"https:\\\/\\\/repliquemangacine.fr\\\/#organization\",\"name\":\"R\u00e9plique Manga Cin\u00e9\",\"url\":\"https:\\\/\\\/repliquemangacine.fr\\\/\",\"logo\":{\"@type\":\"ImageObject\",\"inLanguage\":\"de\",\"@id\":\"https:\\\/\\\/repliquemangacine.fr\\\/#\\\/schema\\\/logo\\\/image\\\/\",\"url\":\"https:\\\/\\\/repliquemangacine.fr\\\/wp-content\\\/uploads\\\/2023\\\/10\\\/RMC-500250.png\",\"contentUrl\":\"https:\\\/\\\/repliquemangacine.fr\\\/wp-content\\\/uploads\\\/2023\\\/10\\\/RMC-500250.png\",\"width\":500,\"height\":250,\"caption\":\"R\u00e9plique Manga Cin\u00e9\"},\"image\":{\"@id\":\"https:\\\/\\\/repliquemangacine.fr\\\/#\\\/schema\\\/logo\\\/image\\\/\"},\"sameAs\":[\"https:\\\/\\\/www.facebook.com\\\/RepliqueMangaCine\",\"https:\\\/\\\/www.instagram.com\\\/repliquemangacine.fr\\\/\"]}]}<\/script>\n<!-- \/ Yoast SEO plugin. -->","yoast_head_json":{"title":"Game of Thrones Glas - Sammlerst\u00fccke | R\u00e9plique Manga Cin\u00e9","description":"Entdecken Sie dieses Glas Game of Thrones zum besten Preis - Die Au\u00dfenseite dieses Trinkglases ist aus Kunstharz - Die Innenseite aus Aluminium - H\u00f6he: 19.5 cm","robots":{"index":"index","follow":"follow","max-snippet":"max-snippet:-1","max-image-preview":"max-image-preview:large","max-video-preview":"max-video-preview:-1"},"canonical":"https:\/\/repliquemangacine.fr\/de\/manga-tassen\/glas-aus-kunstharz-game-of-thrones-glas-wolf-phantom\/","og_locale":"de_DE","og_type":"article","og_title":"Verre Game of Thrones - Objets collectors | R\u00e9plique Manga Cin\u00e9","og_description":"D\u00e9couvrez ce Verre Game of Thrones au meilleur prix - L'ext\u00e9rieur de ce verre \u00e0 pied est en r\u00e9sine - Int\u00e9rieur en aluminium - Hauteur : 19.5 cm","og_url":"https:\/\/repliquemangacine.fr\/de\/manga-tassen\/glas-aus-kunstharz-game-of-thrones-glas-wolf-phantom\/","og_site_name":"R\u00e9plique Manga Cin\u00e9","article_publisher":"https:\/\/www.facebook.com\/RepliqueMangaCine","article_modified_time":"2025-09-23T16:02:17+00:00","og_image":[{"width":1200,"height":1200,"url":"https:\/\/repliquemangacine.fr\/wp-content\/uploads\/2023\/10\/3006-Verre-a-Pied-en-resine-Game-of-Thrones-Verre-loup-Fantome.jpg","type":"image\/jpeg"}],"twitter_card":"summary_large_image","twitter_misc":{"Gesch\u00e4tzte Lesezeit":"1\u00a0Minute"},"schema":{"@context":"https:\/\/schema.org","@graph":[{"@type":"WebPage","@id":"https:\/\/repliquemangacine.fr\/mugs-manga\/verre-a-pied-en-resine-game-of-thrones-verre-loup-fantome\/","url":"https:\/\/repliquemangacine.fr\/mugs-manga\/verre-a-pied-en-resine-game-of-thrones-verre-loup-fantome\/","name":"Game of Thrones Glas - Sammlerst\u00fccke | R\u00e9plique Manga Cin\u00e9","isPartOf":{"@id":"https:\/\/repliquemangacine.fr\/#website"},"primaryImageOfPage":{"@id":"https:\/\/repliquemangacine.fr\/mugs-manga\/verre-a-pied-en-resine-game-of-thrones-verre-loup-fantome\/#primaryimage"},"image":{"@id":"https:\/\/repliquemangacine.fr\/mugs-manga\/verre-a-pied-en-resine-game-of-thrones-verre-loup-fantome\/#primaryimage"},"thumbnailUrl":"https:\/\/repliquemangacine.fr\/wp-content\/uploads\/2023\/10\/3006-Verre-a-Pied-en-resine-Game-of-Thrones-Verre-loup-Fantome.jpg","datePublished":"2019-09-05T13:20:14+00:00","dateModified":"2025-09-23T16:02:17+00:00","description":"Entdecken Sie dieses Glas Game of Thrones zum besten Preis - Die Au\u00dfenseite dieses Trinkglases ist aus Kunstharz - Die Innenseite aus Aluminium - H\u00f6he: 19.5 cm","breadcrumb":{"@id":"https:\/\/repliquemangacine.fr\/mugs-manga\/verre-a-pied-en-resine-game-of-thrones-verre-loup-fantome\/#breadcrumb"},"inLanguage":"de","potentialAction":[{"@type":"ReadAction","target":["https:\/\/repliquemangacine.fr\/mugs-manga\/verre-a-pied-en-resine-game-of-thrones-verre-loup-fantome\/"]}]},{"@type":"ImageObject","inLanguage":"de","@id":"https:\/\/repliquemangacine.fr\/mugs-manga\/verre-a-pied-en-resine-game-of-thrones-verre-loup-fantome\/#primaryimage","url":"https:\/\/repliquemangacine.fr\/wp-content\/uploads\/2023\/10\/3006-Verre-a-Pied-en-resine-Game-of-Thrones-Verre-loup-Fantome.jpg","contentUrl":"https:\/\/repliquemangacine.fr\/wp-content\/uploads\/2023\/10\/3006-Verre-a-Pied-en-resine-Game-of-Thrones-Verre-loup-Fantome.jpg","width":1200,"height":1200,"caption":"Verre \u00e0 Pied en r\u00e9sine Game of Thrones- Verre loup Fant\u00f4me"},{"@type":"BreadcrumbList","@id":"https:\/\/repliquemangacine.fr\/mugs-manga\/verre-a-pied-en-resine-game-of-thrones-verre-loup-fantome\/#breadcrumb","itemListElement":[{"@type":"ListItem","position":1,"name":"Accueil","item":"https:\/\/repliquemangacine.fr\/"},{"@type":"ListItem","position":2,"name":"Produits","item":"https:\/\/repliquemangacine.fr\/boutique\/"},{"@type":"ListItem","position":3,"name":"Verre \u00e0 Pied Game of Thrones"}]},{"@type":"WebSite","@id":"https:\/\/repliquemangacine.fr\/#website","url":"https:\/\/repliquemangacine.fr\/","name":"R\u00e9plique Manga Cin\u00e9","description":"","publisher":{"@id":"https:\/\/repliquemangacine.fr\/#organization"},"potentialAction":[{"@type":"SearchAction","target":{"@type":"EntryPoint","urlTemplate":"https:\/\/repliquemangacine.fr\/?s={search_term_string}"},"query-input":{"@type":"PropertyValueSpecification","valueRequired":true,"valueName":"search_term_string"}}],"inLanguage":"de"},{"@type":"Organization","@id":"https:\/\/repliquemangacine.fr\/#organization","name":"R\u00e9plique Manga Cin\u00e9","url":"https:\/\/repliquemangacine.fr\/","logo":{"@type":"ImageObject","inLanguage":"de","@id":"https:\/\/repliquemangacine.fr\/#\/schema\/logo\/image\/","url":"https:\/\/repliquemangacine.fr\/wp-content\/uploads\/2023\/10\/RMC-500250.png","contentUrl":"https:\/\/repliquemangacine.fr\/wp-content\/uploads\/2023\/10\/RMC-500250.png","width":500,"height":250,"caption":"R\u00e9plique Manga Cin\u00e9"},"image":{"@id":"https:\/\/repliquemangacine.fr\/#\/schema\/logo\/image\/"},"sameAs":["https:\/\/www.facebook.com\/RepliqueMangaCine","https:\/\/www.instagram.com\/repliquemangacine.fr\/"]}]}},"_links":{"self":[{"href":"https:\/\/repliquemangacine.fr\/de\/wp-json\/wp\/v2\/product\/28280","targetHints":{"allow":["GET"]}}],"collection":[{"href":"https:\/\/repliquemangacine.fr\/de\/wp-json\/wp\/v2\/product"}],"about":[{"href":"https:\/\/repliquemangacine.fr\/de\/wp-json\/wp\/v2\/types\/product"}],"wp:featuredmedia":[{"embeddable":true,"href":"https:\/\/repliquemangacine.fr\/de\/wp-json\/wp\/v2\/media\/28281"}],"wp:attachment":[{"href":"https:\/\/repliquemangacine.fr\/de\/wp-json\/wp\/v2\/media?parent=28280"}],"wp:term":[{"taxonomy":"product_brand","embeddable":true,"href":"https:\/\/repliquemangacine.fr\/de\/wp-json\/wp\/v2\/product_brand?post=28280"},{"taxonomy":"product_cat","embeddable":true,"href":"https:\/\/repliquemangacine.fr\/de\/wp-json\/wp\/v2\/product_cat?post=28280"},{"taxonomy":"product_tag","embeddable":true,"href":"https:\/\/repliquemangacine.fr\/de\/wp-json\/wp\/v2\/product_tag?post=28280"}],"curies":[{"name":"wp","href":"https:\/\/api.w.org\/{rel}","templated":true}]}}