





{"id":28274,"date":"2019-09-05T15:04:04","date_gmt":"2019-09-05T13:04:04","guid":{"rendered":"https:\/\/repliquemangacine.fr\/?post_type=product&#038;p=28274"},"modified":"2025-09-23T18:02:16","modified_gmt":"2025-09-23T16:02:16","slug":"tasse-game-of-thrones-tasse-wolf-geister","status":"publish","type":"product","link":"https:\/\/repliquemangacine.fr\/de\/collectors-et-goodies-game-of-thrones\/mug-game-of-thrones-tasse-loup-fantome\/","title":{"rendered":"Game of Thrones-Becher - Tasse Wolf Phantom"},"content":{"rendered":"<h2>Tasse Wolf GOT (Game of Thrones)<\/h2>\n<p>Zu Beginn wird der <strong>Tasse Wolf GOT<\/strong>, inspiriert von der Serie Game of Thrones. Der Kopf von Fant\u00f4me befindet sich auf beiden Seiten der Tasse. Das Dekor rundherum ist von unglaublicher Feinheit. Innenseite aus Aluminium.<\/p>\n<p>Game Of Throne, auch bekannt als Der Eiserne Thron, eine amerikanische Fantasy-Fernsehserie, geschaffen von David Benioff und D. B. Weiss.<\/p>\n<p>Es handelt sich n\u00e4mlich um die Adaption der Romanreihe von George R. R. Martin. Diese Saga ist bekannt f\u00fcr ihren Realismus und ihre zahlreichen Inspirationen aus realen Ereignissen. Dazu geh\u00f6ren bestimmte historische Orte und Pers\u00f6nlichkeiten, wie beispielsweise der Rosenkrieg, der Hadrianswall oder Heinrich VII. Tudor.<\/p>\n<h2>Ihre Tasse Wolf GOT zum besten Preis.<\/h2>\n<p>Wir bieten Ihnen eine gro\u00dfe Auswahl an Schwertern und Sammlerst\u00fccken zu g\u00fcnstigen Preisen.<\/p>\n<p>Zun\u00e4chst einmal,<\/p>\n<ul>\n<li>L'<a href=\"https:\/\/repliquemangacine.fr\/de\/game-of-thrones\/jon-snow-schwert-grose-kralle-game-of-thrones\/\">Schwert von Jon Snow<\/a> \"Gro\u00dfe Kralle\" in Romanform und als Serie.<\/li>\n<li>Sowie die<a href=\"https:\/\/repliquemangacine.fr\/de\/sammlerstucke-und-game-of-thrones-goodies\/lannister-rustung-60cm-game-of-thrones\/\">Lannister-R\u00fcstung in 60 cm<\/a>aber auch in voller Gr\u00f6\u00dfe<\/li>\n<li>Es gibt auch die von HBO lizenzierten Dracheneier von Daenerys, vertrieben von <a href=\"https:\/\/noblecollection.fr\/\" target=\"_blank\" rel=\"noopener noreferrer\">Noble Collection<\/a><\/li>\n<li>Und noch viel mehr gibt es in unserem Online-Shop zu entdecken!<\/li>\n<\/ul>\n<p>Deshalb ist dies eine tolle Geschenkidee f\u00fcr Fans der Serie Game of Thones.<\/p>\n<p>Abschlie\u00dfend k\u00f6nnen Sie den <strong>Tasse Wolf GOT<\/strong> im t\u00e4glichen Leben bei Ihren Kaffeepausen. Vor allem aber ist es ein Sammler- und Dekorationsst\u00fcck.<\/p>\n<h2>Wie werden Ihre Sammelobjekte hergestellt?<\/h2>\n<p>Zun\u00e4chst einmal sind alle unsere Produkte von hoher Qualit\u00e4t und werden mit besonderer Sorgfalt hergestellt. Die Herstellung erfolgt zum Teil von Hand, um jedes noch so kleine Detail zu reproduzieren. Gr\u00f6\u00dfere Teile werden von pr\u00e4zisen Maschinen bearbeitet. Die Gravuren werden in der Regel mit einer Diamantspitze oder einem Laser ausgef\u00fchrt.<\/p>\n<p>Ihre <strong>Tasse Wolf GOT<\/strong> hergestellt, um jedes Detail genau zu reproduzieren. Um dem Erbe der originalen Meisterwerke gerecht zu werden. Der Schwerpunkt liegt darauf, qualitativ hochwertige Repliken herzustellen, die so historisch genau wie m\u00f6glich sind.<\/p>\n<p>Abschlie\u00dfend sei gesagt, dass unsere Repliken, die aus China, Spanien oder Indien importiert wurden, Sie in Erstaunen versetzen werden!<\/p>\n<p>R\u00e9plique Manga Cin\u00e9 ist ein franz\u00f6sisches Familienunternehmen.<\/p>","protected":false},"excerpt":{"rendered":"<p>Inoffizielle Tasse aus Game of Thrones mit dem Kopf von Phantom, einem der W\u00f6lfe, die von Jon Snow adoptiert und aufgezogen werden.<\/p>\n<ul>\n<li>Aus hochwertigem Kunstharz.<\/li>\n<li>Handbemalt.<\/li>\n<li>Innenseite aus Aluminium.<\/li>\n<li>Au\u00dfendurchmesser des Bechers: 10 cm - H\u00f6he: 11 cm - Gewicht: 427g<\/li>\n<\/ul>","protected":false},"featured_media":28275,"template":"","meta":[],"product_brand":[896],"product_cat":[81,24,47],"product_tag":[605,606,607,608],"class_list":{"0":"post-28274","1":"product","2":"type-product","3":"status-publish","4":"has-post-thumbnail","6":"product_brand-replique-manga-cine","7":"product_cat-collectors-et-goodies-game-of-thrones","8":"product_cat-films-series-tv-vente-de-katana-epee-et-produits-derives","9":"product_cat-game-of-thrones","10":"product_tag-cadeau-game-of-thrones","11":"product_tag-goodies-game-of-thrones","12":"product_tag-idee-cadeau-got","13":"product_tag-mug-game-of-thrones","15":"first","16":"instock","17":"taxable","18":"shipping-taxable","19":"purchasable","20":"product-type-simple"},"yoast_head":"<!-- This site is optimized with the Yoast SEO plugin v27.5 - https:\/\/yoast.com\/product\/yoast-seo-wordpress\/ -->\n<title>Mug Loup GOT - Vente objet Collector Game of Thrones | RMC<\/title>\n<meta name=\"description\" content=\"D\u00e9couvrez le Mug Loup GOT au meilleur prix - Int\u00e9rieur en aluminium - Ext\u00e9rieur en r\u00e9sine avec la t\u00eate du loup Fant\u00f4me - Hauteur : 11 cm - Poids : 427 g\" \/>\n<meta name=\"robots\" content=\"index, follow, max-snippet:-1, max-image-preview:large, max-video-preview:-1\" \/>\n<link rel=\"canonical\" href=\"https:\/\/repliquemangacine.fr\/de\/sammlerstucke-und-game-of-thrones-goodies\/tasse-game-of-thrones-tasse-wolf-geister\/\" \/>\n<meta property=\"og:locale\" content=\"de_DE\" \/>\n<meta property=\"og:type\" content=\"article\" \/>\n<meta property=\"og:title\" content=\"Mug Loup GOT - Vente objet Collector Game of Thrones | RMC\" \/>\n<meta property=\"og:description\" content=\"D\u00e9couvrez le Mug Loup GOT au meilleur prix - Int\u00e9rieur en aluminium - Ext\u00e9rieur en r\u00e9sine avec la t\u00eate du loup Fant\u00f4me - Hauteur : 11 cm - Poids : 427 g\" \/>\n<meta property=\"og:url\" content=\"https:\/\/repliquemangacine.fr\/de\/sammlerstucke-und-game-of-thrones-goodies\/tasse-game-of-thrones-tasse-wolf-geister\/\" \/>\n<meta property=\"og:site_name\" content=\"R\u00e9plique Manga Cin\u00e9\" \/>\n<meta property=\"article:publisher\" content=\"https:\/\/www.facebook.com\/RepliqueMangaCine\" \/>\n<meta property=\"article:modified_time\" content=\"2025-09-23T16:02:16+00:00\" \/>\n<meta property=\"og:image\" content=\"https:\/\/repliquemangacine.fr\/wp-content\/uploads\/2023\/10\/3002-Mug-Game-of-Thrones-Tasse-loup-Fantome.jpg\" \/>\n\t<meta property=\"og:image:width\" content=\"1200\" \/>\n\t<meta property=\"og:image:height\" content=\"1048\" \/>\n\t<meta property=\"og:image:type\" content=\"image\/jpeg\" \/>\n<meta name=\"twitter:card\" content=\"summary_large_image\" \/>\n<meta name=\"twitter:label1\" content=\"Gesch\u00e4tzte Lesezeit\" \/>\n\t<meta name=\"twitter:data1\" content=\"1\u00a0Minute\" \/>\n<script type=\"application\/ld+json\" class=\"yoast-schema-graph\">{\"@context\":\"https:\\\/\\\/schema.org\",\"@graph\":[{\"@type\":\"WebPage\",\"@id\":\"https:\\\/\\\/repliquemangacine.fr\\\/en\\\/game-of-thrones-collectors-and-goodies\\\/game-of-thrones-mug-phantom-wolf-mug\\\/\",\"url\":\"https:\\\/\\\/repliquemangacine.fr\\\/en\\\/game-of-thrones-collectors-and-goodies\\\/game-of-thrones-mug-phantom-wolf-mug\\\/\",\"name\":\"Mug Loup GOT - Vente objet Collector Game of Thrones | RMC\",\"isPartOf\":{\"@id\":\"https:\\\/\\\/repliquemangacine.fr\\\/#website\"},\"primaryImageOfPage\":{\"@id\":\"https:\\\/\\\/repliquemangacine.fr\\\/en\\\/game-of-thrones-collectors-and-goodies\\\/game-of-thrones-mug-phantom-wolf-mug\\\/#primaryimage\"},\"image\":{\"@id\":\"https:\\\/\\\/repliquemangacine.fr\\\/en\\\/game-of-thrones-collectors-and-goodies\\\/game-of-thrones-mug-phantom-wolf-mug\\\/#primaryimage\"},\"thumbnailUrl\":\"https:\\\/\\\/repliquemangacine.fr\\\/wp-content\\\/uploads\\\/2023\\\/10\\\/3002-Mug-Game-of-Thrones-Tasse-loup-Fantome.jpg\",\"datePublished\":\"2019-09-05T13:04:04+00:00\",\"dateModified\":\"2025-09-23T16:02:16+00:00\",\"description\":\"D\u00e9couvrez le Mug Loup GOT au meilleur prix - Int\u00e9rieur en aluminium - Ext\u00e9rieur en r\u00e9sine avec la t\u00eate du loup Fant\u00f4me - Hauteur : 11 cm - Poids : 427 g\",\"breadcrumb\":{\"@id\":\"https:\\\/\\\/repliquemangacine.fr\\\/en\\\/game-of-thrones-collectors-and-goodies\\\/game-of-thrones-mug-phantom-wolf-mug\\\/#breadcrumb\"},\"inLanguage\":\"de\",\"potentialAction\":[{\"@type\":\"ReadAction\",\"target\":[\"https:\\\/\\\/repliquemangacine.fr\\\/en\\\/game-of-thrones-collectors-and-goodies\\\/game-of-thrones-mug-phantom-wolf-mug\\\/\"]}]},{\"@type\":\"ImageObject\",\"inLanguage\":\"de\",\"@id\":\"https:\\\/\\\/repliquemangacine.fr\\\/en\\\/game-of-thrones-collectors-and-goodies\\\/game-of-thrones-mug-phantom-wolf-mug\\\/#primaryimage\",\"url\":\"https:\\\/\\\/repliquemangacine.fr\\\/wp-content\\\/uploads\\\/2023\\\/10\\\/3002-Mug-Game-of-Thrones-Tasse-loup-Fantome.jpg\",\"contentUrl\":\"https:\\\/\\\/repliquemangacine.fr\\\/wp-content\\\/uploads\\\/2023\\\/10\\\/3002-Mug-Game-of-Thrones-Tasse-loup-Fantome.jpg\",\"width\":1200,\"height\":1048,\"caption\":\"Mug Game of Thrones- Tasse loup Fantome\"},{\"@type\":\"BreadcrumbList\",\"@id\":\"https:\\\/\\\/repliquemangacine.fr\\\/en\\\/game-of-thrones-collectors-and-goodies\\\/game-of-thrones-mug-phantom-wolf-mug\\\/#breadcrumb\",\"itemListElement\":[{\"@type\":\"ListItem\",\"position\":1,\"name\":\"Accueil\",\"item\":\"https:\\\/\\\/repliquemangacine.fr\\\/\"},{\"@type\":\"ListItem\",\"position\":2,\"name\":\"Produits\",\"item\":\"https:\\\/\\\/repliquemangacine.fr\\\/boutique\\\/\"},{\"@type\":\"ListItem\",\"position\":3,\"name\":\"Mug Game of Thrones &#8211; Tasse loup Fantome\"}]},{\"@type\":\"WebSite\",\"@id\":\"https:\\\/\\\/repliquemangacine.fr\\\/#website\",\"url\":\"https:\\\/\\\/repliquemangacine.fr\\\/\",\"name\":\"R\u00e9plique Manga Cin\u00e9\",\"description\":\"\",\"publisher\":{\"@id\":\"https:\\\/\\\/repliquemangacine.fr\\\/#organization\"},\"potentialAction\":[{\"@type\":\"SearchAction\",\"target\":{\"@type\":\"EntryPoint\",\"urlTemplate\":\"https:\\\/\\\/repliquemangacine.fr\\\/?s={search_term_string}\"},\"query-input\":{\"@type\":\"PropertyValueSpecification\",\"valueRequired\":true,\"valueName\":\"search_term_string\"}}],\"inLanguage\":\"de\"},{\"@type\":\"Organization\",\"@id\":\"https:\\\/\\\/repliquemangacine.fr\\\/#organization\",\"name\":\"R\u00e9plique Manga Cin\u00e9\",\"url\":\"https:\\\/\\\/repliquemangacine.fr\\\/\",\"logo\":{\"@type\":\"ImageObject\",\"inLanguage\":\"de\",\"@id\":\"https:\\\/\\\/repliquemangacine.fr\\\/#\\\/schema\\\/logo\\\/image\\\/\",\"url\":\"https:\\\/\\\/repliquemangacine.fr\\\/wp-content\\\/uploads\\\/2023\\\/10\\\/RMC-500250.png\",\"contentUrl\":\"https:\\\/\\\/repliquemangacine.fr\\\/wp-content\\\/uploads\\\/2023\\\/10\\\/RMC-500250.png\",\"width\":500,\"height\":250,\"caption\":\"R\u00e9plique Manga Cin\u00e9\"},\"image\":{\"@id\":\"https:\\\/\\\/repliquemangacine.fr\\\/#\\\/schema\\\/logo\\\/image\\\/\"},\"sameAs\":[\"https:\\\/\\\/www.facebook.com\\\/RepliqueMangaCine\",\"https:\\\/\\\/www.instagram.com\\\/repliquemangacine.fr\\\/\"]}]}<\/script>\n<!-- \/ Yoast SEO plugin. -->","yoast_head_json":{"title":"GOT Wolf Becher - Game of Thrones Sammlerst\u00fccke Verkauf | RMC","description":"Entdecken Sie die Tasse Wolf GOT zum besten Preis - Innenseite aus Aluminium - Au\u00dfenseite aus Kunstharz mit dem Kopf des Wolfs Phantom - H\u00f6he: 11 cm - Gewicht: 427 g","robots":{"index":"index","follow":"follow","max-snippet":"max-snippet:-1","max-image-preview":"max-image-preview:large","max-video-preview":"max-video-preview:-1"},"canonical":"https:\/\/repliquemangacine.fr\/de\/sammlerstucke-und-game-of-thrones-goodies\/tasse-game-of-thrones-tasse-wolf-geister\/","og_locale":"de_DE","og_type":"article","og_title":"Mug Loup GOT - Vente objet Collector Game of Thrones | RMC","og_description":"D\u00e9couvrez le Mug Loup GOT au meilleur prix - Int\u00e9rieur en aluminium - Ext\u00e9rieur en r\u00e9sine avec la t\u00eate du loup Fant\u00f4me - Hauteur : 11 cm - Poids : 427 g","og_url":"https:\/\/repliquemangacine.fr\/de\/sammlerstucke-und-game-of-thrones-goodies\/tasse-game-of-thrones-tasse-wolf-geister\/","og_site_name":"R\u00e9plique Manga Cin\u00e9","article_publisher":"https:\/\/www.facebook.com\/RepliqueMangaCine","article_modified_time":"2025-09-23T16:02:16+00:00","og_image":[{"width":1200,"height":1048,"url":"https:\/\/repliquemangacine.fr\/wp-content\/uploads\/2023\/10\/3002-Mug-Game-of-Thrones-Tasse-loup-Fantome.jpg","type":"image\/jpeg"}],"twitter_card":"summary_large_image","twitter_misc":{"Gesch\u00e4tzte Lesezeit":"1\u00a0Minute"},"schema":{"@context":"https:\/\/schema.org","@graph":[{"@type":"WebPage","@id":"https:\/\/repliquemangacine.fr\/en\/game-of-thrones-collectors-and-goodies\/game-of-thrones-mug-phantom-wolf-mug\/","url":"https:\/\/repliquemangacine.fr\/en\/game-of-thrones-collectors-and-goodies\/game-of-thrones-mug-phantom-wolf-mug\/","name":"GOT Wolf Becher - Game of Thrones Sammlerst\u00fccke Verkauf | RMC","isPartOf":{"@id":"https:\/\/repliquemangacine.fr\/#website"},"primaryImageOfPage":{"@id":"https:\/\/repliquemangacine.fr\/en\/game-of-thrones-collectors-and-goodies\/game-of-thrones-mug-phantom-wolf-mug\/#primaryimage"},"image":{"@id":"https:\/\/repliquemangacine.fr\/en\/game-of-thrones-collectors-and-goodies\/game-of-thrones-mug-phantom-wolf-mug\/#primaryimage"},"thumbnailUrl":"https:\/\/repliquemangacine.fr\/wp-content\/uploads\/2023\/10\/3002-Mug-Game-of-Thrones-Tasse-loup-Fantome.jpg","datePublished":"2019-09-05T13:04:04+00:00","dateModified":"2025-09-23T16:02:16+00:00","description":"Entdecken Sie die Tasse Wolf GOT zum besten Preis - Innenseite aus Aluminium - Au\u00dfenseite aus Kunstharz mit dem Kopf des Wolfs Phantom - H\u00f6he: 11 cm - Gewicht: 427 g","breadcrumb":{"@id":"https:\/\/repliquemangacine.fr\/en\/game-of-thrones-collectors-and-goodies\/game-of-thrones-mug-phantom-wolf-mug\/#breadcrumb"},"inLanguage":"de","potentialAction":[{"@type":"ReadAction","target":["https:\/\/repliquemangacine.fr\/en\/game-of-thrones-collectors-and-goodies\/game-of-thrones-mug-phantom-wolf-mug\/"]}]},{"@type":"ImageObject","inLanguage":"de","@id":"https:\/\/repliquemangacine.fr\/en\/game-of-thrones-collectors-and-goodies\/game-of-thrones-mug-phantom-wolf-mug\/#primaryimage","url":"https:\/\/repliquemangacine.fr\/wp-content\/uploads\/2023\/10\/3002-Mug-Game-of-Thrones-Tasse-loup-Fantome.jpg","contentUrl":"https:\/\/repliquemangacine.fr\/wp-content\/uploads\/2023\/10\/3002-Mug-Game-of-Thrones-Tasse-loup-Fantome.jpg","width":1200,"height":1048,"caption":"Mug Game of Thrones- Tasse loup Fantome"},{"@type":"BreadcrumbList","@id":"https:\/\/repliquemangacine.fr\/en\/game-of-thrones-collectors-and-goodies\/game-of-thrones-mug-phantom-wolf-mug\/#breadcrumb","itemListElement":[{"@type":"ListItem","position":1,"name":"Accueil","item":"https:\/\/repliquemangacine.fr\/"},{"@type":"ListItem","position":2,"name":"Produits","item":"https:\/\/repliquemangacine.fr\/boutique\/"},{"@type":"ListItem","position":3,"name":"Mug Game of Thrones &#8211; Tasse loup Fantome"}]},{"@type":"WebSite","@id":"https:\/\/repliquemangacine.fr\/#website","url":"https:\/\/repliquemangacine.fr\/","name":"R\u00e9plique Manga Cin\u00e9","description":"","publisher":{"@id":"https:\/\/repliquemangacine.fr\/#organization"},"potentialAction":[{"@type":"SearchAction","target":{"@type":"EntryPoint","urlTemplate":"https:\/\/repliquemangacine.fr\/?s={search_term_string}"},"query-input":{"@type":"PropertyValueSpecification","valueRequired":true,"valueName":"search_term_string"}}],"inLanguage":"de"},{"@type":"Organization","@id":"https:\/\/repliquemangacine.fr\/#organization","name":"R\u00e9plique Manga Cin\u00e9","url":"https:\/\/repliquemangacine.fr\/","logo":{"@type":"ImageObject","inLanguage":"de","@id":"https:\/\/repliquemangacine.fr\/#\/schema\/logo\/image\/","url":"https:\/\/repliquemangacine.fr\/wp-content\/uploads\/2023\/10\/RMC-500250.png","contentUrl":"https:\/\/repliquemangacine.fr\/wp-content\/uploads\/2023\/10\/RMC-500250.png","width":500,"height":250,"caption":"R\u00e9plique Manga Cin\u00e9"},"image":{"@id":"https:\/\/repliquemangacine.fr\/#\/schema\/logo\/image\/"},"sameAs":["https:\/\/www.facebook.com\/RepliqueMangaCine","https:\/\/www.instagram.com\/repliquemangacine.fr\/"]}]}},"_links":{"self":[{"href":"https:\/\/repliquemangacine.fr\/de\/wp-json\/wp\/v2\/product\/28274","targetHints":{"allow":["GET"]}}],"collection":[{"href":"https:\/\/repliquemangacine.fr\/de\/wp-json\/wp\/v2\/product"}],"about":[{"href":"https:\/\/repliquemangacine.fr\/de\/wp-json\/wp\/v2\/types\/product"}],"wp:featuredmedia":[{"embeddable":true,"href":"https:\/\/repliquemangacine.fr\/de\/wp-json\/wp\/v2\/media\/28275"}],"wp:attachment":[{"href":"https:\/\/repliquemangacine.fr\/de\/wp-json\/wp\/v2\/media?parent=28274"}],"wp:term":[{"taxonomy":"product_brand","embeddable":true,"href":"https:\/\/repliquemangacine.fr\/de\/wp-json\/wp\/v2\/product_brand?post=28274"},{"taxonomy":"product_cat","embeddable":true,"href":"https:\/\/repliquemangacine.fr\/de\/wp-json\/wp\/v2\/product_cat?post=28274"},{"taxonomy":"product_tag","embeddable":true,"href":"https:\/\/repliquemangacine.fr\/de\/wp-json\/wp\/v2\/product_tag?post=28274"}],"curies":[{"name":"wp","href":"https:\/\/api.w.org\/{rel}","templated":true}]}}