





{"id":28266,"date":"2019-08-18T11:05:15","date_gmt":"2019-08-18T09:05:15","guid":{"rendered":"https:\/\/repliquemangacine.fr\/?post_type=product&#038;p=28266"},"modified":"2025-09-23T18:02:16","modified_gmt":"2025-09-23T16:02:16","slug":"bankai-ichigo-tensa-zangetsu-schneidend-142cm","status":"publish","type":"product","link":"https:\/\/repliquemangacine.fr\/de\/katana-forge\/bankai-ichigo-tensa-zangetsu-coupant-142cm\/","title":{"rendered":"Bankai Ichigo schneidend 142cm"},"content":{"rendered":"<h2>Bankai Ichigo schneidend Tensa Zangetsu, 142cm<\/h2>\n<p>Zun\u00e4chst einmal ist das Bankai Ichigo Schneidend, Tensa Zangetsu 142 cm (Himmlische Kette, Schneidender Mond) Ichigos erstes Katana. Ichigo Kurosaki ist ein Mensch, der die au\u00dfergew\u00f6hnliche F\u00e4higkeit besitzt, Geister zu unterscheiden. Au\u00dferdem \u00e4ndert sich sein Leben, als er Rukia Kuchiki kennenlernt, die ihm die Kr\u00e4fte von <a href=\"https:\/\/bleach.fandom.com\/fr\/wiki\/Shinigami\" target=\"_blank\" rel=\"noopener noreferrer\">Shinigami<\/a> um seine Familie vor einem Hollow zu retten.<\/p>\n<p>Ichigo ist ein sehr starker K\u00e4mpfer. Er kann ohne Probleme vier oder f\u00fcnf Schl\u00e4ger einsch\u00fcchtern, einer Person mit einem einzigen Faustschlag sieben Z\u00e4hne ausschlagen oder sogar einen Arrancar mit einem Tritt zum Fliegen bringen. Besonders hervorzuheben ist, dass ihm die Aus\u00fcbung von Kampfsportarten seit seiner Jugend sehr hilft.<\/p>\n<p>Seine Rivalit\u00e4t im Kindergarten mit Tatsuki Arisawa, einer der st\u00e4rksten Karatek\u00e4mpferinnen Japans, hob ihn auf ein hohes Niveau des Faustkampfs.<\/p>\n<h2>Ihr Bankai Ichigo schneidend zum besten Preis.<\/h2>\n<p>Wir bieten dir alle Spr\u00fcche deiner Lieblingscharaktere in dem Anime-Manga Bleach.<\/p>\n<p>Zun\u00e4chst einmal,<\/p>\n<ul>\n<li>Der erste <a href=\"https:\/\/repliquemangacine.fr\/de\/bleach\/bankai-tensa-zangetsu\/\">ichigo bankai<\/a> in geschmiedeter Ausf\u00fchrung, die Tensa Zangetsu in kurzer Ausf\u00fchrung.<\/li>\n<li>Sowie die l\u00e4ngere Version und die Version mit dem anderen Schutz.<\/li>\n<li>Es gibt auch den <a href=\"https:\/\/repliquemangacine.fr\/de\/bleach\/zanpakuto-shirayuki-shikai-rukia-kuchiki\/\">Katana Rukia Kuchiki<\/a> namens Zanpakuto Shirayuki, der als der sch\u00f6nste Zanpakut\u00f4 gilt, den es in der Soul Society gibt.<\/li>\n<li>Und viele andere, die es in unserem Online-Shop zu entdecken gibt!<\/li>\n<\/ul>\n<p>Deshalb gibt es hier tolle Geschenkideen f\u00fcr Bleach-Fans.<\/p>\n<p>Abschlie\u00dfend k\u00f6nnen Sie auch diesen <strong>Bankai Ichigo schneidend<\/strong> f\u00fcr Ihre Cosplay-Modenschauen oder Themenabende. Vor allem aber ist Ichigos Katana auch ein Sammler- und Dekorationsst\u00fcck.<\/p>\n<h2>Wie pflegt man die Klinge seines Katanas aus Bleach?<\/h2>\n<p>Katanas f\u00fcr Sammlungen und Dekorationen werden auf vereinfachte Weise hergestellt und zusammengebaut. Da sie zu Dekorationszwecken verwendet werden, fehlen ihnen die Sicherheitsmerkmale, die ein japanisches Schwert f\u00fcr Trainingszwecke aufweisen muss.<\/p>\n<p>Jedoch, <strong>Ihr Bankai Ichigo schneidend<\/strong> zu einer Stahlklinge, die gepflegt werden muss, damit sie nicht mit der Zeit abgenutzt wird. Denn wenn du dein Katana ausstellst, werden deine Freunde neugierig sein, die Klinge zu sehen und sie zu ber\u00fchren. Hier ist Vorsicht geboten, denn Sie sollten wissen, dass die S\u00e4ure der Finger dem Stahl unabh\u00e4ngig von seiner Qualit\u00e4t sehr schadet.<\/p>\n<p>Wenn dies jedoch passiert, keine Panik, Sie brauchen nur ein Tuch, das mit etwas \u00d6l befeuchtet ist, und wischen die Fingerabdr\u00fccke ab. Wenn Sie dies tun, werden Sie Ihr Schwert sehr lange behalten.<\/p>\n<p><strong>\u00a0<\/strong><\/p>","protected":false},"excerpt":{"rendered":"<p>Bankai Ichigo - Tensa Zangetsu Version der scharfen Klinge.<\/p>\n<ul>\n<li>Klinge aus geschmiedetem Stahl Typ Maru schneidend.<\/li>\n<li>Griff mit einem schwarzen Baumwollgeflecht umwickelt.<\/li>\n<li>Zerbrochene Kette, die Ichigos zerbrochenes Karma symbolisiert.<\/li>\n<li>Metallgarde in einer ganz bestimmten Swastikaform.<\/li>\n<li>Scheide aus schwarzem Holz.<\/li>\n<li>Wird mit einer Schutzh\u00fclle und einem Pflegeheft geliefert.<\/li>\n<li>L\u00e4nge der Klinge: 95cm - Gesamtl\u00e4nge:142cm<\/li>\n<\/ul>\n<p><strong>\u00a0<\/strong><\/p>","protected":false},"featured_media":28267,"template":"","meta":[],"product_brand":[896],"product_cat":[30,26,38,23],"product_tag":[],"class_list":{"0":"post-28266","1":"product","2":"type-product","3":"status-publish","4":"has-post-thumbnail","6":"product_brand-replique-manga-cine","7":"product_cat-katana-bleach","8":"product_cat-katana-epee","9":"product_cat-katana-forge","10":"product_cat-repliques-manga-jeux-video","12":"first","13":"outofstock","14":"taxable","15":"shipping-taxable","16":"purchasable","17":"product-type-simple"},"yoast_head":"<!-- This site is optimized with the Yoast SEO plugin v27.5 - https:\/\/yoast.com\/product\/yoast-seo-wordpress\/ -->\n<title>Banka\u00ef Ichigo coupant - Tensa Zangetsu - Boutique en ligne | RMC<\/title>\n<meta name=\"description\" content=\"Achetez vite ! Le Banka\u00ef Ichigo coupant Tensa Zangetsu dans Bleach au meilleur prix. Lame tranchante en acier forg\u00e9 - Longueur totale : 142cm - Envoi 24\/48h\" \/>\n<meta name=\"robots\" content=\"index, follow, max-snippet:-1, max-image-preview:large, max-video-preview:-1\" \/>\n<link rel=\"canonical\" href=\"https:\/\/repliquemangacine.fr\/de\/katana-schmiede\/bankai-ichigo-tensa-zangetsu-schneidend-142cm\/\" \/>\n<meta property=\"og:locale\" content=\"de_DE\" \/>\n<meta property=\"og:type\" content=\"article\" \/>\n<meta property=\"og:title\" content=\"Banka\u00ef Ichigo coupant - Tensa Zangetsu - Boutique en ligne | RMC\" \/>\n<meta property=\"og:description\" content=\"Achetez vite ! Le Banka\u00ef Ichigo coupant Tensa Zangetsu dans Bleach au meilleur prix. Lame tranchante en acier forg\u00e9 - Longueur totale : 142cm - Envoi 24\/48h\" \/>\n<meta property=\"og:url\" content=\"https:\/\/repliquemangacine.fr\/de\/katana-schmiede\/bankai-ichigo-tensa-zangetsu-schneidend-142cm\/\" \/>\n<meta property=\"og:site_name\" content=\"R\u00e9plique Manga Cin\u00e9\" \/>\n<meta property=\"article:publisher\" content=\"https:\/\/www.facebook.com\/RepliqueMangaCine\" \/>\n<meta property=\"article:modified_time\" content=\"2025-09-23T16:02:16+00:00\" \/>\n<meta property=\"og:image\" content=\"https:\/\/repliquemangacine.fr\/wp-content\/uploads\/2023\/10\/2994-Bankai-Ichigo-Tensa-Zangetsu-coupant-142cm.jpg\" \/>\n\t<meta property=\"og:image:width\" content=\"800\" \/>\n\t<meta property=\"og:image:height\" content=\"800\" \/>\n\t<meta property=\"og:image:type\" content=\"image\/jpeg\" \/>\n<meta name=\"twitter:card\" content=\"summary_large_image\" \/>\n<meta name=\"twitter:label1\" content=\"Gesch\u00e4tzte Lesezeit\" \/>\n\t<meta name=\"twitter:data1\" content=\"1\u00a0Minute\" \/>\n<script type=\"application\/ld+json\" class=\"yoast-schema-graph\">{\"@context\":\"https:\\\/\\\/schema.org\",\"@graph\":[{\"@type\":\"WebPage\",\"@id\":\"https:\\\/\\\/repliquemangacine.fr\\\/katana-forge\\\/bankai-ichigo-tensa-zangetsu-coupant-142cm\\\/\",\"url\":\"https:\\\/\\\/repliquemangacine.fr\\\/katana-forge\\\/bankai-ichigo-tensa-zangetsu-coupant-142cm\\\/\",\"name\":\"Banka\u00ef Ichigo coupant - Tensa Zangetsu - Boutique en ligne | RMC\",\"isPartOf\":{\"@id\":\"https:\\\/\\\/repliquemangacine.fr\\\/#website\"},\"primaryImageOfPage\":{\"@id\":\"https:\\\/\\\/repliquemangacine.fr\\\/katana-forge\\\/bankai-ichigo-tensa-zangetsu-coupant-142cm\\\/#primaryimage\"},\"image\":{\"@id\":\"https:\\\/\\\/repliquemangacine.fr\\\/katana-forge\\\/bankai-ichigo-tensa-zangetsu-coupant-142cm\\\/#primaryimage\"},\"thumbnailUrl\":\"https:\\\/\\\/repliquemangacine.fr\\\/wp-content\\\/uploads\\\/2023\\\/10\\\/2994-Bankai-Ichigo-Tensa-Zangetsu-coupant-142cm.jpg\",\"datePublished\":\"2019-08-18T09:05:15+00:00\",\"dateModified\":\"2025-09-23T16:02:16+00:00\",\"description\":\"Achetez vite ! Le Banka\u00ef Ichigo coupant Tensa Zangetsu dans Bleach au meilleur prix. Lame tranchante en acier forg\u00e9 - Longueur totale : 142cm - Envoi 24\\\/48h\",\"breadcrumb\":{\"@id\":\"https:\\\/\\\/repliquemangacine.fr\\\/katana-forge\\\/bankai-ichigo-tensa-zangetsu-coupant-142cm\\\/#breadcrumb\"},\"inLanguage\":\"de\",\"potentialAction\":[{\"@type\":\"ReadAction\",\"target\":[\"https:\\\/\\\/repliquemangacine.fr\\\/katana-forge\\\/bankai-ichigo-tensa-zangetsu-coupant-142cm\\\/\"]}]},{\"@type\":\"ImageObject\",\"inLanguage\":\"de\",\"@id\":\"https:\\\/\\\/repliquemangacine.fr\\\/katana-forge\\\/bankai-ichigo-tensa-zangetsu-coupant-142cm\\\/#primaryimage\",\"url\":\"https:\\\/\\\/repliquemangacine.fr\\\/wp-content\\\/uploads\\\/2023\\\/10\\\/2994-Bankai-Ichigo-Tensa-Zangetsu-coupant-142cm.jpg\",\"contentUrl\":\"https:\\\/\\\/repliquemangacine.fr\\\/wp-content\\\/uploads\\\/2023\\\/10\\\/2994-Bankai-Ichigo-Tensa-Zangetsu-coupant-142cm.jpg\",\"width\":800,\"height\":800,\"caption\":\"Banka\u00ef Ichigo - Tensa Zangetsu coupant 142cm\"},{\"@type\":\"BreadcrumbList\",\"@id\":\"https:\\\/\\\/repliquemangacine.fr\\\/katana-forge\\\/bankai-ichigo-tensa-zangetsu-coupant-142cm\\\/#breadcrumb\",\"itemListElement\":[{\"@type\":\"ListItem\",\"position\":1,\"name\":\"Accueil\",\"item\":\"https:\\\/\\\/repliquemangacine.fr\\\/\"},{\"@type\":\"ListItem\",\"position\":2,\"name\":\"Produits\",\"item\":\"https:\\\/\\\/repliquemangacine.fr\\\/boutique\\\/\"},{\"@type\":\"ListItem\",\"position\":3,\"name\":\"Banka\u00ef Ichigo coupant 142cm\"}]},{\"@type\":\"WebSite\",\"@id\":\"https:\\\/\\\/repliquemangacine.fr\\\/#website\",\"url\":\"https:\\\/\\\/repliquemangacine.fr\\\/\",\"name\":\"R\u00e9plique Manga Cin\u00e9\",\"description\":\"\",\"publisher\":{\"@id\":\"https:\\\/\\\/repliquemangacine.fr\\\/#organization\"},\"potentialAction\":[{\"@type\":\"SearchAction\",\"target\":{\"@type\":\"EntryPoint\",\"urlTemplate\":\"https:\\\/\\\/repliquemangacine.fr\\\/?s={search_term_string}\"},\"query-input\":{\"@type\":\"PropertyValueSpecification\",\"valueRequired\":true,\"valueName\":\"search_term_string\"}}],\"inLanguage\":\"de\"},{\"@type\":\"Organization\",\"@id\":\"https:\\\/\\\/repliquemangacine.fr\\\/#organization\",\"name\":\"R\u00e9plique Manga Cin\u00e9\",\"url\":\"https:\\\/\\\/repliquemangacine.fr\\\/\",\"logo\":{\"@type\":\"ImageObject\",\"inLanguage\":\"de\",\"@id\":\"https:\\\/\\\/repliquemangacine.fr\\\/#\\\/schema\\\/logo\\\/image\\\/\",\"url\":\"https:\\\/\\\/repliquemangacine.fr\\\/wp-content\\\/uploads\\\/2023\\\/10\\\/RMC-500250.png\",\"contentUrl\":\"https:\\\/\\\/repliquemangacine.fr\\\/wp-content\\\/uploads\\\/2023\\\/10\\\/RMC-500250.png\",\"width\":500,\"height\":250,\"caption\":\"R\u00e9plique Manga Cin\u00e9\"},\"image\":{\"@id\":\"https:\\\/\\\/repliquemangacine.fr\\\/#\\\/schema\\\/logo\\\/image\\\/\"},\"sameAs\":[\"https:\\\/\\\/www.facebook.com\\\/RepliqueMangaCine\",\"https:\\\/\\\/www.instagram.com\\\/repliquemangacine.fr\\\/\"]}]}<\/script>\n<!-- \/ Yoast SEO plugin. -->","yoast_head_json":{"title":"Bankai Ichigo schneidend - Tensa Zangetsu - Online-Shop | RMC","description":"Kaufen Sie schnell! Das Bankai Ichigo schneidend Tensa Zangetsu in Bleach zum besten Preis. Scharfe Klinge aus geschmiedetem Stahl - Gesamtl\u00e4nge: 142cm - Versand 24\/48h","robots":{"index":"index","follow":"follow","max-snippet":"max-snippet:-1","max-image-preview":"max-image-preview:large","max-video-preview":"max-video-preview:-1"},"canonical":"https:\/\/repliquemangacine.fr\/de\/katana-schmiede\/bankai-ichigo-tensa-zangetsu-schneidend-142cm\/","og_locale":"de_DE","og_type":"article","og_title":"Banka\u00ef Ichigo coupant - Tensa Zangetsu - Boutique en ligne | RMC","og_description":"Achetez vite ! Le Banka\u00ef Ichigo coupant Tensa Zangetsu dans Bleach au meilleur prix. Lame tranchante en acier forg\u00e9 - Longueur totale : 142cm - Envoi 24\/48h","og_url":"https:\/\/repliquemangacine.fr\/de\/katana-schmiede\/bankai-ichigo-tensa-zangetsu-schneidend-142cm\/","og_site_name":"R\u00e9plique Manga Cin\u00e9","article_publisher":"https:\/\/www.facebook.com\/RepliqueMangaCine","article_modified_time":"2025-09-23T16:02:16+00:00","og_image":[{"width":800,"height":800,"url":"https:\/\/repliquemangacine.fr\/wp-content\/uploads\/2023\/10\/2994-Bankai-Ichigo-Tensa-Zangetsu-coupant-142cm.jpg","type":"image\/jpeg"}],"twitter_card":"summary_large_image","twitter_misc":{"Gesch\u00e4tzte Lesezeit":"1\u00a0Minute"},"schema":{"@context":"https:\/\/schema.org","@graph":[{"@type":"WebPage","@id":"https:\/\/repliquemangacine.fr\/katana-forge\/bankai-ichigo-tensa-zangetsu-coupant-142cm\/","url":"https:\/\/repliquemangacine.fr\/katana-forge\/bankai-ichigo-tensa-zangetsu-coupant-142cm\/","name":"Bankai Ichigo schneidend - Tensa Zangetsu - Online-Shop | RMC","isPartOf":{"@id":"https:\/\/repliquemangacine.fr\/#website"},"primaryImageOfPage":{"@id":"https:\/\/repliquemangacine.fr\/katana-forge\/bankai-ichigo-tensa-zangetsu-coupant-142cm\/#primaryimage"},"image":{"@id":"https:\/\/repliquemangacine.fr\/katana-forge\/bankai-ichigo-tensa-zangetsu-coupant-142cm\/#primaryimage"},"thumbnailUrl":"https:\/\/repliquemangacine.fr\/wp-content\/uploads\/2023\/10\/2994-Bankai-Ichigo-Tensa-Zangetsu-coupant-142cm.jpg","datePublished":"2019-08-18T09:05:15+00:00","dateModified":"2025-09-23T16:02:16+00:00","description":"Kaufen Sie schnell! Das Bankai Ichigo schneidend Tensa Zangetsu in Bleach zum besten Preis. Scharfe Klinge aus geschmiedetem Stahl - Gesamtl\u00e4nge: 142cm - Versand 24\/48h","breadcrumb":{"@id":"https:\/\/repliquemangacine.fr\/katana-forge\/bankai-ichigo-tensa-zangetsu-coupant-142cm\/#breadcrumb"},"inLanguage":"de","potentialAction":[{"@type":"ReadAction","target":["https:\/\/repliquemangacine.fr\/katana-forge\/bankai-ichigo-tensa-zangetsu-coupant-142cm\/"]}]},{"@type":"ImageObject","inLanguage":"de","@id":"https:\/\/repliquemangacine.fr\/katana-forge\/bankai-ichigo-tensa-zangetsu-coupant-142cm\/#primaryimage","url":"https:\/\/repliquemangacine.fr\/wp-content\/uploads\/2023\/10\/2994-Bankai-Ichigo-Tensa-Zangetsu-coupant-142cm.jpg","contentUrl":"https:\/\/repliquemangacine.fr\/wp-content\/uploads\/2023\/10\/2994-Bankai-Ichigo-Tensa-Zangetsu-coupant-142cm.jpg","width":800,"height":800,"caption":"Banka\u00ef Ichigo - Tensa Zangetsu coupant 142cm"},{"@type":"BreadcrumbList","@id":"https:\/\/repliquemangacine.fr\/katana-forge\/bankai-ichigo-tensa-zangetsu-coupant-142cm\/#breadcrumb","itemListElement":[{"@type":"ListItem","position":1,"name":"Accueil","item":"https:\/\/repliquemangacine.fr\/"},{"@type":"ListItem","position":2,"name":"Produits","item":"https:\/\/repliquemangacine.fr\/boutique\/"},{"@type":"ListItem","position":3,"name":"Banka\u00ef Ichigo coupant 142cm"}]},{"@type":"WebSite","@id":"https:\/\/repliquemangacine.fr\/#website","url":"https:\/\/repliquemangacine.fr\/","name":"R\u00e9plique Manga Cin\u00e9","description":"","publisher":{"@id":"https:\/\/repliquemangacine.fr\/#organization"},"potentialAction":[{"@type":"SearchAction","target":{"@type":"EntryPoint","urlTemplate":"https:\/\/repliquemangacine.fr\/?s={search_term_string}"},"query-input":{"@type":"PropertyValueSpecification","valueRequired":true,"valueName":"search_term_string"}}],"inLanguage":"de"},{"@type":"Organization","@id":"https:\/\/repliquemangacine.fr\/#organization","name":"R\u00e9plique Manga Cin\u00e9","url":"https:\/\/repliquemangacine.fr\/","logo":{"@type":"ImageObject","inLanguage":"de","@id":"https:\/\/repliquemangacine.fr\/#\/schema\/logo\/image\/","url":"https:\/\/repliquemangacine.fr\/wp-content\/uploads\/2023\/10\/RMC-500250.png","contentUrl":"https:\/\/repliquemangacine.fr\/wp-content\/uploads\/2023\/10\/RMC-500250.png","width":500,"height":250,"caption":"R\u00e9plique Manga Cin\u00e9"},"image":{"@id":"https:\/\/repliquemangacine.fr\/#\/schema\/logo\/image\/"},"sameAs":["https:\/\/www.facebook.com\/RepliqueMangaCine","https:\/\/www.instagram.com\/repliquemangacine.fr\/"]}]}},"_links":{"self":[{"href":"https:\/\/repliquemangacine.fr\/de\/wp-json\/wp\/v2\/product\/28266","targetHints":{"allow":["GET"]}}],"collection":[{"href":"https:\/\/repliquemangacine.fr\/de\/wp-json\/wp\/v2\/product"}],"about":[{"href":"https:\/\/repliquemangacine.fr\/de\/wp-json\/wp\/v2\/types\/product"}],"wp:featuredmedia":[{"embeddable":true,"href":"https:\/\/repliquemangacine.fr\/de\/wp-json\/wp\/v2\/media\/28267"}],"wp:attachment":[{"href":"https:\/\/repliquemangacine.fr\/de\/wp-json\/wp\/v2\/media?parent=28266"}],"wp:term":[{"taxonomy":"product_brand","embeddable":true,"href":"https:\/\/repliquemangacine.fr\/de\/wp-json\/wp\/v2\/product_brand?post=28266"},{"taxonomy":"product_cat","embeddable":true,"href":"https:\/\/repliquemangacine.fr\/de\/wp-json\/wp\/v2\/product_cat?post=28266"},{"taxonomy":"product_tag","embeddable":true,"href":"https:\/\/repliquemangacine.fr\/de\/wp-json\/wp\/v2\/product_tag?post=28266"}],"curies":[{"name":"wp","href":"https:\/\/api.w.org\/{rel}","templated":true}]}}