





{"id":28258,"date":"2019-08-18T10:50:12","date_gmt":"2019-08-18T08:50:12","guid":{"rendered":"https:\/\/repliquemangacine.fr\/?post_type=product&#038;p=28258"},"modified":"2025-09-23T18:02:15","modified_gmt":"2025-09-23T16:02:15","slug":"sabel-mugen-kanda-d-gray-man-shirasaya-mugen","status":"publish","type":"product","link":"https:\/\/repliquemangacine.fr\/de\/katana-et-epee-de-manga-anime-autre-manga\/sabre-mugen-kanda-d-gray-man-shirasaya-mugen\/","title":{"rendered":"Schwert Mugen Kanda D.Gray-man"},"content":{"rendered":"<h2>\u00a0Shirasaya von Kanda D.Gray-man, Katana Mugen<\/h2>\n<p>Zu Beginn wird der <strong>Shirasaya von Kanda D.Gray-man<\/strong> hei\u00dft Mugen. Yu Kanda ist ein zweiter Exorzist und Mitglied des europ\u00e4ischen Zweigs des Schwarzen Ordens. Als Sch\u00fcler von General Froi Tiedoll geh\u00f6rt Kanda zur Tiedoll-Einheit.<\/p>\n<p>L'<a href=\"https:\/\/dgrayman.fandom.com\/wiki\/Innocence\" target=\"_blank\" rel=\"noopener noreferrer\">Unschuld<\/a>: Mugen de Kanda ist ein japanisches Schwert (oder Katana) Mugen (die sechs Illusionen), das Illusionen erzeugen oder sich verdoppeln kann, um seine Kraft zu vergr\u00f6\u00dfern.<\/p>\n<p>Kanda reagiert gereizt, wenn andere sein Haar ber\u00fchren. Er wurde w\u00fctend auf Lavi, als dieser versuchte, ihm Z\u00f6pfe zu flechten. Als Mugen zu einem Kristallwesen wurde, bekam er zwei Narben an der Unterseite seiner Unterarme, wo sein Blut aus seinem K\u00f6rper austrat, um die neue Klinge von Mugen zu bilden.<\/p>\n<h2>Ihr Shirasaya von Kanda D.Gray-Man zum besten Preis.<\/h2>\n<p>Wir bieten Ihnen eine gro\u00dfe Auswahl an Manga- und Videospiel-Repliken.<\/p>\n<p>Zun\u00e4chst einmal,<\/p>\n<ul>\n<li>Ll'<a href=\"https:\/\/repliquemangacine.fr\/de\/anderer-manga\/schwert-ruler-fate-apocrypha-schwert-von-johanna-der-jungfrau\/\">Schwert der Jeanne d'Arc<\/a> genannt \"die Jungfrau\" in Fate Apocrypha.<\/li>\n<li>Sowie die<a href=\"https:\/\/repliquemangacine.fr\/de\/anderer-manga\/thundercats-epee-omens-sabre-de-starlion\/\">Omens-Schwert<\/a> das von Starlion in Cosmocats verwendet wird.<\/li>\n<li>Es gibt auch diese Schatulle der Schwerter <a href=\"https:\/\/repliquemangacine.fr\/de\/anderer-manga\/schwertkasten-meliodas-10-teilig\/\">Schl\u00fcsselanh\u00e4nger von M\u00e9liodas<\/a> in \"Seven Deadly Sins\".<\/li>\n<li>Und viele andere, die es in unserem Online-Shop zu entdecken gibt!<\/li>\n<\/ul>\n<p>Deshalb finden Sie hier tolle Geschenkideen f\u00fcr Manga- und Videospiel-Fans.<\/p>\n<p>Abschlie\u00dfend k\u00f6nnen Sie auch diesen <strong>Shirasaya von Kanda D.Gray-man<\/strong> f\u00fcr Ihre Cosplay-Paraden oder Themenabende. Vor allem aber ist dieser S\u00e4bel ein Sammler- und Dekorationsst\u00fcck.<\/p>\n<p>R\u00e9plique Manga Cin\u00e9 ist ein franz\u00f6sisches Familienunternehmen.<\/p>\n<h2>Wie pflegt man die Klinge seines Manga-Katanas?<\/h2>\n<p>Katanas f\u00fcr Sammlungen und Dekorationen werden auf vereinfachte Weise hergestellt und zusammengebaut. Da sie zu Dekorationszwecken verwendet werden, fehlen ihnen die Sicherheitsmerkmale, die ein japanisches Schwert f\u00fcr Trainingszwecke aufweisen muss.<\/p>\n<p>Allerdings ist Ihr <strong>Shirasaya von Kanda D.Gray-Man<\/strong> zu einer Stahlklinge, die gepflegt werden muss, damit sie nicht mit der Zeit abgenutzt wird. Denn wenn du dein Katana ausstellst, werden deine Freunde neugierig sein, die Klinge zu sehen und sie zu ber\u00fchren. Hier ist Vorsicht geboten, denn Sie sollten wissen, dass die S\u00e4ure der Finger dem Stahl unabh\u00e4ngig von seiner Qualit\u00e4t sehr schadet.<\/p>\n<p>Wenn dies jedoch passiert, keine Panik, Sie brauchen nur ein Tuch, das mit etwas \u00d6l befeuchtet ist, und wischen die Fingerabdr\u00fccke ab. Wenn Sie dies tun, werden Sie Ihr Schwert sehr lange behalten.<\/p>\n<p><strong>\u00a0<\/strong><\/p>","protected":false},"excerpt":{"rendered":"<p>Wundersch\u00f6ne Replik von Yu Kandas Katana mit dem Namen Mugen (Unschuld).<\/p>\n<ul>\n<li>Klinge aus 440er Stahl.<\/li>\n<li>Griff mit aufgemaltem Ideogramm.<\/li>\n<li>Schwarze Holzscheide mit wei\u00dfem Rand.<\/li>\n<li>L\u00e4nge der Klinge: 68 cm - Gesamtl\u00e4nge: 102 cm - Gewicht 810 grs<\/li>\n<\/ul>","protected":false},"featured_media":28259,"template":"","meta":[],"product_brand":[896],"product_cat":[65,23],"product_tag":[],"class_list":{"0":"post-28258","1":"product","2":"type-product","3":"status-publish","4":"has-post-thumbnail","6":"product_brand-replique-manga-cine","7":"product_cat-katana-et-epee-de-manga-anime-autre-manga","8":"product_cat-repliques-manga-jeux-video","10":"first","11":"instock","12":"taxable","13":"shipping-taxable","14":"purchasable","15":"product-type-simple"},"yoast_head":"<!-- This site is optimized with the Yoast SEO plugin v27.5 - https:\/\/yoast.com\/product\/yoast-seo-wordpress\/ -->\n<title>Shirasaya de Kanda D.Gray-man - Katana Mugen | RMC<\/title>\n<meta name=\"description\" content=\"Offrez-vous le Shirasaya de Kanda D.Gray-man, katana Mugen au meilleur prix. Lame en acier - Fourreau - Longueur totale : 102 cm Envoi 24\/48h\" \/>\n<meta name=\"robots\" content=\"index, follow, max-snippet:-1, max-image-preview:large, max-video-preview:-1\" \/>\n<link rel=\"canonical\" href=\"https:\/\/repliquemangacine.fr\/de\/katana-und-schwert-von-manga-anime-andere-manga\/sabel-mugen-kanda-d-gray-man-shirasaya-mugen\/\" \/>\n<meta property=\"og:locale\" content=\"de_DE\" \/>\n<meta property=\"og:type\" content=\"article\" \/>\n<meta property=\"og:title\" content=\"Shirasaya de Kanda D.Gray-man - Katana Mugen | RMC\" \/>\n<meta property=\"og:description\" content=\"Offrez-vous le Shirasaya de Kanda D.Gray-man, katana Mugen au meilleur prix. Lame en acier - Fourreau - Longueur totale : 102 cm Envoi 24\/48h\" \/>\n<meta property=\"og:url\" content=\"https:\/\/repliquemangacine.fr\/de\/katana-und-schwert-von-manga-anime-andere-manga\/sabel-mugen-kanda-d-gray-man-shirasaya-mugen\/\" \/>\n<meta property=\"og:site_name\" content=\"R\u00e9plique Manga Cin\u00e9\" \/>\n<meta property=\"article:publisher\" content=\"https:\/\/www.facebook.com\/RepliqueMangaCine\" \/>\n<meta property=\"article:modified_time\" content=\"2025-09-23T16:02:15+00:00\" \/>\n<meta property=\"og:image\" content=\"https:\/\/repliquemangacine.fr\/wp-content\/uploads\/2023\/10\/2984-SHIRASAYA-MUGEN-DGRAYMAN-SABRE-DE-YU-KANDA.jpg\" \/>\n\t<meta property=\"og:image:width\" content=\"800\" \/>\n\t<meta property=\"og:image:height\" content=\"800\" \/>\n\t<meta property=\"og:image:type\" content=\"image\/jpeg\" \/>\n<meta name=\"twitter:card\" content=\"summary_large_image\" \/>\n<meta name=\"twitter:label1\" content=\"Gesch\u00e4tzte Lesezeit\" \/>\n\t<meta name=\"twitter:data1\" content=\"1\u00a0Minute\" \/>\n<script type=\"application\/ld+json\" class=\"yoast-schema-graph\">{\"@context\":\"https:\\\/\\\/schema.org\",\"@graph\":[{\"@type\":\"WebPage\",\"@id\":\"https:\\\/\\\/repliquemangacine.fr\\\/katana-et-epee-de-manga-anime-autre-manga\\\/sabre-mugen-kanda-d-gray-man-shirasaya-mugen\\\/\",\"url\":\"https:\\\/\\\/repliquemangacine.fr\\\/katana-et-epee-de-manga-anime-autre-manga\\\/sabre-mugen-kanda-d-gray-man-shirasaya-mugen\\\/\",\"name\":\"Shirasaya de Kanda D.Gray-man - Katana Mugen | RMC\",\"isPartOf\":{\"@id\":\"https:\\\/\\\/repliquemangacine.fr\\\/#website\"},\"primaryImageOfPage\":{\"@id\":\"https:\\\/\\\/repliquemangacine.fr\\\/katana-et-epee-de-manga-anime-autre-manga\\\/sabre-mugen-kanda-d-gray-man-shirasaya-mugen\\\/#primaryimage\"},\"image\":{\"@id\":\"https:\\\/\\\/repliquemangacine.fr\\\/katana-et-epee-de-manga-anime-autre-manga\\\/sabre-mugen-kanda-d-gray-man-shirasaya-mugen\\\/#primaryimage\"},\"thumbnailUrl\":\"https:\\\/\\\/repliquemangacine.fr\\\/wp-content\\\/uploads\\\/2023\\\/10\\\/2984-SHIRASAYA-MUGEN-DGRAYMAN-SABRE-DE-YU-KANDA.jpg\",\"datePublished\":\"2019-08-18T08:50:12+00:00\",\"dateModified\":\"2025-09-23T16:02:15+00:00\",\"description\":\"Offrez-vous le Shirasaya de Kanda D.Gray-man, katana Mugen au meilleur prix. Lame en acier - Fourreau - Longueur totale : 102 cm Envoi 24\\\/48h\",\"breadcrumb\":{\"@id\":\"https:\\\/\\\/repliquemangacine.fr\\\/katana-et-epee-de-manga-anime-autre-manga\\\/sabre-mugen-kanda-d-gray-man-shirasaya-mugen\\\/#breadcrumb\"},\"inLanguage\":\"de\",\"potentialAction\":[{\"@type\":\"ReadAction\",\"target\":[\"https:\\\/\\\/repliquemangacine.fr\\\/katana-et-epee-de-manga-anime-autre-manga\\\/sabre-mugen-kanda-d-gray-man-shirasaya-mugen\\\/\"]}]},{\"@type\":\"ImageObject\",\"inLanguage\":\"de\",\"@id\":\"https:\\\/\\\/repliquemangacine.fr\\\/katana-et-epee-de-manga-anime-autre-manga\\\/sabre-mugen-kanda-d-gray-man-shirasaya-mugen\\\/#primaryimage\",\"url\":\"https:\\\/\\\/repliquemangacine.fr\\\/wp-content\\\/uploads\\\/2023\\\/10\\\/2984-SHIRASAYA-MUGEN-DGRAYMAN-SABRE-DE-YU-KANDA.jpg\",\"contentUrl\":\"https:\\\/\\\/repliquemangacine.fr\\\/wp-content\\\/uploads\\\/2023\\\/10\\\/2984-SHIRASAYA-MUGEN-DGRAYMAN-SABRE-DE-YU-KANDA.jpg\",\"width\":800,\"height\":800,\"caption\":\"SHIRASAYA MUGEN - DGRAYMAN - SABRE DE YU KANDA\"},{\"@type\":\"BreadcrumbList\",\"@id\":\"https:\\\/\\\/repliquemangacine.fr\\\/katana-et-epee-de-manga-anime-autre-manga\\\/sabre-mugen-kanda-d-gray-man-shirasaya-mugen\\\/#breadcrumb\",\"itemListElement\":[{\"@type\":\"ListItem\",\"position\":1,\"name\":\"Accueil\",\"item\":\"https:\\\/\\\/repliquemangacine.fr\\\/\"},{\"@type\":\"ListItem\",\"position\":2,\"name\":\"Produits\",\"item\":\"https:\\\/\\\/repliquemangacine.fr\\\/boutique\\\/\"},{\"@type\":\"ListItem\",\"position\":3,\"name\":\"Sabre Mugen Kanda D.Gray-man\"}]},{\"@type\":\"WebSite\",\"@id\":\"https:\\\/\\\/repliquemangacine.fr\\\/#website\",\"url\":\"https:\\\/\\\/repliquemangacine.fr\\\/\",\"name\":\"R\u00e9plique Manga Cin\u00e9\",\"description\":\"\",\"publisher\":{\"@id\":\"https:\\\/\\\/repliquemangacine.fr\\\/#organization\"},\"potentialAction\":[{\"@type\":\"SearchAction\",\"target\":{\"@type\":\"EntryPoint\",\"urlTemplate\":\"https:\\\/\\\/repliquemangacine.fr\\\/?s={search_term_string}\"},\"query-input\":{\"@type\":\"PropertyValueSpecification\",\"valueRequired\":true,\"valueName\":\"search_term_string\"}}],\"inLanguage\":\"de\"},{\"@type\":\"Organization\",\"@id\":\"https:\\\/\\\/repliquemangacine.fr\\\/#organization\",\"name\":\"R\u00e9plique Manga Cin\u00e9\",\"url\":\"https:\\\/\\\/repliquemangacine.fr\\\/\",\"logo\":{\"@type\":\"ImageObject\",\"inLanguage\":\"de\",\"@id\":\"https:\\\/\\\/repliquemangacine.fr\\\/#\\\/schema\\\/logo\\\/image\\\/\",\"url\":\"https:\\\/\\\/repliquemangacine.fr\\\/wp-content\\\/uploads\\\/2023\\\/10\\\/RMC-500250.png\",\"contentUrl\":\"https:\\\/\\\/repliquemangacine.fr\\\/wp-content\\\/uploads\\\/2023\\\/10\\\/RMC-500250.png\",\"width\":500,\"height\":250,\"caption\":\"R\u00e9plique Manga Cin\u00e9\"},\"image\":{\"@id\":\"https:\\\/\\\/repliquemangacine.fr\\\/#\\\/schema\\\/logo\\\/image\\\/\"},\"sameAs\":[\"https:\\\/\\\/www.facebook.com\\\/RepliqueMangaCine\",\"https:\\\/\\\/www.instagram.com\\\/repliquemangacine.fr\\\/\"]}]}<\/script>\n<!-- \/ Yoast SEO plugin. -->","yoast_head_json":{"title":"Shirasaya von Kanda D.Gray-man - Katana Mugen | RMC","description":"G\u00f6nnen Sie sich das Shirasaya von Kanda D.Gray-man, Katana Mugen zum besten Preis. Klinge aus Stahl - Scheide - Gesamtl\u00e4nge: 102 cm Versand 24\/48h","robots":{"index":"index","follow":"follow","max-snippet":"max-snippet:-1","max-image-preview":"max-image-preview:large","max-video-preview":"max-video-preview:-1"},"canonical":"https:\/\/repliquemangacine.fr\/de\/katana-und-schwert-von-manga-anime-andere-manga\/sabel-mugen-kanda-d-gray-man-shirasaya-mugen\/","og_locale":"de_DE","og_type":"article","og_title":"Shirasaya de Kanda D.Gray-man - Katana Mugen | RMC","og_description":"Offrez-vous le Shirasaya de Kanda D.Gray-man, katana Mugen au meilleur prix. Lame en acier - Fourreau - Longueur totale : 102 cm Envoi 24\/48h","og_url":"https:\/\/repliquemangacine.fr\/de\/katana-und-schwert-von-manga-anime-andere-manga\/sabel-mugen-kanda-d-gray-man-shirasaya-mugen\/","og_site_name":"R\u00e9plique Manga Cin\u00e9","article_publisher":"https:\/\/www.facebook.com\/RepliqueMangaCine","article_modified_time":"2025-09-23T16:02:15+00:00","og_image":[{"width":800,"height":800,"url":"https:\/\/repliquemangacine.fr\/wp-content\/uploads\/2023\/10\/2984-SHIRASAYA-MUGEN-DGRAYMAN-SABRE-DE-YU-KANDA.jpg","type":"image\/jpeg"}],"twitter_card":"summary_large_image","twitter_misc":{"Gesch\u00e4tzte Lesezeit":"1\u00a0Minute"},"schema":{"@context":"https:\/\/schema.org","@graph":[{"@type":"WebPage","@id":"https:\/\/repliquemangacine.fr\/katana-et-epee-de-manga-anime-autre-manga\/sabre-mugen-kanda-d-gray-man-shirasaya-mugen\/","url":"https:\/\/repliquemangacine.fr\/katana-et-epee-de-manga-anime-autre-manga\/sabre-mugen-kanda-d-gray-man-shirasaya-mugen\/","name":"Shirasaya von Kanda D.Gray-man - Katana Mugen | RMC","isPartOf":{"@id":"https:\/\/repliquemangacine.fr\/#website"},"primaryImageOfPage":{"@id":"https:\/\/repliquemangacine.fr\/katana-et-epee-de-manga-anime-autre-manga\/sabre-mugen-kanda-d-gray-man-shirasaya-mugen\/#primaryimage"},"image":{"@id":"https:\/\/repliquemangacine.fr\/katana-et-epee-de-manga-anime-autre-manga\/sabre-mugen-kanda-d-gray-man-shirasaya-mugen\/#primaryimage"},"thumbnailUrl":"https:\/\/repliquemangacine.fr\/wp-content\/uploads\/2023\/10\/2984-SHIRASAYA-MUGEN-DGRAYMAN-SABRE-DE-YU-KANDA.jpg","datePublished":"2019-08-18T08:50:12+00:00","dateModified":"2025-09-23T16:02:15+00:00","description":"G\u00f6nnen Sie sich das Shirasaya von Kanda D.Gray-man, Katana Mugen zum besten Preis. Klinge aus Stahl - Scheide - Gesamtl\u00e4nge: 102 cm Versand 24\/48h","breadcrumb":{"@id":"https:\/\/repliquemangacine.fr\/katana-et-epee-de-manga-anime-autre-manga\/sabre-mugen-kanda-d-gray-man-shirasaya-mugen\/#breadcrumb"},"inLanguage":"de","potentialAction":[{"@type":"ReadAction","target":["https:\/\/repliquemangacine.fr\/katana-et-epee-de-manga-anime-autre-manga\/sabre-mugen-kanda-d-gray-man-shirasaya-mugen\/"]}]},{"@type":"ImageObject","inLanguage":"de","@id":"https:\/\/repliquemangacine.fr\/katana-et-epee-de-manga-anime-autre-manga\/sabre-mugen-kanda-d-gray-man-shirasaya-mugen\/#primaryimage","url":"https:\/\/repliquemangacine.fr\/wp-content\/uploads\/2023\/10\/2984-SHIRASAYA-MUGEN-DGRAYMAN-SABRE-DE-YU-KANDA.jpg","contentUrl":"https:\/\/repliquemangacine.fr\/wp-content\/uploads\/2023\/10\/2984-SHIRASAYA-MUGEN-DGRAYMAN-SABRE-DE-YU-KANDA.jpg","width":800,"height":800,"caption":"SHIRASAYA MUGEN - DGRAYMAN - SABRE DE YU KANDA"},{"@type":"BreadcrumbList","@id":"https:\/\/repliquemangacine.fr\/katana-et-epee-de-manga-anime-autre-manga\/sabre-mugen-kanda-d-gray-man-shirasaya-mugen\/#breadcrumb","itemListElement":[{"@type":"ListItem","position":1,"name":"Accueil","item":"https:\/\/repliquemangacine.fr\/"},{"@type":"ListItem","position":2,"name":"Produits","item":"https:\/\/repliquemangacine.fr\/boutique\/"},{"@type":"ListItem","position":3,"name":"Sabre Mugen Kanda D.Gray-man"}]},{"@type":"WebSite","@id":"https:\/\/repliquemangacine.fr\/#website","url":"https:\/\/repliquemangacine.fr\/","name":"R\u00e9plique Manga Cin\u00e9","description":"","publisher":{"@id":"https:\/\/repliquemangacine.fr\/#organization"},"potentialAction":[{"@type":"SearchAction","target":{"@type":"EntryPoint","urlTemplate":"https:\/\/repliquemangacine.fr\/?s={search_term_string}"},"query-input":{"@type":"PropertyValueSpecification","valueRequired":true,"valueName":"search_term_string"}}],"inLanguage":"de"},{"@type":"Organization","@id":"https:\/\/repliquemangacine.fr\/#organization","name":"R\u00e9plique Manga Cin\u00e9","url":"https:\/\/repliquemangacine.fr\/","logo":{"@type":"ImageObject","inLanguage":"de","@id":"https:\/\/repliquemangacine.fr\/#\/schema\/logo\/image\/","url":"https:\/\/repliquemangacine.fr\/wp-content\/uploads\/2023\/10\/RMC-500250.png","contentUrl":"https:\/\/repliquemangacine.fr\/wp-content\/uploads\/2023\/10\/RMC-500250.png","width":500,"height":250,"caption":"R\u00e9plique Manga Cin\u00e9"},"image":{"@id":"https:\/\/repliquemangacine.fr\/#\/schema\/logo\/image\/"},"sameAs":["https:\/\/www.facebook.com\/RepliqueMangaCine","https:\/\/www.instagram.com\/repliquemangacine.fr\/"]}]}},"_links":{"self":[{"href":"https:\/\/repliquemangacine.fr\/de\/wp-json\/wp\/v2\/product\/28258","targetHints":{"allow":["GET"]}}],"collection":[{"href":"https:\/\/repliquemangacine.fr\/de\/wp-json\/wp\/v2\/product"}],"about":[{"href":"https:\/\/repliquemangacine.fr\/de\/wp-json\/wp\/v2\/types\/product"}],"wp:featuredmedia":[{"embeddable":true,"href":"https:\/\/repliquemangacine.fr\/de\/wp-json\/wp\/v2\/media\/28259"}],"wp:attachment":[{"href":"https:\/\/repliquemangacine.fr\/de\/wp-json\/wp\/v2\/media?parent=28258"}],"wp:term":[{"taxonomy":"product_brand","embeddable":true,"href":"https:\/\/repliquemangacine.fr\/de\/wp-json\/wp\/v2\/product_brand?post=28258"},{"taxonomy":"product_cat","embeddable":true,"href":"https:\/\/repliquemangacine.fr\/de\/wp-json\/wp\/v2\/product_cat?post=28258"},{"taxonomy":"product_tag","embeddable":true,"href":"https:\/\/repliquemangacine.fr\/de\/wp-json\/wp\/v2\/product_tag?post=28258"}],"curies":[{"name":"wp","href":"https:\/\/api.w.org\/{rel}","templated":true}]}}