





{"id":28242,"date":"2019-08-09T11:03:45","date_gmt":"2019-08-09T09:03:45","guid":{"rendered":"https:\/\/repliquemangacine.fr\/?post_type=product&#038;p=28242"},"modified":"2026-03-28T22:49:42","modified_gmt":"2026-03-28T21:49:42","slug":"m3-grease-gun-maschinenpistole","status":"publish","type":"product","link":"https:\/\/repliquemangacine.fr\/de\/reproductions-armes-seconde-guerre-mondiale-denix\/m3-grease-gun-pistolet-mitrailleur\/","title":{"rendered":"M3 Grease Gun USA 1942"},"content":{"rendered":"<h2>Maschinenpistole M3 Grease Gun 1942 USA<\/h2>\n<p>Zu Beginn wird der <strong>M3 Maschinengewehr Grease Gun<\/strong>, ist eine automatische Maschinenpistole, die 1941 von George Hyde entwickelt wurde. Die Grease Gun wurde 1942 w\u00e4hrend des Zweiten Weltkriegs in Dienst gestellt.<\/p>\n<p>Das Ziel der Maschinenpistole M3 war Einfachheit: Sie wurde mit einem doppelreihigen Magazin mit einer Kapazit\u00e4t von 30 Patronen 45 ACP (11,4 mm) geladen. Eine vollst\u00e4ndig aus Metall gefertigte Waffe mit teleskopischem Verschluss und einem Auswurfschacht f\u00fcr die abgefeuerten Patronen.<\/p>\n<p>\u00dcbrigens scheint der M3 zum ersten Mal im Kampf von der 82. und 101. Luftlandedivision in den Stunden vor der Landung in der Normandie eingesetzt worden zu sein.<\/p>\n<p>Zusammenfassend l\u00e4sst sich sagen, dass die M3 Grease Gun mindestens bis 1997 in der US-Armee eingesetzt wurde.<\/p>\n<h2>Ihre M3 Grease gun Maschinenpistole zum besten Preis.<\/h2>\n<p>Wir bieten Ihnen eine gro\u00dfe Auswahl an Reproduktionen historischer Waffen der Marke Denix.<\/p>\n<p>Zun\u00e4chst einmal,<\/p>\n<ul>\n<li>Die Pistole am <a href=\"https:\/\/repliquemangacine.fr\/de\/darmsreproduktionen\/luger-p08-artillerie-1898\/\">Luger P08 parabellum,<\/a> Modell, das mit seiner langen Kanone f\u00fcr die deutsche Artillerie bestimmt war.<\/li>\n<li>Das halbautomatische Gewehr der G.I. le<a href=\"https:\/\/repliquemangacine.fr\/de\/historische-waffen\/fusil-garand-m1\/\"> Garand M1<\/a>.<\/li>\n<li>Und viele andere, die es in unserem Online-Shop zu entdecken gibt!<\/li>\n<\/ul>\n<p>Deshalb gibt es hier tolle Geschenkideen f\u00fcr alle Geschichtsinteressierten und vor allem, um unsere Helden nicht zu vergessen.<\/p>\n<p>Abschlie\u00dfend k\u00f6nnen Sie den <strong>M3 Maschinengewehr Grease Gun<\/strong> \u2013 Denix f\u00fcr Ihre historischen Nachstellungen. Vor allem aber ist diese Reproduktion eine Sammlerwaffe.<\/p>\n<p>R\u00e9plique Manga Cin\u00e9 ist ein franz\u00f6sisches Familienunternehmen und offizieller Vertriebspartner der Marke <a href=\"https:\/\/www.denix.fr\/fr\/catalogue\/guerres-mondiales-1914-1945\/mitraillettes-et-mitrailleuses\/1313\/\" target=\"_blank\" rel=\"noopener noreferrer\">Denix<\/a>.<\/p>\n<h2>Wie werden Denix-Waffenrepliken hergestellt?<\/h2>\n<p>Werden in historischen Rekonstruktionen, Filmen und Serien sowie von Sammlern verwendet. Denix-Waffenreproduktionen, die aus hochwertigen Materialien hergestellt werden. Sorgf\u00e4ltig bearbeitet und zusammengesetzt, um realistische Sammlerwaffen zu schaffen.<\/p>\n<ul>\n<li>Die Metalle sind in einer Metalllegierung, die als Zamac bekannt ist und deren Grundzusammensetzung Zink in 95% ist.<\/li>\n<li>Die Kunststoffteile der Repliken aus geformtem ABS, das eine hohe Widerstandsf\u00e4higkeit bietet.<\/li>\n<li>Holz, das aufgrund seiner Sch\u00f6nheit und Haltbarkeit ausgew\u00e4hlt wird, wie z. B. Mahagoni, Olivenholz oder Walnuss, verleiht Ihren Sch\u00e4ften und F\u00e4ssern ein elegantes und authentisches Aussehen.<\/li>\n<\/ul>\n<p>Es ist zu betonen, dass alle Reproduktionen von Denix-Waffen mit den Originalen identisch sind, wie Ihr <strong>M3 Maschinengewehr Grease Gun<\/strong>.<\/p>","protected":false},"excerpt":{"rendered":"<p>Identisch mit dem Original ist diese Nachbildung des M3-Maschinengewehrs, genannt Grease Gun.<\/p>\n<ul>\n<li>Alles aus Zamak.<\/li>\n<li>Teleskopischer Schaft.<\/li>\n<li>Abnehmbares Ladeger\u00e4t.<\/li>\n<li>Funktionaler Abzug und Schlagbolzen.<\/li>\n<li>Bewaffnet sich und schl\u00e4gt ein, ist aber v\u00f6llig unf\u00e4hig zu schie\u00dfen.<\/li>\n<li>Unterliegt keiner Genehmigungspflicht. Verkauf und Besitz frei.<\/li>\n<li>L\u00e4nge: 59cm- 77cm -Gewicht: 3345grs<\/li>\n<\/ul>\n<p><iframe title=\"YouTube-Videoplayer\" src=\"https:\/\/www.youtube.com\/embed\/PIEdQVol28A\" width=\"560\" height=\"315\" frameborder=\"0\" allowfullscreen=\"allowfullscreen\"><\/iframe><\/p>","protected":false},"featured_media":28243,"template":"","meta":[],"product_brand":[896],"product_cat":[25,102,46,54,28,76],"product_tag":[],"class_list":{"0":"post-28242","1":"product","2":"type-product","3":"status-publish","4":"has-post-thumbnail","6":"product_brand-replique-manga-cine","7":"product_cat-armes-historiques","8":"product_cat-denix","9":"product_cat-fusil-d-assaut-fusil-moderne","10":"product_cat-armes-accessoires-guerre-mondiale","11":"product_cat-repliques-darmes","12":"product_cat-reproductions-armes-seconde-guerre-mondiale-denix","14":"first","15":"instock","16":"sale","17":"taxable","18":"shipping-taxable","19":"purchasable","20":"product-type-simple"},"yoast_head":"<!-- This site is optimized with the Yoast SEO plugin v27.5 - https:\/\/yoast.com\/product\/yoast-seo-wordpress\/ -->\n<title>Mitrailleur M3 Grease Gun - Vente en ligne - R\u00e9plique Manga Cin\u00e9<\/title>\n<meta name=\"description\" content=\"Offre-lui ce pistolet Mitrailleur M3 Grease Gun, Denix au meilleur prix - Tout en m\u00e9tal - Chargeur amovible - M\u00e9canisme fonctionnel - Inapte au tir - 59 cm\" \/>\n<meta name=\"robots\" content=\"index, follow, max-snippet:-1, max-image-preview:large, max-video-preview:-1\" \/>\n<link rel=\"canonical\" href=\"https:\/\/repliquemangacine.fr\/de\/denix\/m3-grease-gun-maschinenpistole\/\" \/>\n<meta property=\"og:locale\" content=\"de_DE\" \/>\n<meta property=\"og:type\" content=\"article\" \/>\n<meta property=\"og:title\" content=\"Mitrailleur M3 Grease Gun - Vente en ligne - R\u00e9plique Manga Cin\u00e9\" \/>\n<meta property=\"og:description\" content=\"Offre-lui ce pistolet Mitrailleur M3 Grease Gun, Denix au meilleur prix - Tout en m\u00e9tal - Chargeur amovible - M\u00e9canisme fonctionnel - Inapte au tir - 59 cm\" \/>\n<meta property=\"og:url\" content=\"https:\/\/repliquemangacine.fr\/de\/denix\/m3-grease-gun-maschinenpistole\/\" \/>\n<meta property=\"og:site_name\" content=\"R\u00e9plique Manga Cin\u00e9\" \/>\n<meta property=\"article:publisher\" content=\"https:\/\/www.facebook.com\/RepliqueMangaCine\" \/>\n<meta property=\"article:modified_time\" content=\"2026-03-28T21:49:42+00:00\" \/>\n<meta property=\"og:image\" content=\"https:\/\/repliquemangacine.fr\/wp-content\/uploads\/2023\/10\/2952-Pistolet-mitrailleur-M3-Grease-Gun-USA-1942.jpg\" \/>\n\t<meta property=\"og:image:width\" content=\"800\" \/>\n\t<meta property=\"og:image:height\" content=\"800\" \/>\n\t<meta property=\"og:image:type\" content=\"image\/jpeg\" \/>\n<meta name=\"twitter:card\" content=\"summary_large_image\" \/>\n<meta name=\"twitter:label1\" content=\"Gesch\u00e4tzte Lesezeit\" \/>\n\t<meta name=\"twitter:data1\" content=\"2\u00a0Minuten\" \/>\n<script type=\"application\/ld+json\" class=\"yoast-schema-graph\">{\"@context\":\"https:\\\/\\\/schema.org\",\"@graph\":[{\"@type\":\"WebPage\",\"@id\":\"https:\\\/\\\/repliquemangacine.fr\\\/denix\\\/m3-grease-gun-pistolet-mitrailleur\\\/\",\"url\":\"https:\\\/\\\/repliquemangacine.fr\\\/denix\\\/m3-grease-gun-pistolet-mitrailleur\\\/\",\"name\":\"Mitrailleur M3 Grease Gun - Vente en ligne - R\u00e9plique Manga Cin\u00e9\",\"isPartOf\":{\"@id\":\"https:\\\/\\\/repliquemangacine.fr\\\/#website\"},\"primaryImageOfPage\":{\"@id\":\"https:\\\/\\\/repliquemangacine.fr\\\/denix\\\/m3-grease-gun-pistolet-mitrailleur\\\/#primaryimage\"},\"image\":{\"@id\":\"https:\\\/\\\/repliquemangacine.fr\\\/denix\\\/m3-grease-gun-pistolet-mitrailleur\\\/#primaryimage\"},\"thumbnailUrl\":\"https:\\\/\\\/repliquemangacine.fr\\\/wp-content\\\/uploads\\\/2023\\\/10\\\/2952-Pistolet-mitrailleur-M3-Grease-Gun-USA-1942.jpg\",\"datePublished\":\"2019-08-09T09:03:45+00:00\",\"dateModified\":\"2026-03-28T21:49:42+00:00\",\"description\":\"Offre-lui ce pistolet Mitrailleur M3 Grease Gun, Denix au meilleur prix - Tout en m\u00e9tal - Chargeur amovible - M\u00e9canisme fonctionnel - Inapte au tir - 59 cm\",\"breadcrumb\":{\"@id\":\"https:\\\/\\\/repliquemangacine.fr\\\/denix\\\/m3-grease-gun-pistolet-mitrailleur\\\/#breadcrumb\"},\"inLanguage\":\"de\",\"potentialAction\":[{\"@type\":\"ReadAction\",\"target\":[\"https:\\\/\\\/repliquemangacine.fr\\\/denix\\\/m3-grease-gun-pistolet-mitrailleur\\\/\"]}]},{\"@type\":\"ImageObject\",\"inLanguage\":\"de\",\"@id\":\"https:\\\/\\\/repliquemangacine.fr\\\/denix\\\/m3-grease-gun-pistolet-mitrailleur\\\/#primaryimage\",\"url\":\"https:\\\/\\\/repliquemangacine.fr\\\/wp-content\\\/uploads\\\/2023\\\/10\\\/2952-Pistolet-mitrailleur-M3-Grease-Gun-USA-1942.jpg\",\"contentUrl\":\"https:\\\/\\\/repliquemangacine.fr\\\/wp-content\\\/uploads\\\/2023\\\/10\\\/2952-Pistolet-mitrailleur-M3-Grease-Gun-USA-1942.jpg\",\"width\":800,\"height\":800,\"caption\":\"Pistolet mitrailleur M3 \\\"Grease Gun\\\" USA 1942\"},{\"@type\":\"BreadcrumbList\",\"@id\":\"https:\\\/\\\/repliquemangacine.fr\\\/denix\\\/m3-grease-gun-pistolet-mitrailleur\\\/#breadcrumb\",\"itemListElement\":[{\"@type\":\"ListItem\",\"position\":1,\"name\":\"Accueil\",\"item\":\"https:\\\/\\\/repliquemangacine.fr\\\/\"},{\"@type\":\"ListItem\",\"position\":2,\"name\":\"Produits\",\"item\":\"https:\\\/\\\/repliquemangacine.fr\\\/boutique\\\/\"},{\"@type\":\"ListItem\",\"position\":3,\"name\":\"M3 Grease Gun USA 1942\"}]},{\"@type\":\"WebSite\",\"@id\":\"https:\\\/\\\/repliquemangacine.fr\\\/#website\",\"url\":\"https:\\\/\\\/repliquemangacine.fr\\\/\",\"name\":\"R\u00e9plique Manga Cin\u00e9\",\"description\":\"\",\"publisher\":{\"@id\":\"https:\\\/\\\/repliquemangacine.fr\\\/#organization\"},\"potentialAction\":[{\"@type\":\"SearchAction\",\"target\":{\"@type\":\"EntryPoint\",\"urlTemplate\":\"https:\\\/\\\/repliquemangacine.fr\\\/?s={search_term_string}\"},\"query-input\":{\"@type\":\"PropertyValueSpecification\",\"valueRequired\":true,\"valueName\":\"search_term_string\"}}],\"inLanguage\":\"de\"},{\"@type\":\"Organization\",\"@id\":\"https:\\\/\\\/repliquemangacine.fr\\\/#organization\",\"name\":\"R\u00e9plique Manga Cin\u00e9\",\"url\":\"https:\\\/\\\/repliquemangacine.fr\\\/\",\"logo\":{\"@type\":\"ImageObject\",\"inLanguage\":\"de\",\"@id\":\"https:\\\/\\\/repliquemangacine.fr\\\/#\\\/schema\\\/logo\\\/image\\\/\",\"url\":\"https:\\\/\\\/repliquemangacine.fr\\\/wp-content\\\/uploads\\\/2023\\\/10\\\/RMC-500250.png\",\"contentUrl\":\"https:\\\/\\\/repliquemangacine.fr\\\/wp-content\\\/uploads\\\/2023\\\/10\\\/RMC-500250.png\",\"width\":500,\"height\":250,\"caption\":\"R\u00e9plique Manga Cin\u00e9\"},\"image\":{\"@id\":\"https:\\\/\\\/repliquemangacine.fr\\\/#\\\/schema\\\/logo\\\/image\\\/\"},\"sameAs\":[\"https:\\\/\\\/www.facebook.com\\\/RepliqueMangaCine\",\"https:\\\/\\\/www.instagram.com\\\/repliquemangacine.fr\\\/\"]}]}<\/script>\n<!-- \/ Yoast SEO plugin. -->","yoast_head_json":{"title":"M3 Grease Gun Maschinengewehr - Online-Verkauf - R\u00e9plique Manga Cin\u00e9","description":"Biete ihm diese Maschinenpistole M3 Grease Gun, Denix zum besten Preis an - Ganz aus Metall - Abnehmbares Magazin - Funktionaler Mechanismus - Schie\u00dfuntauglich - 59 cm","robots":{"index":"index","follow":"follow","max-snippet":"max-snippet:-1","max-image-preview":"max-image-preview:large","max-video-preview":"max-video-preview:-1"},"canonical":"https:\/\/repliquemangacine.fr\/de\/denix\/m3-grease-gun-maschinenpistole\/","og_locale":"de_DE","og_type":"article","og_title":"Mitrailleur M3 Grease Gun - Vente en ligne - R\u00e9plique Manga Cin\u00e9","og_description":"Offre-lui ce pistolet Mitrailleur M3 Grease Gun, Denix au meilleur prix - Tout en m\u00e9tal - Chargeur amovible - M\u00e9canisme fonctionnel - Inapte au tir - 59 cm","og_url":"https:\/\/repliquemangacine.fr\/de\/denix\/m3-grease-gun-maschinenpistole\/","og_site_name":"R\u00e9plique Manga Cin\u00e9","article_publisher":"https:\/\/www.facebook.com\/RepliqueMangaCine","article_modified_time":"2026-03-28T21:49:42+00:00","og_image":[{"width":800,"height":800,"url":"https:\/\/repliquemangacine.fr\/wp-content\/uploads\/2023\/10\/2952-Pistolet-mitrailleur-M3-Grease-Gun-USA-1942.jpg","type":"image\/jpeg"}],"twitter_card":"summary_large_image","twitter_misc":{"Gesch\u00e4tzte Lesezeit":"2\u00a0Minuten"},"schema":{"@context":"https:\/\/schema.org","@graph":[{"@type":"WebPage","@id":"https:\/\/repliquemangacine.fr\/denix\/m3-grease-gun-pistolet-mitrailleur\/","url":"https:\/\/repliquemangacine.fr\/denix\/m3-grease-gun-pistolet-mitrailleur\/","name":"M3 Grease Gun Maschinengewehr - Online-Verkauf - R\u00e9plique Manga Cin\u00e9","isPartOf":{"@id":"https:\/\/repliquemangacine.fr\/#website"},"primaryImageOfPage":{"@id":"https:\/\/repliquemangacine.fr\/denix\/m3-grease-gun-pistolet-mitrailleur\/#primaryimage"},"image":{"@id":"https:\/\/repliquemangacine.fr\/denix\/m3-grease-gun-pistolet-mitrailleur\/#primaryimage"},"thumbnailUrl":"https:\/\/repliquemangacine.fr\/wp-content\/uploads\/2023\/10\/2952-Pistolet-mitrailleur-M3-Grease-Gun-USA-1942.jpg","datePublished":"2019-08-09T09:03:45+00:00","dateModified":"2026-03-28T21:49:42+00:00","description":"Biete ihm diese Maschinenpistole M3 Grease Gun, Denix zum besten Preis an - Ganz aus Metall - Abnehmbares Magazin - Funktionaler Mechanismus - Schie\u00dfuntauglich - 59 cm","breadcrumb":{"@id":"https:\/\/repliquemangacine.fr\/denix\/m3-grease-gun-pistolet-mitrailleur\/#breadcrumb"},"inLanguage":"de","potentialAction":[{"@type":"ReadAction","target":["https:\/\/repliquemangacine.fr\/denix\/m3-grease-gun-pistolet-mitrailleur\/"]}]},{"@type":"ImageObject","inLanguage":"de","@id":"https:\/\/repliquemangacine.fr\/denix\/m3-grease-gun-pistolet-mitrailleur\/#primaryimage","url":"https:\/\/repliquemangacine.fr\/wp-content\/uploads\/2023\/10\/2952-Pistolet-mitrailleur-M3-Grease-Gun-USA-1942.jpg","contentUrl":"https:\/\/repliquemangacine.fr\/wp-content\/uploads\/2023\/10\/2952-Pistolet-mitrailleur-M3-Grease-Gun-USA-1942.jpg","width":800,"height":800,"caption":"Pistolet mitrailleur M3 \"Grease Gun\" USA 1942"},{"@type":"BreadcrumbList","@id":"https:\/\/repliquemangacine.fr\/denix\/m3-grease-gun-pistolet-mitrailleur\/#breadcrumb","itemListElement":[{"@type":"ListItem","position":1,"name":"Accueil","item":"https:\/\/repliquemangacine.fr\/"},{"@type":"ListItem","position":2,"name":"Produits","item":"https:\/\/repliquemangacine.fr\/boutique\/"},{"@type":"ListItem","position":3,"name":"M3 Grease Gun USA 1942"}]},{"@type":"WebSite","@id":"https:\/\/repliquemangacine.fr\/#website","url":"https:\/\/repliquemangacine.fr\/","name":"R\u00e9plique Manga Cin\u00e9","description":"","publisher":{"@id":"https:\/\/repliquemangacine.fr\/#organization"},"potentialAction":[{"@type":"SearchAction","target":{"@type":"EntryPoint","urlTemplate":"https:\/\/repliquemangacine.fr\/?s={search_term_string}"},"query-input":{"@type":"PropertyValueSpecification","valueRequired":true,"valueName":"search_term_string"}}],"inLanguage":"de"},{"@type":"Organization","@id":"https:\/\/repliquemangacine.fr\/#organization","name":"R\u00e9plique Manga Cin\u00e9","url":"https:\/\/repliquemangacine.fr\/","logo":{"@type":"ImageObject","inLanguage":"de","@id":"https:\/\/repliquemangacine.fr\/#\/schema\/logo\/image\/","url":"https:\/\/repliquemangacine.fr\/wp-content\/uploads\/2023\/10\/RMC-500250.png","contentUrl":"https:\/\/repliquemangacine.fr\/wp-content\/uploads\/2023\/10\/RMC-500250.png","width":500,"height":250,"caption":"R\u00e9plique Manga Cin\u00e9"},"image":{"@id":"https:\/\/repliquemangacine.fr\/#\/schema\/logo\/image\/"},"sameAs":["https:\/\/www.facebook.com\/RepliqueMangaCine","https:\/\/www.instagram.com\/repliquemangacine.fr\/"]}]}},"_links":{"self":[{"href":"https:\/\/repliquemangacine.fr\/de\/wp-json\/wp\/v2\/product\/28242","targetHints":{"allow":["GET"]}}],"collection":[{"href":"https:\/\/repliquemangacine.fr\/de\/wp-json\/wp\/v2\/product"}],"about":[{"href":"https:\/\/repliquemangacine.fr\/de\/wp-json\/wp\/v2\/types\/product"}],"wp:featuredmedia":[{"embeddable":true,"href":"https:\/\/repliquemangacine.fr\/de\/wp-json\/wp\/v2\/media\/28243"}],"wp:attachment":[{"href":"https:\/\/repliquemangacine.fr\/de\/wp-json\/wp\/v2\/media?parent=28242"}],"wp:term":[{"taxonomy":"product_brand","embeddable":true,"href":"https:\/\/repliquemangacine.fr\/de\/wp-json\/wp\/v2\/product_brand?post=28242"},{"taxonomy":"product_cat","embeddable":true,"href":"https:\/\/repliquemangacine.fr\/de\/wp-json\/wp\/v2\/product_cat?post=28242"},{"taxonomy":"product_tag","embeddable":true,"href":"https:\/\/repliquemangacine.fr\/de\/wp-json\/wp\/v2\/product_tag?post=28242"}],"curies":[{"name":"wp","href":"https:\/\/api.w.org\/{rel}","templated":true}]}}