





{"id":28235,"date":"2019-08-04T16:06:45","date_gmt":"2019-08-04T14:06:45","guid":{"rendered":"https:\/\/repliquemangacine.fr\/?post_type=product&#038;p=28235"},"modified":"2026-03-31T22:43:55","modified_gmt":"2026-03-31T20:43:55","slug":"schwert-yoru-kokutou-dracula-schwert-mihawk-breite-klinge","status":"publish","type":"product","link":"https:\/\/repliquemangacine.fr\/de\/repliques-manga-jeux-video\/sabre-yoru-kokutou-epee-de-dracule-mihawk-lame-large\/","title":{"rendered":"Yoru Kokutou-S\u00e4bel - Dracule Mihawk"},"content":{"rendered":"<h2>Schwert Yoru Mihawk One Piece<\/h2>\n<p>Zu Beginn wird der <strong>Yoru-Schwert von Mihawk<\/strong> in One Piece ist eines der m\u00e4chtigsten Schwerter der Welt.<\/p>\n<p>Bekannt unter dem Spitznamen \u201eFalkenauge\u201c, <a href=\"https:\/\/onepiece.fandom.com\/fr\/wiki\/Dracule_Mihawk\" target=\"_blank\" rel=\"noopener noreferrer\">Dracule Mihawk<\/a> gilt als der gr\u00f6\u00dfte Fechter der Welt. Alle S\u00e4belfechter weltweit wollen sich mit ihm messen.<\/p>\n<p>Das Kokuto Yoru geh\u00f6rt zur Kategorie der 12 Saijo \u00f4 Wazamono. Es geh\u00f6rt Mihawk, einem ehemaligen Mitglied der 7 Korsaren-Kapit\u00e4ne. Kotuto Yuro bedeutet \u201cDas schwarze Schwert der Nacht\u201d. Schwerter mit schwarzer Klinge gelten als unzerst\u00f6rbar. Laut Roronoa Zoro \u201csagt man, dass schwarze Klingen so robust sind, dass selbst der Angriff eines w\u00fctenden Dinosauriers sie nicht besch\u00e4digen k\u00f6nnte\u201d.\u201d<\/p>\n<h2>Ihr Yoru-S\u00e4bel von Mihawk zum besten Preis<\/h2>\n<p>Wir bieten dir alle Spr\u00fcche deiner Lieblingscharaktere in diesem One Piece Anime-Manga.<\/p>\n<p>Zun\u00e4chst einmal,<\/p>\n<ul>\n<li>Finden Sie die Goodies unsere One Piece-Mauspads<\/li>\n<li>Sowie unsere One Piece-Schl\u00fcsselanh\u00e4nger wie der One Piece-Symbol-Schl\u00fcsselanh\u00e4nger.<\/li>\n<li>Nat\u00fcrlich gibt es auch all die Katanas, Schwerter und <a href=\"https:\/\/repliquemangacine.fr\/de\/katana-one-piece\/katana-shusui-zoro-one-piece\/\">Schwerter aus One Piece<\/a>.<\/li>\n<li>Und viele andere, die es in unserem Online-Shop zu entdecken gibt!<\/li>\n<\/ul>\n<p>Deshalb gibt es hier tolle Geschenkideen f\u00fcr alle One Piece-Fans.<\/p>\n<p>Abschlie\u00dfend k\u00f6nnen Sie auch Folgendes verwenden: <strong>Yoru Mihawk-S\u00e4bel<\/strong> f\u00fcr Ihre Cosplay-Parade oder Ihre Themenabende. Vor allem aber ist das Kokuto Yoru Schwert auch ein Sammler- und Dekorationsst\u00fcck.<\/p>\n<h2>Wie pflegt man die Klinge seines One Piece-Schwerts?<\/h2>\n<p>Katanas f\u00fcr Sammlungen und Dekorationen werden auf vereinfachte Weise hergestellt und zusammengebaut. Da sie zu Dekorationszwecken verwendet werden, fehlen ihnen die Sicherheitsmerkmale, die ein japanisches Schwert f\u00fcr Trainingszwecke aufweisen muss.<\/p>\n<p>Allerdings ist Ihr <strong>Yoru Mihawk-S\u00e4bel<\/strong> zu einer Stahlklinge, die gepflegt werden muss, damit sie nicht mit der Zeit abgenutzt wird. Denn wenn Sie Ihr Katana ausstellen, werden Ihre Freunde neugierig sein, die Klinge zu sehen und sie zu ber\u00fchren. Hier ist Vorsicht geboten. Es sei darauf hingewiesen, dass die S\u00e4ure der Finger dem Stahl unabh\u00e4ngig von seiner Qualit\u00e4t sehr schadet.<\/p>\n<p>Wenn das passiert, keine Panik, Sie brauchen nur ein Tuch, das Sie mit etwas \u00d6l befeuchten und die Fingerabdr\u00fccke abwischen. Wenn Sie dies tun, werden Sie Ihr Schwert sehr lange behalten.<\/p>","protected":false},"excerpt":{"rendered":"<p>Gigantisches Schwert von Dracule Mihawk,<\/p>\n<ul>\n<li>Breite Klinge aus Stahl.<\/li>\n<li>Geschnitzter und mit Harzjuwelen verzierter Griff.<\/li>\n<li>Griff mit einem Riemen aus wei\u00dfer Baumwolle \u00fcberzogen.<\/li>\n<li>Steinknauf aus Kunstharz.<\/li>\n<li>Transportscheide aus Kunstleder.<\/li>\n<li>L\u00e4nge der Klinge: 90 cm - Gesamtl\u00e4nge: 126 cm<\/li>\n<\/ul>","protected":false},"featured_media":28236,"template":"","meta":[],"product_brand":[896],"product_cat":[123,23],"product_tag":[],"class_list":{"0":"post-28235","1":"product","2":"type-product","3":"status-publish","4":"has-post-thumbnail","6":"product_brand-replique-manga-cine","7":"product_cat-katana-en-metal-one-piece","8":"product_cat-repliques-manga-jeux-video","10":"first","11":"instock","12":"taxable","13":"shipping-taxable","14":"purchasable","15":"product-type-simple"},"yoast_head":"<!-- This site is optimized with the Yoast SEO plugin v27.5 - https:\/\/yoast.com\/product\/yoast-seo-wordpress\/ -->\n<title>Sabre Yoru Mihawk - Vente en ligne des \u00e9p\u00e9es One Piece | RMC<\/title>\n<meta name=\"description\" content=\"Exclusivit\u00e9 ! Superbe r\u00e9plique du sabre Yoru Mihawk au meilleur prix - Lame large en acier 440 - Garde m\u00e9tal d\u00e9cor\u00e9 - Longueur totale : 126 cm\" \/>\n<meta name=\"robots\" content=\"index, follow, max-snippet:-1, max-image-preview:large, max-video-preview:-1\" \/>\n<link rel=\"canonical\" href=\"https:\/\/repliquemangacine.fr\/de\/repliken-manga-videospiele\/schwert-yoru-kokutou-dracula-schwert-mihawk-breite-klinge\/\" \/>\n<meta property=\"og:locale\" content=\"de_DE\" \/>\n<meta property=\"og:type\" content=\"article\" \/>\n<meta property=\"og:title\" content=\"Sabre Yoru Mihawk - Vente en ligne des \u00e9p\u00e9es One Piece | RMC\" \/>\n<meta property=\"og:description\" content=\"Exclusivit\u00e9 ! Superbe r\u00e9plique du sabre Yoru Mihawk au meilleur prix - Lame large en acier 440 - Garde m\u00e9tal d\u00e9cor\u00e9 - Longueur totale : 126 cm\" \/>\n<meta property=\"og:url\" content=\"https:\/\/repliquemangacine.fr\/de\/repliken-manga-videospiele\/schwert-yoru-kokutou-dracula-schwert-mihawk-breite-klinge\/\" \/>\n<meta property=\"og:site_name\" content=\"R\u00e9plique Manga Cin\u00e9\" \/>\n<meta property=\"article:publisher\" content=\"https:\/\/www.facebook.com\/RepliqueMangaCine\" \/>\n<meta property=\"article:modified_time\" content=\"2026-03-31T20:43:55+00:00\" \/>\n<meta property=\"og:image\" content=\"https:\/\/repliquemangacine.fr\/wp-content\/uploads\/2023\/10\/2941-Sabre-Yoru-Kokutou-Epee-de-Dracule-Mihawk-Lame-large.jpg\" \/>\n\t<meta property=\"og:image:width\" content=\"800\" \/>\n\t<meta property=\"og:image:height\" content=\"800\" \/>\n\t<meta property=\"og:image:type\" content=\"image\/jpeg\" \/>\n<meta name=\"twitter:card\" content=\"summary_large_image\" \/>\n<meta name=\"twitter:label1\" content=\"Gesch\u00e4tzte Lesezeit\" \/>\n\t<meta name=\"twitter:data1\" content=\"3\u00a0Minuten\" \/>\n<script type=\"application\/ld+json\" class=\"yoast-schema-graph\">{\"@context\":\"https:\\\/\\\/schema.org\",\"@graph\":[{\"@type\":\"WebPage\",\"@id\":\"https:\\\/\\\/repliquemangacine.fr\\\/repliques-manga-jeux-video\\\/sabre-yoru-kokutou-epee-de-dracule-mihawk-lame-large\\\/\",\"url\":\"https:\\\/\\\/repliquemangacine.fr\\\/repliques-manga-jeux-video\\\/sabre-yoru-kokutou-epee-de-dracule-mihawk-lame-large\\\/\",\"name\":\"Sabre Yoru Mihawk - Vente en ligne des \u00e9p\u00e9es One Piece | RMC\",\"isPartOf\":{\"@id\":\"https:\\\/\\\/repliquemangacine.fr\\\/#website\"},\"primaryImageOfPage\":{\"@id\":\"https:\\\/\\\/repliquemangacine.fr\\\/repliques-manga-jeux-video\\\/sabre-yoru-kokutou-epee-de-dracule-mihawk-lame-large\\\/#primaryimage\"},\"image\":{\"@id\":\"https:\\\/\\\/repliquemangacine.fr\\\/repliques-manga-jeux-video\\\/sabre-yoru-kokutou-epee-de-dracule-mihawk-lame-large\\\/#primaryimage\"},\"thumbnailUrl\":\"https:\\\/\\\/repliquemangacine.fr\\\/wp-content\\\/uploads\\\/2023\\\/10\\\/2941-Sabre-Yoru-Kokutou-Epee-de-Dracule-Mihawk-Lame-large.jpg\",\"datePublished\":\"2019-08-04T14:06:45+00:00\",\"dateModified\":\"2026-03-31T20:43:55+00:00\",\"description\":\"Exclusivit\u00e9 ! Superbe r\u00e9plique du sabre Yoru Mihawk au meilleur prix - Lame large en acier 440 - Garde m\u00e9tal d\u00e9cor\u00e9 - Longueur totale : 126 cm\",\"breadcrumb\":{\"@id\":\"https:\\\/\\\/repliquemangacine.fr\\\/repliques-manga-jeux-video\\\/sabre-yoru-kokutou-epee-de-dracule-mihawk-lame-large\\\/#breadcrumb\"},\"inLanguage\":\"de\",\"potentialAction\":[{\"@type\":\"ReadAction\",\"target\":[\"https:\\\/\\\/repliquemangacine.fr\\\/repliques-manga-jeux-video\\\/sabre-yoru-kokutou-epee-de-dracule-mihawk-lame-large\\\/\"]}]},{\"@type\":\"ImageObject\",\"inLanguage\":\"de\",\"@id\":\"https:\\\/\\\/repliquemangacine.fr\\\/repliques-manga-jeux-video\\\/sabre-yoru-kokutou-epee-de-dracule-mihawk-lame-large\\\/#primaryimage\",\"url\":\"https:\\\/\\\/repliquemangacine.fr\\\/wp-content\\\/uploads\\\/2023\\\/10\\\/2941-Sabre-Yoru-Kokutou-Epee-de-Dracule-Mihawk-Lame-large.jpg\",\"contentUrl\":\"https:\\\/\\\/repliquemangacine.fr\\\/wp-content\\\/uploads\\\/2023\\\/10\\\/2941-Sabre-Yoru-Kokutou-Epee-de-Dracule-Mihawk-Lame-large.jpg\",\"width\":800,\"height\":800,\"caption\":\"Sabre Yoru Kokutou - Ep\u00e9e de Dracule Mihawk - Lame large\"},{\"@type\":\"BreadcrumbList\",\"@id\":\"https:\\\/\\\/repliquemangacine.fr\\\/repliques-manga-jeux-video\\\/sabre-yoru-kokutou-epee-de-dracule-mihawk-lame-large\\\/#breadcrumb\",\"itemListElement\":[{\"@type\":\"ListItem\",\"position\":1,\"name\":\"Accueil\",\"item\":\"https:\\\/\\\/repliquemangacine.fr\\\/\"},{\"@type\":\"ListItem\",\"position\":2,\"name\":\"Produits\",\"item\":\"https:\\\/\\\/repliquemangacine.fr\\\/boutique\\\/\"},{\"@type\":\"ListItem\",\"position\":3,\"name\":\"Sabre Yoru Kokutou &#8211; Dracule Mihawk\"}]},{\"@type\":\"WebSite\",\"@id\":\"https:\\\/\\\/repliquemangacine.fr\\\/#website\",\"url\":\"https:\\\/\\\/repliquemangacine.fr\\\/\",\"name\":\"R\u00e9plique Manga Cin\u00e9\",\"description\":\"\",\"publisher\":{\"@id\":\"https:\\\/\\\/repliquemangacine.fr\\\/#organization\"},\"potentialAction\":[{\"@type\":\"SearchAction\",\"target\":{\"@type\":\"EntryPoint\",\"urlTemplate\":\"https:\\\/\\\/repliquemangacine.fr\\\/?s={search_term_string}\"},\"query-input\":{\"@type\":\"PropertyValueSpecification\",\"valueRequired\":true,\"valueName\":\"search_term_string\"}}],\"inLanguage\":\"de\"},{\"@type\":\"Organization\",\"@id\":\"https:\\\/\\\/repliquemangacine.fr\\\/#organization\",\"name\":\"R\u00e9plique Manga Cin\u00e9\",\"url\":\"https:\\\/\\\/repliquemangacine.fr\\\/\",\"logo\":{\"@type\":\"ImageObject\",\"inLanguage\":\"de\",\"@id\":\"https:\\\/\\\/repliquemangacine.fr\\\/#\\\/schema\\\/logo\\\/image\\\/\",\"url\":\"https:\\\/\\\/repliquemangacine.fr\\\/wp-content\\\/uploads\\\/2023\\\/10\\\/RMC-500250.png\",\"contentUrl\":\"https:\\\/\\\/repliquemangacine.fr\\\/wp-content\\\/uploads\\\/2023\\\/10\\\/RMC-500250.png\",\"width\":500,\"height\":250,\"caption\":\"R\u00e9plique Manga Cin\u00e9\"},\"image\":{\"@id\":\"https:\\\/\\\/repliquemangacine.fr\\\/#\\\/schema\\\/logo\\\/image\\\/\"},\"sameAs\":[\"https:\\\/\\\/www.facebook.com\\\/RepliqueMangaCine\",\"https:\\\/\\\/www.instagram.com\\\/repliquemangacine.fr\\\/\"]}]}<\/script>\n<!-- \/ Yoast SEO plugin. -->","yoast_head_json":{"title":"Yoru Mihawk Schwert - One Piece Schwerter Online Verkauf | RMC","description":"Exklusiv f\u00fcr Sie! Wundersch\u00f6ne Replik des Yoru Mihawk Schwertes zum besten Preis - Breite Klinge aus 440er Stahl - Verzierter Metallschutz - Gesamtl\u00e4nge: 126 cm","robots":{"index":"index","follow":"follow","max-snippet":"max-snippet:-1","max-image-preview":"max-image-preview:large","max-video-preview":"max-video-preview:-1"},"canonical":"https:\/\/repliquemangacine.fr\/de\/repliken-manga-videospiele\/schwert-yoru-kokutou-dracula-schwert-mihawk-breite-klinge\/","og_locale":"de_DE","og_type":"article","og_title":"Sabre Yoru Mihawk - Vente en ligne des \u00e9p\u00e9es One Piece | RMC","og_description":"Exclusivit\u00e9 ! Superbe r\u00e9plique du sabre Yoru Mihawk au meilleur prix - Lame large en acier 440 - Garde m\u00e9tal d\u00e9cor\u00e9 - Longueur totale : 126 cm","og_url":"https:\/\/repliquemangacine.fr\/de\/repliken-manga-videospiele\/schwert-yoru-kokutou-dracula-schwert-mihawk-breite-klinge\/","og_site_name":"R\u00e9plique Manga Cin\u00e9","article_publisher":"https:\/\/www.facebook.com\/RepliqueMangaCine","article_modified_time":"2026-03-31T20:43:55+00:00","og_image":[{"width":800,"height":800,"url":"https:\/\/repliquemangacine.fr\/wp-content\/uploads\/2023\/10\/2941-Sabre-Yoru-Kokutou-Epee-de-Dracule-Mihawk-Lame-large.jpg","type":"image\/jpeg"}],"twitter_card":"summary_large_image","twitter_misc":{"Gesch\u00e4tzte Lesezeit":"3\u00a0Minuten"},"schema":{"@context":"https:\/\/schema.org","@graph":[{"@type":"WebPage","@id":"https:\/\/repliquemangacine.fr\/repliques-manga-jeux-video\/sabre-yoru-kokutou-epee-de-dracule-mihawk-lame-large\/","url":"https:\/\/repliquemangacine.fr\/repliques-manga-jeux-video\/sabre-yoru-kokutou-epee-de-dracule-mihawk-lame-large\/","name":"Yoru Mihawk Schwert - One Piece Schwerter Online Verkauf | RMC","isPartOf":{"@id":"https:\/\/repliquemangacine.fr\/#website"},"primaryImageOfPage":{"@id":"https:\/\/repliquemangacine.fr\/repliques-manga-jeux-video\/sabre-yoru-kokutou-epee-de-dracule-mihawk-lame-large\/#primaryimage"},"image":{"@id":"https:\/\/repliquemangacine.fr\/repliques-manga-jeux-video\/sabre-yoru-kokutou-epee-de-dracule-mihawk-lame-large\/#primaryimage"},"thumbnailUrl":"https:\/\/repliquemangacine.fr\/wp-content\/uploads\/2023\/10\/2941-Sabre-Yoru-Kokutou-Epee-de-Dracule-Mihawk-Lame-large.jpg","datePublished":"2019-08-04T14:06:45+00:00","dateModified":"2026-03-31T20:43:55+00:00","description":"Exklusiv f\u00fcr Sie! Wundersch\u00f6ne Replik des Yoru Mihawk Schwertes zum besten Preis - Breite Klinge aus 440er Stahl - Verzierter Metallschutz - Gesamtl\u00e4nge: 126 cm","breadcrumb":{"@id":"https:\/\/repliquemangacine.fr\/repliques-manga-jeux-video\/sabre-yoru-kokutou-epee-de-dracule-mihawk-lame-large\/#breadcrumb"},"inLanguage":"de","potentialAction":[{"@type":"ReadAction","target":["https:\/\/repliquemangacine.fr\/repliques-manga-jeux-video\/sabre-yoru-kokutou-epee-de-dracule-mihawk-lame-large\/"]}]},{"@type":"ImageObject","inLanguage":"de","@id":"https:\/\/repliquemangacine.fr\/repliques-manga-jeux-video\/sabre-yoru-kokutou-epee-de-dracule-mihawk-lame-large\/#primaryimage","url":"https:\/\/repliquemangacine.fr\/wp-content\/uploads\/2023\/10\/2941-Sabre-Yoru-Kokutou-Epee-de-Dracule-Mihawk-Lame-large.jpg","contentUrl":"https:\/\/repliquemangacine.fr\/wp-content\/uploads\/2023\/10\/2941-Sabre-Yoru-Kokutou-Epee-de-Dracule-Mihawk-Lame-large.jpg","width":800,"height":800,"caption":"Sabre Yoru Kokutou - Ep\u00e9e de Dracule Mihawk - Lame large"},{"@type":"BreadcrumbList","@id":"https:\/\/repliquemangacine.fr\/repliques-manga-jeux-video\/sabre-yoru-kokutou-epee-de-dracule-mihawk-lame-large\/#breadcrumb","itemListElement":[{"@type":"ListItem","position":1,"name":"Accueil","item":"https:\/\/repliquemangacine.fr\/"},{"@type":"ListItem","position":2,"name":"Produits","item":"https:\/\/repliquemangacine.fr\/boutique\/"},{"@type":"ListItem","position":3,"name":"Sabre Yoru Kokutou &#8211; Dracule Mihawk"}]},{"@type":"WebSite","@id":"https:\/\/repliquemangacine.fr\/#website","url":"https:\/\/repliquemangacine.fr\/","name":"R\u00e9plique Manga Cin\u00e9","description":"","publisher":{"@id":"https:\/\/repliquemangacine.fr\/#organization"},"potentialAction":[{"@type":"SearchAction","target":{"@type":"EntryPoint","urlTemplate":"https:\/\/repliquemangacine.fr\/?s={search_term_string}"},"query-input":{"@type":"PropertyValueSpecification","valueRequired":true,"valueName":"search_term_string"}}],"inLanguage":"de"},{"@type":"Organization","@id":"https:\/\/repliquemangacine.fr\/#organization","name":"R\u00e9plique Manga Cin\u00e9","url":"https:\/\/repliquemangacine.fr\/","logo":{"@type":"ImageObject","inLanguage":"de","@id":"https:\/\/repliquemangacine.fr\/#\/schema\/logo\/image\/","url":"https:\/\/repliquemangacine.fr\/wp-content\/uploads\/2023\/10\/RMC-500250.png","contentUrl":"https:\/\/repliquemangacine.fr\/wp-content\/uploads\/2023\/10\/RMC-500250.png","width":500,"height":250,"caption":"R\u00e9plique Manga Cin\u00e9"},"image":{"@id":"https:\/\/repliquemangacine.fr\/#\/schema\/logo\/image\/"},"sameAs":["https:\/\/www.facebook.com\/RepliqueMangaCine","https:\/\/www.instagram.com\/repliquemangacine.fr\/"]}]}},"_links":{"self":[{"href":"https:\/\/repliquemangacine.fr\/de\/wp-json\/wp\/v2\/product\/28235","targetHints":{"allow":["GET"]}}],"collection":[{"href":"https:\/\/repliquemangacine.fr\/de\/wp-json\/wp\/v2\/product"}],"about":[{"href":"https:\/\/repliquemangacine.fr\/de\/wp-json\/wp\/v2\/types\/product"}],"wp:featuredmedia":[{"embeddable":true,"href":"https:\/\/repliquemangacine.fr\/de\/wp-json\/wp\/v2\/media\/28236"}],"wp:attachment":[{"href":"https:\/\/repliquemangacine.fr\/de\/wp-json\/wp\/v2\/media?parent=28235"}],"wp:term":[{"taxonomy":"product_brand","embeddable":true,"href":"https:\/\/repliquemangacine.fr\/de\/wp-json\/wp\/v2\/product_brand?post=28235"},{"taxonomy":"product_cat","embeddable":true,"href":"https:\/\/repliquemangacine.fr\/de\/wp-json\/wp\/v2\/product_cat?post=28235"},{"taxonomy":"product_tag","embeddable":true,"href":"https:\/\/repliquemangacine.fr\/de\/wp-json\/wp\/v2\/product_tag?post=28235"}],"curies":[{"name":"wp","href":"https:\/\/api.w.org\/{rel}","templated":true}]}}