





{"id":28226,"date":"2019-08-04T15:17:13","date_gmt":"2019-08-04T13:17:13","guid":{"rendered":"https:\/\/repliquemangacine.fr\/?post_type=product&#038;p=28226"},"modified":"2026-03-25T15:57:21","modified_gmt":"2026-03-25T14:57:21","slug":"zireael-de-ciri-the-witcher-3-schwert-mit-abgeschnittener-klinge","status":"publish","type":"product","link":"https:\/\/repliquemangacine.fr\/de\/epee-the-witcher\/epee-zireael-de-ciri-the-witcher-3-lame-decoupee\/","title":{"rendered":"The Witcher 3 Ciri-Schwert - Geschnittene Klinge"},"content":{"rendered":"<h2>Schwert Ciri Zireael The Witcher3<\/h2>\n<p>Den Anfang macht das The Witcher3 Ciri-Schwert, das mit viel Liebe zum Detail entworfen wurde. Der Herstellungsprozess der Klinge besteht aus poliertem Schliff.<\/p>\n<p>Von den Gnomen geschmiedet wurde dieser Gwyhyr (Schwert), der Zireael (Schwalbe) genannt wurde. Ein <a href=\"https:\/\/witcher-archive.fandom.com\/fr\/wiki\/Gwyhyr\" target=\"_blank\" rel=\"noopener noreferrer\">gwyhyr<\/a> ist ein wundersch\u00f6nes Gnomenschwert, das als das beste in der ganzen Welt gilt. Die Gnome hatten die Produktion dieser Waffen bereits mehr als zweihundert Jahre vor den Ereignissen in Die Saga vom Zauberer eingestellt.<\/p>\n<p>Dies ist eines der beiden Schwerter, die Geralt ausw\u00e4hlen kann, wenn er in der nilfgaardischen Garnison den Schmied trifft. Er schenkt es Ciri, es ist sein erstes Hexenschwert.<\/p>\n<p>Als sie noch ein Kind war, verschwanden Ciris Eltern in einem Sturm auf See und wurden f\u00fcr tot gehalten. Sie verbrachte ihre Jugend zwischen Cintra und den Skellige-Inseln, wo sie von ihrer Gro\u00dfmutter betreut wurde.<\/p>\n<h2>Ihr The Witcher3 Ciri-Schwert zum besten Preis.<\/h2>\n<p>Wir bieten Ihnen alle Spr\u00fcche von Geralt de Riv aus dem Spiel The Witcher 3, aber auch aus der Netflix-Serie The Witcher.<\/p>\n<p>Zun\u00e4chst einmal,<\/p>\n<ul>\n<li>L'<a href=\"https:\/\/repliquemangacine.fr\/de\/schwert-the-witcher\/wolf-epee-the-witcher3\/\">Wolf-Schwert<\/a> von Geralt de Riv getragen, ist es sein zweites Schwert im Spiel.<\/li>\n<li>Sowie die<a href=\"https:\/\/repliquemangacine.fr\/de\/schwert-the-witcher\/silbernes-schwert-geralt-de-riv-the-witcher\/\">Silberschwert<\/a> in der Netflix-Serie Staffel 2.<\/li>\n<li>Und, viele weitere, die es in unserem Online-Shop zu entdecken gibt!<\/li>\n<\/ul>\n<p>Deshalb gibt es hier tolle Geschenkideen f\u00fcr Fans von The Witcher<\/p>\n<p>Abschlie\u00dfend k\u00f6nnen Sie auch diesen <strong>Ciri-Schwert The Witcher3<\/strong> f\u00fcr Ihre Cosplay-Paraden oder Themenabende. Aber vor allem ist sie auch ein Sammler- und Dekorationsst\u00fcck<\/p>\n<p>R\u00e9plique Manga Cin\u00e9 ist ein franz\u00f6sisches Unternehmen<\/p>\n<h2>Wie pflegt man die Klinge seines The Witcher-Schwerts?<\/h2>\n<p>Sammlungs- und Dekorationsschwerter werden in vereinfachter Form hergestellt und zusammengebaut. Da sie zu Dekorationszwecken verwendet werden, fehlen ihnen die Sicherheitselemente, die ein japanisches Schwert f\u00fcr Trainingszwecke aufweisen muss.<\/p>\n<p>Allerdings ist Ihr <strong>Ciri-Schwert The Witcher3<\/strong> zu einer Stahlklinge, die gepflegt werden muss, damit sie nicht mit der Zeit abgenutzt wird. Wenn du dein Schwert n\u00e4mlich ausstellst, werden deine Freunde neugierig sein, die Klinge zu sehen und sie zu ber\u00fchren. Hier ist Vorsicht geboten, denn Sie sollten wissen, dass die S\u00e4ure der Finger dem Stahl unabh\u00e4ngig von seiner Qualit\u00e4t sehr schadet.<\/p>\n<p>Wenn dies jedoch passiert, keine Panik, Sie brauchen nur ein Tuch, das mit etwas \u00d6l befeuchtet ist, und wischen die Fingerabdr\u00fccke ab. Wenn Sie dies tun, werden Sie Ihr Schwert sehr lange behalten.<\/p>\n<p>&nbsp;<\/p>","protected":false},"excerpt":{"rendered":"<p>Diese Replik des Zireael-Schwerts wurde mit viel Liebe zum Detail gestaltet.<\/p>\n<ul>\n<li>Nicht scharfe Klinge aus 440er-Stahl.<\/li>\n<li>Schneiden der Klinge in der N\u00e4he des Schutzes.<\/li>\n<li>Der Produktionsprozess der Klinge erfolgt im Polierschliff.<\/li>\n<li>Metallgriff mit beigem Baumwollfaden umwickelt.<\/li>\n<li>Speziell geformter B\u00fcgel und Knauf aus Vollstahl.<\/li>\n<li>Holzscheide mit rotem Kunstleder \u00fcberzogen und mit wei\u00dfen N\u00e4hten versehen.<\/li>\n<li>Verbindungsst\u00fccke an den Enden sind aus poliertem Stahl.<br \/>\nAu\u00dferdem verf\u00fcgt er \u00fcber einen verstellbaren Schulterriemen zum Tragen.<\/li>\n<\/ul>\n<p><strong><span style=\"color: #d0121a;\">Der Anh\u00e4nger mit den roten Augen wird dir mit diesem Schwert geschenkt.<\/span> <span style=\"text-decoration: underline;\"><br \/>\n<\/span><\/strong><\/p>","protected":false},"featured_media":28227,"template":"","meta":[],"product_brand":[896],"product_cat":[23,58],"product_tag":[],"class_list":{"0":"post-28226","1":"product","2":"type-product","3":"status-publish","4":"has-post-thumbnail","6":"product_brand-replique-manga-cine","7":"product_cat-repliques-manga-jeux-video","8":"product_cat-epee-the-witcher","10":"first","11":"instock","12":"sale","13":"taxable","14":"shipping-taxable","15":"purchasable","16":"product-type-simple"},"yoast_head":"<!-- This site is optimized with the Yoast SEO plugin v27.4 - https:\/\/yoast.com\/product\/yoast-seo-wordpress\/ -->\n<title>Ep\u00e9e Ciri The Witcher3 - Vente en ligne Ep\u00e9e Zireael - RMC<\/title>\n<meta name=\"description\" content=\"Offrez-lui ! Cette superbe Ep\u00e9e de Ciri The Witcher3 au meilleur prix. Lame en acier inox d\u00e9coup\u00e9e sur le haut de la lame. Fourreau similicuir rouge\" \/>\n<meta name=\"robots\" content=\"index, follow, max-snippet:-1, max-image-preview:large, max-video-preview:-1\" \/>\n<link rel=\"canonical\" href=\"https:\/\/repliquemangacine.fr\/de\/schwert-the-witcher\/zireael-de-ciri-the-witcher-3-schwert-mit-abgeschnittener-klinge\/\" \/>\n<meta property=\"og:locale\" content=\"de_DE\" \/>\n<meta property=\"og:type\" content=\"article\" \/>\n<meta property=\"og:title\" content=\"Ep\u00e9e Ciri The Witcher3 - Vente en ligne Ep\u00e9e Zireael - RMC\" \/>\n<meta property=\"og:description\" content=\"Offrez-lui ! Cette superbe Ep\u00e9e de Ciri The Witcher3 au meilleur prix. Lame en acier inox d\u00e9coup\u00e9e sur le haut de la lame. Fourreau similicuir rouge\" \/>\n<meta property=\"og:url\" content=\"https:\/\/repliquemangacine.fr\/de\/schwert-the-witcher\/zireael-de-ciri-the-witcher-3-schwert-mit-abgeschnittener-klinge\/\" \/>\n<meta property=\"og:site_name\" content=\"R\u00e9plique Manga Cin\u00e9\" \/>\n<meta property=\"article:publisher\" content=\"https:\/\/www.facebook.com\/RepliqueMangaCine\" \/>\n<meta property=\"article:modified_time\" content=\"2026-03-25T14:57:21+00:00\" \/>\n<meta property=\"og:image\" content=\"https:\/\/repliquemangacine.fr\/wp-content\/uploads\/2023\/10\/2930-Epee-Zireael-de-Ciri-The-Witcher-3-Lame-decoupee.jpg\" \/>\n\t<meta property=\"og:image:width\" content=\"700\" \/>\n\t<meta property=\"og:image:height\" content=\"700\" \/>\n\t<meta property=\"og:image:type\" content=\"image\/jpeg\" \/>\n<meta name=\"twitter:card\" content=\"summary_large_image\" \/>\n<meta name=\"twitter:label1\" content=\"Gesch\u00e4tzte Lesezeit\" \/>\n\t<meta name=\"twitter:data1\" content=\"1\u00a0Minute\" \/>\n<script type=\"application\/ld+json\" class=\"yoast-schema-graph\">{\"@context\":\"https:\\\/\\\/schema.org\",\"@graph\":[{\"@type\":\"WebPage\",\"@id\":\"https:\\\/\\\/repliquemangacine.fr\\\/epee-the-witcher\\\/epee-zireael-de-ciri-the-witcher-3-lame-decoupee\\\/\",\"url\":\"https:\\\/\\\/repliquemangacine.fr\\\/epee-the-witcher\\\/epee-zireael-de-ciri-the-witcher-3-lame-decoupee\\\/\",\"name\":\"Ep\u00e9e Ciri The Witcher3 - Vente en ligne Ep\u00e9e Zireael - RMC\",\"isPartOf\":{\"@id\":\"https:\\\/\\\/repliquemangacine.fr\\\/#website\"},\"primaryImageOfPage\":{\"@id\":\"https:\\\/\\\/repliquemangacine.fr\\\/epee-the-witcher\\\/epee-zireael-de-ciri-the-witcher-3-lame-decoupee\\\/#primaryimage\"},\"image\":{\"@id\":\"https:\\\/\\\/repliquemangacine.fr\\\/epee-the-witcher\\\/epee-zireael-de-ciri-the-witcher-3-lame-decoupee\\\/#primaryimage\"},\"thumbnailUrl\":\"https:\\\/\\\/repliquemangacine.fr\\\/wp-content\\\/uploads\\\/2023\\\/10\\\/2930-Epee-Zireael-de-Ciri-The-Witcher-3-Lame-decoupee.jpg\",\"datePublished\":\"2019-08-04T13:17:13+00:00\",\"dateModified\":\"2026-03-25T14:57:21+00:00\",\"description\":\"Offrez-lui ! Cette superbe Ep\u00e9e de Ciri The Witcher3 au meilleur prix. Lame en acier inox d\u00e9coup\u00e9e sur le haut de la lame. Fourreau similicuir rouge\",\"breadcrumb\":{\"@id\":\"https:\\\/\\\/repliquemangacine.fr\\\/epee-the-witcher\\\/epee-zireael-de-ciri-the-witcher-3-lame-decoupee\\\/#breadcrumb\"},\"inLanguage\":\"de\",\"potentialAction\":[{\"@type\":\"ReadAction\",\"target\":[\"https:\\\/\\\/repliquemangacine.fr\\\/epee-the-witcher\\\/epee-zireael-de-ciri-the-witcher-3-lame-decoupee\\\/\"]}]},{\"@type\":\"ImageObject\",\"inLanguage\":\"de\",\"@id\":\"https:\\\/\\\/repliquemangacine.fr\\\/epee-the-witcher\\\/epee-zireael-de-ciri-the-witcher-3-lame-decoupee\\\/#primaryimage\",\"url\":\"https:\\\/\\\/repliquemangacine.fr\\\/wp-content\\\/uploads\\\/2023\\\/10\\\/2930-Epee-Zireael-de-Ciri-The-Witcher-3-Lame-decoupee.jpg\",\"contentUrl\":\"https:\\\/\\\/repliquemangacine.fr\\\/wp-content\\\/uploads\\\/2023\\\/10\\\/2930-Epee-Zireael-de-Ciri-The-Witcher-3-Lame-decoupee.jpg\",\"width\":700,\"height\":700,\"caption\":\"Ep\u00e9e Zireael de Ciri - The Witcher 3 - Lame d\u00e9coup\u00e9e\"},{\"@type\":\"BreadcrumbList\",\"@id\":\"https:\\\/\\\/repliquemangacine.fr\\\/epee-the-witcher\\\/epee-zireael-de-ciri-the-witcher-3-lame-decoupee\\\/#breadcrumb\",\"itemListElement\":[{\"@type\":\"ListItem\",\"position\":1,\"name\":\"Accueil\",\"item\":\"https:\\\/\\\/repliquemangacine.fr\\\/\"},{\"@type\":\"ListItem\",\"position\":2,\"name\":\"Produits\",\"item\":\"https:\\\/\\\/repliquemangacine.fr\\\/boutique\\\/\"},{\"@type\":\"ListItem\",\"position\":3,\"name\":\"Ep\u00e9e Ciri The Witcher 3 &#8211; Lame d\u00e9coup\u00e9e\"}]},{\"@type\":\"WebSite\",\"@id\":\"https:\\\/\\\/repliquemangacine.fr\\\/#website\",\"url\":\"https:\\\/\\\/repliquemangacine.fr\\\/\",\"name\":\"R\u00e9plique Manga Cin\u00e9\",\"description\":\"\",\"publisher\":{\"@id\":\"https:\\\/\\\/repliquemangacine.fr\\\/#organization\"},\"potentialAction\":[{\"@type\":\"SearchAction\",\"target\":{\"@type\":\"EntryPoint\",\"urlTemplate\":\"https:\\\/\\\/repliquemangacine.fr\\\/?s={search_term_string}\"},\"query-input\":{\"@type\":\"PropertyValueSpecification\",\"valueRequired\":true,\"valueName\":\"search_term_string\"}}],\"inLanguage\":\"de\"},{\"@type\":\"Organization\",\"@id\":\"https:\\\/\\\/repliquemangacine.fr\\\/#organization\",\"name\":\"R\u00e9plique Manga Cin\u00e9\",\"url\":\"https:\\\/\\\/repliquemangacine.fr\\\/\",\"logo\":{\"@type\":\"ImageObject\",\"inLanguage\":\"de\",\"@id\":\"https:\\\/\\\/repliquemangacine.fr\\\/#\\\/schema\\\/logo\\\/image\\\/\",\"url\":\"https:\\\/\\\/repliquemangacine.fr\\\/wp-content\\\/uploads\\\/2023\\\/10\\\/RMC-500250.png\",\"contentUrl\":\"https:\\\/\\\/repliquemangacine.fr\\\/wp-content\\\/uploads\\\/2023\\\/10\\\/RMC-500250.png\",\"width\":500,\"height\":250,\"caption\":\"R\u00e9plique Manga Cin\u00e9\"},\"image\":{\"@id\":\"https:\\\/\\\/repliquemangacine.fr\\\/#\\\/schema\\\/logo\\\/image\\\/\"},\"sameAs\":[\"https:\\\/\\\/www.facebook.com\\\/RepliqueMangaCine\",\"https:\\\/\\\/www.instagram.com\\\/repliquemangacine.fr\\\/\"]}]}<\/script>\n<!-- \/ Yoast SEO plugin. -->","yoast_head_json":{"title":"The Witcher3 Ciri Schwert - Online Verkauf Zireael Schwert - RMC","description":"Schenken Sie es ihr! Dieses wundersch\u00f6ne The Witcher3 Ciri-Schwert zum besten Preis. Die Klinge aus rostfreiem Stahl ist an der Oberseite ausgeschnitten. Rote Kunstlederscheide","robots":{"index":"index","follow":"follow","max-snippet":"max-snippet:-1","max-image-preview":"max-image-preview:large","max-video-preview":"max-video-preview:-1"},"canonical":"https:\/\/repliquemangacine.fr\/de\/schwert-the-witcher\/zireael-de-ciri-the-witcher-3-schwert-mit-abgeschnittener-klinge\/","og_locale":"de_DE","og_type":"article","og_title":"Ep\u00e9e Ciri The Witcher3 - Vente en ligne Ep\u00e9e Zireael - RMC","og_description":"Offrez-lui ! Cette superbe Ep\u00e9e de Ciri The Witcher3 au meilleur prix. Lame en acier inox d\u00e9coup\u00e9e sur le haut de la lame. Fourreau similicuir rouge","og_url":"https:\/\/repliquemangacine.fr\/de\/schwert-the-witcher\/zireael-de-ciri-the-witcher-3-schwert-mit-abgeschnittener-klinge\/","og_site_name":"R\u00e9plique Manga Cin\u00e9","article_publisher":"https:\/\/www.facebook.com\/RepliqueMangaCine","article_modified_time":"2026-03-25T14:57:21+00:00","og_image":[{"width":700,"height":700,"url":"https:\/\/repliquemangacine.fr\/wp-content\/uploads\/2023\/10\/2930-Epee-Zireael-de-Ciri-The-Witcher-3-Lame-decoupee.jpg","type":"image\/jpeg"}],"twitter_card":"summary_large_image","twitter_misc":{"Gesch\u00e4tzte Lesezeit":"1\u00a0Minute"},"schema":{"@context":"https:\/\/schema.org","@graph":[{"@type":"WebPage","@id":"https:\/\/repliquemangacine.fr\/epee-the-witcher\/epee-zireael-de-ciri-the-witcher-3-lame-decoupee\/","url":"https:\/\/repliquemangacine.fr\/epee-the-witcher\/epee-zireael-de-ciri-the-witcher-3-lame-decoupee\/","name":"The Witcher3 Ciri Schwert - Online Verkauf Zireael Schwert - RMC","isPartOf":{"@id":"https:\/\/repliquemangacine.fr\/#website"},"primaryImageOfPage":{"@id":"https:\/\/repliquemangacine.fr\/epee-the-witcher\/epee-zireael-de-ciri-the-witcher-3-lame-decoupee\/#primaryimage"},"image":{"@id":"https:\/\/repliquemangacine.fr\/epee-the-witcher\/epee-zireael-de-ciri-the-witcher-3-lame-decoupee\/#primaryimage"},"thumbnailUrl":"https:\/\/repliquemangacine.fr\/wp-content\/uploads\/2023\/10\/2930-Epee-Zireael-de-Ciri-The-Witcher-3-Lame-decoupee.jpg","datePublished":"2019-08-04T13:17:13+00:00","dateModified":"2026-03-25T14:57:21+00:00","description":"Schenken Sie es ihr! Dieses wundersch\u00f6ne The Witcher3 Ciri-Schwert zum besten Preis. Die Klinge aus rostfreiem Stahl ist an der Oberseite ausgeschnitten. Rote Kunstlederscheide","breadcrumb":{"@id":"https:\/\/repliquemangacine.fr\/epee-the-witcher\/epee-zireael-de-ciri-the-witcher-3-lame-decoupee\/#breadcrumb"},"inLanguage":"de","potentialAction":[{"@type":"ReadAction","target":["https:\/\/repliquemangacine.fr\/epee-the-witcher\/epee-zireael-de-ciri-the-witcher-3-lame-decoupee\/"]}]},{"@type":"ImageObject","inLanguage":"de","@id":"https:\/\/repliquemangacine.fr\/epee-the-witcher\/epee-zireael-de-ciri-the-witcher-3-lame-decoupee\/#primaryimage","url":"https:\/\/repliquemangacine.fr\/wp-content\/uploads\/2023\/10\/2930-Epee-Zireael-de-Ciri-The-Witcher-3-Lame-decoupee.jpg","contentUrl":"https:\/\/repliquemangacine.fr\/wp-content\/uploads\/2023\/10\/2930-Epee-Zireael-de-Ciri-The-Witcher-3-Lame-decoupee.jpg","width":700,"height":700,"caption":"Ep\u00e9e Zireael de Ciri - The Witcher 3 - Lame d\u00e9coup\u00e9e"},{"@type":"BreadcrumbList","@id":"https:\/\/repliquemangacine.fr\/epee-the-witcher\/epee-zireael-de-ciri-the-witcher-3-lame-decoupee\/#breadcrumb","itemListElement":[{"@type":"ListItem","position":1,"name":"Accueil","item":"https:\/\/repliquemangacine.fr\/"},{"@type":"ListItem","position":2,"name":"Produits","item":"https:\/\/repliquemangacine.fr\/boutique\/"},{"@type":"ListItem","position":3,"name":"Ep\u00e9e Ciri The Witcher 3 &#8211; Lame d\u00e9coup\u00e9e"}]},{"@type":"WebSite","@id":"https:\/\/repliquemangacine.fr\/#website","url":"https:\/\/repliquemangacine.fr\/","name":"R\u00e9plique Manga Cin\u00e9","description":"","publisher":{"@id":"https:\/\/repliquemangacine.fr\/#organization"},"potentialAction":[{"@type":"SearchAction","target":{"@type":"EntryPoint","urlTemplate":"https:\/\/repliquemangacine.fr\/?s={search_term_string}"},"query-input":{"@type":"PropertyValueSpecification","valueRequired":true,"valueName":"search_term_string"}}],"inLanguage":"de"},{"@type":"Organization","@id":"https:\/\/repliquemangacine.fr\/#organization","name":"R\u00e9plique Manga Cin\u00e9","url":"https:\/\/repliquemangacine.fr\/","logo":{"@type":"ImageObject","inLanguage":"de","@id":"https:\/\/repliquemangacine.fr\/#\/schema\/logo\/image\/","url":"https:\/\/repliquemangacine.fr\/wp-content\/uploads\/2023\/10\/RMC-500250.png","contentUrl":"https:\/\/repliquemangacine.fr\/wp-content\/uploads\/2023\/10\/RMC-500250.png","width":500,"height":250,"caption":"R\u00e9plique Manga Cin\u00e9"},"image":{"@id":"https:\/\/repliquemangacine.fr\/#\/schema\/logo\/image\/"},"sameAs":["https:\/\/www.facebook.com\/RepliqueMangaCine","https:\/\/www.instagram.com\/repliquemangacine.fr\/"]}]}},"_links":{"self":[{"href":"https:\/\/repliquemangacine.fr\/de\/wp-json\/wp\/v2\/product\/28226","targetHints":{"allow":["GET"]}}],"collection":[{"href":"https:\/\/repliquemangacine.fr\/de\/wp-json\/wp\/v2\/product"}],"about":[{"href":"https:\/\/repliquemangacine.fr\/de\/wp-json\/wp\/v2\/types\/product"}],"wp:featuredmedia":[{"embeddable":true,"href":"https:\/\/repliquemangacine.fr\/de\/wp-json\/wp\/v2\/media\/28227"}],"wp:attachment":[{"href":"https:\/\/repliquemangacine.fr\/de\/wp-json\/wp\/v2\/media?parent=28226"}],"wp:term":[{"taxonomy":"product_brand","embeddable":true,"href":"https:\/\/repliquemangacine.fr\/de\/wp-json\/wp\/v2\/product_brand?post=28226"},{"taxonomy":"product_cat","embeddable":true,"href":"https:\/\/repliquemangacine.fr\/de\/wp-json\/wp\/v2\/product_cat?post=28226"},{"taxonomy":"product_tag","embeddable":true,"href":"https:\/\/repliquemangacine.fr\/de\/wp-json\/wp\/v2\/product_tag?post=28226"}],"curies":[{"name":"wp","href":"https:\/\/api.w.org\/{rel}","templated":true}]}}