





{"id":28217,"date":"2019-07-19T19:49:39","date_gmt":"2019-07-19T17:49:39","guid":{"rendered":"https:\/\/repliquemangacine.fr\/?post_type=product&#038;p=28217"},"modified":"2025-09-23T18:02:09","modified_gmt":"2025-09-23T16:02:09","slug":"maske-dali-casa-de-papel","status":"publish","type":"product","link":"https:\/\/repliquemangacine.fr\/de\/katana-les-epees-de-films-et-series\/masque-dali-casa-de-papel\/","title":{"rendered":"Dali-Maske casa de papel"},"content":{"rendered":"<h2>Replik der Dali-Maske Casa de Papel.<\/h2>\n<p>Zun\u00e4chst einmal ist die Dali-Maske Casa de Papel von der spanischen Fernsehserie inspiriert, die auf Netflix ausgestrahlt wird.<\/p>\n<p>Die Geschichte eines mysteri\u00f6sen Mannes, der den Spitznamen \"Der Professor\" tr\u00e4gt, plant den besten Raub\u00fcberfall aller Zeiten. Um seinen Plan auszuf\u00fchren, rekrutiert er acht der besten Verbrecher in Spanien, die nichts zu verlieren haben.<\/p>\n<p>Der Professor fordert die Mitglieder der Bande auch auf, sich ein Pseudonym aus St\u00e4dtenamen zu w\u00e4hlen. So gibt es Tokio, Rio, Berlin, Denver, Nairobi, Oslo, Helsinki und Moskau.<\/p>\n<p>Ziel ist es, die nationale M\u00fcnzfabrik zu infiltrieren, um 2,4 Milliarden Euro in kleinen 50-\u20ac-Scheinen zu drucken - und das in weniger als elf Tagen und ohne Opfer.<\/p>\n<h2>Ihre Dali-Maske Casa de Papal zum besten Preis.<\/h2>\n<p>Wir bieten Ihnen eine gro\u00dfe Auswahl an Reproduktionen von Sammlerst\u00fccken aus TV-Serien.<\/p>\n<p>Zun\u00e4chst einmal,<\/p>\n<ul>\n<li>Die Nachbildung des<a href=\"https:\/\/repliquemangacine.fr\/de\/andere-filme-und-serien\/archangel-blade-supernatural\/\">Archangel Blade<\/a> aus der Serie Supernatural.<\/li>\n<li>Es gibt auch die <a href=\"https:\/\/repliquemangacine.fr\/de\/andere-filme\/machete-dolch-predator-dutch\/\">Machete Dolch<\/a> von Dutch in Predator.<\/li>\n<li>Sowie die <a href=\"https:\/\/repliquemangacine.fr\/de\/superheld\/der-stock-von-joker-suicide-squad\/\">Jockerstock<\/a> in Suicide Squad unter offizieller Lizenz <a href=\"https:\/\/noblecollection.fr\/\" target=\"_blank\" rel=\"noopener noreferrer\">edle Sammlung<\/a>.<\/li>\n<li>Und noch viel mehr gibt es in unserem Online-Shop zu entdecken!<\/li>\n<\/ul>\n<p>Deshalb ist dies eine tolle Geschenkidee f\u00fcr alle Fans von Fernsehserien.<\/p>\n<p>Zusammenfassend l\u00e4sst sich sagen, dass Sie die Dali-Maske Casa de Papel f\u00fcr Ihre Cosplay-Paraden oder Themenpartys verwenden k\u00f6nnen. Vor allem aber ist diese Maske ein Sammler- und Dekorationsobjekt.<\/p>\n<h2>Wie werden Ihre Verkleidungen hergestellt?<\/h2>\n<p>Zun\u00e4chst einmal sind alle unsere Produkte von hoher Qualit\u00e4t und werden mit besonderer Sorgfalt hergestellt. Die Herstellung erfolgt zum Teil von Hand, um jedes noch so kleine Detail zu reproduzieren. Gr\u00f6\u00dfere Teile werden von pr\u00e4zisen Maschinen bearbeitet. Die Gravuren werden in der Regel mit einer Diamantspitze oder einem Laser ausgef\u00fchrt.<\/p>\n<p>Ihre <strong>Dali-Maske Casa de Papel<\/strong> wurde hergestellt, um jedes Detail genau zu reproduzieren. Vollst\u00e4ndig aus 2 mm dickem, gegossenem Harz hergestellt und handbemalt. Verstellbarer Riemen, der von zwei Nieten gehalten wird.<\/p>\n<p>Abschlie\u00dfend sei gesagt, dass unsere Repliken, die aus China, Spanien oder Indien importiert wurden, Sie in Erstaunen versetzen werden!<\/p>\n<p>R\u00e9plique Manga Cin\u00e9 ist ein franz\u00f6sisches Familienunternehmen.<\/p>\n<p>Wir w\u00fcnschen allen einen guten Besuch.<\/p>","protected":false},"excerpt":{"rendered":"<p>Dali-Maske der ber\u00fchmten spanischen Bankr\u00e4uber \"La casa de papel\".<\/p>\n<ul>\n<li>Vollst\u00e4ndig aus Harz mit einer Dicke von 2 mm hergestellt.<\/li>\n<li>Kann getragen werden.<\/li>\n<li>Verstellbarer Riemen, der von zwei Nieten gehalten wird.<\/li>\n<li>Gewicht: 265 Gramm - H\u00f6he: 25.5 cm - Breite: 15.5 cm<\/li>\n<\/ul>","protected":false},"featured_media":28218,"template":"","meta":[],"product_brand":[896],"product_cat":[91,66,24],"product_tag":[],"class_list":{"0":"post-28217","1":"product","2":"type-product","3":"status-publish","4":"has-post-thumbnail","6":"product_brand-replique-manga-cine","7":"product_cat-katana-les-epees-de-films-et-series","8":"product_cat-repliques-d-armes-films-et-series","9":"product_cat-films-series-tv-vente-de-katana-epee-et-produits-derives","11":"first","12":"instock","13":"taxable","14":"shipping-taxable","15":"purchasable","16":"product-type-simple"},"yoast_head":"<!-- This site is optimized with the Yoast SEO plugin v27.5 - https:\/\/yoast.com\/product\/yoast-seo-wordpress\/ -->\n<title>Masque dali casa de papel en r\u00e9sine - R\u00e9plique Manga Cin\u00e9<\/title>\n<meta name=\"description\" content=\"Superbe r\u00e9plique tout en r\u00e9sine du Masque Dali Casa de Papel. Tr\u00e8s belle finition, peux se porter pour jouer le r\u00f4le d&#039;un de vos braqueurs pr\u00e9f\u00e9r\u00e9s.\" \/>\n<meta name=\"robots\" content=\"index, follow, max-snippet:-1, max-image-preview:large, max-video-preview:-1\" \/>\n<link rel=\"canonical\" href=\"https:\/\/repliquemangacine.fr\/de\/katana-die-schwerter-aus-filmen-und-serien\/maske-dali-casa-de-papel\/\" \/>\n<meta property=\"og:locale\" content=\"de_DE\" \/>\n<meta property=\"og:type\" content=\"article\" \/>\n<meta property=\"og:title\" content=\"Masque dali casa de papel en r\u00e9sine - R\u00e9plique Manga Cin\u00e9\" \/>\n<meta property=\"og:description\" content=\"Superbe r\u00e9plique tout en r\u00e9sine du Masque Dali Casa de Papel. Tr\u00e8s belle finition, peux se porter pour jouer le r\u00f4le d&#039;un de vos braqueurs pr\u00e9f\u00e9r\u00e9s.\" \/>\n<meta property=\"og:url\" content=\"https:\/\/repliquemangacine.fr\/de\/katana-die-schwerter-aus-filmen-und-serien\/maske-dali-casa-de-papel\/\" \/>\n<meta property=\"og:site_name\" content=\"R\u00e9plique Manga Cin\u00e9\" \/>\n<meta property=\"article:publisher\" content=\"https:\/\/www.facebook.com\/RepliqueMangaCine\" \/>\n<meta property=\"article:modified_time\" content=\"2025-09-23T16:02:09+00:00\" \/>\n<meta property=\"og:image\" content=\"https:\/\/repliquemangacine.fr\/wp-content\/uploads\/2023\/10\/2927-Masque-dali-casa-de-papel.jpg\" \/>\n\t<meta property=\"og:image:width\" content=\"600\" \/>\n\t<meta property=\"og:image:height\" content=\"600\" \/>\n\t<meta property=\"og:image:type\" content=\"image\/jpeg\" \/>\n<meta name=\"twitter:card\" content=\"summary_large_image\" \/>\n<meta name=\"twitter:label1\" content=\"Gesch\u00e4tzte Lesezeit\" \/>\n\t<meta name=\"twitter:data1\" content=\"2\u00a0Minuten\" \/>\n<script type=\"application\/ld+json\" class=\"yoast-schema-graph\">{\"@context\":\"https:\\\/\\\/schema.org\",\"@graph\":[{\"@type\":\"WebPage\",\"@id\":\"https:\\\/\\\/repliquemangacine.fr\\\/en\\\/katana-swords-from-films-and-series\\\/dali-casa-de-papel-mask\\\/\",\"url\":\"https:\\\/\\\/repliquemangacine.fr\\\/en\\\/katana-swords-from-films-and-series\\\/dali-casa-de-papel-mask\\\/\",\"name\":\"Masque dali casa de papel en r\u00e9sine - R\u00e9plique Manga Cin\u00e9\",\"isPartOf\":{\"@id\":\"https:\\\/\\\/repliquemangacine.fr\\\/#website\"},\"primaryImageOfPage\":{\"@id\":\"https:\\\/\\\/repliquemangacine.fr\\\/en\\\/katana-swords-from-films-and-series\\\/dali-casa-de-papel-mask\\\/#primaryimage\"},\"image\":{\"@id\":\"https:\\\/\\\/repliquemangacine.fr\\\/en\\\/katana-swords-from-films-and-series\\\/dali-casa-de-papel-mask\\\/#primaryimage\"},\"thumbnailUrl\":\"https:\\\/\\\/repliquemangacine.fr\\\/wp-content\\\/uploads\\\/2023\\\/10\\\/2927-Masque-dali-casa-de-papel.jpg\",\"datePublished\":\"2019-07-19T17:49:39+00:00\",\"dateModified\":\"2025-09-23T16:02:09+00:00\",\"description\":\"Superbe r\u00e9plique tout en r\u00e9sine du Masque Dali Casa de Papel. Tr\u00e8s belle finition, peux se porter pour jouer le r\u00f4le d'un de vos braqueurs pr\u00e9f\u00e9r\u00e9s.\",\"breadcrumb\":{\"@id\":\"https:\\\/\\\/repliquemangacine.fr\\\/en\\\/katana-swords-from-films-and-series\\\/dali-casa-de-papel-mask\\\/#breadcrumb\"},\"inLanguage\":\"de\",\"potentialAction\":[{\"@type\":\"ReadAction\",\"target\":[\"https:\\\/\\\/repliquemangacine.fr\\\/en\\\/katana-swords-from-films-and-series\\\/dali-casa-de-papel-mask\\\/\"]}]},{\"@type\":\"ImageObject\",\"inLanguage\":\"de\",\"@id\":\"https:\\\/\\\/repliquemangacine.fr\\\/en\\\/katana-swords-from-films-and-series\\\/dali-casa-de-papel-mask\\\/#primaryimage\",\"url\":\"https:\\\/\\\/repliquemangacine.fr\\\/wp-content\\\/uploads\\\/2023\\\/10\\\/2927-Masque-dali-casa-de-papel.jpg\",\"contentUrl\":\"https:\\\/\\\/repliquemangacine.fr\\\/wp-content\\\/uploads\\\/2023\\\/10\\\/2927-Masque-dali-casa-de-papel.jpg\",\"width\":600,\"height\":600,\"caption\":\"Masque dali casa de papel\"},{\"@type\":\"BreadcrumbList\",\"@id\":\"https:\\\/\\\/repliquemangacine.fr\\\/en\\\/katana-swords-from-films-and-series\\\/dali-casa-de-papel-mask\\\/#breadcrumb\",\"itemListElement\":[{\"@type\":\"ListItem\",\"position\":1,\"name\":\"Accueil\",\"item\":\"https:\\\/\\\/repliquemangacine.fr\\\/\"},{\"@type\":\"ListItem\",\"position\":2,\"name\":\"Produits\",\"item\":\"https:\\\/\\\/repliquemangacine.fr\\\/boutique\\\/\"},{\"@type\":\"ListItem\",\"position\":3,\"name\":\"Masque dali casa de papel\"}]},{\"@type\":\"WebSite\",\"@id\":\"https:\\\/\\\/repliquemangacine.fr\\\/#website\",\"url\":\"https:\\\/\\\/repliquemangacine.fr\\\/\",\"name\":\"R\u00e9plique Manga Cin\u00e9\",\"description\":\"\",\"publisher\":{\"@id\":\"https:\\\/\\\/repliquemangacine.fr\\\/#organization\"},\"potentialAction\":[{\"@type\":\"SearchAction\",\"target\":{\"@type\":\"EntryPoint\",\"urlTemplate\":\"https:\\\/\\\/repliquemangacine.fr\\\/?s={search_term_string}\"},\"query-input\":{\"@type\":\"PropertyValueSpecification\",\"valueRequired\":true,\"valueName\":\"search_term_string\"}}],\"inLanguage\":\"de\"},{\"@type\":\"Organization\",\"@id\":\"https:\\\/\\\/repliquemangacine.fr\\\/#organization\",\"name\":\"R\u00e9plique Manga Cin\u00e9\",\"url\":\"https:\\\/\\\/repliquemangacine.fr\\\/\",\"logo\":{\"@type\":\"ImageObject\",\"inLanguage\":\"de\",\"@id\":\"https:\\\/\\\/repliquemangacine.fr\\\/#\\\/schema\\\/logo\\\/image\\\/\",\"url\":\"https:\\\/\\\/repliquemangacine.fr\\\/wp-content\\\/uploads\\\/2023\\\/10\\\/RMC-500250.png\",\"contentUrl\":\"https:\\\/\\\/repliquemangacine.fr\\\/wp-content\\\/uploads\\\/2023\\\/10\\\/RMC-500250.png\",\"width\":500,\"height\":250,\"caption\":\"R\u00e9plique Manga Cin\u00e9\"},\"image\":{\"@id\":\"https:\\\/\\\/repliquemangacine.fr\\\/#\\\/schema\\\/logo\\\/image\\\/\"},\"sameAs\":[\"https:\\\/\\\/www.facebook.com\\\/RepliqueMangaCine\",\"https:\\\/\\\/www.instagram.com\\\/repliquemangacine.fr\\\/\"]}]}<\/script>\n<!-- \/ Yoast SEO plugin. -->","yoast_head_json":{"title":"Dali-Maske casa de papel aus Kunstharz - R\u00e9plique Manga Cin\u00e9","description":"Wundersch\u00f6ne Replik der Dali Casa de Papel Maske aus Kunstharz. Sehr gut verarbeitet, kann getragen werden, um einen Ihrer Lieblingsr\u00e4uber zu spielen.","robots":{"index":"index","follow":"follow","max-snippet":"max-snippet:-1","max-image-preview":"max-image-preview:large","max-video-preview":"max-video-preview:-1"},"canonical":"https:\/\/repliquemangacine.fr\/de\/katana-die-schwerter-aus-filmen-und-serien\/maske-dali-casa-de-papel\/","og_locale":"de_DE","og_type":"article","og_title":"Masque dali casa de papel en r\u00e9sine - R\u00e9plique Manga Cin\u00e9","og_description":"Superbe r\u00e9plique tout en r\u00e9sine du Masque Dali Casa de Papel. Tr\u00e8s belle finition, peux se porter pour jouer le r\u00f4le d'un de vos braqueurs pr\u00e9f\u00e9r\u00e9s.","og_url":"https:\/\/repliquemangacine.fr\/de\/katana-die-schwerter-aus-filmen-und-serien\/maske-dali-casa-de-papel\/","og_site_name":"R\u00e9plique Manga Cin\u00e9","article_publisher":"https:\/\/www.facebook.com\/RepliqueMangaCine","article_modified_time":"2025-09-23T16:02:09+00:00","og_image":[{"width":600,"height":600,"url":"https:\/\/repliquemangacine.fr\/wp-content\/uploads\/2023\/10\/2927-Masque-dali-casa-de-papel.jpg","type":"image\/jpeg"}],"twitter_card":"summary_large_image","twitter_misc":{"Gesch\u00e4tzte Lesezeit":"2\u00a0Minuten"},"schema":{"@context":"https:\/\/schema.org","@graph":[{"@type":"WebPage","@id":"https:\/\/repliquemangacine.fr\/en\/katana-swords-from-films-and-series\/dali-casa-de-papel-mask\/","url":"https:\/\/repliquemangacine.fr\/en\/katana-swords-from-films-and-series\/dali-casa-de-papel-mask\/","name":"Dali-Maske casa de papel aus Kunstharz - R\u00e9plique Manga Cin\u00e9","isPartOf":{"@id":"https:\/\/repliquemangacine.fr\/#website"},"primaryImageOfPage":{"@id":"https:\/\/repliquemangacine.fr\/en\/katana-swords-from-films-and-series\/dali-casa-de-papel-mask\/#primaryimage"},"image":{"@id":"https:\/\/repliquemangacine.fr\/en\/katana-swords-from-films-and-series\/dali-casa-de-papel-mask\/#primaryimage"},"thumbnailUrl":"https:\/\/repliquemangacine.fr\/wp-content\/uploads\/2023\/10\/2927-Masque-dali-casa-de-papel.jpg","datePublished":"2019-07-19T17:49:39+00:00","dateModified":"2025-09-23T16:02:09+00:00","description":"Wundersch\u00f6ne Replik der Dali Casa de Papel Maske aus Kunstharz. Sehr gut verarbeitet, kann getragen werden, um einen Ihrer Lieblingsr\u00e4uber zu spielen.","breadcrumb":{"@id":"https:\/\/repliquemangacine.fr\/en\/katana-swords-from-films-and-series\/dali-casa-de-papel-mask\/#breadcrumb"},"inLanguage":"de","potentialAction":[{"@type":"ReadAction","target":["https:\/\/repliquemangacine.fr\/en\/katana-swords-from-films-and-series\/dali-casa-de-papel-mask\/"]}]},{"@type":"ImageObject","inLanguage":"de","@id":"https:\/\/repliquemangacine.fr\/en\/katana-swords-from-films-and-series\/dali-casa-de-papel-mask\/#primaryimage","url":"https:\/\/repliquemangacine.fr\/wp-content\/uploads\/2023\/10\/2927-Masque-dali-casa-de-papel.jpg","contentUrl":"https:\/\/repliquemangacine.fr\/wp-content\/uploads\/2023\/10\/2927-Masque-dali-casa-de-papel.jpg","width":600,"height":600,"caption":"Masque dali casa de papel"},{"@type":"BreadcrumbList","@id":"https:\/\/repliquemangacine.fr\/en\/katana-swords-from-films-and-series\/dali-casa-de-papel-mask\/#breadcrumb","itemListElement":[{"@type":"ListItem","position":1,"name":"Accueil","item":"https:\/\/repliquemangacine.fr\/"},{"@type":"ListItem","position":2,"name":"Produits","item":"https:\/\/repliquemangacine.fr\/boutique\/"},{"@type":"ListItem","position":3,"name":"Masque dali casa de papel"}]},{"@type":"WebSite","@id":"https:\/\/repliquemangacine.fr\/#website","url":"https:\/\/repliquemangacine.fr\/","name":"R\u00e9plique Manga Cin\u00e9","description":"","publisher":{"@id":"https:\/\/repliquemangacine.fr\/#organization"},"potentialAction":[{"@type":"SearchAction","target":{"@type":"EntryPoint","urlTemplate":"https:\/\/repliquemangacine.fr\/?s={search_term_string}"},"query-input":{"@type":"PropertyValueSpecification","valueRequired":true,"valueName":"search_term_string"}}],"inLanguage":"de"},{"@type":"Organization","@id":"https:\/\/repliquemangacine.fr\/#organization","name":"R\u00e9plique Manga Cin\u00e9","url":"https:\/\/repliquemangacine.fr\/","logo":{"@type":"ImageObject","inLanguage":"de","@id":"https:\/\/repliquemangacine.fr\/#\/schema\/logo\/image\/","url":"https:\/\/repliquemangacine.fr\/wp-content\/uploads\/2023\/10\/RMC-500250.png","contentUrl":"https:\/\/repliquemangacine.fr\/wp-content\/uploads\/2023\/10\/RMC-500250.png","width":500,"height":250,"caption":"R\u00e9plique Manga Cin\u00e9"},"image":{"@id":"https:\/\/repliquemangacine.fr\/#\/schema\/logo\/image\/"},"sameAs":["https:\/\/www.facebook.com\/RepliqueMangaCine","https:\/\/www.instagram.com\/repliquemangacine.fr\/"]}]}},"_links":{"self":[{"href":"https:\/\/repliquemangacine.fr\/de\/wp-json\/wp\/v2\/product\/28217","targetHints":{"allow":["GET"]}}],"collection":[{"href":"https:\/\/repliquemangacine.fr\/de\/wp-json\/wp\/v2\/product"}],"about":[{"href":"https:\/\/repliquemangacine.fr\/de\/wp-json\/wp\/v2\/types\/product"}],"wp:featuredmedia":[{"embeddable":true,"href":"https:\/\/repliquemangacine.fr\/de\/wp-json\/wp\/v2\/media\/28218"}],"wp:attachment":[{"href":"https:\/\/repliquemangacine.fr\/de\/wp-json\/wp\/v2\/media?parent=28217"}],"wp:term":[{"taxonomy":"product_brand","embeddable":true,"href":"https:\/\/repliquemangacine.fr\/de\/wp-json\/wp\/v2\/product_brand?post=28217"},{"taxonomy":"product_cat","embeddable":true,"href":"https:\/\/repliquemangacine.fr\/de\/wp-json\/wp\/v2\/product_cat?post=28217"},{"taxonomy":"product_tag","embeddable":true,"href":"https:\/\/repliquemangacine.fr\/de\/wp-json\/wp\/v2\/product_tag?post=28217"}],"curies":[{"name":"wp","href":"https:\/\/api.w.org\/{rel}","templated":true}]}}