





{"id":28206,"date":"2019-06-01T19:42:49","date_gmt":"2019-06-01T17:42:49","guid":{"rendered":"https:\/\/repliquemangacine.fr\/?post_type=product&#038;p=28206"},"modified":"2026-04-15T12:02:29","modified_gmt":"2026-04-15T10:02:29","slug":"axt-des-knotensdunkelschattenmourne-world-of-warcraft","status":"publish","type":"product","link":"https:\/\/repliquemangacine.fr\/de\/epees-world-of-warcraft\/hache-deuillelombre-shadowmourne-world-of-warcraft\/","title":{"rendered":"Shadowmourne World of Warcraft"},"content":{"rendered":"<h2>Shadowmourne Axt in World of Warcraft<\/h2>\n<p>Zu Beginn wird die <strong>Axt Shadowmourne<\/strong> in World of Warcraft teilt das <a href=\"https:\/\/wow.jeuxonline.info\/article\/8860\/citadelle-roi-liche\" target=\"_blank\" rel=\"noopener noreferrer\">K\u00f6nig Arthas<\/a> w\u00e4hrend der Erweiterung von World of Warcraft: Wrath of the Lich King, die im November 2008 ver\u00f6ffentlicht wurde. Die Deuillelombre ist die erste legend\u00e4re Axt in WoW. Die Spieler m\u00fcssen gegen alle Kreaturen in der Eiskronenzitadelle k\u00e4mpfen, um ihre Quests abzuschlie\u00dfen und Frostsplitter zu erhalten.<\/p>\n<p>Deuillelombre ist eine Zweihandaxt von verheerender Macht, die mit dem Ziel erdacht und entwickelt wurde, der Herrschaft des Lichk\u00f6nigs ein Ende zu setzen.<\/p>\n<p>Nur Krieger, Paladine und Todesritter werden die Chance haben, die legend\u00e4re Axt von Shadowmourne zu tragen. Spieler, die diese Axt erhalten, haben alle Kraft, die sie brauchen, um gegen alle Kreaturen von Norfendre zu k\u00e4mpfen.<\/p>\n<h2>Ihre Shadowmourne-Axt zum besten Preis.<\/h2>\n<p>Wir bieten Ihnen eine gro\u00dfe Auswahl an Schwertern aus der Welt von World of Warcraft.<\/p>\n<p>Zun\u00e4chst einmal,<\/p>\n<ul>\n<li>Die beeindruckende<a href=\"https:\/\/repliquemangacine.fr\/de\/schwert-world-of-warcraft\/frostmourne-deuillegivre-schwert-des-lichkonigs\/\"> Schwert Deuillegivre<\/a> ( Frostmourne) von Arthas .<\/li>\n<li>Es gibt auch den Hammer des Schicksals <a href=\"https:\/\/repliquemangacine.fr\/de\/schwert-world-of-warcraft\/hammer-des-schicksals-world-of-warcraft-replik-hammer-von-thrall-doomhammer\/\">Doomhammer<\/a> von dem ikonischen Thrall verwendet<\/li>\n<li>Sowie die<a href=\"https:\/\/repliquemangacine.fr\/de\/schwert-world-of-warcraft\/replica-schwert-anduin-lothar-warcraft\/\">Schwert Andurin Lothar<\/a> im Film Warcraft<\/li>\n<li>Und noch viel mehr gibt es in unserem Online-Shop zu entdecken!<\/li>\n<\/ul>\n<p>Deshalb ist dies eine tolle Geschenkidee f\u00fcr Fans von World of Warcraft<\/p>\n<p>Abschlie\u00dfend k\u00f6nnen Sie die <strong>Axt Shadowmourne<\/strong> f\u00fcr Ihre Cosplay-Paraden auf Conventions. Vor allem aber ist der Deuillelombre ein Sammler- und Dekorationsst\u00fcck.<\/p>\n<p>R\u00e9plique Manga Cin\u00e9 ist ein franz\u00f6sisches Familienunternehmen.<\/p>\n<h2>Wie pflegt man die Klinge seines World of Warcraft-Schwerts?<\/h2>\n<p>Sammlungs- und Dekorationsschwerter werden in vereinfachter Form hergestellt und zusammengebaut. Da sie zu Dekorationszwecken verwendet werden, fehlen ihnen die Sicherheitselemente, die ein japanisches Schwert f\u00fcr Trainingszwecke aufweisen muss.<\/p>\n<p>Allerdings ist Ihr <strong>Axt Shadowmourne<\/strong> zu einer Stahlklinge, die gepflegt werden muss, damit sie nicht mit der Zeit abgenutzt wird. Denn wenn du dein Katana ausstellst, werden deine Freunde neugierig sein, die Klinge zu sehen und sie zu ber\u00fchren. Hier ist Vorsicht geboten, denn Sie sollten wissen, dass die S\u00e4ure der Finger dem Stahl unabh\u00e4ngig von seiner Qualit\u00e4t sehr schadet.<\/p>\n<p>Wenn dies jedoch passiert, keine Panik, Sie brauchen nur ein Tuch, das mit etwas \u00d6l befeuchtet ist, und wischen die Fingerabdr\u00fccke ab. Wenn Sie dies tun, werden Sie Ihr Schwert sehr lange behalten.<\/p>\n<p><strong>\u00a0<\/strong><\/p>","protected":false},"excerpt":{"rendered":"<p>Beeindruckende Zweihandaxt, die \"Shadowmourne\".<\/p>\n<ul>\n<li>Klingen aus 440er Stahl mit \u00c4tzung.<\/li>\n<li>Mit Wildlederriemen \u00fcberzogener \u00c4rmel.<\/li>\n<li>Knauf aus Stahl.<\/li>\n<li>Wandhalterung.<\/li>\n<li>Das Gewicht: ca. 6 kg<\/li>\n<li>Gesamtl\u00e4nge: 120cm - L\u00e4nge der Klinge: 50cm<\/li>\n<\/ul>","protected":false},"featured_media":28207,"template":"","meta":[],"product_brand":[896],"product_cat":[23,60],"product_tag":[],"class_list":{"0":"post-28206","1":"product","2":"type-product","3":"status-publish","4":"has-post-thumbnail","6":"product_brand-replique-manga-cine","7":"product_cat-repliques-manga-jeux-video","8":"product_cat-epees-world-of-warcraft","10":"first","11":"instock","12":"sale","13":"taxable","14":"shipping-taxable","15":"purchasable","16":"product-type-simple"},"yoast_head":"<!-- This site is optimized with the Yoast SEO plugin v27.5 - https:\/\/yoast.com\/product\/yoast-seo-wordpress\/ -->\n<title>Hache Shadowmourne - World of Warcraft - Vente en ligne | RMC<\/title>\n<meta name=\"description\" content=\"Achetez vite ! Votre Hache Shadowmourne d&#039;Arthas dans World of Warcraft au meilleur prix. Lame acier - Echelle 1\/1 - Longueur : 120 cm - Envoi 24\/48h\" \/>\n<meta name=\"robots\" content=\"index, follow, max-snippet:-1, max-image-preview:large, max-video-preview:-1\" \/>\n<link rel=\"canonical\" href=\"https:\/\/repliquemangacine.fr\/de\/schwerter-world-of-warcraft\/axt-des-knotensdunkelschattenmourne-world-of-warcraft\/\" \/>\n<meta property=\"og:locale\" content=\"de_DE\" \/>\n<meta property=\"og:type\" content=\"article\" \/>\n<meta property=\"og:title\" content=\"Hache Shadowmourne - World of Warcraft - Vente en ligne | RMC\" \/>\n<meta property=\"og:description\" content=\"Achetez vite ! Votre Hache Shadowmourne d&#039;Arthas dans World of Warcraft au meilleur prix. Lame acier - Echelle 1\/1 - Longueur : 120 cm - Envoi 24\/48h\" \/>\n<meta property=\"og:url\" content=\"https:\/\/repliquemangacine.fr\/de\/schwerter-world-of-warcraft\/axt-des-knotensdunkelschattenmourne-world-of-warcraft\/\" \/>\n<meta property=\"og:site_name\" content=\"R\u00e9plique Manga Cin\u00e9\" \/>\n<meta property=\"article:publisher\" content=\"https:\/\/www.facebook.com\/RepliqueMangaCine\" \/>\n<meta property=\"article:modified_time\" content=\"2026-04-15T10:02:29+00:00\" \/>\n<meta property=\"og:image\" content=\"https:\/\/repliquemangacine.fr\/wp-content\/uploads\/2023\/10\/2910-Hache-Deuillelombre-Shadowmourne-World-of-Warcraft.jpg\" \/>\n\t<meta property=\"og:image:width\" content=\"800\" \/>\n\t<meta property=\"og:image:height\" content=\"800\" \/>\n\t<meta property=\"og:image:type\" content=\"image\/jpeg\" \/>\n<meta name=\"twitter:card\" content=\"summary_large_image\" \/>\n<meta name=\"twitter:label1\" content=\"Gesch\u00e4tzte Lesezeit\" \/>\n\t<meta name=\"twitter:data1\" content=\"2\u00a0Minuten\" \/>\n<script type=\"application\/ld+json\" class=\"yoast-schema-graph\">{\"@context\":\"https:\\\/\\\/schema.org\",\"@graph\":[{\"@type\":\"WebPage\",\"@id\":\"https:\\\/\\\/repliquemangacine.fr\\\/epees-world-of-warcraft\\\/hache-deuillelombre-shadowmourne-world-of-warcraft\\\/\",\"url\":\"https:\\\/\\\/repliquemangacine.fr\\\/epees-world-of-warcraft\\\/hache-deuillelombre-shadowmourne-world-of-warcraft\\\/\",\"name\":\"Hache Shadowmourne - World of Warcraft - Vente en ligne | RMC\",\"isPartOf\":{\"@id\":\"https:\\\/\\\/repliquemangacine.fr\\\/#website\"},\"primaryImageOfPage\":{\"@id\":\"https:\\\/\\\/repliquemangacine.fr\\\/epees-world-of-warcraft\\\/hache-deuillelombre-shadowmourne-world-of-warcraft\\\/#primaryimage\"},\"image\":{\"@id\":\"https:\\\/\\\/repliquemangacine.fr\\\/epees-world-of-warcraft\\\/hache-deuillelombre-shadowmourne-world-of-warcraft\\\/#primaryimage\"},\"thumbnailUrl\":\"https:\\\/\\\/repliquemangacine.fr\\\/wp-content\\\/uploads\\\/2023\\\/10\\\/2910-Hache-Deuillelombre-Shadowmourne-World-of-Warcraft.jpg\",\"datePublished\":\"2019-06-01T17:42:49+00:00\",\"dateModified\":\"2026-04-15T10:02:29+00:00\",\"description\":\"Achetez vite ! Votre Hache Shadowmourne d'Arthas dans World of Warcraft au meilleur prix. Lame acier - Echelle 1\\\/1 - Longueur : 120 cm - Envoi 24\\\/48h\",\"breadcrumb\":{\"@id\":\"https:\\\/\\\/repliquemangacine.fr\\\/epees-world-of-warcraft\\\/hache-deuillelombre-shadowmourne-world-of-warcraft\\\/#breadcrumb\"},\"inLanguage\":\"de\",\"potentialAction\":[{\"@type\":\"ReadAction\",\"target\":[\"https:\\\/\\\/repliquemangacine.fr\\\/epees-world-of-warcraft\\\/hache-deuillelombre-shadowmourne-world-of-warcraft\\\/\"]}]},{\"@type\":\"ImageObject\",\"inLanguage\":\"de\",\"@id\":\"https:\\\/\\\/repliquemangacine.fr\\\/epees-world-of-warcraft\\\/hache-deuillelombre-shadowmourne-world-of-warcraft\\\/#primaryimage\",\"url\":\"https:\\\/\\\/repliquemangacine.fr\\\/wp-content\\\/uploads\\\/2023\\\/10\\\/2910-Hache-Deuillelombre-Shadowmourne-World-of-Warcraft.jpg\",\"contentUrl\":\"https:\\\/\\\/repliquemangacine.fr\\\/wp-content\\\/uploads\\\/2023\\\/10\\\/2910-Hache-Deuillelombre-Shadowmourne-World-of-Warcraft.jpg\",\"width\":800,\"height\":800,\"caption\":\"Hache Deuillelombre (Shadowmourne) World of Warcraft\"},{\"@type\":\"BreadcrumbList\",\"@id\":\"https:\\\/\\\/repliquemangacine.fr\\\/epees-world-of-warcraft\\\/hache-deuillelombre-shadowmourne-world-of-warcraft\\\/#breadcrumb\",\"itemListElement\":[{\"@type\":\"ListItem\",\"position\":1,\"name\":\"Accueil\",\"item\":\"https:\\\/\\\/repliquemangacine.fr\\\/\"},{\"@type\":\"ListItem\",\"position\":2,\"name\":\"Produits\",\"item\":\"https:\\\/\\\/repliquemangacine.fr\\\/boutique\\\/\"},{\"@type\":\"ListItem\",\"position\":3,\"name\":\"Shadowmourne World of Warcraft\"}]},{\"@type\":\"WebSite\",\"@id\":\"https:\\\/\\\/repliquemangacine.fr\\\/#website\",\"url\":\"https:\\\/\\\/repliquemangacine.fr\\\/\",\"name\":\"R\u00e9plique Manga Cin\u00e9\",\"description\":\"\",\"publisher\":{\"@id\":\"https:\\\/\\\/repliquemangacine.fr\\\/#organization\"},\"potentialAction\":[{\"@type\":\"SearchAction\",\"target\":{\"@type\":\"EntryPoint\",\"urlTemplate\":\"https:\\\/\\\/repliquemangacine.fr\\\/?s={search_term_string}\"},\"query-input\":{\"@type\":\"PropertyValueSpecification\",\"valueRequired\":true,\"valueName\":\"search_term_string\"}}],\"inLanguage\":\"de\"},{\"@type\":\"Organization\",\"@id\":\"https:\\\/\\\/repliquemangacine.fr\\\/#organization\",\"name\":\"R\u00e9plique Manga Cin\u00e9\",\"url\":\"https:\\\/\\\/repliquemangacine.fr\\\/\",\"logo\":{\"@type\":\"ImageObject\",\"inLanguage\":\"de\",\"@id\":\"https:\\\/\\\/repliquemangacine.fr\\\/#\\\/schema\\\/logo\\\/image\\\/\",\"url\":\"https:\\\/\\\/repliquemangacine.fr\\\/wp-content\\\/uploads\\\/2023\\\/10\\\/RMC-500250.png\",\"contentUrl\":\"https:\\\/\\\/repliquemangacine.fr\\\/wp-content\\\/uploads\\\/2023\\\/10\\\/RMC-500250.png\",\"width\":500,\"height\":250,\"caption\":\"R\u00e9plique Manga Cin\u00e9\"},\"image\":{\"@id\":\"https:\\\/\\\/repliquemangacine.fr\\\/#\\\/schema\\\/logo\\\/image\\\/\"},\"sameAs\":[\"https:\\\/\\\/www.facebook.com\\\/RepliqueMangaCine\",\"https:\\\/\\\/www.instagram.com\\\/repliquemangacine.fr\\\/\"]}]}<\/script>\n<!-- \/ Yoast SEO plugin. -->","yoast_head_json":{"title":"Shadowmourne Axt - World of Warcraft - Online Verkauf | RMC","description":"Kaufen Sie schnell! Deine Shadowmourne Axt von Arthas in World of Warcraft zum besten Preis. Stahlklinge - Ma\u00dfstab 1\/1 - L\u00e4nge: 120 cm - Versand 24\/48h","robots":{"index":"index","follow":"follow","max-snippet":"max-snippet:-1","max-image-preview":"max-image-preview:large","max-video-preview":"max-video-preview:-1"},"canonical":"https:\/\/repliquemangacine.fr\/de\/schwerter-world-of-warcraft\/axt-des-knotensdunkelschattenmourne-world-of-warcraft\/","og_locale":"de_DE","og_type":"article","og_title":"Hache Shadowmourne - World of Warcraft - Vente en ligne | RMC","og_description":"Achetez vite ! Votre Hache Shadowmourne d'Arthas dans World of Warcraft au meilleur prix. Lame acier - Echelle 1\/1 - Longueur : 120 cm - Envoi 24\/48h","og_url":"https:\/\/repliquemangacine.fr\/de\/schwerter-world-of-warcraft\/axt-des-knotensdunkelschattenmourne-world-of-warcraft\/","og_site_name":"R\u00e9plique Manga Cin\u00e9","article_publisher":"https:\/\/www.facebook.com\/RepliqueMangaCine","article_modified_time":"2026-04-15T10:02:29+00:00","og_image":[{"width":800,"height":800,"url":"https:\/\/repliquemangacine.fr\/wp-content\/uploads\/2023\/10\/2910-Hache-Deuillelombre-Shadowmourne-World-of-Warcraft.jpg","type":"image\/jpeg"}],"twitter_card":"summary_large_image","twitter_misc":{"Gesch\u00e4tzte Lesezeit":"2\u00a0Minuten"},"schema":{"@context":"https:\/\/schema.org","@graph":[{"@type":"WebPage","@id":"https:\/\/repliquemangacine.fr\/epees-world-of-warcraft\/hache-deuillelombre-shadowmourne-world-of-warcraft\/","url":"https:\/\/repliquemangacine.fr\/epees-world-of-warcraft\/hache-deuillelombre-shadowmourne-world-of-warcraft\/","name":"Shadowmourne Axt - World of Warcraft - Online Verkauf | RMC","isPartOf":{"@id":"https:\/\/repliquemangacine.fr\/#website"},"primaryImageOfPage":{"@id":"https:\/\/repliquemangacine.fr\/epees-world-of-warcraft\/hache-deuillelombre-shadowmourne-world-of-warcraft\/#primaryimage"},"image":{"@id":"https:\/\/repliquemangacine.fr\/epees-world-of-warcraft\/hache-deuillelombre-shadowmourne-world-of-warcraft\/#primaryimage"},"thumbnailUrl":"https:\/\/repliquemangacine.fr\/wp-content\/uploads\/2023\/10\/2910-Hache-Deuillelombre-Shadowmourne-World-of-Warcraft.jpg","datePublished":"2019-06-01T17:42:49+00:00","dateModified":"2026-04-15T10:02:29+00:00","description":"Kaufen Sie schnell! Deine Shadowmourne Axt von Arthas in World of Warcraft zum besten Preis. Stahlklinge - Ma\u00dfstab 1\/1 - L\u00e4nge: 120 cm - Versand 24\/48h","breadcrumb":{"@id":"https:\/\/repliquemangacine.fr\/epees-world-of-warcraft\/hache-deuillelombre-shadowmourne-world-of-warcraft\/#breadcrumb"},"inLanguage":"de","potentialAction":[{"@type":"ReadAction","target":["https:\/\/repliquemangacine.fr\/epees-world-of-warcraft\/hache-deuillelombre-shadowmourne-world-of-warcraft\/"]}]},{"@type":"ImageObject","inLanguage":"de","@id":"https:\/\/repliquemangacine.fr\/epees-world-of-warcraft\/hache-deuillelombre-shadowmourne-world-of-warcraft\/#primaryimage","url":"https:\/\/repliquemangacine.fr\/wp-content\/uploads\/2023\/10\/2910-Hache-Deuillelombre-Shadowmourne-World-of-Warcraft.jpg","contentUrl":"https:\/\/repliquemangacine.fr\/wp-content\/uploads\/2023\/10\/2910-Hache-Deuillelombre-Shadowmourne-World-of-Warcraft.jpg","width":800,"height":800,"caption":"Hache Deuillelombre (Shadowmourne) World of Warcraft"},{"@type":"BreadcrumbList","@id":"https:\/\/repliquemangacine.fr\/epees-world-of-warcraft\/hache-deuillelombre-shadowmourne-world-of-warcraft\/#breadcrumb","itemListElement":[{"@type":"ListItem","position":1,"name":"Accueil","item":"https:\/\/repliquemangacine.fr\/"},{"@type":"ListItem","position":2,"name":"Produits","item":"https:\/\/repliquemangacine.fr\/boutique\/"},{"@type":"ListItem","position":3,"name":"Shadowmourne World of Warcraft"}]},{"@type":"WebSite","@id":"https:\/\/repliquemangacine.fr\/#website","url":"https:\/\/repliquemangacine.fr\/","name":"R\u00e9plique Manga Cin\u00e9","description":"","publisher":{"@id":"https:\/\/repliquemangacine.fr\/#organization"},"potentialAction":[{"@type":"SearchAction","target":{"@type":"EntryPoint","urlTemplate":"https:\/\/repliquemangacine.fr\/?s={search_term_string}"},"query-input":{"@type":"PropertyValueSpecification","valueRequired":true,"valueName":"search_term_string"}}],"inLanguage":"de"},{"@type":"Organization","@id":"https:\/\/repliquemangacine.fr\/#organization","name":"R\u00e9plique Manga Cin\u00e9","url":"https:\/\/repliquemangacine.fr\/","logo":{"@type":"ImageObject","inLanguage":"de","@id":"https:\/\/repliquemangacine.fr\/#\/schema\/logo\/image\/","url":"https:\/\/repliquemangacine.fr\/wp-content\/uploads\/2023\/10\/RMC-500250.png","contentUrl":"https:\/\/repliquemangacine.fr\/wp-content\/uploads\/2023\/10\/RMC-500250.png","width":500,"height":250,"caption":"R\u00e9plique Manga Cin\u00e9"},"image":{"@id":"https:\/\/repliquemangacine.fr\/#\/schema\/logo\/image\/"},"sameAs":["https:\/\/www.facebook.com\/RepliqueMangaCine","https:\/\/www.instagram.com\/repliquemangacine.fr\/"]}]}},"_links":{"self":[{"href":"https:\/\/repliquemangacine.fr\/de\/wp-json\/wp\/v2\/product\/28206","targetHints":{"allow":["GET"]}}],"collection":[{"href":"https:\/\/repliquemangacine.fr\/de\/wp-json\/wp\/v2\/product"}],"about":[{"href":"https:\/\/repliquemangacine.fr\/de\/wp-json\/wp\/v2\/types\/product"}],"wp:featuredmedia":[{"embeddable":true,"href":"https:\/\/repliquemangacine.fr\/de\/wp-json\/wp\/v2\/media\/28207"}],"wp:attachment":[{"href":"https:\/\/repliquemangacine.fr\/de\/wp-json\/wp\/v2\/media?parent=28206"}],"wp:term":[{"taxonomy":"product_brand","embeddable":true,"href":"https:\/\/repliquemangacine.fr\/de\/wp-json\/wp\/v2\/product_brand?post=28206"},{"taxonomy":"product_cat","embeddable":true,"href":"https:\/\/repliquemangacine.fr\/de\/wp-json\/wp\/v2\/product_cat?post=28206"},{"taxonomy":"product_tag","embeddable":true,"href":"https:\/\/repliquemangacine.fr\/de\/wp-json\/wp\/v2\/product_tag?post=28206"}],"curies":[{"name":"wp","href":"https:\/\/api.w.org\/{rel}","templated":true}]}}