





{"id":28199,"date":"2019-06-01T17:48:18","date_gmt":"2019-06-01T15:48:18","guid":{"rendered":"https:\/\/repliquemangacine.fr\/?post_type=product&#038;p=28199"},"modified":"2025-11-08T08:36:15","modified_gmt":"2025-11-08T07:36:15","slug":"schwarzes-schild-kastilien-und-leon","status":"publish","type":"product","link":"https:\/\/repliquemangacine.fr\/de\/boucliers-et-armures\/bouclier-noir-castille-et-leon\/","title":{"rendered":"Schild Kastilien und Leon schwarz"},"content":{"rendered":"<h2>Schild Castille-et-L\u00e9on aus Metall.<\/h2>\n<p>Zu Beginn wird der <strong>Schild Kastilien und Le\u00f3n<\/strong>Der Schild war im Laufe der Geschichte untrennbar mit der Ausr\u00fcstung eines K\u00e4mpfers verbunden. Der Schild ist die \u00e4lteste Verteidigungswaffe und soll einen Angriff abwehren. Im Mittelalter trugen die Schilde, die sogenannten Schilde, das Wappen des Herrschers, dem die Ritter angeh\u00f6rten.<\/p>\n<p>Die Region Kastilien und Le\u00f3n ist eine autonome Gemeinschaft in Spanien und liegt im Nordwesten des Landes. Die Krone von Kastilien vereinte die Gebiete, die im Mittelalter unter der Herrschaft der K\u00f6nige von Kastilien standen.<\/p>\n<p>Ferdinand I. von Kastilien, ist der erste, der 1037 die K\u00f6nigreiche Kastilien und Leon unter seiner Herrschaft vereint. Nach dynastischen Teilungen wurde die Krone Kastiliens 1230 unter K\u00f6nig Ferdinand III. von Kastilien neu gebildet.<\/p>\n<h2>Ihr Castille-et-L\u00e9on-Schild zum besten Preis.<\/h2>\n<p>Wir bieten Ihnen eine gro\u00dfe Auswahl an Repliken aus dem Mittelalter.<\/p>\n<p>Zun\u00e4chst einmal,<\/p>\n<ul>\n<li>Die tolle <a href=\"https:\/\/repliquemangacine.fr\/de\/mittelalterliches-schwert\/schwert-der-tempelritter\/\">Schwert der Tempelritter<\/a> mit seinem Patentkreuz auf dem Knauf.<\/li>\n<li>Es gibt auch das legend\u00e4re und magische Schwert von K\u00f6nig Artus, das unterzeichnete Excalibur <a href=\"https:\/\/www.denix.fr\/\" target=\"_blank\" rel=\"noopener noreferrer\">Denix<\/a>.<\/li>\n<li>Sowie das <a href=\"https:\/\/repliquemangacine.fr\/de\/mittelalterliche-reproduktionen\/helm-der-templerritter\/\">Ritterhelm<\/a> Templer.<\/li>\n<li>Und viele andere, die es in unserem Online-Shop zu entdecken gibt!<\/li>\n<\/ul>\n<p>Deshalb sind hier tolle Geschenkideen f\u00fcr Geschichtsliebhaber.<\/p>\n<p>Abschlie\u00dfend k\u00f6nnen Sie auch den <strong>Schild Kastilien und Le\u00f3n<\/strong> schwarz f\u00fcr Ihre historischen Darstellungen oder Ihre Innendekoration. Vor allem aber ist dieser Schild ein Sammler- und Dekorationsst\u00fcck.<\/p>\n<p>R\u00e9plique Manga Cin\u00e9 ist ein franz\u00f6sisches Familienunternehmen.<\/p>\n<h2>Wie werden Ihre Sammelobjekte hergestellt?<\/h2>\n<p>Zun\u00e4chst einmal sind alle unsere Produkte von hoher Qualit\u00e4t und werden mit besonderer Sorgfalt hergestellt. Die Herstellung erfolgt zum Teil von Hand, um jedes noch so kleine Detail zu reproduzieren. Gr\u00f6\u00dfere Teile werden von pr\u00e4zisen Maschinen bearbeitet. Die Gravuren werden in der Regel mit einer Diamantspitze oder einem Laser ausgef\u00fchrt.<\/p>\n<p>Ihre <strong>Schild Kastilien und Le\u00f3n<\/strong> hergestellt, um jedes Detail genau zu reproduzieren. Um dem Erbe der originalen Meisterwerke gerecht zu werden. Der Schwerpunkt liegt darauf, qualitativ hochwertige Repliken herzustellen, die so historisch genau wie m\u00f6glich sind.<\/p>\n<p>Abschlie\u00dfend sei gesagt, dass unsere Repliken, die aus China, Spanien oder Indien importiert wurden, Sie in Erstaunen versetzen werden!<\/p>\n<p>R\u00e9plique Manga Cin\u00e9 ist ein franz\u00f6sisches Familienunternehmen.<\/p>","protected":false},"excerpt":{"rendered":"<p>Wundersch\u00f6ne Replik des Schildes Kastilien und Leon.<\/p>\n<ul>\n<li>Vollst\u00e4ndig aus schwarz lackiertem Stahl mit goldenem Rand.<\/li>\n<li>Verziert mit dem Wappen der Region Kastilien und Leon, alles vergoldet und vernietet.<\/li>\n<li>Griff und Kette f\u00fcr die Ausstellung an der Wand.<\/li>\n<li>Gr\u00f6\u00dfe: 64 X 46 cm<\/li>\n<\/ul>","protected":false},"featured_media":28200,"template":"","meta":[],"product_brand":[896],"product_cat":[25,75,43],"product_tag":[],"class_list":{"0":"post-28199","1":"product","2":"type-product","3":"status-publish","4":"has-post-thumbnail","6":"product_brand-replique-manga-cine","7":"product_cat-armes-historiques","8":"product_cat-boucliers-et-armures","9":"product_cat-reproductions-d-armes-et-accessoires-medievales","11":"first","12":"instock","13":"taxable","14":"shipping-taxable","15":"purchasable","16":"product-type-simple"},"yoast_head":"<!-- This site is optimized with the Yoast SEO plugin v27.5 - https:\/\/yoast.com\/product\/yoast-seo-wordpress\/ -->\n<title>Bouclier Castille-et-L\u00e9on noir - Vente Accessoire M\u00e9di\u00e9vale | RMC<\/title>\n<meta name=\"description\" content=\"D\u00e9couvrez ce Bouclier Castille-et-L\u00e9on au meilleur prix - Enti\u00e8rement en acier laqu\u00e9 noir - Bordure dor\u00e9 rivet\u00e9 et blason - Dimensions : 64 X 46 cm\" \/>\n<meta name=\"robots\" content=\"index, follow, max-snippet:-1, max-image-preview:large, max-video-preview:-1\" \/>\n<link rel=\"canonical\" href=\"https:\/\/repliquemangacine.fr\/de\/schilde-und-rustungen\/schwarzes-schild-kastilien-und-leon\/\" \/>\n<meta property=\"og:locale\" content=\"de_DE\" \/>\n<meta property=\"og:type\" content=\"article\" \/>\n<meta property=\"og:title\" content=\"Bouclier Castille-et-L\u00e9on noir - Vente Accessoire M\u00e9di\u00e9vale | RMC\" \/>\n<meta property=\"og:description\" content=\"D\u00e9couvrez ce Bouclier Castille-et-L\u00e9on au meilleur prix - Enti\u00e8rement en acier laqu\u00e9 noir - Bordure dor\u00e9 rivet\u00e9 et blason - Dimensions : 64 X 46 cm\" \/>\n<meta property=\"og:url\" content=\"https:\/\/repliquemangacine.fr\/de\/schilde-und-rustungen\/schwarzes-schild-kastilien-und-leon\/\" \/>\n<meta property=\"og:site_name\" content=\"R\u00e9plique Manga Cin\u00e9\" \/>\n<meta property=\"article:publisher\" content=\"https:\/\/www.facebook.com\/RepliqueMangaCine\" \/>\n<meta property=\"article:modified_time\" content=\"2025-11-08T07:36:15+00:00\" \/>\n<meta property=\"og:image\" content=\"https:\/\/repliquemangacine.fr\/wp-content\/uploads\/2023\/10\/2907-Bouclier-noir-Castille-et-Leon.jpg\" \/>\n\t<meta property=\"og:image:width\" content=\"800\" \/>\n\t<meta property=\"og:image:height\" content=\"800\" \/>\n\t<meta property=\"og:image:type\" content=\"image\/jpeg\" \/>\n<meta name=\"twitter:card\" content=\"summary_large_image\" \/>\n<meta name=\"twitter:label1\" content=\"Gesch\u00e4tzte Lesezeit\" \/>\n\t<meta name=\"twitter:data1\" content=\"2\u00a0Minuten\" \/>\n<script type=\"application\/ld+json\" class=\"yoast-schema-graph\">{\"@context\":\"https:\\\/\\\/schema.org\",\"@graph\":[{\"@type\":\"WebPage\",\"@id\":\"https:\\\/\\\/repliquemangacine.fr\\\/en\\\/shields-and-armor\\\/black-shield-castile-and-leon\\\/\",\"url\":\"https:\\\/\\\/repliquemangacine.fr\\\/en\\\/shields-and-armor\\\/black-shield-castile-and-leon\\\/\",\"name\":\"Bouclier Castille-et-L\u00e9on noir - Vente Accessoire M\u00e9di\u00e9vale | RMC\",\"isPartOf\":{\"@id\":\"https:\\\/\\\/repliquemangacine.fr\\\/#website\"},\"primaryImageOfPage\":{\"@id\":\"https:\\\/\\\/repliquemangacine.fr\\\/en\\\/shields-and-armor\\\/black-shield-castile-and-leon\\\/#primaryimage\"},\"image\":{\"@id\":\"https:\\\/\\\/repliquemangacine.fr\\\/en\\\/shields-and-armor\\\/black-shield-castile-and-leon\\\/#primaryimage\"},\"thumbnailUrl\":\"https:\\\/\\\/repliquemangacine.fr\\\/wp-content\\\/uploads\\\/2023\\\/10\\\/2907-Bouclier-noir-Castille-et-Leon.jpg\",\"datePublished\":\"2019-06-01T15:48:18+00:00\",\"dateModified\":\"2025-11-08T07:36:15+00:00\",\"description\":\"D\u00e9couvrez ce Bouclier Castille-et-L\u00e9on au meilleur prix - Enti\u00e8rement en acier laqu\u00e9 noir - Bordure dor\u00e9 rivet\u00e9 et blason - Dimensions : 64 X 46 cm\",\"breadcrumb\":{\"@id\":\"https:\\\/\\\/repliquemangacine.fr\\\/en\\\/shields-and-armor\\\/black-shield-castile-and-leon\\\/#breadcrumb\"},\"inLanguage\":\"de\",\"potentialAction\":[{\"@type\":\"ReadAction\",\"target\":[\"https:\\\/\\\/repliquemangacine.fr\\\/en\\\/shields-and-armor\\\/black-shield-castile-and-leon\\\/\"]}]},{\"@type\":\"ImageObject\",\"inLanguage\":\"de\",\"@id\":\"https:\\\/\\\/repliquemangacine.fr\\\/en\\\/shields-and-armor\\\/black-shield-castile-and-leon\\\/#primaryimage\",\"url\":\"https:\\\/\\\/repliquemangacine.fr\\\/wp-content\\\/uploads\\\/2023\\\/10\\\/2907-Bouclier-noir-Castille-et-Leon.jpg\",\"contentUrl\":\"https:\\\/\\\/repliquemangacine.fr\\\/wp-content\\\/uploads\\\/2023\\\/10\\\/2907-Bouclier-noir-Castille-et-Leon.jpg\",\"width\":800,\"height\":800,\"caption\":\"Bouclier noir Castille et L\u00e9on\"},{\"@type\":\"BreadcrumbList\",\"@id\":\"https:\\\/\\\/repliquemangacine.fr\\\/en\\\/shields-and-armor\\\/black-shield-castile-and-leon\\\/#breadcrumb\",\"itemListElement\":[{\"@type\":\"ListItem\",\"position\":1,\"name\":\"Accueil\",\"item\":\"https:\\\/\\\/repliquemangacine.fr\\\/\"},{\"@type\":\"ListItem\",\"position\":2,\"name\":\"Produits\",\"item\":\"https:\\\/\\\/repliquemangacine.fr\\\/boutique\\\/\"},{\"@type\":\"ListItem\",\"position\":3,\"name\":\"Bouclier Castille-et-L\u00e9on noir\"}]},{\"@type\":\"WebSite\",\"@id\":\"https:\\\/\\\/repliquemangacine.fr\\\/#website\",\"url\":\"https:\\\/\\\/repliquemangacine.fr\\\/\",\"name\":\"R\u00e9plique Manga Cin\u00e9\",\"description\":\"\",\"publisher\":{\"@id\":\"https:\\\/\\\/repliquemangacine.fr\\\/#organization\"},\"potentialAction\":[{\"@type\":\"SearchAction\",\"target\":{\"@type\":\"EntryPoint\",\"urlTemplate\":\"https:\\\/\\\/repliquemangacine.fr\\\/?s={search_term_string}\"},\"query-input\":{\"@type\":\"PropertyValueSpecification\",\"valueRequired\":true,\"valueName\":\"search_term_string\"}}],\"inLanguage\":\"de\"},{\"@type\":\"Organization\",\"@id\":\"https:\\\/\\\/repliquemangacine.fr\\\/#organization\",\"name\":\"R\u00e9plique Manga Cin\u00e9\",\"url\":\"https:\\\/\\\/repliquemangacine.fr\\\/\",\"logo\":{\"@type\":\"ImageObject\",\"inLanguage\":\"de\",\"@id\":\"https:\\\/\\\/repliquemangacine.fr\\\/#\\\/schema\\\/logo\\\/image\\\/\",\"url\":\"https:\\\/\\\/repliquemangacine.fr\\\/wp-content\\\/uploads\\\/2023\\\/10\\\/RMC-500250.png\",\"contentUrl\":\"https:\\\/\\\/repliquemangacine.fr\\\/wp-content\\\/uploads\\\/2023\\\/10\\\/RMC-500250.png\",\"width\":500,\"height\":250,\"caption\":\"R\u00e9plique Manga Cin\u00e9\"},\"image\":{\"@id\":\"https:\\\/\\\/repliquemangacine.fr\\\/#\\\/schema\\\/logo\\\/image\\\/\"},\"sameAs\":[\"https:\\\/\\\/www.facebook.com\\\/RepliqueMangaCine\",\"https:\\\/\\\/www.instagram.com\\\/repliquemangacine.fr\\\/\"]}]}<\/script>\n<!-- \/ Yoast SEO plugin. -->","yoast_head_json":{"title":"Schild Kastilien und Leon schwarz - Mittelalterliches Accessoire Verkauf | RMC","description":"Entdecken Sie diesen Schild Castille-et-L\u00e9on zum besten Preis - Komplett aus schwarz lackiertem Stahl - Goldener Rand mit Nieten und Wappen - Ma\u00dfe: 64 X 46 cm","robots":{"index":"index","follow":"follow","max-snippet":"max-snippet:-1","max-image-preview":"max-image-preview:large","max-video-preview":"max-video-preview:-1"},"canonical":"https:\/\/repliquemangacine.fr\/de\/schilde-und-rustungen\/schwarzes-schild-kastilien-und-leon\/","og_locale":"de_DE","og_type":"article","og_title":"Bouclier Castille-et-L\u00e9on noir - Vente Accessoire M\u00e9di\u00e9vale | RMC","og_description":"D\u00e9couvrez ce Bouclier Castille-et-L\u00e9on au meilleur prix - Enti\u00e8rement en acier laqu\u00e9 noir - Bordure dor\u00e9 rivet\u00e9 et blason - Dimensions : 64 X 46 cm","og_url":"https:\/\/repliquemangacine.fr\/de\/schilde-und-rustungen\/schwarzes-schild-kastilien-und-leon\/","og_site_name":"R\u00e9plique Manga Cin\u00e9","article_publisher":"https:\/\/www.facebook.com\/RepliqueMangaCine","article_modified_time":"2025-11-08T07:36:15+00:00","og_image":[{"width":800,"height":800,"url":"https:\/\/repliquemangacine.fr\/wp-content\/uploads\/2023\/10\/2907-Bouclier-noir-Castille-et-Leon.jpg","type":"image\/jpeg"}],"twitter_card":"summary_large_image","twitter_misc":{"Gesch\u00e4tzte Lesezeit":"2\u00a0Minuten"},"schema":{"@context":"https:\/\/schema.org","@graph":[{"@type":"WebPage","@id":"https:\/\/repliquemangacine.fr\/en\/shields-and-armor\/black-shield-castile-and-leon\/","url":"https:\/\/repliquemangacine.fr\/en\/shields-and-armor\/black-shield-castile-and-leon\/","name":"Schild Kastilien und Leon schwarz - Mittelalterliches Accessoire Verkauf | RMC","isPartOf":{"@id":"https:\/\/repliquemangacine.fr\/#website"},"primaryImageOfPage":{"@id":"https:\/\/repliquemangacine.fr\/en\/shields-and-armor\/black-shield-castile-and-leon\/#primaryimage"},"image":{"@id":"https:\/\/repliquemangacine.fr\/en\/shields-and-armor\/black-shield-castile-and-leon\/#primaryimage"},"thumbnailUrl":"https:\/\/repliquemangacine.fr\/wp-content\/uploads\/2023\/10\/2907-Bouclier-noir-Castille-et-Leon.jpg","datePublished":"2019-06-01T15:48:18+00:00","dateModified":"2025-11-08T07:36:15+00:00","description":"Entdecken Sie diesen Schild Castille-et-L\u00e9on zum besten Preis - Komplett aus schwarz lackiertem Stahl - Goldener Rand mit Nieten und Wappen - Ma\u00dfe: 64 X 46 cm","breadcrumb":{"@id":"https:\/\/repliquemangacine.fr\/en\/shields-and-armor\/black-shield-castile-and-leon\/#breadcrumb"},"inLanguage":"de","potentialAction":[{"@type":"ReadAction","target":["https:\/\/repliquemangacine.fr\/en\/shields-and-armor\/black-shield-castile-and-leon\/"]}]},{"@type":"ImageObject","inLanguage":"de","@id":"https:\/\/repliquemangacine.fr\/en\/shields-and-armor\/black-shield-castile-and-leon\/#primaryimage","url":"https:\/\/repliquemangacine.fr\/wp-content\/uploads\/2023\/10\/2907-Bouclier-noir-Castille-et-Leon.jpg","contentUrl":"https:\/\/repliquemangacine.fr\/wp-content\/uploads\/2023\/10\/2907-Bouclier-noir-Castille-et-Leon.jpg","width":800,"height":800,"caption":"Bouclier noir Castille et L\u00e9on"},{"@type":"BreadcrumbList","@id":"https:\/\/repliquemangacine.fr\/en\/shields-and-armor\/black-shield-castile-and-leon\/#breadcrumb","itemListElement":[{"@type":"ListItem","position":1,"name":"Accueil","item":"https:\/\/repliquemangacine.fr\/"},{"@type":"ListItem","position":2,"name":"Produits","item":"https:\/\/repliquemangacine.fr\/boutique\/"},{"@type":"ListItem","position":3,"name":"Bouclier Castille-et-L\u00e9on noir"}]},{"@type":"WebSite","@id":"https:\/\/repliquemangacine.fr\/#website","url":"https:\/\/repliquemangacine.fr\/","name":"R\u00e9plique Manga Cin\u00e9","description":"","publisher":{"@id":"https:\/\/repliquemangacine.fr\/#organization"},"potentialAction":[{"@type":"SearchAction","target":{"@type":"EntryPoint","urlTemplate":"https:\/\/repliquemangacine.fr\/?s={search_term_string}"},"query-input":{"@type":"PropertyValueSpecification","valueRequired":true,"valueName":"search_term_string"}}],"inLanguage":"de"},{"@type":"Organization","@id":"https:\/\/repliquemangacine.fr\/#organization","name":"R\u00e9plique Manga Cin\u00e9","url":"https:\/\/repliquemangacine.fr\/","logo":{"@type":"ImageObject","inLanguage":"de","@id":"https:\/\/repliquemangacine.fr\/#\/schema\/logo\/image\/","url":"https:\/\/repliquemangacine.fr\/wp-content\/uploads\/2023\/10\/RMC-500250.png","contentUrl":"https:\/\/repliquemangacine.fr\/wp-content\/uploads\/2023\/10\/RMC-500250.png","width":500,"height":250,"caption":"R\u00e9plique Manga Cin\u00e9"},"image":{"@id":"https:\/\/repliquemangacine.fr\/#\/schema\/logo\/image\/"},"sameAs":["https:\/\/www.facebook.com\/RepliqueMangaCine","https:\/\/www.instagram.com\/repliquemangacine.fr\/"]}]}},"_links":{"self":[{"href":"https:\/\/repliquemangacine.fr\/de\/wp-json\/wp\/v2\/product\/28199","targetHints":{"allow":["GET"]}}],"collection":[{"href":"https:\/\/repliquemangacine.fr\/de\/wp-json\/wp\/v2\/product"}],"about":[{"href":"https:\/\/repliquemangacine.fr\/de\/wp-json\/wp\/v2\/types\/product"}],"wp:featuredmedia":[{"embeddable":true,"href":"https:\/\/repliquemangacine.fr\/de\/wp-json\/wp\/v2\/media\/28200"}],"wp:attachment":[{"href":"https:\/\/repliquemangacine.fr\/de\/wp-json\/wp\/v2\/media?parent=28199"}],"wp:term":[{"taxonomy":"product_brand","embeddable":true,"href":"https:\/\/repliquemangacine.fr\/de\/wp-json\/wp\/v2\/product_brand?post=28199"},{"taxonomy":"product_cat","embeddable":true,"href":"https:\/\/repliquemangacine.fr\/de\/wp-json\/wp\/v2\/product_cat?post=28199"},{"taxonomy":"product_tag","embeddable":true,"href":"https:\/\/repliquemangacine.fr\/de\/wp-json\/wp\/v2\/product_tag?post=28199"}],"curies":[{"name":"wp","href":"https:\/\/api.w.org\/{rel}","templated":true}]}}