





{"id":28194,"date":"2019-06-01T17:35:43","date_gmt":"2019-06-01T15:35:43","guid":{"rendered":"https:\/\/repliquemangacine.fr\/?post_type=product&#038;p=28194"},"modified":"2025-09-23T18:02:08","modified_gmt":"2025-09-23T16:02:08","slug":"schild-der-templer-metal","status":"publish","type":"product","link":"https:\/\/repliquemangacine.fr\/de\/boucliers-et-armures\/bouclier-des-templiers-metal\/","title":{"rendered":"Schild der Templer Metall"},"content":{"rendered":"<h2>Schild der Templer aus Metall.<\/h2>\n<p>Zu Beginn dieses <strong>Schild der Templer<\/strong>, komplett aus Metall, ideal f\u00fcr Ihre historischen Nachstellungen oder f\u00fcr Ihre Inneneinrichtung.<\/p>\n<p>Der Templerorden, ein religi\u00f6ser und milit\u00e4rischer Orden, der aus dem christlichen Rittertum des Mittelalters hervorgegangen ist. Die Berufung von <a href=\"https:\/\/www.histoire-pour-tous.fr\/\" target=\"_blank\" rel=\"noopener noreferrer\">der Templerorden<\/a> war der Schutz der christlichen Pilger ins Heilige Land. Diese Pilgerreise geh\u00f6rte zu den drei wichtigsten der Christenheit im Mittelalter.<\/p>\n<p>Das Patentkreuz zeigt die Zugeh\u00f6rigkeit der Templer zum Christentum an, und die rote Farbe erinnerte an das von Christus vergossene Blut. Dieses Kreuz dr\u00fcckte auch das st\u00e4ndige Gel\u00fcbde eines Kreuzzuges aus, an dem die Templer jederzeit teilnehmen wollten.<\/p>\n<h2>Ihr Templer-Schild zum besten Preis.<\/h2>\n<h3>Wir bieten Ihnen eine gro\u00dfe Auswahl an Repliken aus dem Mittelalter.<\/h3>\n<p>Zun\u00e4chst einmal,<\/p>\n<ul>\n<li>Die tolle <a href=\"https:\/\/repliquemangacine.fr\/de\/mittelalterliches-schwert\/templer-schlagschwert\/\">Templer-Schlagschwert<\/a> mit seiner Lederscheide.<\/li>\n<li>Es gibt auch die<a href=\"https:\/\/repliquemangacine.fr\/de\/mittelalterliches-schwert\/schwert-der-templer\/\">Zeremonienschwert<\/a> der Templer reich verziert.<\/li>\n<li>Sowie das Schwert des legend\u00e4ren K\u00f6nig Artus <a href=\"https:\/\/repliquemangacine.fr\/de\/mittelalterliche-reproduktionen\/legendares-schwert-excalibur-konig-arthur\/\">Excalibur<\/a>.<\/li>\n<li>Und viele andere, die es in unserem Online-Shop zu entdecken gibt!<\/li>\n<\/ul>\n<p>Deshalb sind hier tolle Geschenkideen f\u00fcr Geschichtsliebhaber.<\/p>\n<p>Abschlie\u00dfend k\u00f6nnen Sie auch den <strong>Schild der Templer<\/strong> f\u00fcr Ihre historischen Darstellungen. Vor allem aber ist dieser Schild ein Sammler- und Dekorationsst\u00fcck.<\/p>\n<p>R\u00e9plique Manga Cin\u00e9 ist ein franz\u00f6sisches Familienunternehmen.<\/p>\n<h2>Wie werden Ihre Sammelobjekte hergestellt?<\/h2>\n<p>Zun\u00e4chst einmal sind alle unsere Produkte von hoher Qualit\u00e4t und werden mit besonderer Sorgfalt hergestellt. Die Herstellung erfolgt zum Teil von Hand, um jedes noch so kleine Detail zu reproduzieren. Gr\u00f6\u00dfere Teile werden von pr\u00e4zisen Maschinen bearbeitet. Die Gravuren werden in der Regel mit einer Diamantspitze oder einem Laser ausgef\u00fchrt.<\/p>\n<p>Ihre <strong>Schild der Templer<\/strong> hergestellt, um jedes Detail genau zu reproduzieren. Um dem Erbe der originalen Meisterwerke gerecht zu werden. Der Schwerpunkt liegt darauf, qualitativ hochwertige Repliken herzustellen, die so historisch genau wie m\u00f6glich sind.<\/p>\n<p>Abschlie\u00dfend sei gesagt, dass unsere Repliken, die aus China, Spanien oder Indien importiert wurden, Sie in Erstaunen versetzen werden!<\/p>\n<p>R\u00e9plique Manga Cin\u00e9 ist ein franz\u00f6sisches Familienunternehmen.<\/p>","protected":false},"excerpt":{"rendered":"<p>Wundersch\u00f6ne Replik eines Schildes der Templer .<\/p>\n<ul>\n<li>Marmorierter Hintergrund mit genietetem Mittelkreuz.<\/li>\n<li>Die Kontur des Schildes ist mit einem kleinen goldenen Streifen mit Nieten verziert.<\/li>\n<li>Griff an der R\u00fcckseite mit Kette f\u00fcr die Ausstellung an der Wand.<\/li>\n<li>H\u00f6he: 60cm - Breite: 45cm<\/li>\n<\/ul>","protected":false},"featured_media":28195,"template":"","meta":[],"product_brand":[896],"product_cat":[25,75,43],"product_tag":[],"class_list":{"0":"post-28194","1":"product","2":"type-product","3":"status-publish","4":"has-post-thumbnail","6":"product_brand-replique-manga-cine","7":"product_cat-armes-historiques","8":"product_cat-boucliers-et-armures","9":"product_cat-reproductions-d-armes-et-accessoires-medievales","11":"first","12":"instock","13":"taxable","14":"shipping-taxable","15":"purchasable","16":"product-type-simple"},"yoast_head":"<!-- This site is optimized with the Yoast SEO plugin v27.5 - https:\/\/yoast.com\/product\/yoast-seo-wordpress\/ -->\n<title>Bouclier des Templiers - Vente en ligne Bouclier M\u00e9di\u00e9vale | RMC<\/title>\n<meta name=\"description\" content=\"Offrez-vous cette r\u00e9plique d&#039;un Bouclier des Templiers au meilleur prix - Tout en m\u00e9tal - Croix Templi\u00e8re rivet\u00e9e et rebords dor\u00e9 - Dimensions : 60 X 45 cm\" \/>\n<meta name=\"robots\" content=\"index, follow, max-snippet:-1, max-image-preview:large, max-video-preview:-1\" \/>\n<link rel=\"canonical\" href=\"https:\/\/repliquemangacine.fr\/de\/schilde-und-rustungen\/schild-der-templer-metal\/\" \/>\n<meta property=\"og:locale\" content=\"de_DE\" \/>\n<meta property=\"og:type\" content=\"article\" \/>\n<meta property=\"og:title\" content=\"Bouclier des Templiers - Vente en ligne Bouclier M\u00e9di\u00e9vale | RMC\" \/>\n<meta property=\"og:description\" content=\"Offrez-vous cette r\u00e9plique d&#039;un Bouclier des Templiers au meilleur prix - Tout en m\u00e9tal - Croix Templi\u00e8re rivet\u00e9e et rebords dor\u00e9 - Dimensions : 60 X 45 cm\" \/>\n<meta property=\"og:url\" content=\"https:\/\/repliquemangacine.fr\/de\/schilde-und-rustungen\/schild-der-templer-metal\/\" \/>\n<meta property=\"og:site_name\" content=\"R\u00e9plique Manga Cin\u00e9\" \/>\n<meta property=\"article:publisher\" content=\"https:\/\/www.facebook.com\/RepliqueMangaCine\" \/>\n<meta property=\"article:modified_time\" content=\"2025-09-23T16:02:08+00:00\" \/>\n<meta property=\"og:image\" content=\"https:\/\/repliquemangacine.fr\/wp-content\/uploads\/2023\/10\/2904-Bouclier-des-Templiers-metal.jpg\" \/>\n\t<meta property=\"og:image:width\" content=\"800\" \/>\n\t<meta property=\"og:image:height\" content=\"800\" \/>\n\t<meta property=\"og:image:type\" content=\"image\/jpeg\" \/>\n<meta name=\"twitter:card\" content=\"summary_large_image\" \/>\n<meta name=\"twitter:label1\" content=\"Gesch\u00e4tzte Lesezeit\" \/>\n\t<meta name=\"twitter:data1\" content=\"2\u00a0Minuten\" \/>\n<script type=\"application\/ld+json\" class=\"yoast-schema-graph\">{\"@context\":\"https:\\\/\\\/schema.org\",\"@graph\":[{\"@type\":\"WebPage\",\"@id\":\"https:\\\/\\\/repliquemangacine.fr\\\/boucliers-et-armures\\\/bouclier-des-templiers-metal\\\/\",\"url\":\"https:\\\/\\\/repliquemangacine.fr\\\/boucliers-et-armures\\\/bouclier-des-templiers-metal\\\/\",\"name\":\"Bouclier des Templiers - Vente en ligne Bouclier M\u00e9di\u00e9vale | RMC\",\"isPartOf\":{\"@id\":\"https:\\\/\\\/repliquemangacine.fr\\\/#website\"},\"primaryImageOfPage\":{\"@id\":\"https:\\\/\\\/repliquemangacine.fr\\\/boucliers-et-armures\\\/bouclier-des-templiers-metal\\\/#primaryimage\"},\"image\":{\"@id\":\"https:\\\/\\\/repliquemangacine.fr\\\/boucliers-et-armures\\\/bouclier-des-templiers-metal\\\/#primaryimage\"},\"thumbnailUrl\":\"https:\\\/\\\/repliquemangacine.fr\\\/wp-content\\\/uploads\\\/2023\\\/10\\\/2904-Bouclier-des-Templiers-metal.jpg\",\"datePublished\":\"2019-06-01T15:35:43+00:00\",\"dateModified\":\"2025-09-23T16:02:08+00:00\",\"description\":\"Offrez-vous cette r\u00e9plique d'un Bouclier des Templiers au meilleur prix - Tout en m\u00e9tal - Croix Templi\u00e8re rivet\u00e9e et rebords dor\u00e9 - Dimensions : 60 X 45 cm\",\"breadcrumb\":{\"@id\":\"https:\\\/\\\/repliquemangacine.fr\\\/boucliers-et-armures\\\/bouclier-des-templiers-metal\\\/#breadcrumb\"},\"inLanguage\":\"de\",\"potentialAction\":[{\"@type\":\"ReadAction\",\"target\":[\"https:\\\/\\\/repliquemangacine.fr\\\/boucliers-et-armures\\\/bouclier-des-templiers-metal\\\/\"]}]},{\"@type\":\"ImageObject\",\"inLanguage\":\"de\",\"@id\":\"https:\\\/\\\/repliquemangacine.fr\\\/boucliers-et-armures\\\/bouclier-des-templiers-metal\\\/#primaryimage\",\"url\":\"https:\\\/\\\/repliquemangacine.fr\\\/wp-content\\\/uploads\\\/2023\\\/10\\\/2904-Bouclier-des-Templiers-metal.jpg\",\"contentUrl\":\"https:\\\/\\\/repliquemangacine.fr\\\/wp-content\\\/uploads\\\/2023\\\/10\\\/2904-Bouclier-des-Templiers-metal.jpg\",\"width\":800,\"height\":800,\"caption\":\"Bouclier des Templiers m\u00e9tal\"},{\"@type\":\"BreadcrumbList\",\"@id\":\"https:\\\/\\\/repliquemangacine.fr\\\/boucliers-et-armures\\\/bouclier-des-templiers-metal\\\/#breadcrumb\",\"itemListElement\":[{\"@type\":\"ListItem\",\"position\":1,\"name\":\"Accueil\",\"item\":\"https:\\\/\\\/repliquemangacine.fr\\\/\"},{\"@type\":\"ListItem\",\"position\":2,\"name\":\"Produits\",\"item\":\"https:\\\/\\\/repliquemangacine.fr\\\/boutique\\\/\"},{\"@type\":\"ListItem\",\"position\":3,\"name\":\"Bouclier des Templiers m\u00e9tal\"}]},{\"@type\":\"WebSite\",\"@id\":\"https:\\\/\\\/repliquemangacine.fr\\\/#website\",\"url\":\"https:\\\/\\\/repliquemangacine.fr\\\/\",\"name\":\"R\u00e9plique Manga Cin\u00e9\",\"description\":\"\",\"publisher\":{\"@id\":\"https:\\\/\\\/repliquemangacine.fr\\\/#organization\"},\"potentialAction\":[{\"@type\":\"SearchAction\",\"target\":{\"@type\":\"EntryPoint\",\"urlTemplate\":\"https:\\\/\\\/repliquemangacine.fr\\\/?s={search_term_string}\"},\"query-input\":{\"@type\":\"PropertyValueSpecification\",\"valueRequired\":true,\"valueName\":\"search_term_string\"}}],\"inLanguage\":\"de\"},{\"@type\":\"Organization\",\"@id\":\"https:\\\/\\\/repliquemangacine.fr\\\/#organization\",\"name\":\"R\u00e9plique Manga Cin\u00e9\",\"url\":\"https:\\\/\\\/repliquemangacine.fr\\\/\",\"logo\":{\"@type\":\"ImageObject\",\"inLanguage\":\"de\",\"@id\":\"https:\\\/\\\/repliquemangacine.fr\\\/#\\\/schema\\\/logo\\\/image\\\/\",\"url\":\"https:\\\/\\\/repliquemangacine.fr\\\/wp-content\\\/uploads\\\/2023\\\/10\\\/RMC-500250.png\",\"contentUrl\":\"https:\\\/\\\/repliquemangacine.fr\\\/wp-content\\\/uploads\\\/2023\\\/10\\\/RMC-500250.png\",\"width\":500,\"height\":250,\"caption\":\"R\u00e9plique Manga Cin\u00e9\"},\"image\":{\"@id\":\"https:\\\/\\\/repliquemangacine.fr\\\/#\\\/schema\\\/logo\\\/image\\\/\"},\"sameAs\":[\"https:\\\/\\\/www.facebook.com\\\/RepliqueMangaCine\",\"https:\\\/\\\/www.instagram.com\\\/repliquemangacine.fr\\\/\"]}]}<\/script>\n<!-- \/ Yoast SEO plugin. -->","yoast_head_json":{"title":"Schild der Templer - Online-Verkauf Mittelalterlicher Schild | RMC","description":"G\u00f6nnen Sie sich diese Replik eines Templerschildes zum besten Preis - Ganz aus Metall - vernietetes Templerkreuz und vergoldete R\u00e4nder - Ma\u00dfe: 60 X 45 cm","robots":{"index":"index","follow":"follow","max-snippet":"max-snippet:-1","max-image-preview":"max-image-preview:large","max-video-preview":"max-video-preview:-1"},"canonical":"https:\/\/repliquemangacine.fr\/de\/schilde-und-rustungen\/schild-der-templer-metal\/","og_locale":"de_DE","og_type":"article","og_title":"Bouclier des Templiers - Vente en ligne Bouclier M\u00e9di\u00e9vale | RMC","og_description":"Offrez-vous cette r\u00e9plique d'un Bouclier des Templiers au meilleur prix - Tout en m\u00e9tal - Croix Templi\u00e8re rivet\u00e9e et rebords dor\u00e9 - Dimensions : 60 X 45 cm","og_url":"https:\/\/repliquemangacine.fr\/de\/schilde-und-rustungen\/schild-der-templer-metal\/","og_site_name":"R\u00e9plique Manga Cin\u00e9","article_publisher":"https:\/\/www.facebook.com\/RepliqueMangaCine","article_modified_time":"2025-09-23T16:02:08+00:00","og_image":[{"width":800,"height":800,"url":"https:\/\/repliquemangacine.fr\/wp-content\/uploads\/2023\/10\/2904-Bouclier-des-Templiers-metal.jpg","type":"image\/jpeg"}],"twitter_card":"summary_large_image","twitter_misc":{"Gesch\u00e4tzte Lesezeit":"2\u00a0Minuten"},"schema":{"@context":"https:\/\/schema.org","@graph":[{"@type":"WebPage","@id":"https:\/\/repliquemangacine.fr\/boucliers-et-armures\/bouclier-des-templiers-metal\/","url":"https:\/\/repliquemangacine.fr\/boucliers-et-armures\/bouclier-des-templiers-metal\/","name":"Schild der Templer - Online-Verkauf Mittelalterlicher Schild | RMC","isPartOf":{"@id":"https:\/\/repliquemangacine.fr\/#website"},"primaryImageOfPage":{"@id":"https:\/\/repliquemangacine.fr\/boucliers-et-armures\/bouclier-des-templiers-metal\/#primaryimage"},"image":{"@id":"https:\/\/repliquemangacine.fr\/boucliers-et-armures\/bouclier-des-templiers-metal\/#primaryimage"},"thumbnailUrl":"https:\/\/repliquemangacine.fr\/wp-content\/uploads\/2023\/10\/2904-Bouclier-des-Templiers-metal.jpg","datePublished":"2019-06-01T15:35:43+00:00","dateModified":"2025-09-23T16:02:08+00:00","description":"G\u00f6nnen Sie sich diese Replik eines Templerschildes zum besten Preis - Ganz aus Metall - vernietetes Templerkreuz und vergoldete R\u00e4nder - Ma\u00dfe: 60 X 45 cm","breadcrumb":{"@id":"https:\/\/repliquemangacine.fr\/boucliers-et-armures\/bouclier-des-templiers-metal\/#breadcrumb"},"inLanguage":"de","potentialAction":[{"@type":"ReadAction","target":["https:\/\/repliquemangacine.fr\/boucliers-et-armures\/bouclier-des-templiers-metal\/"]}]},{"@type":"ImageObject","inLanguage":"de","@id":"https:\/\/repliquemangacine.fr\/boucliers-et-armures\/bouclier-des-templiers-metal\/#primaryimage","url":"https:\/\/repliquemangacine.fr\/wp-content\/uploads\/2023\/10\/2904-Bouclier-des-Templiers-metal.jpg","contentUrl":"https:\/\/repliquemangacine.fr\/wp-content\/uploads\/2023\/10\/2904-Bouclier-des-Templiers-metal.jpg","width":800,"height":800,"caption":"Bouclier des Templiers m\u00e9tal"},{"@type":"BreadcrumbList","@id":"https:\/\/repliquemangacine.fr\/boucliers-et-armures\/bouclier-des-templiers-metal\/#breadcrumb","itemListElement":[{"@type":"ListItem","position":1,"name":"Accueil","item":"https:\/\/repliquemangacine.fr\/"},{"@type":"ListItem","position":2,"name":"Produits","item":"https:\/\/repliquemangacine.fr\/boutique\/"},{"@type":"ListItem","position":3,"name":"Bouclier des Templiers m\u00e9tal"}]},{"@type":"WebSite","@id":"https:\/\/repliquemangacine.fr\/#website","url":"https:\/\/repliquemangacine.fr\/","name":"R\u00e9plique Manga Cin\u00e9","description":"","publisher":{"@id":"https:\/\/repliquemangacine.fr\/#organization"},"potentialAction":[{"@type":"SearchAction","target":{"@type":"EntryPoint","urlTemplate":"https:\/\/repliquemangacine.fr\/?s={search_term_string}"},"query-input":{"@type":"PropertyValueSpecification","valueRequired":true,"valueName":"search_term_string"}}],"inLanguage":"de"},{"@type":"Organization","@id":"https:\/\/repliquemangacine.fr\/#organization","name":"R\u00e9plique Manga Cin\u00e9","url":"https:\/\/repliquemangacine.fr\/","logo":{"@type":"ImageObject","inLanguage":"de","@id":"https:\/\/repliquemangacine.fr\/#\/schema\/logo\/image\/","url":"https:\/\/repliquemangacine.fr\/wp-content\/uploads\/2023\/10\/RMC-500250.png","contentUrl":"https:\/\/repliquemangacine.fr\/wp-content\/uploads\/2023\/10\/RMC-500250.png","width":500,"height":250,"caption":"R\u00e9plique Manga Cin\u00e9"},"image":{"@id":"https:\/\/repliquemangacine.fr\/#\/schema\/logo\/image\/"},"sameAs":["https:\/\/www.facebook.com\/RepliqueMangaCine","https:\/\/www.instagram.com\/repliquemangacine.fr\/"]}]}},"_links":{"self":[{"href":"https:\/\/repliquemangacine.fr\/de\/wp-json\/wp\/v2\/product\/28194","targetHints":{"allow":["GET"]}}],"collection":[{"href":"https:\/\/repliquemangacine.fr\/de\/wp-json\/wp\/v2\/product"}],"about":[{"href":"https:\/\/repliquemangacine.fr\/de\/wp-json\/wp\/v2\/types\/product"}],"wp:featuredmedia":[{"embeddable":true,"href":"https:\/\/repliquemangacine.fr\/de\/wp-json\/wp\/v2\/media\/28195"}],"wp:attachment":[{"href":"https:\/\/repliquemangacine.fr\/de\/wp-json\/wp\/v2\/media?parent=28194"}],"wp:term":[{"taxonomy":"product_brand","embeddable":true,"href":"https:\/\/repliquemangacine.fr\/de\/wp-json\/wp\/v2\/product_brand?post=28194"},{"taxonomy":"product_cat","embeddable":true,"href":"https:\/\/repliquemangacine.fr\/de\/wp-json\/wp\/v2\/product_cat?post=28194"},{"taxonomy":"product_tag","embeddable":true,"href":"https:\/\/repliquemangacine.fr\/de\/wp-json\/wp\/v2\/product_tag?post=28194"}],"curies":[{"name":"wp","href":"https:\/\/api.w.org\/{rel}","templated":true}]}}