





{"id":28176,"date":"2019-06-01T14:32:58","date_gmt":"2019-06-01T12:32:58","guid":{"rendered":"https:\/\/repliquemangacine.fr\/?post_type=product&#038;p=28176"},"modified":"2026-04-13T20:51:39","modified_gmt":"2026-04-13T18:51:39","slug":"fantasy-skorpion-dolch","status":"publish","type":"product","link":"https:\/\/repliquemangacine.fr\/de\/epees-et-dagues-fantasy\/dague-scorpion-fantasy\/","title":{"rendered":"Skorpion-Dolch Fantasy"},"content":{"rendered":"<div class=\"text col-xs-offset-0\" style=\"height: auto;\">\n<h2>Fantasy-Skorpion-Dolch zur Dekoration.<\/h2>\n<p>Der Fantasy-Skorpion-Dolch mit seinen wundersch\u00f6nen Oberfl\u00e4chen ist ideal f\u00fcr Ihre Inneneinrichtung.<\/p>\n<p>Die <a href=\"https:\/\/fr.wikipedia.org\/wiki\/Fantasy\" target=\"_blank\" rel=\"noopener noreferrer\">Fantasy<\/a>Eine Kunstgattung, die imagin\u00e4re \u00fcbernat\u00fcrliche Ph\u00e4nomene darstellt, die oft mit Mythen verbunden sind und h\u00e4ufig durch den Einsatz oder die Verwendung von Magie dargestellt werden.<\/p>\n<p>Im Kino k\u00f6nnen die ersten Fantasyfilme auf Disneys Zeichentrickfilme zur\u00fcckgehen, die M\u00e4rchen adaptieren, oder auf den Zauberer von Oz. Die ersten Fantasyfilme kamen jedoch erst in den 1970er und 1980er Jahren mit Conan dem Barbaren auf die Leinwand.<\/p>\n<p>Nach einem gewissen R\u00fcckgang in den 1990er Jahren erlebte die Fantasy im Kino einen spektakul\u00e4ren Aufschwung mit Peter Jacksons Der Herr der Ringe, einer Verfilmung von Tolkiens Klassiker, dessen sorgf\u00e4ltige visuelle Welt und epischer Atem den Fantasyfilmen eine neue Dimension verliehen.<\/p>\n<h2>Ihr Scorpion Fantasy Deko-Dolch zum besten Preis.<\/h2>\n<p>Wir bieten Ihnen eine gro\u00dfe Auswahl an Repliken aus dem Kunstgenre Fantasy.<\/p>\n<p>Zun\u00e4chst einmal,<\/p>\n<ul>\n<li>Die <a href=\"https:\/\/repliquemangacine.fr\/de\/fantasy-schwerter-und-dolche\/dague-epee-dark-fantasy\/\">Dolch Schwert Dark Fantasy<\/a> mit seinen zwei kleinen Wurfsternen.<\/li>\n<li>Sowie, die <a href=\"https:\/\/repliquemangacine.fr\/de\/fantasy-schwerter-und-dolche\/dolch-drachenschwert\/\">Dolch Drachenschwert<\/a>mit seiner von Drachen durchzogenen Klinge<\/li>\n<li>Es gibt auch die <a href=\"https:\/\/repliquemangacine.fr\/de\/fantasy-schwerter-und-dolche\/dolch-doppelspeer-kobra-dolch-dekoration-fantasy\/\">dolch schwert doppelkobra<\/a>Die beiden Dolche wurden zusammengeschraubt und es entstand eine fantastische Waffe.<\/li>\n<li>Und noch viel mehr gibt es in unserem Online-Shop zu entdecken!<\/li>\n<\/ul>\n<p>Deshalb ist dies eine tolle Geschenkidee f\u00fcr alle, die sich f\u00fcr Dark Fantasy begeistern.<\/p>\n<p>Abschlie\u00dfend k\u00f6nnen Sie auch diesen <strong>Skorpion-Dolch Fantasy<\/strong> f\u00fcr Ihre Innendekoration. Vor allem aber ist er ein Sammler- und Dekorationsst\u00fcck.<\/p>\n<p>R\u00e9plique Manga Cin\u00e9 ist ein franz\u00f6sisches Familienunternehmen.<\/p>\n<\/div>\n<div class=\"row\">\n<div class=\"col-lg-12 col-md-12 col-xs-12 sectionSeparator\">\n<h2>Wie pflegt man die Klinge seines Dolches?<\/h2>\n<p>Sammlungs- und Dekorationsdolche werden auf vereinfachte Weise hergestellt und zusammengebaut. Da sie zu Dekorationszwecken verwendet werden, fehlen ihnen die Sicherheitsmerkmale, die ein japanisches Schwert f\u00fcr Trainingszwecke aufweisen muss.<\/p>\n<p>Allerdings ist Ihr <strong>Skorpion-Dolch Fantasy<\/strong> zu einer Stahlklinge, die gepflegt werden muss, damit sie nicht mit der Zeit abgenutzt wird. Wenn du dein Schwert n\u00e4mlich ausstellst, werden deine Freunde neugierig sein, die Klinge zu sehen und sie zu ber\u00fchren. Hier ist Vorsicht geboten, denn Sie sollten wissen, dass die S\u00e4ure der Finger dem Stahl unabh\u00e4ngig von seiner Qualit\u00e4t sehr schadet.<\/p>\n<p>Sollte dies jedoch passieren, keine Panik, Sie brauchen nur ein Tuch, das mit etwas \u00d6l befeuchtet ist, und wischen die Fingerabdr\u00fccke ab. Wenn Sie dies tun, werden Sie Ihren Dolch sehr lange behalten.<\/p>\n<\/div>\n<\/div>","protected":false},"excerpt":{"rendered":"<div class=\"text col-xs-offset-0\" style=\"height: auto;\">Pr\u00e4chtiger Schmuckdolch.<\/div>\n<ul>\n<li class=\"text col-xs-offset-0\" style=\"height: auto;\">Stahlklinge mit \u00c4tzung.<\/li>\n<li class=\"text col-xs-offset-0\" style=\"height: auto;\">Garde Kopf des Skorpions mit seinen beiden Scheren.<\/li>\n<li class=\"text col-xs-offset-0\" style=\"height: auto;\">Gummigriff.<\/li>\n<li class=\"text col-xs-offset-0\" style=\"height: auto;\">Griff endet in einem eingerollten Skorpionschwanz.<\/li>\n<li class=\"text col-xs-offset-0\" style=\"height: auto;\">Pr\u00e4sentationsst\u00e4nder aus Holz.<\/li>\n<li>L\u00e4nge der Klinge: 39 cm - Gesamtl\u00e4nge: 54 cm<\/li>\n<\/ul>\n<div class=\"row\">\n<div class=\"col-lg-12 col-md-12 col-xs-12 sectionSeparator\"><\/div>\n<\/div>","protected":false},"featured_media":28177,"template":"","meta":[],"product_brand":[896],"product_cat":[44,26],"product_tag":[],"class_list":{"0":"post-28176","1":"product","2":"type-product","3":"status-publish","4":"has-post-thumbnail","6":"product_brand-replique-manga-cine","7":"product_cat-epees-et-dagues-fantasy","8":"product_cat-katana-epee","10":"first","11":"instock","12":"taxable","13":"shipping-taxable","14":"purchasable","15":"product-type-simple"},"yoast_head":"<!-- This site is optimized with the Yoast SEO plugin v27.5 - https:\/\/yoast.com\/product\/yoast-seo-wordpress\/ -->\n<title>Dague Scorpion Fantasy - Vente en ligne - R\u00e9plique Manga Cin\u00e9<\/title>\n<meta name=\"description\" content=\"Offrez-vous cette Dague Scorpion Fantasy au meilleur prix - Lame en acier grav\u00e9e - Poign\u00e9e caoutchouc - Support bois - Longueur totale : 54 cm\" \/>\n<meta name=\"robots\" content=\"index, follow, max-snippet:-1, max-image-preview:large, max-video-preview:-1\" \/>\n<link rel=\"canonical\" href=\"https:\/\/repliquemangacine.fr\/de\/fantasy-schwerter-und-dolche\/fantasy-skorpion-dolch\/\" \/>\n<meta property=\"og:locale\" content=\"de_DE\" \/>\n<meta property=\"og:type\" content=\"article\" \/>\n<meta property=\"og:title\" content=\"Dague Scorpion Fantasy - Vente en ligne - R\u00e9plique Manga Cin\u00e9\" \/>\n<meta property=\"og:description\" content=\"Offrez-vous cette Dague Scorpion Fantasy au meilleur prix - Lame en acier grav\u00e9e - Poign\u00e9e caoutchouc - Support bois - Longueur totale : 54 cm\" \/>\n<meta property=\"og:url\" content=\"https:\/\/repliquemangacine.fr\/de\/fantasy-schwerter-und-dolche\/fantasy-skorpion-dolch\/\" \/>\n<meta property=\"og:site_name\" content=\"R\u00e9plique Manga Cin\u00e9\" \/>\n<meta property=\"article:publisher\" content=\"https:\/\/www.facebook.com\/RepliqueMangaCine\" \/>\n<meta property=\"article:modified_time\" content=\"2026-04-13T18:51:39+00:00\" \/>\n<meta property=\"og:image\" content=\"https:\/\/repliquemangacine.fr\/wp-content\/uploads\/2023\/10\/2887-Dague-Scorpion-Fantasy.jpg\" \/>\n\t<meta property=\"og:image:width\" content=\"800\" \/>\n\t<meta property=\"og:image:height\" content=\"800\" \/>\n\t<meta property=\"og:image:type\" content=\"image\/jpeg\" \/>\n<meta name=\"twitter:card\" content=\"summary_large_image\" \/>\n<meta name=\"twitter:label1\" content=\"Gesch\u00e4tzte Lesezeit\" \/>\n\t<meta name=\"twitter:data1\" content=\"2\u00a0Minuten\" \/>\n<script type=\"application\/ld+json\" class=\"yoast-schema-graph\">{\"@context\":\"https:\\\/\\\/schema.org\",\"@graph\":[{\"@type\":\"WebPage\",\"@id\":\"https:\\\/\\\/repliquemangacine.fr\\\/epees-et-dagues-fantasy\\\/dague-scorpion-fantasy\\\/\",\"url\":\"https:\\\/\\\/repliquemangacine.fr\\\/epees-et-dagues-fantasy\\\/dague-scorpion-fantasy\\\/\",\"name\":\"Dague Scorpion Fantasy - Vente en ligne - R\u00e9plique Manga Cin\u00e9\",\"isPartOf\":{\"@id\":\"https:\\\/\\\/repliquemangacine.fr\\\/#website\"},\"primaryImageOfPage\":{\"@id\":\"https:\\\/\\\/repliquemangacine.fr\\\/epees-et-dagues-fantasy\\\/dague-scorpion-fantasy\\\/#primaryimage\"},\"image\":{\"@id\":\"https:\\\/\\\/repliquemangacine.fr\\\/epees-et-dagues-fantasy\\\/dague-scorpion-fantasy\\\/#primaryimage\"},\"thumbnailUrl\":\"https:\\\/\\\/repliquemangacine.fr\\\/wp-content\\\/uploads\\\/2023\\\/10\\\/2887-Dague-Scorpion-Fantasy.jpg\",\"datePublished\":\"2019-06-01T12:32:58+00:00\",\"dateModified\":\"2026-04-13T18:51:39+00:00\",\"description\":\"Offrez-vous cette Dague Scorpion Fantasy au meilleur prix - Lame en acier grav\u00e9e - Poign\u00e9e caoutchouc - Support bois - Longueur totale : 54 cm\",\"breadcrumb\":{\"@id\":\"https:\\\/\\\/repliquemangacine.fr\\\/epees-et-dagues-fantasy\\\/dague-scorpion-fantasy\\\/#breadcrumb\"},\"inLanguage\":\"de\",\"potentialAction\":[{\"@type\":\"ReadAction\",\"target\":[\"https:\\\/\\\/repliquemangacine.fr\\\/epees-et-dagues-fantasy\\\/dague-scorpion-fantasy\\\/\"]}]},{\"@type\":\"ImageObject\",\"inLanguage\":\"de\",\"@id\":\"https:\\\/\\\/repliquemangacine.fr\\\/epees-et-dagues-fantasy\\\/dague-scorpion-fantasy\\\/#primaryimage\",\"url\":\"https:\\\/\\\/repliquemangacine.fr\\\/wp-content\\\/uploads\\\/2023\\\/10\\\/2887-Dague-Scorpion-Fantasy.jpg\",\"contentUrl\":\"https:\\\/\\\/repliquemangacine.fr\\\/wp-content\\\/uploads\\\/2023\\\/10\\\/2887-Dague-Scorpion-Fantasy.jpg\",\"width\":800,\"height\":800,\"caption\":\"Dague Scorpion Fantasy\"},{\"@type\":\"BreadcrumbList\",\"@id\":\"https:\\\/\\\/repliquemangacine.fr\\\/epees-et-dagues-fantasy\\\/dague-scorpion-fantasy\\\/#breadcrumb\",\"itemListElement\":[{\"@type\":\"ListItem\",\"position\":1,\"name\":\"Accueil\",\"item\":\"https:\\\/\\\/repliquemangacine.fr\\\/\"},{\"@type\":\"ListItem\",\"position\":2,\"name\":\"Produits\",\"item\":\"https:\\\/\\\/repliquemangacine.fr\\\/boutique\\\/\"},{\"@type\":\"ListItem\",\"position\":3,\"name\":\"Dague Scorpion Fantasy\"}]},{\"@type\":\"WebSite\",\"@id\":\"https:\\\/\\\/repliquemangacine.fr\\\/#website\",\"url\":\"https:\\\/\\\/repliquemangacine.fr\\\/\",\"name\":\"R\u00e9plique Manga Cin\u00e9\",\"description\":\"\",\"publisher\":{\"@id\":\"https:\\\/\\\/repliquemangacine.fr\\\/#organization\"},\"potentialAction\":[{\"@type\":\"SearchAction\",\"target\":{\"@type\":\"EntryPoint\",\"urlTemplate\":\"https:\\\/\\\/repliquemangacine.fr\\\/?s={search_term_string}\"},\"query-input\":{\"@type\":\"PropertyValueSpecification\",\"valueRequired\":true,\"valueName\":\"search_term_string\"}}],\"inLanguage\":\"de\"},{\"@type\":\"Organization\",\"@id\":\"https:\\\/\\\/repliquemangacine.fr\\\/#organization\",\"name\":\"R\u00e9plique Manga Cin\u00e9\",\"url\":\"https:\\\/\\\/repliquemangacine.fr\\\/\",\"logo\":{\"@type\":\"ImageObject\",\"inLanguage\":\"de\",\"@id\":\"https:\\\/\\\/repliquemangacine.fr\\\/#\\\/schema\\\/logo\\\/image\\\/\",\"url\":\"https:\\\/\\\/repliquemangacine.fr\\\/wp-content\\\/uploads\\\/2023\\\/10\\\/RMC-500250.png\",\"contentUrl\":\"https:\\\/\\\/repliquemangacine.fr\\\/wp-content\\\/uploads\\\/2023\\\/10\\\/RMC-500250.png\",\"width\":500,\"height\":250,\"caption\":\"R\u00e9plique Manga Cin\u00e9\"},\"image\":{\"@id\":\"https:\\\/\\\/repliquemangacine.fr\\\/#\\\/schema\\\/logo\\\/image\\\/\"},\"sameAs\":[\"https:\\\/\\\/www.facebook.com\\\/RepliqueMangaCine\",\"https:\\\/\\\/www.instagram.com\\\/repliquemangacine.fr\\\/\"]}]}<\/script>\n<!-- \/ Yoast SEO plugin. -->","yoast_head_json":{"title":"Fantasy Scorpion Dolch - Online Verkauf - R\u00e9plique Manga Cin\u00e9","description":"G\u00f6nnen Sie sich diesen Fantasy Scorpion Dolch zum besten Preis - Klinge aus Stahl mit Gravur - Gummigriff - Holzunterlage - Gesamtl\u00e4nge: 54 cm","robots":{"index":"index","follow":"follow","max-snippet":"max-snippet:-1","max-image-preview":"max-image-preview:large","max-video-preview":"max-video-preview:-1"},"canonical":"https:\/\/repliquemangacine.fr\/de\/fantasy-schwerter-und-dolche\/fantasy-skorpion-dolch\/","og_locale":"de_DE","og_type":"article","og_title":"Dague Scorpion Fantasy - Vente en ligne - R\u00e9plique Manga Cin\u00e9","og_description":"Offrez-vous cette Dague Scorpion Fantasy au meilleur prix - Lame en acier grav\u00e9e - Poign\u00e9e caoutchouc - Support bois - Longueur totale : 54 cm","og_url":"https:\/\/repliquemangacine.fr\/de\/fantasy-schwerter-und-dolche\/fantasy-skorpion-dolch\/","og_site_name":"R\u00e9plique Manga Cin\u00e9","article_publisher":"https:\/\/www.facebook.com\/RepliqueMangaCine","article_modified_time":"2026-04-13T18:51:39+00:00","og_image":[{"width":800,"height":800,"url":"https:\/\/repliquemangacine.fr\/wp-content\/uploads\/2023\/10\/2887-Dague-Scorpion-Fantasy.jpg","type":"image\/jpeg"}],"twitter_card":"summary_large_image","twitter_misc":{"Gesch\u00e4tzte Lesezeit":"2\u00a0Minuten"},"schema":{"@context":"https:\/\/schema.org","@graph":[{"@type":"WebPage","@id":"https:\/\/repliquemangacine.fr\/epees-et-dagues-fantasy\/dague-scorpion-fantasy\/","url":"https:\/\/repliquemangacine.fr\/epees-et-dagues-fantasy\/dague-scorpion-fantasy\/","name":"Fantasy Scorpion Dolch - Online Verkauf - R\u00e9plique Manga Cin\u00e9","isPartOf":{"@id":"https:\/\/repliquemangacine.fr\/#website"},"primaryImageOfPage":{"@id":"https:\/\/repliquemangacine.fr\/epees-et-dagues-fantasy\/dague-scorpion-fantasy\/#primaryimage"},"image":{"@id":"https:\/\/repliquemangacine.fr\/epees-et-dagues-fantasy\/dague-scorpion-fantasy\/#primaryimage"},"thumbnailUrl":"https:\/\/repliquemangacine.fr\/wp-content\/uploads\/2023\/10\/2887-Dague-Scorpion-Fantasy.jpg","datePublished":"2019-06-01T12:32:58+00:00","dateModified":"2026-04-13T18:51:39+00:00","description":"G\u00f6nnen Sie sich diesen Fantasy Scorpion Dolch zum besten Preis - Klinge aus Stahl mit Gravur - Gummigriff - Holzunterlage - Gesamtl\u00e4nge: 54 cm","breadcrumb":{"@id":"https:\/\/repliquemangacine.fr\/epees-et-dagues-fantasy\/dague-scorpion-fantasy\/#breadcrumb"},"inLanguage":"de","potentialAction":[{"@type":"ReadAction","target":["https:\/\/repliquemangacine.fr\/epees-et-dagues-fantasy\/dague-scorpion-fantasy\/"]}]},{"@type":"ImageObject","inLanguage":"de","@id":"https:\/\/repliquemangacine.fr\/epees-et-dagues-fantasy\/dague-scorpion-fantasy\/#primaryimage","url":"https:\/\/repliquemangacine.fr\/wp-content\/uploads\/2023\/10\/2887-Dague-Scorpion-Fantasy.jpg","contentUrl":"https:\/\/repliquemangacine.fr\/wp-content\/uploads\/2023\/10\/2887-Dague-Scorpion-Fantasy.jpg","width":800,"height":800,"caption":"Dague Scorpion Fantasy"},{"@type":"BreadcrumbList","@id":"https:\/\/repliquemangacine.fr\/epees-et-dagues-fantasy\/dague-scorpion-fantasy\/#breadcrumb","itemListElement":[{"@type":"ListItem","position":1,"name":"Accueil","item":"https:\/\/repliquemangacine.fr\/"},{"@type":"ListItem","position":2,"name":"Produits","item":"https:\/\/repliquemangacine.fr\/boutique\/"},{"@type":"ListItem","position":3,"name":"Dague Scorpion Fantasy"}]},{"@type":"WebSite","@id":"https:\/\/repliquemangacine.fr\/#website","url":"https:\/\/repliquemangacine.fr\/","name":"R\u00e9plique Manga Cin\u00e9","description":"","publisher":{"@id":"https:\/\/repliquemangacine.fr\/#organization"},"potentialAction":[{"@type":"SearchAction","target":{"@type":"EntryPoint","urlTemplate":"https:\/\/repliquemangacine.fr\/?s={search_term_string}"},"query-input":{"@type":"PropertyValueSpecification","valueRequired":true,"valueName":"search_term_string"}}],"inLanguage":"de"},{"@type":"Organization","@id":"https:\/\/repliquemangacine.fr\/#organization","name":"R\u00e9plique Manga Cin\u00e9","url":"https:\/\/repliquemangacine.fr\/","logo":{"@type":"ImageObject","inLanguage":"de","@id":"https:\/\/repliquemangacine.fr\/#\/schema\/logo\/image\/","url":"https:\/\/repliquemangacine.fr\/wp-content\/uploads\/2023\/10\/RMC-500250.png","contentUrl":"https:\/\/repliquemangacine.fr\/wp-content\/uploads\/2023\/10\/RMC-500250.png","width":500,"height":250,"caption":"R\u00e9plique Manga Cin\u00e9"},"image":{"@id":"https:\/\/repliquemangacine.fr\/#\/schema\/logo\/image\/"},"sameAs":["https:\/\/www.facebook.com\/RepliqueMangaCine","https:\/\/www.instagram.com\/repliquemangacine.fr\/"]}]}},"_links":{"self":[{"href":"https:\/\/repliquemangacine.fr\/de\/wp-json\/wp\/v2\/product\/28176","targetHints":{"allow":["GET"]}}],"collection":[{"href":"https:\/\/repliquemangacine.fr\/de\/wp-json\/wp\/v2\/product"}],"about":[{"href":"https:\/\/repliquemangacine.fr\/de\/wp-json\/wp\/v2\/types\/product"}],"wp:featuredmedia":[{"embeddable":true,"href":"https:\/\/repliquemangacine.fr\/de\/wp-json\/wp\/v2\/media\/28177"}],"wp:attachment":[{"href":"https:\/\/repliquemangacine.fr\/de\/wp-json\/wp\/v2\/media?parent=28176"}],"wp:term":[{"taxonomy":"product_brand","embeddable":true,"href":"https:\/\/repliquemangacine.fr\/de\/wp-json\/wp\/v2\/product_brand?post=28176"},{"taxonomy":"product_cat","embeddable":true,"href":"https:\/\/repliquemangacine.fr\/de\/wp-json\/wp\/v2\/product_cat?post=28176"},{"taxonomy":"product_tag","embeddable":true,"href":"https:\/\/repliquemangacine.fr\/de\/wp-json\/wp\/v2\/product_tag?post=28176"}],"curies":[{"name":"wp","href":"https:\/\/api.w.org\/{rel}","templated":true}]}}