





{"id":28171,"date":"2019-06-01T14:12:57","date_gmt":"2019-06-01T12:12:57","guid":{"rendered":"https:\/\/repliquemangacine.fr\/?post_type=product&#038;p=28171"},"modified":"2026-04-02T13:12:49","modified_gmt":"2026-04-02T11:12:49","slug":"dolch-doppelspeer-kobra-dolch-dekoration-fantasy","status":"publish","type":"product","link":"https:\/\/repliquemangacine.fr\/de\/epees-et-dagues-fantasy\/dague-epee-double-cobra-dague-de-decoration-fantasy\/","title":{"rendered":"Doppelter Kobra-Schwert-Dolch"},"content":{"rendered":"<h2>Doppelter Kobra-Schwert-Dolch<\/h2>\n<p>Zu Beginn wird die <strong>Doppelter Kobra-Schwert-Dolch<\/strong>, ideal f\u00fcr Ihre Inneneinrichtung.<\/p>\n<p>Fantasy, ein k\u00fcnstlerisches Genre, das imagin\u00e4re \u00fcbernat\u00fcrliche Ph\u00e4nomene darstellt, oft in Verbindung mit Mythen oder dem Einsatz von Magie.<\/p>\n<p>Im Kino k\u00f6nnen die ersten Fantasyfilme auf Disneys Zeichentrickfilme zur\u00fcckgehen, die M\u00e4rchen adaptieren, oder auf den Zauberer von Oz. Die ersten Fantasyfilme kamen jedoch erst in den 1970er und 1980er Jahren mit Conan dem Barbaren auf die Leinwand.<\/p>\n<p>Die Fantasy im Kino erlebt mit der Trilogie Der Herr der Ringe, einer Adaption des Klassikers von Tolkien, ein spektakul\u00e4res Comeback. Die sorgf\u00e4ltig gestaltete Bildwelt und die epische Dimension verleihen den Fantasyfilmen eine neue Dimension.<\/p>\n<p>Die <a href=\"https:\/\/fr.wikipedia.org\/wiki\/Fantasy\" target=\"_blank\" rel=\"noopener noreferrer\">Fantasy<\/a> ist auch bei der Entwicklung von Brett- und Videospielen sehr pr\u00e4sent.<\/p>\n<h2>Ihr Doppelkobra-Schwertdolch zum besten Preis.<\/h2>\n<p>Wir bieten Ihnen eine gro\u00dfe Auswahl an Repliken aus dem Kunstgenre Fantasy.<\/p>\n<p>Zun\u00e4chst einmal,<\/p>\n<ul>\n<li>Die <a href=\"https:\/\/repliquemangacine.fr\/de\/fantasy-schwerter-und-dolche\/dague-fantasy-dragon\/\">Dolch Dolch Drachen<\/a> mit seinen roten Flammen auf der Klinge.<\/li>\n<li>Sowie, die <a href=\"https:\/\/repliquemangacine.fr\/de\/fantasy-schwerter-und-dolche\/fantasy-skorpion-dolch\/\">Dark Fantasy-Dolch<\/a> mit seiner Klinge, die mit einem Skorpion verziert ist.<\/li>\n<li>Es gibt auch die <a href=\"https:\/\/repliquemangacine.fr\/de\/fantasy-schwerter-und-dolche\/dague-double-fantasy-dragon-dague-de-decoration\/\">doppelter Drachen-Dolch<\/a>Die Brosch\u00fcre ist sehr detailliert und wird mit einem St\u00e4nder geliefert.<\/li>\n<li>Und noch viel mehr gibt es in unserem Online-Shop zu entdecken!<\/li>\n<\/ul>\n<p>Deshalb ist dies eine tolle Geschenkidee f\u00fcr alle, die sich f\u00fcr Dark Fantasy begeistern.<\/p>\n<p>Abschlie\u00dfend k\u00f6nnen Sie auch diesen <strong>Doppelter Kobra-Schwert-Dolch<\/strong> f\u00fcr Ihre Innendekoration. Vor allem aber ist er ein Sammler- und Dekorationsst\u00fcck.<\/p>\n<p>R\u00e9plique Manga Cin\u00e9 ist ein franz\u00f6sisches Familienunternehmen.<\/p>\n<h2>Wie pflegt man die Klinge seines Schwertes?<\/h2>\n<p>Sammlungs- und Dekorationsschwerter werden in vereinfachter Form hergestellt und zusammengebaut. Da sie zu Dekorationszwecken verwendet werden, fehlen ihnen die Sicherheitselemente, die ein japanisches Schwert f\u00fcr Trainingszwecke aufweisen muss.<\/p>\n<p>Allerdings ist Ihr <strong>Doppelter Kobra-Schwert-Dolch<\/strong> zu einer Stahlklinge, die gepflegt werden muss, damit sie nicht mit der Zeit abgenutzt wird. Wenn du dein Schwert n\u00e4mlich ausstellst, werden deine Freunde neugierig sein, die Klinge zu sehen und sie zu ber\u00fchren. Hier ist Vorsicht geboten, denn Sie sollten wissen, dass die S\u00e4ure der Finger dem Stahl unabh\u00e4ngig von seiner Qualit\u00e4t sehr schadet.<\/p>\n<p>Wenn dies jedoch passiert, keine Panik, Sie brauchen nur ein Tuch, das mit etwas \u00d6l befeuchtet ist, und wischen die Fingerabdr\u00fccke ab. Wenn Sie dies tun, werden Sie Ihr Schwert sehr lange behalten.<\/p>","protected":false},"excerpt":{"rendered":"<p>\u00dcberraschender Kobra-Schwert-Dolch.<\/p>\n<ul>\n<li>Klingen aus 440er Stahl.<\/li>\n<li>Bewachung von Kobra-K\u00f6pfen.<\/li>\n<li>Verbinde die beiden kleinen Schwerter, die ein einziges St\u00fcck bilden, mithilfe eines Endst\u00fccks.<\/li>\n<li>Pr\u00e4sentationsmedium.<\/li>\n<li>L\u00e4nge jeder Klinge: 35 cm - Gesamtl\u00e4nge der beiden zusammengesetzten Teile: 100 cm<\/li>\n<\/ul>","protected":false},"featured_media":28172,"template":"","meta":[],"product_brand":[896],"product_cat":[44,26],"product_tag":[],"class_list":{"0":"post-28171","1":"product","2":"type-product","3":"status-publish","4":"has-post-thumbnail","6":"product_brand-replique-manga-cine","7":"product_cat-epees-et-dagues-fantasy","8":"product_cat-katana-epee","10":"first","11":"outofstock","12":"taxable","13":"shipping-taxable","14":"purchasable","15":"product-type-simple"},"yoast_head":"<!-- This site is optimized with the Yoast SEO plugin v27.5 - https:\/\/yoast.com\/product\/yoast-seo-wordpress\/ -->\n<title>Dague \u00e9p\u00e9e double cobra - Vente en ligne | R\u00e9plique Manga Cin\u00e9<\/title>\n<meta name=\"description\" content=\"Offrez-vous ! Cette Dague \u00e9p\u00e9e double cobra au meilleur prix - Tout en acier - Garde Cobra - Les deux \u00e9p\u00e9es s&#039;assemblent - Longueur totale : 100 cm\" \/>\n<meta name=\"robots\" content=\"index, follow, max-snippet:-1, max-image-preview:large, max-video-preview:-1\" \/>\n<link rel=\"canonical\" href=\"https:\/\/repliquemangacine.fr\/de\/fantasy-schwerter-und-dolche\/dolch-doppelspeer-kobra-dolch-dekoration-fantasy\/\" \/>\n<meta property=\"og:locale\" content=\"de_DE\" \/>\n<meta property=\"og:type\" content=\"article\" \/>\n<meta property=\"og:title\" content=\"Dague \u00e9p\u00e9e double cobra - Vente en ligne | R\u00e9plique Manga Cin\u00e9\" \/>\n<meta property=\"og:description\" content=\"Offrez-vous ! Cette Dague \u00e9p\u00e9e double cobra au meilleur prix - Tout en acier - Garde Cobra - Les deux \u00e9p\u00e9es s&#039;assemblent - Longueur totale : 100 cm\" \/>\n<meta property=\"og:url\" content=\"https:\/\/repliquemangacine.fr\/de\/fantasy-schwerter-und-dolche\/dolch-doppelspeer-kobra-dolch-dekoration-fantasy\/\" \/>\n<meta property=\"og:site_name\" content=\"R\u00e9plique Manga Cin\u00e9\" \/>\n<meta property=\"article:publisher\" content=\"https:\/\/www.facebook.com\/RepliqueMangaCine\" \/>\n<meta property=\"article:modified_time\" content=\"2026-04-02T11:12:49+00:00\" \/>\n<meta property=\"og:image\" content=\"https:\/\/repliquemangacine.fr\/wp-content\/uploads\/2023\/10\/2883-Dague-epee-double-cobra.jpg\" \/>\n\t<meta property=\"og:image:width\" content=\"800\" \/>\n\t<meta property=\"og:image:height\" content=\"800\" \/>\n\t<meta property=\"og:image:type\" content=\"image\/jpeg\" \/>\n<meta name=\"twitter:card\" content=\"summary_large_image\" \/>\n<meta name=\"twitter:label1\" content=\"Gesch\u00e4tzte Lesezeit\" \/>\n\t<meta name=\"twitter:data1\" content=\"2\u00a0Minuten\" \/>\n<script type=\"application\/ld+json\" class=\"yoast-schema-graph\">{\"@context\":\"https:\\\/\\\/schema.org\",\"@graph\":[{\"@type\":\"WebPage\",\"@id\":\"https:\\\/\\\/repliquemangacine.fr\\\/epees-et-dagues-fantasy\\\/dague-epee-double-cobra-dague-de-decoration-fantasy\\\/\",\"url\":\"https:\\\/\\\/repliquemangacine.fr\\\/epees-et-dagues-fantasy\\\/dague-epee-double-cobra-dague-de-decoration-fantasy\\\/\",\"name\":\"Dague \u00e9p\u00e9e double cobra - Vente en ligne | R\u00e9plique Manga Cin\u00e9\",\"isPartOf\":{\"@id\":\"https:\\\/\\\/repliquemangacine.fr\\\/#website\"},\"primaryImageOfPage\":{\"@id\":\"https:\\\/\\\/repliquemangacine.fr\\\/epees-et-dagues-fantasy\\\/dague-epee-double-cobra-dague-de-decoration-fantasy\\\/#primaryimage\"},\"image\":{\"@id\":\"https:\\\/\\\/repliquemangacine.fr\\\/epees-et-dagues-fantasy\\\/dague-epee-double-cobra-dague-de-decoration-fantasy\\\/#primaryimage\"},\"thumbnailUrl\":\"https:\\\/\\\/repliquemangacine.fr\\\/wp-content\\\/uploads\\\/2023\\\/10\\\/2883-Dague-epee-double-cobra.jpg\",\"datePublished\":\"2019-06-01T12:12:57+00:00\",\"dateModified\":\"2026-04-02T11:12:49+00:00\",\"description\":\"Offrez-vous ! Cette Dague \u00e9p\u00e9e double cobra au meilleur prix - Tout en acier - Garde Cobra - Les deux \u00e9p\u00e9es s'assemblent - Longueur totale : 100 cm\",\"breadcrumb\":{\"@id\":\"https:\\\/\\\/repliquemangacine.fr\\\/epees-et-dagues-fantasy\\\/dague-epee-double-cobra-dague-de-decoration-fantasy\\\/#breadcrumb\"},\"inLanguage\":\"de\",\"potentialAction\":[{\"@type\":\"ReadAction\",\"target\":[\"https:\\\/\\\/repliquemangacine.fr\\\/epees-et-dagues-fantasy\\\/dague-epee-double-cobra-dague-de-decoration-fantasy\\\/\"]}]},{\"@type\":\"ImageObject\",\"inLanguage\":\"de\",\"@id\":\"https:\\\/\\\/repliquemangacine.fr\\\/epees-et-dagues-fantasy\\\/dague-epee-double-cobra-dague-de-decoration-fantasy\\\/#primaryimage\",\"url\":\"https:\\\/\\\/repliquemangacine.fr\\\/wp-content\\\/uploads\\\/2023\\\/10\\\/2883-Dague-epee-double-cobra.jpg\",\"contentUrl\":\"https:\\\/\\\/repliquemangacine.fr\\\/wp-content\\\/uploads\\\/2023\\\/10\\\/2883-Dague-epee-double-cobra.jpg\",\"width\":800,\"height\":800,\"caption\":\"Dague \u00e9p\u00e9e double cobra\"},{\"@type\":\"BreadcrumbList\",\"@id\":\"https:\\\/\\\/repliquemangacine.fr\\\/epees-et-dagues-fantasy\\\/dague-epee-double-cobra-dague-de-decoration-fantasy\\\/#breadcrumb\",\"itemListElement\":[{\"@type\":\"ListItem\",\"position\":1,\"name\":\"Accueil\",\"item\":\"https:\\\/\\\/repliquemangacine.fr\\\/\"},{\"@type\":\"ListItem\",\"position\":2,\"name\":\"Produits\",\"item\":\"https:\\\/\\\/repliquemangacine.fr\\\/boutique\\\/\"},{\"@type\":\"ListItem\",\"position\":3,\"name\":\"Dague \u00e9p\u00e9e double cobra\"}]},{\"@type\":\"WebSite\",\"@id\":\"https:\\\/\\\/repliquemangacine.fr\\\/#website\",\"url\":\"https:\\\/\\\/repliquemangacine.fr\\\/\",\"name\":\"R\u00e9plique Manga Cin\u00e9\",\"description\":\"\",\"publisher\":{\"@id\":\"https:\\\/\\\/repliquemangacine.fr\\\/#organization\"},\"potentialAction\":[{\"@type\":\"SearchAction\",\"target\":{\"@type\":\"EntryPoint\",\"urlTemplate\":\"https:\\\/\\\/repliquemangacine.fr\\\/?s={search_term_string}\"},\"query-input\":{\"@type\":\"PropertyValueSpecification\",\"valueRequired\":true,\"valueName\":\"search_term_string\"}}],\"inLanguage\":\"de\"},{\"@type\":\"Organization\",\"@id\":\"https:\\\/\\\/repliquemangacine.fr\\\/#organization\",\"name\":\"R\u00e9plique Manga Cin\u00e9\",\"url\":\"https:\\\/\\\/repliquemangacine.fr\\\/\",\"logo\":{\"@type\":\"ImageObject\",\"inLanguage\":\"de\",\"@id\":\"https:\\\/\\\/repliquemangacine.fr\\\/#\\\/schema\\\/logo\\\/image\\\/\",\"url\":\"https:\\\/\\\/repliquemangacine.fr\\\/wp-content\\\/uploads\\\/2023\\\/10\\\/RMC-500250.png\",\"contentUrl\":\"https:\\\/\\\/repliquemangacine.fr\\\/wp-content\\\/uploads\\\/2023\\\/10\\\/RMC-500250.png\",\"width\":500,\"height\":250,\"caption\":\"R\u00e9plique Manga Cin\u00e9\"},\"image\":{\"@id\":\"https:\\\/\\\/repliquemangacine.fr\\\/#\\\/schema\\\/logo\\\/image\\\/\"},\"sameAs\":[\"https:\\\/\\\/www.facebook.com\\\/RepliqueMangaCine\",\"https:\\\/\\\/www.instagram.com\\\/repliquemangacine.fr\\\/\"]}]}<\/script>\n<!-- \/ Yoast SEO plugin. -->","yoast_head_json":{"title":"Dolch Doppelschwert Kobra - Online-Verkauf | R\u00e9plique Manga Cin\u00e9","description":"Bieten Sie sich selbst an! Dieser Dolch Doppelschwert Kobra zum besten Preis - Ganz aus Stahl - Kobra-Garde - Die beiden Schwerter lassen sich zusammenf\u00fcgen - Gesamtl\u00e4nge: 100 cm","robots":{"index":"index","follow":"follow","max-snippet":"max-snippet:-1","max-image-preview":"max-image-preview:large","max-video-preview":"max-video-preview:-1"},"canonical":"https:\/\/repliquemangacine.fr\/de\/fantasy-schwerter-und-dolche\/dolch-doppelspeer-kobra-dolch-dekoration-fantasy\/","og_locale":"de_DE","og_type":"article","og_title":"Dague \u00e9p\u00e9e double cobra - Vente en ligne | R\u00e9plique Manga Cin\u00e9","og_description":"Offrez-vous ! Cette Dague \u00e9p\u00e9e double cobra au meilleur prix - Tout en acier - Garde Cobra - Les deux \u00e9p\u00e9es s'assemblent - Longueur totale : 100 cm","og_url":"https:\/\/repliquemangacine.fr\/de\/fantasy-schwerter-und-dolche\/dolch-doppelspeer-kobra-dolch-dekoration-fantasy\/","og_site_name":"R\u00e9plique Manga Cin\u00e9","article_publisher":"https:\/\/www.facebook.com\/RepliqueMangaCine","article_modified_time":"2026-04-02T11:12:49+00:00","og_image":[{"width":800,"height":800,"url":"https:\/\/repliquemangacine.fr\/wp-content\/uploads\/2023\/10\/2883-Dague-epee-double-cobra.jpg","type":"image\/jpeg"}],"twitter_card":"summary_large_image","twitter_misc":{"Gesch\u00e4tzte Lesezeit":"2\u00a0Minuten"},"schema":{"@context":"https:\/\/schema.org","@graph":[{"@type":"WebPage","@id":"https:\/\/repliquemangacine.fr\/epees-et-dagues-fantasy\/dague-epee-double-cobra-dague-de-decoration-fantasy\/","url":"https:\/\/repliquemangacine.fr\/epees-et-dagues-fantasy\/dague-epee-double-cobra-dague-de-decoration-fantasy\/","name":"Dolch Doppelschwert Kobra - Online-Verkauf | R\u00e9plique Manga Cin\u00e9","isPartOf":{"@id":"https:\/\/repliquemangacine.fr\/#website"},"primaryImageOfPage":{"@id":"https:\/\/repliquemangacine.fr\/epees-et-dagues-fantasy\/dague-epee-double-cobra-dague-de-decoration-fantasy\/#primaryimage"},"image":{"@id":"https:\/\/repliquemangacine.fr\/epees-et-dagues-fantasy\/dague-epee-double-cobra-dague-de-decoration-fantasy\/#primaryimage"},"thumbnailUrl":"https:\/\/repliquemangacine.fr\/wp-content\/uploads\/2023\/10\/2883-Dague-epee-double-cobra.jpg","datePublished":"2019-06-01T12:12:57+00:00","dateModified":"2026-04-02T11:12:49+00:00","description":"Bieten Sie sich selbst an! Dieser Dolch Doppelschwert Kobra zum besten Preis - Ganz aus Stahl - Kobra-Garde - Die beiden Schwerter lassen sich zusammenf\u00fcgen - Gesamtl\u00e4nge: 100 cm","breadcrumb":{"@id":"https:\/\/repliquemangacine.fr\/epees-et-dagues-fantasy\/dague-epee-double-cobra-dague-de-decoration-fantasy\/#breadcrumb"},"inLanguage":"de","potentialAction":[{"@type":"ReadAction","target":["https:\/\/repliquemangacine.fr\/epees-et-dagues-fantasy\/dague-epee-double-cobra-dague-de-decoration-fantasy\/"]}]},{"@type":"ImageObject","inLanguage":"de","@id":"https:\/\/repliquemangacine.fr\/epees-et-dagues-fantasy\/dague-epee-double-cobra-dague-de-decoration-fantasy\/#primaryimage","url":"https:\/\/repliquemangacine.fr\/wp-content\/uploads\/2023\/10\/2883-Dague-epee-double-cobra.jpg","contentUrl":"https:\/\/repliquemangacine.fr\/wp-content\/uploads\/2023\/10\/2883-Dague-epee-double-cobra.jpg","width":800,"height":800,"caption":"Dague \u00e9p\u00e9e double cobra"},{"@type":"BreadcrumbList","@id":"https:\/\/repliquemangacine.fr\/epees-et-dagues-fantasy\/dague-epee-double-cobra-dague-de-decoration-fantasy\/#breadcrumb","itemListElement":[{"@type":"ListItem","position":1,"name":"Accueil","item":"https:\/\/repliquemangacine.fr\/"},{"@type":"ListItem","position":2,"name":"Produits","item":"https:\/\/repliquemangacine.fr\/boutique\/"},{"@type":"ListItem","position":3,"name":"Dague \u00e9p\u00e9e double cobra"}]},{"@type":"WebSite","@id":"https:\/\/repliquemangacine.fr\/#website","url":"https:\/\/repliquemangacine.fr\/","name":"R\u00e9plique Manga Cin\u00e9","description":"","publisher":{"@id":"https:\/\/repliquemangacine.fr\/#organization"},"potentialAction":[{"@type":"SearchAction","target":{"@type":"EntryPoint","urlTemplate":"https:\/\/repliquemangacine.fr\/?s={search_term_string}"},"query-input":{"@type":"PropertyValueSpecification","valueRequired":true,"valueName":"search_term_string"}}],"inLanguage":"de"},{"@type":"Organization","@id":"https:\/\/repliquemangacine.fr\/#organization","name":"R\u00e9plique Manga Cin\u00e9","url":"https:\/\/repliquemangacine.fr\/","logo":{"@type":"ImageObject","inLanguage":"de","@id":"https:\/\/repliquemangacine.fr\/#\/schema\/logo\/image\/","url":"https:\/\/repliquemangacine.fr\/wp-content\/uploads\/2023\/10\/RMC-500250.png","contentUrl":"https:\/\/repliquemangacine.fr\/wp-content\/uploads\/2023\/10\/RMC-500250.png","width":500,"height":250,"caption":"R\u00e9plique Manga Cin\u00e9"},"image":{"@id":"https:\/\/repliquemangacine.fr\/#\/schema\/logo\/image\/"},"sameAs":["https:\/\/www.facebook.com\/RepliqueMangaCine","https:\/\/www.instagram.com\/repliquemangacine.fr\/"]}]}},"_links":{"self":[{"href":"https:\/\/repliquemangacine.fr\/de\/wp-json\/wp\/v2\/product\/28171","targetHints":{"allow":["GET"]}}],"collection":[{"href":"https:\/\/repliquemangacine.fr\/de\/wp-json\/wp\/v2\/product"}],"about":[{"href":"https:\/\/repliquemangacine.fr\/de\/wp-json\/wp\/v2\/types\/product"}],"wp:featuredmedia":[{"embeddable":true,"href":"https:\/\/repliquemangacine.fr\/de\/wp-json\/wp\/v2\/media\/28172"}],"wp:attachment":[{"href":"https:\/\/repliquemangacine.fr\/de\/wp-json\/wp\/v2\/media?parent=28171"}],"wp:term":[{"taxonomy":"product_brand","embeddable":true,"href":"https:\/\/repliquemangacine.fr\/de\/wp-json\/wp\/v2\/product_brand?post=28171"},{"taxonomy":"product_cat","embeddable":true,"href":"https:\/\/repliquemangacine.fr\/de\/wp-json\/wp\/v2\/product_cat?post=28171"},{"taxonomy":"product_tag","embeddable":true,"href":"https:\/\/repliquemangacine.fr\/de\/wp-json\/wp\/v2\/product_tag?post=28171"}],"curies":[{"name":"wp","href":"https:\/\/api.w.org\/{rel}","templated":true}]}}