





{"id":28134,"date":"2019-04-26T14:20:01","date_gmt":"2019-04-26T12:20:01","guid":{"rendered":"https:\/\/repliquemangacine.fr\/?post_type=product&#038;p=28134"},"modified":"2025-09-23T18:02:03","modified_gmt":"2025-09-23T16:02:03","slug":"norbertstab-dragonneau-metallkern","status":"publish","type":"product","link":"https:\/\/repliquemangacine.fr\/de\/les-animaux-fantastiques\/baguette-norbert-dragonneau-noyau-metal\/","title":{"rendered":"Zauberstab Newt Scamander"},"content":{"rendered":"<h2>Zauberstab Norbert Dragonneau - Phantastische Tierwesen.<\/h2>\n<p>Zu Beginn wird die <strong>Zauberstab Norbert Dragonneau<\/strong>, besteht aus Harz mit einem zentralen Metallkern.<\/p>\n<p>Norbert Dragonneau ist ein exzentrischer Zauberer und ber\u00fchmter Magizoologe, Autor des Buches \u201eLeben und Lebensraum fantastischer Tiere\u201c. Er ist die Hauptfigur der Filmreihe \u201ePhantastische Tierwesen\u201c. Als ehemaliger Sch\u00fcler von Hogwarts profitierte er insbesondere vom Unterricht von Albus Dumbledore.<\/p>\n<p>Er besitzt einen Lederkoffer, der normal aussieht, obwohl er alt und in sehr schlechtem Zustand ist. <a href=\"https:\/\/harrypotter.fandom.com\/fr\/wiki\/Valise_de_Norbert_Dragonneau\" target=\"_blank\" rel=\"noopener noreferrer\">Muggel<\/a>. Die magische Version des Koffers ist jedoch ganz anders: Durch Zauberei wurde das Innere des Koffers immens vergr\u00f6\u00dfert und steht im krassen Gegensatz zur muggelst\u00e4mmigen Version. Beim Betreten des Koffers gelangt jeder Besucher in eine hohe H\u00fctte, in der Norbert Dragonneau zahlreiche Pflanzen, Tr\u00e4nke, Nahrungsmittel und verschiedene Dokumente \u00fcber magische Tiere aufbewahrt.<\/p>\n<h2>Ihr Norbert Dragonneau Zauberstab zum besten Preis.<\/h2>\n<p>Wir bieten Ihnen eine gro\u00dfe Auswahl an Zauberst\u00e4ben f\u00fcr die Fantastischen Tierwesen.<\/p>\n<p>Zun\u00e4chst einmal,<\/p>\n<ul>\n<li>Die <a href=\"https:\/\/repliquemangacine.fr\/de\/phantastische-tierwesen\/baguette-dumbledore-animaux-fantastique-3\/\">Zauberstab von Albus Dumbledore<\/a> in Phantastische Tierwesen.<\/li>\n<li>Aber auch der von Gellert Grindelwald, es ist \u00fcbrigens sp\u00e4ter in Harry Potter der Zauberstab von Dumbledore.<\/li>\n<li>Und viele andere, die es in unserem Online-Shop zu entdecken gibt!<\/li>\n<\/ul>\n<p>Deshalb hier eine tolle Geschenkidee f\u00fcr alle Harry-Potter-Fans<\/p>\n<p>Abschlie\u00dfend k\u00f6nnen Sie auch diesen <strong>Zauberstab Norbert Dragonneau<\/strong> f\u00fcr Ihre Cosplays oder Themenabende. Vor allem aber ist es ein Sammler- und Dekorationsst\u00fcck.<\/p>\n<p>R\u00e9plique Manga Cin\u00e9 ist ein franz\u00f6sisches Familienunternehmen.<\/p>\n<h2>Wie werden die Zauberst\u00e4be von Hexen und Zauberern hergestellt?<\/h2>\n<p>Ein Zauberstab ist ein Gegenstand, der aus zwei variablen Elementen besteht: dem Holz, das normalerweise von einem Baum stammt, und dem sogenannten Kern des Zauberstabs, der von verschiedenen magischen Kreaturen oder Pflanzen stammen kann. Er ist ein Werkzeug, das von Zauberern und Hexen verwendet wird, um ihre Zauberspr\u00fcche zu sch\u00e4rfen und bessere Ergebnisse bei der Anwendung von Magie zu erzielen.<\/p>\n<p>Unsere St\u00e4bchen werden aus gegossenem Harz hergestellt, im Herzen des St\u00e4bchens befindet sich ein Metallstab, der Ihrem <strong>Zauberstab Norbert Dragonneau<\/strong> eine bemerkenswerte Widerstandsf\u00e4higkeit.<\/p>\n<p>Es sei darauf hingewiesen, dass die meisten Zauberer ihren Zauberstab im Alter von elf Jahren kaufen, bevor sie mit ihrer magischen Ausbildung beginnen. Junge Zauberer k\u00f6nnen ihren Zauberstab selbst bei einem Verk\u00e4ufer kaufen gehen, wobei britische Sch\u00fcler traditionell zu Ollivander gehen.<\/p>","protected":false},"excerpt":{"rendered":"<p>Zauberstab von Norbert Dragonneau, inspiriert vom Film \"Phantastische Tierwesen\".<\/p>\n<ul>\n<li>Stab aus Kunstharz.<\/li>\n<li>Metallkern.<\/li>\n<li>Sie ist 36,5 cm gro\u00df und wiegt 74 Gramm.<\/li>\n<li>Ollivander-Sammelbox Innenausstattung aus Samt.<\/li>\n<li>Personenkarte.<\/li>\n<\/ul>\n<p>&nbsp;<\/p>","protected":false},"featured_media":28135,"template":"","meta":[],"product_brand":[896],"product_cat":[24,104],"product_tag":[],"class_list":{"0":"post-28134","1":"product","2":"type-product","3":"status-publish","4":"has-post-thumbnail","6":"product_brand-replique-manga-cine","7":"product_cat-films-series-tv-vente-de-katana-epee-et-produits-derives","8":"product_cat-les-animaux-fantastiques","10":"first","11":"instock","12":"taxable","13":"shipping-taxable","14":"purchasable","15":"product-type-simple"},"yoast_head":"<!-- This site is optimized with the Yoast SEO plugin v27.5 - https:\/\/yoast.com\/product\/yoast-seo-wordpress\/ -->\n<title>Baguette Norbert Dragonneau - Les Animaux Fantastiques | RMC<\/title>\n<meta name=\"description\" content=\"D\u00e9couvrez cette Baguette magique Norbert Dragonneau dans les Animaux Fantastiques au meilleur prix - En r\u00e9sine - Noyau m\u00e9tal - Longueur : 36.5 cm\" \/>\n<meta name=\"robots\" content=\"index, follow, max-snippet:-1, max-image-preview:large, max-video-preview:-1\" \/>\n<link rel=\"canonical\" href=\"https:\/\/repliquemangacine.fr\/de\/phantastische-tierwesen\/norbertstab-dragonneau-metallkern\/\" \/>\n<meta property=\"og:locale\" content=\"de_DE\" \/>\n<meta property=\"og:type\" content=\"article\" \/>\n<meta property=\"og:title\" content=\"Baguette Norbert Dragonneau - Les Animaux Fantastiques | RMC\" \/>\n<meta property=\"og:description\" content=\"D\u00e9couvrez cette Baguette magique Norbert Dragonneau dans les Animaux Fantastiques au meilleur prix - En r\u00e9sine - Noyau m\u00e9tal - Longueur : 36.5 cm\" \/>\n<meta property=\"og:url\" content=\"https:\/\/repliquemangacine.fr\/de\/phantastische-tierwesen\/norbertstab-dragonneau-metallkern\/\" \/>\n<meta property=\"og:site_name\" content=\"R\u00e9plique Manga Cin\u00e9\" \/>\n<meta property=\"article:publisher\" content=\"https:\/\/www.facebook.com\/RepliqueMangaCine\" \/>\n<meta property=\"article:modified_time\" content=\"2025-09-23T16:02:03+00:00\" \/>\n<meta property=\"og:image\" content=\"https:\/\/repliquemangacine.fr\/wp-content\/uploads\/2023\/10\/baguette-dragonneau-1.jpg\" \/>\n\t<meta property=\"og:image:width\" content=\"600\" \/>\n\t<meta property=\"og:image:height\" content=\"600\" \/>\n\t<meta property=\"og:image:type\" content=\"image\/jpeg\" \/>\n<meta name=\"twitter:card\" content=\"summary_large_image\" \/>\n<meta name=\"twitter:label1\" content=\"Gesch\u00e4tzte Lesezeit\" \/>\n\t<meta name=\"twitter:data1\" content=\"2\u00a0Minuten\" \/>\n<script type=\"application\/ld+json\" class=\"yoast-schema-graph\">{\"@context\":\"https:\\\/\\\/schema.org\",\"@graph\":[{\"@type\":\"WebPage\",\"@id\":\"https:\\\/\\\/repliquemangacine.fr\\\/les-animaux-fantastiques\\\/baguette-norbert-dragonneau-noyau-metal\\\/\",\"url\":\"https:\\\/\\\/repliquemangacine.fr\\\/les-animaux-fantastiques\\\/baguette-norbert-dragonneau-noyau-metal\\\/\",\"name\":\"Baguette Norbert Dragonneau - Les Animaux Fantastiques | RMC\",\"isPartOf\":{\"@id\":\"https:\\\/\\\/repliquemangacine.fr\\\/#website\"},\"primaryImageOfPage\":{\"@id\":\"https:\\\/\\\/repliquemangacine.fr\\\/les-animaux-fantastiques\\\/baguette-norbert-dragonneau-noyau-metal\\\/#primaryimage\"},\"image\":{\"@id\":\"https:\\\/\\\/repliquemangacine.fr\\\/les-animaux-fantastiques\\\/baguette-norbert-dragonneau-noyau-metal\\\/#primaryimage\"},\"thumbnailUrl\":\"https:\\\/\\\/repliquemangacine.fr\\\/wp-content\\\/uploads\\\/2023\\\/10\\\/baguette-dragonneau-1.jpg\",\"datePublished\":\"2019-04-26T12:20:01+00:00\",\"dateModified\":\"2025-09-23T16:02:03+00:00\",\"description\":\"D\u00e9couvrez cette Baguette magique Norbert Dragonneau dans les Animaux Fantastiques au meilleur prix - En r\u00e9sine - Noyau m\u00e9tal - Longueur : 36.5 cm\",\"breadcrumb\":{\"@id\":\"https:\\\/\\\/repliquemangacine.fr\\\/les-animaux-fantastiques\\\/baguette-norbert-dragonneau-noyau-metal\\\/#breadcrumb\"},\"inLanguage\":\"de\",\"potentialAction\":[{\"@type\":\"ReadAction\",\"target\":[\"https:\\\/\\\/repliquemangacine.fr\\\/les-animaux-fantastiques\\\/baguette-norbert-dragonneau-noyau-metal\\\/\"]}]},{\"@type\":\"ImageObject\",\"inLanguage\":\"de\",\"@id\":\"https:\\\/\\\/repliquemangacine.fr\\\/les-animaux-fantastiques\\\/baguette-norbert-dragonneau-noyau-metal\\\/#primaryimage\",\"url\":\"https:\\\/\\\/repliquemangacine.fr\\\/wp-content\\\/uploads\\\/2023\\\/10\\\/baguette-dragonneau-1.jpg\",\"contentUrl\":\"https:\\\/\\\/repliquemangacine.fr\\\/wp-content\\\/uploads\\\/2023\\\/10\\\/baguette-dragonneau-1.jpg\",\"width\":600,\"height\":600,\"caption\":\"baguette magique les animaux fantastique dragonneau\"},{\"@type\":\"BreadcrumbList\",\"@id\":\"https:\\\/\\\/repliquemangacine.fr\\\/les-animaux-fantastiques\\\/baguette-norbert-dragonneau-noyau-metal\\\/#breadcrumb\",\"itemListElement\":[{\"@type\":\"ListItem\",\"position\":1,\"name\":\"Accueil\",\"item\":\"https:\\\/\\\/repliquemangacine.fr\\\/\"},{\"@type\":\"ListItem\",\"position\":2,\"name\":\"Produits\",\"item\":\"https:\\\/\\\/repliquemangacine.fr\\\/boutique\\\/\"},{\"@type\":\"ListItem\",\"position\":3,\"name\":\"Baguette Newt Scamander\"}]},{\"@type\":\"WebSite\",\"@id\":\"https:\\\/\\\/repliquemangacine.fr\\\/#website\",\"url\":\"https:\\\/\\\/repliquemangacine.fr\\\/\",\"name\":\"R\u00e9plique Manga Cin\u00e9\",\"description\":\"\",\"publisher\":{\"@id\":\"https:\\\/\\\/repliquemangacine.fr\\\/#organization\"},\"potentialAction\":[{\"@type\":\"SearchAction\",\"target\":{\"@type\":\"EntryPoint\",\"urlTemplate\":\"https:\\\/\\\/repliquemangacine.fr\\\/?s={search_term_string}\"},\"query-input\":{\"@type\":\"PropertyValueSpecification\",\"valueRequired\":true,\"valueName\":\"search_term_string\"}}],\"inLanguage\":\"de\"},{\"@type\":\"Organization\",\"@id\":\"https:\\\/\\\/repliquemangacine.fr\\\/#organization\",\"name\":\"R\u00e9plique Manga Cin\u00e9\",\"url\":\"https:\\\/\\\/repliquemangacine.fr\\\/\",\"logo\":{\"@type\":\"ImageObject\",\"inLanguage\":\"de\",\"@id\":\"https:\\\/\\\/repliquemangacine.fr\\\/#\\\/schema\\\/logo\\\/image\\\/\",\"url\":\"https:\\\/\\\/repliquemangacine.fr\\\/wp-content\\\/uploads\\\/2023\\\/10\\\/RMC-500250.png\",\"contentUrl\":\"https:\\\/\\\/repliquemangacine.fr\\\/wp-content\\\/uploads\\\/2023\\\/10\\\/RMC-500250.png\",\"width\":500,\"height\":250,\"caption\":\"R\u00e9plique Manga Cin\u00e9\"},\"image\":{\"@id\":\"https:\\\/\\\/repliquemangacine.fr\\\/#\\\/schema\\\/logo\\\/image\\\/\"},\"sameAs\":[\"https:\\\/\\\/www.facebook.com\\\/RepliqueMangaCine\",\"https:\\\/\\\/www.instagram.com\\\/repliquemangacine.fr\\\/\"]}]}<\/script>\n<!-- \/ Yoast SEO plugin. -->","yoast_head_json":{"title":"Zauberstab Norbert Dragonneau - Phantastische Tierwesen | RMC","description":"Entdecken Sie diesen Zauberstab Norbert Dragonneau aus Phantastische Tierwesen zum Bestpreis - Aus Kunstharz - Metallkern - L\u00e4nge: 36.5 cm","robots":{"index":"index","follow":"follow","max-snippet":"max-snippet:-1","max-image-preview":"max-image-preview:large","max-video-preview":"max-video-preview:-1"},"canonical":"https:\/\/repliquemangacine.fr\/de\/phantastische-tierwesen\/norbertstab-dragonneau-metallkern\/","og_locale":"de_DE","og_type":"article","og_title":"Baguette Norbert Dragonneau - Les Animaux Fantastiques | RMC","og_description":"D\u00e9couvrez cette Baguette magique Norbert Dragonneau dans les Animaux Fantastiques au meilleur prix - En r\u00e9sine - Noyau m\u00e9tal - Longueur : 36.5 cm","og_url":"https:\/\/repliquemangacine.fr\/de\/phantastische-tierwesen\/norbertstab-dragonneau-metallkern\/","og_site_name":"R\u00e9plique Manga Cin\u00e9","article_publisher":"https:\/\/www.facebook.com\/RepliqueMangaCine","article_modified_time":"2025-09-23T16:02:03+00:00","og_image":[{"width":600,"height":600,"url":"https:\/\/repliquemangacine.fr\/wp-content\/uploads\/2023\/10\/baguette-dragonneau-1.jpg","type":"image\/jpeg"}],"twitter_card":"summary_large_image","twitter_misc":{"Gesch\u00e4tzte Lesezeit":"2\u00a0Minuten"},"schema":{"@context":"https:\/\/schema.org","@graph":[{"@type":"WebPage","@id":"https:\/\/repliquemangacine.fr\/les-animaux-fantastiques\/baguette-norbert-dragonneau-noyau-metal\/","url":"https:\/\/repliquemangacine.fr\/les-animaux-fantastiques\/baguette-norbert-dragonneau-noyau-metal\/","name":"Zauberstab Norbert Dragonneau - Phantastische Tierwesen | RMC","isPartOf":{"@id":"https:\/\/repliquemangacine.fr\/#website"},"primaryImageOfPage":{"@id":"https:\/\/repliquemangacine.fr\/les-animaux-fantastiques\/baguette-norbert-dragonneau-noyau-metal\/#primaryimage"},"image":{"@id":"https:\/\/repliquemangacine.fr\/les-animaux-fantastiques\/baguette-norbert-dragonneau-noyau-metal\/#primaryimage"},"thumbnailUrl":"https:\/\/repliquemangacine.fr\/wp-content\/uploads\/2023\/10\/baguette-dragonneau-1.jpg","datePublished":"2019-04-26T12:20:01+00:00","dateModified":"2025-09-23T16:02:03+00:00","description":"Entdecken Sie diesen Zauberstab Norbert Dragonneau aus Phantastische Tierwesen zum Bestpreis - Aus Kunstharz - Metallkern - L\u00e4nge: 36.5 cm","breadcrumb":{"@id":"https:\/\/repliquemangacine.fr\/les-animaux-fantastiques\/baguette-norbert-dragonneau-noyau-metal\/#breadcrumb"},"inLanguage":"de","potentialAction":[{"@type":"ReadAction","target":["https:\/\/repliquemangacine.fr\/les-animaux-fantastiques\/baguette-norbert-dragonneau-noyau-metal\/"]}]},{"@type":"ImageObject","inLanguage":"de","@id":"https:\/\/repliquemangacine.fr\/les-animaux-fantastiques\/baguette-norbert-dragonneau-noyau-metal\/#primaryimage","url":"https:\/\/repliquemangacine.fr\/wp-content\/uploads\/2023\/10\/baguette-dragonneau-1.jpg","contentUrl":"https:\/\/repliquemangacine.fr\/wp-content\/uploads\/2023\/10\/baguette-dragonneau-1.jpg","width":600,"height":600,"caption":"baguette magique les animaux fantastique dragonneau"},{"@type":"BreadcrumbList","@id":"https:\/\/repliquemangacine.fr\/les-animaux-fantastiques\/baguette-norbert-dragonneau-noyau-metal\/#breadcrumb","itemListElement":[{"@type":"ListItem","position":1,"name":"Accueil","item":"https:\/\/repliquemangacine.fr\/"},{"@type":"ListItem","position":2,"name":"Produits","item":"https:\/\/repliquemangacine.fr\/boutique\/"},{"@type":"ListItem","position":3,"name":"Baguette Newt Scamander"}]},{"@type":"WebSite","@id":"https:\/\/repliquemangacine.fr\/#website","url":"https:\/\/repliquemangacine.fr\/","name":"R\u00e9plique Manga Cin\u00e9","description":"","publisher":{"@id":"https:\/\/repliquemangacine.fr\/#organization"},"potentialAction":[{"@type":"SearchAction","target":{"@type":"EntryPoint","urlTemplate":"https:\/\/repliquemangacine.fr\/?s={search_term_string}"},"query-input":{"@type":"PropertyValueSpecification","valueRequired":true,"valueName":"search_term_string"}}],"inLanguage":"de"},{"@type":"Organization","@id":"https:\/\/repliquemangacine.fr\/#organization","name":"R\u00e9plique Manga Cin\u00e9","url":"https:\/\/repliquemangacine.fr\/","logo":{"@type":"ImageObject","inLanguage":"de","@id":"https:\/\/repliquemangacine.fr\/#\/schema\/logo\/image\/","url":"https:\/\/repliquemangacine.fr\/wp-content\/uploads\/2023\/10\/RMC-500250.png","contentUrl":"https:\/\/repliquemangacine.fr\/wp-content\/uploads\/2023\/10\/RMC-500250.png","width":500,"height":250,"caption":"R\u00e9plique Manga Cin\u00e9"},"image":{"@id":"https:\/\/repliquemangacine.fr\/#\/schema\/logo\/image\/"},"sameAs":["https:\/\/www.facebook.com\/RepliqueMangaCine","https:\/\/www.instagram.com\/repliquemangacine.fr\/"]}]}},"_links":{"self":[{"href":"https:\/\/repliquemangacine.fr\/de\/wp-json\/wp\/v2\/product\/28134","targetHints":{"allow":["GET"]}}],"collection":[{"href":"https:\/\/repliquemangacine.fr\/de\/wp-json\/wp\/v2\/product"}],"about":[{"href":"https:\/\/repliquemangacine.fr\/de\/wp-json\/wp\/v2\/types\/product"}],"wp:featuredmedia":[{"embeddable":true,"href":"https:\/\/repliquemangacine.fr\/de\/wp-json\/wp\/v2\/media\/28135"}],"wp:attachment":[{"href":"https:\/\/repliquemangacine.fr\/de\/wp-json\/wp\/v2\/media?parent=28134"}],"wp:term":[{"taxonomy":"product_brand","embeddable":true,"href":"https:\/\/repliquemangacine.fr\/de\/wp-json\/wp\/v2\/product_brand?post=28134"},{"taxonomy":"product_cat","embeddable":true,"href":"https:\/\/repliquemangacine.fr\/de\/wp-json\/wp\/v2\/product_cat?post=28134"},{"taxonomy":"product_tag","embeddable":true,"href":"https:\/\/repliquemangacine.fr\/de\/wp-json\/wp\/v2\/product_tag?post=28134"}],"curies":[{"name":"wp","href":"https:\/\/api.w.org\/{rel}","templated":true}]}}